{"id":6511,"date":"2026-05-11T15:15:27","date_gmt":"2026-05-11T15:15:27","guid":{"rendered":"https:\/\/ecosupplements.ch\/?product=osavi-omega-3-vegan-250-mg-dha-60-vcaps"},"modified":"2026-05-13T07:28:27","modified_gmt":"2026-05-13T07:28:27","slug":"osavi-omega-3-vegan-250-mg-dha-60-vcaps","status":"publish","type":"product","link":"https:\/\/ecosupplements.ch\/?product=osavi-omega-3-vegan-250-mg-dha-60-vcaps","title":{"rendered":"OSAVI Omega-3 VEGAN 250 mg DHA (60 vcaps)"},"content":{"rendered":"<div class=\"chcg-product-description\">\n<h2 class=\"chcg-heading\">\u00dcber OSAVI \u2013 Omega-3 VEGAN 250 mg DHA (60 Vcaps)<\/h2>\n<div class=\"chcg-intro\">\n<p>OSAVI Omega-3 VEGAN 250 mg DHA liefert hochwertiges DHA (Docosahexaens\u00e4ure) aus nachhaltig gewonnenem Mikroalgen\u00f6l der Art <em>Schizochytrium sp.<\/em> \u2013 ganz ohne tierische Zutaten. DHA tr\u00e4gt zur Erhaltung der normalen Gehirnfunktion sowie der normalen Sehkraft bei. Die vegane Softgel-Kapsel ist gelatinefrei und besteht aus Tapiokast\u00e4rke, was sie ideal f\u00fcr eine pflanzliche Ern\u00e4hrungsweise macht.<\/p>\n<p>Jede Kapsel enth\u00e4lt 454 mg Algen\u00f6l, davon mindestens 250 mg DHA \u2013 genau die Menge, bei der die positive Wirkung gem\u00e4ss EFSA-Bewertung erzielt wird. Im Gegensatz zu herk\u00f6mmlichem Fisch\u00f6l ist dieses Produkt frei von Fischgeruch und -geschmack und somit eine angenehme Alternative f\u00fcr alle, die auf tierische Produkte verzichten m\u00f6chten oder m\u00fcssen.<\/p>\n<p>Das Produkt ist frei von Gluten, Laktose, Soja und GVO. Mit nur einer Kapsel t\u00e4glich l\u00e4sst sich die DHA-Versorgung einfach und zuverl\u00e4ssig in den Alltag integrieren.<\/p>\n<\/p><\/div>\n<div class=\"chcg-nutrition\">\n<h3>N\u00e4hrwertangaben<\/h3>\n<table class=\"chcg-nutrition-table\">\n<thead>\n<tr>\n<th>N\u00e4hrstoff<\/th>\n<th>Pro Portion (1 Kapsel)<\/th>\n<\/tr>\n<\/thead>\n<tbody>\n<tr>\n<td>Algen\u00f6l<\/td>\n<td>454 mg<\/td>\n<\/tr>\n<tr>\n<td>\u2013 davon DHA (Docosahexaens\u00e4ure)<\/td>\n<td>min. 250 mg<\/td>\n<\/tr>\n<tr>\n<td>Energie<\/td>\n<td>ca. 21 kJ \/ ca. 5 kcal (aus Fett)<\/td>\n<\/tr>\n<\/tbody>\n<\/table><\/div>\n<div class=\"chcg-ingredients\">\n<h3>Zutaten<\/h3>\n<p>\u00d6l aus Mikroalgen <em>Schizochytrium sp.<\/em>, H\u00fclle (Tapiokast\u00e4rke, Feuchthaltemittel: Glycerol, Wasser), Antioxidationsmittel: D-alpha-Tocopherol.<\/p>\n<p class=\"chcg-capsule-shell\">Kapselh\u00fclle: Tapiokast\u00e4rke, Feuchthaltemittel: Glycerol, Wasser (vegane Softgel-Kapsel, gelatinefrei).<\/p>\n<\/p><\/div>\n<div class=\"chcg-dosage\">\n<h3>Verzehrempfehlung<\/h3>\n<p>T\u00e4glich 1 Kapsel unzerkaut mit einem Glas Wasser schlucken, vorzugsweise zu einer Mahlzeit. Jede Kapsel enth\u00e4lt 454 mg Algen\u00f6l, davon mindestens 250 mg DHA.<\/p>\n<\/p><\/div>\n<div class=\"chcg-warnings\">\n<h3>Warnhinweise<\/h3>\n<p>Die empfohlene Tagesdosis nicht \u00fcberschreiten. Nahrungserg\u00e4nzungsmittel sollten nicht als Ersatz f\u00fcr eine ausgewogene und abwechslungsreiche Ern\u00e4hrung verwendet werden. Eine abwechslungsreiche Ern\u00e4hrung und ein gesunder Lebensstil sollten beibehalten werden, um zur Erhaltung der normalen Gesundheit beizutragen. Die positive Wirkung wird bei einer t\u00e4glichen Aufnahme von 250 mg DHA erzielt. Vor der Einnahme w\u00e4hrend der Schwangerschaft oder Stillzeit einen Arzt konsultieren. Ausserhalb der Reichweite von Kleinkindern aufbewahren.<\/p>\n<\/p><\/div>\n<div class=\"chcg-allergens\">\n<h3>Allergeninformationen<\/h3>\n<p>Keine Allergene deklariert. Frei von Gluten, Laktose, Soja und GVO.<\/p>\n<\/p><\/div>\n<div class=\"chcg-storage\">\n<h3>Lagerung<\/h3>\n<p>An einem dunklen und trockenen Ort bei Raumtemperatur lagern. Ausserhalb der Reichweite von Kleinkindern aufbewahren.<\/p>\n<\/p><\/div>\n<div class=\"chcg-dietary\">\n<h3>Ern\u00e4hrungshinweise<\/h3>\n<ul>\n<li>Vegan<\/li>\n<li>Vegetarisch<\/li>\n<li>Glutenfrei<\/li>\n<li>Laktosefrei<\/li>\n<\/ul><\/div>\n<\/div>\n","protected":false},"excerpt":{"rendered":"<p>OSAVI Omega-3 VEGAN 250 mg DHA liefert pflanzliches DHA aus Mikroalgen\u00f6l in gelatinefreien Softgel-Kapseln \u2013 ohne Fisch\u00f6l, vegan und GMO-frei. 60 Kapseln f\u00fcr 60 Tage.<\/p>\n","protected":false},"featured_media":6512,"comment_status":"closed","ping_status":"open","template":"","meta":[],"product_brand":[219],"product_cat":[25,33,44,21],"product_tag":[],"class_list":{"0":"post-6511","1":"product","2":"type-product","3":"status-publish","4":"has-post-thumbnail","6":"product_brand-osavi","7":"product_cat-gesundheit-und-wohlbefinden","8":"product_cat-omega-fettsaeuren-essentielle-fettsaeuren-konjugierte-linolsaeure-oele","9":"product_cat-pflanzliche-nahrungsergaenzungsmittel","10":"product_cat-vitamine-und-mineralstoffe","12":"first","13":"outofstock","14":"taxable","15":"shipping-taxable","16":"purchasable","17":"product-type-simple"},"yoast_head":"<!-- This site is optimized with the Yoast SEO plugin v27.5 - https:\/\/yoast.com\/product\/yoast-seo-wordpress\/ -->\n<title>OSAVI Omega-3 VEGAN 250 mg DHA \u2013 60 Vcaps | ecosupplements.ch<\/title>\n<meta name=\"description\" content=\"Veganes DHA aus Mikroalgen\u00f6l \u2013 250 mg pro Kapsel, gelatinefrei, glutenfrei, 60 Softgel-Kapseln. Jetzt bestellen.\" \/>\n<meta name=\"robots\" content=\"index, follow, max-snippet:-1, max-image-preview:large, max-video-preview:-1\" \/>\n<link rel=\"canonical\" href=\"https:\/\/ecosupplements.ch\/?product=osavi-omega-3-vegan-250-mg-dha-60-vcaps\" \/>\n<meta property=\"og:locale\" content=\"de_DE\" \/>\n<meta property=\"og:type\" content=\"article\" \/>\n<meta property=\"og:title\" content=\"OSAVI Omega-3 VEGAN 250 mg DHA \u2013 60 Vcaps | ecosupplements.ch\" \/>\n<meta property=\"og:description\" content=\"Veganes DHA aus Mikroalgen\u00f6l \u2013 250 mg pro Kapsel, gelatinefrei, glutenfrei, 60 Softgel-Kapseln. Jetzt bestellen.\" \/>\n<meta property=\"og:url\" content=\"https:\/\/ecosupplements.ch\/?product=osavi-omega-3-vegan-250-mg-dha-60-vcaps\" \/>\n<meta property=\"og:site_name\" content=\"Eco Supplements\" \/>\n<meta property=\"article:modified_time\" content=\"2026-05-13T07:28:27+00:00\" \/>\n<meta property=\"og:image\" content=\"https:\/\/ecosupplements.ch\/wp-content\/uploads\/2026\/05\/OSAVI-Omega-3-VEGAN-250-mg-DHA-60-vcaps.jpg\" \/>\n\t<meta property=\"og:image:width\" content=\"650\" \/>\n\t<meta property=\"og:image:height\" content=\"650\" \/>\n\t<meta property=\"og:image:type\" content=\"image\/jpeg\" \/>\n<meta name=\"twitter:card\" content=\"summary_large_image\" \/>\n<meta name=\"twitter:label1\" content=\"Price\" \/>\n\t<meta name=\"twitter:data1\" content=\"&#067;&#072;&#070;&nbsp;11.38\" \/>\n\t<meta name=\"twitter:label2\" content=\"Availability\" \/>\n\t<meta name=\"twitter:data2\" content=\"Out of stock\" \/>\n<script type=\"application\/ld+json\" class=\"yoast-schema-graph\">{\"@context\":\"https:\\\/\\\/schema.org\",\"@graph\":[{\"@type\":\"WebPage\",\"@id\":\"https:\\\/\\\/ecosupplements.ch\\\/?product=osavi-omega-3-vegan-250-mg-dha-60-vcaps\",\"url\":\"https:\\\/\\\/ecosupplements.ch\\\/?product=osavi-omega-3-vegan-250-mg-dha-60-vcaps\",\"name\":\"OSAVI Omega-3 VEGAN 250 mg DHA \u2013 60 Vcaps | ecosupplements.ch\",\"isPartOf\":{\"@id\":\"https:\\\/\\\/ecosupplements.ch\\\/#website\"},\"primaryImageOfPage\":{\"@id\":\"https:\\\/\\\/ecosupplements.ch\\\/?product=osavi-omega-3-vegan-250-mg-dha-60-vcaps#primaryimage\"},\"image\":{\"@id\":\"https:\\\/\\\/ecosupplements.ch\\\/?product=osavi-omega-3-vegan-250-mg-dha-60-vcaps#primaryimage\"},\"thumbnailUrl\":\"https:\\\/\\\/ecosupplements.ch\\\/wp-content\\\/uploads\\\/2026\\\/05\\\/OSAVI-Omega-3-VEGAN-250-mg-DHA-60-vcaps.jpg\",\"datePublished\":\"2026-05-11T15:15:27+00:00\",\"dateModified\":\"2026-05-13T07:28:27+00:00\",\"description\":\"Veganes DHA aus Mikroalgen\u00f6l \u2013 250 mg pro Kapsel, gelatinefrei, glutenfrei, 60 Softgel-Kapseln. Jetzt bestellen.\",\"breadcrumb\":{\"@id\":\"https:\\\/\\\/ecosupplements.ch\\\/?product=osavi-omega-3-vegan-250-mg-dha-60-vcaps#breadcrumb\"},\"inLanguage\":\"de-CH\",\"potentialAction\":[{\"@type\":\"ReadAction\",\"target\":[\"https:\\\/\\\/ecosupplements.ch\\\/?product=osavi-omega-3-vegan-250-mg-dha-60-vcaps\"]}]},{\"@type\":\"ImageObject\",\"inLanguage\":\"de-CH\",\"@id\":\"https:\\\/\\\/ecosupplements.ch\\\/?product=osavi-omega-3-vegan-250-mg-dha-60-vcaps#primaryimage\",\"url\":\"https:\\\/\\\/ecosupplements.ch\\\/wp-content\\\/uploads\\\/2026\\\/05\\\/OSAVI-Omega-3-VEGAN-250-mg-DHA-60-vcaps.jpg\",\"contentUrl\":\"https:\\\/\\\/ecosupplements.ch\\\/wp-content\\\/uploads\\\/2026\\\/05\\\/OSAVI-Omega-3-VEGAN-250-mg-DHA-60-vcaps.jpg\",\"width\":650,\"height\":650,\"caption\":\"OSAVI Omega-3 VEGAN 250 mg DHA (60 vcaps)\"},{\"@type\":\"BreadcrumbList\",\"@id\":\"https:\\\/\\\/ecosupplements.ch\\\/?product=osavi-omega-3-vegan-250-mg-dha-60-vcaps#breadcrumb\",\"itemListElement\":[{\"@type\":\"ListItem\",\"position\":1,\"name\":\"Home\",\"item\":\"https:\\\/\\\/ecosupplements.ch\\\/\"},{\"@type\":\"ListItem\",\"position\":2,\"name\":\"Shop\",\"item\":\"https:\\\/\\\/ecosupplements.ch\\\/?page_id=14\"},{\"@type\":\"ListItem\",\"position\":3,\"name\":\"OSAVI Omega-3 VEGAN 250 mg DHA (60 vcaps)\"}]},{\"@type\":\"WebSite\",\"@id\":\"https:\\\/\\\/ecosupplements.ch\\\/#website\",\"url\":\"https:\\\/\\\/ecosupplements.ch\\\/\",\"name\":\"Eco Supplements\",\"description\":\"\",\"potentialAction\":[{\"@type\":\"SearchAction\",\"target\":{\"@type\":\"EntryPoint\",\"urlTemplate\":\"https:\\\/\\\/ecosupplements.ch\\\/?s={search_term_string}\"},\"query-input\":{\"@type\":\"PropertyValueSpecification\",\"valueRequired\":true,\"valueName\":\"search_term_string\"}}],\"inLanguage\":\"de-CH\"}]}<\/script>\n<meta property=\"product:price:amount\" content=\"11.38\" \/>\n<meta property=\"product:price:currency\" content=\"CHF\" \/>\n<meta property=\"og:availability\" content=\"out of stock\" \/>\n<meta property=\"product:availability\" content=\"out of stock\" \/>\n<meta property=\"product:retailer_item_id\" content=\"5904139920459\" \/>\n<meta property=\"product:condition\" content=\"new\" \/>\n<!-- \/ Yoast SEO plugin. -->","yoast_head_json":{"title":"OSAVI Omega-3 VEGAN 250 mg DHA \u2013 60 Vcaps | ecosupplements.ch","description":"Veganes DHA aus Mikroalgen\u00f6l \u2013 250 mg pro Kapsel, gelatinefrei, glutenfrei, 60 Softgel-Kapseln. Jetzt bestellen.","robots":{"index":"index","follow":"follow","max-snippet":"max-snippet:-1","max-image-preview":"max-image-preview:large","max-video-preview":"max-video-preview:-1"},"canonical":"https:\/\/ecosupplements.ch\/?product=osavi-omega-3-vegan-250-mg-dha-60-vcaps","og_locale":"de_DE","og_type":"article","og_title":"OSAVI Omega-3 VEGAN 250 mg DHA \u2013 60 Vcaps | ecosupplements.ch","og_description":"Veganes DHA aus Mikroalgen\u00f6l \u2013 250 mg pro Kapsel, gelatinefrei, glutenfrei, 60 Softgel-Kapseln. Jetzt bestellen.","og_url":"https:\/\/ecosupplements.ch\/?product=osavi-omega-3-vegan-250-mg-dha-60-vcaps","og_site_name":"Eco Supplements","article_modified_time":"2026-05-13T07:28:27+00:00","og_image":[{"width":650,"height":650,"url":"https:\/\/ecosupplements.ch\/wp-content\/uploads\/2026\/05\/OSAVI-Omega-3-VEGAN-250-mg-DHA-60-vcaps.jpg","type":"image\/jpeg"}],"twitter_card":"summary_large_image","twitter_misc":{"Price":"&#67;&#72;&#70;&nbsp;11.38","Availability":"Out of stock"},"schema":{"@context":"https:\/\/schema.org","@graph":[{"@type":"WebPage","@id":"https:\/\/ecosupplements.ch\/?product=osavi-omega-3-vegan-250-mg-dha-60-vcaps","url":"https:\/\/ecosupplements.ch\/?product=osavi-omega-3-vegan-250-mg-dha-60-vcaps","name":"OSAVI Omega-3 VEGAN 250 mg DHA \u2013 60 Vcaps | ecosupplements.ch","isPartOf":{"@id":"https:\/\/ecosupplements.ch\/#website"},"primaryImageOfPage":{"@id":"https:\/\/ecosupplements.ch\/?product=osavi-omega-3-vegan-250-mg-dha-60-vcaps#primaryimage"},"image":{"@id":"https:\/\/ecosupplements.ch\/?product=osavi-omega-3-vegan-250-mg-dha-60-vcaps#primaryimage"},"thumbnailUrl":"https:\/\/ecosupplements.ch\/wp-content\/uploads\/2026\/05\/OSAVI-Omega-3-VEGAN-250-mg-DHA-60-vcaps.jpg","datePublished":"2026-05-11T15:15:27+00:00","dateModified":"2026-05-13T07:28:27+00:00","description":"Veganes DHA aus Mikroalgen\u00f6l \u2013 250 mg pro Kapsel, gelatinefrei, glutenfrei, 60 Softgel-Kapseln. Jetzt bestellen.","breadcrumb":{"@id":"https:\/\/ecosupplements.ch\/?product=osavi-omega-3-vegan-250-mg-dha-60-vcaps#breadcrumb"},"inLanguage":"de-CH","potentialAction":[{"@type":"ReadAction","target":["https:\/\/ecosupplements.ch\/?product=osavi-omega-3-vegan-250-mg-dha-60-vcaps"]}]},{"@type":"ImageObject","inLanguage":"de-CH","@id":"https:\/\/ecosupplements.ch\/?product=osavi-omega-3-vegan-250-mg-dha-60-vcaps#primaryimage","url":"https:\/\/ecosupplements.ch\/wp-content\/uploads\/2026\/05\/OSAVI-Omega-3-VEGAN-250-mg-DHA-60-vcaps.jpg","contentUrl":"https:\/\/ecosupplements.ch\/wp-content\/uploads\/2026\/05\/OSAVI-Omega-3-VEGAN-250-mg-DHA-60-vcaps.jpg","width":650,"height":650,"caption":"OSAVI Omega-3 VEGAN 250 mg DHA (60 vcaps)"},{"@type":"BreadcrumbList","@id":"https:\/\/ecosupplements.ch\/?product=osavi-omega-3-vegan-250-mg-dha-60-vcaps#breadcrumb","itemListElement":[{"@type":"ListItem","position":1,"name":"Home","item":"https:\/\/ecosupplements.ch\/"},{"@type":"ListItem","position":2,"name":"Shop","item":"https:\/\/ecosupplements.ch\/?page_id=14"},{"@type":"ListItem","position":3,"name":"OSAVI Omega-3 VEGAN 250 mg DHA (60 vcaps)"}]},{"@type":"WebSite","@id":"https:\/\/ecosupplements.ch\/#website","url":"https:\/\/ecosupplements.ch\/","name":"Eco Supplements","description":"","potentialAction":[{"@type":"SearchAction","target":{"@type":"EntryPoint","urlTemplate":"https:\/\/ecosupplements.ch\/?s={search_term_string}"},"query-input":{"@type":"PropertyValueSpecification","valueRequired":true,"valueName":"search_term_string"}}],"inLanguage":"de-CH"}]},"product_price_amount":"11.38","product_price_currency":"CHF","og_availability":"out of stock","product_availability":"out of stock","product_retailer_item_id":"5904139920459","product_condition":"new"},"_links":{"self":[{"href":"https:\/\/ecosupplements.ch\/index.php?rest_route=\/wp\/v2\/product\/6511","targetHints":{"allow":["GET"]}}],"collection":[{"href":"https:\/\/ecosupplements.ch\/index.php?rest_route=\/wp\/v2\/product"}],"about":[{"href":"https:\/\/ecosupplements.ch\/index.php?rest_route=\/wp\/v2\/types\/product"}],"replies":[{"embeddable":true,"href":"https:\/\/ecosupplements.ch\/index.php?rest_route=%2Fwp%2Fv2%2Fcomments&post=6511"}],"wp:featuredmedia":[{"embeddable":true,"href":"https:\/\/ecosupplements.ch\/index.php?rest_route=\/wp\/v2\/media\/6512"}],"wp:attachment":[{"href":"https:\/\/ecosupplements.ch\/index.php?rest_route=%2Fwp%2Fv2%2Fmedia&parent=6511"}],"wp:term":[{"taxonomy":"product_brand","embeddable":true,"href":"https:\/\/ecosupplements.ch\/index.php?rest_route=%2Fwp%2Fv2%2Fproduct_brand&post=6511"},{"taxonomy":"product_cat","embeddable":true,"href":"https:\/\/ecosupplements.ch\/index.php?rest_route=%2Fwp%2Fv2%2Fproduct_cat&post=6511"},{"taxonomy":"product_tag","embeddable":true,"href":"https:\/\/ecosupplements.ch\/index.php?rest_route=%2Fwp%2Fv2%2Fproduct_tag&post=6511"}],"curies":[{"name":"wp","href":"https:\/\/api.w.org\/{rel}","templated":true}]}}