{"id":6513,"date":"2026-05-11T15:15:28","date_gmt":"2026-05-11T15:15:28","guid":{"rendered":"https:\/\/ecosupplements.ch\/?product=osavi-rhodiola-rosea-120-caps"},"modified":"2026-05-13T07:28:28","modified_gmt":"2026-05-13T07:28:28","slug":"osavi-rhodiola-rosea-120-caps","status":"publish","type":"product","link":"https:\/\/ecosupplements.ch\/?product=osavi-rhodiola-rosea-120-caps","title":{"rendered":"OSAVI Rhodiola Rosea (120 caps)"},"content":{"rendered":"<div class=\"chcg-product-description\">\n<h2 class=\"chcg-heading\">\u00dcber OSAVI \u2013 Rhodiola Rosea (120 Kapseln)<\/h2>\n<div class=\"chcg-intro\">\n<p>Rhodiola rosea, auch bekannt als Rosenwurz, ist eine in den Hochgebirgsregionen Europas und Asiens beheimatete Pflanze, die seit Jahrhunderten in der traditionellen Heilkunde gesch\u00e4tzt wird. Das OSAVI Rhodiola Rosea Extrakt wird standardisiert auf mindestens 3 % Rosavine und mindestens 1 % Salidroside \u2013 die charakteristischen Wirkstoffe der Rhodiola-Wurzel \u2013 und bietet damit eine zuverl\u00e4ssige und gleichbleibende Qualit\u00e4t pro Kapsel.<\/p>\n<p>Jede vegane Kapsel enth\u00e4lt 400 mg Rhodiola-rosea-Wurzel (entsprechend 36,4 mg konzentriertem Extrakt, DER 11:1), eingebettet in eine sauber formulierte Rezeptur ohne unn\u00f6tige Zusatzstoffe. Das Produkt ist frei von Gluten, Laktose und Soja und eignet sich sowohl f\u00fcr vegane als auch f\u00fcr vegetarische Ern\u00e4hrungsweisen.<\/p>\n<p>Mit 120 Kapseln pro Packung bietet OSAVI Rhodiola Rosea einen Vorrat f\u00fcr 120 Tage bei der empfohlenen Tagesdosis von einer Kapsel. Die Kapselh\u00fclle besteht aus pflanzlicher HPMC \u2013 ohne tierische Gelatine.<\/p>\n<\/p><\/div>\n<div class=\"chcg-nutrition\">\n<h3>N\u00e4hrwertangaben<\/h3>\n<table class=\"chcg-nutrition-table\">\n<thead>\n<tr>\n<th>N\u00e4hrstoff<\/th>\n<th>Pro Portion (1 Kapsel)<\/th>\n<\/tr>\n<\/thead>\n<tbody>\n<tr>\n<td>Energie<\/td>\n<td>3 kJ \/ 1 kcal<\/td>\n<\/tr>\n<tr>\n<td>Fett<\/td>\n<td>0 g<\/td>\n<\/tr>\n<tr>\n<td>\u2013 davon ges\u00e4ttigte Fetts\u00e4uren<\/td>\n<td>0 g<\/td>\n<\/tr>\n<tr>\n<td>Kohlenhydrate<\/td>\n<td>&lt;0,1 g<\/td>\n<\/tr>\n<tr>\n<td>\u2013 davon Zucker<\/td>\n<td>0 g<\/td>\n<\/tr>\n<tr>\n<td>Ballaststoffe<\/td>\n<td>0,2 g<\/td>\n<\/tr>\n<tr>\n<td>Protein<\/td>\n<td>0 g<\/td>\n<\/tr>\n<tr>\n<td>Salz<\/td>\n<td>0 g<\/td>\n<\/tr>\n<tr>\n<td>Rhodiola-rosea-Wurzel (zur Herstellung des Extrakts verwendet, standardisiert auf mind. 3 % Rosavine und mind. 1 % Salidroside, DER 11:1)<\/td>\n<td>400 mg<\/td>\n<\/tr>\n<tr>\n<td>\u2013 davon Rhodiola-rosea-Wurzelextrakt<\/td>\n<td>36,4 mg<\/td>\n<\/tr>\n<tr>\n<td>\u2013 davon Rosavine (mind. 3 %)<\/td>\n<td>1,1 mg<\/td>\n<\/tr>\n<tr>\n<td>\u2013 davon Salidroside (mind. 1 %)<\/td>\n<td>0,4 mg<\/td>\n<\/tr>\n<\/tbody>\n<\/table>\n<p class=\"chcg-footnote\">* Kein festgelegter Tagesbedarf.<\/p>\n<\/p><\/div>\n<div class=\"chcg-ingredients\">\n<h3>Zutaten<\/h3>\n<p>Inulin, Kapselh\u00fclle (Hydroxypropylmethylcellulose), Rhodiola-rosea-Wurzelextrakt (Rhodiola rosea).<\/p>\n<p class=\"chcg-capsule-shell\">Kapselh\u00fclle: Hydroxypropylmethylcellulose (HPMC) \u2013 vegane Kapselh\u00fclle<\/p>\n<\/p><\/div>\n<div class=\"chcg-dosage\">\n<h3>Verzehrempfehlung<\/h3>\n<p>Empfohlene Tagesdosis: 1 Kapsel nach einer Mahlzeit. Die Kapsel mit einem Glas Wasser schlucken.<\/p>\n<\/p><\/div>\n<div class=\"chcg-warnings\">\n<h3>Warnhinweise<\/h3>\n<p>Die empfohlene Tagesdosis nicht \u00fcberschreiten. Nicht f\u00fcr Kinder sowie nicht w\u00e4hrend der Schwangerschaft und Stillzeit verwenden. Nahrungserg\u00e4nzungsmittel sollten nicht als Ersatz f\u00fcr eine ausgewogene und abwechslungsreiche Ern\u00e4hrung verwendet werden. Eine abwechslungsreiche Ern\u00e4hrung und eine gesunde Lebensweise sollten zur Unterst\u00fctzung der normalen Gesundheit beibehalten werden. Konsultieren Sie Ihre Apothekerin, Ihren Apotheker, Ihre \u00c4rztin oder Ihren Arzt vor der Einnahme, wenn Sie versuchen, schwanger zu werden, unter \u00e4rztlicher Aufsicht stehen oder an Lebensmittelallergien leiden.<\/p>\n<\/p><\/div>\n<div class=\"chcg-allergens\">\n<h3>Allergeninformationen<\/h3>\n<p>Keine Allergene deklariert. Das Produkt ist frei von Gluten, Laktose, Soja und gentechnisch ver\u00e4nderten Organismen (GMO-frei).<\/p>\n<\/p><\/div>\n<div class=\"chcg-storage\">\n<h3>Lagerung<\/h3>\n<p>An einem dunklen und trockenen Ort bei Raumtemperatur lagern. Ausserhalb der Reichweite von Kindern aufbewahren.<\/p>\n<\/p><\/div>\n<div class=\"chcg-dietary\">\n<h3>Ern\u00e4hrungshinweise<\/h3>\n<ul>\n<li>Vegan<\/li>\n<li>Vegetarisch<\/li>\n<li>Glutenfrei<\/li>\n<li>Laktosefrei<\/li>\n<\/ul><\/div>\n<\/div>\n","protected":false},"excerpt":{"rendered":"<p>OSAVI Rhodiola Rosea liefert 400 mg standardisierten Rosenwurz-Extrakt (mind. 3 % Rosavine, mind. 1 % Salidroside) pro veganer Kapsel. Die Packung enth\u00e4lt 120 Kapseln \u2013 ein 120-Tage-Vorrat. Vegan, glutenfrei und laktosefrei.<\/p>\n","protected":false},"featured_media":6514,"comment_status":"closed","ping_status":"open","template":"","meta":[],"product_brand":[219],"product_cat":[25,44,131,21],"product_tag":[],"class_list":{"0":"post-6513","1":"product","2":"type-product","3":"status-publish","4":"has-post-thumbnail","6":"product_brand-osavi","7":"product_cat-gesundheit-und-wohlbefinden","8":"product_cat-pflanzliche-nahrungsergaenzungsmittel","9":"product_cat-rhodiola","10":"product_cat-vitamine-und-mineralstoffe","12":"first","13":"outofstock","14":"taxable","15":"shipping-taxable","16":"purchasable","17":"product-type-simple"},"yoast_head":"<!-- This site is optimized with the Yoast SEO plugin v27.5 - https:\/\/yoast.com\/product\/yoast-seo-wordpress\/ -->\n<title>OSAVI Rhodiola Rosea 120 Kapseln | ecosupplements.ch<\/title>\n<meta name=\"description\" content=\"Rhodiola rosea standardisiert auf mind. 3 % Rosavine \u2013 120 vegane Kapseln von OSAVI, glutenfrei und laktosefrei. Jetzt bestellen.\" \/>\n<meta name=\"robots\" content=\"index, follow, max-snippet:-1, max-image-preview:large, max-video-preview:-1\" \/>\n<link rel=\"canonical\" href=\"https:\/\/ecosupplements.ch\/?product=osavi-rhodiola-rosea-120-caps\" \/>\n<meta property=\"og:locale\" content=\"de_DE\" \/>\n<meta property=\"og:type\" content=\"article\" \/>\n<meta property=\"og:title\" content=\"OSAVI Rhodiola Rosea 120 Kapseln | ecosupplements.ch\" \/>\n<meta property=\"og:description\" content=\"Rhodiola rosea standardisiert auf mind. 3 % Rosavine \u2013 120 vegane Kapseln von OSAVI, glutenfrei und laktosefrei. Jetzt bestellen.\" \/>\n<meta property=\"og:url\" content=\"https:\/\/ecosupplements.ch\/?product=osavi-rhodiola-rosea-120-caps\" \/>\n<meta property=\"og:site_name\" content=\"Eco Supplements\" \/>\n<meta property=\"article:modified_time\" content=\"2026-05-13T07:28:28+00:00\" \/>\n<meta property=\"og:image\" content=\"https:\/\/ecosupplements.ch\/wp-content\/uploads\/2026\/05\/OSAVI-Rhodiola-Rosea-120-caps.jpg\" \/>\n\t<meta property=\"og:image:width\" content=\"650\" \/>\n\t<meta property=\"og:image:height\" content=\"650\" \/>\n\t<meta property=\"og:image:type\" content=\"image\/jpeg\" \/>\n<meta name=\"twitter:card\" content=\"summary_large_image\" \/>\n<meta name=\"twitter:label1\" content=\"Price\" \/>\n\t<meta name=\"twitter:data1\" content=\"&#067;&#072;&#070;&nbsp;10.83\" \/>\n\t<meta name=\"twitter:label2\" content=\"Availability\" \/>\n\t<meta name=\"twitter:data2\" content=\"Out of stock\" \/>\n<script type=\"application\/ld+json\" class=\"yoast-schema-graph\">{\"@context\":\"https:\\\/\\\/schema.org\",\"@graph\":[{\"@type\":\"WebPage\",\"@id\":\"https:\\\/\\\/ecosupplements.ch\\\/?product=osavi-rhodiola-rosea-120-caps\",\"url\":\"https:\\\/\\\/ecosupplements.ch\\\/?product=osavi-rhodiola-rosea-120-caps\",\"name\":\"OSAVI Rhodiola Rosea 120 Kapseln | ecosupplements.ch\",\"isPartOf\":{\"@id\":\"https:\\\/\\\/ecosupplements.ch\\\/#website\"},\"primaryImageOfPage\":{\"@id\":\"https:\\\/\\\/ecosupplements.ch\\\/?product=osavi-rhodiola-rosea-120-caps#primaryimage\"},\"image\":{\"@id\":\"https:\\\/\\\/ecosupplements.ch\\\/?product=osavi-rhodiola-rosea-120-caps#primaryimage\"},\"thumbnailUrl\":\"https:\\\/\\\/ecosupplements.ch\\\/wp-content\\\/uploads\\\/2026\\\/05\\\/OSAVI-Rhodiola-Rosea-120-caps.jpg\",\"datePublished\":\"2026-05-11T15:15:28+00:00\",\"dateModified\":\"2026-05-13T07:28:28+00:00\",\"description\":\"Rhodiola rosea standardisiert auf mind. 3 % Rosavine \u2013 120 vegane Kapseln von OSAVI, glutenfrei und laktosefrei. Jetzt bestellen.\",\"breadcrumb\":{\"@id\":\"https:\\\/\\\/ecosupplements.ch\\\/?product=osavi-rhodiola-rosea-120-caps#breadcrumb\"},\"inLanguage\":\"de-CH\",\"potentialAction\":[{\"@type\":\"ReadAction\",\"target\":[\"https:\\\/\\\/ecosupplements.ch\\\/?product=osavi-rhodiola-rosea-120-caps\"]}]},{\"@type\":\"ImageObject\",\"inLanguage\":\"de-CH\",\"@id\":\"https:\\\/\\\/ecosupplements.ch\\\/?product=osavi-rhodiola-rosea-120-caps#primaryimage\",\"url\":\"https:\\\/\\\/ecosupplements.ch\\\/wp-content\\\/uploads\\\/2026\\\/05\\\/OSAVI-Rhodiola-Rosea-120-caps.jpg\",\"contentUrl\":\"https:\\\/\\\/ecosupplements.ch\\\/wp-content\\\/uploads\\\/2026\\\/05\\\/OSAVI-Rhodiola-Rosea-120-caps.jpg\",\"width\":650,\"height\":650,\"caption\":\"OSAVI Rhodiola Rosea (120 caps)\"},{\"@type\":\"BreadcrumbList\",\"@id\":\"https:\\\/\\\/ecosupplements.ch\\\/?product=osavi-rhodiola-rosea-120-caps#breadcrumb\",\"itemListElement\":[{\"@type\":\"ListItem\",\"position\":1,\"name\":\"Home\",\"item\":\"https:\\\/\\\/ecosupplements.ch\\\/\"},{\"@type\":\"ListItem\",\"position\":2,\"name\":\"Shop\",\"item\":\"https:\\\/\\\/ecosupplements.ch\\\/?page_id=14\"},{\"@type\":\"ListItem\",\"position\":3,\"name\":\"OSAVI Rhodiola Rosea (120 caps)\"}]},{\"@type\":\"WebSite\",\"@id\":\"https:\\\/\\\/ecosupplements.ch\\\/#website\",\"url\":\"https:\\\/\\\/ecosupplements.ch\\\/\",\"name\":\"Eco Supplements\",\"description\":\"\",\"potentialAction\":[{\"@type\":\"SearchAction\",\"target\":{\"@type\":\"EntryPoint\",\"urlTemplate\":\"https:\\\/\\\/ecosupplements.ch\\\/?s={search_term_string}\"},\"query-input\":{\"@type\":\"PropertyValueSpecification\",\"valueRequired\":true,\"valueName\":\"search_term_string\"}}],\"inLanguage\":\"de-CH\"}]}<\/script>\n<meta property=\"product:price:amount\" content=\"10.83\" \/>\n<meta property=\"product:price:currency\" content=\"CHF\" \/>\n<meta property=\"og:availability\" content=\"out of stock\" \/>\n<meta property=\"product:availability\" content=\"out of stock\" \/>\n<meta property=\"product:retailer_item_id\" content=\"5904139921593\" \/>\n<meta property=\"product:condition\" content=\"new\" \/>\n<!-- \/ Yoast SEO plugin. -->","yoast_head_json":{"title":"OSAVI Rhodiola Rosea 120 Kapseln | ecosupplements.ch","description":"Rhodiola rosea standardisiert auf mind. 3 % Rosavine \u2013 120 vegane Kapseln von OSAVI, glutenfrei und laktosefrei. Jetzt bestellen.","robots":{"index":"index","follow":"follow","max-snippet":"max-snippet:-1","max-image-preview":"max-image-preview:large","max-video-preview":"max-video-preview:-1"},"canonical":"https:\/\/ecosupplements.ch\/?product=osavi-rhodiola-rosea-120-caps","og_locale":"de_DE","og_type":"article","og_title":"OSAVI Rhodiola Rosea 120 Kapseln | ecosupplements.ch","og_description":"Rhodiola rosea standardisiert auf mind. 3 % Rosavine \u2013 120 vegane Kapseln von OSAVI, glutenfrei und laktosefrei. Jetzt bestellen.","og_url":"https:\/\/ecosupplements.ch\/?product=osavi-rhodiola-rosea-120-caps","og_site_name":"Eco Supplements","article_modified_time":"2026-05-13T07:28:28+00:00","og_image":[{"width":650,"height":650,"url":"https:\/\/ecosupplements.ch\/wp-content\/uploads\/2026\/05\/OSAVI-Rhodiola-Rosea-120-caps.jpg","type":"image\/jpeg"}],"twitter_card":"summary_large_image","twitter_misc":{"Price":"&#67;&#72;&#70;&nbsp;10.83","Availability":"Out of stock"},"schema":{"@context":"https:\/\/schema.org","@graph":[{"@type":"WebPage","@id":"https:\/\/ecosupplements.ch\/?product=osavi-rhodiola-rosea-120-caps","url":"https:\/\/ecosupplements.ch\/?product=osavi-rhodiola-rosea-120-caps","name":"OSAVI Rhodiola Rosea 120 Kapseln | ecosupplements.ch","isPartOf":{"@id":"https:\/\/ecosupplements.ch\/#website"},"primaryImageOfPage":{"@id":"https:\/\/ecosupplements.ch\/?product=osavi-rhodiola-rosea-120-caps#primaryimage"},"image":{"@id":"https:\/\/ecosupplements.ch\/?product=osavi-rhodiola-rosea-120-caps#primaryimage"},"thumbnailUrl":"https:\/\/ecosupplements.ch\/wp-content\/uploads\/2026\/05\/OSAVI-Rhodiola-Rosea-120-caps.jpg","datePublished":"2026-05-11T15:15:28+00:00","dateModified":"2026-05-13T07:28:28+00:00","description":"Rhodiola rosea standardisiert auf mind. 3 % Rosavine \u2013 120 vegane Kapseln von OSAVI, glutenfrei und laktosefrei. Jetzt bestellen.","breadcrumb":{"@id":"https:\/\/ecosupplements.ch\/?product=osavi-rhodiola-rosea-120-caps#breadcrumb"},"inLanguage":"de-CH","potentialAction":[{"@type":"ReadAction","target":["https:\/\/ecosupplements.ch\/?product=osavi-rhodiola-rosea-120-caps"]}]},{"@type":"ImageObject","inLanguage":"de-CH","@id":"https:\/\/ecosupplements.ch\/?product=osavi-rhodiola-rosea-120-caps#primaryimage","url":"https:\/\/ecosupplements.ch\/wp-content\/uploads\/2026\/05\/OSAVI-Rhodiola-Rosea-120-caps.jpg","contentUrl":"https:\/\/ecosupplements.ch\/wp-content\/uploads\/2026\/05\/OSAVI-Rhodiola-Rosea-120-caps.jpg","width":650,"height":650,"caption":"OSAVI Rhodiola Rosea (120 caps)"},{"@type":"BreadcrumbList","@id":"https:\/\/ecosupplements.ch\/?product=osavi-rhodiola-rosea-120-caps#breadcrumb","itemListElement":[{"@type":"ListItem","position":1,"name":"Home","item":"https:\/\/ecosupplements.ch\/"},{"@type":"ListItem","position":2,"name":"Shop","item":"https:\/\/ecosupplements.ch\/?page_id=14"},{"@type":"ListItem","position":3,"name":"OSAVI Rhodiola Rosea (120 caps)"}]},{"@type":"WebSite","@id":"https:\/\/ecosupplements.ch\/#website","url":"https:\/\/ecosupplements.ch\/","name":"Eco Supplements","description":"","potentialAction":[{"@type":"SearchAction","target":{"@type":"EntryPoint","urlTemplate":"https:\/\/ecosupplements.ch\/?s={search_term_string}"},"query-input":{"@type":"PropertyValueSpecification","valueRequired":true,"valueName":"search_term_string"}}],"inLanguage":"de-CH"}]},"product_price_amount":"10.83","product_price_currency":"CHF","og_availability":"out of stock","product_availability":"out of stock","product_retailer_item_id":"5904139921593","product_condition":"new"},"_links":{"self":[{"href":"https:\/\/ecosupplements.ch\/index.php?rest_route=\/wp\/v2\/product\/6513","targetHints":{"allow":["GET"]}}],"collection":[{"href":"https:\/\/ecosupplements.ch\/index.php?rest_route=\/wp\/v2\/product"}],"about":[{"href":"https:\/\/ecosupplements.ch\/index.php?rest_route=\/wp\/v2\/types\/product"}],"replies":[{"embeddable":true,"href":"https:\/\/ecosupplements.ch\/index.php?rest_route=%2Fwp%2Fv2%2Fcomments&post=6513"}],"wp:featuredmedia":[{"embeddable":true,"href":"https:\/\/ecosupplements.ch\/index.php?rest_route=\/wp\/v2\/media\/6514"}],"wp:attachment":[{"href":"https:\/\/ecosupplements.ch\/index.php?rest_route=%2Fwp%2Fv2%2Fmedia&parent=6513"}],"wp:term":[{"taxonomy":"product_brand","embeddable":true,"href":"https:\/\/ecosupplements.ch\/index.php?rest_route=%2Fwp%2Fv2%2Fproduct_brand&post=6513"},{"taxonomy":"product_cat","embeddable":true,"href":"https:\/\/ecosupplements.ch\/index.php?rest_route=%2Fwp%2Fv2%2Fproduct_cat&post=6513"},{"taxonomy":"product_tag","embeddable":true,"href":"https:\/\/ecosupplements.ch\/index.php?rest_route=%2Fwp%2Fv2%2Fproduct_tag&post=6513"}],"curies":[{"name":"wp","href":"https:\/\/api.w.org\/{rel}","templated":true}]}}