{"id":6578,"date":"2026-05-11T15:15:59","date_gmt":"2026-05-11T15:15:59","guid":{"rendered":"https:\/\/ecosupplements.ch\/?product=ostrovit-testo-extreme-90-caps"},"modified":"2026-05-13T07:28:32","modified_gmt":"2026-05-13T07:28:32","slug":"ostrovit-testo-extreme-90-caps","status":"publish","type":"product","link":"https:\/\/ecosupplements.ch\/?product=ostrovit-testo-extreme-90-caps","title":{"rendered":"OSTROVIT Testo Extreme (90 caps)"},"content":{"rendered":"<div class=\"chcg-product-description\">\n<h2 class=\"chcg-heading\">\u00dcber OSTROVIT \u2013 Testo Extreme \u2013 90 Kapseln<\/h2>\n<div class=\"chcg-intro\">\n<p>OSTROVIT Testo Extreme ist ein sorgf\u00e4ltig formuliertes Nahrungserg\u00e4nzungsmittel f\u00fcr M\u00e4nner, das eine gezielte Kombination aus pflanzlichen Extrakten, Aminos\u00e4uren und essenziellen Mikron\u00e4hrstoffen vereint. Die Formel enth\u00e4lt unter anderem Bockshornklee-Samenextrakt, Maca-Wurzelextrakt, D-Asparagins\u00e4ure, Tribulus terrestris sowie Brennnessel- und S\u00e4gepalmen-Fruchtextrakt \u2013 erg\u00e4nzt durch Ginseng und Schwarzpfefferextrakt zur Unterst\u00fctzung der Bioverf\u00fcgbarkeit.<\/p>\n<p>Zink tr\u00e4gt zur normalen Testosteronproduktion im Blut bei, w\u00e4hrend Vitamin B6 zur Regulierung der Hormont\u00e4tigkeit beitr\u00e4gt und Magnesium zur normalen Eiweisssynthese und zur Verringerung von M\u00fcdigkeit und Ersch\u00f6pfung beitr\u00e4gt. Diese Mikron\u00e4hrstoffe sind durch EFSA-anerkannte Aussagen belegt und bilden die wissenschaftliche Grundlage der Formel.<\/p>\n<p>Testo Extreme ist in pflanzlichen HPMC-Kapseln erh\u00e4ltlich, die f\u00fcr Veganer und Vegetarier geeignet sind. Eine Packung enth\u00e4lt 90 Kapseln f\u00fcr 30 Portionen und bietet damit eine praktische Versorgung f\u00fcr einen vollen Monat.<\/p>\n<\/p><\/div>\n<div class=\"chcg-nutrition\">\n<h3>N\u00e4hrwertangaben<\/h3>\n<table class=\"chcg-nutrition-table\">\n<thead>\n<tr>\n<th>N\u00e4hrstoff<\/th>\n<th>Pro Portion (3 Kapseln)<\/th>\n<\/tr>\n<\/thead>\n<tbody>\n<tr>\n<td>Bockshornklee-Samenextrakt (<em>Trigonella foenum-graecum<\/em> L.)<\/td>\n<td>370 mg *<\/td>\n<\/tr>\n<tr>\n<td>Maca-Wurzelextrakt (<em>Lepidium meyenii<\/em> Walp.)<\/td>\n<td>300 mg *<\/td>\n<\/tr>\n<tr>\n<td>D-Asparagins\u00e4ure (DAA)<\/td>\n<td>300 mg *<\/td>\n<\/tr>\n<tr>\n<td>Tribulus terrestris L. Extrakt (standardisiert auf 90 % Saponine)<\/td>\n<td>222 mg *<\/td>\n<\/tr>\n<tr>\n<td>Brennnesselblatt-Extrakt (<em>Urtica dioica<\/em>)<\/td>\n<td>150 mg *<\/td>\n<\/tr>\n<tr>\n<td>S\u00e4gepalmen-Fruchtextrakt (<em>Serenoa repens<\/em>)<\/td>\n<td>120 mg *<\/td>\n<\/tr>\n<tr>\n<td>Ginseng-Wurzelextrakt (<em>Panax ginseng<\/em> C.A. Meyer, standardisiert auf 20 % Ginsenoside)<\/td>\n<td>70 mg *<\/td>\n<\/tr>\n<tr>\n<td>Schwarzpfeffer-Fruchtextrakt (<em>Piper nigrum<\/em> L., standardisiert auf 95 % Piperin)<\/td>\n<td>2,1 mg *<\/td>\n<\/tr>\n<tr>\n<td>Magnesium<\/td>\n<td>57 mg (15 % NRV)<\/td>\n<\/tr>\n<tr>\n<td>Zink<\/td>\n<td>15 mg (150 % NRV)<\/td>\n<\/tr>\n<tr>\n<td>Vitamin B6 (als Pyridoxal-5&#8242;-phosphat)<\/td>\n<td>3 mg (214 % NRV)<\/td>\n<\/tr>\n<\/tbody>\n<\/table>\n<p class=\"chcg-footnote\">* Kein Referenzwert f\u00fcr die t\u00e4gliche Zufuhr (NRV) festgelegt.<\/p>\n<\/p><\/div>\n<div class=\"chcg-ingredients\">\n<h3>Zutaten<\/h3>\n<p>Magnesiumsalze der Zitronens\u00e4ure (Magnesium), Bockshornklee-Samenextrakt (<em>Trigonella foenum-graecum<\/em> L.), F\u00fcllstoff: Hydroxypropylmethylcellulose, Maca-Wurzelextrakt (<em>Lepidium meyenii<\/em> Walp.), D-Asparagins\u00e4ure (DAA), Tribulus-terrestris-Extrakt (<em>Tribulus terrestris<\/em> L.) standardisiert auf 90 % Saponine, Brennnesselblatt-Extrakt (<em>Urtica dioica<\/em>), S\u00e4gepalmen-Fruchtextrakt (<em>Serenoa repens<\/em> (W.Bartram) Small), Zinkpicolinat (Zink), Ginseng-Wurzelextrakt (<em>Panax ginseng<\/em> C.A. Meyer) standardisiert auf 20 % Ginsenoside, Schwarzpfeffer-Fruchtextrakt (<em>Piper nigrum<\/em> L.) standardisiert auf 95 % Piperin, Pyridoxal-5&#8242;-phosphat (Vitamin B6), Trennmittel: Magnesiumsalze von Fetts\u00e4uren.<\/p>\n<p class=\"chcg-capsule-shell\">Kapselh\u00fclle: F\u00fcllstoff: Hydroxypropylmethylcellulose (HPMC, pflanzliche Kapselh\u00fclle)<\/p>\n<\/p><\/div>\n<div class=\"chcg-dosage\">\n<h3>Verzehrempfehlung<\/h3>\n<p>T\u00e4glich 1 Portion (3 Kapseln) einnehmen.<\/p>\n<\/p><\/div>\n<div class=\"chcg-warnings\">\n<h3>Warnhinweise<\/h3>\n<p>Die empfohlene Tagesdosis nicht \u00fcberschreiten. Nahrungserg\u00e4nzungsmittel sollten nicht als Ersatz f\u00fcr eine abwechslungsreiche Ern\u00e4hrung verwendet werden. Eine ausgewogene Ern\u00e4hrung und eine gesunde Lebensweise sind wichtig. Bei Allergie gegen einen der Inhaltsstoffe nicht verwenden. Vor der Einnahme einen Arzt oder Apotheker konsultieren. Das Produkt sollte nicht von Kindern, Schwangeren und Stillenden eingenommen werden. Nicht empfohlen f\u00fcr Frauen im geb\u00e4rf\u00e4higen Alter sowie f\u00fcr Personen beiderlei Geschlechts vor Erreichen der Pubert\u00e4t. Bei gleichzeitiger Anwendung einer antidiabetischen Therapie einen Arzt oder Apotheker konsultieren. Das Produkt sollte nicht eingenommen werden, wenn Medikamente gegen Bluthochdruck oder Diabetes verwendet werden.<\/p>\n<\/p><\/div>\n<div class=\"chcg-allergens\">\n<h3>Allergeninformationen<\/h3>\n<p>Kann Spuren von Milch (einschliesslich Laktose), Soja, Erdn\u00fcssen, anderen N\u00fcssen, Sesamsamen, glutenhaltigen Getreidesorten, Eiern, Krebstieren und Fisch enthalten.<\/p>\n<\/p><\/div>\n<div class=\"chcg-storage\">\n<h3>Lagerung<\/h3>\n<p>Verpackung fest verschlossen, trocken und bei einer Temperatur von 15\u201325 \u00b0C aufbewahren. Vor direkter Sonneneinstrahlung sch\u00fctzen. Ausserhalb der Reichweite von Kleinkindern aufbewahren.<\/p>\n<\/p><\/div>\n<div class=\"chcg-dietary\">\n<h3>Ern\u00e4hrungshinweise<\/h3>\n<ul>\n<li>Vegan<\/li>\n<li>Vegetarisch<\/li>\n<\/ul><\/div>\n<\/div>\n","protected":false},"excerpt":{"rendered":"<p>OSTROVIT Testo Extreme kombiniert pflanzliche Extrakte, D-Asparagins\u00e4ure sowie Zink, Magnesium und Vitamin B6 in praktischen Kapseln. 90 vegane Kapseln f\u00fcr 30 Tagesportionen.<\/p>\n","protected":false},"featured_media":6579,"comment_status":"closed","ping_status":"open","template":"","meta":[],"product_brand":[298],"product_cat":[21],"product_tag":[],"class_list":{"0":"post-6578","1":"product","2":"type-product","3":"status-publish","4":"has-post-thumbnail","6":"product_brand-ostrovit","7":"product_cat-vitamine-und-mineralstoffe","9":"first","10":"outofstock","11":"taxable","12":"shipping-taxable","13":"purchasable","14":"product-type-simple"},"yoast_head":"<!-- This site is optimized with the Yoast SEO plugin v27.5 - https:\/\/yoast.com\/product\/yoast-seo-wordpress\/ -->\n<title>OSTROVIT Testo Extreme 90 Kapseln | ecosupplements.ch<\/title>\n<meta name=\"description\" content=\"Testo Extreme von OSTROVIT mit Zink, Magnesium, Vitamin B6 und pflanzlichen Extrakten \u2013 90 vegane Kapseln f\u00fcr 30 Portionen. Jetzt bestellen.\" \/>\n<meta name=\"robots\" content=\"index, follow, max-snippet:-1, max-image-preview:large, max-video-preview:-1\" \/>\n<link rel=\"canonical\" href=\"https:\/\/ecosupplements.ch\/?product=ostrovit-testo-extreme-90-caps\" \/>\n<meta property=\"og:locale\" content=\"de_DE\" \/>\n<meta property=\"og:type\" content=\"article\" \/>\n<meta property=\"og:title\" content=\"OSTROVIT Testo Extreme 90 Kapseln | ecosupplements.ch\" \/>\n<meta property=\"og:description\" content=\"Testo Extreme von OSTROVIT mit Zink, Magnesium, Vitamin B6 und pflanzlichen Extrakten \u2013 90 vegane Kapseln f\u00fcr 30 Portionen. Jetzt bestellen.\" \/>\n<meta property=\"og:url\" content=\"https:\/\/ecosupplements.ch\/?product=ostrovit-testo-extreme-90-caps\" \/>\n<meta property=\"og:site_name\" content=\"Eco Supplements\" \/>\n<meta property=\"article:modified_time\" content=\"2026-05-13T07:28:32+00:00\" \/>\n<meta property=\"og:image\" content=\"https:\/\/ecosupplements.ch\/wp-content\/uploads\/2026\/05\/OSTROVIT-Testo-Extreme-90-caps.jpg\" \/>\n\t<meta property=\"og:image:width\" content=\"600\" \/>\n\t<meta property=\"og:image:height\" content=\"600\" \/>\n\t<meta property=\"og:image:type\" content=\"image\/jpeg\" \/>\n<meta name=\"twitter:card\" content=\"summary_large_image\" \/>\n<meta name=\"twitter:label1\" content=\"Price\" \/>\n\t<meta name=\"twitter:data1\" content=\"&#067;&#072;&#070;&nbsp;8.68\" \/>\n\t<meta name=\"twitter:label2\" content=\"Availability\" \/>\n\t<meta name=\"twitter:data2\" content=\"Out of stock\" \/>\n<script type=\"application\/ld+json\" class=\"yoast-schema-graph\">{\"@context\":\"https:\\\/\\\/schema.org\",\"@graph\":[{\"@type\":\"WebPage\",\"@id\":\"https:\\\/\\\/ecosupplements.ch\\\/?product=ostrovit-testo-extreme-90-caps\",\"url\":\"https:\\\/\\\/ecosupplements.ch\\\/?product=ostrovit-testo-extreme-90-caps\",\"name\":\"OSTROVIT Testo Extreme 90 Kapseln | ecosupplements.ch\",\"isPartOf\":{\"@id\":\"https:\\\/\\\/ecosupplements.ch\\\/#website\"},\"primaryImageOfPage\":{\"@id\":\"https:\\\/\\\/ecosupplements.ch\\\/?product=ostrovit-testo-extreme-90-caps#primaryimage\"},\"image\":{\"@id\":\"https:\\\/\\\/ecosupplements.ch\\\/?product=ostrovit-testo-extreme-90-caps#primaryimage\"},\"thumbnailUrl\":\"https:\\\/\\\/ecosupplements.ch\\\/wp-content\\\/uploads\\\/2026\\\/05\\\/OSTROVIT-Testo-Extreme-90-caps.jpg\",\"datePublished\":\"2026-05-11T15:15:59+00:00\",\"dateModified\":\"2026-05-13T07:28:32+00:00\",\"description\":\"Testo Extreme von OSTROVIT mit Zink, Magnesium, Vitamin B6 und pflanzlichen Extrakten \u2013 90 vegane Kapseln f\u00fcr 30 Portionen. Jetzt bestellen.\",\"breadcrumb\":{\"@id\":\"https:\\\/\\\/ecosupplements.ch\\\/?product=ostrovit-testo-extreme-90-caps#breadcrumb\"},\"inLanguage\":\"de-CH\",\"potentialAction\":[{\"@type\":\"ReadAction\",\"target\":[\"https:\\\/\\\/ecosupplements.ch\\\/?product=ostrovit-testo-extreme-90-caps\"]}]},{\"@type\":\"ImageObject\",\"inLanguage\":\"de-CH\",\"@id\":\"https:\\\/\\\/ecosupplements.ch\\\/?product=ostrovit-testo-extreme-90-caps#primaryimage\",\"url\":\"https:\\\/\\\/ecosupplements.ch\\\/wp-content\\\/uploads\\\/2026\\\/05\\\/OSTROVIT-Testo-Extreme-90-caps.jpg\",\"contentUrl\":\"https:\\\/\\\/ecosupplements.ch\\\/wp-content\\\/uploads\\\/2026\\\/05\\\/OSTROVIT-Testo-Extreme-90-caps.jpg\",\"width\":600,\"height\":600,\"caption\":\"OSTROVIT Testo Extreme (90 caps)\"},{\"@type\":\"BreadcrumbList\",\"@id\":\"https:\\\/\\\/ecosupplements.ch\\\/?product=ostrovit-testo-extreme-90-caps#breadcrumb\",\"itemListElement\":[{\"@type\":\"ListItem\",\"position\":1,\"name\":\"Home\",\"item\":\"https:\\\/\\\/ecosupplements.ch\\\/\"},{\"@type\":\"ListItem\",\"position\":2,\"name\":\"Shop\",\"item\":\"https:\\\/\\\/ecosupplements.ch\\\/?page_id=14\"},{\"@type\":\"ListItem\",\"position\":3,\"name\":\"OSTROVIT Testo Extreme (90 caps)\"}]},{\"@type\":\"WebSite\",\"@id\":\"https:\\\/\\\/ecosupplements.ch\\\/#website\",\"url\":\"https:\\\/\\\/ecosupplements.ch\\\/\",\"name\":\"Eco Supplements\",\"description\":\"\",\"potentialAction\":[{\"@type\":\"SearchAction\",\"target\":{\"@type\":\"EntryPoint\",\"urlTemplate\":\"https:\\\/\\\/ecosupplements.ch\\\/?s={search_term_string}\"},\"query-input\":{\"@type\":\"PropertyValueSpecification\",\"valueRequired\":true,\"valueName\":\"search_term_string\"}}],\"inLanguage\":\"de-CH\"}]}<\/script>\n<meta property=\"product:price:amount\" content=\"8.68\" \/>\n<meta property=\"product:price:currency\" content=\"CHF\" \/>\n<meta property=\"og:availability\" content=\"out of stock\" \/>\n<meta property=\"product:availability\" content=\"out of stock\" \/>\n<meta property=\"product:retailer_item_id\" content=\"5903933911946\" \/>\n<meta property=\"product:condition\" content=\"new\" \/>\n<!-- \/ Yoast SEO plugin. -->","yoast_head_json":{"title":"OSTROVIT Testo Extreme 90 Kapseln | ecosupplements.ch","description":"Testo Extreme von OSTROVIT mit Zink, Magnesium, Vitamin B6 und pflanzlichen Extrakten \u2013 90 vegane Kapseln f\u00fcr 30 Portionen. Jetzt bestellen.","robots":{"index":"index","follow":"follow","max-snippet":"max-snippet:-1","max-image-preview":"max-image-preview:large","max-video-preview":"max-video-preview:-1"},"canonical":"https:\/\/ecosupplements.ch\/?product=ostrovit-testo-extreme-90-caps","og_locale":"de_DE","og_type":"article","og_title":"OSTROVIT Testo Extreme 90 Kapseln | ecosupplements.ch","og_description":"Testo Extreme von OSTROVIT mit Zink, Magnesium, Vitamin B6 und pflanzlichen Extrakten \u2013 90 vegane Kapseln f\u00fcr 30 Portionen. Jetzt bestellen.","og_url":"https:\/\/ecosupplements.ch\/?product=ostrovit-testo-extreme-90-caps","og_site_name":"Eco Supplements","article_modified_time":"2026-05-13T07:28:32+00:00","og_image":[{"width":600,"height":600,"url":"https:\/\/ecosupplements.ch\/wp-content\/uploads\/2026\/05\/OSTROVIT-Testo-Extreme-90-caps.jpg","type":"image\/jpeg"}],"twitter_card":"summary_large_image","twitter_misc":{"Price":"&#67;&#72;&#70;&nbsp;8.68","Availability":"Out of stock"},"schema":{"@context":"https:\/\/schema.org","@graph":[{"@type":"WebPage","@id":"https:\/\/ecosupplements.ch\/?product=ostrovit-testo-extreme-90-caps","url":"https:\/\/ecosupplements.ch\/?product=ostrovit-testo-extreme-90-caps","name":"OSTROVIT Testo Extreme 90 Kapseln | ecosupplements.ch","isPartOf":{"@id":"https:\/\/ecosupplements.ch\/#website"},"primaryImageOfPage":{"@id":"https:\/\/ecosupplements.ch\/?product=ostrovit-testo-extreme-90-caps#primaryimage"},"image":{"@id":"https:\/\/ecosupplements.ch\/?product=ostrovit-testo-extreme-90-caps#primaryimage"},"thumbnailUrl":"https:\/\/ecosupplements.ch\/wp-content\/uploads\/2026\/05\/OSTROVIT-Testo-Extreme-90-caps.jpg","datePublished":"2026-05-11T15:15:59+00:00","dateModified":"2026-05-13T07:28:32+00:00","description":"Testo Extreme von OSTROVIT mit Zink, Magnesium, Vitamin B6 und pflanzlichen Extrakten \u2013 90 vegane Kapseln f\u00fcr 30 Portionen. Jetzt bestellen.","breadcrumb":{"@id":"https:\/\/ecosupplements.ch\/?product=ostrovit-testo-extreme-90-caps#breadcrumb"},"inLanguage":"de-CH","potentialAction":[{"@type":"ReadAction","target":["https:\/\/ecosupplements.ch\/?product=ostrovit-testo-extreme-90-caps"]}]},{"@type":"ImageObject","inLanguage":"de-CH","@id":"https:\/\/ecosupplements.ch\/?product=ostrovit-testo-extreme-90-caps#primaryimage","url":"https:\/\/ecosupplements.ch\/wp-content\/uploads\/2026\/05\/OSTROVIT-Testo-Extreme-90-caps.jpg","contentUrl":"https:\/\/ecosupplements.ch\/wp-content\/uploads\/2026\/05\/OSTROVIT-Testo-Extreme-90-caps.jpg","width":600,"height":600,"caption":"OSTROVIT Testo Extreme (90 caps)"},{"@type":"BreadcrumbList","@id":"https:\/\/ecosupplements.ch\/?product=ostrovit-testo-extreme-90-caps#breadcrumb","itemListElement":[{"@type":"ListItem","position":1,"name":"Home","item":"https:\/\/ecosupplements.ch\/"},{"@type":"ListItem","position":2,"name":"Shop","item":"https:\/\/ecosupplements.ch\/?page_id=14"},{"@type":"ListItem","position":3,"name":"OSTROVIT Testo Extreme (90 caps)"}]},{"@type":"WebSite","@id":"https:\/\/ecosupplements.ch\/#website","url":"https:\/\/ecosupplements.ch\/","name":"Eco Supplements","description":"","potentialAction":[{"@type":"SearchAction","target":{"@type":"EntryPoint","urlTemplate":"https:\/\/ecosupplements.ch\/?s={search_term_string}"},"query-input":{"@type":"PropertyValueSpecification","valueRequired":true,"valueName":"search_term_string"}}],"inLanguage":"de-CH"}]},"product_price_amount":"8.68","product_price_currency":"CHF","og_availability":"out of stock","product_availability":"out of stock","product_retailer_item_id":"5903933911946","product_condition":"new"},"_links":{"self":[{"href":"https:\/\/ecosupplements.ch\/index.php?rest_route=\/wp\/v2\/product\/6578","targetHints":{"allow":["GET"]}}],"collection":[{"href":"https:\/\/ecosupplements.ch\/index.php?rest_route=\/wp\/v2\/product"}],"about":[{"href":"https:\/\/ecosupplements.ch\/index.php?rest_route=\/wp\/v2\/types\/product"}],"replies":[{"embeddable":true,"href":"https:\/\/ecosupplements.ch\/index.php?rest_route=%2Fwp%2Fv2%2Fcomments&post=6578"}],"wp:featuredmedia":[{"embeddable":true,"href":"https:\/\/ecosupplements.ch\/index.php?rest_route=\/wp\/v2\/media\/6579"}],"wp:attachment":[{"href":"https:\/\/ecosupplements.ch\/index.php?rest_route=%2Fwp%2Fv2%2Fmedia&parent=6578"}],"wp:term":[{"taxonomy":"product_brand","embeddable":true,"href":"https:\/\/ecosupplements.ch\/index.php?rest_route=%2Fwp%2Fv2%2Fproduct_brand&post=6578"},{"taxonomy":"product_cat","embeddable":true,"href":"https:\/\/ecosupplements.ch\/index.php?rest_route=%2Fwp%2Fv2%2Fproduct_cat&post=6578"},{"taxonomy":"product_tag","embeddable":true,"href":"https:\/\/ecosupplements.ch\/index.php?rest_route=%2Fwp%2Fv2%2Fproduct_tag&post=6578"}],"curies":[{"name":"wp","href":"https:\/\/api.w.org\/{rel}","templated":true}]}}