{"id":6586,"date":"2026-05-11T15:16:03","date_gmt":"2026-05-11T15:16:03","guid":{"rendered":"https:\/\/ecosupplements.ch\/?product=ostrovit-vegan-protein-blend-chocolate-700-g"},"modified":"2026-05-13T07:28:32","modified_gmt":"2026-05-13T07:28:32","slug":"ostrovit-vegan-protein-blend-chocolate-700-g","status":"publish","type":"product","link":"https:\/\/ecosupplements.ch\/?product=ostrovit-vegan-protein-blend-chocolate-700-g","title":{"rendered":"OSTROVIT Vegan Protein Blend  chocolate (700 g)"},"content":{"rendered":"<div class=\"chcg-product-description\">\n<h2 class=\"chcg-heading\">\u00dcber Ostrovit \u2013 OSTROVIT Vegan Protein Blend Schokolade (700 g)<\/h2>\n<div class=\"chcg-intro\">\n<p>Der OSTROVIT Vegan Protein Blend in der Geschmacksrichtung Schokolade ist ein hochwertiges, pflanzliches Proteinpulver, das speziell f\u00fcr Menschen entwickelt wurde, die sich vegan oder vegetarisch ern\u00e4hren und gleichzeitig ihren t\u00e4glichen Proteinbedarf gezielt decken m\u00f6chten. Die Formulierung vereint drei komplement\u00e4re Proteinquellen \u2013 Erbsenproteinisolat, Sojaproteinisolat und K\u00fcrbisprotein \u2013 f\u00fcr ein ausgewogenes Aminos\u00e4ureprofil.<\/p>\n<p>Mit 23 g Protein pro Portion (30 g) und lediglich 0.5 g Kohlenhydraten sowie 2 g Fett eignet sich dieses Pulver hervorragend als Erg\u00e4nzung nach dem Training. Dank des hohen Ballaststoffgehalts von 2.2 g pro Portion unterst\u00fctzt es ausserdem eine ausgewogene Ern\u00e4hrungsweise. Die angenehme Schokoladennote macht die t\u00e4gliche Einnahme zu einem Genuss \u2013 ganz ohne Tierpro\u00addukte.<\/p>\n<p>Eine Packung mit 700 g enth\u00e4lt 23 Portionen und bietet damit eine praktische und ergiebige Versorgung f\u00fcr den Alltag. Das Produkt ist frei von tierischen Zutaten und sowohl f\u00fcr Veganer als auch f\u00fcr Vegetarier geeignet.<\/p>\n<\/p><\/div>\n<div class=\"chcg-nutrition\">\n<h3>N\u00e4hrwertangaben<\/h3>\n<table class=\"chcg-nutrition-table\">\n<thead>\n<tr>\n<th>N\u00e4hrstoff<\/th>\n<th>Pro 100 g<\/th>\n<th>Pro Portion (30 g)<\/th>\n<\/tr>\n<\/thead>\n<tbody>\n<tr>\n<td>Energie<\/td>\n<td>1635 kJ \/ 388 kcal<\/td>\n<td>491 kJ \/ 116 kcal<\/td>\n<\/tr>\n<tr>\n<td>Fett<\/td>\n<td>6.5 g<\/td>\n<td>2 g<\/td>\n<\/tr>\n<tr>\n<td>\u2013 davon ges\u00e4ttigte Fetts\u00e4uren<\/td>\n<td>2 g<\/td>\n<td>0.6 g<\/td>\n<\/tr>\n<tr>\n<td>Kohlenhydrate<\/td>\n<td>1.8 g<\/td>\n<td>0.5 g<\/td>\n<\/tr>\n<tr>\n<td>\u2013 davon Zucker<\/td>\n<td>0.3 g<\/td>\n<td>0.1 g<\/td>\n<\/tr>\n<tr>\n<td>Ballaststoffe<\/td>\n<td>7.4 g<\/td>\n<td>2.2 g<\/td>\n<\/tr>\n<tr>\n<td>Protein<\/td>\n<td>77 g<\/td>\n<td>23 g<\/td>\n<\/tr>\n<tr>\n<td>Salz<\/td>\n<td>2.23 g<\/td>\n<td>0.67 g<\/td>\n<\/tr>\n<tr>\n<td>Erbsenproteinisolat<\/td>\n<td>51.9 g<\/td>\n<td>15.6 g<\/td>\n<\/tr>\n<tr>\n<td>Sojaproteinisolat<\/td>\n<td>31 g<\/td>\n<td>9.3 g<\/td>\n<\/tr>\n<tr>\n<td>K\u00fcrbisprotein<\/td>\n<td>6.5 g<\/td>\n<td>2.0 g<\/td>\n<\/tr>\n<\/tbody>\n<\/table><\/div>\n<div class=\"chcg-ingredients\">\n<h3>Zutaten<\/h3>\n<p>Erbsenproteinisolat, Sojaproteinisolat (enth\u00e4lt Schwefeldioxid und Sulfite), K\u00fcrbisprotein, 4.9% Kakao, Aroma, Verdickungsmittel: Xanthan, Gummi arabicum; Salz, S\u00fcssungsmittel: Sucralose, Acesulfam K. Das Produkt kann Milch (einschliesslich Laktose), Erdn\u00fcsse, andere N\u00fcsse, Sesamsamen, Getreide mit Gluten, Eier, Krebstiere und Fisch enthalten. Das Produkt ist f\u00fcr Vegetarier und Veganer geeignet. Mit S\u00fcssungsmitteln.<\/p>\n<\/p><\/div>\n<div class=\"chcg-dosage\">\n<h3>Verzehrempfehlung<\/h3>\n<p>Eine Portion des Produkts (30 g \/ 2 Messl\u00f6ffel) in 250\u2013300 ml Wasser oder einem pflanzlichen Getr\u00e4nk aufl\u00f6sen. 1 Portion t\u00e4glich nach dem Training einnehmen. Die empfohlene Tagesdosis nicht \u00fcberschreiten.<\/p>\n<\/p><\/div>\n<div class=\"chcg-warnings\">\n<h3>Warnhinweise<\/h3>\n<p>Das Produkt darf nicht als Ersatz f\u00fcr eine abwechslungsreiche Ern\u00e4hrung verwendet werden. Eine ausgewogene Ern\u00e4hrung und ein gesunder Lebensstil werden empfohlen. Nicht einnehmen, wenn Sie gegen einen der Inhaltsstoffe allergisch sind. Das Produkt darf nicht von Kindern, Schwangeren oder stillenden Frauen eingenommen werden. Ausserhalb der Reichweite von Kindern aufbewahren.<\/p>\n<\/p><\/div>\n<div class=\"chcg-allergens\">\n<h3>Allergeninformationen<\/h3>\n<p>Enth\u00e4lt: Schwefeldioxid und Sulfite (im Sojaproteinisolat). Kann enthalten: Milch (einschliesslich Laktose), Erdn\u00fcsse, andere N\u00fcsse, Sesamsamen, Getreide mit Gluten, Eier, Krebstiere, Fisch.<\/p>\n<\/p><\/div>\n<div class=\"chcg-storage\">\n<h3>Lagerung<\/h3>\n<p>Diese Verpackung fest verschlossen, an einem trockenen Ort bei einer Temperatur von 15\u201325 \u00b0C aufbewahren. Vor direkter Sonneneinstrahlung sch\u00fctzen.<\/p>\n<\/p><\/div>\n<div class=\"chcg-dietary\">\n<h3>Ern\u00e4hrungshinweise<\/h3>\n<ul>\n<li>Vegan<\/li>\n<li>Vegetarisch<\/li>\n<\/ul><\/div>\n<\/div>\n","protected":false},"excerpt":{"rendered":"<p>OSTROVIT Vegan Protein Blend Schokolade liefert 23 g Protein pro Portion aus drei pflanzlichen Quellen. Das Pulver (700 g \/ 23 Portionen) ist ideal nach dem Training und f\u00fcr vegane sowie vegetarische Ern\u00e4hrung geeignet.<\/p>\n","protected":false},"featured_media":6587,"comment_status":"closed","ping_status":"open","template":"","meta":[],"product_brand":[298],"product_cat":[90,48,65,50,22,21],"product_tag":[],"class_list":{"0":"post-6586","1":"product","2":"type-product","3":"status-publish","4":"has-post-thumbnail","6":"product_brand-ostrovit","7":"product_cat-fitness-training","8":"product_cat-gesunde-ernaehrung","9":"product_cat-pflanzliche-proteine","10":"product_cat-proteine","11":"product_cat-vegane-produkte","12":"product_cat-vitamine-und-mineralstoffe","14":"first","15":"outofstock","16":"taxable","17":"shipping-taxable","18":"purchasable","19":"product-type-simple"},"yoast_head":"<!-- This site is optimized with the Yoast SEO plugin v27.5 - https:\/\/yoast.com\/product\/yoast-seo-wordpress\/ -->\n<title>Vegan Protein Blend Schokolade 700g \u2013 Ostrovit | ecosupplements.ch<\/title>\n<meta name=\"description\" content=\"Pflanzliches Proteinpulver mit 23 g Protein pro Portion aus Erbse, Soja &amp; K\u00fcrbis \u2013 vegan, Schokoladengeschmack, 700 g. Jetzt bestellen.\" \/>\n<meta name=\"robots\" content=\"index, follow, max-snippet:-1, max-image-preview:large, max-video-preview:-1\" \/>\n<link rel=\"canonical\" href=\"https:\/\/ecosupplements.ch\/?product=ostrovit-vegan-protein-blend-chocolate-700-g\" \/>\n<meta property=\"og:locale\" content=\"de_DE\" \/>\n<meta property=\"og:type\" content=\"article\" \/>\n<meta property=\"og:title\" content=\"Vegan Protein Blend Schokolade 700g \u2013 Ostrovit | ecosupplements.ch\" \/>\n<meta property=\"og:description\" content=\"Pflanzliches Proteinpulver mit 23 g Protein pro Portion aus Erbse, Soja &amp; K\u00fcrbis \u2013 vegan, Schokoladengeschmack, 700 g. Jetzt bestellen.\" \/>\n<meta property=\"og:url\" content=\"https:\/\/ecosupplements.ch\/?product=ostrovit-vegan-protein-blend-chocolate-700-g\" \/>\n<meta property=\"og:site_name\" content=\"Eco Supplements\" \/>\n<meta property=\"article:modified_time\" content=\"2026-05-13T07:28:32+00:00\" \/>\n<meta property=\"og:image\" content=\"https:\/\/ecosupplements.ch\/wp-content\/uploads\/2026\/05\/OSTROVIT-Vegan-Protein-Blend-chocolate-700-g.jpg\" \/>\n\t<meta property=\"og:image:width\" content=\"1000\" \/>\n\t<meta property=\"og:image:height\" content=\"1000\" \/>\n\t<meta property=\"og:image:type\" content=\"image\/jpeg\" \/>\n<meta name=\"twitter:card\" content=\"summary_large_image\" \/>\n<meta name=\"twitter:label1\" content=\"Price\" \/>\n\t<meta name=\"twitter:data1\" content=\"&#067;&#072;&#070;&nbsp;10.52\" \/>\n\t<meta name=\"twitter:label2\" content=\"Availability\" \/>\n\t<meta name=\"twitter:data2\" content=\"Out of stock\" \/>\n<script type=\"application\/ld+json\" class=\"yoast-schema-graph\">{\"@context\":\"https:\\\/\\\/schema.org\",\"@graph\":[{\"@type\":\"WebPage\",\"@id\":\"https:\\\/\\\/ecosupplements.ch\\\/?product=ostrovit-vegan-protein-blend-chocolate-700-g\",\"url\":\"https:\\\/\\\/ecosupplements.ch\\\/?product=ostrovit-vegan-protein-blend-chocolate-700-g\",\"name\":\"Vegan Protein Blend Schokolade 700g \u2013 Ostrovit | ecosupplements.ch\",\"isPartOf\":{\"@id\":\"https:\\\/\\\/ecosupplements.ch\\\/#website\"},\"primaryImageOfPage\":{\"@id\":\"https:\\\/\\\/ecosupplements.ch\\\/?product=ostrovit-vegan-protein-blend-chocolate-700-g#primaryimage\"},\"image\":{\"@id\":\"https:\\\/\\\/ecosupplements.ch\\\/?product=ostrovit-vegan-protein-blend-chocolate-700-g#primaryimage\"},\"thumbnailUrl\":\"https:\\\/\\\/ecosupplements.ch\\\/wp-content\\\/uploads\\\/2026\\\/05\\\/OSTROVIT-Vegan-Protein-Blend-chocolate-700-g.jpg\",\"datePublished\":\"2026-05-11T15:16:03+00:00\",\"dateModified\":\"2026-05-13T07:28:32+00:00\",\"description\":\"Pflanzliches Proteinpulver mit 23 g Protein pro Portion aus Erbse, Soja & K\u00fcrbis \u2013 vegan, Schokoladengeschmack, 700 g. Jetzt bestellen.\",\"breadcrumb\":{\"@id\":\"https:\\\/\\\/ecosupplements.ch\\\/?product=ostrovit-vegan-protein-blend-chocolate-700-g#breadcrumb\"},\"inLanguage\":\"de-CH\",\"potentialAction\":[{\"@type\":\"ReadAction\",\"target\":[\"https:\\\/\\\/ecosupplements.ch\\\/?product=ostrovit-vegan-protein-blend-chocolate-700-g\"]}]},{\"@type\":\"ImageObject\",\"inLanguage\":\"de-CH\",\"@id\":\"https:\\\/\\\/ecosupplements.ch\\\/?product=ostrovit-vegan-protein-blend-chocolate-700-g#primaryimage\",\"url\":\"https:\\\/\\\/ecosupplements.ch\\\/wp-content\\\/uploads\\\/2026\\\/05\\\/OSTROVIT-Vegan-Protein-Blend-chocolate-700-g.jpg\",\"contentUrl\":\"https:\\\/\\\/ecosupplements.ch\\\/wp-content\\\/uploads\\\/2026\\\/05\\\/OSTROVIT-Vegan-Protein-Blend-chocolate-700-g.jpg\",\"width\":1000,\"height\":1000,\"caption\":\"OSTROVIT Vegan Protein Blend chocolate (700 g)\"},{\"@type\":\"BreadcrumbList\",\"@id\":\"https:\\\/\\\/ecosupplements.ch\\\/?product=ostrovit-vegan-protein-blend-chocolate-700-g#breadcrumb\",\"itemListElement\":[{\"@type\":\"ListItem\",\"position\":1,\"name\":\"Home\",\"item\":\"https:\\\/\\\/ecosupplements.ch\\\/\"},{\"@type\":\"ListItem\",\"position\":2,\"name\":\"Shop\",\"item\":\"https:\\\/\\\/ecosupplements.ch\\\/?page_id=14\"},{\"@type\":\"ListItem\",\"position\":3,\"name\":\"OSTROVIT Vegan Protein Blend chocolate (700 g)\"}]},{\"@type\":\"WebSite\",\"@id\":\"https:\\\/\\\/ecosupplements.ch\\\/#website\",\"url\":\"https:\\\/\\\/ecosupplements.ch\\\/\",\"name\":\"Eco Supplements\",\"description\":\"\",\"potentialAction\":[{\"@type\":\"SearchAction\",\"target\":{\"@type\":\"EntryPoint\",\"urlTemplate\":\"https:\\\/\\\/ecosupplements.ch\\\/?s={search_term_string}\"},\"query-input\":{\"@type\":\"PropertyValueSpecification\",\"valueRequired\":true,\"valueName\":\"search_term_string\"}}],\"inLanguage\":\"de-CH\"}]}<\/script>\n<meta property=\"product:price:amount\" content=\"10.52\" \/>\n<meta property=\"product:price:currency\" content=\"CHF\" \/>\n<meta property=\"og:availability\" content=\"out of stock\" \/>\n<meta property=\"product:availability\" content=\"out of stock\" \/>\n<meta property=\"product:retailer_item_id\" content=\"5903933908533\" \/>\n<meta property=\"product:condition\" content=\"new\" \/>\n<!-- \/ Yoast SEO plugin. -->","yoast_head_json":{"title":"Vegan Protein Blend Schokolade 700g \u2013 Ostrovit | ecosupplements.ch","description":"Pflanzliches Proteinpulver mit 23 g Protein pro Portion aus Erbse, Soja & K\u00fcrbis \u2013 vegan, Schokoladengeschmack, 700 g. Jetzt bestellen.","robots":{"index":"index","follow":"follow","max-snippet":"max-snippet:-1","max-image-preview":"max-image-preview:large","max-video-preview":"max-video-preview:-1"},"canonical":"https:\/\/ecosupplements.ch\/?product=ostrovit-vegan-protein-blend-chocolate-700-g","og_locale":"de_DE","og_type":"article","og_title":"Vegan Protein Blend Schokolade 700g \u2013 Ostrovit | ecosupplements.ch","og_description":"Pflanzliches Proteinpulver mit 23 g Protein pro Portion aus Erbse, Soja & K\u00fcrbis \u2013 vegan, Schokoladengeschmack, 700 g. Jetzt bestellen.","og_url":"https:\/\/ecosupplements.ch\/?product=ostrovit-vegan-protein-blend-chocolate-700-g","og_site_name":"Eco Supplements","article_modified_time":"2026-05-13T07:28:32+00:00","og_image":[{"width":1000,"height":1000,"url":"https:\/\/ecosupplements.ch\/wp-content\/uploads\/2026\/05\/OSTROVIT-Vegan-Protein-Blend-chocolate-700-g.jpg","type":"image\/jpeg"}],"twitter_card":"summary_large_image","twitter_misc":{"Price":"&#67;&#72;&#70;&nbsp;10.52","Availability":"Out of stock"},"schema":{"@context":"https:\/\/schema.org","@graph":[{"@type":"WebPage","@id":"https:\/\/ecosupplements.ch\/?product=ostrovit-vegan-protein-blend-chocolate-700-g","url":"https:\/\/ecosupplements.ch\/?product=ostrovit-vegan-protein-blend-chocolate-700-g","name":"Vegan Protein Blend Schokolade 700g \u2013 Ostrovit | ecosupplements.ch","isPartOf":{"@id":"https:\/\/ecosupplements.ch\/#website"},"primaryImageOfPage":{"@id":"https:\/\/ecosupplements.ch\/?product=ostrovit-vegan-protein-blend-chocolate-700-g#primaryimage"},"image":{"@id":"https:\/\/ecosupplements.ch\/?product=ostrovit-vegan-protein-blend-chocolate-700-g#primaryimage"},"thumbnailUrl":"https:\/\/ecosupplements.ch\/wp-content\/uploads\/2026\/05\/OSTROVIT-Vegan-Protein-Blend-chocolate-700-g.jpg","datePublished":"2026-05-11T15:16:03+00:00","dateModified":"2026-05-13T07:28:32+00:00","description":"Pflanzliches Proteinpulver mit 23 g Protein pro Portion aus Erbse, Soja & K\u00fcrbis \u2013 vegan, Schokoladengeschmack, 700 g. Jetzt bestellen.","breadcrumb":{"@id":"https:\/\/ecosupplements.ch\/?product=ostrovit-vegan-protein-blend-chocolate-700-g#breadcrumb"},"inLanguage":"de-CH","potentialAction":[{"@type":"ReadAction","target":["https:\/\/ecosupplements.ch\/?product=ostrovit-vegan-protein-blend-chocolate-700-g"]}]},{"@type":"ImageObject","inLanguage":"de-CH","@id":"https:\/\/ecosupplements.ch\/?product=ostrovit-vegan-protein-blend-chocolate-700-g#primaryimage","url":"https:\/\/ecosupplements.ch\/wp-content\/uploads\/2026\/05\/OSTROVIT-Vegan-Protein-Blend-chocolate-700-g.jpg","contentUrl":"https:\/\/ecosupplements.ch\/wp-content\/uploads\/2026\/05\/OSTROVIT-Vegan-Protein-Blend-chocolate-700-g.jpg","width":1000,"height":1000,"caption":"OSTROVIT Vegan Protein Blend chocolate (700 g)"},{"@type":"BreadcrumbList","@id":"https:\/\/ecosupplements.ch\/?product=ostrovit-vegan-protein-blend-chocolate-700-g#breadcrumb","itemListElement":[{"@type":"ListItem","position":1,"name":"Home","item":"https:\/\/ecosupplements.ch\/"},{"@type":"ListItem","position":2,"name":"Shop","item":"https:\/\/ecosupplements.ch\/?page_id=14"},{"@type":"ListItem","position":3,"name":"OSTROVIT Vegan Protein Blend chocolate (700 g)"}]},{"@type":"WebSite","@id":"https:\/\/ecosupplements.ch\/#website","url":"https:\/\/ecosupplements.ch\/","name":"Eco Supplements","description":"","potentialAction":[{"@type":"SearchAction","target":{"@type":"EntryPoint","urlTemplate":"https:\/\/ecosupplements.ch\/?s={search_term_string}"},"query-input":{"@type":"PropertyValueSpecification","valueRequired":true,"valueName":"search_term_string"}}],"inLanguage":"de-CH"}]},"product_price_amount":"10.52","product_price_currency":"CHF","og_availability":"out of stock","product_availability":"out of stock","product_retailer_item_id":"5903933908533","product_condition":"new"},"_links":{"self":[{"href":"https:\/\/ecosupplements.ch\/index.php?rest_route=\/wp\/v2\/product\/6586","targetHints":{"allow":["GET"]}}],"collection":[{"href":"https:\/\/ecosupplements.ch\/index.php?rest_route=\/wp\/v2\/product"}],"about":[{"href":"https:\/\/ecosupplements.ch\/index.php?rest_route=\/wp\/v2\/types\/product"}],"replies":[{"embeddable":true,"href":"https:\/\/ecosupplements.ch\/index.php?rest_route=%2Fwp%2Fv2%2Fcomments&post=6586"}],"wp:featuredmedia":[{"embeddable":true,"href":"https:\/\/ecosupplements.ch\/index.php?rest_route=\/wp\/v2\/media\/6587"}],"wp:attachment":[{"href":"https:\/\/ecosupplements.ch\/index.php?rest_route=%2Fwp%2Fv2%2Fmedia&parent=6586"}],"wp:term":[{"taxonomy":"product_brand","embeddable":true,"href":"https:\/\/ecosupplements.ch\/index.php?rest_route=%2Fwp%2Fv2%2Fproduct_brand&post=6586"},{"taxonomy":"product_cat","embeddable":true,"href":"https:\/\/ecosupplements.ch\/index.php?rest_route=%2Fwp%2Fv2%2Fproduct_cat&post=6586"},{"taxonomy":"product_tag","embeddable":true,"href":"https:\/\/ecosupplements.ch\/index.php?rest_route=%2Fwp%2Fv2%2Fproduct_tag&post=6586"}],"curies":[{"name":"wp","href":"https:\/\/api.w.org\/{rel}","templated":true}]}}