{"id":6590,"date":"2026-05-11T15:16:05","date_gmt":"2026-05-11T15:16:05","guid":{"rendered":"https:\/\/ecosupplements.ch\/?product=ostrovit-vitamin-c-1000-g"},"modified":"2026-05-13T07:28:33","modified_gmt":"2026-05-13T07:28:33","slug":"ostrovit-vitamin-c-1000-g","status":"publish","type":"product","link":"https:\/\/ecosupplements.ch\/?product=ostrovit-vitamin-c-1000-g","title":{"rendered":"OSTROVIT Vitamin C (1000 g )"},"content":{"rendered":"<div class=\"chcg-product-description\">\n<h2 class=\"chcg-heading\">\u00dcber OSTROVIT \u2013 Vitamin C Pulver (1000 g)<\/h2>\n<div class=\"chcg-intro\">\n<p>Das OSTROVIT Vitamin C Pulver liefert pro Portion (1 g) 958 mg L-Ascorbins\u00e4ure \u2013 das entspricht 1198 % des empfohlenen Tagesbedarfs. Mit 1000 Portionen pro Packung ist dieses Produkt eine wirtschaftliche und praktische L\u00f6sung f\u00fcr alle, die ihre t\u00e4gliche Vitamin-C-Versorgung gezielt unterst\u00fctzen m\u00f6chten.<\/p>\n<p>Vitamin C tr\u00e4gt zur normalen Funktion des Immunsystems bei, unterst\u00fctzt die normale Kollagenbildung f\u00fcr eine normale Funktion der Blutgef\u00e4sse, Knochen, Knorpel, Z\u00e4hne, Zahnfleisch und Haut und hilft, Zellen vor oxidativem Stress zu sch\u00fctzen. Ausserdem tr\u00e4gt Vitamin C dazu bei, M\u00fcdigkeit und Ersch\u00f6pfung zu verringern und die normale psychische Funktion zu unterst\u00fctzen.<\/p>\n<p>Das Pulver ist mit Zitronen-Aroma versetzt und l\u00f6st sich einfach in Wasser oder Saft auf. Dank des enthaltenen Messl\u00f6ffels ist die t\u00e4gliche Dosierung schnell und unkompliziert \u2013 ideal f\u00fcr den Alltag zu Hause oder unterwegs.<\/p>\n<\/p><\/div>\n<div class=\"chcg-nutrition\">\n<h3>N\u00e4hrwertangaben<\/h3>\n<table class=\"chcg-nutrition-table\">\n<thead>\n<tr>\n<th>N\u00e4hrstoff<\/th>\n<th>Pro Portion (1 g)<\/th>\n<\/tr>\n<\/thead>\n<tbody>\n<tr>\n<td>Vitamin C (L-Ascorbins\u00e4ure)<\/td>\n<td>958 mg (1198 % NRV)<\/td>\n<\/tr>\n<\/tbody>\n<\/table>\n<p class=\"chcg-footnote\">NRV = Referenzmenge f\u00fcr die t\u00e4gliche Zufuhr gem\u00e4ss Schweizer Lebensmittelkennzeichnungsrecht.<\/p>\n<\/p><\/div>\n<div class=\"chcg-ingredients\">\n<h3>Zutaten<\/h3>\n<p>L-Ascorbins\u00e4ure (Vitamin C), Aroma, S\u00fcssstoffe: Sucralose, Acesulfam K.<\/p>\n<\/p><\/div>\n<div class=\"chcg-dosage\">\n<h3>Verzehrempfehlung<\/h3>\n<p>1 g (1 Messl\u00f6ffel) in 100\u2013150 ml Wasser oder Saft in einem Shaker aufl\u00f6sen. Den in der Verpackung enthaltenen Messl\u00f6ffel (1 ml) verwenden. Kein heisses Wasser verwenden. Es wird empfohlen, 1 Portion pro Tag zu sich zu nehmen, vorzugsweise zu einer Mahlzeit. Das Produkt ist f\u00fcr Erwachsene bestimmt.<\/p>\n<\/p><\/div>\n<div class=\"chcg-warnings\">\n<h3>Warnhinweise<\/h3>\n<p>Die empfohlene Tagesdosis nicht \u00fcberschreiten. Ein Nahrungserg\u00e4nzungsmittel darf nicht als Ersatz f\u00fcr eine abwechslungsreiche Ern\u00e4hrung verwendet werden. Eine ausgewogene Ern\u00e4hrung und eine gesunde Lebensweise werden empfohlen. Nicht verzehren, wenn Sie allergisch gegen einen der Inhaltsstoffe des Produkts sind. Nicht bei Personen anwenden, die zur Bildung von Nierensteinen neigen oder an Nierensteinen leiden. Das Produkt sollte nicht von Kindern, Schwangeren und stillenden M\u00fcttern verwendet werden. Ausserhalb der Reichweite von Kleinkindern aufbewahren.<\/p>\n<\/p><\/div>\n<div class=\"chcg-allergens\">\n<h3>Allergeninformationen<\/h3>\n<p>Auf der Produktseite sind keine spezifischen Allergene deklariert. Nicht verzehren, wenn Sie allergisch gegen einen der Inhaltsstoffe sind.<\/p>\n<\/p><\/div>\n<div class=\"chcg-dietary\">\n<h3>Ern\u00e4hrungshinweise<\/h3>\n<ul>\n<li>Vegan<\/li>\n<li>Vegetarisch<\/li>\n<\/ul><\/div>\n<\/div>\n","protected":false},"excerpt":{"rendered":"<p>OSTROVIT Vitamin C Pulver liefert 958 mg L-Ascorbins\u00e4ure pro Portion und unterst\u00fctzt das Immunsystem sowie den Schutz vor oxidativem Stress. 1000-g-Packung mit 1000 Portionen, mit Zitronen-Aroma.<\/p>\n","protected":false},"featured_media":6591,"comment_status":"closed","ping_status":"open","template":"","meta":[],"product_brand":[298],"product_cat":[27,29,171,21],"product_tag":[],"class_list":{"0":"post-6590","1":"product","2":"type-product","3":"status-publish","4":"has-post-thumbnail","6":"product_brand-ostrovit","7":"product_cat-einige-vitamine","8":"product_cat-vitamin-c","9":"product_cat-vitamine-und-mineralien","10":"product_cat-vitamine-und-mineralstoffe","12":"first","13":"outofstock","14":"taxable","15":"shipping-taxable","16":"purchasable","17":"product-type-simple"},"yoast_head":"<!-- This site is optimized with the Yoast SEO plugin v27.5 - https:\/\/yoast.com\/product\/yoast-seo-wordpress\/ -->\n<title>OSTROVIT Vitamin C Pulver 1000 g \u2013 ecosupplements.ch<\/title>\n<meta name=\"description\" content=\"Vitamin C Pulver mit 958 mg L-Ascorbins\u00e4ure pro Portion \u2013 1000 Portionen f\u00fcr die t\u00e4gliche Immununterst\u00fctzung. Jetzt bestellen.\" \/>\n<meta name=\"robots\" content=\"index, follow, max-snippet:-1, max-image-preview:large, max-video-preview:-1\" \/>\n<link rel=\"canonical\" href=\"https:\/\/ecosupplements.ch\/?product=ostrovit-vitamin-c-1000-g\" \/>\n<meta property=\"og:locale\" content=\"de_DE\" \/>\n<meta property=\"og:type\" content=\"article\" \/>\n<meta property=\"og:title\" content=\"OSTROVIT Vitamin C Pulver 1000 g \u2013 ecosupplements.ch\" \/>\n<meta property=\"og:description\" content=\"Vitamin C Pulver mit 958 mg L-Ascorbins\u00e4ure pro Portion \u2013 1000 Portionen f\u00fcr die t\u00e4gliche Immununterst\u00fctzung. Jetzt bestellen.\" \/>\n<meta property=\"og:url\" content=\"https:\/\/ecosupplements.ch\/?product=ostrovit-vitamin-c-1000-g\" \/>\n<meta property=\"og:site_name\" content=\"Eco Supplements\" \/>\n<meta property=\"article:modified_time\" content=\"2026-05-13T07:28:33+00:00\" \/>\n<meta property=\"og:image\" content=\"https:\/\/ecosupplements.ch\/wp-content\/uploads\/2026\/05\/OSTROVIT-Vitamin-C-1000-g.jpg\" \/>\n\t<meta property=\"og:image:width\" content=\"1000\" \/>\n\t<meta property=\"og:image:height\" content=\"1000\" \/>\n\t<meta property=\"og:image:type\" content=\"image\/jpeg\" \/>\n<meta name=\"twitter:card\" content=\"summary_large_image\" \/>\n<meta name=\"twitter:label1\" content=\"Price\" \/>\n\t<meta name=\"twitter:data1\" content=\"&#067;&#072;&#070;&nbsp;12.04\" \/>\n\t<meta name=\"twitter:label2\" content=\"Availability\" \/>\n\t<meta name=\"twitter:data2\" content=\"Out of stock\" \/>\n<script type=\"application\/ld+json\" class=\"yoast-schema-graph\">{\"@context\":\"https:\\\/\\\/schema.org\",\"@graph\":[{\"@type\":\"WebPage\",\"@id\":\"https:\\\/\\\/ecosupplements.ch\\\/?product=ostrovit-vitamin-c-1000-g\",\"url\":\"https:\\\/\\\/ecosupplements.ch\\\/?product=ostrovit-vitamin-c-1000-g\",\"name\":\"OSTROVIT Vitamin C Pulver 1000 g \u2013 ecosupplements.ch\",\"isPartOf\":{\"@id\":\"https:\\\/\\\/ecosupplements.ch\\\/#website\"},\"primaryImageOfPage\":{\"@id\":\"https:\\\/\\\/ecosupplements.ch\\\/?product=ostrovit-vitamin-c-1000-g#primaryimage\"},\"image\":{\"@id\":\"https:\\\/\\\/ecosupplements.ch\\\/?product=ostrovit-vitamin-c-1000-g#primaryimage\"},\"thumbnailUrl\":\"https:\\\/\\\/ecosupplements.ch\\\/wp-content\\\/uploads\\\/2026\\\/05\\\/OSTROVIT-Vitamin-C-1000-g.jpg\",\"datePublished\":\"2026-05-11T15:16:05+00:00\",\"dateModified\":\"2026-05-13T07:28:33+00:00\",\"description\":\"Vitamin C Pulver mit 958 mg L-Ascorbins\u00e4ure pro Portion \u2013 1000 Portionen f\u00fcr die t\u00e4gliche Immununterst\u00fctzung. Jetzt bestellen.\",\"breadcrumb\":{\"@id\":\"https:\\\/\\\/ecosupplements.ch\\\/?product=ostrovit-vitamin-c-1000-g#breadcrumb\"},\"inLanguage\":\"de-CH\",\"potentialAction\":[{\"@type\":\"ReadAction\",\"target\":[\"https:\\\/\\\/ecosupplements.ch\\\/?product=ostrovit-vitamin-c-1000-g\"]}]},{\"@type\":\"ImageObject\",\"inLanguage\":\"de-CH\",\"@id\":\"https:\\\/\\\/ecosupplements.ch\\\/?product=ostrovit-vitamin-c-1000-g#primaryimage\",\"url\":\"https:\\\/\\\/ecosupplements.ch\\\/wp-content\\\/uploads\\\/2026\\\/05\\\/OSTROVIT-Vitamin-C-1000-g.jpg\",\"contentUrl\":\"https:\\\/\\\/ecosupplements.ch\\\/wp-content\\\/uploads\\\/2026\\\/05\\\/OSTROVIT-Vitamin-C-1000-g.jpg\",\"width\":1000,\"height\":1000,\"caption\":\"OSTROVIT Vitamin C (1000 g )\"},{\"@type\":\"BreadcrumbList\",\"@id\":\"https:\\\/\\\/ecosupplements.ch\\\/?product=ostrovit-vitamin-c-1000-g#breadcrumb\",\"itemListElement\":[{\"@type\":\"ListItem\",\"position\":1,\"name\":\"Home\",\"item\":\"https:\\\/\\\/ecosupplements.ch\\\/\"},{\"@type\":\"ListItem\",\"position\":2,\"name\":\"Shop\",\"item\":\"https:\\\/\\\/ecosupplements.ch\\\/?page_id=14\"},{\"@type\":\"ListItem\",\"position\":3,\"name\":\"OSTROVIT Vitamin C (1000 g )\"}]},{\"@type\":\"WebSite\",\"@id\":\"https:\\\/\\\/ecosupplements.ch\\\/#website\",\"url\":\"https:\\\/\\\/ecosupplements.ch\\\/\",\"name\":\"Eco Supplements\",\"description\":\"\",\"potentialAction\":[{\"@type\":\"SearchAction\",\"target\":{\"@type\":\"EntryPoint\",\"urlTemplate\":\"https:\\\/\\\/ecosupplements.ch\\\/?s={search_term_string}\"},\"query-input\":{\"@type\":\"PropertyValueSpecification\",\"valueRequired\":true,\"valueName\":\"search_term_string\"}}],\"inLanguage\":\"de-CH\"}]}<\/script>\n<meta property=\"product:price:amount\" content=\"12.04\" \/>\n<meta property=\"product:price:currency\" content=\"CHF\" \/>\n<meta property=\"og:availability\" content=\"out of stock\" \/>\n<meta property=\"product:availability\" content=\"out of stock\" \/>\n<meta property=\"product:retailer_item_id\" content=\"5903246226560\" \/>\n<meta property=\"product:condition\" content=\"new\" \/>\n<!-- \/ Yoast SEO plugin. -->","yoast_head_json":{"title":"OSTROVIT Vitamin C Pulver 1000 g \u2013 ecosupplements.ch","description":"Vitamin C Pulver mit 958 mg L-Ascorbins\u00e4ure pro Portion \u2013 1000 Portionen f\u00fcr die t\u00e4gliche Immununterst\u00fctzung. Jetzt bestellen.","robots":{"index":"index","follow":"follow","max-snippet":"max-snippet:-1","max-image-preview":"max-image-preview:large","max-video-preview":"max-video-preview:-1"},"canonical":"https:\/\/ecosupplements.ch\/?product=ostrovit-vitamin-c-1000-g","og_locale":"de_DE","og_type":"article","og_title":"OSTROVIT Vitamin C Pulver 1000 g \u2013 ecosupplements.ch","og_description":"Vitamin C Pulver mit 958 mg L-Ascorbins\u00e4ure pro Portion \u2013 1000 Portionen f\u00fcr die t\u00e4gliche Immununterst\u00fctzung. Jetzt bestellen.","og_url":"https:\/\/ecosupplements.ch\/?product=ostrovit-vitamin-c-1000-g","og_site_name":"Eco Supplements","article_modified_time":"2026-05-13T07:28:33+00:00","og_image":[{"width":1000,"height":1000,"url":"https:\/\/ecosupplements.ch\/wp-content\/uploads\/2026\/05\/OSTROVIT-Vitamin-C-1000-g.jpg","type":"image\/jpeg"}],"twitter_card":"summary_large_image","twitter_misc":{"Price":"&#67;&#72;&#70;&nbsp;12.04","Availability":"Out of stock"},"schema":{"@context":"https:\/\/schema.org","@graph":[{"@type":"WebPage","@id":"https:\/\/ecosupplements.ch\/?product=ostrovit-vitamin-c-1000-g","url":"https:\/\/ecosupplements.ch\/?product=ostrovit-vitamin-c-1000-g","name":"OSTROVIT Vitamin C Pulver 1000 g \u2013 ecosupplements.ch","isPartOf":{"@id":"https:\/\/ecosupplements.ch\/#website"},"primaryImageOfPage":{"@id":"https:\/\/ecosupplements.ch\/?product=ostrovit-vitamin-c-1000-g#primaryimage"},"image":{"@id":"https:\/\/ecosupplements.ch\/?product=ostrovit-vitamin-c-1000-g#primaryimage"},"thumbnailUrl":"https:\/\/ecosupplements.ch\/wp-content\/uploads\/2026\/05\/OSTROVIT-Vitamin-C-1000-g.jpg","datePublished":"2026-05-11T15:16:05+00:00","dateModified":"2026-05-13T07:28:33+00:00","description":"Vitamin C Pulver mit 958 mg L-Ascorbins\u00e4ure pro Portion \u2013 1000 Portionen f\u00fcr die t\u00e4gliche Immununterst\u00fctzung. Jetzt bestellen.","breadcrumb":{"@id":"https:\/\/ecosupplements.ch\/?product=ostrovit-vitamin-c-1000-g#breadcrumb"},"inLanguage":"de-CH","potentialAction":[{"@type":"ReadAction","target":["https:\/\/ecosupplements.ch\/?product=ostrovit-vitamin-c-1000-g"]}]},{"@type":"ImageObject","inLanguage":"de-CH","@id":"https:\/\/ecosupplements.ch\/?product=ostrovit-vitamin-c-1000-g#primaryimage","url":"https:\/\/ecosupplements.ch\/wp-content\/uploads\/2026\/05\/OSTROVIT-Vitamin-C-1000-g.jpg","contentUrl":"https:\/\/ecosupplements.ch\/wp-content\/uploads\/2026\/05\/OSTROVIT-Vitamin-C-1000-g.jpg","width":1000,"height":1000,"caption":"OSTROVIT Vitamin C (1000 g )"},{"@type":"BreadcrumbList","@id":"https:\/\/ecosupplements.ch\/?product=ostrovit-vitamin-c-1000-g#breadcrumb","itemListElement":[{"@type":"ListItem","position":1,"name":"Home","item":"https:\/\/ecosupplements.ch\/"},{"@type":"ListItem","position":2,"name":"Shop","item":"https:\/\/ecosupplements.ch\/?page_id=14"},{"@type":"ListItem","position":3,"name":"OSTROVIT Vitamin C (1000 g )"}]},{"@type":"WebSite","@id":"https:\/\/ecosupplements.ch\/#website","url":"https:\/\/ecosupplements.ch\/","name":"Eco Supplements","description":"","potentialAction":[{"@type":"SearchAction","target":{"@type":"EntryPoint","urlTemplate":"https:\/\/ecosupplements.ch\/?s={search_term_string}"},"query-input":{"@type":"PropertyValueSpecification","valueRequired":true,"valueName":"search_term_string"}}],"inLanguage":"de-CH"}]},"product_price_amount":"12.04","product_price_currency":"CHF","og_availability":"out of stock","product_availability":"out of stock","product_retailer_item_id":"5903246226560","product_condition":"new"},"_links":{"self":[{"href":"https:\/\/ecosupplements.ch\/index.php?rest_route=\/wp\/v2\/product\/6590","targetHints":{"allow":["GET"]}}],"collection":[{"href":"https:\/\/ecosupplements.ch\/index.php?rest_route=\/wp\/v2\/product"}],"about":[{"href":"https:\/\/ecosupplements.ch\/index.php?rest_route=\/wp\/v2\/types\/product"}],"replies":[{"embeddable":true,"href":"https:\/\/ecosupplements.ch\/index.php?rest_route=%2Fwp%2Fv2%2Fcomments&post=6590"}],"wp:featuredmedia":[{"embeddable":true,"href":"https:\/\/ecosupplements.ch\/index.php?rest_route=\/wp\/v2\/media\/6591"}],"wp:attachment":[{"href":"https:\/\/ecosupplements.ch\/index.php?rest_route=%2Fwp%2Fv2%2Fmedia&parent=6590"}],"wp:term":[{"taxonomy":"product_brand","embeddable":true,"href":"https:\/\/ecosupplements.ch\/index.php?rest_route=%2Fwp%2Fv2%2Fproduct_brand&post=6590"},{"taxonomy":"product_cat","embeddable":true,"href":"https:\/\/ecosupplements.ch\/index.php?rest_route=%2Fwp%2Fv2%2Fproduct_cat&post=6590"},{"taxonomy":"product_tag","embeddable":true,"href":"https:\/\/ecosupplements.ch\/index.php?rest_route=%2Fwp%2Fv2%2Fproduct_tag&post=6590"}],"curies":[{"name":"wp","href":"https:\/\/api.w.org\/{rel}","templated":true}]}}