{"id":6612,"date":"2026-05-11T15:16:15","date_gmt":"2026-05-11T15:16:15","guid":{"rendered":"https:\/\/ecosupplements.ch\/?product=panaseus-tinnitus-50-caps"},"modified":"2026-05-13T07:28:35","modified_gmt":"2026-05-13T07:28:35","slug":"panaseus-tinnitus-50-caps","status":"publish","type":"product","link":"https:\/\/ecosupplements.ch\/?product=panaseus-tinnitus-50-caps","title":{"rendered":"PANASEUS Tinnitus (50 caps)"},"content":{"rendered":"<div class=\"chcg-product-description\">\n<h2 class=\"chcg-heading\">\u00dcber Panaseus \u2013 PANASEUS Tinnitus \u2013 50 Kapseln<\/h2>\n<div class=\"chcg-intro\">\n<p>PANASEUS Tinnitus ist ein sorgf\u00e4ltig zusammengestelltes Nahrungserg\u00e4nzungsmittel, das eine Kombination aus pflanzlichen Extrakten vereint \u2013 darunter Buchweizen, Heidelbeere, Weissdorn, Chinesische Orange und Ginkgo biloba. Diese Inhaltsstoffe sind f\u00fcr ihren Gehalt an Flavonoiden, Anthocyanen und anderen bioaktiven Pflanzenstoffen bekannt, die zur normalen Funktion der Blutgef\u00e4sse und zur Unterst\u00fctzung der Mikrozirkulation beitragen k\u00f6nnen.<\/p>\n<p>Der Ginkgo-biloba-Extrakt ist auf mindestens 24 % Flavonglykoside standardisiert, w\u00e4hrend der Heidelbeer-Extrakt einen gesicherten Gehalt von mindestens 25 % Anthocyanen aufweist. Der Extrakt aus Chinesischer Orange liefert mindestens 50 % Citrus-Bioflavonoide. Diese sorgf\u00e4ltig standardisierten Extrakte sorgen f\u00fcr eine gleichbleibende Qualit\u00e4t und Wirkstoffdichte in jeder Kapsel.<\/p>\n<p>Das Produkt ist in pflanzenbasierten Zellulose-Kapseln erh\u00e4ltlich und enth\u00e4lt Chicor\u00e9e-Wurzel-Inulin als prebiotischen F\u00fcllstoff. Mit 50 Kapseln pro Packung deckt PANASEUS Tinnitus einen Bedarf von 50 Tagen bei empfohlener Tagesdosis von einer Kapsel.<\/p>\n<\/p><\/div>\n<div class=\"chcg-nutrition\">\n<h3>N\u00e4hrwertangaben<\/h3>\n<table class=\"chcg-nutrition-table\">\n<thead>\n<tr>\n<th>N\u00e4hrstoff<\/th>\n<th>Pro Portion (1 Kapsel \/ 490 mg)<\/th>\n<\/tr>\n<\/thead>\n<tbody>\n<tr>\n<td>Buchweizen-Samenextrakt (<em>Fagopyrum esculentum<\/em>) 10:1<\/td>\n<td>85 mg<\/td>\n<\/tr>\n<tr>\n<td>Heidelbeerextrakt (<em>Vaccinium myrtillus<\/em>)<\/td>\n<td>80 mg<\/td>\n<\/tr>\n<tr>\n<td>\u2013 davon Anthocyane (25 %)<\/td>\n<td>20 mg<\/td>\n<\/tr>\n<tr>\n<td>Weissdorn-Fruchtextrakt (<em>Crataegus pinnatifida<\/em>) 10:1<\/td>\n<td>70 mg<\/td>\n<\/tr>\n<tr>\n<td>Chinesischer-Orangen-Extrakt (<em>Citrus sinensis<\/em>)<\/td>\n<td>60 mg<\/td>\n<\/tr>\n<tr>\n<td>\u2013 davon Citrus-Bioflavonoide (50 %)<\/td>\n<td>30 mg<\/td>\n<\/tr>\n<tr>\n<td>Ginkgo-biloba-Extrakt (<em>Ginkgo biloba<\/em>)<\/td>\n<td>60 mg<\/td>\n<\/tr>\n<tr>\n<td>\u2013 davon Flavonglykoside (24 %)<\/td>\n<td>~14,4 mg<\/td>\n<\/tr>\n<\/tbody>\n<\/table>\n<p class=\"chcg-footnote\">* Kein festgelegter Tagesreferenzwert.<\/p>\n<\/p><\/div>\n<div class=\"chcg-ingredients\">\n<h3>Zutaten<\/h3>\n<p>Buchweizen-Samenextrakt (<em>Fagopyrum esculentum<\/em> Moench) 10:1, Heidelbeerextrakt (<em>Vaccinium myrtillus<\/em>) standardisiert auf mindestens 25 % Anthocyane, Weissdorn-Fruchtextrakt (<em>Crataegus pinnatifida<\/em>) 10:1, Chinesischer-Orangen-Extrakt (<em>Citrus sinensis<\/em>) standardisiert auf mindestens 50 % Citrus-Bioflavonoide, Ginkgo-biloba-Extrakt (<em>Ginkgo biloba<\/em>) standardisiert auf mindestens 24 % Flavonglykoside, F\u00fcllstoff: Chicor\u00e9e-Wurzel-Inulin (Prebiotikum).<\/p>\n<p class=\"chcg-capsule-shell\">Kapselh\u00fclle: Pflanzliche Zellulose (vegetarisch).<\/p>\n<\/p><\/div>\n<div class=\"chcg-dosage\">\n<h3>Verzehrempfehlung<\/h3>\n<p>1 Kapsel t\u00e4glich. Mit ausreichend Wasser nach der ersten Mahlzeit des Tages einnehmen.<\/p>\n<\/p><\/div>\n<div class=\"chcg-warnings\">\n<h3>Warnhinweise<\/h3>\n<p>Die empfohlene Tagesdosis nicht \u00fcberschreiten. Dieses Nahrungserg\u00e4nzungsmittel kann eine abwechslungsreiche Ern\u00e4hrung und eine gesunde Lebensweise nicht ersetzen. Personen, die Medikamente einnehmen, sollten vor der Verwendung einen Arzt oder Apotheker konsultieren. Nicht empfohlen f\u00fcr Kinder, Schwangere oder Stillende. Bei \u00dcberempfindlichkeit gegen\u00fcber einem der Inhaltsstoffe nicht verwenden.<\/p>\n<\/p><\/div>\n<div class=\"chcg-allergens\">\n<h3>Allergeninformationen<\/h3>\n<p>Es sind keine Allergene explizit deklariert. Bei bekannter Allergie oder \u00dcberempfindlichkeit gegen\u00fcber einem der Inhaltsstoffe nicht verwenden.<\/p>\n<\/p><\/div>\n<div class=\"chcg-storage\">\n<h3>Lagerung<\/h3>\n<p>An einem trockenen, dunklen Ort bei Raumtemperatur und ausserhalb der Reichweite von kleinen Kindern aufbewahren.<\/p>\n<\/p><\/div>\n<div class=\"chcg-dietary\">\n<h3>Ern\u00e4hrungshinweise<\/h3>\n<ul>\n<li>Vegetarisch<\/li>\n<\/ul><\/div>\n<\/div>\n","protected":false},"excerpt":{"rendered":"<p>PANASEUS Tinnitus vereint standardisierte Pflanzenextrakte \u2013 darunter Ginkgo biloba, Heidelbeere und Weissdorn \u2013 zur Unterst\u00fctzung der Mikrozirkulation. 50 vegetarische Kapseln pro Packung, eine Kapsel t\u00e4glich.<\/p>\n","protected":false},"featured_media":6613,"comment_status":"closed","ping_status":"open","template":"","meta":[],"product_brand":[351],"product_cat":[25,44,21],"product_tag":[],"class_list":{"0":"post-6612","1":"product","2":"type-product","3":"status-publish","4":"has-post-thumbnail","6":"product_brand-panaseus","7":"product_cat-gesundheit-und-wohlbefinden","8":"product_cat-pflanzliche-nahrungsergaenzungsmittel","9":"product_cat-vitamine-und-mineralstoffe","11":"first","12":"outofstock","13":"taxable","14":"shipping-taxable","15":"purchasable","16":"product-type-simple"},"yoast_head":"<!-- This site is optimized with the Yoast SEO plugin v27.5 - https:\/\/yoast.com\/product\/yoast-seo-wordpress\/ -->\n<title>PANASEUS Tinnitus 50 Kapseln \u2013 Panaseus | ecosupplements.ch<\/title>\n<meta name=\"description\" content=\"PANASEUS Tinnitus mit Ginkgo biloba, Heidelbeere und Weissdorn \u2013 50 vegetarische Kapseln f\u00fcr 50 Tage. Jetzt bestellen.\" \/>\n<meta name=\"robots\" content=\"index, follow, max-snippet:-1, max-image-preview:large, max-video-preview:-1\" \/>\n<link rel=\"canonical\" href=\"https:\/\/ecosupplements.ch\/?product=panaseus-tinnitus-50-caps\" \/>\n<meta property=\"og:locale\" content=\"de_DE\" \/>\n<meta property=\"og:type\" content=\"article\" \/>\n<meta property=\"og:title\" content=\"PANASEUS Tinnitus 50 Kapseln \u2013 Panaseus | ecosupplements.ch\" \/>\n<meta property=\"og:description\" content=\"PANASEUS Tinnitus mit Ginkgo biloba, Heidelbeere und Weissdorn \u2013 50 vegetarische Kapseln f\u00fcr 50 Tage. Jetzt bestellen.\" \/>\n<meta property=\"og:url\" content=\"https:\/\/ecosupplements.ch\/?product=panaseus-tinnitus-50-caps\" \/>\n<meta property=\"og:site_name\" content=\"Eco Supplements\" \/>\n<meta property=\"article:modified_time\" content=\"2026-05-13T07:28:35+00:00\" \/>\n<meta property=\"og:image\" content=\"https:\/\/ecosupplements.ch\/wp-content\/uploads\/2026\/05\/PANASEUS-Tinnitus-50-caps.jpg\" \/>\n\t<meta property=\"og:image:width\" content=\"1000\" \/>\n\t<meta property=\"og:image:height\" content=\"1243\" \/>\n\t<meta property=\"og:image:type\" content=\"image\/jpeg\" \/>\n<meta name=\"twitter:card\" content=\"summary_large_image\" \/>\n<meta name=\"twitter:label1\" content=\"Price\" \/>\n\t<meta name=\"twitter:data1\" content=\"&#067;&#072;&#070;&nbsp;11.77\" \/>\n\t<meta name=\"twitter:label2\" content=\"Availability\" \/>\n\t<meta name=\"twitter:data2\" content=\"Out of stock\" \/>\n<script type=\"application\/ld+json\" class=\"yoast-schema-graph\">{\"@context\":\"https:\\\/\\\/schema.org\",\"@graph\":[{\"@type\":\"WebPage\",\"@id\":\"https:\\\/\\\/ecosupplements.ch\\\/?product=panaseus-tinnitus-50-caps\",\"url\":\"https:\\\/\\\/ecosupplements.ch\\\/?product=panaseus-tinnitus-50-caps\",\"name\":\"PANASEUS Tinnitus 50 Kapseln \u2013 Panaseus | ecosupplements.ch\",\"isPartOf\":{\"@id\":\"https:\\\/\\\/ecosupplements.ch\\\/#website\"},\"primaryImageOfPage\":{\"@id\":\"https:\\\/\\\/ecosupplements.ch\\\/?product=panaseus-tinnitus-50-caps#primaryimage\"},\"image\":{\"@id\":\"https:\\\/\\\/ecosupplements.ch\\\/?product=panaseus-tinnitus-50-caps#primaryimage\"},\"thumbnailUrl\":\"https:\\\/\\\/ecosupplements.ch\\\/wp-content\\\/uploads\\\/2026\\\/05\\\/PANASEUS-Tinnitus-50-caps.jpg\",\"datePublished\":\"2026-05-11T15:16:15+00:00\",\"dateModified\":\"2026-05-13T07:28:35+00:00\",\"description\":\"PANASEUS Tinnitus mit Ginkgo biloba, Heidelbeere und Weissdorn \u2013 50 vegetarische Kapseln f\u00fcr 50 Tage. Jetzt bestellen.\",\"breadcrumb\":{\"@id\":\"https:\\\/\\\/ecosupplements.ch\\\/?product=panaseus-tinnitus-50-caps#breadcrumb\"},\"inLanguage\":\"de-CH\",\"potentialAction\":[{\"@type\":\"ReadAction\",\"target\":[\"https:\\\/\\\/ecosupplements.ch\\\/?product=panaseus-tinnitus-50-caps\"]}]},{\"@type\":\"ImageObject\",\"inLanguage\":\"de-CH\",\"@id\":\"https:\\\/\\\/ecosupplements.ch\\\/?product=panaseus-tinnitus-50-caps#primaryimage\",\"url\":\"https:\\\/\\\/ecosupplements.ch\\\/wp-content\\\/uploads\\\/2026\\\/05\\\/PANASEUS-Tinnitus-50-caps.jpg\",\"contentUrl\":\"https:\\\/\\\/ecosupplements.ch\\\/wp-content\\\/uploads\\\/2026\\\/05\\\/PANASEUS-Tinnitus-50-caps.jpg\",\"width\":1000,\"height\":1243,\"caption\":\"PANASEUS Tinnitus (50 caps)\"},{\"@type\":\"BreadcrumbList\",\"@id\":\"https:\\\/\\\/ecosupplements.ch\\\/?product=panaseus-tinnitus-50-caps#breadcrumb\",\"itemListElement\":[{\"@type\":\"ListItem\",\"position\":1,\"name\":\"Home\",\"item\":\"https:\\\/\\\/ecosupplements.ch\\\/\"},{\"@type\":\"ListItem\",\"position\":2,\"name\":\"Shop\",\"item\":\"https:\\\/\\\/ecosupplements.ch\\\/?page_id=14\"},{\"@type\":\"ListItem\",\"position\":3,\"name\":\"PANASEUS Tinnitus (50 caps)\"}]},{\"@type\":\"WebSite\",\"@id\":\"https:\\\/\\\/ecosupplements.ch\\\/#website\",\"url\":\"https:\\\/\\\/ecosupplements.ch\\\/\",\"name\":\"Eco Supplements\",\"description\":\"\",\"potentialAction\":[{\"@type\":\"SearchAction\",\"target\":{\"@type\":\"EntryPoint\",\"urlTemplate\":\"https:\\\/\\\/ecosupplements.ch\\\/?s={search_term_string}\"},\"query-input\":{\"@type\":\"PropertyValueSpecification\",\"valueRequired\":true,\"valueName\":\"search_term_string\"}}],\"inLanguage\":\"de-CH\"}]}<\/script>\n<meta property=\"product:price:amount\" content=\"11.77\" \/>\n<meta property=\"product:price:currency\" content=\"CHF\" \/>\n<meta property=\"og:availability\" content=\"out of stock\" \/>\n<meta property=\"product:availability\" content=\"out of stock\" \/>\n<meta property=\"product:retailer_item_id\" content=\"5904194061678\" \/>\n<meta property=\"product:condition\" content=\"new\" \/>\n<!-- \/ Yoast SEO plugin. -->","yoast_head_json":{"title":"PANASEUS Tinnitus 50 Kapseln \u2013 Panaseus | ecosupplements.ch","description":"PANASEUS Tinnitus mit Ginkgo biloba, Heidelbeere und Weissdorn \u2013 50 vegetarische Kapseln f\u00fcr 50 Tage. Jetzt bestellen.","robots":{"index":"index","follow":"follow","max-snippet":"max-snippet:-1","max-image-preview":"max-image-preview:large","max-video-preview":"max-video-preview:-1"},"canonical":"https:\/\/ecosupplements.ch\/?product=panaseus-tinnitus-50-caps","og_locale":"de_DE","og_type":"article","og_title":"PANASEUS Tinnitus 50 Kapseln \u2013 Panaseus | ecosupplements.ch","og_description":"PANASEUS Tinnitus mit Ginkgo biloba, Heidelbeere und Weissdorn \u2013 50 vegetarische Kapseln f\u00fcr 50 Tage. Jetzt bestellen.","og_url":"https:\/\/ecosupplements.ch\/?product=panaseus-tinnitus-50-caps","og_site_name":"Eco Supplements","article_modified_time":"2026-05-13T07:28:35+00:00","og_image":[{"width":1000,"height":1243,"url":"https:\/\/ecosupplements.ch\/wp-content\/uploads\/2026\/05\/PANASEUS-Tinnitus-50-caps.jpg","type":"image\/jpeg"}],"twitter_card":"summary_large_image","twitter_misc":{"Price":"&#67;&#72;&#70;&nbsp;11.77","Availability":"Out of stock"},"schema":{"@context":"https:\/\/schema.org","@graph":[{"@type":"WebPage","@id":"https:\/\/ecosupplements.ch\/?product=panaseus-tinnitus-50-caps","url":"https:\/\/ecosupplements.ch\/?product=panaseus-tinnitus-50-caps","name":"PANASEUS Tinnitus 50 Kapseln \u2013 Panaseus | ecosupplements.ch","isPartOf":{"@id":"https:\/\/ecosupplements.ch\/#website"},"primaryImageOfPage":{"@id":"https:\/\/ecosupplements.ch\/?product=panaseus-tinnitus-50-caps#primaryimage"},"image":{"@id":"https:\/\/ecosupplements.ch\/?product=panaseus-tinnitus-50-caps#primaryimage"},"thumbnailUrl":"https:\/\/ecosupplements.ch\/wp-content\/uploads\/2026\/05\/PANASEUS-Tinnitus-50-caps.jpg","datePublished":"2026-05-11T15:16:15+00:00","dateModified":"2026-05-13T07:28:35+00:00","description":"PANASEUS Tinnitus mit Ginkgo biloba, Heidelbeere und Weissdorn \u2013 50 vegetarische Kapseln f\u00fcr 50 Tage. Jetzt bestellen.","breadcrumb":{"@id":"https:\/\/ecosupplements.ch\/?product=panaseus-tinnitus-50-caps#breadcrumb"},"inLanguage":"de-CH","potentialAction":[{"@type":"ReadAction","target":["https:\/\/ecosupplements.ch\/?product=panaseus-tinnitus-50-caps"]}]},{"@type":"ImageObject","inLanguage":"de-CH","@id":"https:\/\/ecosupplements.ch\/?product=panaseus-tinnitus-50-caps#primaryimage","url":"https:\/\/ecosupplements.ch\/wp-content\/uploads\/2026\/05\/PANASEUS-Tinnitus-50-caps.jpg","contentUrl":"https:\/\/ecosupplements.ch\/wp-content\/uploads\/2026\/05\/PANASEUS-Tinnitus-50-caps.jpg","width":1000,"height":1243,"caption":"PANASEUS Tinnitus (50 caps)"},{"@type":"BreadcrumbList","@id":"https:\/\/ecosupplements.ch\/?product=panaseus-tinnitus-50-caps#breadcrumb","itemListElement":[{"@type":"ListItem","position":1,"name":"Home","item":"https:\/\/ecosupplements.ch\/"},{"@type":"ListItem","position":2,"name":"Shop","item":"https:\/\/ecosupplements.ch\/?page_id=14"},{"@type":"ListItem","position":3,"name":"PANASEUS Tinnitus (50 caps)"}]},{"@type":"WebSite","@id":"https:\/\/ecosupplements.ch\/#website","url":"https:\/\/ecosupplements.ch\/","name":"Eco Supplements","description":"","potentialAction":[{"@type":"SearchAction","target":{"@type":"EntryPoint","urlTemplate":"https:\/\/ecosupplements.ch\/?s={search_term_string}"},"query-input":{"@type":"PropertyValueSpecification","valueRequired":true,"valueName":"search_term_string"}}],"inLanguage":"de-CH"}]},"product_price_amount":"11.77","product_price_currency":"CHF","og_availability":"out of stock","product_availability":"out of stock","product_retailer_item_id":"5904194061678","product_condition":"new"},"_links":{"self":[{"href":"https:\/\/ecosupplements.ch\/index.php?rest_route=\/wp\/v2\/product\/6612","targetHints":{"allow":["GET"]}}],"collection":[{"href":"https:\/\/ecosupplements.ch\/index.php?rest_route=\/wp\/v2\/product"}],"about":[{"href":"https:\/\/ecosupplements.ch\/index.php?rest_route=\/wp\/v2\/types\/product"}],"replies":[{"embeddable":true,"href":"https:\/\/ecosupplements.ch\/index.php?rest_route=%2Fwp%2Fv2%2Fcomments&post=6612"}],"wp:featuredmedia":[{"embeddable":true,"href":"https:\/\/ecosupplements.ch\/index.php?rest_route=\/wp\/v2\/media\/6613"}],"wp:attachment":[{"href":"https:\/\/ecosupplements.ch\/index.php?rest_route=%2Fwp%2Fv2%2Fmedia&parent=6612"}],"wp:term":[{"taxonomy":"product_brand","embeddable":true,"href":"https:\/\/ecosupplements.ch\/index.php?rest_route=%2Fwp%2Fv2%2Fproduct_brand&post=6612"},{"taxonomy":"product_cat","embeddable":true,"href":"https:\/\/ecosupplements.ch\/index.php?rest_route=%2Fwp%2Fv2%2Fproduct_cat&post=6612"},{"taxonomy":"product_tag","embeddable":true,"href":"https:\/\/ecosupplements.ch\/index.php?rest_route=%2Fwp%2Fv2%2Fproduct_tag&post=6612"}],"curies":[{"name":"wp","href":"https:\/\/api.w.org\/{rel}","templated":true}]}}