{"id":6614,"date":"2026-05-11T15:16:16","date_gmt":"2026-05-11T15:16:16","guid":{"rendered":"https:\/\/ecosupplements.ch\/?product=panaseus-healthy-prostate-50-caps"},"modified":"2026-05-13T07:28:35","modified_gmt":"2026-05-13T07:28:35","slug":"panaseus-healthy-prostate-50-caps","status":"publish","type":"product","link":"https:\/\/ecosupplements.ch\/?product=panaseus-healthy-prostate-50-caps","title":{"rendered":"PANASEUS Healthy prostate (50 caps)"},"content":{"rendered":"<div class=\"chcg-product-description\">\n<h2 class=\"chcg-heading\">\u00dcber PANASEUS \u2013 Healthy Prostate (50 Kapseln)<\/h2>\n<div class=\"chcg-intro\">\n<p>PANASEUS Healthy Prostate ist ein sorgf\u00e4ltig zusammengestelltes Nahrungserg\u00e4nzungsmittel f\u00fcr M\u00e4nner, das eine Kombination aus bew\u00e4hrten Pflanzenextrakten und wichtigen Mikron\u00e4hrstoffen in einer praktischen Kapselform vereint. Die Formel enth\u00e4lt Extrakte aus S\u00e4gepalme (Serenoa repens), K\u00fcrbiskernen, Brennnessel, Kleinbl\u00fctigem Weidenr\u00f6schen und Petersilienwurzel \u2013 Pflanzen, die in der traditionellen Phytotherapie seit Langem einen festen Platz haben.<\/p>\n<p>Erg\u00e4nzt wird die Pflanzenkombination durch Zinkpicolinat und Vitamin B6. Zink tr\u00e4gt zur Aufrechterhaltung eines normalen Testosteronspiegels im Blut sowie zur normalen Fruchtbarkeit und Reproduktion bei. Vitamin B6 unterst\u00fctzt eine normale Hormont\u00e4tigkeit und tr\u00e4gt zur Regulierung der Hormont\u00e4tigkeit bei.<\/p>\n<p>Mit 50 Kapseln pro Packung \u2013 eine Kapsel pro Tag \u2013 deckt PANASEUS Healthy Prostate einen Zeitraum von 50 Tagen ab. Das Produkt ist vegetarisch und vegan geeignet, frei von k\u00fcnstlichen Konservierungs-, Farb- und Duftstoffen und enth\u00e4lt keine Laktose.<\/p>\n<\/p><\/div>\n<div class=\"chcg-nutrition\">\n<h3>N\u00e4hrwertangaben<\/h3>\n<table class=\"chcg-nutrition-table\">\n<thead>\n<tr>\n<th>N\u00e4hrstoff<\/th>\n<th>Pro Portion (1 Kapsel)<\/th>\n<\/tr>\n<\/thead>\n<tbody>\n<tr>\n<td>S\u00e4gepalme \u2013 Extrakt<\/td>\n<td>25 mg<\/td>\n<\/tr>\n<tr>\n<td>\u2013 davon Fetts\u00e4uren (45%)<\/td>\n<td>11,3 mg<\/td>\n<\/tr>\n<tr>\n<td>K\u00fcrbiskern \u2013 Extrakt 10:1<\/td>\n<td>100 mg<\/td>\n<\/tr>\n<tr>\n<td>Brennnessel \u2013 Extrakt 20:1<\/td>\n<td>50 mg<\/td>\n<\/tr>\n<tr>\n<td>Kleinbl\u00fctiges Weidenr\u00f6schen \u2013 Extrakt 10:1<\/td>\n<td>45 mg<\/td>\n<\/tr>\n<tr>\n<td>Petersilie \u2013 Extrakt 10:1<\/td>\n<td>55 mg<\/td>\n<\/tr>\n<tr>\n<td>Zinkpicolinat<\/td>\n<td>25 mg<\/td>\n<\/tr>\n<tr>\n<td>\u2013 davon Zink (20%)<\/td>\n<td>5 mg (50% NRV*)<\/td>\n<\/tr>\n<tr>\n<td>Vitamin B6 (Pyridoxin HCl)<\/td>\n<td>1,4 mg (100% NRV*)<\/td>\n<\/tr>\n<\/tbody>\n<\/table>\n<p class=\"chcg-footnote\">* NRV \u2013 N\u00e4hrstoffbezugswert (Nutrient Reference Value)<\/p>\n<\/p><\/div>\n<div class=\"chcg-ingredients\">\n<h3>Zutaten<\/h3>\n<p>K\u00fcrbiskernextrakt (<em>Cucurbita pepo<\/em>), Petersilienwurzelextrakt (<em>Petroselinum crispum<\/em>) 10:1, Brennnesselblattextrakt (<em>Urtica dioica<\/em>) 20:1, F\u00fcllstoff: mikrokristalline Cellulose, Kleinbl\u00fctiges-Weidenr\u00f6schen-Krautextrakt (<em>Epilobium parviflorum<\/em>) 10:1, S\u00e4gepalmen-Fruchtextrakt (<em>Serenoa repens<\/em>), standardisiert auf mind. 45% Fetts\u00e4uren, Zinkpicolinat (Zink), Pyridoxin HCl (Vitamin B6).<\/p>\n<p class=\"chcg-capsule-shell\">Kapselh\u00fclle: Pflanzencellulose (vegetarisch).<\/p>\n<\/p><\/div>\n<div class=\"chcg-dosage\">\n<h3>Verzehrempfehlung<\/h3>\n<p>1 Kapsel einmal t\u00e4glich. Mit einer grossen Menge Wasser nach der ersten Mahlzeit schlucken.<\/p>\n<\/p><\/div>\n<div class=\"chcg-warnings\">\n<h3>Warnhinweise<\/h3>\n<p>Die empfohlene Tagesmenge nicht \u00fcberschreiten. Dieses Nahrungserg\u00e4nzungsmittel kann nicht als Ersatz f\u00fcr eine abwechslungsreiche Ern\u00e4hrung und eine gesunde Lebensweise verwendet werden. Personen, die Medikamente einnehmen, sollten vor der Anwendung einen Arzt oder Apotheker konsultieren. Nicht empfohlen f\u00fcr Kinder, Schwangere oder stillende M\u00fctter. Wenn unerw\u00fcnschte Wirkungen auftreten, Anwendung abbrechen und einen Arzt aufsuchen.<\/p>\n<\/p><\/div>\n<div class=\"chcg-allergens\">\n<h3>Allergeninformationen<\/h3>\n<p>Enth\u00e4lt keine Krebstiere, Eier, Fisch, N\u00fcsse, Soja, Milchzutaten, Sellerie, Senf oder Sesam. Hergestellt ohne k\u00fcnstliche Konservierungsstoffe, Duftstoffe oder Farbstoffe. Frei von Schwermetallen wie Arsen, Cadmium, Blei und Quecksilber.<\/p>\n<\/p><\/div>\n<div class=\"chcg-storage\">\n<h3>Lagerung<\/h3>\n<p>An einem trockenen, dunklen Ort bei Raumtemperatur und ausserhalb der Reichweite von kleinen Kindern aufbewahren.<\/p>\n<\/p><\/div>\n<div class=\"chcg-dietary\">\n<h3>Ern\u00e4hrungshinweise<\/h3>\n<ul>\n<li>Vegan<\/li>\n<li>Vegetarisch<\/li>\n<li>Laktosefrei<\/li>\n<\/ul><\/div>\n<\/div>\n","protected":false},"excerpt":{"rendered":"<p>PANASEUS Healthy Prostate kombiniert S\u00e4gepalmen-, K\u00fcrbiskern- und Brennnesselextrakt mit Zink und Vitamin B6 in praktischen Kapseln. 50 Kapseln pro Packung, einmal t\u00e4glich. Vegan und laktosefrei.<\/p>\n","protected":false},"featured_media":6615,"comment_status":"closed","ping_status":"open","template":"","meta":[],"product_brand":[351],"product_cat":[25,56,99,21],"product_tag":[],"class_list":{"0":"post-6614","1":"product","2":"type-product","3":"status-publish","4":"has-post-thumbnail","6":"product_brand-panaseus","7":"product_cat-gesundheit-und-wohlbefinden","8":"product_cat-kindergesundheit","9":"product_cat-unterstuetzung-fuer-die-gelenke","10":"product_cat-vitamine-und-mineralstoffe","12":"first","13":"outofstock","14":"taxable","15":"shipping-taxable","16":"purchasable","17":"product-type-simple"},"yoast_head":"<!-- This site is optimized with the Yoast SEO plugin v27.5 - https:\/\/yoast.com\/product\/yoast-seo-wordpress\/ -->\n<title>PANASEUS Healthy Prostate 50 Kapseln | ecosupplements.ch<\/title>\n<meta name=\"description\" content=\"Pflanzliche Prostata-Formel mit S\u00e4gepalme, K\u00fcrbiskern, Zink und Vitamin B6 \u2013 50 Kapseln, vegan. Jetzt bestellen.\" \/>\n<meta name=\"robots\" content=\"index, follow, max-snippet:-1, max-image-preview:large, max-video-preview:-1\" \/>\n<link rel=\"canonical\" href=\"https:\/\/ecosupplements.ch\/?product=panaseus-healthy-prostate-50-caps\" \/>\n<meta property=\"og:locale\" content=\"de_DE\" \/>\n<meta property=\"og:type\" content=\"article\" \/>\n<meta property=\"og:title\" content=\"PANASEUS Healthy Prostate 50 Kapseln | ecosupplements.ch\" \/>\n<meta property=\"og:description\" content=\"Pflanzliche Prostata-Formel mit S\u00e4gepalme, K\u00fcrbiskern, Zink und Vitamin B6 \u2013 50 Kapseln, vegan. Jetzt bestellen.\" \/>\n<meta property=\"og:url\" content=\"https:\/\/ecosupplements.ch\/?product=panaseus-healthy-prostate-50-caps\" \/>\n<meta property=\"og:site_name\" content=\"Eco Supplements\" \/>\n<meta property=\"article:modified_time\" content=\"2026-05-13T07:28:35+00:00\" \/>\n<meta property=\"og:image\" content=\"https:\/\/ecosupplements.ch\/wp-content\/uploads\/2026\/05\/PANASEUS-Healthy-prostate-50-caps.jpg\" \/>\n\t<meta property=\"og:image:width\" content=\"800\" \/>\n\t<meta property=\"og:image:height\" content=\"800\" \/>\n\t<meta property=\"og:image:type\" content=\"image\/jpeg\" \/>\n<meta name=\"twitter:card\" content=\"summary_large_image\" \/>\n<meta name=\"twitter:label1\" content=\"Price\" \/>\n\t<meta name=\"twitter:data1\" content=\"&#067;&#072;&#070;&nbsp;9.28\" \/>\n\t<meta name=\"twitter:label2\" content=\"Availability\" \/>\n\t<meta name=\"twitter:data2\" content=\"Out of stock\" \/>\n<script type=\"application\/ld+json\" class=\"yoast-schema-graph\">{\"@context\":\"https:\\\/\\\/schema.org\",\"@graph\":[{\"@type\":\"WebPage\",\"@id\":\"https:\\\/\\\/ecosupplements.ch\\\/?product=panaseus-healthy-prostate-50-caps\",\"url\":\"https:\\\/\\\/ecosupplements.ch\\\/?product=panaseus-healthy-prostate-50-caps\",\"name\":\"PANASEUS Healthy Prostate 50 Kapseln | ecosupplements.ch\",\"isPartOf\":{\"@id\":\"https:\\\/\\\/ecosupplements.ch\\\/#website\"},\"primaryImageOfPage\":{\"@id\":\"https:\\\/\\\/ecosupplements.ch\\\/?product=panaseus-healthy-prostate-50-caps#primaryimage\"},\"image\":{\"@id\":\"https:\\\/\\\/ecosupplements.ch\\\/?product=panaseus-healthy-prostate-50-caps#primaryimage\"},\"thumbnailUrl\":\"https:\\\/\\\/ecosupplements.ch\\\/wp-content\\\/uploads\\\/2026\\\/05\\\/PANASEUS-Healthy-prostate-50-caps.jpg\",\"datePublished\":\"2026-05-11T15:16:16+00:00\",\"dateModified\":\"2026-05-13T07:28:35+00:00\",\"description\":\"Pflanzliche Prostata-Formel mit S\u00e4gepalme, K\u00fcrbiskern, Zink und Vitamin B6 \u2013 50 Kapseln, vegan. Jetzt bestellen.\",\"breadcrumb\":{\"@id\":\"https:\\\/\\\/ecosupplements.ch\\\/?product=panaseus-healthy-prostate-50-caps#breadcrumb\"},\"inLanguage\":\"de-CH\",\"potentialAction\":[{\"@type\":\"ReadAction\",\"target\":[\"https:\\\/\\\/ecosupplements.ch\\\/?product=panaseus-healthy-prostate-50-caps\"]}]},{\"@type\":\"ImageObject\",\"inLanguage\":\"de-CH\",\"@id\":\"https:\\\/\\\/ecosupplements.ch\\\/?product=panaseus-healthy-prostate-50-caps#primaryimage\",\"url\":\"https:\\\/\\\/ecosupplements.ch\\\/wp-content\\\/uploads\\\/2026\\\/05\\\/PANASEUS-Healthy-prostate-50-caps.jpg\",\"contentUrl\":\"https:\\\/\\\/ecosupplements.ch\\\/wp-content\\\/uploads\\\/2026\\\/05\\\/PANASEUS-Healthy-prostate-50-caps.jpg\",\"width\":800,\"height\":800,\"caption\":\"PANASEUS Healthy prostate (50 caps)\"},{\"@type\":\"BreadcrumbList\",\"@id\":\"https:\\\/\\\/ecosupplements.ch\\\/?product=panaseus-healthy-prostate-50-caps#breadcrumb\",\"itemListElement\":[{\"@type\":\"ListItem\",\"position\":1,\"name\":\"Home\",\"item\":\"https:\\\/\\\/ecosupplements.ch\\\/\"},{\"@type\":\"ListItem\",\"position\":2,\"name\":\"Shop\",\"item\":\"https:\\\/\\\/ecosupplements.ch\\\/?page_id=14\"},{\"@type\":\"ListItem\",\"position\":3,\"name\":\"PANASEUS Healthy prostate (50 caps)\"}]},{\"@type\":\"WebSite\",\"@id\":\"https:\\\/\\\/ecosupplements.ch\\\/#website\",\"url\":\"https:\\\/\\\/ecosupplements.ch\\\/\",\"name\":\"Eco Supplements\",\"description\":\"\",\"potentialAction\":[{\"@type\":\"SearchAction\",\"target\":{\"@type\":\"EntryPoint\",\"urlTemplate\":\"https:\\\/\\\/ecosupplements.ch\\\/?s={search_term_string}\"},\"query-input\":{\"@type\":\"PropertyValueSpecification\",\"valueRequired\":true,\"valueName\":\"search_term_string\"}}],\"inLanguage\":\"de-CH\"}]}<\/script>\n<meta property=\"product:price:amount\" content=\"9.28\" \/>\n<meta property=\"product:price:currency\" content=\"CHF\" \/>\n<meta property=\"og:availability\" content=\"out of stock\" \/>\n<meta property=\"product:availability\" content=\"out of stock\" \/>\n<meta property=\"product:retailer_item_id\" content=\"5904194061425\" \/>\n<meta property=\"product:condition\" content=\"new\" \/>\n<!-- \/ Yoast SEO plugin. -->","yoast_head_json":{"title":"PANASEUS Healthy Prostate 50 Kapseln | ecosupplements.ch","description":"Pflanzliche Prostata-Formel mit S\u00e4gepalme, K\u00fcrbiskern, Zink und Vitamin B6 \u2013 50 Kapseln, vegan. Jetzt bestellen.","robots":{"index":"index","follow":"follow","max-snippet":"max-snippet:-1","max-image-preview":"max-image-preview:large","max-video-preview":"max-video-preview:-1"},"canonical":"https:\/\/ecosupplements.ch\/?product=panaseus-healthy-prostate-50-caps","og_locale":"de_DE","og_type":"article","og_title":"PANASEUS Healthy Prostate 50 Kapseln | ecosupplements.ch","og_description":"Pflanzliche Prostata-Formel mit S\u00e4gepalme, K\u00fcrbiskern, Zink und Vitamin B6 \u2013 50 Kapseln, vegan. Jetzt bestellen.","og_url":"https:\/\/ecosupplements.ch\/?product=panaseus-healthy-prostate-50-caps","og_site_name":"Eco Supplements","article_modified_time":"2026-05-13T07:28:35+00:00","og_image":[{"width":800,"height":800,"url":"https:\/\/ecosupplements.ch\/wp-content\/uploads\/2026\/05\/PANASEUS-Healthy-prostate-50-caps.jpg","type":"image\/jpeg"}],"twitter_card":"summary_large_image","twitter_misc":{"Price":"&#67;&#72;&#70;&nbsp;9.28","Availability":"Out of stock"},"schema":{"@context":"https:\/\/schema.org","@graph":[{"@type":"WebPage","@id":"https:\/\/ecosupplements.ch\/?product=panaseus-healthy-prostate-50-caps","url":"https:\/\/ecosupplements.ch\/?product=panaseus-healthy-prostate-50-caps","name":"PANASEUS Healthy Prostate 50 Kapseln | ecosupplements.ch","isPartOf":{"@id":"https:\/\/ecosupplements.ch\/#website"},"primaryImageOfPage":{"@id":"https:\/\/ecosupplements.ch\/?product=panaseus-healthy-prostate-50-caps#primaryimage"},"image":{"@id":"https:\/\/ecosupplements.ch\/?product=panaseus-healthy-prostate-50-caps#primaryimage"},"thumbnailUrl":"https:\/\/ecosupplements.ch\/wp-content\/uploads\/2026\/05\/PANASEUS-Healthy-prostate-50-caps.jpg","datePublished":"2026-05-11T15:16:16+00:00","dateModified":"2026-05-13T07:28:35+00:00","description":"Pflanzliche Prostata-Formel mit S\u00e4gepalme, K\u00fcrbiskern, Zink und Vitamin B6 \u2013 50 Kapseln, vegan. Jetzt bestellen.","breadcrumb":{"@id":"https:\/\/ecosupplements.ch\/?product=panaseus-healthy-prostate-50-caps#breadcrumb"},"inLanguage":"de-CH","potentialAction":[{"@type":"ReadAction","target":["https:\/\/ecosupplements.ch\/?product=panaseus-healthy-prostate-50-caps"]}]},{"@type":"ImageObject","inLanguage":"de-CH","@id":"https:\/\/ecosupplements.ch\/?product=panaseus-healthy-prostate-50-caps#primaryimage","url":"https:\/\/ecosupplements.ch\/wp-content\/uploads\/2026\/05\/PANASEUS-Healthy-prostate-50-caps.jpg","contentUrl":"https:\/\/ecosupplements.ch\/wp-content\/uploads\/2026\/05\/PANASEUS-Healthy-prostate-50-caps.jpg","width":800,"height":800,"caption":"PANASEUS Healthy prostate (50 caps)"},{"@type":"BreadcrumbList","@id":"https:\/\/ecosupplements.ch\/?product=panaseus-healthy-prostate-50-caps#breadcrumb","itemListElement":[{"@type":"ListItem","position":1,"name":"Home","item":"https:\/\/ecosupplements.ch\/"},{"@type":"ListItem","position":2,"name":"Shop","item":"https:\/\/ecosupplements.ch\/?page_id=14"},{"@type":"ListItem","position":3,"name":"PANASEUS Healthy prostate (50 caps)"}]},{"@type":"WebSite","@id":"https:\/\/ecosupplements.ch\/#website","url":"https:\/\/ecosupplements.ch\/","name":"Eco Supplements","description":"","potentialAction":[{"@type":"SearchAction","target":{"@type":"EntryPoint","urlTemplate":"https:\/\/ecosupplements.ch\/?s={search_term_string}"},"query-input":{"@type":"PropertyValueSpecification","valueRequired":true,"valueName":"search_term_string"}}],"inLanguage":"de-CH"}]},"product_price_amount":"9.28","product_price_currency":"CHF","og_availability":"out of stock","product_availability":"out of stock","product_retailer_item_id":"5904194061425","product_condition":"new"},"_links":{"self":[{"href":"https:\/\/ecosupplements.ch\/index.php?rest_route=\/wp\/v2\/product\/6614","targetHints":{"allow":["GET"]}}],"collection":[{"href":"https:\/\/ecosupplements.ch\/index.php?rest_route=\/wp\/v2\/product"}],"about":[{"href":"https:\/\/ecosupplements.ch\/index.php?rest_route=\/wp\/v2\/types\/product"}],"replies":[{"embeddable":true,"href":"https:\/\/ecosupplements.ch\/index.php?rest_route=%2Fwp%2Fv2%2Fcomments&post=6614"}],"wp:featuredmedia":[{"embeddable":true,"href":"https:\/\/ecosupplements.ch\/index.php?rest_route=\/wp\/v2\/media\/6615"}],"wp:attachment":[{"href":"https:\/\/ecosupplements.ch\/index.php?rest_route=%2Fwp%2Fv2%2Fmedia&parent=6614"}],"wp:term":[{"taxonomy":"product_brand","embeddable":true,"href":"https:\/\/ecosupplements.ch\/index.php?rest_route=%2Fwp%2Fv2%2Fproduct_brand&post=6614"},{"taxonomy":"product_cat","embeddable":true,"href":"https:\/\/ecosupplements.ch\/index.php?rest_route=%2Fwp%2Fv2%2Fproduct_cat&post=6614"},{"taxonomy":"product_tag","embeddable":true,"href":"https:\/\/ecosupplements.ch\/index.php?rest_route=%2Fwp%2Fv2%2Fproduct_tag&post=6614"}],"curies":[{"name":"wp","href":"https:\/\/api.w.org\/{rel}","templated":true}]}}