{"id":6626,"date":"2026-05-11T15:16:21","date_gmt":"2026-05-11T15:16:21","guid":{"rendered":"https:\/\/ecosupplements.ch\/?product=pure-lab-retinol-vitamin-a-800-mcg-240-caps"},"modified":"2026-05-13T07:28:37","modified_gmt":"2026-05-13T07:28:37","slug":"pure-lab-retinol-vitamin-a-800-mcg-240-caps","status":"publish","type":"product","link":"https:\/\/ecosupplements.ch\/?product=pure-lab-retinol-vitamin-a-800-mcg-240-caps","title":{"rendered":"PURE LAB Retinol &#8211; Vitamin A, 800 mcg (240 caps)"},"content":{"rendered":"<div class=\"chcg-product-description\">\n<h2 class=\"chcg-heading\">\u00dcber Pure Lab \u2013 PURE LAB Retinol \u2013 Vitamin A, 800 mcg (240 Kapseln)<\/h2>\n<div class=\"chcg-intro\">\n<p>Vitamin A ist ein fettl\u00f6sliches Vitamin, das eine wichtige Rolle f\u00fcr zahlreiche K\u00f6rperfunktionen spielt. Es tr\u00e4gt zur Erhaltung normaler Sehkraft bei, unterst\u00fctzt die Funktion des Immunsystems und ist an der Zellteilung beteiligt. Zudem leistet Vitamin A einen Beitrag zur Erhaltung normaler Haut und Schleimh\u00e4ute.<\/p>\n<p>PURE LAB Retinol liefert Vitamin A in Form von Retinylacetat \u2013 einer gut vertr\u00e4glichen und stabilen Form des Vitamins. Jede Kapsel deckt 100 % des N\u00e4hrstoffreferenzwerts (NRV) f\u00fcr Vitamin A und eignet sich damit ideal zur gezielten t\u00e4glichen Erg\u00e4nzung. Die pflanzliche Vcaps\u00ae-Kapsel aus Hydroxypropylmethylcellulose macht dieses Produkt f\u00fcr vegane und vegetarische Ern\u00e4hrungsweisen geeignet.<\/p>\n<p>Mit 240 Kapseln pro Packung bietet PURE LAB Retinol einen Vorrat f\u00fcr 240 Tage bei einmaliger Tageseinnahme \u2013 eine praktische und langfristige L\u00f6sung f\u00fcr eine bedarfsgerechte Vitamin-A-Versorgung.<\/p>\n<\/p><\/div>\n<div class=\"chcg-nutrition\">\n<h3>N\u00e4hrwertangaben<\/h3>\n<table class=\"chcg-nutrition-table\">\n<thead>\n<tr>\n<th>N\u00e4hrstoff<\/th>\n<th>Pro Portion (1 Kapsel)<\/th>\n<\/tr>\n<\/thead>\n<tbody>\n<tr>\n<td>Vitamin A (als Retinylacetat)<\/td>\n<td>800 mcg (100 % NRV)<\/td>\n<\/tr>\n<tr>\n<td>L-Leucine<\/td>\n<td>8,75 mg*<\/td>\n<\/tr>\n<\/tbody>\n<\/table>\n<p class=\"chcg-footnote\">* Kein festgelegter N\u00e4hrstoffreferenzwert (NRV).<\/p>\n<\/p><\/div>\n<div class=\"chcg-ingredients\">\n<h3>Zutaten<\/h3>\n<p>Inulin, Retinylacetat (Vitamin A), L-Leucine, Kapselh\u00fclle: Hydroxypropylmethylcellulose (pflanzliche Zellulose).<\/p>\n<p class=\"chcg-capsule-shell\">Kapselh\u00fclle: Hydroxypropylmethylcellulose (pflanzliche Zellulose) \u2013 Vcaps\u00ae vegetarische Kapsel<\/p>\n<\/p><\/div>\n<div class=\"chcg-dosage\">\n<h3>Verzehrempfehlung<\/h3>\n<p>Eine Kapsel t\u00e4glich, mit Wasser einnehmen.<\/p>\n<\/p><\/div>\n<div class=\"chcg-warnings\">\n<h3>Warnhinweise<\/h3>\n<p>Vor direktem Sonnenlicht sch\u00fctzen. Nicht verwenden bei Allergie gegen einen der Inhaltsstoffe des Nahrungserg\u00e4nzungsmittels. Nahrungserg\u00e4nzungsmittel sind kein Ersatz f\u00fcr eine abwechslungsreiche Ern\u00e4hrung. Eine ausgewogene Ern\u00e4hrung und ein gesunder Lebensstil sind wichtig und werden empfohlen. Die empfohlene Tagesdosis nicht \u00fcberschreiten. Ausserhalb der Reichweite von kleinen Kindern aufbewahren.<\/p>\n<\/p><\/div>\n<div class=\"chcg-allergens\">\n<h3>Allergeninformationen<\/h3>\n<p>Nicht verwenden bei Allergie gegen einen der Inhaltsstoffe des Nahrungserg\u00e4nzungsmittels. Keine grossen Allergene (Gluten, Laktose, Soja) deklariert.<\/p>\n<\/p><\/div>\n<div class=\"chcg-storage\">\n<h3>Lagerung<\/h3>\n<p>An einem trockenen Ort bei einer Temperatur zwischen 15 \u00b0C und 25 \u00b0C lagern. Ausserhalb der Reichweite von kleinen Kindern aufbewahren. Vor direktem Sonnenlicht sch\u00fctzen.<\/p>\n<\/p><\/div>\n<div class=\"chcg-dietary\">\n<h3>Ern\u00e4hrungshinweise<\/h3>\n<ul>\n<li>Vegan<\/li>\n<li>Vegetarisch<\/li>\n<li>Glutenfrei<\/li>\n<li>Laktosefrei<\/li>\n<\/ul><\/div>\n<\/div>\n","protected":false},"excerpt":{"rendered":"<p>PURE LAB Retinol liefert 800 mcg Vitamin A pro veganer Kapsel \u2013 100 % des Tagesbedarfs \u2013 und unterst\u00fctzt normale Sehkraft, Haut und Immunfunktion. Packung mit 240 Kapseln f\u00fcr 240 Tage.<\/p>\n","protected":false},"featured_media":6627,"comment_status":"closed","ping_status":"open","template":"","meta":[],"product_brand":[500],"product_cat":[27,28,31,21],"product_tag":[],"class_list":{"0":"post-6626","1":"product","2":"type-product","3":"status-publish","4":"has-post-thumbnail","6":"product_brand-pure-lab","7":"product_cat-einige-vitamine","8":"product_cat-vitamin-b","9":"product_cat-vitamin-k","10":"product_cat-vitamine-und-mineralstoffe","12":"first","13":"outofstock","14":"taxable","15":"shipping-taxable","16":"purchasable","17":"product-type-simple"},"yoast_head":"<!-- This site is optimized with the Yoast SEO plugin v27.5 - https:\/\/yoast.com\/product\/yoast-seo-wordpress\/ -->\n<title>PURE LAB Retinol Vitamin A 800 mcg 240 Kapseln | ecosupplements.ch<\/title>\n<meta name=\"description\" content=\"PURE LAB Retinol mit 800 mcg Vitamin A pro veganer Kapsel \u2013 240 Kapseln f\u00fcr eine langfristige, t\u00e4gliche Versorgung. Jetzt bestellen.\" \/>\n<meta name=\"robots\" content=\"index, follow, max-snippet:-1, max-image-preview:large, max-video-preview:-1\" \/>\n<link rel=\"canonical\" href=\"https:\/\/ecosupplements.ch\/?product=pure-lab-retinol-vitamin-a-800-mcg-240-caps\" \/>\n<meta property=\"og:locale\" content=\"de_DE\" \/>\n<meta property=\"og:type\" content=\"article\" \/>\n<meta property=\"og:title\" content=\"PURE LAB Retinol Vitamin A 800 mcg 240 Kapseln | ecosupplements.ch\" \/>\n<meta property=\"og:description\" content=\"PURE LAB Retinol mit 800 mcg Vitamin A pro veganer Kapsel \u2013 240 Kapseln f\u00fcr eine langfristige, t\u00e4gliche Versorgung. Jetzt bestellen.\" \/>\n<meta property=\"og:url\" content=\"https:\/\/ecosupplements.ch\/?product=pure-lab-retinol-vitamin-a-800-mcg-240-caps\" \/>\n<meta property=\"og:site_name\" content=\"Eco Supplements\" \/>\n<meta property=\"article:modified_time\" content=\"2026-05-13T07:28:37+00:00\" \/>\n<meta property=\"og:image\" content=\"https:\/\/ecosupplements.ch\/wp-content\/uploads\/2026\/05\/PURE-LAB-Retinol-Vitamin-A-800-mcg-240-caps.jpg\" \/>\n\t<meta property=\"og:image:width\" content=\"500\" \/>\n\t<meta property=\"og:image:height\" content=\"800\" \/>\n\t<meta property=\"og:image:type\" content=\"image\/jpeg\" \/>\n<meta name=\"twitter:card\" content=\"summary_large_image\" \/>\n<meta name=\"twitter:label1\" content=\"Price\" \/>\n\t<meta name=\"twitter:data1\" content=\"&#067;&#072;&#070;&nbsp;11.18\" \/>\n\t<meta name=\"twitter:label2\" content=\"Availability\" \/>\n\t<meta name=\"twitter:data2\" content=\"Out of stock\" \/>\n<script type=\"application\/ld+json\" class=\"yoast-schema-graph\">{\"@context\":\"https:\\\/\\\/schema.org\",\"@graph\":[{\"@type\":\"WebPage\",\"@id\":\"https:\\\/\\\/ecosupplements.ch\\\/?product=pure-lab-retinol-vitamin-a-800-mcg-240-caps\",\"url\":\"https:\\\/\\\/ecosupplements.ch\\\/?product=pure-lab-retinol-vitamin-a-800-mcg-240-caps\",\"name\":\"PURE LAB Retinol Vitamin A 800 mcg 240 Kapseln | ecosupplements.ch\",\"isPartOf\":{\"@id\":\"https:\\\/\\\/ecosupplements.ch\\\/#website\"},\"primaryImageOfPage\":{\"@id\":\"https:\\\/\\\/ecosupplements.ch\\\/?product=pure-lab-retinol-vitamin-a-800-mcg-240-caps#primaryimage\"},\"image\":{\"@id\":\"https:\\\/\\\/ecosupplements.ch\\\/?product=pure-lab-retinol-vitamin-a-800-mcg-240-caps#primaryimage\"},\"thumbnailUrl\":\"https:\\\/\\\/ecosupplements.ch\\\/wp-content\\\/uploads\\\/2026\\\/05\\\/PURE-LAB-Retinol-Vitamin-A-800-mcg-240-caps.jpg\",\"datePublished\":\"2026-05-11T15:16:21+00:00\",\"dateModified\":\"2026-05-13T07:28:37+00:00\",\"description\":\"PURE LAB Retinol mit 800 mcg Vitamin A pro veganer Kapsel \u2013 240 Kapseln f\u00fcr eine langfristige, t\u00e4gliche Versorgung. Jetzt bestellen.\",\"breadcrumb\":{\"@id\":\"https:\\\/\\\/ecosupplements.ch\\\/?product=pure-lab-retinol-vitamin-a-800-mcg-240-caps#breadcrumb\"},\"inLanguage\":\"de-CH\",\"potentialAction\":[{\"@type\":\"ReadAction\",\"target\":[\"https:\\\/\\\/ecosupplements.ch\\\/?product=pure-lab-retinol-vitamin-a-800-mcg-240-caps\"]}]},{\"@type\":\"ImageObject\",\"inLanguage\":\"de-CH\",\"@id\":\"https:\\\/\\\/ecosupplements.ch\\\/?product=pure-lab-retinol-vitamin-a-800-mcg-240-caps#primaryimage\",\"url\":\"https:\\\/\\\/ecosupplements.ch\\\/wp-content\\\/uploads\\\/2026\\\/05\\\/PURE-LAB-Retinol-Vitamin-A-800-mcg-240-caps.jpg\",\"contentUrl\":\"https:\\\/\\\/ecosupplements.ch\\\/wp-content\\\/uploads\\\/2026\\\/05\\\/PURE-LAB-Retinol-Vitamin-A-800-mcg-240-caps.jpg\",\"width\":500,\"height\":800,\"caption\":\"PURE LAB Retinol - Vitamin A\"},{\"@type\":\"BreadcrumbList\",\"@id\":\"https:\\\/\\\/ecosupplements.ch\\\/?product=pure-lab-retinol-vitamin-a-800-mcg-240-caps#breadcrumb\",\"itemListElement\":[{\"@type\":\"ListItem\",\"position\":1,\"name\":\"Home\",\"item\":\"https:\\\/\\\/ecosupplements.ch\\\/\"},{\"@type\":\"ListItem\",\"position\":2,\"name\":\"Shop\",\"item\":\"https:\\\/\\\/ecosupplements.ch\\\/?page_id=14\"},{\"@type\":\"ListItem\",\"position\":3,\"name\":\"PURE LAB Retinol &#8211; Vitamin A, 800 mcg (240 caps)\"}]},{\"@type\":\"WebSite\",\"@id\":\"https:\\\/\\\/ecosupplements.ch\\\/#website\",\"url\":\"https:\\\/\\\/ecosupplements.ch\\\/\",\"name\":\"Eco Supplements\",\"description\":\"\",\"potentialAction\":[{\"@type\":\"SearchAction\",\"target\":{\"@type\":\"EntryPoint\",\"urlTemplate\":\"https:\\\/\\\/ecosupplements.ch\\\/?s={search_term_string}\"},\"query-input\":{\"@type\":\"PropertyValueSpecification\",\"valueRequired\":true,\"valueName\":\"search_term_string\"}}],\"inLanguage\":\"de-CH\"}]}<\/script>\n<meta property=\"product:price:amount\" content=\"11.18\" \/>\n<meta property=\"product:price:currency\" content=\"CHF\" \/>\n<meta property=\"og:availability\" content=\"out of stock\" \/>\n<meta property=\"product:availability\" content=\"out of stock\" \/>\n<meta property=\"product:retailer_item_id\" content=\"5902479614151\" \/>\n<meta property=\"product:condition\" content=\"new\" \/>\n<!-- \/ Yoast SEO plugin. -->","yoast_head_json":{"title":"PURE LAB Retinol Vitamin A 800 mcg 240 Kapseln | ecosupplements.ch","description":"PURE LAB Retinol mit 800 mcg Vitamin A pro veganer Kapsel \u2013 240 Kapseln f\u00fcr eine langfristige, t\u00e4gliche Versorgung. Jetzt bestellen.","robots":{"index":"index","follow":"follow","max-snippet":"max-snippet:-1","max-image-preview":"max-image-preview:large","max-video-preview":"max-video-preview:-1"},"canonical":"https:\/\/ecosupplements.ch\/?product=pure-lab-retinol-vitamin-a-800-mcg-240-caps","og_locale":"de_DE","og_type":"article","og_title":"PURE LAB Retinol Vitamin A 800 mcg 240 Kapseln | ecosupplements.ch","og_description":"PURE LAB Retinol mit 800 mcg Vitamin A pro veganer Kapsel \u2013 240 Kapseln f\u00fcr eine langfristige, t\u00e4gliche Versorgung. Jetzt bestellen.","og_url":"https:\/\/ecosupplements.ch\/?product=pure-lab-retinol-vitamin-a-800-mcg-240-caps","og_site_name":"Eco Supplements","article_modified_time":"2026-05-13T07:28:37+00:00","og_image":[{"width":500,"height":800,"url":"https:\/\/ecosupplements.ch\/wp-content\/uploads\/2026\/05\/PURE-LAB-Retinol-Vitamin-A-800-mcg-240-caps.jpg","type":"image\/jpeg"}],"twitter_card":"summary_large_image","twitter_misc":{"Price":"&#67;&#72;&#70;&nbsp;11.18","Availability":"Out of stock"},"schema":{"@context":"https:\/\/schema.org","@graph":[{"@type":"WebPage","@id":"https:\/\/ecosupplements.ch\/?product=pure-lab-retinol-vitamin-a-800-mcg-240-caps","url":"https:\/\/ecosupplements.ch\/?product=pure-lab-retinol-vitamin-a-800-mcg-240-caps","name":"PURE LAB Retinol Vitamin A 800 mcg 240 Kapseln | ecosupplements.ch","isPartOf":{"@id":"https:\/\/ecosupplements.ch\/#website"},"primaryImageOfPage":{"@id":"https:\/\/ecosupplements.ch\/?product=pure-lab-retinol-vitamin-a-800-mcg-240-caps#primaryimage"},"image":{"@id":"https:\/\/ecosupplements.ch\/?product=pure-lab-retinol-vitamin-a-800-mcg-240-caps#primaryimage"},"thumbnailUrl":"https:\/\/ecosupplements.ch\/wp-content\/uploads\/2026\/05\/PURE-LAB-Retinol-Vitamin-A-800-mcg-240-caps.jpg","datePublished":"2026-05-11T15:16:21+00:00","dateModified":"2026-05-13T07:28:37+00:00","description":"PURE LAB Retinol mit 800 mcg Vitamin A pro veganer Kapsel \u2013 240 Kapseln f\u00fcr eine langfristige, t\u00e4gliche Versorgung. Jetzt bestellen.","breadcrumb":{"@id":"https:\/\/ecosupplements.ch\/?product=pure-lab-retinol-vitamin-a-800-mcg-240-caps#breadcrumb"},"inLanguage":"de-CH","potentialAction":[{"@type":"ReadAction","target":["https:\/\/ecosupplements.ch\/?product=pure-lab-retinol-vitamin-a-800-mcg-240-caps"]}]},{"@type":"ImageObject","inLanguage":"de-CH","@id":"https:\/\/ecosupplements.ch\/?product=pure-lab-retinol-vitamin-a-800-mcg-240-caps#primaryimage","url":"https:\/\/ecosupplements.ch\/wp-content\/uploads\/2026\/05\/PURE-LAB-Retinol-Vitamin-A-800-mcg-240-caps.jpg","contentUrl":"https:\/\/ecosupplements.ch\/wp-content\/uploads\/2026\/05\/PURE-LAB-Retinol-Vitamin-A-800-mcg-240-caps.jpg","width":500,"height":800,"caption":"PURE LAB Retinol - Vitamin A"},{"@type":"BreadcrumbList","@id":"https:\/\/ecosupplements.ch\/?product=pure-lab-retinol-vitamin-a-800-mcg-240-caps#breadcrumb","itemListElement":[{"@type":"ListItem","position":1,"name":"Home","item":"https:\/\/ecosupplements.ch\/"},{"@type":"ListItem","position":2,"name":"Shop","item":"https:\/\/ecosupplements.ch\/?page_id=14"},{"@type":"ListItem","position":3,"name":"PURE LAB Retinol &#8211; Vitamin A, 800 mcg (240 caps)"}]},{"@type":"WebSite","@id":"https:\/\/ecosupplements.ch\/#website","url":"https:\/\/ecosupplements.ch\/","name":"Eco Supplements","description":"","potentialAction":[{"@type":"SearchAction","target":{"@type":"EntryPoint","urlTemplate":"https:\/\/ecosupplements.ch\/?s={search_term_string}"},"query-input":{"@type":"PropertyValueSpecification","valueRequired":true,"valueName":"search_term_string"}}],"inLanguage":"de-CH"}]},"product_price_amount":"11.18","product_price_currency":"CHF","og_availability":"out of stock","product_availability":"out of stock","product_retailer_item_id":"5902479614151","product_condition":"new"},"_links":{"self":[{"href":"https:\/\/ecosupplements.ch\/index.php?rest_route=\/wp\/v2\/product\/6626","targetHints":{"allow":["GET"]}}],"collection":[{"href":"https:\/\/ecosupplements.ch\/index.php?rest_route=\/wp\/v2\/product"}],"about":[{"href":"https:\/\/ecosupplements.ch\/index.php?rest_route=\/wp\/v2\/types\/product"}],"replies":[{"embeddable":true,"href":"https:\/\/ecosupplements.ch\/index.php?rest_route=%2Fwp%2Fv2%2Fcomments&post=6626"}],"wp:featuredmedia":[{"embeddable":true,"href":"https:\/\/ecosupplements.ch\/index.php?rest_route=\/wp\/v2\/media\/6627"}],"wp:attachment":[{"href":"https:\/\/ecosupplements.ch\/index.php?rest_route=%2Fwp%2Fv2%2Fmedia&parent=6626"}],"wp:term":[{"taxonomy":"product_brand","embeddable":true,"href":"https:\/\/ecosupplements.ch\/index.php?rest_route=%2Fwp%2Fv2%2Fproduct_brand&post=6626"},{"taxonomy":"product_cat","embeddable":true,"href":"https:\/\/ecosupplements.ch\/index.php?rest_route=%2Fwp%2Fv2%2Fproduct_cat&post=6626"},{"taxonomy":"product_tag","embeddable":true,"href":"https:\/\/ecosupplements.ch\/index.php?rest_route=%2Fwp%2Fv2%2Fproduct_tag&post=6626"}],"curies":[{"name":"wp","href":"https:\/\/api.w.org\/{rel}","templated":true}]}}