{"id":6638,"date":"2026-05-11T15:16:26","date_gmt":"2026-05-11T15:16:26","guid":{"rendered":"https:\/\/ecosupplements.ch\/?product=solgar-brewers-yeast-powder-400-g-14-oz"},"modified":"2026-05-13T07:28:37","modified_gmt":"2026-05-13T07:28:37","slug":"solgar-brewers-yeast-powder-400-g-14-oz","status":"publish","type":"product","link":"https:\/\/ecosupplements.ch\/?product=solgar-brewers-yeast-powder-400-g-14-oz","title":{"rendered":"SOLGAR Brewer&#8217;s Yeast Powder (400 g \/ 14 oz.)"},"content":{"rendered":"<div class=\"chcg-product-description\">\n<h2 class=\"chcg-heading\">\u00dcber SOLGAR \u2013 Brewer&#8217;s Yeast Pulver (400 g \/ 14 oz.)<\/h2>\n<div class=\"chcg-intro\">\n<p>Das SOLGAR Brewer&#8217;s Yeast Pulver ist ein nat\u00fcrliches Nahrungserg\u00e4nzungsmittel auf Basis von Bierhefe \u2013 einer der \u00e4ltesten und n\u00e4hrstoffreichsten Naturzutaten \u00fcberhaupt. Mit 13 g Protein pro Portion (30 g) und einem beachtlichen Gehalt an B-Vitaminen wie Riboflavin, Fols\u00e4ure und Thiamin leistet dieses Pulver einen wertvollen Beitrag zu einer ausgewogenen Ern\u00e4hrung.<\/p>\n<p>Bierhefe liefert zudem eine bedeutende Menge an Ballaststoffen (6 g pro Portion) sowie wichtige Mineralstoffe wie Mangan und Eisen. Riboflavin (Vitamin B2) tr\u00e4gt zur Verringerung von M\u00fcdigkeit und Ersch\u00f6pfung bei, Fols\u00e4ure unterst\u00fctzt die normale Funktion des Immunsystems, und Niacin tr\u00e4gt zur normalen psychischen Funktion bei.<\/p>\n<p>Dank seiner feinen Pulverform l\u00e4sst sich das SOLGAR Brewer&#8217;s Yeast Pulver unkompliziert in den Alltag integrieren \u2013 ob ins Fr\u00fchst\u00fccksm\u00fcesli, in Suppen, Saucen oder Backwaren einger\u00fchrt. SOLGAR steht seit 1947 f\u00fcr h\u00f6chste Qualit\u00e4tsstandards und sorgf\u00e4ltig ausgew\u00e4hlte Zutaten.<\/p>\n<\/p><\/div>\n<div class=\"chcg-nutrition\">\n<h3>N\u00e4hrwertangaben<\/h3>\n<table class=\"chcg-nutrition-table\">\n<thead>\n<tr>\n<th>N\u00e4hrstoff<\/th>\n<th>Pro Portion (30 g)<\/th>\n<\/tr>\n<\/thead>\n<tbody>\n<tr>\n<td>Kalorien<\/td>\n<td>110 kcal<\/td>\n<\/tr>\n<tr>\n<td>\u2013 davon aus Fett<\/td>\n<td>15 kcal<\/td>\n<\/tr>\n<tr>\n<td>Gesamtfett<\/td>\n<td>1,5 g (2 % TV)<\/td>\n<\/tr>\n<tr>\n<td>Gesamtkohlenhydrate<\/td>\n<td>13 g (4 % TV)<\/td>\n<\/tr>\n<tr>\n<td>\u2013 davon Ballaststoffe<\/td>\n<td>6 g (24 % TV)<\/td>\n<\/tr>\n<tr>\n<td>\u2013 davon Zucker<\/td>\n<td>4 g **<\/td>\n<\/tr>\n<tr>\n<td>Protein<\/td>\n<td>13 g (26 % TV)<\/td>\n<\/tr>\n<tr>\n<td>Thiamin (Vitamin B1)<\/td>\n<td>0,3 mg (20 % TV)<\/td>\n<\/tr>\n<tr>\n<td>Riboflavin (Vitamin B2)<\/td>\n<td>0,9 mg (53 % TV)<\/td>\n<\/tr>\n<tr>\n<td>Niacin<\/td>\n<td>5,7 mg (29 % TV)<\/td>\n<\/tr>\n<tr>\n<td>Vitamin B6<\/td>\n<td>0,15 mg (8 % TV)<\/td>\n<\/tr>\n<tr>\n<td>Fols\u00e4ure<\/td>\n<td>205 mcg (51 % TV)<\/td>\n<\/tr>\n<tr>\n<td>Eisen<\/td>\n<td>0,6 mg (3 % TV)<\/td>\n<\/tr>\n<tr>\n<td>Mangan<\/td>\n<td>0,2 mg (10 % TV)<\/td>\n<\/tr>\n<tr>\n<td>Natrium<\/td>\n<td>25 mg (1 % TV)<\/td>\n<\/tr>\n<\/tbody>\n<\/table>\n<p class=\"chcg-footnote\">** Kein Tagesbedarf (TV) festgelegt. Die Prozentwerte des Tagesbedarfs basieren auf einer Ern\u00e4hrung mit 2&#8217;000 Kalorien.<\/p>\n<\/p><\/div>\n<div class=\"chcg-ingredients\">\n<h3>Zutaten<\/h3>\n<p>Bierhefe. Enth\u00e4lt Weizen. Hinweis: L-Tryptophan ist von Natur aus enthalten; nicht zugesetzt.<\/p>\n<\/p><\/div>\n<div class=\"chcg-dosage\">\n<h3>Verzehrempfehlung<\/h3>\n<p>Als Nahrungserg\u00e4nzungsmittel f\u00fcr Erwachsene t\u00e4glich zwei (2) Essl\u00f6ffel (30 g) einnehmen. Das Pulver kann \u00fcber Cerealien oder Salate gestreut oder in Eint\u00f6pfe, Suppen, Saucen, Bratensosse, S\u00e4fte oder Backwaren eingearbeitet werden.<\/p>\n<\/p><\/div>\n<div class=\"chcg-warnings\">\n<h3>Warnhinweise<\/h3>\n<p>Wenn Sie schwanger sind, stillen, Medikamente einnehmen oder an einer Erkrankung leiden, konsultieren Sie bitte vor der Einnahme eines Nahrungserg\u00e4nzungsmittels Ihre \u00c4rztin oder Ihren Arzt. Verwenden Sie dieses Produkt nicht, wenn Sie allergisch auf Hefe reagieren. Bei unerw\u00fcnschten Reaktionen die Einnahme abbrechen und \u00e4rztlichen Rat einholen. Ausserhalb der Reichweite von Kindern aufbewahren. Nicht verwenden, wenn der Metalldeckel unter dem Verschluss fehlt, eingerissen oder auf irgendeine Weise besch\u00e4digt ist.<\/p>\n<\/p><\/div>\n<div class=\"chcg-allergens\">\n<h3>Allergeninformationen<\/h3>\n<p>Enth\u00e4lt Weizen. Verwenden Sie dieses Produkt nicht, wenn Sie allergisch auf Hefe reagieren.<\/p>\n<\/p><\/div>\n<div class=\"chcg-storage\">\n<h3>Lagerung<\/h3>\n<p>Bei Raumtemperatur (15\u201330 \u00b0C) lagern. Vor W\u00e4rme, Licht und Feuchtigkeit sch\u00fctzen.<\/p>\n<\/p><\/div>\n<div class=\"chcg-dietary\">\n<h3>Ern\u00e4hrungshinweise<\/h3>\n<ul>\n<li>Vegetarisch<\/li>\n<li>Laktosefrei<\/li>\n<\/ul><\/div>\n<\/div>\n","protected":false},"excerpt":{"rendered":"<p>SOLGAR Brewer&#8217;s Yeast Pulver liefert pro Portion 13 g Protein sowie wertvolle B-Vitamine und Ballaststoffe aus nat\u00fcrlicher Bierhefe. Das feine Pulver (400 g) l\u00e4sst sich leicht in Speisen und Getr\u00e4nke einr\u00fchren. Enth\u00e4lt Weizen.<\/p>\n","protected":false},"featured_media":6639,"comment_status":"closed","ping_status":"open","template":"","meta":[],"product_brand":[229],"product_cat":[34,25,98,21],"product_tag":[],"class_list":{"0":"post-6638","1":"product","2":"type-product","3":"status-publish","4":"has-post-thumbnail","6":"product_brand-solgar","7":"product_cat-antioxidantien","8":"product_cat-gesundheit-und-wohlbefinden","9":"product_cat-vitalitaet","10":"product_cat-vitamine-und-mineralstoffe","12":"first","13":"outofstock","14":"taxable","15":"shipping-taxable","16":"purchasable","17":"product-type-simple"},"yoast_head":"<!-- This site is optimized with the Yoast SEO plugin v27.5 - https:\/\/yoast.com\/product\/yoast-seo-wordpress\/ -->\n<title>SOLGAR Brewer&#039;s Yeast Pulver 400 g | ecosupplements.ch<\/title>\n<meta name=\"description\" content=\"SOLGAR Brewer&#039;s Yeast Pulver (400 g) \u2013 reich an Protein, B-Vitaminen und Ballaststoffen aus nat\u00fcrlicher Bierhefe. Vielseitig einsetzbar in K\u00fcche und Alltag. Jetzt bestellen.\" \/>\n<meta name=\"robots\" content=\"index, follow, max-snippet:-1, max-image-preview:large, max-video-preview:-1\" \/>\n<link rel=\"canonical\" href=\"https:\/\/ecosupplements.ch\/?product=solgar-brewers-yeast-powder-400-g-14-oz\" \/>\n<meta property=\"og:locale\" content=\"de_DE\" \/>\n<meta property=\"og:type\" content=\"article\" \/>\n<meta property=\"og:title\" content=\"SOLGAR Brewer&#039;s Yeast Pulver 400 g | ecosupplements.ch\" \/>\n<meta property=\"og:description\" content=\"SOLGAR Brewer&#039;s Yeast Pulver (400 g) \u2013 reich an Protein, B-Vitaminen und Ballaststoffen aus nat\u00fcrlicher Bierhefe. Vielseitig einsetzbar in K\u00fcche und Alltag. Jetzt bestellen.\" \/>\n<meta property=\"og:url\" content=\"https:\/\/ecosupplements.ch\/?product=solgar-brewers-yeast-powder-400-g-14-oz\" \/>\n<meta property=\"og:site_name\" content=\"Eco Supplements\" \/>\n<meta property=\"article:modified_time\" content=\"2026-05-13T07:28:37+00:00\" \/>\n<meta property=\"og:image\" content=\"https:\/\/ecosupplements.ch\/wp-content\/uploads\/2026\/05\/SOLGAR-Brewers-Yeast-Powder-400-g-14-oz.jpg\" \/>\n\t<meta property=\"og:image:width\" content=\"1080\" \/>\n\t<meta property=\"og:image:height\" content=\"1080\" \/>\n\t<meta property=\"og:image:type\" content=\"image\/jpeg\" \/>\n<meta name=\"twitter:card\" content=\"summary_large_image\" \/>\n<meta name=\"twitter:label1\" content=\"Price\" \/>\n\t<meta name=\"twitter:data1\" content=\"&#067;&#072;&#070;&nbsp;19.11\" \/>\n\t<meta name=\"twitter:label2\" content=\"Availability\" \/>\n\t<meta name=\"twitter:data2\" content=\"Out of stock\" \/>\n<script type=\"application\/ld+json\" class=\"yoast-schema-graph\">{\"@context\":\"https:\\\/\\\/schema.org\",\"@graph\":[{\"@type\":\"WebPage\",\"@id\":\"https:\\\/\\\/ecosupplements.ch\\\/?product=solgar-brewers-yeast-powder-400-g-14-oz\",\"url\":\"https:\\\/\\\/ecosupplements.ch\\\/?product=solgar-brewers-yeast-powder-400-g-14-oz\",\"name\":\"SOLGAR Brewer's Yeast Pulver 400 g | ecosupplements.ch\",\"isPartOf\":{\"@id\":\"https:\\\/\\\/ecosupplements.ch\\\/#website\"},\"primaryImageOfPage\":{\"@id\":\"https:\\\/\\\/ecosupplements.ch\\\/?product=solgar-brewers-yeast-powder-400-g-14-oz#primaryimage\"},\"image\":{\"@id\":\"https:\\\/\\\/ecosupplements.ch\\\/?product=solgar-brewers-yeast-powder-400-g-14-oz#primaryimage\"},\"thumbnailUrl\":\"https:\\\/\\\/ecosupplements.ch\\\/wp-content\\\/uploads\\\/2026\\\/05\\\/SOLGAR-Brewers-Yeast-Powder-400-g-14-oz.jpg\",\"datePublished\":\"2026-05-11T15:16:26+00:00\",\"dateModified\":\"2026-05-13T07:28:37+00:00\",\"description\":\"SOLGAR Brewer's Yeast Pulver (400 g) \u2013 reich an Protein, B-Vitaminen und Ballaststoffen aus nat\u00fcrlicher Bierhefe. Vielseitig einsetzbar in K\u00fcche und Alltag. Jetzt bestellen.\",\"breadcrumb\":{\"@id\":\"https:\\\/\\\/ecosupplements.ch\\\/?product=solgar-brewers-yeast-powder-400-g-14-oz#breadcrumb\"},\"inLanguage\":\"de-CH\",\"potentialAction\":[{\"@type\":\"ReadAction\",\"target\":[\"https:\\\/\\\/ecosupplements.ch\\\/?product=solgar-brewers-yeast-powder-400-g-14-oz\"]}]},{\"@type\":\"ImageObject\",\"inLanguage\":\"de-CH\",\"@id\":\"https:\\\/\\\/ecosupplements.ch\\\/?product=solgar-brewers-yeast-powder-400-g-14-oz#primaryimage\",\"url\":\"https:\\\/\\\/ecosupplements.ch\\\/wp-content\\\/uploads\\\/2026\\\/05\\\/SOLGAR-Brewers-Yeast-Powder-400-g-14-oz.jpg\",\"contentUrl\":\"https:\\\/\\\/ecosupplements.ch\\\/wp-content\\\/uploads\\\/2026\\\/05\\\/SOLGAR-Brewers-Yeast-Powder-400-g-14-oz.jpg\",\"width\":1080,\"height\":1080,\"caption\":\"SOLGAR Brewer's Yeast Powder (400 g \\\/ 14 oz.)\"},{\"@type\":\"BreadcrumbList\",\"@id\":\"https:\\\/\\\/ecosupplements.ch\\\/?product=solgar-brewers-yeast-powder-400-g-14-oz#breadcrumb\",\"itemListElement\":[{\"@type\":\"ListItem\",\"position\":1,\"name\":\"Home\",\"item\":\"https:\\\/\\\/ecosupplements.ch\\\/\"},{\"@type\":\"ListItem\",\"position\":2,\"name\":\"Shop\",\"item\":\"https:\\\/\\\/ecosupplements.ch\\\/?page_id=14\"},{\"@type\":\"ListItem\",\"position\":3,\"name\":\"SOLGAR Brewer&#8217;s Yeast Powder (400 g \\\/ 14 oz.)\"}]},{\"@type\":\"WebSite\",\"@id\":\"https:\\\/\\\/ecosupplements.ch\\\/#website\",\"url\":\"https:\\\/\\\/ecosupplements.ch\\\/\",\"name\":\"Eco Supplements\",\"description\":\"\",\"potentialAction\":[{\"@type\":\"SearchAction\",\"target\":{\"@type\":\"EntryPoint\",\"urlTemplate\":\"https:\\\/\\\/ecosupplements.ch\\\/?s={search_term_string}\"},\"query-input\":{\"@type\":\"PropertyValueSpecification\",\"valueRequired\":true,\"valueName\":\"search_term_string\"}}],\"inLanguage\":\"de-CH\"}]}<\/script>\n<meta property=\"product:price:amount\" content=\"19.11\" \/>\n<meta property=\"product:price:currency\" content=\"CHF\" \/>\n<meta property=\"og:availability\" content=\"out of stock\" \/>\n<meta property=\"product:availability\" content=\"out of stock\" \/>\n<meta property=\"product:retailer_item_id\" content=\"033984003804\" \/>\n<meta property=\"product:condition\" content=\"new\" \/>\n<!-- \/ Yoast SEO plugin. -->","yoast_head_json":{"title":"SOLGAR Brewer's Yeast Pulver 400 g | ecosupplements.ch","description":"SOLGAR Brewer's Yeast Pulver (400 g) \u2013 reich an Protein, B-Vitaminen und Ballaststoffen aus nat\u00fcrlicher Bierhefe. Vielseitig einsetzbar in K\u00fcche und Alltag. Jetzt bestellen.","robots":{"index":"index","follow":"follow","max-snippet":"max-snippet:-1","max-image-preview":"max-image-preview:large","max-video-preview":"max-video-preview:-1"},"canonical":"https:\/\/ecosupplements.ch\/?product=solgar-brewers-yeast-powder-400-g-14-oz","og_locale":"de_DE","og_type":"article","og_title":"SOLGAR Brewer's Yeast Pulver 400 g | ecosupplements.ch","og_description":"SOLGAR Brewer's Yeast Pulver (400 g) \u2013 reich an Protein, B-Vitaminen und Ballaststoffen aus nat\u00fcrlicher Bierhefe. Vielseitig einsetzbar in K\u00fcche und Alltag. Jetzt bestellen.","og_url":"https:\/\/ecosupplements.ch\/?product=solgar-brewers-yeast-powder-400-g-14-oz","og_site_name":"Eco Supplements","article_modified_time":"2026-05-13T07:28:37+00:00","og_image":[{"width":1080,"height":1080,"url":"https:\/\/ecosupplements.ch\/wp-content\/uploads\/2026\/05\/SOLGAR-Brewers-Yeast-Powder-400-g-14-oz.jpg","type":"image\/jpeg"}],"twitter_card":"summary_large_image","twitter_misc":{"Price":"&#67;&#72;&#70;&nbsp;19.11","Availability":"Out of stock"},"schema":{"@context":"https:\/\/schema.org","@graph":[{"@type":"WebPage","@id":"https:\/\/ecosupplements.ch\/?product=solgar-brewers-yeast-powder-400-g-14-oz","url":"https:\/\/ecosupplements.ch\/?product=solgar-brewers-yeast-powder-400-g-14-oz","name":"SOLGAR Brewer's Yeast Pulver 400 g | ecosupplements.ch","isPartOf":{"@id":"https:\/\/ecosupplements.ch\/#website"},"primaryImageOfPage":{"@id":"https:\/\/ecosupplements.ch\/?product=solgar-brewers-yeast-powder-400-g-14-oz#primaryimage"},"image":{"@id":"https:\/\/ecosupplements.ch\/?product=solgar-brewers-yeast-powder-400-g-14-oz#primaryimage"},"thumbnailUrl":"https:\/\/ecosupplements.ch\/wp-content\/uploads\/2026\/05\/SOLGAR-Brewers-Yeast-Powder-400-g-14-oz.jpg","datePublished":"2026-05-11T15:16:26+00:00","dateModified":"2026-05-13T07:28:37+00:00","description":"SOLGAR Brewer's Yeast Pulver (400 g) \u2013 reich an Protein, B-Vitaminen und Ballaststoffen aus nat\u00fcrlicher Bierhefe. Vielseitig einsetzbar in K\u00fcche und Alltag. Jetzt bestellen.","breadcrumb":{"@id":"https:\/\/ecosupplements.ch\/?product=solgar-brewers-yeast-powder-400-g-14-oz#breadcrumb"},"inLanguage":"de-CH","potentialAction":[{"@type":"ReadAction","target":["https:\/\/ecosupplements.ch\/?product=solgar-brewers-yeast-powder-400-g-14-oz"]}]},{"@type":"ImageObject","inLanguage":"de-CH","@id":"https:\/\/ecosupplements.ch\/?product=solgar-brewers-yeast-powder-400-g-14-oz#primaryimage","url":"https:\/\/ecosupplements.ch\/wp-content\/uploads\/2026\/05\/SOLGAR-Brewers-Yeast-Powder-400-g-14-oz.jpg","contentUrl":"https:\/\/ecosupplements.ch\/wp-content\/uploads\/2026\/05\/SOLGAR-Brewers-Yeast-Powder-400-g-14-oz.jpg","width":1080,"height":1080,"caption":"SOLGAR Brewer's Yeast Powder (400 g \/ 14 oz.)"},{"@type":"BreadcrumbList","@id":"https:\/\/ecosupplements.ch\/?product=solgar-brewers-yeast-powder-400-g-14-oz#breadcrumb","itemListElement":[{"@type":"ListItem","position":1,"name":"Home","item":"https:\/\/ecosupplements.ch\/"},{"@type":"ListItem","position":2,"name":"Shop","item":"https:\/\/ecosupplements.ch\/?page_id=14"},{"@type":"ListItem","position":3,"name":"SOLGAR Brewer&#8217;s Yeast Powder (400 g \/ 14 oz.)"}]},{"@type":"WebSite","@id":"https:\/\/ecosupplements.ch\/#website","url":"https:\/\/ecosupplements.ch\/","name":"Eco Supplements","description":"","potentialAction":[{"@type":"SearchAction","target":{"@type":"EntryPoint","urlTemplate":"https:\/\/ecosupplements.ch\/?s={search_term_string}"},"query-input":{"@type":"PropertyValueSpecification","valueRequired":true,"valueName":"search_term_string"}}],"inLanguage":"de-CH"}]},"product_price_amount":"19.11","product_price_currency":"CHF","og_availability":"out of stock","product_availability":"out of stock","product_retailer_item_id":"033984003804","product_condition":"new"},"_links":{"self":[{"href":"https:\/\/ecosupplements.ch\/index.php?rest_route=\/wp\/v2\/product\/6638","targetHints":{"allow":["GET"]}}],"collection":[{"href":"https:\/\/ecosupplements.ch\/index.php?rest_route=\/wp\/v2\/product"}],"about":[{"href":"https:\/\/ecosupplements.ch\/index.php?rest_route=\/wp\/v2\/types\/product"}],"replies":[{"embeddable":true,"href":"https:\/\/ecosupplements.ch\/index.php?rest_route=%2Fwp%2Fv2%2Fcomments&post=6638"}],"wp:featuredmedia":[{"embeddable":true,"href":"https:\/\/ecosupplements.ch\/index.php?rest_route=\/wp\/v2\/media\/6639"}],"wp:attachment":[{"href":"https:\/\/ecosupplements.ch\/index.php?rest_route=%2Fwp%2Fv2%2Fmedia&parent=6638"}],"wp:term":[{"taxonomy":"product_brand","embeddable":true,"href":"https:\/\/ecosupplements.ch\/index.php?rest_route=%2Fwp%2Fv2%2Fproduct_brand&post=6638"},{"taxonomy":"product_cat","embeddable":true,"href":"https:\/\/ecosupplements.ch\/index.php?rest_route=%2Fwp%2Fv2%2Fproduct_cat&post=6638"},{"taxonomy":"product_tag","embeddable":true,"href":"https:\/\/ecosupplements.ch\/index.php?rest_route=%2Fwp%2Fv2%2Fproduct_tag&post=6638"}],"curies":[{"name":"wp","href":"https:\/\/api.w.org\/{rel}","templated":true}]}}