{"id":6640,"date":"2026-05-11T15:16:27","date_gmt":"2026-05-11T15:16:27","guid":{"rendered":"https:\/\/ecosupplements.ch\/?product=solgar-calcium-magnesium-plus-boron-250-tabs"},"modified":"2026-05-13T07:28:38","modified_gmt":"2026-05-13T07:28:38","slug":"solgar-calcium-magnesium-plus-boron-250-tabs","status":"publish","type":"product","link":"https:\/\/ecosupplements.ch\/?product=solgar-calcium-magnesium-plus-boron-250-tabs","title":{"rendered":"SOLGAR Calcium Magnesium plus Boron (250 tabs)"},"content":{"rendered":"<div class=\"chcg-product-description\">\n<h2 class=\"chcg-heading\">\u00dcber SOLGAR \u2013 Calcium Magnesium plus Boron (250 Tabletten)<\/h2>\n<div class=\"chcg-intro\">\n<p>Calcium und Magnesium geh\u00f6ren zu den wichtigsten Mineralstoffen des menschlichen K\u00f6rpers. Calcium tr\u00e4gt zur normalen Muskelfunktion, zur Aufrechterhaltung normaler Knochen und Z\u00e4hne sowie zur normalen Blutgerinnung bei. Magnesium unterst\u00fctzt ebenfalls die normale Muskelfunktion, den Energiestoffwechsel und tr\u00e4gt zur Verringerung von M\u00fcdigkeit und Ersch\u00f6pfung bei.<\/p>\n<p>Diese Formel von Solgar kombiniert hochwertige Calcium- und Magnesiumquellen \u2013 darunter Carbonat, Gluconat und Citrat \u2013 mit dem Spurenelement Bor. Die sorgf\u00e4ltig ausgew\u00e4hlten Mineralstoffverbindungen sorgen f\u00fcr eine gute Vertr\u00e4glichkeit und sind auf die t\u00e4glichen Bed\u00fcrfnisse erwachsener Personen abgestimmt.<\/p>\n<p>Mit 1000 mg Calcium und 400 mg Magnesium pro Tagesportion (3 Tabletten) bietet dieses Produkt eine praktische M\u00f6glichkeit, die t\u00e4gliche Mineralstoffzufuhr zu erg\u00e4nzen. Die grosse Packungsgr\u00f6sse mit 250 Tabletten ist besonders f\u00fcr den l\u00e4ngerfristigen Gebrauch geeignet.<\/p>\n<\/p><\/div>\n<div class=\"chcg-nutrition\">\n<h3>N\u00e4hrwertangaben<\/h3>\n<table class=\"chcg-nutrition-table\">\n<thead>\n<tr>\n<th>N\u00e4hrstoff<\/th>\n<th>Pro Portion (3 Tabletten)<\/th>\n<\/tr>\n<\/thead>\n<tbody>\n<tr>\n<td>Calcium (als Calciumcarbonat, Calciumgluconat, Calciumcitrat)<\/td>\n<td>1000 mg (77 % NRV)<\/td>\n<\/tr>\n<tr>\n<td>Magnesium (als Magnesiumoxid, Magnesiumcitrat, Magnesiumgluconat)<\/td>\n<td>400 mg (95 % NRV)<\/td>\n<\/tr>\n<tr>\n<td>Natrium<\/td>\n<td>10 mg (&lt;1 % NRV)<\/td>\n<\/tr>\n<tr>\n<td>Bor (als Bors\u00e4ure \/ Borcitrat)<\/td>\n<td>3 mg *<\/td>\n<\/tr>\n<\/tbody>\n<\/table>\n<p class=\"chcg-footnote\">* Kein N\u00e4hrstoffreferenzwert (NRV) festgelegt.<\/p>\n<\/p><\/div>\n<div class=\"chcg-ingredients\">\n<h3>Zutaten<\/h3>\n<p>Calcium (als Carbonat, Gluconat, Citrat), Magnesium (als Oxid, Gluconat, Citrat), F\u00fcllstoffe: (mikrokristalline Cellulose, Maltodextrin, Zitronens\u00e4ure), \u00dcberzugsmittel: (Hydroxypropylmethylcellulose, pflanzliches Glycerin (aus Palmkern\u00f6l und Kokos\u00f6l)), Cellulosegummi, Bor (als Bors\u00e4ure), Trennmittel: (pflanzliches Magnesiumstearat, pflanzliche Stearins\u00e4ure), Farbstoff: Titandioxid.<\/p>\n<\/p><\/div>\n<div class=\"chcg-dosage\">\n<h3>Verzehrempfehlung<\/h3>\n<p>Als Nahrungserg\u00e4nzungsmittel f\u00fcr Erwachsene t\u00e4glich drei (3) Tabletten einnehmen, vorzugsweise zu einer Mahlzeit, oder gem\u00e4ss Empfehlung einer Fachperson f\u00fcr Gesundheit.<\/p>\n<\/p><\/div>\n<div class=\"chcg-warnings\">\n<h3>Warnhinweise<\/h3>\n<p>Wenn Sie schwanger sind, stillen, Medikamente einnehmen oder an einer Erkrankung leiden, konsultieren Sie bitte vor der Einnahme eines Nahrungserg\u00e4nzungsmittels Ihre Fachperson f\u00fcr Gesundheit. Setzen Sie die Einnahme ab und konsultieren Sie Ihre Fachperson f\u00fcr Gesundheit, falls unerw\u00fcnschte Reaktionen auftreten. Ausserhalb der Reichweite von Kindern aufbewahren. Nicht verwenden, wenn das \u00e4ussere Siegel der Flasche fehlt oder besch\u00e4digt ist.<\/p>\n<\/p><\/div>\n<div class=\"chcg-allergens\">\n<h3>Allergeninformationen<\/h3>\n<p>Frei von: Gluten, Weizen, Milchprodukten, Soja, Hefe, Zucker, k\u00fcnstlichen Aromen, k\u00fcnstlichen S\u00fcssungsmitteln und k\u00fcnstlichen Konservierungsstoffen.<\/p>\n<\/p><\/div>\n<div class=\"chcg-storage\">\n<h3>Lagerung<\/h3>\n<p>An einem k\u00fchlen, trockenen Ort vor direkter Sonneneinstrahlung gesch\u00fctzt lagern. Ausserhalb der Reichweite von Kleinkindern aufbewahren.<\/p>\n<\/p><\/div>\n<div class=\"chcg-dietary\">\n<h3>Ern\u00e4hrungshinweise<\/h3>\n<ul>\n<li>Vegan<\/li>\n<li>Vegetarisch<\/li>\n<li>Glutenfrei<\/li>\n<li>Laktosefrei<\/li>\n<\/ul><\/div>\n<\/div>\n","protected":false},"excerpt":{"rendered":"<p>SOLGAR Calcium Magnesium plus Boron liefert 1000 mg Calcium und 400 mg Magnesium pro Tagesportion zur Unterst\u00fctzung normaler Knochen und Muskelfunktion. Erh\u00e4ltlich als vegane Tabletten in der praktischen 250er-Packung.<\/p>\n","protected":false},"featured_media":6641,"comment_status":"closed","ping_status":"open","template":"","meta":[],"product_brand":[229],"product_cat":[23,27,26,31,21],"product_tag":[],"class_list":{"0":"post-6640","1":"product","2":"type-product","3":"status-publish","4":"has-post-thumbnail","6":"product_brand-solgar","7":"product_cat-einige-mineralien","8":"product_cat-einige-vitamine","9":"product_cat-multivitamine","10":"product_cat-vitamin-k","11":"product_cat-vitamine-und-mineralstoffe","13":"first","14":"outofstock","15":"taxable","16":"shipping-taxable","17":"purchasable","18":"product-type-simple"},"yoast_head":"<!-- This site is optimized with the Yoast SEO plugin v27.5 - https:\/\/yoast.com\/product\/yoast-seo-wordpress\/ -->\n<title>SOLGAR Calcium Magnesium plus Boron 250 Tabletten | ecosupplements.ch<\/title>\n<meta name=\"description\" content=\"1000 mg Calcium und 400 mg Magnesium pro Tagesportion f\u00fcr normale Knochen und Muskeln \u2013 vegan, glutenfrei, 250 Tabletten. Jetzt bestellen.\" \/>\n<meta name=\"robots\" content=\"index, follow, max-snippet:-1, max-image-preview:large, max-video-preview:-1\" \/>\n<link rel=\"canonical\" href=\"https:\/\/ecosupplements.ch\/?product=solgar-calcium-magnesium-plus-boron-250-tabs\" \/>\n<meta property=\"og:locale\" content=\"de_DE\" \/>\n<meta property=\"og:type\" content=\"article\" \/>\n<meta property=\"og:title\" content=\"SOLGAR Calcium Magnesium plus Boron 250 Tabletten | ecosupplements.ch\" \/>\n<meta property=\"og:description\" content=\"1000 mg Calcium und 400 mg Magnesium pro Tagesportion f\u00fcr normale Knochen und Muskeln \u2013 vegan, glutenfrei, 250 Tabletten. Jetzt bestellen.\" \/>\n<meta property=\"og:url\" content=\"https:\/\/ecosupplements.ch\/?product=solgar-calcium-magnesium-plus-boron-250-tabs\" \/>\n<meta property=\"og:site_name\" content=\"Eco Supplements\" \/>\n<meta property=\"article:modified_time\" content=\"2026-05-13T07:28:38+00:00\" \/>\n<meta property=\"og:image\" content=\"https:\/\/ecosupplements.ch\/wp-content\/uploads\/2026\/05\/SOLGAR-Calcium-Magnesium-plus-Boron-250-tabs.jpg\" \/>\n\t<meta property=\"og:image:width\" content=\"1001\" \/>\n\t<meta property=\"og:image:height\" content=\"1500\" \/>\n\t<meta property=\"og:image:type\" content=\"image\/jpeg\" \/>\n<meta name=\"twitter:card\" content=\"summary_large_image\" \/>\n<meta name=\"twitter:label1\" content=\"Price\" \/>\n\t<meta name=\"twitter:data1\" content=\"&#067;&#072;&#070;&nbsp;24.72\" \/>\n\t<meta name=\"twitter:label2\" content=\"Availability\" \/>\n\t<meta name=\"twitter:data2\" content=\"Out of stock\" \/>\n<script type=\"application\/ld+json\" class=\"yoast-schema-graph\">{\"@context\":\"https:\\\/\\\/schema.org\",\"@graph\":[{\"@type\":\"WebPage\",\"@id\":\"https:\\\/\\\/ecosupplements.ch\\\/?product=solgar-calcium-magnesium-plus-boron-250-tabs\",\"url\":\"https:\\\/\\\/ecosupplements.ch\\\/?product=solgar-calcium-magnesium-plus-boron-250-tabs\",\"name\":\"SOLGAR Calcium Magnesium plus Boron 250 Tabletten | ecosupplements.ch\",\"isPartOf\":{\"@id\":\"https:\\\/\\\/ecosupplements.ch\\\/#website\"},\"primaryImageOfPage\":{\"@id\":\"https:\\\/\\\/ecosupplements.ch\\\/?product=solgar-calcium-magnesium-plus-boron-250-tabs#primaryimage\"},\"image\":{\"@id\":\"https:\\\/\\\/ecosupplements.ch\\\/?product=solgar-calcium-magnesium-plus-boron-250-tabs#primaryimage\"},\"thumbnailUrl\":\"https:\\\/\\\/ecosupplements.ch\\\/wp-content\\\/uploads\\\/2026\\\/05\\\/SOLGAR-Calcium-Magnesium-plus-Boron-250-tabs.jpg\",\"datePublished\":\"2026-05-11T15:16:27+00:00\",\"dateModified\":\"2026-05-13T07:28:38+00:00\",\"description\":\"1000 mg Calcium und 400 mg Magnesium pro Tagesportion f\u00fcr normale Knochen und Muskeln \u2013 vegan, glutenfrei, 250 Tabletten. Jetzt bestellen.\",\"breadcrumb\":{\"@id\":\"https:\\\/\\\/ecosupplements.ch\\\/?product=solgar-calcium-magnesium-plus-boron-250-tabs#breadcrumb\"},\"inLanguage\":\"de-CH\",\"potentialAction\":[{\"@type\":\"ReadAction\",\"target\":[\"https:\\\/\\\/ecosupplements.ch\\\/?product=solgar-calcium-magnesium-plus-boron-250-tabs\"]}]},{\"@type\":\"ImageObject\",\"inLanguage\":\"de-CH\",\"@id\":\"https:\\\/\\\/ecosupplements.ch\\\/?product=solgar-calcium-magnesium-plus-boron-250-tabs#primaryimage\",\"url\":\"https:\\\/\\\/ecosupplements.ch\\\/wp-content\\\/uploads\\\/2026\\\/05\\\/SOLGAR-Calcium-Magnesium-plus-Boron-250-tabs.jpg\",\"contentUrl\":\"https:\\\/\\\/ecosupplements.ch\\\/wp-content\\\/uploads\\\/2026\\\/05\\\/SOLGAR-Calcium-Magnesium-plus-Boron-250-tabs.jpg\",\"width\":1001,\"height\":1500,\"caption\":\"SOLGAR Calcium Magnesium plus Boron (250 tabs)\"},{\"@type\":\"BreadcrumbList\",\"@id\":\"https:\\\/\\\/ecosupplements.ch\\\/?product=solgar-calcium-magnesium-plus-boron-250-tabs#breadcrumb\",\"itemListElement\":[{\"@type\":\"ListItem\",\"position\":1,\"name\":\"Home\",\"item\":\"https:\\\/\\\/ecosupplements.ch\\\/\"},{\"@type\":\"ListItem\",\"position\":2,\"name\":\"Shop\",\"item\":\"https:\\\/\\\/ecosupplements.ch\\\/?page_id=14\"},{\"@type\":\"ListItem\",\"position\":3,\"name\":\"SOLGAR Calcium Magnesium plus Boron (250 tabs)\"}]},{\"@type\":\"WebSite\",\"@id\":\"https:\\\/\\\/ecosupplements.ch\\\/#website\",\"url\":\"https:\\\/\\\/ecosupplements.ch\\\/\",\"name\":\"Eco Supplements\",\"description\":\"\",\"potentialAction\":[{\"@type\":\"SearchAction\",\"target\":{\"@type\":\"EntryPoint\",\"urlTemplate\":\"https:\\\/\\\/ecosupplements.ch\\\/?s={search_term_string}\"},\"query-input\":{\"@type\":\"PropertyValueSpecification\",\"valueRequired\":true,\"valueName\":\"search_term_string\"}}],\"inLanguage\":\"de-CH\"}]}<\/script>\n<meta property=\"product:price:amount\" content=\"24.72\" \/>\n<meta property=\"product:price:currency\" content=\"CHF\" \/>\n<meta property=\"og:availability\" content=\"out of stock\" \/>\n<meta property=\"product:availability\" content=\"out of stock\" \/>\n<meta property=\"product:retailer_item_id\" content=\"033984005167\" \/>\n<meta property=\"product:condition\" content=\"new\" \/>\n<!-- \/ Yoast SEO plugin. -->","yoast_head_json":{"title":"SOLGAR Calcium Magnesium plus Boron 250 Tabletten | ecosupplements.ch","description":"1000 mg Calcium und 400 mg Magnesium pro Tagesportion f\u00fcr normale Knochen und Muskeln \u2013 vegan, glutenfrei, 250 Tabletten. Jetzt bestellen.","robots":{"index":"index","follow":"follow","max-snippet":"max-snippet:-1","max-image-preview":"max-image-preview:large","max-video-preview":"max-video-preview:-1"},"canonical":"https:\/\/ecosupplements.ch\/?product=solgar-calcium-magnesium-plus-boron-250-tabs","og_locale":"de_DE","og_type":"article","og_title":"SOLGAR Calcium Magnesium plus Boron 250 Tabletten | ecosupplements.ch","og_description":"1000 mg Calcium und 400 mg Magnesium pro Tagesportion f\u00fcr normale Knochen und Muskeln \u2013 vegan, glutenfrei, 250 Tabletten. Jetzt bestellen.","og_url":"https:\/\/ecosupplements.ch\/?product=solgar-calcium-magnesium-plus-boron-250-tabs","og_site_name":"Eco Supplements","article_modified_time":"2026-05-13T07:28:38+00:00","og_image":[{"width":1001,"height":1500,"url":"https:\/\/ecosupplements.ch\/wp-content\/uploads\/2026\/05\/SOLGAR-Calcium-Magnesium-plus-Boron-250-tabs.jpg","type":"image\/jpeg"}],"twitter_card":"summary_large_image","twitter_misc":{"Price":"&#67;&#72;&#70;&nbsp;24.72","Availability":"Out of stock"},"schema":{"@context":"https:\/\/schema.org","@graph":[{"@type":"WebPage","@id":"https:\/\/ecosupplements.ch\/?product=solgar-calcium-magnesium-plus-boron-250-tabs","url":"https:\/\/ecosupplements.ch\/?product=solgar-calcium-magnesium-plus-boron-250-tabs","name":"SOLGAR Calcium Magnesium plus Boron 250 Tabletten | ecosupplements.ch","isPartOf":{"@id":"https:\/\/ecosupplements.ch\/#website"},"primaryImageOfPage":{"@id":"https:\/\/ecosupplements.ch\/?product=solgar-calcium-magnesium-plus-boron-250-tabs#primaryimage"},"image":{"@id":"https:\/\/ecosupplements.ch\/?product=solgar-calcium-magnesium-plus-boron-250-tabs#primaryimage"},"thumbnailUrl":"https:\/\/ecosupplements.ch\/wp-content\/uploads\/2026\/05\/SOLGAR-Calcium-Magnesium-plus-Boron-250-tabs.jpg","datePublished":"2026-05-11T15:16:27+00:00","dateModified":"2026-05-13T07:28:38+00:00","description":"1000 mg Calcium und 400 mg Magnesium pro Tagesportion f\u00fcr normale Knochen und Muskeln \u2013 vegan, glutenfrei, 250 Tabletten. Jetzt bestellen.","breadcrumb":{"@id":"https:\/\/ecosupplements.ch\/?product=solgar-calcium-magnesium-plus-boron-250-tabs#breadcrumb"},"inLanguage":"de-CH","potentialAction":[{"@type":"ReadAction","target":["https:\/\/ecosupplements.ch\/?product=solgar-calcium-magnesium-plus-boron-250-tabs"]}]},{"@type":"ImageObject","inLanguage":"de-CH","@id":"https:\/\/ecosupplements.ch\/?product=solgar-calcium-magnesium-plus-boron-250-tabs#primaryimage","url":"https:\/\/ecosupplements.ch\/wp-content\/uploads\/2026\/05\/SOLGAR-Calcium-Magnesium-plus-Boron-250-tabs.jpg","contentUrl":"https:\/\/ecosupplements.ch\/wp-content\/uploads\/2026\/05\/SOLGAR-Calcium-Magnesium-plus-Boron-250-tabs.jpg","width":1001,"height":1500,"caption":"SOLGAR Calcium Magnesium plus Boron (250 tabs)"},{"@type":"BreadcrumbList","@id":"https:\/\/ecosupplements.ch\/?product=solgar-calcium-magnesium-plus-boron-250-tabs#breadcrumb","itemListElement":[{"@type":"ListItem","position":1,"name":"Home","item":"https:\/\/ecosupplements.ch\/"},{"@type":"ListItem","position":2,"name":"Shop","item":"https:\/\/ecosupplements.ch\/?page_id=14"},{"@type":"ListItem","position":3,"name":"SOLGAR Calcium Magnesium plus Boron (250 tabs)"}]},{"@type":"WebSite","@id":"https:\/\/ecosupplements.ch\/#website","url":"https:\/\/ecosupplements.ch\/","name":"Eco Supplements","description":"","potentialAction":[{"@type":"SearchAction","target":{"@type":"EntryPoint","urlTemplate":"https:\/\/ecosupplements.ch\/?s={search_term_string}"},"query-input":{"@type":"PropertyValueSpecification","valueRequired":true,"valueName":"search_term_string"}}],"inLanguage":"de-CH"}]},"product_price_amount":"24.72","product_price_currency":"CHF","og_availability":"out of stock","product_availability":"out of stock","product_retailer_item_id":"033984005167","product_condition":"new"},"_links":{"self":[{"href":"https:\/\/ecosupplements.ch\/index.php?rest_route=\/wp\/v2\/product\/6640","targetHints":{"allow":["GET"]}}],"collection":[{"href":"https:\/\/ecosupplements.ch\/index.php?rest_route=\/wp\/v2\/product"}],"about":[{"href":"https:\/\/ecosupplements.ch\/index.php?rest_route=\/wp\/v2\/types\/product"}],"replies":[{"embeddable":true,"href":"https:\/\/ecosupplements.ch\/index.php?rest_route=%2Fwp%2Fv2%2Fcomments&post=6640"}],"wp:featuredmedia":[{"embeddable":true,"href":"https:\/\/ecosupplements.ch\/index.php?rest_route=\/wp\/v2\/media\/6641"}],"wp:attachment":[{"href":"https:\/\/ecosupplements.ch\/index.php?rest_route=%2Fwp%2Fv2%2Fmedia&parent=6640"}],"wp:term":[{"taxonomy":"product_brand","embeddable":true,"href":"https:\/\/ecosupplements.ch\/index.php?rest_route=%2Fwp%2Fv2%2Fproduct_brand&post=6640"},{"taxonomy":"product_cat","embeddable":true,"href":"https:\/\/ecosupplements.ch\/index.php?rest_route=%2Fwp%2Fv2%2Fproduct_cat&post=6640"},{"taxonomy":"product_tag","embeddable":true,"href":"https:\/\/ecosupplements.ch\/index.php?rest_route=%2Fwp%2Fv2%2Fproduct_tag&post=6640"}],"curies":[{"name":"wp","href":"https:\/\/api.w.org\/{rel}","templated":true}]}}