{"id":6662,"date":"2026-05-11T15:16:36","date_gmt":"2026-05-11T15:16:36","guid":{"rendered":"https:\/\/ecosupplements.ch\/?product=solgar-garlic-oil-perles-250-caps"},"modified":"2026-05-13T07:28:40","modified_gmt":"2026-05-13T07:28:40","slug":"solgar-garlic-oil-perles-250-caps","status":"publish","type":"product","link":"https:\/\/ecosupplements.ch\/?product=solgar-garlic-oil-perles-250-caps","title":{"rendered":"SOLGAR Garlic Oil Perles (250 caps)"},"content":{"rendered":"<div class=\"chcg-product-description\">\n<h2 class=\"chcg-heading\">\u00dcber SOLGAR \u2013 Garlic Oil Perles (250 Softgels)<\/h2>\n<div class=\"chcg-intro\">\n<p>Die SOLGAR Garlic Oil Perles liefern konzentriertes Knoblauch\u00f6l in praktischer Softgel-Form. Jede Perle enth\u00e4lt 1 mg Knoblauch\u00f6l-Konzentrat, gewonnen aus rund 500 mg frischen Knoblauchzwiebeln \u2013 f\u00fcr eine bequeme und geruchsarme Einnahme im Alltag.<\/p>\n<p>Knoblauch geh\u00f6rt zu den am l\u00e4ngsten genutzten Pflanzenstoffen in der traditionellen Ern\u00e4hrung weltweit. Die Softgels sind mit hochwertigem Saflor\u00f6l kombiniert und bieten eine einfache M\u00f6glichkeit, Knoblauch als Teil einer ausgewogenen Ern\u00e4hrung und eines gesunden Lebensstils zu integrieren.<\/p>\n<p>SOLGAR steht seit 1947 f\u00fcr h\u00f6chste Qualit\u00e4tsstandards in der Nahrungserg\u00e4nzung. Die Garlic Oil Perles sind glutenfrei und laktosefrei \u2013 ideal f\u00fcr Menschen mit entsprechenden Ern\u00e4hrungsanforderungen.<\/p>\n<\/p><\/div>\n<div class=\"chcg-nutrition\">\n<h3>N\u00e4hrwertangaben<\/h3>\n<table class=\"chcg-nutrition-table\">\n<thead>\n<tr>\n<th>N\u00e4hrstoff<\/th>\n<th>Pro Portion (1 Softgel)<\/th>\n<\/tr>\n<\/thead>\n<tbody>\n<tr>\n<td>Knoblauch\u00f6l-Konzentrat (aus ca. 500 mg frischen Knoblauchzwiebeln)<\/td>\n<td>1 mg<\/td>\n<\/tr>\n<\/tbody>\n<\/table>\n<p class=\"chcg-footnote\">* Kein festgelegter Tagesbedarf.<\/p>\n<\/p><\/div>\n<div class=\"chcg-ingredients\">\n<h3>Zutaten<\/h3>\n<p>Saflor\u00f6l (218 mg), konzentriertes Knoblauch\u00f6l (1 mg) (gewonnen aus ca. 500 mg frischer Knoblauchzwiebel).<\/p>\n<p class=\"chcg-capsule-shell\">Kapselh\u00fclle: Gelatine (Rind), pflanzliches Glycerin (aus Palmkern\u00f6l und Kokos\u00f6l).<\/p>\n<\/p><\/div>\n<div class=\"chcg-dosage\">\n<h3>Verzehrempfehlung<\/h3>\n<p>T\u00e4glich 1 Softgel einnehmen, vorzugsweise zu einer Mahlzeit, oder gem\u00e4ss Anweisung einer Fachperson f\u00fcr Gesundheit.<\/p>\n<\/p><\/div>\n<div class=\"chcg-warnings\">\n<h3>Warnhinweise<\/h3>\n<p>Die empfohlene Tagesdosis nicht \u00fcberschreiten. Nahrungserg\u00e4nzungsmittel sollten nicht als Ersatz f\u00fcr eine abwechslungsreiche Ern\u00e4hrung verwendet werden. Schwangere oder stillende Frauen, Personen, die Medikamente einnehmen, oder Personen mit einem bestehenden Gesundheitszustand sollten vor der Einnahme eine Fachperson f\u00fcr Gesundheit konsultieren. Ausserhalb der Reichweite von Kindern aufbewahren. Nicht verwenden, wenn das \u00e4ussere Flaschensiegelsiegel fehlt oder besch\u00e4digt ist.<\/p>\n<\/p><\/div>\n<div class=\"chcg-allergens\">\n<h3>Allergeninformationen<\/h3>\n<p>Frei von: Gluten, Weizen, Milchprodukten, Soja, Hefe, Zucker, Natrium, k\u00fcnstlichen Aromen, S\u00fcssungsmitteln, Konservierungsstoffen und Farbstoffen. Enth\u00e4lt Gelatine aus Rinderherkunft.<\/p>\n<\/p><\/div>\n<div class=\"chcg-storage\">\n<h3>Lagerung<\/h3>\n<p>Bei Raumtemperatur an einem trockenen, dunklen Ort und ausserhalb der Reichweite von Kindern aufbewahren.<\/p>\n<\/p><\/div>\n<div class=\"chcg-dietary\">\n<h3>Ern\u00e4hrungshinweise<\/h3>\n<ul>\n<li>Glutenfrei<\/li>\n<li>Laktosefrei<\/li>\n<\/ul><\/div>\n<\/div>\n","protected":false},"excerpt":{"rendered":"<p>SOLGAR Garlic Oil Perles liefern konzentriertes Knoblauch\u00f6l aus ca. 500 mg frischen Knoblauchzwiebeln pro Softgel. Glutenfrei und laktosefrei, in einer praktischen Packung mit 250 Softgels.<\/p>\n","protected":false},"featured_media":6663,"comment_status":"closed","ping_status":"open","template":"","meta":[],"product_brand":[229],"product_cat":[25,44,21],"product_tag":[],"class_list":{"0":"post-6662","1":"product","2":"type-product","3":"status-publish","4":"has-post-thumbnail","6":"product_brand-solgar","7":"product_cat-gesundheit-und-wohlbefinden","8":"product_cat-pflanzliche-nahrungsergaenzungsmittel","9":"product_cat-vitamine-und-mineralstoffe","11":"first","12":"outofstock","13":"taxable","14":"shipping-taxable","15":"purchasable","16":"product-type-simple"},"yoast_head":"<!-- This site is optimized with the Yoast SEO plugin v27.5 - https:\/\/yoast.com\/product\/yoast-seo-wordpress\/ -->\n<title>SOLGAR Garlic Oil Perles 250 Softgels | ecosupplements.ch<\/title>\n<meta name=\"description\" content=\"Konzentriertes Knoblauch\u00f6l in praktischer Softgel-Form \u2013 glutenfrei, laktosefrei, 250 Portionen pro Packung. Jetzt bestellen.\" \/>\n<meta name=\"robots\" content=\"index, follow, max-snippet:-1, max-image-preview:large, max-video-preview:-1\" \/>\n<link rel=\"canonical\" href=\"https:\/\/ecosupplements.ch\/?product=solgar-garlic-oil-perles-250-caps\" \/>\n<meta property=\"og:locale\" content=\"de_DE\" \/>\n<meta property=\"og:type\" content=\"article\" \/>\n<meta property=\"og:title\" content=\"SOLGAR Garlic Oil Perles 250 Softgels | ecosupplements.ch\" \/>\n<meta property=\"og:description\" content=\"Konzentriertes Knoblauch\u00f6l in praktischer Softgel-Form \u2013 glutenfrei, laktosefrei, 250 Portionen pro Packung. Jetzt bestellen.\" \/>\n<meta property=\"og:url\" content=\"https:\/\/ecosupplements.ch\/?product=solgar-garlic-oil-perles-250-caps\" \/>\n<meta property=\"og:site_name\" content=\"Eco Supplements\" \/>\n<meta property=\"article:modified_time\" content=\"2026-05-13T07:28:40+00:00\" \/>\n<meta property=\"og:image\" content=\"https:\/\/ecosupplements.ch\/wp-content\/uploads\/2026\/05\/SOLGAR-Garlic-Oil-Perles-250-caps.jpg\" \/>\n\t<meta property=\"og:image:width\" content=\"700\" \/>\n\t<meta property=\"og:image:height\" content=\"700\" \/>\n\t<meta property=\"og:image:type\" content=\"image\/jpeg\" \/>\n<meta name=\"twitter:card\" content=\"summary_large_image\" \/>\n<meta name=\"twitter:label1\" content=\"Price\" \/>\n\t<meta name=\"twitter:data1\" content=\"&#067;&#072;&#070;&nbsp;16.04\" \/>\n\t<meta name=\"twitter:label2\" content=\"Availability\" \/>\n\t<meta name=\"twitter:data2\" content=\"Out of stock\" \/>\n<script type=\"application\/ld+json\" class=\"yoast-schema-graph\">{\"@context\":\"https:\\\/\\\/schema.org\",\"@graph\":[{\"@type\":\"WebPage\",\"@id\":\"https:\\\/\\\/ecosupplements.ch\\\/?product=solgar-garlic-oil-perles-250-caps\",\"url\":\"https:\\\/\\\/ecosupplements.ch\\\/?product=solgar-garlic-oil-perles-250-caps\",\"name\":\"SOLGAR Garlic Oil Perles 250 Softgels | ecosupplements.ch\",\"isPartOf\":{\"@id\":\"https:\\\/\\\/ecosupplements.ch\\\/#website\"},\"primaryImageOfPage\":{\"@id\":\"https:\\\/\\\/ecosupplements.ch\\\/?product=solgar-garlic-oil-perles-250-caps#primaryimage\"},\"image\":{\"@id\":\"https:\\\/\\\/ecosupplements.ch\\\/?product=solgar-garlic-oil-perles-250-caps#primaryimage\"},\"thumbnailUrl\":\"https:\\\/\\\/ecosupplements.ch\\\/wp-content\\\/uploads\\\/2026\\\/05\\\/SOLGAR-Garlic-Oil-Perles-250-caps.jpg\",\"datePublished\":\"2026-05-11T15:16:36+00:00\",\"dateModified\":\"2026-05-13T07:28:40+00:00\",\"description\":\"Konzentriertes Knoblauch\u00f6l in praktischer Softgel-Form \u2013 glutenfrei, laktosefrei, 250 Portionen pro Packung. Jetzt bestellen.\",\"breadcrumb\":{\"@id\":\"https:\\\/\\\/ecosupplements.ch\\\/?product=solgar-garlic-oil-perles-250-caps#breadcrumb\"},\"inLanguage\":\"de-CH\",\"potentialAction\":[{\"@type\":\"ReadAction\",\"target\":[\"https:\\\/\\\/ecosupplements.ch\\\/?product=solgar-garlic-oil-perles-250-caps\"]}]},{\"@type\":\"ImageObject\",\"inLanguage\":\"de-CH\",\"@id\":\"https:\\\/\\\/ecosupplements.ch\\\/?product=solgar-garlic-oil-perles-250-caps#primaryimage\",\"url\":\"https:\\\/\\\/ecosupplements.ch\\\/wp-content\\\/uploads\\\/2026\\\/05\\\/SOLGAR-Garlic-Oil-Perles-250-caps.jpg\",\"contentUrl\":\"https:\\\/\\\/ecosupplements.ch\\\/wp-content\\\/uploads\\\/2026\\\/05\\\/SOLGAR-Garlic-Oil-Perles-250-caps.jpg\",\"width\":700,\"height\":700,\"caption\":\"SOLGAR Garlic Oil Perles (250 caps)\"},{\"@type\":\"BreadcrumbList\",\"@id\":\"https:\\\/\\\/ecosupplements.ch\\\/?product=solgar-garlic-oil-perles-250-caps#breadcrumb\",\"itemListElement\":[{\"@type\":\"ListItem\",\"position\":1,\"name\":\"Home\",\"item\":\"https:\\\/\\\/ecosupplements.ch\\\/\"},{\"@type\":\"ListItem\",\"position\":2,\"name\":\"Shop\",\"item\":\"https:\\\/\\\/ecosupplements.ch\\\/?page_id=14\"},{\"@type\":\"ListItem\",\"position\":3,\"name\":\"SOLGAR Garlic Oil Perles (250 caps)\"}]},{\"@type\":\"WebSite\",\"@id\":\"https:\\\/\\\/ecosupplements.ch\\\/#website\",\"url\":\"https:\\\/\\\/ecosupplements.ch\\\/\",\"name\":\"Eco Supplements\",\"description\":\"\",\"potentialAction\":[{\"@type\":\"SearchAction\",\"target\":{\"@type\":\"EntryPoint\",\"urlTemplate\":\"https:\\\/\\\/ecosupplements.ch\\\/?s={search_term_string}\"},\"query-input\":{\"@type\":\"PropertyValueSpecification\",\"valueRequired\":true,\"valueName\":\"search_term_string\"}}],\"inLanguage\":\"de-CH\"}]}<\/script>\n<meta property=\"product:price:amount\" content=\"16.04\" \/>\n<meta property=\"product:price:currency\" content=\"CHF\" \/>\n<meta property=\"og:availability\" content=\"out of stock\" \/>\n<meta property=\"product:availability\" content=\"out of stock\" \/>\n<meta property=\"product:retailer_item_id\" content=\"033984012219\" \/>\n<meta property=\"product:condition\" content=\"new\" \/>\n<!-- \/ Yoast SEO plugin. -->","yoast_head_json":{"title":"SOLGAR Garlic Oil Perles 250 Softgels | ecosupplements.ch","description":"Konzentriertes Knoblauch\u00f6l in praktischer Softgel-Form \u2013 glutenfrei, laktosefrei, 250 Portionen pro Packung. Jetzt bestellen.","robots":{"index":"index","follow":"follow","max-snippet":"max-snippet:-1","max-image-preview":"max-image-preview:large","max-video-preview":"max-video-preview:-1"},"canonical":"https:\/\/ecosupplements.ch\/?product=solgar-garlic-oil-perles-250-caps","og_locale":"de_DE","og_type":"article","og_title":"SOLGAR Garlic Oil Perles 250 Softgels | ecosupplements.ch","og_description":"Konzentriertes Knoblauch\u00f6l in praktischer Softgel-Form \u2013 glutenfrei, laktosefrei, 250 Portionen pro Packung. Jetzt bestellen.","og_url":"https:\/\/ecosupplements.ch\/?product=solgar-garlic-oil-perles-250-caps","og_site_name":"Eco Supplements","article_modified_time":"2026-05-13T07:28:40+00:00","og_image":[{"width":700,"height":700,"url":"https:\/\/ecosupplements.ch\/wp-content\/uploads\/2026\/05\/SOLGAR-Garlic-Oil-Perles-250-caps.jpg","type":"image\/jpeg"}],"twitter_card":"summary_large_image","twitter_misc":{"Price":"&#67;&#72;&#70;&nbsp;16.04","Availability":"Out of stock"},"schema":{"@context":"https:\/\/schema.org","@graph":[{"@type":"WebPage","@id":"https:\/\/ecosupplements.ch\/?product=solgar-garlic-oil-perles-250-caps","url":"https:\/\/ecosupplements.ch\/?product=solgar-garlic-oil-perles-250-caps","name":"SOLGAR Garlic Oil Perles 250 Softgels | ecosupplements.ch","isPartOf":{"@id":"https:\/\/ecosupplements.ch\/#website"},"primaryImageOfPage":{"@id":"https:\/\/ecosupplements.ch\/?product=solgar-garlic-oil-perles-250-caps#primaryimage"},"image":{"@id":"https:\/\/ecosupplements.ch\/?product=solgar-garlic-oil-perles-250-caps#primaryimage"},"thumbnailUrl":"https:\/\/ecosupplements.ch\/wp-content\/uploads\/2026\/05\/SOLGAR-Garlic-Oil-Perles-250-caps.jpg","datePublished":"2026-05-11T15:16:36+00:00","dateModified":"2026-05-13T07:28:40+00:00","description":"Konzentriertes Knoblauch\u00f6l in praktischer Softgel-Form \u2013 glutenfrei, laktosefrei, 250 Portionen pro Packung. Jetzt bestellen.","breadcrumb":{"@id":"https:\/\/ecosupplements.ch\/?product=solgar-garlic-oil-perles-250-caps#breadcrumb"},"inLanguage":"de-CH","potentialAction":[{"@type":"ReadAction","target":["https:\/\/ecosupplements.ch\/?product=solgar-garlic-oil-perles-250-caps"]}]},{"@type":"ImageObject","inLanguage":"de-CH","@id":"https:\/\/ecosupplements.ch\/?product=solgar-garlic-oil-perles-250-caps#primaryimage","url":"https:\/\/ecosupplements.ch\/wp-content\/uploads\/2026\/05\/SOLGAR-Garlic-Oil-Perles-250-caps.jpg","contentUrl":"https:\/\/ecosupplements.ch\/wp-content\/uploads\/2026\/05\/SOLGAR-Garlic-Oil-Perles-250-caps.jpg","width":700,"height":700,"caption":"SOLGAR Garlic Oil Perles (250 caps)"},{"@type":"BreadcrumbList","@id":"https:\/\/ecosupplements.ch\/?product=solgar-garlic-oil-perles-250-caps#breadcrumb","itemListElement":[{"@type":"ListItem","position":1,"name":"Home","item":"https:\/\/ecosupplements.ch\/"},{"@type":"ListItem","position":2,"name":"Shop","item":"https:\/\/ecosupplements.ch\/?page_id=14"},{"@type":"ListItem","position":3,"name":"SOLGAR Garlic Oil Perles (250 caps)"}]},{"@type":"WebSite","@id":"https:\/\/ecosupplements.ch\/#website","url":"https:\/\/ecosupplements.ch\/","name":"Eco Supplements","description":"","potentialAction":[{"@type":"SearchAction","target":{"@type":"EntryPoint","urlTemplate":"https:\/\/ecosupplements.ch\/?s={search_term_string}"},"query-input":{"@type":"PropertyValueSpecification","valueRequired":true,"valueName":"search_term_string"}}],"inLanguage":"de-CH"}]},"product_price_amount":"16.04","product_price_currency":"CHF","og_availability":"out of stock","product_availability":"out of stock","product_retailer_item_id":"033984012219","product_condition":"new"},"_links":{"self":[{"href":"https:\/\/ecosupplements.ch\/index.php?rest_route=\/wp\/v2\/product\/6662","targetHints":{"allow":["GET"]}}],"collection":[{"href":"https:\/\/ecosupplements.ch\/index.php?rest_route=\/wp\/v2\/product"}],"about":[{"href":"https:\/\/ecosupplements.ch\/index.php?rest_route=\/wp\/v2\/types\/product"}],"replies":[{"embeddable":true,"href":"https:\/\/ecosupplements.ch\/index.php?rest_route=%2Fwp%2Fv2%2Fcomments&post=6662"}],"wp:featuredmedia":[{"embeddable":true,"href":"https:\/\/ecosupplements.ch\/index.php?rest_route=\/wp\/v2\/media\/6663"}],"wp:attachment":[{"href":"https:\/\/ecosupplements.ch\/index.php?rest_route=%2Fwp%2Fv2%2Fmedia&parent=6662"}],"wp:term":[{"taxonomy":"product_brand","embeddable":true,"href":"https:\/\/ecosupplements.ch\/index.php?rest_route=%2Fwp%2Fv2%2Fproduct_brand&post=6662"},{"taxonomy":"product_cat","embeddable":true,"href":"https:\/\/ecosupplements.ch\/index.php?rest_route=%2Fwp%2Fv2%2Fproduct_cat&post=6662"},{"taxonomy":"product_tag","embeddable":true,"href":"https:\/\/ecosupplements.ch\/index.php?rest_route=%2Fwp%2Fv2%2Fproduct_tag&post=6662"}],"curies":[{"name":"wp","href":"https:\/\/api.w.org\/{rel}","templated":true}]}}