{"id":6676,"date":"2026-05-11T15:16:42","date_gmt":"2026-05-11T15:16:42","guid":{"rendered":"https:\/\/ecosupplements.ch\/?product=solgar-lipotropic-factors-100-tabs"},"modified":"2026-05-13T07:28:41","modified_gmt":"2026-05-13T07:28:41","slug":"solgar-lipotropic-factors-100-tabs","status":"publish","type":"product","link":"https:\/\/ecosupplements.ch\/?product=solgar-lipotropic-factors-100-tabs","title":{"rendered":"SOLGAR Lipotropic Factors (100 tabs)"},"content":{"rendered":"<div class=\"chcg-product-description\">\n<h2 class=\"chcg-heading\">\u00dcber Solgar \u2013 SOLGAR Lipotropic Factors (100 Tabletten)<\/h2>\n<div class=\"chcg-intro\">\n<p>Die Solgar Lipotropic Factors Tabletten vereinen drei klassische lipotrope N\u00e4hrstoffe \u2013 Cholin, Inositol und L-Methionin \u2013 in einer einzigen, hochwirksamen Formel. Lipotrope Substanzen spielen eine anerkannte Rolle im Fettstoffwechsel und unterst\u00fctzen den normalen Transport sowie die Verarbeitung von Fetten im K\u00f6rper. Cholin tr\u00e4gt nachweislich zum normalen Fettstoffwechsel und zur normalen Leberfunktion bei.<\/p>\n<p>Jede Tagesdosis (3 Tabletten) liefert 410 mg Cholin, 1000 mg Inositol (als Myo-Inositol) sowie 1000 mg L-Methionin \u2013 ein ausgewogenes Verh\u00e4ltnis dieser komplement\u00e4ren N\u00e4hrstoffe. Die Tabletten sind frei von k\u00fcnstlichen Aromen, S\u00fcssungsmitteln und Konservierungsstoffen und entsprechen damit dem hohen Qualit\u00e4tsanspruch, f\u00fcr den Solgar seit Jahrzehnten bekannt ist.<\/p>\n<p>Mit 100 Tabletten pro Packung \u2013 entsprechend rund 33 Tagesdosen \u2013 bietet dieses Produkt einen praktischen Vorrat f\u00fcr einen vollst\u00e4ndigen Anwendungszeitraum. Die Formel ist vegan, vegetarisch und glutenfrei und eignet sich damit f\u00fcr eine Vielzahl von Ern\u00e4hrungsweisen.<\/p>\n<\/p><\/div>\n<div class=\"chcg-nutrition\">\n<h3>N\u00e4hrwertangaben<\/h3>\n<table class=\"chcg-nutrition-table\">\n<thead>\n<tr>\n<th>N\u00e4hrstoff<\/th>\n<th>Pro Portion (3 Tabletten)<\/th>\n<\/tr>\n<\/thead>\n<tbody>\n<tr>\n<td>Gesamtkohlenhydrate<\/td>\n<td>&lt;1 g (&lt;1% TW)*<\/td>\n<\/tr>\n<tr>\n<td>Cholin (als Cholinbitartrat)<\/td>\n<td>410 mg (75% TW)<\/td>\n<\/tr>\n<tr>\n<td>Inositol (als Myo-Inositol)<\/td>\n<td>1000 mg (**)<\/td>\n<\/tr>\n<tr>\n<td>L-Methionin<\/td>\n<td>1000 mg (**)<\/td>\n<\/tr>\n<\/tbody>\n<\/table>\n<p class=\"chcg-footnote\">* Die Prozentwerte des Tagesbedarfs (TW) basieren auf einer Kalorienzufuhr von 2000 kcal pro Tag.<\/p>\n<p class=\"chcg-footnote\">** Kein Tagesbedarf festgelegt.<\/p>\n<\/p><\/div>\n<div class=\"chcg-ingredients\">\n<h3>Zutaten<\/h3>\n<p>Inositol (als Myo-Inositol), L-Methionin, Cholinbitartrat (liefert elementares Cholin), F\u00fcllstoffe: (mikrokristalline Cellulose, Hydroxypropylcellulose), Trennmittel: (pflanzliches Magnesiumstearat, Siliziumdioxid), Cellullosegummi, \u00dcberzugsmittel: (Hydroxypropylmethylcellulose, pflanzliches Glycerin (aus Palmkern\u00f6l und Kokos\u00f6l)), Farbstoff: Titandioxid.<\/p>\n<\/p><\/div>\n<div class=\"chcg-dosage\">\n<h3>Verzehrempfehlung<\/h3>\n<p>Als Nahrungserg\u00e4nzungsmittel f\u00fcr Erwachsene t\u00e4glich drei (3) Tabletten einnehmen, vorzugsweise zu einer Mahlzeit oder gem\u00e4ss Empfehlung einer Fachperson des Gesundheitswesens. Portionsgr\u00f6sse: 3 Tabletten. Portionen pro Packung: 33.<\/p>\n<\/p><\/div>\n<div class=\"chcg-warnings\">\n<h3>Warnhinweise<\/h3>\n<p>Wenn Sie schwanger sind, stillen, Medikamente einnehmen oder an einer Erkrankung leiden, wenden Sie sich bitte vor der Einnahme dieses Nahrungserg\u00e4nzungsmittels an eine Fachperson des Gesundheitswesens. Bei unerw\u00fcnschten Reaktionen die Einnahme abbrechen und eine Fachperson des Gesundheitswesens konsultieren. Ausserhalb der Reichweite von Kindern aufbewahren. Nicht verwenden, wenn das \u00e4ussere Siegel der Flasche fehlt oder besch\u00e4digt ist.<\/p>\n<\/p><\/div>\n<div class=\"chcg-allergens\">\n<h3>Allergeninformationen<\/h3>\n<p>Frei von: Gluten, Weizen, Hefe, Zucker, Salz, k\u00fcnstlichen Aromen, k\u00fcnstlichen S\u00fcssungsmitteln und k\u00fcnstlichen Konservierungsstoffen. Ebenfalls frei von Mais, Soja und Milchprodukten.<\/p>\n<\/p><\/div>\n<div class=\"chcg-storage\">\n<h3>Lagerung<\/h3>\n<p>Bei Raumtemperatur lagern.<\/p>\n<\/p><\/div>\n<div class=\"chcg-dietary\">\n<h3>Ern\u00e4hrungshinweise<\/h3>\n<ul>\n<li>Vegan<\/li>\n<li>Vegetarisch<\/li>\n<li>Glutenfrei<\/li>\n<li>Laktosefrei<\/li>\n<\/ul><\/div>\n<\/div>\n","protected":false},"excerpt":{"rendered":"<p>Solgar Lipotropic Factors kombiniert Cholin, Inositol und L-Methionin zur Unterst\u00fctzung des normalen Fettstoffwechsels. 100 vegane Tabletten pro Packung, frei von Gluten und k\u00fcnstlichen Zusatzstoffen.<\/p>\n","protected":false},"featured_media":6677,"comment_status":"closed","ping_status":"open","template":"","meta":[],"product_brand":[229],"product_cat":[514,90,21],"product_tag":[],"class_list":{"0":"post-6676","1":"product","2":"type-product","3":"status-publish","4":"has-post-thumbnail","6":"product_brand-solgar","7":"product_cat-aminosaeuren-und-bcaas","8":"product_cat-fitness-training","9":"product_cat-vitamine-und-mineralstoffe","11":"first","12":"outofstock","13":"taxable","14":"shipping-taxable","15":"purchasable","16":"product-type-simple"},"yoast_head":"<!-- This site is optimized with the Yoast SEO plugin v27.5 - https:\/\/yoast.com\/product\/yoast-seo-wordpress\/ -->\n<title>SOLGAR Lipotropic Factors 100 Tabletten | ecosupplements.ch<\/title>\n<meta name=\"description\" content=\"Cholin, Inositol &amp; L-Methionin f\u00fcr den normalen Fettstoffwechsel \u2013 100 vegane Tabletten von Solgar, glutenfrei. Jetzt bestellen.\" \/>\n<meta name=\"robots\" content=\"index, follow, max-snippet:-1, max-image-preview:large, max-video-preview:-1\" \/>\n<link rel=\"canonical\" href=\"https:\/\/ecosupplements.ch\/?product=solgar-lipotropic-factors-100-tabs\" \/>\n<meta property=\"og:locale\" content=\"de_DE\" \/>\n<meta property=\"og:type\" content=\"article\" \/>\n<meta property=\"og:title\" content=\"SOLGAR Lipotropic Factors 100 Tabletten | ecosupplements.ch\" \/>\n<meta property=\"og:description\" content=\"Cholin, Inositol &amp; L-Methionin f\u00fcr den normalen Fettstoffwechsel \u2013 100 vegane Tabletten von Solgar, glutenfrei. Jetzt bestellen.\" \/>\n<meta property=\"og:url\" content=\"https:\/\/ecosupplements.ch\/?product=solgar-lipotropic-factors-100-tabs\" \/>\n<meta property=\"og:site_name\" content=\"Eco Supplements\" \/>\n<meta property=\"article:modified_time\" content=\"2026-05-13T07:28:41+00:00\" \/>\n<meta property=\"og:image\" content=\"https:\/\/ecosupplements.ch\/wp-content\/uploads\/2026\/05\/SOLGAR-Lipotropic-Factors-100-tabs.jpg\" \/>\n\t<meta property=\"og:image:width\" content=\"700\" \/>\n\t<meta property=\"og:image:height\" content=\"700\" \/>\n\t<meta property=\"og:image:type\" content=\"image\/jpeg\" \/>\n<meta name=\"twitter:card\" content=\"summary_large_image\" \/>\n<meta name=\"twitter:label1\" content=\"Price\" \/>\n\t<meta name=\"twitter:data1\" content=\"&#067;&#072;&#070;&nbsp;24.87\" \/>\n\t<meta name=\"twitter:label2\" content=\"Availability\" \/>\n\t<meta name=\"twitter:data2\" content=\"Out of stock\" \/>\n<script type=\"application\/ld+json\" class=\"yoast-schema-graph\">{\"@context\":\"https:\\\/\\\/schema.org\",\"@graph\":[{\"@type\":\"WebPage\",\"@id\":\"https:\\\/\\\/ecosupplements.ch\\\/?product=solgar-lipotropic-factors-100-tabs\",\"url\":\"https:\\\/\\\/ecosupplements.ch\\\/?product=solgar-lipotropic-factors-100-tabs\",\"name\":\"SOLGAR Lipotropic Factors 100 Tabletten | ecosupplements.ch\",\"isPartOf\":{\"@id\":\"https:\\\/\\\/ecosupplements.ch\\\/#website\"},\"primaryImageOfPage\":{\"@id\":\"https:\\\/\\\/ecosupplements.ch\\\/?product=solgar-lipotropic-factors-100-tabs#primaryimage\"},\"image\":{\"@id\":\"https:\\\/\\\/ecosupplements.ch\\\/?product=solgar-lipotropic-factors-100-tabs#primaryimage\"},\"thumbnailUrl\":\"https:\\\/\\\/ecosupplements.ch\\\/wp-content\\\/uploads\\\/2026\\\/05\\\/SOLGAR-Lipotropic-Factors-100-tabs.jpg\",\"datePublished\":\"2026-05-11T15:16:42+00:00\",\"dateModified\":\"2026-05-13T07:28:41+00:00\",\"description\":\"Cholin, Inositol & L-Methionin f\u00fcr den normalen Fettstoffwechsel \u2013 100 vegane Tabletten von Solgar, glutenfrei. Jetzt bestellen.\",\"breadcrumb\":{\"@id\":\"https:\\\/\\\/ecosupplements.ch\\\/?product=solgar-lipotropic-factors-100-tabs#breadcrumb\"},\"inLanguage\":\"de-CH\",\"potentialAction\":[{\"@type\":\"ReadAction\",\"target\":[\"https:\\\/\\\/ecosupplements.ch\\\/?product=solgar-lipotropic-factors-100-tabs\"]}]},{\"@type\":\"ImageObject\",\"inLanguage\":\"de-CH\",\"@id\":\"https:\\\/\\\/ecosupplements.ch\\\/?product=solgar-lipotropic-factors-100-tabs#primaryimage\",\"url\":\"https:\\\/\\\/ecosupplements.ch\\\/wp-content\\\/uploads\\\/2026\\\/05\\\/SOLGAR-Lipotropic-Factors-100-tabs.jpg\",\"contentUrl\":\"https:\\\/\\\/ecosupplements.ch\\\/wp-content\\\/uploads\\\/2026\\\/05\\\/SOLGAR-Lipotropic-Factors-100-tabs.jpg\",\"width\":700,\"height\":700,\"caption\":\"SOLGAR Lipotropic Factors (100 tabs)\"},{\"@type\":\"BreadcrumbList\",\"@id\":\"https:\\\/\\\/ecosupplements.ch\\\/?product=solgar-lipotropic-factors-100-tabs#breadcrumb\",\"itemListElement\":[{\"@type\":\"ListItem\",\"position\":1,\"name\":\"Home\",\"item\":\"https:\\\/\\\/ecosupplements.ch\\\/\"},{\"@type\":\"ListItem\",\"position\":2,\"name\":\"Shop\",\"item\":\"https:\\\/\\\/ecosupplements.ch\\\/?page_id=14\"},{\"@type\":\"ListItem\",\"position\":3,\"name\":\"SOLGAR Lipotropic Factors (100 tabs)\"}]},{\"@type\":\"WebSite\",\"@id\":\"https:\\\/\\\/ecosupplements.ch\\\/#website\",\"url\":\"https:\\\/\\\/ecosupplements.ch\\\/\",\"name\":\"Eco Supplements\",\"description\":\"\",\"potentialAction\":[{\"@type\":\"SearchAction\",\"target\":{\"@type\":\"EntryPoint\",\"urlTemplate\":\"https:\\\/\\\/ecosupplements.ch\\\/?s={search_term_string}\"},\"query-input\":{\"@type\":\"PropertyValueSpecification\",\"valueRequired\":true,\"valueName\":\"search_term_string\"}}],\"inLanguage\":\"de-CH\"}]}<\/script>\n<meta property=\"product:price:amount\" content=\"24.87\" \/>\n<meta property=\"product:price:currency\" content=\"CHF\" \/>\n<meta property=\"og:availability\" content=\"out of stock\" \/>\n<meta property=\"product:availability\" content=\"out of stock\" \/>\n<meta property=\"product:retailer_item_id\" content=\"033984015814\" \/>\n<meta property=\"product:condition\" content=\"new\" \/>\n<!-- \/ Yoast SEO plugin. -->","yoast_head_json":{"title":"SOLGAR Lipotropic Factors 100 Tabletten | ecosupplements.ch","description":"Cholin, Inositol & L-Methionin f\u00fcr den normalen Fettstoffwechsel \u2013 100 vegane Tabletten von Solgar, glutenfrei. Jetzt bestellen.","robots":{"index":"index","follow":"follow","max-snippet":"max-snippet:-1","max-image-preview":"max-image-preview:large","max-video-preview":"max-video-preview:-1"},"canonical":"https:\/\/ecosupplements.ch\/?product=solgar-lipotropic-factors-100-tabs","og_locale":"de_DE","og_type":"article","og_title":"SOLGAR Lipotropic Factors 100 Tabletten | ecosupplements.ch","og_description":"Cholin, Inositol & L-Methionin f\u00fcr den normalen Fettstoffwechsel \u2013 100 vegane Tabletten von Solgar, glutenfrei. Jetzt bestellen.","og_url":"https:\/\/ecosupplements.ch\/?product=solgar-lipotropic-factors-100-tabs","og_site_name":"Eco Supplements","article_modified_time":"2026-05-13T07:28:41+00:00","og_image":[{"width":700,"height":700,"url":"https:\/\/ecosupplements.ch\/wp-content\/uploads\/2026\/05\/SOLGAR-Lipotropic-Factors-100-tabs.jpg","type":"image\/jpeg"}],"twitter_card":"summary_large_image","twitter_misc":{"Price":"&#67;&#72;&#70;&nbsp;24.87","Availability":"Out of stock"},"schema":{"@context":"https:\/\/schema.org","@graph":[{"@type":"WebPage","@id":"https:\/\/ecosupplements.ch\/?product=solgar-lipotropic-factors-100-tabs","url":"https:\/\/ecosupplements.ch\/?product=solgar-lipotropic-factors-100-tabs","name":"SOLGAR Lipotropic Factors 100 Tabletten | ecosupplements.ch","isPartOf":{"@id":"https:\/\/ecosupplements.ch\/#website"},"primaryImageOfPage":{"@id":"https:\/\/ecosupplements.ch\/?product=solgar-lipotropic-factors-100-tabs#primaryimage"},"image":{"@id":"https:\/\/ecosupplements.ch\/?product=solgar-lipotropic-factors-100-tabs#primaryimage"},"thumbnailUrl":"https:\/\/ecosupplements.ch\/wp-content\/uploads\/2026\/05\/SOLGAR-Lipotropic-Factors-100-tabs.jpg","datePublished":"2026-05-11T15:16:42+00:00","dateModified":"2026-05-13T07:28:41+00:00","description":"Cholin, Inositol & L-Methionin f\u00fcr den normalen Fettstoffwechsel \u2013 100 vegane Tabletten von Solgar, glutenfrei. Jetzt bestellen.","breadcrumb":{"@id":"https:\/\/ecosupplements.ch\/?product=solgar-lipotropic-factors-100-tabs#breadcrumb"},"inLanguage":"de-CH","potentialAction":[{"@type":"ReadAction","target":["https:\/\/ecosupplements.ch\/?product=solgar-lipotropic-factors-100-tabs"]}]},{"@type":"ImageObject","inLanguage":"de-CH","@id":"https:\/\/ecosupplements.ch\/?product=solgar-lipotropic-factors-100-tabs#primaryimage","url":"https:\/\/ecosupplements.ch\/wp-content\/uploads\/2026\/05\/SOLGAR-Lipotropic-Factors-100-tabs.jpg","contentUrl":"https:\/\/ecosupplements.ch\/wp-content\/uploads\/2026\/05\/SOLGAR-Lipotropic-Factors-100-tabs.jpg","width":700,"height":700,"caption":"SOLGAR Lipotropic Factors (100 tabs)"},{"@type":"BreadcrumbList","@id":"https:\/\/ecosupplements.ch\/?product=solgar-lipotropic-factors-100-tabs#breadcrumb","itemListElement":[{"@type":"ListItem","position":1,"name":"Home","item":"https:\/\/ecosupplements.ch\/"},{"@type":"ListItem","position":2,"name":"Shop","item":"https:\/\/ecosupplements.ch\/?page_id=14"},{"@type":"ListItem","position":3,"name":"SOLGAR Lipotropic Factors (100 tabs)"}]},{"@type":"WebSite","@id":"https:\/\/ecosupplements.ch\/#website","url":"https:\/\/ecosupplements.ch\/","name":"Eco Supplements","description":"","potentialAction":[{"@type":"SearchAction","target":{"@type":"EntryPoint","urlTemplate":"https:\/\/ecosupplements.ch\/?s={search_term_string}"},"query-input":{"@type":"PropertyValueSpecification","valueRequired":true,"valueName":"search_term_string"}}],"inLanguage":"de-CH"}]},"product_price_amount":"24.87","product_price_currency":"CHF","og_availability":"out of stock","product_availability":"out of stock","product_retailer_item_id":"033984015814","product_condition":"new"},"_links":{"self":[{"href":"https:\/\/ecosupplements.ch\/index.php?rest_route=\/wp\/v2\/product\/6676","targetHints":{"allow":["GET"]}}],"collection":[{"href":"https:\/\/ecosupplements.ch\/index.php?rest_route=\/wp\/v2\/product"}],"about":[{"href":"https:\/\/ecosupplements.ch\/index.php?rest_route=\/wp\/v2\/types\/product"}],"replies":[{"embeddable":true,"href":"https:\/\/ecosupplements.ch\/index.php?rest_route=%2Fwp%2Fv2%2Fcomments&post=6676"}],"wp:featuredmedia":[{"embeddable":true,"href":"https:\/\/ecosupplements.ch\/index.php?rest_route=\/wp\/v2\/media\/6677"}],"wp:attachment":[{"href":"https:\/\/ecosupplements.ch\/index.php?rest_route=%2Fwp%2Fv2%2Fmedia&parent=6676"}],"wp:term":[{"taxonomy":"product_brand","embeddable":true,"href":"https:\/\/ecosupplements.ch\/index.php?rest_route=%2Fwp%2Fv2%2Fproduct_brand&post=6676"},{"taxonomy":"product_cat","embeddable":true,"href":"https:\/\/ecosupplements.ch\/index.php?rest_route=%2Fwp%2Fv2%2Fproduct_cat&post=6676"},{"taxonomy":"product_tag","embeddable":true,"href":"https:\/\/ecosupplements.ch\/index.php?rest_route=%2Fwp%2Fv2%2Fproduct_tag&post=6676"}],"curies":[{"name":"wp","href":"https:\/\/api.w.org\/{rel}","templated":true}]}}