{"id":6684,"date":"2026-05-11T15:16:45","date_gmt":"2026-05-11T15:16:45","guid":{"rendered":"https:\/\/ecosupplements.ch\/?product=solgar-oceanic-silica-from-red-algae-100-caps"},"modified":"2026-05-13T07:28:41","modified_gmt":"2026-05-13T07:28:41","slug":"solgar-oceanic-silica-from-red-algae-100-caps","status":"publish","type":"product","link":"https:\/\/ecosupplements.ch\/?product=solgar-oceanic-silica-from-red-algae-100-caps","title":{"rendered":"SOLGAR Oceanic Silica from Red Algae (100 caps)"},"content":{"rendered":"<div class=\"chcg-product-description\">\n<h2 class=\"chcg-heading\">\u00dcber SOLGAR \u2013 Oceanic Silica from Red Algae (100 Kapseln)<\/h2>\n<div class=\"chcg-intro\">\n<p>SOLGAR Oceanic Silica from Red Algae liefert nat\u00fcrliches Silizium aus der roten Meeresalge <em>Lithothamnion corallioides<\/em> \u2013 einer nachhaltigen, marinen Quelle, die seit Jahrzehnten f\u00fcr ihre mineralreiche Zusammensetzung bekannt ist. Jede Tagesportion enth\u00e4lt 108 mg Silica mit 50 mg elementarem Silizium sowie 200 mg Kalzium und unterst\u00fctzt so eine gezielte t\u00e4gliche Versorgung mit diesen Mineralstoffen.<\/p>\n<p>Silizium kommt nat\u00fcrlicherweise im menschlichen K\u00f6rper vor und ist in verschiedenen Geweben pr\u00e4sent. Kalzium tr\u00e4gt zur normalen Erhaltung der Knochen und Z\u00e4hne bei sowie zur normalen Muskelfunktion und Blutgerinnung. Die Kombination beider Mineralstoffe aus einer nat\u00fcrlichen Meeresalgenquelle macht dieses Produkt zu einer hochwertigen Erg\u00e4nzung f\u00fcr eine ausgewogene Ern\u00e4hrung.<\/p>\n<p>Die vegetarischen Kapseln sind frei von Gluten, Weizen, Milchprodukten, Soja und Hefe und eignen sich sowohl f\u00fcr Veganerinnen und Veganer als auch f\u00fcr Vegetarierinnen und Vegetarier. SOLGAR steht seit 1947 f\u00fcr h\u00f6chste Qualit\u00e4tsstandards und sorgf\u00e4ltig formulierte Nahrungserg\u00e4nzungsmittel.<\/p>\n<\/p><\/div>\n<div class=\"chcg-nutrition\">\n<h3>N\u00e4hrwertangaben<\/h3>\n<table class=\"chcg-nutrition-table\">\n<thead>\n<tr>\n<th>N\u00e4hrstoff<\/th>\n<th>Pro Portion (2 Kapseln)<\/th>\n<\/tr>\n<\/thead>\n<tbody>\n<tr>\n<td>Kalzium<\/td>\n<td>200 mg (20% TV)<\/td>\n<\/tr>\n<tr>\n<td>Silica (<em>Lithothamnion corallioides<\/em>) (aus Rotalgen-Pulver, 50 mg elementares Silizium)<\/td>\n<td>108 mg (**)<\/td>\n<\/tr>\n<\/tbody>\n<\/table>\n<p class=\"chcg-footnote\">** Kein festgelegter Tagesbedarf.<\/p>\n<p class=\"chcg-footnote\">Portionsgr\u00f6sse: 2 Vegetarische Kapseln | Portionen pro Beh\u00e4lter: 50<\/p>\n<\/p><\/div>\n<div class=\"chcg-ingredients\">\n<h3>Zutaten<\/h3>\n<p>Wirkstoff: Silica (aus Rotalgen-Pulver (<em>Lithothamnion corallioides<\/em>)) (50 mg elementares Silizium). Weitere Zutaten: Mikrokristalline Zellulose, Pflanzliche Zellulose, Silica, Pflanzliches Magnesiumstearat.<\/p>\n<p class=\"chcg-capsule-shell\">Kapselh\u00fclle: Pflanzliche Zellulose (vegetarische Kapselh\u00fclle)<\/p>\n<\/p><\/div>\n<div class=\"chcg-dosage\">\n<h3>Verzehrempfehlung<\/h3>\n<p>Als Nahrungserg\u00e4nzungsmittel f\u00fcr Erwachsene t\u00e4glich zwei (2) vegetarische Kapseln einnehmen, vorzugsweise zu den Mahlzeiten, oder gem\u00e4ss Anweisung einer Fachperson f\u00fcr Gesundheit.<\/p>\n<\/p><\/div>\n<div class=\"chcg-warnings\">\n<h3>Warnhinweise<\/h3>\n<p>Falls Sie schwanger sind, stillen, Medikamente einnehmen oder an einer Erkrankung leiden, konsultieren Sie bitte vor der Einnahme dieses Nahrungserg\u00e4nzungsmittels eine Fachperson f\u00fcr Gesundheit. Ausserhalb der Reichweite von Kindern aufbewahren. Nicht verwenden, wenn die \u00e4ussere Versiegelung der Flasche fehlt oder in irgendeiner Weise besch\u00e4digt ist.<\/p>\n<\/p><\/div>\n<div class=\"chcg-allergens\">\n<h3>Allergeninformationen<\/h3>\n<p>Frei von: Gluten, Weizen, Milchprodukten, Soja, Hefe, Zucker, Natrium, k\u00fcnstlichen Aromen, S\u00fcssungsmitteln, Konservierungsstoffen und Farbstoffen.<\/p>\n<\/p><\/div>\n<div class=\"chcg-storage\">\n<h3>Lagerung<\/h3>\n<p>An einem k\u00fchlen, trockenen Ort aufbewahren.<\/p>\n<\/p><\/div>\n<div class=\"chcg-dietary\">\n<h3>Ern\u00e4hrungshinweise<\/h3>\n<ul>\n<li>Vegan<\/li>\n<li>Vegetarisch<\/li>\n<li>Glutenfrei<\/li>\n<li>Laktosefrei<\/li>\n<\/ul><\/div>\n<\/div>\n","protected":false},"excerpt":{"rendered":"<p>SOLGAR Oceanic Silica from Red Algae liefert nat\u00fcrliches Silizium und Kalzium aus der Meeresalge Lithothamnion corallioides. 100 vegetarische Kapseln, vegan, glutenfrei.<\/p>\n","protected":false},"featured_media":6685,"comment_status":"closed","ping_status":"open","template":"","meta":[],"product_brand":[229],"product_cat":[25,102,98,21],"product_tag":[],"class_list":{"0":"post-6684","1":"product","2":"type-product","3":"status-publish","4":"has-post-thumbnail","6":"product_brand-solgar","7":"product_cat-gesundheit-und-wohlbefinden","8":"product_cat-verdauungsgesundheit","9":"product_cat-vitalitaet","10":"product_cat-vitamine-und-mineralstoffe","12":"first","13":"outofstock","14":"taxable","15":"shipping-taxable","16":"purchasable","17":"product-type-simple"},"yoast_head":"<!-- This site is optimized with the Yoast SEO plugin v27.5 - https:\/\/yoast.com\/product\/yoast-seo-wordpress\/ -->\n<title>SOLGAR Oceanic Silica Red Algae 100 Kapseln | ecosupplements.ch<\/title>\n<meta name=\"description\" content=\"Nat\u00fcrliches Silizium und Kalzium aus Rotalgen \u2013 SOLGAR Oceanic Silica in 100 veganen Kapseln. Jetzt bestellen.\" \/>\n<meta name=\"robots\" content=\"index, follow, max-snippet:-1, max-image-preview:large, max-video-preview:-1\" \/>\n<link rel=\"canonical\" href=\"https:\/\/ecosupplements.ch\/?product=solgar-oceanic-silica-from-red-algae-100-caps\" \/>\n<meta property=\"og:locale\" content=\"de_DE\" \/>\n<meta property=\"og:type\" content=\"article\" \/>\n<meta property=\"og:title\" content=\"SOLGAR Oceanic Silica Red Algae 100 Kapseln | ecosupplements.ch\" \/>\n<meta property=\"og:description\" content=\"Nat\u00fcrliches Silizium und Kalzium aus Rotalgen \u2013 SOLGAR Oceanic Silica in 100 veganen Kapseln. Jetzt bestellen.\" \/>\n<meta property=\"og:url\" content=\"https:\/\/ecosupplements.ch\/?product=solgar-oceanic-silica-from-red-algae-100-caps\" \/>\n<meta property=\"og:site_name\" content=\"Eco Supplements\" \/>\n<meta property=\"article:modified_time\" content=\"2026-05-13T07:28:41+00:00\" \/>\n<meta property=\"og:image\" content=\"https:\/\/ecosupplements.ch\/wp-content\/uploads\/2026\/05\/SOLGAR-Oceanic-Silica-from-Red-Algae-100-caps.jpg\" \/>\n\t<meta property=\"og:image:width\" content=\"700\" \/>\n\t<meta property=\"og:image:height\" content=\"700\" \/>\n\t<meta property=\"og:image:type\" content=\"image\/jpeg\" \/>\n<meta name=\"twitter:card\" content=\"summary_large_image\" \/>\n<meta name=\"twitter:label1\" content=\"Price\" \/>\n\t<meta name=\"twitter:data1\" content=\"&#067;&#072;&#070;&nbsp;20.12\" \/>\n\t<meta name=\"twitter:label2\" content=\"Availability\" \/>\n\t<meta name=\"twitter:data2\" content=\"Out of stock\" \/>\n<script type=\"application\/ld+json\" class=\"yoast-schema-graph\">{\"@context\":\"https:\\\/\\\/schema.org\",\"@graph\":[{\"@type\":\"WebPage\",\"@id\":\"https:\\\/\\\/ecosupplements.ch\\\/?product=solgar-oceanic-silica-from-red-algae-100-caps\",\"url\":\"https:\\\/\\\/ecosupplements.ch\\\/?product=solgar-oceanic-silica-from-red-algae-100-caps\",\"name\":\"SOLGAR Oceanic Silica Red Algae 100 Kapseln | ecosupplements.ch\",\"isPartOf\":{\"@id\":\"https:\\\/\\\/ecosupplements.ch\\\/#website\"},\"primaryImageOfPage\":{\"@id\":\"https:\\\/\\\/ecosupplements.ch\\\/?product=solgar-oceanic-silica-from-red-algae-100-caps#primaryimage\"},\"image\":{\"@id\":\"https:\\\/\\\/ecosupplements.ch\\\/?product=solgar-oceanic-silica-from-red-algae-100-caps#primaryimage\"},\"thumbnailUrl\":\"https:\\\/\\\/ecosupplements.ch\\\/wp-content\\\/uploads\\\/2026\\\/05\\\/SOLGAR-Oceanic-Silica-from-Red-Algae-100-caps.jpg\",\"datePublished\":\"2026-05-11T15:16:45+00:00\",\"dateModified\":\"2026-05-13T07:28:41+00:00\",\"description\":\"Nat\u00fcrliches Silizium und Kalzium aus Rotalgen \u2013 SOLGAR Oceanic Silica in 100 veganen Kapseln. Jetzt bestellen.\",\"breadcrumb\":{\"@id\":\"https:\\\/\\\/ecosupplements.ch\\\/?product=solgar-oceanic-silica-from-red-algae-100-caps#breadcrumb\"},\"inLanguage\":\"de-CH\",\"potentialAction\":[{\"@type\":\"ReadAction\",\"target\":[\"https:\\\/\\\/ecosupplements.ch\\\/?product=solgar-oceanic-silica-from-red-algae-100-caps\"]}]},{\"@type\":\"ImageObject\",\"inLanguage\":\"de-CH\",\"@id\":\"https:\\\/\\\/ecosupplements.ch\\\/?product=solgar-oceanic-silica-from-red-algae-100-caps#primaryimage\",\"url\":\"https:\\\/\\\/ecosupplements.ch\\\/wp-content\\\/uploads\\\/2026\\\/05\\\/SOLGAR-Oceanic-Silica-from-Red-Algae-100-caps.jpg\",\"contentUrl\":\"https:\\\/\\\/ecosupplements.ch\\\/wp-content\\\/uploads\\\/2026\\\/05\\\/SOLGAR-Oceanic-Silica-from-Red-Algae-100-caps.jpg\",\"width\":700,\"height\":700,\"caption\":\"SOLGAR Oceanic Silica from Red Algae (100 caps)\"},{\"@type\":\"BreadcrumbList\",\"@id\":\"https:\\\/\\\/ecosupplements.ch\\\/?product=solgar-oceanic-silica-from-red-algae-100-caps#breadcrumb\",\"itemListElement\":[{\"@type\":\"ListItem\",\"position\":1,\"name\":\"Home\",\"item\":\"https:\\\/\\\/ecosupplements.ch\\\/\"},{\"@type\":\"ListItem\",\"position\":2,\"name\":\"Shop\",\"item\":\"https:\\\/\\\/ecosupplements.ch\\\/?page_id=14\"},{\"@type\":\"ListItem\",\"position\":3,\"name\":\"SOLGAR Oceanic Silica from Red Algae (100 caps)\"}]},{\"@type\":\"WebSite\",\"@id\":\"https:\\\/\\\/ecosupplements.ch\\\/#website\",\"url\":\"https:\\\/\\\/ecosupplements.ch\\\/\",\"name\":\"Eco Supplements\",\"description\":\"\",\"potentialAction\":[{\"@type\":\"SearchAction\",\"target\":{\"@type\":\"EntryPoint\",\"urlTemplate\":\"https:\\\/\\\/ecosupplements.ch\\\/?s={search_term_string}\"},\"query-input\":{\"@type\":\"PropertyValueSpecification\",\"valueRequired\":true,\"valueName\":\"search_term_string\"}}],\"inLanguage\":\"de-CH\"}]}<\/script>\n<meta property=\"product:price:amount\" content=\"20.12\" \/>\n<meta property=\"product:price:currency\" content=\"CHF\" \/>\n<meta property=\"og:availability\" content=\"out of stock\" \/>\n<meta property=\"product:availability\" content=\"out of stock\" \/>\n<meta property=\"product:retailer_item_id\" content=\"033984025714\" \/>\n<meta property=\"product:condition\" content=\"new\" \/>\n<!-- \/ Yoast SEO plugin. -->","yoast_head_json":{"title":"SOLGAR Oceanic Silica Red Algae 100 Kapseln | ecosupplements.ch","description":"Nat\u00fcrliches Silizium und Kalzium aus Rotalgen \u2013 SOLGAR Oceanic Silica in 100 veganen Kapseln. Jetzt bestellen.","robots":{"index":"index","follow":"follow","max-snippet":"max-snippet:-1","max-image-preview":"max-image-preview:large","max-video-preview":"max-video-preview:-1"},"canonical":"https:\/\/ecosupplements.ch\/?product=solgar-oceanic-silica-from-red-algae-100-caps","og_locale":"de_DE","og_type":"article","og_title":"SOLGAR Oceanic Silica Red Algae 100 Kapseln | ecosupplements.ch","og_description":"Nat\u00fcrliches Silizium und Kalzium aus Rotalgen \u2013 SOLGAR Oceanic Silica in 100 veganen Kapseln. Jetzt bestellen.","og_url":"https:\/\/ecosupplements.ch\/?product=solgar-oceanic-silica-from-red-algae-100-caps","og_site_name":"Eco Supplements","article_modified_time":"2026-05-13T07:28:41+00:00","og_image":[{"width":700,"height":700,"url":"https:\/\/ecosupplements.ch\/wp-content\/uploads\/2026\/05\/SOLGAR-Oceanic-Silica-from-Red-Algae-100-caps.jpg","type":"image\/jpeg"}],"twitter_card":"summary_large_image","twitter_misc":{"Price":"&#67;&#72;&#70;&nbsp;20.12","Availability":"Out of stock"},"schema":{"@context":"https:\/\/schema.org","@graph":[{"@type":"WebPage","@id":"https:\/\/ecosupplements.ch\/?product=solgar-oceanic-silica-from-red-algae-100-caps","url":"https:\/\/ecosupplements.ch\/?product=solgar-oceanic-silica-from-red-algae-100-caps","name":"SOLGAR Oceanic Silica Red Algae 100 Kapseln | ecosupplements.ch","isPartOf":{"@id":"https:\/\/ecosupplements.ch\/#website"},"primaryImageOfPage":{"@id":"https:\/\/ecosupplements.ch\/?product=solgar-oceanic-silica-from-red-algae-100-caps#primaryimage"},"image":{"@id":"https:\/\/ecosupplements.ch\/?product=solgar-oceanic-silica-from-red-algae-100-caps#primaryimage"},"thumbnailUrl":"https:\/\/ecosupplements.ch\/wp-content\/uploads\/2026\/05\/SOLGAR-Oceanic-Silica-from-Red-Algae-100-caps.jpg","datePublished":"2026-05-11T15:16:45+00:00","dateModified":"2026-05-13T07:28:41+00:00","description":"Nat\u00fcrliches Silizium und Kalzium aus Rotalgen \u2013 SOLGAR Oceanic Silica in 100 veganen Kapseln. Jetzt bestellen.","breadcrumb":{"@id":"https:\/\/ecosupplements.ch\/?product=solgar-oceanic-silica-from-red-algae-100-caps#breadcrumb"},"inLanguage":"de-CH","potentialAction":[{"@type":"ReadAction","target":["https:\/\/ecosupplements.ch\/?product=solgar-oceanic-silica-from-red-algae-100-caps"]}]},{"@type":"ImageObject","inLanguage":"de-CH","@id":"https:\/\/ecosupplements.ch\/?product=solgar-oceanic-silica-from-red-algae-100-caps#primaryimage","url":"https:\/\/ecosupplements.ch\/wp-content\/uploads\/2026\/05\/SOLGAR-Oceanic-Silica-from-Red-Algae-100-caps.jpg","contentUrl":"https:\/\/ecosupplements.ch\/wp-content\/uploads\/2026\/05\/SOLGAR-Oceanic-Silica-from-Red-Algae-100-caps.jpg","width":700,"height":700,"caption":"SOLGAR Oceanic Silica from Red Algae (100 caps)"},{"@type":"BreadcrumbList","@id":"https:\/\/ecosupplements.ch\/?product=solgar-oceanic-silica-from-red-algae-100-caps#breadcrumb","itemListElement":[{"@type":"ListItem","position":1,"name":"Home","item":"https:\/\/ecosupplements.ch\/"},{"@type":"ListItem","position":2,"name":"Shop","item":"https:\/\/ecosupplements.ch\/?page_id=14"},{"@type":"ListItem","position":3,"name":"SOLGAR Oceanic Silica from Red Algae (100 caps)"}]},{"@type":"WebSite","@id":"https:\/\/ecosupplements.ch\/#website","url":"https:\/\/ecosupplements.ch\/","name":"Eco Supplements","description":"","potentialAction":[{"@type":"SearchAction","target":{"@type":"EntryPoint","urlTemplate":"https:\/\/ecosupplements.ch\/?s={search_term_string}"},"query-input":{"@type":"PropertyValueSpecification","valueRequired":true,"valueName":"search_term_string"}}],"inLanguage":"de-CH"}]},"product_price_amount":"20.12","product_price_currency":"CHF","og_availability":"out of stock","product_availability":"out of stock","product_retailer_item_id":"033984025714","product_condition":"new"},"_links":{"self":[{"href":"https:\/\/ecosupplements.ch\/index.php?rest_route=\/wp\/v2\/product\/6684","targetHints":{"allow":["GET"]}}],"collection":[{"href":"https:\/\/ecosupplements.ch\/index.php?rest_route=\/wp\/v2\/product"}],"about":[{"href":"https:\/\/ecosupplements.ch\/index.php?rest_route=\/wp\/v2\/types\/product"}],"replies":[{"embeddable":true,"href":"https:\/\/ecosupplements.ch\/index.php?rest_route=%2Fwp%2Fv2%2Fcomments&post=6684"}],"wp:featuredmedia":[{"embeddable":true,"href":"https:\/\/ecosupplements.ch\/index.php?rest_route=\/wp\/v2\/media\/6685"}],"wp:attachment":[{"href":"https:\/\/ecosupplements.ch\/index.php?rest_route=%2Fwp%2Fv2%2Fmedia&parent=6684"}],"wp:term":[{"taxonomy":"product_brand","embeddable":true,"href":"https:\/\/ecosupplements.ch\/index.php?rest_route=%2Fwp%2Fv2%2Fproduct_brand&post=6684"},{"taxonomy":"product_cat","embeddable":true,"href":"https:\/\/ecosupplements.ch\/index.php?rest_route=%2Fwp%2Fv2%2Fproduct_cat&post=6684"},{"taxonomy":"product_tag","embeddable":true,"href":"https:\/\/ecosupplements.ch\/index.php?rest_route=%2Fwp%2Fv2%2Fproduct_tag&post=6684"}],"curies":[{"name":"wp","href":"https:\/\/api.w.org\/{rel}","templated":true}]}}