{"id":6688,"date":"2026-05-11T15:16:47","date_gmt":"2026-05-11T15:16:47","guid":{"rendered":"https:\/\/ecosupplements.ch\/?product=solgar-phosphatidylcholine-100-caps"},"modified":"2026-05-13T07:28:42","modified_gmt":"2026-05-13T07:28:42","slug":"solgar-phosphatidylcholine-100-caps","status":"publish","type":"product","link":"https:\/\/ecosupplements.ch\/?product=solgar-phosphatidylcholine-100-caps","title":{"rendered":"SOLGAR Phosphatidylcholine (100 caps)"},"content":{"rendered":"<div class=\"chcg-product-description\">\n<h2 class=\"chcg-heading\">\u00dcber SOLGAR \u2013 Phosphatidylcholine (100 Softgels)<\/h2>\n<div class=\"chcg-intro\">\n<p>Phosphatidylcholin ist ein nat\u00fcrlich vorkommendes Phospholipid, das ein wesentlicher Bestandteil der Zellmembranen ist und im K\u00f6rper eine zentrale strukturelle Rolle \u00fcbernimmt. Es kommt in hohen Konzentrationen im Gehirn, in der Leber sowie im Nervensystem vor und liefert Cholin als wichtige Ausgangsverbindung f\u00fcr verschiedene physiologische Prozesse.<\/p>\n<p>Die SOLGAR Phosphatidylcholine Softgels bieten eine hochwertige Zufuhr von 840 mg Phosphatidylcholin pro Tagesportion (2 Softgels). Das Produkt ist sorgf\u00e4ltig formuliert und entspricht den strengen Qualit\u00e4tsstandards, f\u00fcr die SOLGAR seit Jahrzehnten bekannt ist.<\/p>\n<p>SOLGAR steht seit 1947 f\u00fcr kompromisslose Qualit\u00e4t und wissenschaftlich fundierte Nahrungserg\u00e4nzungsmittel. Die Softgels sind einfach einzunehmen und werden idealerweise zu den Mahlzeiten konsumiert.<\/p>\n<\/p><\/div>\n<div class=\"chcg-nutrition\">\n<h3>N\u00e4hrwertangaben<\/h3>\n<table class=\"chcg-nutrition-table\">\n<thead>\n<tr>\n<th>N\u00e4hrstoff<\/th>\n<th>Pro Portion (2 Softgels)<\/th>\n<\/tr>\n<\/thead>\n<tbody>\n<tr>\n<td>Kalorien<\/td>\n<td>15 kcal<\/td>\n<\/tr>\n<tr>\n<td>Fett<\/td>\n<td>1,5 g *<\/td>\n<\/tr>\n<tr>\n<td>Phosphatidylcholin<\/td>\n<td>840 mg *<\/td>\n<\/tr>\n<\/tbody>\n<\/table>\n<p class=\"chcg-footnote\">* Kein festgelegter Tagesbedarf-Referenzwert vorhanden.<\/p>\n<\/p><\/div>\n<div class=\"chcg-ingredients\">\n<h3>Zutaten<\/h3>\n<p>Phosphatidylcholin. Weitere Zutaten: Sojalecithin-Konzentrat, Gelatine, pflanzliches Glycerin.<\/p>\n<p class=\"chcg-capsule-shell\">Kapselh\u00fclle: Gelatine, pflanzliches Glycerin.<\/p>\n<\/p><\/div>\n<div class=\"chcg-dosage\">\n<h3>Verzehrempfehlung<\/h3>\n<p>Als Nahrungserg\u00e4nzungsmittel f\u00fcr Erwachsene t\u00e4glich zwei (2) Softgels einnehmen, vorzugsweise zu den Mahlzeiten, oder gem\u00e4ss Anweisung einer Fachperson f\u00fcr Gesundheit.<\/p>\n<\/p><\/div>\n<div class=\"chcg-warnings\">\n<h3>Warnhinweise<\/h3>\n<p>Falls Sie schwanger sind, stillen, Medikamente einnehmen oder an einer Erkrankung leiden, konsultieren Sie bitte vor der Einnahme eines Nahrungserg\u00e4nzungsmittels eine Fachperson f\u00fcr Gesundheit. Bei unerw\u00fcnschten Reaktionen die Einnahme abbrechen und eine Fachperson f\u00fcr Gesundheit aufsuchen. Ausserhalb der Reichweite von Kindern aufbewahren. Nicht verwenden, wenn das \u00e4ussere Originalsiegel der Flasche fehlt oder besch\u00e4digt ist.<\/p>\n<\/p><\/div>\n<div class=\"chcg-allergens\">\n<h3>Allergeninformationen<\/h3>\n<p>Enth\u00e4lt Soja. Frei von: Gluten, Weizen, Milchprodukten, Hefe, Zucker, Natrium, k\u00fcnstlichen Aromen, S\u00fcssungsmitteln, Konservierungsstoffen und Farbstoffen.<\/p>\n<\/p><\/div>\n<div class=\"chcg-storage\">\n<h3>Lagerung<\/h3>\n<p>An einem k\u00fchlen, trockenen Ort aufbewahren.<\/p>\n<\/p><\/div>\n<div class=\"chcg-dietary\">\n<h3>Ern\u00e4hrungshinweise<\/h3>\n<ul>\n<li>Glutenfrei<\/li>\n<li>Laktosefrei<\/li>\n<\/ul><\/div>\n<\/div>\n","protected":false},"excerpt":{"rendered":"<p>SOLGAR Phosphatidylcholine liefert 840 mg Phosphatidylcholin pro Tagesportion als hochwertiges Phospholipid. Praktische Softgels, 100 St\u00fcck pro Packung. Glutenfrei und laktosefrei.<\/p>\n","protected":false},"featured_media":6689,"comment_status":"closed","ping_status":"open","template":"","meta":[],"product_brand":[229],"product_cat":[48,157,171,21],"product_tag":[],"class_list":{"0":"post-6688","1":"product","2":"type-product","3":"status-publish","4":"has-post-thumbnail","6":"product_brand-solgar","7":"product_cat-gesunde-ernaehrung","8":"product_cat-phosphatidylserin","9":"product_cat-vitamine-und-mineralien","10":"product_cat-vitamine-und-mineralstoffe","12":"first","13":"outofstock","14":"taxable","15":"shipping-taxable","16":"purchasable","17":"product-type-simple"},"yoast_head":"<!-- This site is optimized with the Yoast SEO plugin v27.5 - https:\/\/yoast.com\/product\/yoast-seo-wordpress\/ -->\n<title>SOLGAR Phosphatidylcholine 100 Softgels | ecosupplements.ch<\/title>\n<meta name=\"description\" content=\"SOLGAR Phosphatidylcholine mit 840 mg pro Portion in 100 Softgels \u2013 glutenfrei und laktosefrei. Jetzt bestellen.\" \/>\n<meta name=\"robots\" content=\"index, follow, max-snippet:-1, max-image-preview:large, max-video-preview:-1\" \/>\n<link rel=\"canonical\" href=\"https:\/\/ecosupplements.ch\/?product=solgar-phosphatidylcholine-100-caps\" \/>\n<meta property=\"og:locale\" content=\"de_DE\" \/>\n<meta property=\"og:type\" content=\"article\" \/>\n<meta property=\"og:title\" content=\"SOLGAR Phosphatidylcholine 100 Softgels | ecosupplements.ch\" \/>\n<meta property=\"og:description\" content=\"SOLGAR Phosphatidylcholine mit 840 mg pro Portion in 100 Softgels \u2013 glutenfrei und laktosefrei. Jetzt bestellen.\" \/>\n<meta property=\"og:url\" content=\"https:\/\/ecosupplements.ch\/?product=solgar-phosphatidylcholine-100-caps\" \/>\n<meta property=\"og:site_name\" content=\"Eco Supplements\" \/>\n<meta property=\"article:modified_time\" content=\"2026-05-13T07:28:42+00:00\" \/>\n<meta property=\"og:image\" content=\"https:\/\/ecosupplements.ch\/wp-content\/uploads\/2026\/05\/SOLGAR-Phosphatidylcholine-100-caps.jpg\" \/>\n\t<meta property=\"og:image:width\" content=\"700\" \/>\n\t<meta property=\"og:image:height\" content=\"700\" \/>\n\t<meta property=\"og:image:type\" content=\"image\/jpeg\" \/>\n<meta name=\"twitter:card\" content=\"summary_large_image\" \/>\n<meta name=\"twitter:label1\" content=\"Price\" \/>\n\t<meta name=\"twitter:data1\" content=\"&#067;&#072;&#070;&nbsp;23.52\" \/>\n\t<meta name=\"twitter:label2\" content=\"Availability\" \/>\n\t<meta name=\"twitter:data2\" content=\"Out of stock\" \/>\n<script type=\"application\/ld+json\" class=\"yoast-schema-graph\">{\"@context\":\"https:\\\/\\\/schema.org\",\"@graph\":[{\"@type\":\"WebPage\",\"@id\":\"https:\\\/\\\/ecosupplements.ch\\\/?product=solgar-phosphatidylcholine-100-caps\",\"url\":\"https:\\\/\\\/ecosupplements.ch\\\/?product=solgar-phosphatidylcholine-100-caps\",\"name\":\"SOLGAR Phosphatidylcholine 100 Softgels | ecosupplements.ch\",\"isPartOf\":{\"@id\":\"https:\\\/\\\/ecosupplements.ch\\\/#website\"},\"primaryImageOfPage\":{\"@id\":\"https:\\\/\\\/ecosupplements.ch\\\/?product=solgar-phosphatidylcholine-100-caps#primaryimage\"},\"image\":{\"@id\":\"https:\\\/\\\/ecosupplements.ch\\\/?product=solgar-phosphatidylcholine-100-caps#primaryimage\"},\"thumbnailUrl\":\"https:\\\/\\\/ecosupplements.ch\\\/wp-content\\\/uploads\\\/2026\\\/05\\\/SOLGAR-Phosphatidylcholine-100-caps.jpg\",\"datePublished\":\"2026-05-11T15:16:47+00:00\",\"dateModified\":\"2026-05-13T07:28:42+00:00\",\"description\":\"SOLGAR Phosphatidylcholine mit 840 mg pro Portion in 100 Softgels \u2013 glutenfrei und laktosefrei. Jetzt bestellen.\",\"breadcrumb\":{\"@id\":\"https:\\\/\\\/ecosupplements.ch\\\/?product=solgar-phosphatidylcholine-100-caps#breadcrumb\"},\"inLanguage\":\"de-CH\",\"potentialAction\":[{\"@type\":\"ReadAction\",\"target\":[\"https:\\\/\\\/ecosupplements.ch\\\/?product=solgar-phosphatidylcholine-100-caps\"]}]},{\"@type\":\"ImageObject\",\"inLanguage\":\"de-CH\",\"@id\":\"https:\\\/\\\/ecosupplements.ch\\\/?product=solgar-phosphatidylcholine-100-caps#primaryimage\",\"url\":\"https:\\\/\\\/ecosupplements.ch\\\/wp-content\\\/uploads\\\/2026\\\/05\\\/SOLGAR-Phosphatidylcholine-100-caps.jpg\",\"contentUrl\":\"https:\\\/\\\/ecosupplements.ch\\\/wp-content\\\/uploads\\\/2026\\\/05\\\/SOLGAR-Phosphatidylcholine-100-caps.jpg\",\"width\":700,\"height\":700,\"caption\":\"SOLGAR Phosphatidylcholine (100 caps)\"},{\"@type\":\"BreadcrumbList\",\"@id\":\"https:\\\/\\\/ecosupplements.ch\\\/?product=solgar-phosphatidylcholine-100-caps#breadcrumb\",\"itemListElement\":[{\"@type\":\"ListItem\",\"position\":1,\"name\":\"Home\",\"item\":\"https:\\\/\\\/ecosupplements.ch\\\/\"},{\"@type\":\"ListItem\",\"position\":2,\"name\":\"Shop\",\"item\":\"https:\\\/\\\/ecosupplements.ch\\\/?page_id=14\"},{\"@type\":\"ListItem\",\"position\":3,\"name\":\"SOLGAR Phosphatidylcholine (100 caps)\"}]},{\"@type\":\"WebSite\",\"@id\":\"https:\\\/\\\/ecosupplements.ch\\\/#website\",\"url\":\"https:\\\/\\\/ecosupplements.ch\\\/\",\"name\":\"Eco Supplements\",\"description\":\"\",\"potentialAction\":[{\"@type\":\"SearchAction\",\"target\":{\"@type\":\"EntryPoint\",\"urlTemplate\":\"https:\\\/\\\/ecosupplements.ch\\\/?s={search_term_string}\"},\"query-input\":{\"@type\":\"PropertyValueSpecification\",\"valueRequired\":true,\"valueName\":\"search_term_string\"}}],\"inLanguage\":\"de-CH\"}]}<\/script>\n<meta property=\"product:price:amount\" content=\"23.52\" \/>\n<meta property=\"product:price:currency\" content=\"CHF\" \/>\n<meta property=\"og:availability\" content=\"out of stock\" \/>\n<meta property=\"product:availability\" content=\"out of stock\" \/>\n<meta property=\"product:retailer_item_id\" content=\"033984022102\" \/>\n<meta property=\"product:condition\" content=\"new\" \/>\n<!-- \/ Yoast SEO plugin. -->","yoast_head_json":{"title":"SOLGAR Phosphatidylcholine 100 Softgels | ecosupplements.ch","description":"SOLGAR Phosphatidylcholine mit 840 mg pro Portion in 100 Softgels \u2013 glutenfrei und laktosefrei. Jetzt bestellen.","robots":{"index":"index","follow":"follow","max-snippet":"max-snippet:-1","max-image-preview":"max-image-preview:large","max-video-preview":"max-video-preview:-1"},"canonical":"https:\/\/ecosupplements.ch\/?product=solgar-phosphatidylcholine-100-caps","og_locale":"de_DE","og_type":"article","og_title":"SOLGAR Phosphatidylcholine 100 Softgels | ecosupplements.ch","og_description":"SOLGAR Phosphatidylcholine mit 840 mg pro Portion in 100 Softgels \u2013 glutenfrei und laktosefrei. Jetzt bestellen.","og_url":"https:\/\/ecosupplements.ch\/?product=solgar-phosphatidylcholine-100-caps","og_site_name":"Eco Supplements","article_modified_time":"2026-05-13T07:28:42+00:00","og_image":[{"width":700,"height":700,"url":"https:\/\/ecosupplements.ch\/wp-content\/uploads\/2026\/05\/SOLGAR-Phosphatidylcholine-100-caps.jpg","type":"image\/jpeg"}],"twitter_card":"summary_large_image","twitter_misc":{"Price":"&#67;&#72;&#70;&nbsp;23.52","Availability":"Out of stock"},"schema":{"@context":"https:\/\/schema.org","@graph":[{"@type":"WebPage","@id":"https:\/\/ecosupplements.ch\/?product=solgar-phosphatidylcholine-100-caps","url":"https:\/\/ecosupplements.ch\/?product=solgar-phosphatidylcholine-100-caps","name":"SOLGAR Phosphatidylcholine 100 Softgels | ecosupplements.ch","isPartOf":{"@id":"https:\/\/ecosupplements.ch\/#website"},"primaryImageOfPage":{"@id":"https:\/\/ecosupplements.ch\/?product=solgar-phosphatidylcholine-100-caps#primaryimage"},"image":{"@id":"https:\/\/ecosupplements.ch\/?product=solgar-phosphatidylcholine-100-caps#primaryimage"},"thumbnailUrl":"https:\/\/ecosupplements.ch\/wp-content\/uploads\/2026\/05\/SOLGAR-Phosphatidylcholine-100-caps.jpg","datePublished":"2026-05-11T15:16:47+00:00","dateModified":"2026-05-13T07:28:42+00:00","description":"SOLGAR Phosphatidylcholine mit 840 mg pro Portion in 100 Softgels \u2013 glutenfrei und laktosefrei. Jetzt bestellen.","breadcrumb":{"@id":"https:\/\/ecosupplements.ch\/?product=solgar-phosphatidylcholine-100-caps#breadcrumb"},"inLanguage":"de-CH","potentialAction":[{"@type":"ReadAction","target":["https:\/\/ecosupplements.ch\/?product=solgar-phosphatidylcholine-100-caps"]}]},{"@type":"ImageObject","inLanguage":"de-CH","@id":"https:\/\/ecosupplements.ch\/?product=solgar-phosphatidylcholine-100-caps#primaryimage","url":"https:\/\/ecosupplements.ch\/wp-content\/uploads\/2026\/05\/SOLGAR-Phosphatidylcholine-100-caps.jpg","contentUrl":"https:\/\/ecosupplements.ch\/wp-content\/uploads\/2026\/05\/SOLGAR-Phosphatidylcholine-100-caps.jpg","width":700,"height":700,"caption":"SOLGAR Phosphatidylcholine (100 caps)"},{"@type":"BreadcrumbList","@id":"https:\/\/ecosupplements.ch\/?product=solgar-phosphatidylcholine-100-caps#breadcrumb","itemListElement":[{"@type":"ListItem","position":1,"name":"Home","item":"https:\/\/ecosupplements.ch\/"},{"@type":"ListItem","position":2,"name":"Shop","item":"https:\/\/ecosupplements.ch\/?page_id=14"},{"@type":"ListItem","position":3,"name":"SOLGAR Phosphatidylcholine (100 caps)"}]},{"@type":"WebSite","@id":"https:\/\/ecosupplements.ch\/#website","url":"https:\/\/ecosupplements.ch\/","name":"Eco Supplements","description":"","potentialAction":[{"@type":"SearchAction","target":{"@type":"EntryPoint","urlTemplate":"https:\/\/ecosupplements.ch\/?s={search_term_string}"},"query-input":{"@type":"PropertyValueSpecification","valueRequired":true,"valueName":"search_term_string"}}],"inLanguage":"de-CH"}]},"product_price_amount":"23.52","product_price_currency":"CHF","og_availability":"out of stock","product_availability":"out of stock","product_retailer_item_id":"033984022102","product_condition":"new"},"_links":{"self":[{"href":"https:\/\/ecosupplements.ch\/index.php?rest_route=\/wp\/v2\/product\/6688","targetHints":{"allow":["GET"]}}],"collection":[{"href":"https:\/\/ecosupplements.ch\/index.php?rest_route=\/wp\/v2\/product"}],"about":[{"href":"https:\/\/ecosupplements.ch\/index.php?rest_route=\/wp\/v2\/types\/product"}],"replies":[{"embeddable":true,"href":"https:\/\/ecosupplements.ch\/index.php?rest_route=%2Fwp%2Fv2%2Fcomments&post=6688"}],"wp:featuredmedia":[{"embeddable":true,"href":"https:\/\/ecosupplements.ch\/index.php?rest_route=\/wp\/v2\/media\/6689"}],"wp:attachment":[{"href":"https:\/\/ecosupplements.ch\/index.php?rest_route=%2Fwp%2Fv2%2Fmedia&parent=6688"}],"wp:term":[{"taxonomy":"product_brand","embeddable":true,"href":"https:\/\/ecosupplements.ch\/index.php?rest_route=%2Fwp%2Fv2%2Fproduct_brand&post=6688"},{"taxonomy":"product_cat","embeddable":true,"href":"https:\/\/ecosupplements.ch\/index.php?rest_route=%2Fwp%2Fv2%2Fproduct_cat&post=6688"},{"taxonomy":"product_tag","embeddable":true,"href":"https:\/\/ecosupplements.ch\/index.php?rest_route=%2Fwp%2Fv2%2Fproduct_tag&post=6688"}],"curies":[{"name":"wp","href":"https:\/\/api.w.org\/{rel}","templated":true}]}}