{"id":6692,"date":"2026-05-11T15:16:48","date_gmt":"2026-05-11T15:16:48","guid":{"rendered":"https:\/\/ecosupplements.ch\/?product=solgar-psyllium-husks-fibre-500-mg-200-caps"},"modified":"2026-05-13T07:28:42","modified_gmt":"2026-05-13T07:28:42","slug":"solgar-psyllium-husks-fibre-500-mg-200-caps","status":"publish","type":"product","link":"https:\/\/ecosupplements.ch\/?product=solgar-psyllium-husks-fibre-500-mg-200-caps","title":{"rendered":"SOLGAR Psyllium Husks Fibre, 500 mg (200 caps)"},"content":{"rendered":"<div class=\"chcg-product-description\">\n<h2 class=\"chcg-heading\">\u00dcber SOLGAR \u2013 Psyllium Husks Fibre, 500 mg (200 Kapseln)<\/h2>\n<div class=\"chcg-intro\">\n<p>Flohsamenschalen (Psyllium Husks) sind eine nat\u00fcrliche Ballaststoffquelle, die aus den Samenschalen der Pflanze <em>Plantago ovata<\/em> gewonnen wird. Mit 1&#8217;000 mg Psyllium Husk pro Portion liefert dieses Produkt von Solgar einen wertvollen Beitrag zur t\u00e4glichen Ballaststoffzufuhr \u2013 praktisch und einfach in Kapselform.<\/p>\n<p>Ballaststoffe tragen zur Aufrechterhaltung einer normalen Darmfunktion bei und sind ein wichtiger Bestandteil einer ausgewogenen Ern\u00e4hrung. Die Kapseln eignen sich besonders f\u00fcr Personen, die ihren Ballaststoffbedarf gezielt erg\u00e4nzen m\u00f6chten, ohne dabei auf Geschmack oder Zubereitung achten zu m\u00fcssen.<\/p>\n<p>Solgar steht seit \u00fcber 70 Jahren f\u00fcr h\u00f6chste Qualit\u00e4tsstandards in der Nahrungserg\u00e4nzung. Die Psyllium Husks Fibre-Kapseln sind vegan, glutenfrei und ohne k\u00fcnstliche Zusatzstoffe \u2013 ideal f\u00fcr Menschen mit besonderen Ern\u00e4hrungsbed\u00fcrfnissen.<\/p>\n<\/p><\/div>\n<div class=\"chcg-nutrition\">\n<h3>N\u00e4hrwertangaben<\/h3>\n<table class=\"chcg-nutrition-table\">\n<thead>\n<tr>\n<th>N\u00e4hrstoff<\/th>\n<th>Pro Portion (2 Kapseln)<\/th>\n<\/tr>\n<\/thead>\n<tbody>\n<tr>\n<td>Gesamtkohlenhydrate<\/td>\n<td>1 g (&lt;1 % des Tagesbedarfs*)<\/td>\n<\/tr>\n<tr>\n<td>\u2013 davon Ballaststoffe<\/td>\n<td>1 g (4 % des Tagesbedarfs*)<\/td>\n<\/tr>\n<tr>\n<td>Psyllium Husk (<em>Plantago ovata<\/em>) (Schale)<\/td>\n<td>1&#8217;000 mg (1 g)**<\/td>\n<\/tr>\n<\/tbody>\n<\/table>\n<p class=\"chcg-footnote\">* Die Prozentwerte des Tagesbedarfs basieren auf einer Ern\u00e4hrung mit 2&#8217;000 Kalorien pro Tag.<\/p>\n<p class=\"chcg-footnote\">** Kein festgelegter Tagesbedarf vorhanden.<\/p>\n<\/p><\/div>\n<div class=\"chcg-ingredients\">\n<h3>Zutaten<\/h3>\n<p>Psyllium-Schalen-Pulver, Antiklumpmittel: pflanzliches Magnesiumstearat.<\/p>\n<p class=\"chcg-capsule-shell\">Kapselh\u00fclle: Hydroxypropylmethylcellulose (pflanzliche Kapsel).<\/p>\n<\/p><\/div>\n<div class=\"chcg-dosage\">\n<h3>Verzehrempfehlung<\/h3>\n<p>Als Nahrungserg\u00e4nzungsmittel f\u00fcr Erwachsene t\u00e4glich zwei (2) pflanzliche Kapseln mit mindestens 250 ml Saft oder Fl\u00fcssigkeit einnehmen. Vorzugsweise zwischen den Mahlzeiten einnehmen oder gem\u00e4ss Anweisung einer Fachperson f\u00fcr Gesundheit.<\/p>\n<\/p><\/div>\n<div class=\"chcg-warnings\">\n<h3>Warnhinweise<\/h3>\n<p>Die empfohlene Tagesdosis nicht \u00fcberschreiten. Nahrungserg\u00e4nzungsmittel sollten nicht als Ersatz f\u00fcr eine abwechslungsreiche Ern\u00e4hrung verwendet werden. Nur f\u00fcr Erwachsene. Wenn Sie schwanger sind, stillen, Medikamente einnehmen oder unter einer gesundheitlichen Erkrankung leiden, konsultieren Sie bitte vor der Einnahme eines Nahrungserg\u00e4nzungsmittels Ihre Fachperson f\u00fcr Gesundheit. Bei unerw\u00fcnschten Reaktionen die Einnahme abbrechen und eine Fachperson f\u00fcr Gesundheit aufsuchen. Ausserhalb der Reichweite von Kindern aufbewahren. Nicht verwenden, wenn das \u00e4ussere Siegel der Flasche fehlt oder besch\u00e4digt ist. Dieses Produkt mit mindestens 250 ml Wasser oder einer anderen Fl\u00fcssigkeit einnehmen. Die Einnahme dieses Produkts ohne ausreichende Fl\u00fcssigkeit kann zu Erstickungsgefahr f\u00fchren. Dieses Produkt nicht einnehmen, wenn Sie Schluckbeschwerden haben.<\/p>\n<\/p><\/div>\n<div class=\"chcg-allergens\">\n<h3>Allergeninformationen<\/h3>\n<p>Frei von: Gluten, Weizen, Milchprodukten, Soja, Hefe, Zucker, Natrium, k\u00fcnstlichen Aromen, S\u00fcssungsmitteln und Farbstoffen. Ohne Mais, Konservierungsstoffe, k\u00fcnstliche Aromen oder Farbstoffe.<\/p>\n<\/p><\/div>\n<div class=\"chcg-storage\">\n<h3>Lagerung<\/h3>\n<p>Bei Raumtemperatur an einem trockenen, dunklen Ort und ausserhalb der Reichweite von Kindern aufbewahren. Nicht verwenden, wenn die Verpackung besch\u00e4digt oder das Siegel entfernt wurde.<\/p>\n<\/p><\/div>\n<div class=\"chcg-dietary\">\n<h3>Ern\u00e4hrungshinweise<\/h3>\n<ul>\n<li>Vegan<\/li>\n<li>Vegetarisch<\/li>\n<li>Glutenfrei<\/li>\n<li>Laktosefrei<\/li>\n<\/ul><\/div>\n<\/div>\n","protected":false},"excerpt":{"rendered":"<p>SOLGAR Psyllium Husks Fibre liefert 1&#8217;000 mg Flohsamenschalen pro Portion f\u00fcr eine gezielte Ballaststofferg\u00e4nzung. Erh\u00e4ltlich als vegane pflanzliche Kapseln, 200 St\u00fcck \u00e0 500 mg. Glutenfrei und ohne k\u00fcnstliche Zusatzstoffe.<\/p>\n","protected":false},"featured_media":6693,"comment_status":"closed","ping_status":"open","template":"","meta":[],"product_brand":[229],"product_cat":[25,44,21],"product_tag":[],"class_list":{"0":"post-6692","1":"product","2":"type-product","3":"status-publish","4":"has-post-thumbnail","6":"product_brand-solgar","7":"product_cat-gesundheit-und-wohlbefinden","8":"product_cat-pflanzliche-nahrungsergaenzungsmittel","9":"product_cat-vitamine-und-mineralstoffe","11":"first","12":"outofstock","13":"taxable","14":"shipping-taxable","15":"purchasable","16":"product-type-simple"},"yoast_head":"<!-- This site is optimized with the Yoast SEO plugin v27.5 - https:\/\/yoast.com\/product\/yoast-seo-wordpress\/ -->\n<title>SOLGAR Psyllium Husks Fibre 500mg \u2013 200 Kapseln | ecosupplements.ch<\/title>\n<meta name=\"description\" content=\"Psyllium Husks Fibre von Solgar \u2013 1&#039;000 mg Flohsamenschalen pro Portion, vegan, glutenfrei, 200 pflanzliche Kapseln. Jetzt bestellen.\" \/>\n<meta name=\"robots\" content=\"index, follow, max-snippet:-1, max-image-preview:large, max-video-preview:-1\" \/>\n<link rel=\"canonical\" href=\"https:\/\/ecosupplements.ch\/?product=solgar-psyllium-husks-fibre-500-mg-200-caps\" \/>\n<meta property=\"og:locale\" content=\"de_DE\" \/>\n<meta property=\"og:type\" content=\"article\" \/>\n<meta property=\"og:title\" content=\"SOLGAR Psyllium Husks Fibre 500mg \u2013 200 Kapseln | ecosupplements.ch\" \/>\n<meta property=\"og:description\" content=\"Psyllium Husks Fibre von Solgar \u2013 1&#039;000 mg Flohsamenschalen pro Portion, vegan, glutenfrei, 200 pflanzliche Kapseln. Jetzt bestellen.\" \/>\n<meta property=\"og:url\" content=\"https:\/\/ecosupplements.ch\/?product=solgar-psyllium-husks-fibre-500-mg-200-caps\" \/>\n<meta property=\"og:site_name\" content=\"Eco Supplements\" \/>\n<meta property=\"article:modified_time\" content=\"2026-05-13T07:28:42+00:00\" \/>\n<meta property=\"og:image\" content=\"https:\/\/ecosupplements.ch\/wp-content\/uploads\/2026\/05\/SOLGAR-Psyllium-Husks-Fibre-500-mg-200-caps.jpg\" \/>\n\t<meta property=\"og:image:width\" content=\"700\" \/>\n\t<meta property=\"og:image:height\" content=\"700\" \/>\n\t<meta property=\"og:image:type\" content=\"image\/jpeg\" \/>\n<meta name=\"twitter:card\" content=\"summary_large_image\" \/>\n<meta name=\"twitter:label1\" content=\"Price\" \/>\n\t<meta name=\"twitter:data1\" content=\"&#067;&#072;&#070;&nbsp;26.00\" \/>\n\t<meta name=\"twitter:label2\" content=\"Availability\" \/>\n\t<meta name=\"twitter:data2\" content=\"Out of stock\" \/>\n<script type=\"application\/ld+json\" class=\"yoast-schema-graph\">{\"@context\":\"https:\\\/\\\/schema.org\",\"@graph\":[{\"@type\":\"WebPage\",\"@id\":\"https:\\\/\\\/ecosupplements.ch\\\/?product=solgar-psyllium-husks-fibre-500-mg-200-caps\",\"url\":\"https:\\\/\\\/ecosupplements.ch\\\/?product=solgar-psyllium-husks-fibre-500-mg-200-caps\",\"name\":\"SOLGAR Psyllium Husks Fibre 500mg \u2013 200 Kapseln | ecosupplements.ch\",\"isPartOf\":{\"@id\":\"https:\\\/\\\/ecosupplements.ch\\\/#website\"},\"primaryImageOfPage\":{\"@id\":\"https:\\\/\\\/ecosupplements.ch\\\/?product=solgar-psyllium-husks-fibre-500-mg-200-caps#primaryimage\"},\"image\":{\"@id\":\"https:\\\/\\\/ecosupplements.ch\\\/?product=solgar-psyllium-husks-fibre-500-mg-200-caps#primaryimage\"},\"thumbnailUrl\":\"https:\\\/\\\/ecosupplements.ch\\\/wp-content\\\/uploads\\\/2026\\\/05\\\/SOLGAR-Psyllium-Husks-Fibre-500-mg-200-caps.jpg\",\"datePublished\":\"2026-05-11T15:16:48+00:00\",\"dateModified\":\"2026-05-13T07:28:42+00:00\",\"description\":\"Psyllium Husks Fibre von Solgar \u2013 1'000 mg Flohsamenschalen pro Portion, vegan, glutenfrei, 200 pflanzliche Kapseln. Jetzt bestellen.\",\"breadcrumb\":{\"@id\":\"https:\\\/\\\/ecosupplements.ch\\\/?product=solgar-psyllium-husks-fibre-500-mg-200-caps#breadcrumb\"},\"inLanguage\":\"de-CH\",\"potentialAction\":[{\"@type\":\"ReadAction\",\"target\":[\"https:\\\/\\\/ecosupplements.ch\\\/?product=solgar-psyllium-husks-fibre-500-mg-200-caps\"]}]},{\"@type\":\"ImageObject\",\"inLanguage\":\"de-CH\",\"@id\":\"https:\\\/\\\/ecosupplements.ch\\\/?product=solgar-psyllium-husks-fibre-500-mg-200-caps#primaryimage\",\"url\":\"https:\\\/\\\/ecosupplements.ch\\\/wp-content\\\/uploads\\\/2026\\\/05\\\/SOLGAR-Psyllium-Husks-Fibre-500-mg-200-caps.jpg\",\"contentUrl\":\"https:\\\/\\\/ecosupplements.ch\\\/wp-content\\\/uploads\\\/2026\\\/05\\\/SOLGAR-Psyllium-Husks-Fibre-500-mg-200-caps.jpg\",\"width\":700,\"height\":700,\"caption\":\"SOLGAR Psyllium Husks Fibre\"},{\"@type\":\"BreadcrumbList\",\"@id\":\"https:\\\/\\\/ecosupplements.ch\\\/?product=solgar-psyllium-husks-fibre-500-mg-200-caps#breadcrumb\",\"itemListElement\":[{\"@type\":\"ListItem\",\"position\":1,\"name\":\"Home\",\"item\":\"https:\\\/\\\/ecosupplements.ch\\\/\"},{\"@type\":\"ListItem\",\"position\":2,\"name\":\"Shop\",\"item\":\"https:\\\/\\\/ecosupplements.ch\\\/?page_id=14\"},{\"@type\":\"ListItem\",\"position\":3,\"name\":\"SOLGAR Psyllium Husks Fibre, 500 mg (200 caps)\"}]},{\"@type\":\"WebSite\",\"@id\":\"https:\\\/\\\/ecosupplements.ch\\\/#website\",\"url\":\"https:\\\/\\\/ecosupplements.ch\\\/\",\"name\":\"Eco Supplements\",\"description\":\"\",\"potentialAction\":[{\"@type\":\"SearchAction\",\"target\":{\"@type\":\"EntryPoint\",\"urlTemplate\":\"https:\\\/\\\/ecosupplements.ch\\\/?s={search_term_string}\"},\"query-input\":{\"@type\":\"PropertyValueSpecification\",\"valueRequired\":true,\"valueName\":\"search_term_string\"}}],\"inLanguage\":\"de-CH\"}]}<\/script>\n<meta property=\"product:price:amount\" content=\"26.00\" \/>\n<meta property=\"product:price:currency\" content=\"CHF\" \/>\n<meta property=\"og:availability\" content=\"out of stock\" \/>\n<meta property=\"product:availability\" content=\"out of stock\" \/>\n<meta property=\"product:retailer_item_id\" content=\"033984023154\" \/>\n<meta property=\"product:condition\" content=\"new\" \/>\n<!-- \/ Yoast SEO plugin. -->","yoast_head_json":{"title":"SOLGAR Psyllium Husks Fibre 500mg \u2013 200 Kapseln | ecosupplements.ch","description":"Psyllium Husks Fibre von Solgar \u2013 1'000 mg Flohsamenschalen pro Portion, vegan, glutenfrei, 200 pflanzliche Kapseln. Jetzt bestellen.","robots":{"index":"index","follow":"follow","max-snippet":"max-snippet:-1","max-image-preview":"max-image-preview:large","max-video-preview":"max-video-preview:-1"},"canonical":"https:\/\/ecosupplements.ch\/?product=solgar-psyllium-husks-fibre-500-mg-200-caps","og_locale":"de_DE","og_type":"article","og_title":"SOLGAR Psyllium Husks Fibre 500mg \u2013 200 Kapseln | ecosupplements.ch","og_description":"Psyllium Husks Fibre von Solgar \u2013 1'000 mg Flohsamenschalen pro Portion, vegan, glutenfrei, 200 pflanzliche Kapseln. Jetzt bestellen.","og_url":"https:\/\/ecosupplements.ch\/?product=solgar-psyllium-husks-fibre-500-mg-200-caps","og_site_name":"Eco Supplements","article_modified_time":"2026-05-13T07:28:42+00:00","og_image":[{"width":700,"height":700,"url":"https:\/\/ecosupplements.ch\/wp-content\/uploads\/2026\/05\/SOLGAR-Psyllium-Husks-Fibre-500-mg-200-caps.jpg","type":"image\/jpeg"}],"twitter_card":"summary_large_image","twitter_misc":{"Price":"&#67;&#72;&#70;&nbsp;26.00","Availability":"Out of stock"},"schema":{"@context":"https:\/\/schema.org","@graph":[{"@type":"WebPage","@id":"https:\/\/ecosupplements.ch\/?product=solgar-psyllium-husks-fibre-500-mg-200-caps","url":"https:\/\/ecosupplements.ch\/?product=solgar-psyllium-husks-fibre-500-mg-200-caps","name":"SOLGAR Psyllium Husks Fibre 500mg \u2013 200 Kapseln | ecosupplements.ch","isPartOf":{"@id":"https:\/\/ecosupplements.ch\/#website"},"primaryImageOfPage":{"@id":"https:\/\/ecosupplements.ch\/?product=solgar-psyllium-husks-fibre-500-mg-200-caps#primaryimage"},"image":{"@id":"https:\/\/ecosupplements.ch\/?product=solgar-psyllium-husks-fibre-500-mg-200-caps#primaryimage"},"thumbnailUrl":"https:\/\/ecosupplements.ch\/wp-content\/uploads\/2026\/05\/SOLGAR-Psyllium-Husks-Fibre-500-mg-200-caps.jpg","datePublished":"2026-05-11T15:16:48+00:00","dateModified":"2026-05-13T07:28:42+00:00","description":"Psyllium Husks Fibre von Solgar \u2013 1'000 mg Flohsamenschalen pro Portion, vegan, glutenfrei, 200 pflanzliche Kapseln. Jetzt bestellen.","breadcrumb":{"@id":"https:\/\/ecosupplements.ch\/?product=solgar-psyllium-husks-fibre-500-mg-200-caps#breadcrumb"},"inLanguage":"de-CH","potentialAction":[{"@type":"ReadAction","target":["https:\/\/ecosupplements.ch\/?product=solgar-psyllium-husks-fibre-500-mg-200-caps"]}]},{"@type":"ImageObject","inLanguage":"de-CH","@id":"https:\/\/ecosupplements.ch\/?product=solgar-psyllium-husks-fibre-500-mg-200-caps#primaryimage","url":"https:\/\/ecosupplements.ch\/wp-content\/uploads\/2026\/05\/SOLGAR-Psyllium-Husks-Fibre-500-mg-200-caps.jpg","contentUrl":"https:\/\/ecosupplements.ch\/wp-content\/uploads\/2026\/05\/SOLGAR-Psyllium-Husks-Fibre-500-mg-200-caps.jpg","width":700,"height":700,"caption":"SOLGAR Psyllium Husks Fibre"},{"@type":"BreadcrumbList","@id":"https:\/\/ecosupplements.ch\/?product=solgar-psyllium-husks-fibre-500-mg-200-caps#breadcrumb","itemListElement":[{"@type":"ListItem","position":1,"name":"Home","item":"https:\/\/ecosupplements.ch\/"},{"@type":"ListItem","position":2,"name":"Shop","item":"https:\/\/ecosupplements.ch\/?page_id=14"},{"@type":"ListItem","position":3,"name":"SOLGAR Psyllium Husks Fibre, 500 mg (200 caps)"}]},{"@type":"WebSite","@id":"https:\/\/ecosupplements.ch\/#website","url":"https:\/\/ecosupplements.ch\/","name":"Eco Supplements","description":"","potentialAction":[{"@type":"SearchAction","target":{"@type":"EntryPoint","urlTemplate":"https:\/\/ecosupplements.ch\/?s={search_term_string}"},"query-input":{"@type":"PropertyValueSpecification","valueRequired":true,"valueName":"search_term_string"}}],"inLanguage":"de-CH"}]},"product_price_amount":"26.00","product_price_currency":"CHF","og_availability":"out of stock","product_availability":"out of stock","product_retailer_item_id":"033984023154","product_condition":"new"},"_links":{"self":[{"href":"https:\/\/ecosupplements.ch\/index.php?rest_route=\/wp\/v2\/product\/6692","targetHints":{"allow":["GET"]}}],"collection":[{"href":"https:\/\/ecosupplements.ch\/index.php?rest_route=\/wp\/v2\/product"}],"about":[{"href":"https:\/\/ecosupplements.ch\/index.php?rest_route=\/wp\/v2\/types\/product"}],"replies":[{"embeddable":true,"href":"https:\/\/ecosupplements.ch\/index.php?rest_route=%2Fwp%2Fv2%2Fcomments&post=6692"}],"wp:featuredmedia":[{"embeddable":true,"href":"https:\/\/ecosupplements.ch\/index.php?rest_route=\/wp\/v2\/media\/6693"}],"wp:attachment":[{"href":"https:\/\/ecosupplements.ch\/index.php?rest_route=%2Fwp%2Fv2%2Fmedia&parent=6692"}],"wp:term":[{"taxonomy":"product_brand","embeddable":true,"href":"https:\/\/ecosupplements.ch\/index.php?rest_route=%2Fwp%2Fv2%2Fproduct_brand&post=6692"},{"taxonomy":"product_cat","embeddable":true,"href":"https:\/\/ecosupplements.ch\/index.php?rest_route=%2Fwp%2Fv2%2Fproduct_cat&post=6692"},{"taxonomy":"product_tag","embeddable":true,"href":"https:\/\/ecosupplements.ch\/index.php?rest_route=%2Fwp%2Fv2%2Fproduct_tag&post=6692"}],"curies":[{"name":"wp","href":"https:\/\/api.w.org\/{rel}","templated":true}]}}