{"id":6700,"date":"2026-05-11T15:16:52","date_gmt":"2026-05-11T15:16:52","guid":{"rendered":"https:\/\/ecosupplements.ch\/?product=solgar-solgar-no-7-60-caps"},"modified":"2026-05-13T07:28:43","modified_gmt":"2026-05-13T07:28:43","slug":"solgar-solgar-no-7-60-caps","status":"publish","type":"product","link":"https:\/\/ecosupplements.ch\/?product=solgar-solgar-no-7-60-caps","title":{"rendered":"SOLGAR Solgar No. 7 (60 caps)"},"content":{"rendered":"<div class=\"chcg-product-description\">\n<h2 class=\"chcg-heading\">\u00dcber SOLGAR \u2013 No. 7 (60 Kapseln)<\/h2>\n<div class=\"chcg-intro\">\n<p>Solgar No. 7 ist eine sorgf\u00e4ltig zusammengestellte Formel, die sieben bew\u00e4hrte Pflanzenstoffe und N\u00e4hrstoffe in einer einzigen Kapsel vereint. Die Kombination aus 5-LOXIN Advanced\u00ae Boswellia-Extrakt, Kurkuma, Weidenrinde, Ingwer sowie UC-II\u00ae standardisiertem Knorpel wurde entwickelt, um die Beweglichkeit und Flexibilit\u00e4t der Gelenke zu unterst\u00fctzen \u2013 ideal f\u00fcr Menschen, die einen aktiven Lebensstil pflegen oder ihre Gelenke gezielt pflegen m\u00f6chten.<\/p>\n<p>Erg\u00e4nzt wird die Formel durch Vitamin C in der gut vertr\u00e4glichen Ester-C\u00ae-Form (als Calciumascorbat), das zur normalen Kollagenbildung f\u00fcr eine normale Knorpelfunktion beitr\u00e4gt, sowie durch einen Pepper Spice Complex mit Cayennepfeffer und BioPerine\u00ae Schwarzpfefferextrakt, der die Bioverf\u00fcgbarkeit der Inhaltsstoffe verbessern kann.<\/p>\n<p>Solgar No. 7 ist in vegetarischen Kapseln aus pflanzlicher Cellulose erh\u00e4ltlich, frei von Gluten, Weizen, Milchprodukten und Soja und somit f\u00fcr viele Ern\u00e4hrungsweisen geeignet. Eine Kapsel pro Tag gen\u00fcgt f\u00fcr die empfohlene Tagesdosis.<\/p>\n<\/p><\/div>\n<div class=\"chcg-nutrition\">\n<h3>N\u00e4hrwertangaben<\/h3>\n<table class=\"chcg-nutrition-table\">\n<thead>\n<tr>\n<th>N\u00e4hrstoff<\/th>\n<th>Pro Portion (1 Kapsel)<\/th>\n<\/tr>\n<\/thead>\n<tbody>\n<tr>\n<td>Vitamin C (als Ester-C\u00ae, Calciumascorbat)<\/td>\n<td>100 mg (111 % des Tagesbedarfs)<\/td>\n<\/tr>\n<tr>\n<td>5-LOXIN Advanced\u00ae (Boswellia serrata Extrakt [Harz])<\/td>\n<td>100 mg *<\/td>\n<\/tr>\n<tr>\n<td>Kurkuma-Wurzel 4:1 Extrakt (Curcuma longa) [entspricht 200 mg Wurzel]<\/td>\n<td>50 mg *<\/td>\n<\/tr>\n<tr>\n<td>UC-II\u00ae Standardisierter Knorpel<\/td>\n<td>40 mg *<\/td>\n<\/tr>\n<tr>\n<td>\u2013 Gesamtkollagen<\/td>\n<td>40 mg *<\/td>\n<\/tr>\n<tr>\n<td>\u2013 Undenaturiertes Kollagen Typ II<\/td>\n<td>10 mg *<\/td>\n<\/tr>\n<tr>\n<td>Weidenrinde 5:1 Extrakt (Salix spp.) [entspricht 175 mg Rinde]<\/td>\n<td>35 mg *<\/td>\n<\/tr>\n<tr>\n<td>Ingwerwurzel 4:1 Extrakt (Zingiber officinale) [entspricht 140 mg Wurzel]<\/td>\n<td>35 mg *<\/td>\n<\/tr>\n<tr>\n<td>Pepper Spice Complex [Cayennepfeffer-Pulver (Capsicum annuum), BioPerine\u00ae Schwarzpfefferextrakt (Piper nigrum)]<\/td>\n<td>27 mg *<\/td>\n<\/tr>\n<\/tbody>\n<\/table>\n<p class=\"chcg-footnote\">* Kein festgelegter Tagesbedarf.<\/p>\n<\/p><\/div>\n<div class=\"chcg-ingredients\">\n<h3>Zutaten<\/h3>\n<p>Aktive Inhaltsstoffe pro Portion: Vitamin C (als Ester-C\u00ae, Calciumascorbat) 100 mg (111 % des Tagesbedarfs); 5-LOXIN Advanced\u00ae (Boswellia serrata Extrakt [Harz]) 100 mg (*); Kurkuma-Wurzel 4:1 Extrakt (Curcuma longa) (entspricht 200 mg Wurzel) 50 mg (*); UC-II\u00ae Standardisierter Knorpel [Gesamtkollagen 40 mg \/ Undenaturiertes Kollagen Typ II 10 mg] (*); Weidenrinde 5:1 Extrakt (Salix spp. [Rinde]) (entspricht 175 mg Rinde) 35 mg (*); Ingwerwurzel 4:1 Extrakt (Zingiber officinale) (entspricht 140 mg Wurzel) 35 mg (*); Pepper Spice Complex [Cayennepfeffer-Pulver (Capsicum annuum [Frucht]), BioPerine\u00ae (Schwarzpfefferextrakt) (Piper nigrum [Frucht])] 27 mg (*). Weitere Zutaten: Pflanzliche Cellulose, Pflanzliches Magnesiumstearat, Siliciumdioxid.<\/p>\n<p class=\"chcg-footnote\">* Kein festgelegter Tagesbedarf.<\/p>\n<p class=\"chcg-capsule-shell\">Kapselh\u00fclle: Pflanzliche Cellulose (Hydroxypropylmethylcellulose)<\/p>\n<\/p><\/div>\n<div class=\"chcg-dosage\">\n<h3>Verzehrempfehlung<\/h3>\n<p>Als Nahrungserg\u00e4nzungsmittel f\u00fcr Erwachsene t\u00e4glich eine (1) vegetarische Kapsel einnehmen, oder gem\u00e4ss Empfehlung einer Fachperson aus dem Gesundheitsbereich.<\/p>\n<\/p><\/div>\n<div class=\"chcg-warnings\">\n<h3>Warnhinweise<\/h3>\n<p>Falls Sie schwanger sind, stillen, Medikamente einnehmen oder an einer Erkrankung leiden, konsultieren Sie bitte vor der Einnahme eines Nahrungserg\u00e4nzungsmittels eine Fachperson aus dem Gesundheitsbereich. Dieses Produkt nicht verwenden, wenn Sie allergisch auf Aspirin reagieren. Bei unerw\u00fcnschten Reaktionen die Einnahme abbrechen und einen Arzt bzw. eine \u00c4rztin aufsuchen. Nicht zur Verwendung durch Personen unter 18 Jahren bestimmt. Ausserhalb der Reichweite von Kindern aufbewahren. Nicht verwenden, wenn das \u00e4ussere Siegel der Flasche fehlt oder besch\u00e4digt ist.<\/p>\n<\/p><\/div>\n<div class=\"chcg-allergens\">\n<h3>Allergeninformationen<\/h3>\n<p>Frei von: Gluten, Weizen, Milchprodukten, Soja, Hefe, Zucker, Natrium, k\u00fcnstlichen Aromen, S\u00fcssungsmitteln, Konservierungsstoffen und Farbstoffen. Dieses Produkt nicht verwenden, wenn Sie allergisch auf Aspirin reagieren.<\/p>\n<\/p><\/div>\n<div class=\"chcg-storage\">\n<h3>Lagerung<\/h3>\n<p>Bei Raumtemperatur lagern.<\/p>\n<\/p><\/div>\n<div class=\"chcg-dietary\">\n<h3>Ern\u00e4hrungshinweise<\/h3>\n<ul>\n<li>Vegetarisch<\/li>\n<li>Glutenfrei<\/li>\n<li>Laktosefrei<\/li>\n<\/ul><\/div>\n<\/div>\n","protected":false},"excerpt":{"rendered":"<p>Solgar No. 7 unterst\u00fctzt Gelenkbeweglichkeit und -flexibilit\u00e4t mit 7 Wirkstoffen, darunter Boswellia, Kurkuma und UC-II\u00ae Kollagen. 60 vegetarische Kapseln, eine pro Tag. Glutenfrei und laktosefrei.<\/p>\n","protected":false},"featured_media":6701,"comment_status":"closed","ping_status":"open","template":"","meta":[],"product_brand":[229],"product_cat":[25,44,21],"product_tag":[],"class_list":{"0":"post-6700","1":"product","2":"type-product","3":"status-publish","4":"has-post-thumbnail","6":"product_brand-solgar","7":"product_cat-gesundheit-und-wohlbefinden","8":"product_cat-pflanzliche-nahrungsergaenzungsmittel","9":"product_cat-vitamine-und-mineralstoffe","11":"first","12":"outofstock","13":"taxable","14":"shipping-taxable","15":"purchasable","16":"product-type-simple"},"yoast_head":"<!-- This site is optimized with the Yoast SEO plugin v27.5 - https:\/\/yoast.com\/product\/yoast-seo-wordpress\/ -->\n<title>Solgar No. 7 60 Kapseln \u2013 SOLGAR | ecosupplements.ch<\/title>\n<meta name=\"description\" content=\"Solgar No. 7 mit Boswellia, Kurkuma und UC-II\u00ae Kollagen f\u00fcr Gelenkbeweglichkeit \u2013 60 vegetarische Kapseln, glutenfrei. Jetzt bestellen.\" \/>\n<meta name=\"robots\" content=\"index, follow, max-snippet:-1, max-image-preview:large, max-video-preview:-1\" \/>\n<link rel=\"canonical\" href=\"https:\/\/ecosupplements.ch\/?product=solgar-solgar-no-7-60-caps\" \/>\n<meta property=\"og:locale\" content=\"de_DE\" \/>\n<meta property=\"og:type\" content=\"article\" \/>\n<meta property=\"og:title\" content=\"Solgar No. 7 60 Kapseln \u2013 SOLGAR | ecosupplements.ch\" \/>\n<meta property=\"og:description\" content=\"Solgar No. 7 mit Boswellia, Kurkuma und UC-II\u00ae Kollagen f\u00fcr Gelenkbeweglichkeit \u2013 60 vegetarische Kapseln, glutenfrei. Jetzt bestellen.\" \/>\n<meta property=\"og:url\" content=\"https:\/\/ecosupplements.ch\/?product=solgar-solgar-no-7-60-caps\" \/>\n<meta property=\"og:site_name\" content=\"Eco Supplements\" \/>\n<meta property=\"article:modified_time\" content=\"2026-05-13T07:28:43+00:00\" \/>\n<meta property=\"og:image\" content=\"https:\/\/ecosupplements.ch\/wp-content\/uploads\/2026\/05\/SOLGAR-Solgar-No.-7-60-caps.jpg\" \/>\n\t<meta property=\"og:image:width\" content=\"700\" \/>\n\t<meta property=\"og:image:height\" content=\"700\" \/>\n\t<meta property=\"og:image:type\" content=\"image\/jpeg\" \/>\n<meta name=\"twitter:card\" content=\"summary_large_image\" \/>\n<meta name=\"twitter:label1\" content=\"Price\" \/>\n\t<meta name=\"twitter:data1\" content=\"&#067;&#072;&#070;&nbsp;63.27\" \/>\n\t<meta name=\"twitter:label2\" content=\"Availability\" \/>\n\t<meta name=\"twitter:data2\" content=\"Out of stock\" \/>\n<script type=\"application\/ld+json\" class=\"yoast-schema-graph\">{\"@context\":\"https:\\\/\\\/schema.org\",\"@graph\":[{\"@type\":\"WebPage\",\"@id\":\"https:\\\/\\\/ecosupplements.ch\\\/?product=solgar-solgar-no-7-60-caps\",\"url\":\"https:\\\/\\\/ecosupplements.ch\\\/?product=solgar-solgar-no-7-60-caps\",\"name\":\"Solgar No. 7 60 Kapseln \u2013 SOLGAR | ecosupplements.ch\",\"isPartOf\":{\"@id\":\"https:\\\/\\\/ecosupplements.ch\\\/#website\"},\"primaryImageOfPage\":{\"@id\":\"https:\\\/\\\/ecosupplements.ch\\\/?product=solgar-solgar-no-7-60-caps#primaryimage\"},\"image\":{\"@id\":\"https:\\\/\\\/ecosupplements.ch\\\/?product=solgar-solgar-no-7-60-caps#primaryimage\"},\"thumbnailUrl\":\"https:\\\/\\\/ecosupplements.ch\\\/wp-content\\\/uploads\\\/2026\\\/05\\\/SOLGAR-Solgar-No.-7-60-caps.jpg\",\"datePublished\":\"2026-05-11T15:16:52+00:00\",\"dateModified\":\"2026-05-13T07:28:43+00:00\",\"description\":\"Solgar No. 7 mit Boswellia, Kurkuma und UC-II\u00ae Kollagen f\u00fcr Gelenkbeweglichkeit \u2013 60 vegetarische Kapseln, glutenfrei. Jetzt bestellen.\",\"breadcrumb\":{\"@id\":\"https:\\\/\\\/ecosupplements.ch\\\/?product=solgar-solgar-no-7-60-caps#breadcrumb\"},\"inLanguage\":\"de-CH\",\"potentialAction\":[{\"@type\":\"ReadAction\",\"target\":[\"https:\\\/\\\/ecosupplements.ch\\\/?product=solgar-solgar-no-7-60-caps\"]}]},{\"@type\":\"ImageObject\",\"inLanguage\":\"de-CH\",\"@id\":\"https:\\\/\\\/ecosupplements.ch\\\/?product=solgar-solgar-no-7-60-caps#primaryimage\",\"url\":\"https:\\\/\\\/ecosupplements.ch\\\/wp-content\\\/uploads\\\/2026\\\/05\\\/SOLGAR-Solgar-No.-7-60-caps.jpg\",\"contentUrl\":\"https:\\\/\\\/ecosupplements.ch\\\/wp-content\\\/uploads\\\/2026\\\/05\\\/SOLGAR-Solgar-No.-7-60-caps.jpg\",\"width\":700,\"height\":700,\"caption\":\"SOLGAR Solgar No. 7 (60 caps)\"},{\"@type\":\"BreadcrumbList\",\"@id\":\"https:\\\/\\\/ecosupplements.ch\\\/?product=solgar-solgar-no-7-60-caps#breadcrumb\",\"itemListElement\":[{\"@type\":\"ListItem\",\"position\":1,\"name\":\"Home\",\"item\":\"https:\\\/\\\/ecosupplements.ch\\\/\"},{\"@type\":\"ListItem\",\"position\":2,\"name\":\"Shop\",\"item\":\"https:\\\/\\\/ecosupplements.ch\\\/?page_id=14\"},{\"@type\":\"ListItem\",\"position\":3,\"name\":\"SOLGAR Solgar No. 7 (60 caps)\"}]},{\"@type\":\"WebSite\",\"@id\":\"https:\\\/\\\/ecosupplements.ch\\\/#website\",\"url\":\"https:\\\/\\\/ecosupplements.ch\\\/\",\"name\":\"Eco Supplements\",\"description\":\"\",\"potentialAction\":[{\"@type\":\"SearchAction\",\"target\":{\"@type\":\"EntryPoint\",\"urlTemplate\":\"https:\\\/\\\/ecosupplements.ch\\\/?s={search_term_string}\"},\"query-input\":{\"@type\":\"PropertyValueSpecification\",\"valueRequired\":true,\"valueName\":\"search_term_string\"}}],\"inLanguage\":\"de-CH\"}]}<\/script>\n<meta property=\"product:price:amount\" content=\"63.27\" \/>\n<meta property=\"product:price:currency\" content=\"CHF\" \/>\n<meta property=\"og:availability\" content=\"out of stock\" \/>\n<meta property=\"product:availability\" content=\"out of stock\" \/>\n<meta property=\"product:retailer_item_id\" content=\"033984505001\" \/>\n<meta property=\"product:condition\" content=\"new\" \/>\n<!-- \/ Yoast SEO plugin. -->","yoast_head_json":{"title":"Solgar No. 7 60 Kapseln \u2013 SOLGAR | ecosupplements.ch","description":"Solgar No. 7 mit Boswellia, Kurkuma und UC-II\u00ae Kollagen f\u00fcr Gelenkbeweglichkeit \u2013 60 vegetarische Kapseln, glutenfrei. Jetzt bestellen.","robots":{"index":"index","follow":"follow","max-snippet":"max-snippet:-1","max-image-preview":"max-image-preview:large","max-video-preview":"max-video-preview:-1"},"canonical":"https:\/\/ecosupplements.ch\/?product=solgar-solgar-no-7-60-caps","og_locale":"de_DE","og_type":"article","og_title":"Solgar No. 7 60 Kapseln \u2013 SOLGAR | ecosupplements.ch","og_description":"Solgar No. 7 mit Boswellia, Kurkuma und UC-II\u00ae Kollagen f\u00fcr Gelenkbeweglichkeit \u2013 60 vegetarische Kapseln, glutenfrei. Jetzt bestellen.","og_url":"https:\/\/ecosupplements.ch\/?product=solgar-solgar-no-7-60-caps","og_site_name":"Eco Supplements","article_modified_time":"2026-05-13T07:28:43+00:00","og_image":[{"width":700,"height":700,"url":"https:\/\/ecosupplements.ch\/wp-content\/uploads\/2026\/05\/SOLGAR-Solgar-No.-7-60-caps.jpg","type":"image\/jpeg"}],"twitter_card":"summary_large_image","twitter_misc":{"Price":"&#67;&#72;&#70;&nbsp;63.27","Availability":"Out of stock"},"schema":{"@context":"https:\/\/schema.org","@graph":[{"@type":"WebPage","@id":"https:\/\/ecosupplements.ch\/?product=solgar-solgar-no-7-60-caps","url":"https:\/\/ecosupplements.ch\/?product=solgar-solgar-no-7-60-caps","name":"Solgar No. 7 60 Kapseln \u2013 SOLGAR | ecosupplements.ch","isPartOf":{"@id":"https:\/\/ecosupplements.ch\/#website"},"primaryImageOfPage":{"@id":"https:\/\/ecosupplements.ch\/?product=solgar-solgar-no-7-60-caps#primaryimage"},"image":{"@id":"https:\/\/ecosupplements.ch\/?product=solgar-solgar-no-7-60-caps#primaryimage"},"thumbnailUrl":"https:\/\/ecosupplements.ch\/wp-content\/uploads\/2026\/05\/SOLGAR-Solgar-No.-7-60-caps.jpg","datePublished":"2026-05-11T15:16:52+00:00","dateModified":"2026-05-13T07:28:43+00:00","description":"Solgar No. 7 mit Boswellia, Kurkuma und UC-II\u00ae Kollagen f\u00fcr Gelenkbeweglichkeit \u2013 60 vegetarische Kapseln, glutenfrei. Jetzt bestellen.","breadcrumb":{"@id":"https:\/\/ecosupplements.ch\/?product=solgar-solgar-no-7-60-caps#breadcrumb"},"inLanguage":"de-CH","potentialAction":[{"@type":"ReadAction","target":["https:\/\/ecosupplements.ch\/?product=solgar-solgar-no-7-60-caps"]}]},{"@type":"ImageObject","inLanguage":"de-CH","@id":"https:\/\/ecosupplements.ch\/?product=solgar-solgar-no-7-60-caps#primaryimage","url":"https:\/\/ecosupplements.ch\/wp-content\/uploads\/2026\/05\/SOLGAR-Solgar-No.-7-60-caps.jpg","contentUrl":"https:\/\/ecosupplements.ch\/wp-content\/uploads\/2026\/05\/SOLGAR-Solgar-No.-7-60-caps.jpg","width":700,"height":700,"caption":"SOLGAR Solgar No. 7 (60 caps)"},{"@type":"BreadcrumbList","@id":"https:\/\/ecosupplements.ch\/?product=solgar-solgar-no-7-60-caps#breadcrumb","itemListElement":[{"@type":"ListItem","position":1,"name":"Home","item":"https:\/\/ecosupplements.ch\/"},{"@type":"ListItem","position":2,"name":"Shop","item":"https:\/\/ecosupplements.ch\/?page_id=14"},{"@type":"ListItem","position":3,"name":"SOLGAR Solgar No. 7 (60 caps)"}]},{"@type":"WebSite","@id":"https:\/\/ecosupplements.ch\/#website","url":"https:\/\/ecosupplements.ch\/","name":"Eco Supplements","description":"","potentialAction":[{"@type":"SearchAction","target":{"@type":"EntryPoint","urlTemplate":"https:\/\/ecosupplements.ch\/?s={search_term_string}"},"query-input":{"@type":"PropertyValueSpecification","valueRequired":true,"valueName":"search_term_string"}}],"inLanguage":"de-CH"}]},"product_price_amount":"63.27","product_price_currency":"CHF","og_availability":"out of stock","product_availability":"out of stock","product_retailer_item_id":"033984505001","product_condition":"new"},"_links":{"self":[{"href":"https:\/\/ecosupplements.ch\/index.php?rest_route=\/wp\/v2\/product\/6700","targetHints":{"allow":["GET"]}}],"collection":[{"href":"https:\/\/ecosupplements.ch\/index.php?rest_route=\/wp\/v2\/product"}],"about":[{"href":"https:\/\/ecosupplements.ch\/index.php?rest_route=\/wp\/v2\/types\/product"}],"replies":[{"embeddable":true,"href":"https:\/\/ecosupplements.ch\/index.php?rest_route=%2Fwp%2Fv2%2Fcomments&post=6700"}],"wp:featuredmedia":[{"embeddable":true,"href":"https:\/\/ecosupplements.ch\/index.php?rest_route=\/wp\/v2\/media\/6701"}],"wp:attachment":[{"href":"https:\/\/ecosupplements.ch\/index.php?rest_route=%2Fwp%2Fv2%2Fmedia&parent=6700"}],"wp:term":[{"taxonomy":"product_brand","embeddable":true,"href":"https:\/\/ecosupplements.ch\/index.php?rest_route=%2Fwp%2Fv2%2Fproduct_brand&post=6700"},{"taxonomy":"product_cat","embeddable":true,"href":"https:\/\/ecosupplements.ch\/index.php?rest_route=%2Fwp%2Fv2%2Fproduct_cat&post=6700"},{"taxonomy":"product_tag","embeddable":true,"href":"https:\/\/ecosupplements.ch\/index.php?rest_route=%2Fwp%2Fv2%2Fproduct_tag&post=6700"}],"curies":[{"name":"wp","href":"https:\/\/api.w.org\/{rel}","templated":true}]}}