{"id":6714,"date":"2026-05-11T15:16:58","date_gmt":"2026-05-11T15:16:58","guid":{"rendered":"https:\/\/ecosupplements.ch\/?product=solgar-vitamin-e-400-iu-268-mg-100-sgels"},"modified":"2026-05-13T07:28:44","modified_gmt":"2026-05-13T07:28:44","slug":"solgar-vitamin-e-400-iu-268-mg-100-sgels","status":"publish","type":"product","link":"https:\/\/ecosupplements.ch\/?product=solgar-vitamin-e-400-iu-268-mg-100-sgels","title":{"rendered":"SOLGAR Vitamin E, 400 IU, 268 mg (100 sgels)"},"content":{"rendered":"<div class=\"chcg-product-description\">\n<h2 class=\"chcg-heading\">\u00dcber SOLGAR \u2013 Vitamin E, 400 IU, 268 mg (100 Softgels)<\/h2>\n<div class=\"chcg-intro\">\n<p>Vitamin E ist ein fettl\u00f6sliches Vitamin, das eine wichtige Rolle als Antioxidans im K\u00f6rper spielt. Es tr\u00e4gt dazu bei, die Zellen vor oxidativem Stress zu sch\u00fctzen \u2013 ein Beitrag, der durch die EFSA wissenschaftlich anerkannt ist. SOLGAR liefert Vitamin E in seiner nat\u00fcrlichen Form als d-Alpha Tocopherol, die vom K\u00f6rper besonders gut verwertet wird.<\/p>\n<p>Jede Softgelkapsel enth\u00e4lt 268 mg (400 IU) d-Alpha Tocopherol sowie einen erg\u00e4nzenden Komplex aus gemischten Tocopherolen (d-Beta, d-Gamma, d-Delta und d-Alpha Tocopherole). Diese Kombination unterst\u00fctzt eine umfassende Versorgung mit verschiedenen nat\u00fcrlichen Vitamin-E-Formen.<\/p>\n<p>SOLGAR steht seit \u00fcber 75 Jahren f\u00fcr hohe Qualit\u00e4tsstandards in der Nahrungserg\u00e4nzung. Die Softgelkapseln sind einfach einzunehmen und werden ohne Gluten, Weizen, Hefe, Zucker, Salz sowie ohne k\u00fcnstliche Aromen, S\u00fcssungsmittel oder Farbstoffe hergestellt.<\/p>\n<\/p><\/div>\n<div class=\"chcg-nutrition\">\n<h3>N\u00e4hrwertangaben<\/h3>\n<table class=\"chcg-nutrition-table\">\n<thead>\n<tr>\n<th>N\u00e4hrstoff<\/th>\n<th>Pro Portion (1 Softgel)<\/th>\n<\/tr>\n<\/thead>\n<tbody>\n<tr>\n<td>Vitamin E (als d-Alpha Tocopherol)<\/td>\n<td>268 mg (400 IU) \/ 2233% NRV<\/td>\n<\/tr>\n<tr>\n<td>Gemischte Tocopherole (d-Beta, d-Gamma, d-Delta, d-Alpha Tocopherole)<\/td>\n<td>26,75 mg \/ *<\/td>\n<\/tr>\n<\/tbody>\n<\/table>\n<p class=\"chcg-footnote\">* Kein Referenzwert (NRV) festgelegt.<\/p>\n<\/p><\/div>\n<div class=\"chcg-ingredients\">\n<h3>Zutaten<\/h3>\n<p>Vitamin E (als d-Alpha Tocopherol) 268 mg (400 IU); Gemischte Tocopherole (liefern d-Beta, d-Gamma, d-Delta, d-Alpha Tocopherole) 26,75 mg. Sonstige Zutaten: Gelatine, Saflor\u00f6l, pflanzliches Glycerin.<\/p>\n<p class=\"chcg-capsule-shell\">Kapselh\u00fclle: Gelatine, pflanzliches Glycerin.<\/p>\n<\/p><\/div>\n<div class=\"chcg-dosage\">\n<h3>Verzehrempfehlung<\/h3>\n<p>Als Nahrungserg\u00e4nzungsmittel f\u00fcr Erwachsene t\u00e4glich eine (1) Softgelkapsel einnehmen, vorzugsweise zu einer Mahlzeit, oder gem\u00e4ss Anweisung einer Fachperson des Gesundheitswesens.<\/p>\n<\/p><\/div>\n<div class=\"chcg-warnings\">\n<h3>Warnhinweise<\/h3>\n<p>Falls Sie schwanger sind, stillen, Medikamente einnehmen oder an einer Erkrankung leiden, konsultieren Sie bitte vor der Einnahme eines Nahrungserg\u00e4nzungsmittels eine Fachperson des Gesundheitswesens. Bei unerw\u00fcnschten Reaktionen die Einnahme abbrechen und eine Fachperson des Gesundheitswesens aufsuchen. Ausserhalb der Reichweite von Kindern aufbewahren. Nicht verwenden, wenn die \u00e4ussere Versiegelung der Flasche fehlt oder besch\u00e4digt ist. Die empfohlene Tagesmenge nicht \u00fcberschreiten.<\/p>\n<\/p><\/div>\n<div class=\"chcg-allergens\">\n<h3>Allergeninformationen<\/h3>\n<p>Frei von: Gluten, Weizen, Hefe, Zucker, Salz, k\u00fcnstlichen Aromen, k\u00fcnstlichen S\u00fcssungsmitteln und k\u00fcnstlichen Farbstoffen. Enth\u00e4lt keine Milchprodukte.<\/p>\n<\/p><\/div>\n<div class=\"chcg-storage\">\n<h3>Lagerung<\/h3>\n<p>Bei Raumtemperatur an einem trockenen, dunklen Ort lagern. Ausserhalb der Reichweite von Kindern aufbewahren. Nicht verwenden, wenn die Verpackung besch\u00e4digt oder die Versiegelung entfernt wurde.<\/p>\n<\/p><\/div>\n<div class=\"chcg-dietary\">\n<h3>Ern\u00e4hrungshinweise<\/h3>\n<ul>\n<li>Glutenfrei<\/li>\n<li>Laktosefrei<\/li>\n<\/ul><\/div>\n<\/div>\n","protected":false},"excerpt":{"rendered":"<p>SOLGAR Vitamin E 400 IU liefert 268 mg nat\u00fcrliches d-Alpha Tocopherol pro Softgelkapsel und tr\u00e4gt zum Schutz der Zellen vor oxidativem Stress bei. Packung mit 100 Softgels, glutenfrei und laktosefrei.<\/p>\n","protected":false},"featured_media":6715,"comment_status":"closed","ping_status":"open","template":"","meta":[],"product_brand":[229],"product_cat":[27,26,28,29,31,171,21],"product_tag":[],"class_list":{"0":"post-6714","1":"product","2":"type-product","3":"status-publish","4":"has-post-thumbnail","6":"product_brand-solgar","7":"product_cat-einige-vitamine","8":"product_cat-multivitamine","9":"product_cat-vitamin-b","10":"product_cat-vitamin-c","11":"product_cat-vitamin-k","12":"product_cat-vitamine-und-mineralien","13":"product_cat-vitamine-und-mineralstoffe","15":"first","16":"outofstock","17":"taxable","18":"shipping-taxable","19":"purchasable","20":"product-type-simple"},"yoast_head":"<!-- This site is optimized with the Yoast SEO plugin v27.5 - https:\/\/yoast.com\/product\/yoast-seo-wordpress\/ -->\n<title>SOLGAR Vitamin E 400 IU, 268 mg \u2013 100 Softgels | ecosupplements.ch<\/title>\n<meta name=\"description\" content=\"SOLGAR Vitamin E 400 IU sch\u00fctzt Zellen vor oxidativem Stress \u2013 268 mg nat\u00fcrliches d-Alpha Tocopherol pro Softgel, 100 St\u00fcck, glutenfrei. Jetzt bestellen.\" \/>\n<meta name=\"robots\" content=\"index, follow, max-snippet:-1, max-image-preview:large, max-video-preview:-1\" \/>\n<link rel=\"canonical\" href=\"https:\/\/ecosupplements.ch\/?product=solgar-vitamin-e-400-iu-268-mg-100-sgels\" \/>\n<meta property=\"og:locale\" content=\"de_DE\" \/>\n<meta property=\"og:type\" content=\"article\" \/>\n<meta property=\"og:title\" content=\"SOLGAR Vitamin E 400 IU, 268 mg \u2013 100 Softgels | ecosupplements.ch\" \/>\n<meta property=\"og:description\" content=\"SOLGAR Vitamin E 400 IU sch\u00fctzt Zellen vor oxidativem Stress \u2013 268 mg nat\u00fcrliches d-Alpha Tocopherol pro Softgel, 100 St\u00fcck, glutenfrei. Jetzt bestellen.\" \/>\n<meta property=\"og:url\" content=\"https:\/\/ecosupplements.ch\/?product=solgar-vitamin-e-400-iu-268-mg-100-sgels\" \/>\n<meta property=\"og:site_name\" content=\"Eco Supplements\" \/>\n<meta property=\"article:modified_time\" content=\"2026-05-13T07:28:44+00:00\" \/>\n<meta property=\"og:image\" content=\"https:\/\/ecosupplements.ch\/wp-content\/uploads\/2026\/05\/SOLGAR-Vitamin-E-400-IU-268-mg-100-sgels.jpg\" \/>\n\t<meta property=\"og:image:width\" content=\"800\" \/>\n\t<meta property=\"og:image:height\" content=\"800\" \/>\n\t<meta property=\"og:image:type\" content=\"image\/jpeg\" \/>\n<meta name=\"twitter:card\" content=\"summary_large_image\" \/>\n<meta name=\"twitter:label1\" content=\"Price\" \/>\n\t<meta name=\"twitter:data1\" content=\"&#067;&#072;&#070;&nbsp;22.37\" \/>\n\t<meta name=\"twitter:label2\" content=\"Availability\" \/>\n\t<meta name=\"twitter:data2\" content=\"Out of stock\" \/>\n<script type=\"application\/ld+json\" class=\"yoast-schema-graph\">{\"@context\":\"https:\\\/\\\/schema.org\",\"@graph\":[{\"@type\":\"WebPage\",\"@id\":\"https:\\\/\\\/ecosupplements.ch\\\/?product=solgar-vitamin-e-400-iu-268-mg-100-sgels\",\"url\":\"https:\\\/\\\/ecosupplements.ch\\\/?product=solgar-vitamin-e-400-iu-268-mg-100-sgels\",\"name\":\"SOLGAR Vitamin E 400 IU, 268 mg \u2013 100 Softgels | ecosupplements.ch\",\"isPartOf\":{\"@id\":\"https:\\\/\\\/ecosupplements.ch\\\/#website\"},\"primaryImageOfPage\":{\"@id\":\"https:\\\/\\\/ecosupplements.ch\\\/?product=solgar-vitamin-e-400-iu-268-mg-100-sgels#primaryimage\"},\"image\":{\"@id\":\"https:\\\/\\\/ecosupplements.ch\\\/?product=solgar-vitamin-e-400-iu-268-mg-100-sgels#primaryimage\"},\"thumbnailUrl\":\"https:\\\/\\\/ecosupplements.ch\\\/wp-content\\\/uploads\\\/2026\\\/05\\\/SOLGAR-Vitamin-E-400-IU-268-mg-100-sgels.jpg\",\"datePublished\":\"2026-05-11T15:16:58+00:00\",\"dateModified\":\"2026-05-13T07:28:44+00:00\",\"description\":\"SOLGAR Vitamin E 400 IU sch\u00fctzt Zellen vor oxidativem Stress \u2013 268 mg nat\u00fcrliches d-Alpha Tocopherol pro Softgel, 100 St\u00fcck, glutenfrei. Jetzt bestellen.\",\"breadcrumb\":{\"@id\":\"https:\\\/\\\/ecosupplements.ch\\\/?product=solgar-vitamin-e-400-iu-268-mg-100-sgels#breadcrumb\"},\"inLanguage\":\"de-CH\",\"potentialAction\":[{\"@type\":\"ReadAction\",\"target\":[\"https:\\\/\\\/ecosupplements.ch\\\/?product=solgar-vitamin-e-400-iu-268-mg-100-sgels\"]}]},{\"@type\":\"ImageObject\",\"inLanguage\":\"de-CH\",\"@id\":\"https:\\\/\\\/ecosupplements.ch\\\/?product=solgar-vitamin-e-400-iu-268-mg-100-sgels#primaryimage\",\"url\":\"https:\\\/\\\/ecosupplements.ch\\\/wp-content\\\/uploads\\\/2026\\\/05\\\/SOLGAR-Vitamin-E-400-IU-268-mg-100-sgels.jpg\",\"contentUrl\":\"https:\\\/\\\/ecosupplements.ch\\\/wp-content\\\/uploads\\\/2026\\\/05\\\/SOLGAR-Vitamin-E-400-IU-268-mg-100-sgels.jpg\",\"width\":800,\"height\":800,\"caption\":\"SOLGAR Vitamin E\"},{\"@type\":\"BreadcrumbList\",\"@id\":\"https:\\\/\\\/ecosupplements.ch\\\/?product=solgar-vitamin-e-400-iu-268-mg-100-sgels#breadcrumb\",\"itemListElement\":[{\"@type\":\"ListItem\",\"position\":1,\"name\":\"Home\",\"item\":\"https:\\\/\\\/ecosupplements.ch\\\/\"},{\"@type\":\"ListItem\",\"position\":2,\"name\":\"Shop\",\"item\":\"https:\\\/\\\/ecosupplements.ch\\\/?page_id=14\"},{\"@type\":\"ListItem\",\"position\":3,\"name\":\"SOLGAR Vitamin E, 400 IU, 268 mg (100 sgels)\"}]},{\"@type\":\"WebSite\",\"@id\":\"https:\\\/\\\/ecosupplements.ch\\\/#website\",\"url\":\"https:\\\/\\\/ecosupplements.ch\\\/\",\"name\":\"Eco Supplements\",\"description\":\"\",\"potentialAction\":[{\"@type\":\"SearchAction\",\"target\":{\"@type\":\"EntryPoint\",\"urlTemplate\":\"https:\\\/\\\/ecosupplements.ch\\\/?s={search_term_string}\"},\"query-input\":{\"@type\":\"PropertyValueSpecification\",\"valueRequired\":true,\"valueName\":\"search_term_string\"}}],\"inLanguage\":\"de-CH\"}]}<\/script>\n<meta property=\"product:price:amount\" content=\"22.37\" \/>\n<meta property=\"product:price:currency\" content=\"CHF\" \/>\n<meta property=\"og:availability\" content=\"out of stock\" \/>\n<meta property=\"product:availability\" content=\"out of stock\" \/>\n<meta property=\"product:retailer_item_id\" content=\"033984035416\" \/>\n<meta property=\"product:condition\" content=\"new\" \/>\n<!-- \/ Yoast SEO plugin. -->","yoast_head_json":{"title":"SOLGAR Vitamin E 400 IU, 268 mg \u2013 100 Softgels | ecosupplements.ch","description":"SOLGAR Vitamin E 400 IU sch\u00fctzt Zellen vor oxidativem Stress \u2013 268 mg nat\u00fcrliches d-Alpha Tocopherol pro Softgel, 100 St\u00fcck, glutenfrei. Jetzt bestellen.","robots":{"index":"index","follow":"follow","max-snippet":"max-snippet:-1","max-image-preview":"max-image-preview:large","max-video-preview":"max-video-preview:-1"},"canonical":"https:\/\/ecosupplements.ch\/?product=solgar-vitamin-e-400-iu-268-mg-100-sgels","og_locale":"de_DE","og_type":"article","og_title":"SOLGAR Vitamin E 400 IU, 268 mg \u2013 100 Softgels | ecosupplements.ch","og_description":"SOLGAR Vitamin E 400 IU sch\u00fctzt Zellen vor oxidativem Stress \u2013 268 mg nat\u00fcrliches d-Alpha Tocopherol pro Softgel, 100 St\u00fcck, glutenfrei. Jetzt bestellen.","og_url":"https:\/\/ecosupplements.ch\/?product=solgar-vitamin-e-400-iu-268-mg-100-sgels","og_site_name":"Eco Supplements","article_modified_time":"2026-05-13T07:28:44+00:00","og_image":[{"width":800,"height":800,"url":"https:\/\/ecosupplements.ch\/wp-content\/uploads\/2026\/05\/SOLGAR-Vitamin-E-400-IU-268-mg-100-sgels.jpg","type":"image\/jpeg"}],"twitter_card":"summary_large_image","twitter_misc":{"Price":"&#67;&#72;&#70;&nbsp;22.37","Availability":"Out of stock"},"schema":{"@context":"https:\/\/schema.org","@graph":[{"@type":"WebPage","@id":"https:\/\/ecosupplements.ch\/?product=solgar-vitamin-e-400-iu-268-mg-100-sgels","url":"https:\/\/ecosupplements.ch\/?product=solgar-vitamin-e-400-iu-268-mg-100-sgels","name":"SOLGAR Vitamin E 400 IU, 268 mg \u2013 100 Softgels | ecosupplements.ch","isPartOf":{"@id":"https:\/\/ecosupplements.ch\/#website"},"primaryImageOfPage":{"@id":"https:\/\/ecosupplements.ch\/?product=solgar-vitamin-e-400-iu-268-mg-100-sgels#primaryimage"},"image":{"@id":"https:\/\/ecosupplements.ch\/?product=solgar-vitamin-e-400-iu-268-mg-100-sgels#primaryimage"},"thumbnailUrl":"https:\/\/ecosupplements.ch\/wp-content\/uploads\/2026\/05\/SOLGAR-Vitamin-E-400-IU-268-mg-100-sgels.jpg","datePublished":"2026-05-11T15:16:58+00:00","dateModified":"2026-05-13T07:28:44+00:00","description":"SOLGAR Vitamin E 400 IU sch\u00fctzt Zellen vor oxidativem Stress \u2013 268 mg nat\u00fcrliches d-Alpha Tocopherol pro Softgel, 100 St\u00fcck, glutenfrei. Jetzt bestellen.","breadcrumb":{"@id":"https:\/\/ecosupplements.ch\/?product=solgar-vitamin-e-400-iu-268-mg-100-sgels#breadcrumb"},"inLanguage":"de-CH","potentialAction":[{"@type":"ReadAction","target":["https:\/\/ecosupplements.ch\/?product=solgar-vitamin-e-400-iu-268-mg-100-sgels"]}]},{"@type":"ImageObject","inLanguage":"de-CH","@id":"https:\/\/ecosupplements.ch\/?product=solgar-vitamin-e-400-iu-268-mg-100-sgels#primaryimage","url":"https:\/\/ecosupplements.ch\/wp-content\/uploads\/2026\/05\/SOLGAR-Vitamin-E-400-IU-268-mg-100-sgels.jpg","contentUrl":"https:\/\/ecosupplements.ch\/wp-content\/uploads\/2026\/05\/SOLGAR-Vitamin-E-400-IU-268-mg-100-sgels.jpg","width":800,"height":800,"caption":"SOLGAR Vitamin E"},{"@type":"BreadcrumbList","@id":"https:\/\/ecosupplements.ch\/?product=solgar-vitamin-e-400-iu-268-mg-100-sgels#breadcrumb","itemListElement":[{"@type":"ListItem","position":1,"name":"Home","item":"https:\/\/ecosupplements.ch\/"},{"@type":"ListItem","position":2,"name":"Shop","item":"https:\/\/ecosupplements.ch\/?page_id=14"},{"@type":"ListItem","position":3,"name":"SOLGAR Vitamin E, 400 IU, 268 mg (100 sgels)"}]},{"@type":"WebSite","@id":"https:\/\/ecosupplements.ch\/#website","url":"https:\/\/ecosupplements.ch\/","name":"Eco Supplements","description":"","potentialAction":[{"@type":"SearchAction","target":{"@type":"EntryPoint","urlTemplate":"https:\/\/ecosupplements.ch\/?s={search_term_string}"},"query-input":{"@type":"PropertyValueSpecification","valueRequired":true,"valueName":"search_term_string"}}],"inLanguage":"de-CH"}]},"product_price_amount":"22.37","product_price_currency":"CHF","og_availability":"out of stock","product_availability":"out of stock","product_retailer_item_id":"033984035416","product_condition":"new"},"_links":{"self":[{"href":"https:\/\/ecosupplements.ch\/index.php?rest_route=\/wp\/v2\/product\/6714","targetHints":{"allow":["GET"]}}],"collection":[{"href":"https:\/\/ecosupplements.ch\/index.php?rest_route=\/wp\/v2\/product"}],"about":[{"href":"https:\/\/ecosupplements.ch\/index.php?rest_route=\/wp\/v2\/types\/product"}],"replies":[{"embeddable":true,"href":"https:\/\/ecosupplements.ch\/index.php?rest_route=%2Fwp%2Fv2%2Fcomments&post=6714"}],"wp:featuredmedia":[{"embeddable":true,"href":"https:\/\/ecosupplements.ch\/index.php?rest_route=\/wp\/v2\/media\/6715"}],"wp:attachment":[{"href":"https:\/\/ecosupplements.ch\/index.php?rest_route=%2Fwp%2Fv2%2Fmedia&parent=6714"}],"wp:term":[{"taxonomy":"product_brand","embeddable":true,"href":"https:\/\/ecosupplements.ch\/index.php?rest_route=%2Fwp%2Fv2%2Fproduct_brand&post=6714"},{"taxonomy":"product_cat","embeddable":true,"href":"https:\/\/ecosupplements.ch\/index.php?rest_route=%2Fwp%2Fv2%2Fproduct_cat&post=6714"},{"taxonomy":"product_tag","embeddable":true,"href":"https:\/\/ecosupplements.ch\/index.php?rest_route=%2Fwp%2Fv2%2Fproduct_tag&post=6714"}],"curies":[{"name":"wp","href":"https:\/\/api.w.org\/{rel}","templated":true}]}}