{"id":6718,"date":"2026-05-11T15:17:00","date_gmt":"2026-05-11T15:17:00","guid":{"rendered":"https:\/\/ecosupplements.ch\/?product=solgar-vitamin-d3-1000-iu-25-mcg-250-caps"},"modified":"2026-05-13T07:28:44","modified_gmt":"2026-05-13T07:28:44","slug":"solgar-vitamin-d3-1000-iu-25-mcg-250-caps","status":"publish","type":"product","link":"https:\/\/ecosupplements.ch\/?product=solgar-vitamin-d3-1000-iu-25-mcg-250-caps","title":{"rendered":"SOLGAR Vitamin D3, 1000 IU, 25 mcg (250 caps)"},"content":{"rendered":"<div class=\"chcg-product-description\">\n<h2 class=\"chcg-heading\">\u00dcber SOLGAR \u2013 Vitamin D3, 1000 IU, 25 mcg (250 Softgels)<\/h2>\n<div class=\"chcg-intro\">\n<p>Vitamin D3 (Cholecalciferol) ist die k\u00f6rpereigene Form von Vitamin D, die bei Sonneneinstrahlung in der Haut gebildet wird. Da viele Menschen in der Schweiz \u2013 insbesondere in den Herbst- und Wintermonaten \u2013 nur unzureichend Sonnenlicht ausgesetzt sind, kann eine gezielte Erg\u00e4nzung sinnvoll sein. Das SOLGAR Vitamin D3 liefert pro Softgel 25 mcg (1000 IU) Cholecalciferol und tr\u00e4gt zur normalen Aufnahme und Verwertung von Calcium und Phosphor bei.<\/p>\n<p>Vitamin D tr\u00e4gt zur Erhaltung normaler Knochen und Z\u00e4hne bei, unterst\u00fctzt die normale Muskelfunktion und tr\u00e4gt zur normalen Funktion des Immunsystems bei. Diese Aussagen sind durch die EFSA wissenschaftlich anerkannt. Die praktische Softgel-Form mit Saflor- und Fischleber-\u00d6l sorgt f\u00fcr eine gute Aufnahme des fettl\u00f6slichen Vitamins.<\/p>\n<p>Mit 250 Softgels pro Packung bietet dieses Produkt eine hervorragende Versorgung f\u00fcr mehrere Monate. SOLGAR steht seit 1947 f\u00fcr h\u00f6chste Qualit\u00e4tsstandards und sorgf\u00e4ltig ausgew\u00e4hlte Zutaten \u2013 ohne unn\u00f6tige Zus\u00e4tze.<\/p>\n<\/p><\/div>\n<div class=\"chcg-nutrition\">\n<h3>N\u00e4hrwertangaben<\/h3>\n<table class=\"chcg-nutrition-table\">\n<thead>\n<tr>\n<th>N\u00e4hrstoff<\/th>\n<th>Pro Portion (1 Softgel)<\/th>\n<\/tr>\n<\/thead>\n<tbody>\n<tr>\n<td>Vitamin D3 (als Cholecalciferol)<\/td>\n<td>25 mcg (1000 IU) | 125 % des Tagesbedarfs<\/td>\n<\/tr>\n<\/tbody>\n<\/table><\/div>\n<div class=\"chcg-ingredients\">\n<h3>Zutaten<\/h3>\n<p>Saflor\u00f6l, Gelatine, pflanzliches Glycerin, Fischleber-\u00d6l, Cholecalciferol.<\/p>\n<p class=\"chcg-capsule-shell\">Kapselh\u00fclle: Gelatine, pflanzliches Glycerin.<\/p>\n<\/p><\/div>\n<div class=\"chcg-dosage\">\n<h3>Verzehrempfehlung<\/h3>\n<p>Als Nahrungserg\u00e4nzungsmittel f\u00fcr Erwachsene t\u00e4glich zwei (2) Softgels einnehmen, vorzugsweise zu den Mahlzeiten, oder gem\u00e4ss Empfehlung einer Fachperson.<\/p>\n<\/p><\/div>\n<div class=\"chcg-warnings\">\n<h3>Warnhinweise<\/h3>\n<p>Falls Sie schwanger sind, stillen, Medikamente einnehmen, einen medizinischen oder chirurgischen Eingriff planen oder an einer Erkrankung leiden, konsultieren Sie bitte vor der Einnahme eines Nahrungserg\u00e4nzungsmittels eine Fachperson. Bei unerw\u00fcnschten Reaktionen die Einnahme abbrechen und eine Fachperson aufsuchen. Ausserhalb der Reichweite von Kindern aufbewahren. Nicht verwenden, wenn die \u00e4ussere Flaschensicherung fehlt oder besch\u00e4digt ist.<\/p>\n<\/p><\/div>\n<div class=\"chcg-allergens\">\n<h3>Allergeninformationen<\/h3>\n<p>Enth\u00e4lt Fisch (Kabeljau, Schellfisch, Pollack). Frei von: Gluten, Weizen, Milchprodukten, Soja, Hefe, Zucker, Natrium, k\u00fcnstlichen Aromen, S\u00fcssungsmitteln, Konservierungsstoffen und Farbstoffen.<\/p>\n<\/p><\/div>\n<div class=\"chcg-storage\">\n<h3>Lagerung<\/h3>\n<p>Bei Raumtemperatur lagern.<\/p>\n<\/p><\/div>\n<div class=\"chcg-dietary\">\n<h3>Ern\u00e4hrungshinweise<\/h3>\n<ul>\n<li>Glutenfrei<\/li>\n<li>Laktosefrei<\/li>\n<\/ul><\/div>\n<\/div>\n","protected":false},"excerpt":{"rendered":"<p>SOLGAR Vitamin D3 liefert 25 mcg (1000 IU) Cholecalciferol pro Softgel und unterst\u00fctzt Knochen, Z\u00e4hne, Muskeln und das Immunsystem. Praktische Packung mit 250 Softgels f\u00fcr eine Versorgung \u00fcber mehrere Monate. Glutenfrei und laktosefrei.<\/p>\n","protected":false},"featured_media":6719,"comment_status":"closed","ping_status":"open","template":"","meta":[],"product_brand":[229],"product_cat":[27,26,29,30,21],"product_tag":[],"class_list":{"0":"post-6718","1":"product","2":"type-product","3":"status-publish","4":"has-post-thumbnail","6":"product_brand-solgar","7":"product_cat-einige-vitamine","8":"product_cat-multivitamine","9":"product_cat-vitamin-c","10":"product_cat-vitamin-d","11":"product_cat-vitamine-und-mineralstoffe","13":"first","14":"outofstock","15":"taxable","16":"shipping-taxable","17":"purchasable","18":"product-type-simple"},"yoast_head":"<!-- This site is optimized with the Yoast SEO plugin v27.5 - https:\/\/yoast.com\/product\/yoast-seo-wordpress\/ -->\n<title>SOLGAR Vitamin D3 1000 IU, 250 Softgels | ecosupplements.ch<\/title>\n<meta name=\"description\" content=\"SOLGAR Vitamin D3 mit 25 mcg (1000 IU) pro Softgel \u2013 f\u00fcr Knochen, Immunsystem und Muskeln. 250 Softgels, glutenfrei. Jetzt bestellen.\" \/>\n<meta name=\"robots\" content=\"index, follow, max-snippet:-1, max-image-preview:large, max-video-preview:-1\" \/>\n<link rel=\"canonical\" href=\"https:\/\/ecosupplements.ch\/?product=solgar-vitamin-d3-1000-iu-25-mcg-250-caps\" \/>\n<meta property=\"og:locale\" content=\"de_DE\" \/>\n<meta property=\"og:type\" content=\"article\" \/>\n<meta property=\"og:title\" content=\"SOLGAR Vitamin D3 1000 IU, 250 Softgels | ecosupplements.ch\" \/>\n<meta property=\"og:description\" content=\"SOLGAR Vitamin D3 mit 25 mcg (1000 IU) pro Softgel \u2013 f\u00fcr Knochen, Immunsystem und Muskeln. 250 Softgels, glutenfrei. Jetzt bestellen.\" \/>\n<meta property=\"og:url\" content=\"https:\/\/ecosupplements.ch\/?product=solgar-vitamin-d3-1000-iu-25-mcg-250-caps\" \/>\n<meta property=\"og:site_name\" content=\"Eco Supplements\" \/>\n<meta property=\"article:modified_time\" content=\"2026-05-13T07:28:44+00:00\" \/>\n<meta property=\"og:image\" content=\"https:\/\/ecosupplements.ch\/wp-content\/uploads\/2026\/05\/SOLGAR-Vitamin-D3-1000-IU-25-mcg-250-caps.jpg\" \/>\n\t<meta property=\"og:image:width\" content=\"700\" \/>\n\t<meta property=\"og:image:height\" content=\"700\" \/>\n\t<meta property=\"og:image:type\" content=\"image\/jpeg\" \/>\n<meta name=\"twitter:card\" content=\"summary_large_image\" \/>\n<meta name=\"twitter:label1\" content=\"Price\" \/>\n\t<meta name=\"twitter:data1\" content=\"&#067;&#072;&#070;&nbsp;18.52\" \/>\n\t<meta name=\"twitter:label2\" content=\"Availability\" \/>\n\t<meta name=\"twitter:data2\" content=\"Out of stock\" \/>\n<script type=\"application\/ld+json\" class=\"yoast-schema-graph\">{\"@context\":\"https:\\\/\\\/schema.org\",\"@graph\":[{\"@type\":\"WebPage\",\"@id\":\"https:\\\/\\\/ecosupplements.ch\\\/?product=solgar-vitamin-d3-1000-iu-25-mcg-250-caps\",\"url\":\"https:\\\/\\\/ecosupplements.ch\\\/?product=solgar-vitamin-d3-1000-iu-25-mcg-250-caps\",\"name\":\"SOLGAR Vitamin D3 1000 IU, 250 Softgels | ecosupplements.ch\",\"isPartOf\":{\"@id\":\"https:\\\/\\\/ecosupplements.ch\\\/#website\"},\"primaryImageOfPage\":{\"@id\":\"https:\\\/\\\/ecosupplements.ch\\\/?product=solgar-vitamin-d3-1000-iu-25-mcg-250-caps#primaryimage\"},\"image\":{\"@id\":\"https:\\\/\\\/ecosupplements.ch\\\/?product=solgar-vitamin-d3-1000-iu-25-mcg-250-caps#primaryimage\"},\"thumbnailUrl\":\"https:\\\/\\\/ecosupplements.ch\\\/wp-content\\\/uploads\\\/2026\\\/05\\\/SOLGAR-Vitamin-D3-1000-IU-25-mcg-250-caps.jpg\",\"datePublished\":\"2026-05-11T15:17:00+00:00\",\"dateModified\":\"2026-05-13T07:28:44+00:00\",\"description\":\"SOLGAR Vitamin D3 mit 25 mcg (1000 IU) pro Softgel \u2013 f\u00fcr Knochen, Immunsystem und Muskeln. 250 Softgels, glutenfrei. Jetzt bestellen.\",\"breadcrumb\":{\"@id\":\"https:\\\/\\\/ecosupplements.ch\\\/?product=solgar-vitamin-d3-1000-iu-25-mcg-250-caps#breadcrumb\"},\"inLanguage\":\"de-CH\",\"potentialAction\":[{\"@type\":\"ReadAction\",\"target\":[\"https:\\\/\\\/ecosupplements.ch\\\/?product=solgar-vitamin-d3-1000-iu-25-mcg-250-caps\"]}]},{\"@type\":\"ImageObject\",\"inLanguage\":\"de-CH\",\"@id\":\"https:\\\/\\\/ecosupplements.ch\\\/?product=solgar-vitamin-d3-1000-iu-25-mcg-250-caps#primaryimage\",\"url\":\"https:\\\/\\\/ecosupplements.ch\\\/wp-content\\\/uploads\\\/2026\\\/05\\\/SOLGAR-Vitamin-D3-1000-IU-25-mcg-250-caps.jpg\",\"contentUrl\":\"https:\\\/\\\/ecosupplements.ch\\\/wp-content\\\/uploads\\\/2026\\\/05\\\/SOLGAR-Vitamin-D3-1000-IU-25-mcg-250-caps.jpg\",\"width\":700,\"height\":700,\"caption\":\"SOLGAR Vitamin D3\"},{\"@type\":\"BreadcrumbList\",\"@id\":\"https:\\\/\\\/ecosupplements.ch\\\/?product=solgar-vitamin-d3-1000-iu-25-mcg-250-caps#breadcrumb\",\"itemListElement\":[{\"@type\":\"ListItem\",\"position\":1,\"name\":\"Home\",\"item\":\"https:\\\/\\\/ecosupplements.ch\\\/\"},{\"@type\":\"ListItem\",\"position\":2,\"name\":\"Shop\",\"item\":\"https:\\\/\\\/ecosupplements.ch\\\/?page_id=14\"},{\"@type\":\"ListItem\",\"position\":3,\"name\":\"SOLGAR Vitamin D3, 1000 IU, 25 mcg (250 caps)\"}]},{\"@type\":\"WebSite\",\"@id\":\"https:\\\/\\\/ecosupplements.ch\\\/#website\",\"url\":\"https:\\\/\\\/ecosupplements.ch\\\/\",\"name\":\"Eco Supplements\",\"description\":\"\",\"potentialAction\":[{\"@type\":\"SearchAction\",\"target\":{\"@type\":\"EntryPoint\",\"urlTemplate\":\"https:\\\/\\\/ecosupplements.ch\\\/?s={search_term_string}\"},\"query-input\":{\"@type\":\"PropertyValueSpecification\",\"valueRequired\":true,\"valueName\":\"search_term_string\"}}],\"inLanguage\":\"de-CH\"}]}<\/script>\n<meta property=\"product:price:amount\" content=\"18.52\" \/>\n<meta property=\"product:price:currency\" content=\"CHF\" \/>\n<meta property=\"og:availability\" content=\"out of stock\" \/>\n<meta property=\"product:availability\" content=\"out of stock\" \/>\n<meta property=\"product:retailer_item_id\" content=\"033984033412\" \/>\n<meta property=\"product:condition\" content=\"new\" \/>\n<!-- \/ Yoast SEO plugin. -->","yoast_head_json":{"title":"SOLGAR Vitamin D3 1000 IU, 250 Softgels | ecosupplements.ch","description":"SOLGAR Vitamin D3 mit 25 mcg (1000 IU) pro Softgel \u2013 f\u00fcr Knochen, Immunsystem und Muskeln. 250 Softgels, glutenfrei. Jetzt bestellen.","robots":{"index":"index","follow":"follow","max-snippet":"max-snippet:-1","max-image-preview":"max-image-preview:large","max-video-preview":"max-video-preview:-1"},"canonical":"https:\/\/ecosupplements.ch\/?product=solgar-vitamin-d3-1000-iu-25-mcg-250-caps","og_locale":"de_DE","og_type":"article","og_title":"SOLGAR Vitamin D3 1000 IU, 250 Softgels | ecosupplements.ch","og_description":"SOLGAR Vitamin D3 mit 25 mcg (1000 IU) pro Softgel \u2013 f\u00fcr Knochen, Immunsystem und Muskeln. 250 Softgels, glutenfrei. Jetzt bestellen.","og_url":"https:\/\/ecosupplements.ch\/?product=solgar-vitamin-d3-1000-iu-25-mcg-250-caps","og_site_name":"Eco Supplements","article_modified_time":"2026-05-13T07:28:44+00:00","og_image":[{"width":700,"height":700,"url":"https:\/\/ecosupplements.ch\/wp-content\/uploads\/2026\/05\/SOLGAR-Vitamin-D3-1000-IU-25-mcg-250-caps.jpg","type":"image\/jpeg"}],"twitter_card":"summary_large_image","twitter_misc":{"Price":"&#67;&#72;&#70;&nbsp;18.52","Availability":"Out of stock"},"schema":{"@context":"https:\/\/schema.org","@graph":[{"@type":"WebPage","@id":"https:\/\/ecosupplements.ch\/?product=solgar-vitamin-d3-1000-iu-25-mcg-250-caps","url":"https:\/\/ecosupplements.ch\/?product=solgar-vitamin-d3-1000-iu-25-mcg-250-caps","name":"SOLGAR Vitamin D3 1000 IU, 250 Softgels | ecosupplements.ch","isPartOf":{"@id":"https:\/\/ecosupplements.ch\/#website"},"primaryImageOfPage":{"@id":"https:\/\/ecosupplements.ch\/?product=solgar-vitamin-d3-1000-iu-25-mcg-250-caps#primaryimage"},"image":{"@id":"https:\/\/ecosupplements.ch\/?product=solgar-vitamin-d3-1000-iu-25-mcg-250-caps#primaryimage"},"thumbnailUrl":"https:\/\/ecosupplements.ch\/wp-content\/uploads\/2026\/05\/SOLGAR-Vitamin-D3-1000-IU-25-mcg-250-caps.jpg","datePublished":"2026-05-11T15:17:00+00:00","dateModified":"2026-05-13T07:28:44+00:00","description":"SOLGAR Vitamin D3 mit 25 mcg (1000 IU) pro Softgel \u2013 f\u00fcr Knochen, Immunsystem und Muskeln. 250 Softgels, glutenfrei. Jetzt bestellen.","breadcrumb":{"@id":"https:\/\/ecosupplements.ch\/?product=solgar-vitamin-d3-1000-iu-25-mcg-250-caps#breadcrumb"},"inLanguage":"de-CH","potentialAction":[{"@type":"ReadAction","target":["https:\/\/ecosupplements.ch\/?product=solgar-vitamin-d3-1000-iu-25-mcg-250-caps"]}]},{"@type":"ImageObject","inLanguage":"de-CH","@id":"https:\/\/ecosupplements.ch\/?product=solgar-vitamin-d3-1000-iu-25-mcg-250-caps#primaryimage","url":"https:\/\/ecosupplements.ch\/wp-content\/uploads\/2026\/05\/SOLGAR-Vitamin-D3-1000-IU-25-mcg-250-caps.jpg","contentUrl":"https:\/\/ecosupplements.ch\/wp-content\/uploads\/2026\/05\/SOLGAR-Vitamin-D3-1000-IU-25-mcg-250-caps.jpg","width":700,"height":700,"caption":"SOLGAR Vitamin D3"},{"@type":"BreadcrumbList","@id":"https:\/\/ecosupplements.ch\/?product=solgar-vitamin-d3-1000-iu-25-mcg-250-caps#breadcrumb","itemListElement":[{"@type":"ListItem","position":1,"name":"Home","item":"https:\/\/ecosupplements.ch\/"},{"@type":"ListItem","position":2,"name":"Shop","item":"https:\/\/ecosupplements.ch\/?page_id=14"},{"@type":"ListItem","position":3,"name":"SOLGAR Vitamin D3, 1000 IU, 25 mcg (250 caps)"}]},{"@type":"WebSite","@id":"https:\/\/ecosupplements.ch\/#website","url":"https:\/\/ecosupplements.ch\/","name":"Eco Supplements","description":"","potentialAction":[{"@type":"SearchAction","target":{"@type":"EntryPoint","urlTemplate":"https:\/\/ecosupplements.ch\/?s={search_term_string}"},"query-input":{"@type":"PropertyValueSpecification","valueRequired":true,"valueName":"search_term_string"}}],"inLanguage":"de-CH"}]},"product_price_amount":"18.52","product_price_currency":"CHF","og_availability":"out of stock","product_availability":"out of stock","product_retailer_item_id":"033984033412","product_condition":"new"},"_links":{"self":[{"href":"https:\/\/ecosupplements.ch\/index.php?rest_route=\/wp\/v2\/product\/6718","targetHints":{"allow":["GET"]}}],"collection":[{"href":"https:\/\/ecosupplements.ch\/index.php?rest_route=\/wp\/v2\/product"}],"about":[{"href":"https:\/\/ecosupplements.ch\/index.php?rest_route=\/wp\/v2\/types\/product"}],"replies":[{"embeddable":true,"href":"https:\/\/ecosupplements.ch\/index.php?rest_route=%2Fwp%2Fv2%2Fcomments&post=6718"}],"wp:featuredmedia":[{"embeddable":true,"href":"https:\/\/ecosupplements.ch\/index.php?rest_route=\/wp\/v2\/media\/6719"}],"wp:attachment":[{"href":"https:\/\/ecosupplements.ch\/index.php?rest_route=%2Fwp%2Fv2%2Fmedia&parent=6718"}],"wp:term":[{"taxonomy":"product_brand","embeddable":true,"href":"https:\/\/ecosupplements.ch\/index.php?rest_route=%2Fwp%2Fv2%2Fproduct_brand&post=6718"},{"taxonomy":"product_cat","embeddable":true,"href":"https:\/\/ecosupplements.ch\/index.php?rest_route=%2Fwp%2Fv2%2Fproduct_cat&post=6718"},{"taxonomy":"product_tag","embeddable":true,"href":"https:\/\/ecosupplements.ch\/index.php?rest_route=%2Fwp%2Fv2%2Fproduct_tag&post=6718"}],"curies":[{"name":"wp","href":"https:\/\/api.w.org\/{rel}","templated":true}]}}