{"id":6724,"date":"2026-05-11T15:17:02","date_gmt":"2026-05-11T15:17:02","guid":{"rendered":"https:\/\/ecosupplements.ch\/?product=stanlab-lugols-fluid-1-250-ml-8-8-fl-oz"},"modified":"2026-05-13T07:28:44","modified_gmt":"2026-05-13T07:28:44","slug":"stanlab-lugols-fluid-1-250-ml-8-8-fl-oz","status":"publish","type":"product","link":"https:\/\/ecosupplements.ch\/?product=stanlab-lugols-fluid-1-250-ml-8-8-fl-oz","title":{"rendered":"STANLAB Lugol&#8217;s fluid 1% (250 ml \/ 8.8 fl. oz.)"},"content":{"rendered":"<div class=\"chcg-product-description\">\n<h2 class=\"chcg-heading\">\u00dcber STANLAB \u2013 Lugol&#8217;s fluid 1% (250 ml \/ 8.8 fl. oz.)<\/h2>\n<div class=\"chcg-intro\">\n<p>Die Lugol&#8217;sche L\u00f6sung 1% von STANLAB ist eine w\u00e4ssrige L\u00f6sung aus Jod und Kaliumjodid in destilliertem Wasser. Sie wird nach dem franz\u00f6sischen Arzt Jean Guillaume Auguste Lugol benannt und ist eine der bekanntesten standardisierten Jodl\u00f6sungen, die seit Langem in wissenschaftlichen, analytischen und labordiagnostischen Bereichen eingesetzt wird. Die vorliegende 1%-Konzentration entspricht einem klar definierten Reinheitsstandard und wird in einer praktischen 250-ml-Flasche geliefert.<\/p>\n<p>Das Produkt zeichnet sich durch eine charakteristische dunkelbraune Farbe, einen typischen Jodgeruch sowie einen pH-Wert von 5,5\u20138,5 (bei 20 \u00b0C) und eine Dichte von ca. 1,05 g\/cm\u00b3 (bei 20 \u00b0C) aus. Diese physikalischen Eigenschaften machen die L\u00f6sung reproduzierbar und zuverl\u00e4ssig f\u00fcr den vorgesehenen Verwendungszweck.<\/p>\n<p>STANLAB steht f\u00fcr gleichbleibende Qualit\u00e4t und pr\u00e4zise Zusammensetzung. Das Produkt richtet sich an Fachpersonen und Anwender, die eine standardisierte Jodl\u00f6sung f\u00fcr definierte Zwecke ben\u00f6tigen. Eine Verwendung ausserhalb des vorgesehenen Anwendungsgebiets wird nicht empfohlen.<\/p>\n<\/p><\/div>\n<div class=\"chcg-ingredients\">\n<h3>Zutaten<\/h3>\n<p>W\u00e4ssrige L\u00f6sung von Jod in Kaliumjodid. Zusammensetzung: a) Jod CAS: 7553-56-2, EG: 231-442-4; b) Kaliumjodid CAS: 7681-11-0, EG: 231-659-4; L\u00f6sungsmittel: destilliertes Wasser.<\/p>\n<\/p><\/div>\n<div class=\"chcg-dosage\">\n<h3>Verzehrempfehlung<\/h3>\n<p>Gem\u00e4ss Verwendungszweck und Etikettanweisung anwenden. Die empfohlene Tagesdosis nicht \u00fcberschreiten.<\/p>\n<\/p><\/div>\n<div class=\"chcg-warnings\">\n<h3>Warnhinweise<\/h3>\n<p>Ausserhalb der Reichweite von Kindern aufbewahren. Das Produkt wurde nicht mikrobiologisch getestet. Bei bestimmungsgem\u00e4ssem Gebrauch nicht als gef\u00e4hrlich gem\u00e4ss CLP-Verordnung eingestuft. Nicht anwenden bei Personen mit Jod\u00fcberempfindlichkeit oder Schilddr\u00fcsenerkrankungen ohne vorherige \u00e4rztliche R\u00fccksprache. Mindesthaltbarkeitsdatum: siehe Verpackung.<\/p>\n<\/p><\/div>\n<div class=\"chcg-allergens\">\n<h3>Allergeninformationen<\/h3>\n<p>Keine bekannten Allergene deklariert. Das Produkt enth\u00e4lt Jod \u2013 kontraindiziert bei Personen mit Jod\u00fcberempfindlichkeit.<\/p>\n<\/p><\/div>\n<div class=\"chcg-storage\">\n<h3>Lagerung<\/h3>\n<p>An einem trockenen, dunklen und k\u00fchlen Ort aufbewahren, ausserhalb der Reichweite von Kindern.<\/p>\n<\/p><\/div>\n<div class=\"chcg-dietary\">\n<h3>Ern\u00e4hrungshinweise<\/h3>\n<ul>\n<li>Vegan<\/li>\n<li>Vegetarisch<\/li>\n<li>Glutenfrei<\/li>\n<li>Laktosefrei<\/li>\n<\/ul><\/div>\n<\/div>\n","protected":false},"excerpt":{"rendered":"<p>Lugol&#8217;s fluid 1% von STANLAB ist eine standardisierte w\u00e4ssrige Jod-Kaliumjodid-L\u00f6sung f\u00fcr den definierten Anwendungsbereich. Erh\u00e4ltlich als Fl\u00fcssigkeit in der praktischen 250-ml-Flasche. Vegan, glutenfrei und laktosefrei.<\/p>\n","protected":false},"featured_media":6725,"comment_status":"closed","ping_status":"open","template":"","meta":[],"product_brand":[502],"product_cat":[23,109,20,21],"product_tag":[],"class_list":{"0":"post-6724","1":"product","2":"type-product","3":"status-publish","4":"has-post-thumbnail","6":"product_brand-stanlab","7":"product_cat-einige-mineralien","8":"product_cat-jod","9":"product_cat-neue-produkte","10":"product_cat-vitamine-und-mineralstoffe","12":"first","13":"outofstock","14":"taxable","15":"shipping-taxable","16":"purchasable","17":"product-type-simple"},"yoast_head":"<!-- This site is optimized with the Yoast SEO plugin v27.5 - https:\/\/yoast.com\/product\/yoast-seo-wordpress\/ -->\n<title>Lugol&#039;s fluid 1% \u2013 STANLAB | ecosupplements.ch<\/title>\n<meta name=\"description\" content=\"Standardisierte Lugol&#039;sche L\u00f6sung 1% von STANLAB \u2013 w\u00e4ssrige Jod-Kaliumjodid-L\u00f6sung, 250 ml, vegan und glutenfrei. Jetzt bestellen.\" \/>\n<meta name=\"robots\" content=\"index, follow, max-snippet:-1, max-image-preview:large, max-video-preview:-1\" \/>\n<link rel=\"canonical\" href=\"https:\/\/ecosupplements.ch\/?product=stanlab-lugols-fluid-1-250-ml-8-8-fl-oz\" \/>\n<meta property=\"og:locale\" content=\"de_DE\" \/>\n<meta property=\"og:type\" content=\"article\" \/>\n<meta property=\"og:title\" content=\"Lugol&#039;s fluid 1% \u2013 STANLAB | ecosupplements.ch\" \/>\n<meta property=\"og:description\" content=\"Standardisierte Lugol&#039;sche L\u00f6sung 1% von STANLAB \u2013 w\u00e4ssrige Jod-Kaliumjodid-L\u00f6sung, 250 ml, vegan und glutenfrei. Jetzt bestellen.\" \/>\n<meta property=\"og:url\" content=\"https:\/\/ecosupplements.ch\/?product=stanlab-lugols-fluid-1-250-ml-8-8-fl-oz\" \/>\n<meta property=\"og:site_name\" content=\"Eco Supplements\" \/>\n<meta property=\"article:modified_time\" content=\"2026-05-13T07:28:44+00:00\" \/>\n<meta property=\"og:image\" content=\"https:\/\/ecosupplements.ch\/wp-content\/uploads\/2026\/05\/STANLAB-Lugols-fluid-1-250-ml-8.8-fl.-oz.jpg\" \/>\n\t<meta property=\"og:image:width\" content=\"800\" \/>\n\t<meta property=\"og:image:height\" content=\"800\" \/>\n\t<meta property=\"og:image:type\" content=\"image\/jpeg\" \/>\n<meta name=\"twitter:card\" content=\"summary_large_image\" \/>\n<meta name=\"twitter:label1\" content=\"Price\" \/>\n\t<meta name=\"twitter:data1\" content=\"&#067;&#072;&#070;&nbsp;9.30\" \/>\n\t<meta name=\"twitter:label2\" content=\"Availability\" \/>\n\t<meta name=\"twitter:data2\" content=\"Out of stock\" \/>\n<script type=\"application\/ld+json\" class=\"yoast-schema-graph\">{\"@context\":\"https:\\\/\\\/schema.org\",\"@graph\":[{\"@type\":\"WebPage\",\"@id\":\"https:\\\/\\\/ecosupplements.ch\\\/?product=stanlab-lugols-fluid-1-250-ml-8-8-fl-oz\",\"url\":\"https:\\\/\\\/ecosupplements.ch\\\/?product=stanlab-lugols-fluid-1-250-ml-8-8-fl-oz\",\"name\":\"Lugol's fluid 1% \u2013 STANLAB | ecosupplements.ch\",\"isPartOf\":{\"@id\":\"https:\\\/\\\/ecosupplements.ch\\\/#website\"},\"primaryImageOfPage\":{\"@id\":\"https:\\\/\\\/ecosupplements.ch\\\/?product=stanlab-lugols-fluid-1-250-ml-8-8-fl-oz#primaryimage\"},\"image\":{\"@id\":\"https:\\\/\\\/ecosupplements.ch\\\/?product=stanlab-lugols-fluid-1-250-ml-8-8-fl-oz#primaryimage\"},\"thumbnailUrl\":\"https:\\\/\\\/ecosupplements.ch\\\/wp-content\\\/uploads\\\/2026\\\/05\\\/STANLAB-Lugols-fluid-1-250-ml-8.8-fl.-oz.jpg\",\"datePublished\":\"2026-05-11T15:17:02+00:00\",\"dateModified\":\"2026-05-13T07:28:44+00:00\",\"description\":\"Standardisierte Lugol'sche L\u00f6sung 1% von STANLAB \u2013 w\u00e4ssrige Jod-Kaliumjodid-L\u00f6sung, 250 ml, vegan und glutenfrei. Jetzt bestellen.\",\"breadcrumb\":{\"@id\":\"https:\\\/\\\/ecosupplements.ch\\\/?product=stanlab-lugols-fluid-1-250-ml-8-8-fl-oz#breadcrumb\"},\"inLanguage\":\"de-CH\",\"potentialAction\":[{\"@type\":\"ReadAction\",\"target\":[\"https:\\\/\\\/ecosupplements.ch\\\/?product=stanlab-lugols-fluid-1-250-ml-8-8-fl-oz\"]}]},{\"@type\":\"ImageObject\",\"inLanguage\":\"de-CH\",\"@id\":\"https:\\\/\\\/ecosupplements.ch\\\/?product=stanlab-lugols-fluid-1-250-ml-8-8-fl-oz#primaryimage\",\"url\":\"https:\\\/\\\/ecosupplements.ch\\\/wp-content\\\/uploads\\\/2026\\\/05\\\/STANLAB-Lugols-fluid-1-250-ml-8.8-fl.-oz.jpg\",\"contentUrl\":\"https:\\\/\\\/ecosupplements.ch\\\/wp-content\\\/uploads\\\/2026\\\/05\\\/STANLAB-Lugols-fluid-1-250-ml-8.8-fl.-oz.jpg\",\"width\":800,\"height\":800,\"caption\":\"STANLAB Lugol's fluid 1% (250 ml \\\/ 8.8 fl. oz.)\"},{\"@type\":\"BreadcrumbList\",\"@id\":\"https:\\\/\\\/ecosupplements.ch\\\/?product=stanlab-lugols-fluid-1-250-ml-8-8-fl-oz#breadcrumb\",\"itemListElement\":[{\"@type\":\"ListItem\",\"position\":1,\"name\":\"Home\",\"item\":\"https:\\\/\\\/ecosupplements.ch\\\/\"},{\"@type\":\"ListItem\",\"position\":2,\"name\":\"Shop\",\"item\":\"https:\\\/\\\/ecosupplements.ch\\\/?page_id=14\"},{\"@type\":\"ListItem\",\"position\":3,\"name\":\"STANLAB Lugol&#8217;s fluid 1% (250 ml \\\/ 8.8 fl. oz.)\"}]},{\"@type\":\"WebSite\",\"@id\":\"https:\\\/\\\/ecosupplements.ch\\\/#website\",\"url\":\"https:\\\/\\\/ecosupplements.ch\\\/\",\"name\":\"Eco Supplements\",\"description\":\"\",\"potentialAction\":[{\"@type\":\"SearchAction\",\"target\":{\"@type\":\"EntryPoint\",\"urlTemplate\":\"https:\\\/\\\/ecosupplements.ch\\\/?s={search_term_string}\"},\"query-input\":{\"@type\":\"PropertyValueSpecification\",\"valueRequired\":true,\"valueName\":\"search_term_string\"}}],\"inLanguage\":\"de-CH\"}]}<\/script>\n<meta property=\"product:price:amount\" content=\"9.30\" \/>\n<meta property=\"product:price:currency\" content=\"CHF\" \/>\n<meta property=\"og:availability\" content=\"out of stock\" \/>\n<meta property=\"product:availability\" content=\"out of stock\" \/>\n<meta property=\"product:retailer_item_id\" content=\"5902815403647\" \/>\n<meta property=\"product:condition\" content=\"new\" \/>\n<!-- \/ Yoast SEO plugin. -->","yoast_head_json":{"title":"Lugol's fluid 1% \u2013 STANLAB | ecosupplements.ch","description":"Standardisierte Lugol'sche L\u00f6sung 1% von STANLAB \u2013 w\u00e4ssrige Jod-Kaliumjodid-L\u00f6sung, 250 ml, vegan und glutenfrei. Jetzt bestellen.","robots":{"index":"index","follow":"follow","max-snippet":"max-snippet:-1","max-image-preview":"max-image-preview:large","max-video-preview":"max-video-preview:-1"},"canonical":"https:\/\/ecosupplements.ch\/?product=stanlab-lugols-fluid-1-250-ml-8-8-fl-oz","og_locale":"de_DE","og_type":"article","og_title":"Lugol's fluid 1% \u2013 STANLAB | ecosupplements.ch","og_description":"Standardisierte Lugol'sche L\u00f6sung 1% von STANLAB \u2013 w\u00e4ssrige Jod-Kaliumjodid-L\u00f6sung, 250 ml, vegan und glutenfrei. Jetzt bestellen.","og_url":"https:\/\/ecosupplements.ch\/?product=stanlab-lugols-fluid-1-250-ml-8-8-fl-oz","og_site_name":"Eco Supplements","article_modified_time":"2026-05-13T07:28:44+00:00","og_image":[{"width":800,"height":800,"url":"https:\/\/ecosupplements.ch\/wp-content\/uploads\/2026\/05\/STANLAB-Lugols-fluid-1-250-ml-8.8-fl.-oz.jpg","type":"image\/jpeg"}],"twitter_card":"summary_large_image","twitter_misc":{"Price":"&#67;&#72;&#70;&nbsp;9.30","Availability":"Out of stock"},"schema":{"@context":"https:\/\/schema.org","@graph":[{"@type":"WebPage","@id":"https:\/\/ecosupplements.ch\/?product=stanlab-lugols-fluid-1-250-ml-8-8-fl-oz","url":"https:\/\/ecosupplements.ch\/?product=stanlab-lugols-fluid-1-250-ml-8-8-fl-oz","name":"Lugol's fluid 1% \u2013 STANLAB | ecosupplements.ch","isPartOf":{"@id":"https:\/\/ecosupplements.ch\/#website"},"primaryImageOfPage":{"@id":"https:\/\/ecosupplements.ch\/?product=stanlab-lugols-fluid-1-250-ml-8-8-fl-oz#primaryimage"},"image":{"@id":"https:\/\/ecosupplements.ch\/?product=stanlab-lugols-fluid-1-250-ml-8-8-fl-oz#primaryimage"},"thumbnailUrl":"https:\/\/ecosupplements.ch\/wp-content\/uploads\/2026\/05\/STANLAB-Lugols-fluid-1-250-ml-8.8-fl.-oz.jpg","datePublished":"2026-05-11T15:17:02+00:00","dateModified":"2026-05-13T07:28:44+00:00","description":"Standardisierte Lugol'sche L\u00f6sung 1% von STANLAB \u2013 w\u00e4ssrige Jod-Kaliumjodid-L\u00f6sung, 250 ml, vegan und glutenfrei. Jetzt bestellen.","breadcrumb":{"@id":"https:\/\/ecosupplements.ch\/?product=stanlab-lugols-fluid-1-250-ml-8-8-fl-oz#breadcrumb"},"inLanguage":"de-CH","potentialAction":[{"@type":"ReadAction","target":["https:\/\/ecosupplements.ch\/?product=stanlab-lugols-fluid-1-250-ml-8-8-fl-oz"]}]},{"@type":"ImageObject","inLanguage":"de-CH","@id":"https:\/\/ecosupplements.ch\/?product=stanlab-lugols-fluid-1-250-ml-8-8-fl-oz#primaryimage","url":"https:\/\/ecosupplements.ch\/wp-content\/uploads\/2026\/05\/STANLAB-Lugols-fluid-1-250-ml-8.8-fl.-oz.jpg","contentUrl":"https:\/\/ecosupplements.ch\/wp-content\/uploads\/2026\/05\/STANLAB-Lugols-fluid-1-250-ml-8.8-fl.-oz.jpg","width":800,"height":800,"caption":"STANLAB Lugol's fluid 1% (250 ml \/ 8.8 fl. oz.)"},{"@type":"BreadcrumbList","@id":"https:\/\/ecosupplements.ch\/?product=stanlab-lugols-fluid-1-250-ml-8-8-fl-oz#breadcrumb","itemListElement":[{"@type":"ListItem","position":1,"name":"Home","item":"https:\/\/ecosupplements.ch\/"},{"@type":"ListItem","position":2,"name":"Shop","item":"https:\/\/ecosupplements.ch\/?page_id=14"},{"@type":"ListItem","position":3,"name":"STANLAB Lugol&#8217;s fluid 1% (250 ml \/ 8.8 fl. oz.)"}]},{"@type":"WebSite","@id":"https:\/\/ecosupplements.ch\/#website","url":"https:\/\/ecosupplements.ch\/","name":"Eco Supplements","description":"","potentialAction":[{"@type":"SearchAction","target":{"@type":"EntryPoint","urlTemplate":"https:\/\/ecosupplements.ch\/?s={search_term_string}"},"query-input":{"@type":"PropertyValueSpecification","valueRequired":true,"valueName":"search_term_string"}}],"inLanguage":"de-CH"}]},"product_price_amount":"9.30","product_price_currency":"CHF","og_availability":"out of stock","product_availability":"out of stock","product_retailer_item_id":"5902815403647","product_condition":"new"},"_links":{"self":[{"href":"https:\/\/ecosupplements.ch\/index.php?rest_route=\/wp\/v2\/product\/6724","targetHints":{"allow":["GET"]}}],"collection":[{"href":"https:\/\/ecosupplements.ch\/index.php?rest_route=\/wp\/v2\/product"}],"about":[{"href":"https:\/\/ecosupplements.ch\/index.php?rest_route=\/wp\/v2\/types\/product"}],"replies":[{"embeddable":true,"href":"https:\/\/ecosupplements.ch\/index.php?rest_route=%2Fwp%2Fv2%2Fcomments&post=6724"}],"wp:featuredmedia":[{"embeddable":true,"href":"https:\/\/ecosupplements.ch\/index.php?rest_route=\/wp\/v2\/media\/6725"}],"wp:attachment":[{"href":"https:\/\/ecosupplements.ch\/index.php?rest_route=%2Fwp%2Fv2%2Fmedia&parent=6724"}],"wp:term":[{"taxonomy":"product_brand","embeddable":true,"href":"https:\/\/ecosupplements.ch\/index.php?rest_route=%2Fwp%2Fv2%2Fproduct_brand&post=6724"},{"taxonomy":"product_cat","embeddable":true,"href":"https:\/\/ecosupplements.ch\/index.php?rest_route=%2Fwp%2Fv2%2Fproduct_cat&post=6724"},{"taxonomy":"product_tag","embeddable":true,"href":"https:\/\/ecosupplements.ch\/index.php?rest_route=%2Fwp%2Fv2%2Fproduct_tag&post=6724"}],"curies":[{"name":"wp","href":"https:\/\/api.w.org\/{rel}","templated":true}]}}