{"id":6730,"date":"2026-05-11T15:17:05","date_gmt":"2026-05-11T15:17:05","guid":{"rendered":"https:\/\/ecosupplements.ch\/?product=thorne-research-basic-prenatal-90-caps"},"modified":"2026-05-13T07:28:45","modified_gmt":"2026-05-13T07:28:45","slug":"thorne-research-basic-prenatal-90-caps","status":"publish","type":"product","link":"https:\/\/ecosupplements.ch\/?product=thorne-research-basic-prenatal-90-caps","title":{"rendered":"THORNE RESEARCH Basic Prenatal (90 caps)"},"content":{"rendered":"<div class=\"chcg-product-description\">\n<h2 class=\"chcg-heading\">\u00dcber Thorne Research \u2013 Basic Prenatal (90 Kapseln)<\/h2>\n<div class=\"chcg-intro\">\n<p>Thorne Research Basic Prenatal ist ein umfassendes Schwangerschaftsmultivitaminpr\u00e4parat, das speziell auf den erh\u00f6hten N\u00e4hrstoffbedarf vor und w\u00e4hrend der Schwangerschaft abgestimmt ist. Die Formel enth\u00e4lt 25 sorgf\u00e4ltig ausgew\u00e4hlte N\u00e4hrstoffe in besonders gut verwertbaren Formen \u2013 darunter aktives Folat als L-5-Methyltetrahydrofolat, Methylcobalamin (Vitamin B12) sowie die chelatgebundenen Mineralstoffe aus der TRAACS\u00ae-Reihe von Albion Minerals.<\/p>\n<p>Folat tr\u00e4gt zur normalen Zellteilung bei und spielt eine wichtige Rolle in der fr\u00fchen Schwangerschaft. Eisen tr\u00e4gt zur normalen Bildung von roten Blutk\u00f6rperchen und H\u00e4moglobin bei, w\u00e4hrend Jod zur normalen Schilddr\u00fcsenfunktion beitr\u00e4gt. Das enthaltene Vitamin D3 unterst\u00fctzt die normale Funktion des Immunsystems sowie die Erhaltung normaler Knochen. Alle N\u00e4hrstoffe sind in bew\u00e4hrten, bioverf\u00fcgbaren Formen enthalten, die der K\u00f6rper direkt verwerten kann.<\/p>\n<p>Basic Prenatal ist frei von Gluten, Milchbestandteilen, Soja, Eiern, N\u00fcssen, Erdn\u00fcssen, Hefe, Fisch und Schalentieren und somit f\u00fcr viele Ern\u00e4hrungsweisen geeignet. Die vegetarische Kapsel aus Hypromellose macht das Produkt auch f\u00fcr Vegetarierinnen geeignet. Pro Packung sind 30 Tagesdosen (je 3 Kapseln) enthalten.<\/p>\n<\/p><\/div>\n<div class=\"chcg-nutrition\">\n<h3>N\u00e4hrwertangaben<\/h3>\n<table class=\"chcg-nutrition-table\">\n<thead>\n<tr>\n<th>N\u00e4hrstoff<\/th>\n<th>Pro Portion (3 Kapseln)<\/th>\n<\/tr>\n<\/thead>\n<tbody>\n<tr>\n<td>Vitamin A (900 mcg RAE aus Beta-Carotin + 600 mcg RAE als Palmitat)<\/td>\n<td>1&#8217;500 mcg (167 % NRV)<\/td>\n<\/tr>\n<tr>\n<td>Vitamin C (als Ascorbins\u00e4ure)<\/td>\n<td>150 mg (167 % NRV)<\/td>\n<\/tr>\n<tr>\n<td>Vitamin D (als Vitamin D3)<\/td>\n<td>25 mcg \/ 1&#8217;000 IU (125 % NRV)<\/td>\n<\/tr>\n<tr>\n<td>Vitamin E (als d-Alpha-Tocopheryl)<\/td>\n<td>33,5 mg \/ 50 IU (223 % NRV)<\/td>\n<\/tr>\n<tr>\n<td>Vitamin K (als Vitamin K1)<\/td>\n<td>100 mcg (83 % NRV)<\/td>\n<\/tr>\n<tr>\n<td>Thiamin (als Thiamin HCl)<\/td>\n<td>5 mg (417 % NRV)<\/td>\n<\/tr>\n<tr>\n<td>Riboflavin (als Riboflavin-5&#8242;-Phosphat-Natrium)<\/td>\n<td>5 mg (385 % NRV)<\/td>\n<\/tr>\n<tr>\n<td>Niacin (als Niacinamid)<\/td>\n<td>30 mg (188 % NRV)<\/td>\n<\/tr>\n<tr>\n<td>Vitamin B6 (als Pyridoxal-5&#8242;-Phosphat)<\/td>\n<td>12 mg (706 % NRV)<\/td>\n<\/tr>\n<tr>\n<td>Folat (als L-5-Methyltetrahydrofolat aus L-5-Methyltetrahydrofols\u00e4ure, Glucosamin-Salz)<\/td>\n<td>1 mg \/ 1&#8217;700 mcg DF\u00c4 (425 % NRV)<\/td>\n<\/tr>\n<tr>\n<td>Vitamin B12 (als Methylcobalamin)<\/td>\n<td>200 mcg (7&#8217;143 % NRV)<\/td>\n<\/tr>\n<tr>\n<td>Biotin<\/td>\n<td>50 mcg (167 % NRV)<\/td>\n<\/tr>\n<tr>\n<td>Pantothens\u00e4ure (als Calcium-Pantothenat)<\/td>\n<td>18 mg (360 % NRV)<\/td>\n<\/tr>\n<tr>\n<td>Cholin (als Cholin-Citrat)<\/td>\n<td>110 mg (20 % NRV)<\/td>\n<\/tr>\n<tr>\n<td>Calcium (90 mg als Calcium-Citrat + 90 mg als Calcium-Malat)<\/td>\n<td>180 mg (14 % NRV)<\/td>\n<\/tr>\n<tr>\n<td>Eisen (als Ferrochel\u00ae Ferrous Bisglycinate Chelate)<\/td>\n<td>45 mg (250 % NRV)<\/td>\n<\/tr>\n<tr>\n<td>Jod (als Kaliumjodid)<\/td>\n<td>150 mcg (100 % NRV)<\/td>\n<\/tr>\n<tr>\n<td>Magnesium (45 mg als Magnesium-Citrat + 45 mg als Magnesium-Malat)<\/td>\n<td>90 mg (21 % NRV)<\/td>\n<\/tr>\n<tr>\n<td>Zink (als TRAACS\u00ae Zinc Bisglycinate Chelate)<\/td>\n<td>25 mg (227 % NRV)<\/td>\n<\/tr>\n<tr>\n<td>Selen (als L-Selenomethionin)<\/td>\n<td>50 mcg (91 % NRV)<\/td>\n<\/tr>\n<tr>\n<td>Kupfer (als TRAACS\u00ae Copper Bisglycinate Chelate)<\/td>\n<td>2 mg (222 % NRV)<\/td>\n<\/tr>\n<tr>\n<td>Mangan (als TRAACS\u00ae Manganese Bisglycinate Chelate)<\/td>\n<td>5 mg (217 % NRV)<\/td>\n<\/tr>\n<tr>\n<td>Chrom (als TRAACS\u00ae Chromium Nicotinate Glycinate Chelate)<\/td>\n<td>100 mcg (286 % NRV)<\/td>\n<\/tr>\n<tr>\n<td>Molybd\u00e4n (als TRAACS\u00ae Molybdenum Glycinate Chelate)<\/td>\n<td>50 mcg (111 % NRV)<\/td>\n<\/tr>\n<tr>\n<td>Bor (als Bororganic\u2122 Boron Glycinate Complex)<\/td>\n<td>1 mg *<\/td>\n<\/tr>\n<\/tbody>\n<\/table>\n<p class=\"chcg-footnote\">* Kein gesetzlich festgelegter N\u00e4hrstoffbezugswert (NRV) vorhanden.<\/p>\n<p class=\"chcg-footnote\">NRV = N\u00e4hrstoffbezugswert gem\u00e4ss Referenzwerten f\u00fcr die t\u00e4gliche Zufuhr.<\/p>\n<\/p><\/div>\n<div class=\"chcg-ingredients\">\n<h3>Zutaten<\/h3>\n<p>Drei Kapseln enthalten: Vitamin A (900 mcg RAE aus Beta-Carotin und 600 mcg RAE als Palmitat) 1&#8217;500 mcg; Vitamin C (als Ascorbins\u00e4ure) 150 mg; Vitamin D (als Vitamin D3) (1&#8217;000 IU) 25 mcg; Vitamin E (als d-Alpha-Tocopheryl) (50 IU) 33,5 mg; Vitamin K (als Vitamin K1) 100 mcg; Thiamin (als Thiamin HCl) 5 mg; Riboflavin (als Riboflavin-5&#8242;-Phosphat-Natrium) 5 mg; Niacin (als Niacinamid) 30 mg; Vitamin B6 (als Pyridoxal-5&#8242;-Phosphat) 12 mg; Folat (als L-5-Methyltetrahydrofolat aus L-5-Methyltetrahydrofols\u00e4ure, Glucosamin-Salz) 1 mg; Vitamin B12 (als Methylcobalamin) 200 mcg; Biotin 50 mcg; Pantothens\u00e4ure (als Calcium-Pantothenat) 18 mg; Cholin (als Cholin-Citrat) 110 mg; Calcium (90 mg als Calcium-Citrat und 90 mg als Calcium-Malat) 180 mg; Eisen (als Ferrochel\u00ae Ferrous Bisglycinate Chelate) 45 mg; Jod (als Kaliumjodid) 150 mcg; Magnesium (45 mg als Magnesium-Citrat und 45 mg als Magnesium-Malat) 90 mg; Zink (als TRAACS\u00ae Zinc Bisglycinate Chelate) 25 mg; Selen (als L-Selenomethionin) 50 mcg; Kupfer (als TRAACS\u00ae Copper Bisglycinate Chelate) 2 mg; Mangan (als TRAACS\u00ae Manganese Bisglycinate Chelate) 5 mg; Chrom (als TRAACS\u00ae Chromium Nicotinate Glycinate Chelate) 100 mcg; Molybd\u00e4n (als TRAACS\u00ae Molybdenum Glycinate Chelate) 50 mcg; Bor (als Bororganic\u2122 Boron Glycinate Complex) 1 mg. Sonstige Zutaten: Mikrokristalline Cellulose, Calcium-Laurat, Siliziumdioxid.<\/p>\n<p class=\"chcg-capsule-shell\">Kapselh\u00fclle: Hypromellose (gewonnen aus Cellulose)<\/p>\n<\/p><\/div>\n<div class=\"chcg-dosage\">\n<h3>Verzehrempfehlung<\/h3>\n<p>T\u00e4glich 3 Kapseln zu einer Mahlzeit einnehmen oder gem\u00e4ss Empfehlung Ihrer \u00c4rztin oder Ihres Arztes. Portionsgr\u00f6sse: 3 Kapseln. Portionen pro Packung: 30.<\/p>\n<\/p><\/div>\n<div class=\"chcg-warnings\">\n<h3>Warnhinweise<\/h3>\n<p>Bei Schwangerschaft vor der Einnahme dieses Produkts eine \u00c4rztin oder einen Arzt konsultieren. Die Einnahme dieses Nahrungserg\u00e4nzungsmittels wird nicht empfohlen in Kombination mit gerinnungshemmenden Arzneimitteln (wie Coumadin) und\/oder einer Methotrexat-Krebstherapie. Eine versehentliche \u00dcberdosierung eisenhaltiger Produkte ist eine h\u00e4ufige Ursache f\u00fcr t\u00f6dliche Vergiftungen bei Kindern unter sechs Jahren. Dieses Produkt ausserhalb der Reichweite von Kindern aufbewahren. Bei versehentlicher \u00dcberdosierung sofort eine \u00c4rztin, einen Arzt oder eine Giftnotrufzentrale kontaktieren. Originalit\u00e4tsverschluss: Nur verwenden, wenn die Flasche versiegelt ist.<\/p>\n<\/p><\/div>\n<div class=\"chcg-allergens\">\n<h3>Allergeninformationen<\/h3>\n<p>Frei von Gluten, Milchbestandteilen, Soja, Eiern, Baumn\u00fcssen, Erdn\u00fcssen, Hefe, Fisch und Schalentieren.<\/p>\n<\/p><\/div>\n<div class=\"chcg-storage\">\n<h3>Lagerung<\/h3>\n<p>Fest verschlossen an einem k\u00fchlen, trockenen Ort aufbewahren.<\/p>\n<\/p><\/div>\n<div class=\"chcg-dietary\">\n<h3>Ern\u00e4hrungshinweise<\/h3>\n<ul>\n<li>Vegetarisch<\/li>\n<li>Glutenfrei<\/li>\n<li>Laktosefrei<\/li>\n<\/ul><\/div>\n<\/div>\n","protected":false},"excerpt":{"rendered":"<p>Thorne Research Basic Prenatal liefert 25 essentielle N\u00e4hrstoffe in gut verwertbaren Formen \u2013 mit aktivem Folat, Methylcobalamin und chelatgebundenen Mineralien. 90 vegetarische Kapseln (30 Tagesdosen). Glutenfrei und laktosefrei.<\/p>\n","protected":false},"featured_media":6731,"comment_status":"closed","ping_status":"open","template":"","meta":[],"product_brand":[503],"product_cat":[48,32,21],"product_tag":[],"class_list":{"0":"post-6730","1":"product","2":"type-product","3":"status-publish","4":"has-post-thumbnail","6":"product_brand-thorne-research","7":"product_cat-gesunde-ernaehrung","8":"product_cat-nahrungsergaenzungsmittel-fuer-frauen","9":"product_cat-vitamine-und-mineralstoffe","11":"first","12":"outofstock","13":"taxable","14":"shipping-taxable","15":"purchasable","16":"product-type-simple"},"yoast_head":"<!-- This site is optimized with the Yoast SEO plugin v27.5 - https:\/\/yoast.com\/product\/yoast-seo-wordpress\/ -->\n<title>Basic Prenatal (90 Kapseln) \u2013 Thorne Research | ecosupplements.ch<\/title>\n<meta name=\"description\" content=\"Thorne Research Basic Prenatal mit aktivem Folat, Vitamin D3 und chelatgebundenen Mineralien \u2013 90 vegetarische Kapseln f\u00fcr 30 Tage. Jetzt bestellen.\" \/>\n<meta name=\"robots\" content=\"index, follow, max-snippet:-1, max-image-preview:large, max-video-preview:-1\" \/>\n<link rel=\"canonical\" href=\"https:\/\/ecosupplements.ch\/?product=thorne-research-basic-prenatal-90-caps\" \/>\n<meta property=\"og:locale\" content=\"de_DE\" \/>\n<meta property=\"og:type\" content=\"article\" \/>\n<meta property=\"og:title\" content=\"Basic Prenatal (90 Kapseln) \u2013 Thorne Research | ecosupplements.ch\" \/>\n<meta property=\"og:description\" content=\"Thorne Research Basic Prenatal mit aktivem Folat, Vitamin D3 und chelatgebundenen Mineralien \u2013 90 vegetarische Kapseln f\u00fcr 30 Tage. Jetzt bestellen.\" \/>\n<meta property=\"og:url\" content=\"https:\/\/ecosupplements.ch\/?product=thorne-research-basic-prenatal-90-caps\" \/>\n<meta property=\"og:site_name\" content=\"Eco Supplements\" \/>\n<meta property=\"article:modified_time\" content=\"2026-05-13T07:28:45+00:00\" \/>\n<meta property=\"og:image\" content=\"https:\/\/ecosupplements.ch\/wp-content\/uploads\/2026\/05\/THORNE-RESEARCH-Basic-Prenatal-90-caps.jpg\" \/>\n\t<meta property=\"og:image:width\" content=\"1000\" \/>\n\t<meta property=\"og:image:height\" content=\"1000\" \/>\n\t<meta property=\"og:image:type\" content=\"image\/jpeg\" \/>\n<meta name=\"twitter:card\" content=\"summary_large_image\" \/>\n<meta name=\"twitter:label1\" content=\"Price\" \/>\n\t<meta name=\"twitter:data1\" content=\"&#067;&#072;&#070;&nbsp;47.97\" \/>\n\t<meta name=\"twitter:label2\" content=\"Availability\" \/>\n\t<meta name=\"twitter:data2\" content=\"Out of stock\" \/>\n<script type=\"application\/ld+json\" class=\"yoast-schema-graph\">{\"@context\":\"https:\\\/\\\/schema.org\",\"@graph\":[{\"@type\":\"WebPage\",\"@id\":\"https:\\\/\\\/ecosupplements.ch\\\/?product=thorne-research-basic-prenatal-90-caps\",\"url\":\"https:\\\/\\\/ecosupplements.ch\\\/?product=thorne-research-basic-prenatal-90-caps\",\"name\":\"Basic Prenatal (90 Kapseln) \u2013 Thorne Research | ecosupplements.ch\",\"isPartOf\":{\"@id\":\"https:\\\/\\\/ecosupplements.ch\\\/#website\"},\"primaryImageOfPage\":{\"@id\":\"https:\\\/\\\/ecosupplements.ch\\\/?product=thorne-research-basic-prenatal-90-caps#primaryimage\"},\"image\":{\"@id\":\"https:\\\/\\\/ecosupplements.ch\\\/?product=thorne-research-basic-prenatal-90-caps#primaryimage\"},\"thumbnailUrl\":\"https:\\\/\\\/ecosupplements.ch\\\/wp-content\\\/uploads\\\/2026\\\/05\\\/THORNE-RESEARCH-Basic-Prenatal-90-caps.jpg\",\"datePublished\":\"2026-05-11T15:17:05+00:00\",\"dateModified\":\"2026-05-13T07:28:45+00:00\",\"description\":\"Thorne Research Basic Prenatal mit aktivem Folat, Vitamin D3 und chelatgebundenen Mineralien \u2013 90 vegetarische Kapseln f\u00fcr 30 Tage. Jetzt bestellen.\",\"breadcrumb\":{\"@id\":\"https:\\\/\\\/ecosupplements.ch\\\/?product=thorne-research-basic-prenatal-90-caps#breadcrumb\"},\"inLanguage\":\"de-CH\",\"potentialAction\":[{\"@type\":\"ReadAction\",\"target\":[\"https:\\\/\\\/ecosupplements.ch\\\/?product=thorne-research-basic-prenatal-90-caps\"]}]},{\"@type\":\"ImageObject\",\"inLanguage\":\"de-CH\",\"@id\":\"https:\\\/\\\/ecosupplements.ch\\\/?product=thorne-research-basic-prenatal-90-caps#primaryimage\",\"url\":\"https:\\\/\\\/ecosupplements.ch\\\/wp-content\\\/uploads\\\/2026\\\/05\\\/THORNE-RESEARCH-Basic-Prenatal-90-caps.jpg\",\"contentUrl\":\"https:\\\/\\\/ecosupplements.ch\\\/wp-content\\\/uploads\\\/2026\\\/05\\\/THORNE-RESEARCH-Basic-Prenatal-90-caps.jpg\",\"width\":1000,\"height\":1000,\"caption\":\"THORNE RESEARCH Basic Prenatal (90 caps)\"},{\"@type\":\"BreadcrumbList\",\"@id\":\"https:\\\/\\\/ecosupplements.ch\\\/?product=thorne-research-basic-prenatal-90-caps#breadcrumb\",\"itemListElement\":[{\"@type\":\"ListItem\",\"position\":1,\"name\":\"Home\",\"item\":\"https:\\\/\\\/ecosupplements.ch\\\/\"},{\"@type\":\"ListItem\",\"position\":2,\"name\":\"Shop\",\"item\":\"https:\\\/\\\/ecosupplements.ch\\\/?page_id=14\"},{\"@type\":\"ListItem\",\"position\":3,\"name\":\"THORNE RESEARCH Basic Prenatal (90 caps)\"}]},{\"@type\":\"WebSite\",\"@id\":\"https:\\\/\\\/ecosupplements.ch\\\/#website\",\"url\":\"https:\\\/\\\/ecosupplements.ch\\\/\",\"name\":\"Eco Supplements\",\"description\":\"\",\"potentialAction\":[{\"@type\":\"SearchAction\",\"target\":{\"@type\":\"EntryPoint\",\"urlTemplate\":\"https:\\\/\\\/ecosupplements.ch\\\/?s={search_term_string}\"},\"query-input\":{\"@type\":\"PropertyValueSpecification\",\"valueRequired\":true,\"valueName\":\"search_term_string\"}}],\"inLanguage\":\"de-CH\"}]}<\/script>\n<meta property=\"product:price:amount\" content=\"47.97\" \/>\n<meta property=\"product:price:currency\" content=\"CHF\" \/>\n<meta property=\"og:availability\" content=\"out of stock\" \/>\n<meta property=\"product:availability\" content=\"out of stock\" \/>\n<meta property=\"product:retailer_item_id\" content=\"693749015048\" \/>\n<meta property=\"product:condition\" content=\"new\" \/>\n<!-- \/ Yoast SEO plugin. -->","yoast_head_json":{"title":"Basic Prenatal (90 Kapseln) \u2013 Thorne Research | ecosupplements.ch","description":"Thorne Research Basic Prenatal mit aktivem Folat, Vitamin D3 und chelatgebundenen Mineralien \u2013 90 vegetarische Kapseln f\u00fcr 30 Tage. Jetzt bestellen.","robots":{"index":"index","follow":"follow","max-snippet":"max-snippet:-1","max-image-preview":"max-image-preview:large","max-video-preview":"max-video-preview:-1"},"canonical":"https:\/\/ecosupplements.ch\/?product=thorne-research-basic-prenatal-90-caps","og_locale":"de_DE","og_type":"article","og_title":"Basic Prenatal (90 Kapseln) \u2013 Thorne Research | ecosupplements.ch","og_description":"Thorne Research Basic Prenatal mit aktivem Folat, Vitamin D3 und chelatgebundenen Mineralien \u2013 90 vegetarische Kapseln f\u00fcr 30 Tage. Jetzt bestellen.","og_url":"https:\/\/ecosupplements.ch\/?product=thorne-research-basic-prenatal-90-caps","og_site_name":"Eco Supplements","article_modified_time":"2026-05-13T07:28:45+00:00","og_image":[{"width":1000,"height":1000,"url":"https:\/\/ecosupplements.ch\/wp-content\/uploads\/2026\/05\/THORNE-RESEARCH-Basic-Prenatal-90-caps.jpg","type":"image\/jpeg"}],"twitter_card":"summary_large_image","twitter_misc":{"Price":"&#67;&#72;&#70;&nbsp;47.97","Availability":"Out of stock"},"schema":{"@context":"https:\/\/schema.org","@graph":[{"@type":"WebPage","@id":"https:\/\/ecosupplements.ch\/?product=thorne-research-basic-prenatal-90-caps","url":"https:\/\/ecosupplements.ch\/?product=thorne-research-basic-prenatal-90-caps","name":"Basic Prenatal (90 Kapseln) \u2013 Thorne Research | ecosupplements.ch","isPartOf":{"@id":"https:\/\/ecosupplements.ch\/#website"},"primaryImageOfPage":{"@id":"https:\/\/ecosupplements.ch\/?product=thorne-research-basic-prenatal-90-caps#primaryimage"},"image":{"@id":"https:\/\/ecosupplements.ch\/?product=thorne-research-basic-prenatal-90-caps#primaryimage"},"thumbnailUrl":"https:\/\/ecosupplements.ch\/wp-content\/uploads\/2026\/05\/THORNE-RESEARCH-Basic-Prenatal-90-caps.jpg","datePublished":"2026-05-11T15:17:05+00:00","dateModified":"2026-05-13T07:28:45+00:00","description":"Thorne Research Basic Prenatal mit aktivem Folat, Vitamin D3 und chelatgebundenen Mineralien \u2013 90 vegetarische Kapseln f\u00fcr 30 Tage. Jetzt bestellen.","breadcrumb":{"@id":"https:\/\/ecosupplements.ch\/?product=thorne-research-basic-prenatal-90-caps#breadcrumb"},"inLanguage":"de-CH","potentialAction":[{"@type":"ReadAction","target":["https:\/\/ecosupplements.ch\/?product=thorne-research-basic-prenatal-90-caps"]}]},{"@type":"ImageObject","inLanguage":"de-CH","@id":"https:\/\/ecosupplements.ch\/?product=thorne-research-basic-prenatal-90-caps#primaryimage","url":"https:\/\/ecosupplements.ch\/wp-content\/uploads\/2026\/05\/THORNE-RESEARCH-Basic-Prenatal-90-caps.jpg","contentUrl":"https:\/\/ecosupplements.ch\/wp-content\/uploads\/2026\/05\/THORNE-RESEARCH-Basic-Prenatal-90-caps.jpg","width":1000,"height":1000,"caption":"THORNE RESEARCH Basic Prenatal (90 caps)"},{"@type":"BreadcrumbList","@id":"https:\/\/ecosupplements.ch\/?product=thorne-research-basic-prenatal-90-caps#breadcrumb","itemListElement":[{"@type":"ListItem","position":1,"name":"Home","item":"https:\/\/ecosupplements.ch\/"},{"@type":"ListItem","position":2,"name":"Shop","item":"https:\/\/ecosupplements.ch\/?page_id=14"},{"@type":"ListItem","position":3,"name":"THORNE RESEARCH Basic Prenatal (90 caps)"}]},{"@type":"WebSite","@id":"https:\/\/ecosupplements.ch\/#website","url":"https:\/\/ecosupplements.ch\/","name":"Eco Supplements","description":"","potentialAction":[{"@type":"SearchAction","target":{"@type":"EntryPoint","urlTemplate":"https:\/\/ecosupplements.ch\/?s={search_term_string}"},"query-input":{"@type":"PropertyValueSpecification","valueRequired":true,"valueName":"search_term_string"}}],"inLanguage":"de-CH"}]},"product_price_amount":"47.97","product_price_currency":"CHF","og_availability":"out of stock","product_availability":"out of stock","product_retailer_item_id":"693749015048","product_condition":"new"},"_links":{"self":[{"href":"https:\/\/ecosupplements.ch\/index.php?rest_route=\/wp\/v2\/product\/6730","targetHints":{"allow":["GET"]}}],"collection":[{"href":"https:\/\/ecosupplements.ch\/index.php?rest_route=\/wp\/v2\/product"}],"about":[{"href":"https:\/\/ecosupplements.ch\/index.php?rest_route=\/wp\/v2\/types\/product"}],"replies":[{"embeddable":true,"href":"https:\/\/ecosupplements.ch\/index.php?rest_route=%2Fwp%2Fv2%2Fcomments&post=6730"}],"wp:featuredmedia":[{"embeddable":true,"href":"https:\/\/ecosupplements.ch\/index.php?rest_route=\/wp\/v2\/media\/6731"}],"wp:attachment":[{"href":"https:\/\/ecosupplements.ch\/index.php?rest_route=%2Fwp%2Fv2%2Fmedia&parent=6730"}],"wp:term":[{"taxonomy":"product_brand","embeddable":true,"href":"https:\/\/ecosupplements.ch\/index.php?rest_route=%2Fwp%2Fv2%2Fproduct_brand&post=6730"},{"taxonomy":"product_cat","embeddable":true,"href":"https:\/\/ecosupplements.ch\/index.php?rest_route=%2Fwp%2Fv2%2Fproduct_cat&post=6730"},{"taxonomy":"product_tag","embeddable":true,"href":"https:\/\/ecosupplements.ch\/index.php?rest_route=%2Fwp%2Fv2%2Fproduct_tag&post=6730"}],"curies":[{"name":"wp","href":"https:\/\/api.w.org\/{rel}","templated":true}]}}