{"id":6744,"date":"2026-05-11T15:17:11","date_gmt":"2026-05-11T15:17:11","guid":{"rendered":"https:\/\/ecosupplements.ch\/?product=yango-ashwagandha-10-vitanolides-90-caps"},"modified":"2026-05-13T07:28:49","modified_gmt":"2026-05-13T07:28:49","slug":"yango-ashwagandha-10-vitanolides-90-caps","status":"publish","type":"product","link":"https:\/\/ecosupplements.ch\/?product=yango-ashwagandha-10-vitanolides-90-caps","title":{"rendered":"YANGO Ashwagandha &#8211; 10% vitanolides (90 caps)"},"content":{"rendered":"<div class=\"chcg-product-description\">\n<h2 class=\"chcg-heading\">\u00dcber Yango \u2013 YANGO Ashwagandha \u2013 10% Vitanolide (90 Kapseln)<\/h2>\n<div class=\"chcg-intro\">\n<p>Ashwagandha (<em>Withania somnifera<\/em>), auch bekannt als Schlafbeere oder Indischer Ginseng, ist eine der bedeutendsten Heilpflanzen der ayurvedischen Tradition. Der Extrakt in diesem Produkt von Yango ist auf mindestens 10% Withanolide standardisiert \u2013 das sind die aktiven Leitsubstanzen, die f\u00fcr die charakteristischen Eigenschaften dieser Pflanze verantwortlich sind. Diese hohe Konzentration sorgt f\u00fcr eine konsistente Wirkstoffmenge pro Kapsel.<\/p>\n<p>Jede Kapsel liefert 100 mg Ashwagandha-Wurzelextrakt, davon 10 mg Withanolide. Die vegetarische Kapsel ist frei von tierischen Bestandteilen und eignet sich daher auch f\u00fcr vegane und vegetarische Ern\u00e4hrungsweisen. Das Produkt verzichtet vollst\u00e4ndig auf k\u00fcnstliche Zusatzstoffe wie Konservierungsmittel, Aromen oder Farbstoffe.<\/p>\n<p>Mit 90 Kapseln pro Packung bietet YANGO Ashwagandha einen Vorrat f\u00fcr rund drei Monate bei t\u00e4glicher Einnahme. Die praktische Kapselform erleichtert die unkomplizierte Integration in den Alltag.<\/p>\n<\/p><\/div>\n<div class=\"chcg-nutrition\">\n<h3>N\u00e4hrwertangaben<\/h3>\n<table class=\"chcg-nutrition-table\">\n<thead>\n<tr>\n<th>N\u00e4hrstoff<\/th>\n<th>Pro Portion (1 Kapsel)<\/th>\n<\/tr>\n<\/thead>\n<tbody>\n<tr>\n<td>Ashwagandha-Wurzelextrakt<\/td>\n<td>100 mg<\/td>\n<\/tr>\n<tr>\n<td>\u2013 davon Withanolide (10%)<\/td>\n<td>10 mg<\/td>\n<\/tr>\n<\/tbody>\n<\/table>\n<p class=\"chcg-footnote\">* Kein festgelegter Tagesbedarf.<\/p>\n<\/p><\/div>\n<div class=\"chcg-ingredients\">\n<h3>Zutaten<\/h3>\n<p>F\u00fcllstoff: mikrokristalline Cellulose, Ashwagandha-Wurzelextrakt (<em>Withania somnifera<\/em>), standardisiert auf mindestens 10% Withanolide.<\/p>\n<p class=\"chcg-capsule-shell\">Kapselh\u00fclle: pflanzliche Cellulose.<\/p>\n<\/p><\/div>\n<div class=\"chcg-dosage\">\n<h3>Verzehrempfehlung<\/h3>\n<p>1 Kapsel t\u00e4glich. Die Kapsel mit einer grossen Menge Wasser nach einer Mahlzeit schlucken.<\/p>\n<\/p><\/div>\n<div class=\"chcg-warnings\">\n<h3>Warnhinweise<\/h3>\n<p>Die empfohlene Tagesdosis nicht \u00fcberschreiten. Dieses Nahrungserg\u00e4nzungsmittel kann eine abwechslungsreiche Ern\u00e4hrung und eine gesunde Lebensweise nicht ersetzen. Nicht empfohlen f\u00fcr Kleinkinder, Schwangere oder stillende Frauen. Personen, die Medikamente einnehmen, sollten vor der Einnahme einen Arzt oder Apotheker konsultieren.<\/p>\n<\/p><\/div>\n<div class=\"chcg-allergens\">\n<h3>Allergeninformationen<\/h3>\n<p>Enth\u00e4lt kein Gluten, keinen Zucker, keine Milchbestandteile, kein Speisesalz, keinen Mais, keine Hefe, keine Krustentiere, keinen Weizen und keine Soja. Hergestellt ohne k\u00fcnstliche Konservierungsmittel, Aromen oder Farbstoffe. Frei von Schwermetallen wie Arsen, Cadmium, Blei und Quecksilber.<\/p>\n<\/p><\/div>\n<div class=\"chcg-storage\">\n<h3>Lagerung<\/h3>\n<p>An einem dunklen, trockenen Ort bei Raumtemperatur und ausserhalb der Reichweite von Kleinkindern aufbewahren.<\/p>\n<\/p><\/div>\n<div class=\"chcg-dietary\">\n<h3>Ern\u00e4hrungshinweise<\/h3>\n<ul>\n<li>Vegan<\/li>\n<li>Vegetarisch<\/li>\n<li>Glutenfrei<\/li>\n<li>Laktosefrei<\/li>\n<\/ul><\/div>\n<\/div>\n","protected":false},"excerpt":{"rendered":"<p>YANGO Ashwagandha liefert pro Kapsel 100 mg Wurzelextrakt, standardisiert auf 10% Withanolide. Vegane Kapseln, 90 St\u00fcck pro Packung \u2013 f\u00fcr rund drei Monate Vorrat.<\/p>\n","protected":false},"featured_media":6745,"comment_status":"closed","ping_status":"open","template":"","meta":[],"product_brand":[365],"product_cat":[116,25,44,21],"product_tag":[],"class_list":{"0":"post-6744","1":"product","2":"type-product","3":"status-publish","4":"has-post-thumbnail","6":"product_brand-yango","7":"product_cat-ashwagandha","8":"product_cat-gesundheit-und-wohlbefinden","9":"product_cat-pflanzliche-nahrungsergaenzungsmittel","10":"product_cat-vitamine-und-mineralstoffe","12":"first","13":"outofstock","14":"taxable","15":"shipping-taxable","16":"purchasable","17":"product-type-simple"},"yoast_head":"<!-- This site is optimized with the Yoast SEO plugin v27.5 - https:\/\/yoast.com\/product\/yoast-seo-wordpress\/ -->\n<title>YANGO Ashwagandha 10% Vitanolide 90 Kapseln | ecosupplements.ch<\/title>\n<meta name=\"description\" content=\"Ashwagandha-Extrakt mit 10% Withanoliden in veganen Kapseln \u2013 90 St\u00fcck f\u00fcr rund 3 Monate. Jetzt bestellen.\" \/>\n<meta name=\"robots\" content=\"index, follow, max-snippet:-1, max-image-preview:large, max-video-preview:-1\" \/>\n<link rel=\"canonical\" href=\"https:\/\/ecosupplements.ch\/?product=yango-ashwagandha-10-vitanolides-90-caps\" \/>\n<meta property=\"og:locale\" content=\"de_DE\" \/>\n<meta property=\"og:type\" content=\"article\" \/>\n<meta property=\"og:title\" content=\"YANGO Ashwagandha 10% Vitanolide 90 Kapseln | ecosupplements.ch\" \/>\n<meta property=\"og:description\" content=\"Ashwagandha-Extrakt mit 10% Withanoliden in veganen Kapseln \u2013 90 St\u00fcck f\u00fcr rund 3 Monate. Jetzt bestellen.\" \/>\n<meta property=\"og:url\" content=\"https:\/\/ecosupplements.ch\/?product=yango-ashwagandha-10-vitanolides-90-caps\" \/>\n<meta property=\"og:site_name\" content=\"Eco Supplements\" \/>\n<meta property=\"article:modified_time\" content=\"2026-05-13T07:28:49+00:00\" \/>\n<meta property=\"og:image\" content=\"https:\/\/ecosupplements.ch\/wp-content\/uploads\/2026\/05\/YANGO-Ashwagandha-10-vitanolides-90-caps.jpg\" \/>\n\t<meta property=\"og:image:width\" content=\"1000\" \/>\n\t<meta property=\"og:image:height\" content=\"1243\" \/>\n\t<meta property=\"og:image:type\" content=\"image\/jpeg\" \/>\n<meta name=\"twitter:card\" content=\"summary_large_image\" \/>\n<meta name=\"twitter:label1\" content=\"Price\" \/>\n\t<meta name=\"twitter:data1\" content=\"&#067;&#072;&#070;&nbsp;14.07\" \/>\n\t<meta name=\"twitter:label2\" content=\"Availability\" \/>\n\t<meta name=\"twitter:data2\" content=\"Out of stock\" \/>\n<script type=\"application\/ld+json\" class=\"yoast-schema-graph\">{\"@context\":\"https:\\\/\\\/schema.org\",\"@graph\":[{\"@type\":\"WebPage\",\"@id\":\"https:\\\/\\\/ecosupplements.ch\\\/?product=yango-ashwagandha-10-vitanolides-90-caps\",\"url\":\"https:\\\/\\\/ecosupplements.ch\\\/?product=yango-ashwagandha-10-vitanolides-90-caps\",\"name\":\"YANGO Ashwagandha 10% Vitanolide 90 Kapseln | ecosupplements.ch\",\"isPartOf\":{\"@id\":\"https:\\\/\\\/ecosupplements.ch\\\/#website\"},\"primaryImageOfPage\":{\"@id\":\"https:\\\/\\\/ecosupplements.ch\\\/?product=yango-ashwagandha-10-vitanolides-90-caps#primaryimage\"},\"image\":{\"@id\":\"https:\\\/\\\/ecosupplements.ch\\\/?product=yango-ashwagandha-10-vitanolides-90-caps#primaryimage\"},\"thumbnailUrl\":\"https:\\\/\\\/ecosupplements.ch\\\/wp-content\\\/uploads\\\/2026\\\/05\\\/YANGO-Ashwagandha-10-vitanolides-90-caps.jpg\",\"datePublished\":\"2026-05-11T15:17:11+00:00\",\"dateModified\":\"2026-05-13T07:28:49+00:00\",\"description\":\"Ashwagandha-Extrakt mit 10% Withanoliden in veganen Kapseln \u2013 90 St\u00fcck f\u00fcr rund 3 Monate. Jetzt bestellen.\",\"breadcrumb\":{\"@id\":\"https:\\\/\\\/ecosupplements.ch\\\/?product=yango-ashwagandha-10-vitanolides-90-caps#breadcrumb\"},\"inLanguage\":\"de-CH\",\"potentialAction\":[{\"@type\":\"ReadAction\",\"target\":[\"https:\\\/\\\/ecosupplements.ch\\\/?product=yango-ashwagandha-10-vitanolides-90-caps\"]}]},{\"@type\":\"ImageObject\",\"inLanguage\":\"de-CH\",\"@id\":\"https:\\\/\\\/ecosupplements.ch\\\/?product=yango-ashwagandha-10-vitanolides-90-caps#primaryimage\",\"url\":\"https:\\\/\\\/ecosupplements.ch\\\/wp-content\\\/uploads\\\/2026\\\/05\\\/YANGO-Ashwagandha-10-vitanolides-90-caps.jpg\",\"contentUrl\":\"https:\\\/\\\/ecosupplements.ch\\\/wp-content\\\/uploads\\\/2026\\\/05\\\/YANGO-Ashwagandha-10-vitanolides-90-caps.jpg\",\"width\":1000,\"height\":1243,\"caption\":\"YANGO Ashwagandha - 10% vitanolides (90 caps)\"},{\"@type\":\"BreadcrumbList\",\"@id\":\"https:\\\/\\\/ecosupplements.ch\\\/?product=yango-ashwagandha-10-vitanolides-90-caps#breadcrumb\",\"itemListElement\":[{\"@type\":\"ListItem\",\"position\":1,\"name\":\"Home\",\"item\":\"https:\\\/\\\/ecosupplements.ch\\\/\"},{\"@type\":\"ListItem\",\"position\":2,\"name\":\"Shop\",\"item\":\"https:\\\/\\\/ecosupplements.ch\\\/?page_id=14\"},{\"@type\":\"ListItem\",\"position\":3,\"name\":\"YANGO Ashwagandha &#8211; 10% vitanolides (90 caps)\"}]},{\"@type\":\"WebSite\",\"@id\":\"https:\\\/\\\/ecosupplements.ch\\\/#website\",\"url\":\"https:\\\/\\\/ecosupplements.ch\\\/\",\"name\":\"Eco Supplements\",\"description\":\"\",\"potentialAction\":[{\"@type\":\"SearchAction\",\"target\":{\"@type\":\"EntryPoint\",\"urlTemplate\":\"https:\\\/\\\/ecosupplements.ch\\\/?s={search_term_string}\"},\"query-input\":{\"@type\":\"PropertyValueSpecification\",\"valueRequired\":true,\"valueName\":\"search_term_string\"}}],\"inLanguage\":\"de-CH\"}]}<\/script>\n<meta property=\"product:price:amount\" content=\"14.07\" \/>\n<meta property=\"product:price:currency\" content=\"CHF\" \/>\n<meta property=\"og:availability\" content=\"out of stock\" \/>\n<meta property=\"product:availability\" content=\"out of stock\" \/>\n<meta property=\"product:retailer_item_id\" content=\"5904194063337\" \/>\n<meta property=\"product:condition\" content=\"new\" \/>\n<!-- \/ Yoast SEO plugin. -->","yoast_head_json":{"title":"YANGO Ashwagandha 10% Vitanolide 90 Kapseln | ecosupplements.ch","description":"Ashwagandha-Extrakt mit 10% Withanoliden in veganen Kapseln \u2013 90 St\u00fcck f\u00fcr rund 3 Monate. Jetzt bestellen.","robots":{"index":"index","follow":"follow","max-snippet":"max-snippet:-1","max-image-preview":"max-image-preview:large","max-video-preview":"max-video-preview:-1"},"canonical":"https:\/\/ecosupplements.ch\/?product=yango-ashwagandha-10-vitanolides-90-caps","og_locale":"de_DE","og_type":"article","og_title":"YANGO Ashwagandha 10% Vitanolide 90 Kapseln | ecosupplements.ch","og_description":"Ashwagandha-Extrakt mit 10% Withanoliden in veganen Kapseln \u2013 90 St\u00fcck f\u00fcr rund 3 Monate. Jetzt bestellen.","og_url":"https:\/\/ecosupplements.ch\/?product=yango-ashwagandha-10-vitanolides-90-caps","og_site_name":"Eco Supplements","article_modified_time":"2026-05-13T07:28:49+00:00","og_image":[{"width":1000,"height":1243,"url":"https:\/\/ecosupplements.ch\/wp-content\/uploads\/2026\/05\/YANGO-Ashwagandha-10-vitanolides-90-caps.jpg","type":"image\/jpeg"}],"twitter_card":"summary_large_image","twitter_misc":{"Price":"&#67;&#72;&#70;&nbsp;14.07","Availability":"Out of stock"},"schema":{"@context":"https:\/\/schema.org","@graph":[{"@type":"WebPage","@id":"https:\/\/ecosupplements.ch\/?product=yango-ashwagandha-10-vitanolides-90-caps","url":"https:\/\/ecosupplements.ch\/?product=yango-ashwagandha-10-vitanolides-90-caps","name":"YANGO Ashwagandha 10% Vitanolide 90 Kapseln | ecosupplements.ch","isPartOf":{"@id":"https:\/\/ecosupplements.ch\/#website"},"primaryImageOfPage":{"@id":"https:\/\/ecosupplements.ch\/?product=yango-ashwagandha-10-vitanolides-90-caps#primaryimage"},"image":{"@id":"https:\/\/ecosupplements.ch\/?product=yango-ashwagandha-10-vitanolides-90-caps#primaryimage"},"thumbnailUrl":"https:\/\/ecosupplements.ch\/wp-content\/uploads\/2026\/05\/YANGO-Ashwagandha-10-vitanolides-90-caps.jpg","datePublished":"2026-05-11T15:17:11+00:00","dateModified":"2026-05-13T07:28:49+00:00","description":"Ashwagandha-Extrakt mit 10% Withanoliden in veganen Kapseln \u2013 90 St\u00fcck f\u00fcr rund 3 Monate. Jetzt bestellen.","breadcrumb":{"@id":"https:\/\/ecosupplements.ch\/?product=yango-ashwagandha-10-vitanolides-90-caps#breadcrumb"},"inLanguage":"de-CH","potentialAction":[{"@type":"ReadAction","target":["https:\/\/ecosupplements.ch\/?product=yango-ashwagandha-10-vitanolides-90-caps"]}]},{"@type":"ImageObject","inLanguage":"de-CH","@id":"https:\/\/ecosupplements.ch\/?product=yango-ashwagandha-10-vitanolides-90-caps#primaryimage","url":"https:\/\/ecosupplements.ch\/wp-content\/uploads\/2026\/05\/YANGO-Ashwagandha-10-vitanolides-90-caps.jpg","contentUrl":"https:\/\/ecosupplements.ch\/wp-content\/uploads\/2026\/05\/YANGO-Ashwagandha-10-vitanolides-90-caps.jpg","width":1000,"height":1243,"caption":"YANGO Ashwagandha - 10% vitanolides (90 caps)"},{"@type":"BreadcrumbList","@id":"https:\/\/ecosupplements.ch\/?product=yango-ashwagandha-10-vitanolides-90-caps#breadcrumb","itemListElement":[{"@type":"ListItem","position":1,"name":"Home","item":"https:\/\/ecosupplements.ch\/"},{"@type":"ListItem","position":2,"name":"Shop","item":"https:\/\/ecosupplements.ch\/?page_id=14"},{"@type":"ListItem","position":3,"name":"YANGO Ashwagandha &#8211; 10% vitanolides (90 caps)"}]},{"@type":"WebSite","@id":"https:\/\/ecosupplements.ch\/#website","url":"https:\/\/ecosupplements.ch\/","name":"Eco Supplements","description":"","potentialAction":[{"@type":"SearchAction","target":{"@type":"EntryPoint","urlTemplate":"https:\/\/ecosupplements.ch\/?s={search_term_string}"},"query-input":{"@type":"PropertyValueSpecification","valueRequired":true,"valueName":"search_term_string"}}],"inLanguage":"de-CH"}]},"product_price_amount":"14.07","product_price_currency":"CHF","og_availability":"out of stock","product_availability":"out of stock","product_retailer_item_id":"5904194063337","product_condition":"new"},"_links":{"self":[{"href":"https:\/\/ecosupplements.ch\/index.php?rest_route=\/wp\/v2\/product\/6744","targetHints":{"allow":["GET"]}}],"collection":[{"href":"https:\/\/ecosupplements.ch\/index.php?rest_route=\/wp\/v2\/product"}],"about":[{"href":"https:\/\/ecosupplements.ch\/index.php?rest_route=\/wp\/v2\/types\/product"}],"replies":[{"embeddable":true,"href":"https:\/\/ecosupplements.ch\/index.php?rest_route=%2Fwp%2Fv2%2Fcomments&post=6744"}],"wp:featuredmedia":[{"embeddable":true,"href":"https:\/\/ecosupplements.ch\/index.php?rest_route=\/wp\/v2\/media\/6745"}],"wp:attachment":[{"href":"https:\/\/ecosupplements.ch\/index.php?rest_route=%2Fwp%2Fv2%2Fmedia&parent=6744"}],"wp:term":[{"taxonomy":"product_brand","embeddable":true,"href":"https:\/\/ecosupplements.ch\/index.php?rest_route=%2Fwp%2Fv2%2Fproduct_brand&post=6744"},{"taxonomy":"product_cat","embeddable":true,"href":"https:\/\/ecosupplements.ch\/index.php?rest_route=%2Fwp%2Fv2%2Fproduct_cat&post=6744"},{"taxonomy":"product_tag","embeddable":true,"href":"https:\/\/ecosupplements.ch\/index.php?rest_route=%2Fwp%2Fv2%2Fproduct_tag&post=6744"}],"curies":[{"name":"wp","href":"https:\/\/api.w.org\/{rel}","templated":true}]}}