{"id":6750,"date":"2026-05-11T15:17:14","date_gmt":"2026-05-11T15:17:14","guid":{"rendered":"https:\/\/ecosupplements.ch\/?product=yango-beetroot-100-caps"},"modified":"2026-05-13T07:28:50","modified_gmt":"2026-05-13T07:28:50","slug":"yango-beetroot-100-caps","status":"publish","type":"product","link":"https:\/\/ecosupplements.ch\/?product=yango-beetroot-100-caps","title":{"rendered":"YANGO Beetroot (100 caps)"},"content":{"rendered":"<div class=\"chcg-product-description\">\n<h2 class=\"chcg-heading\">\u00dcber YANGO \u2013 Beetroot (100 Kapseln)<\/h2>\n<div class=\"chcg-intro\">\n<p>YANGO Beetroot liefert einen hochwertigen 10:1-Extrakt aus der gemeinen Roten Bete (<em>Beta vulgaris<\/em>) in praktischer Kapselform. Durch die Konzentration von 10:1 entspricht jede Kapsel der Wirkstoffmenge von 3 000 mg frischer Roten Bete \u2013 bei gleichzeitig kompaktem Einnahmevolumen. Mit zwei Kapseln t\u00e4glich erhalten Sie eine Tagesdosis von 600 mg Extrakt, bequem dosierbar zu den Mahlzeiten.<\/p>\n<p>Rote Bete ist ein nat\u00fcrlich nitratreicher Wurzelgem\u00fcse, der seit Jahrhunderten in der europ\u00e4ischen Ern\u00e4hrungstradition fest verankert ist. Das Produkt ist vollst\u00e4ndig pflanzlich und verwendet eine vegane Kapselh\u00fclle aus Pflanzenzellulose \u2013 ohne tierische Bestandteile, k\u00fcnstliche Zusatzstoffe oder unn\u00f6tige F\u00fcllstoffe.<\/p>\n<p>Ein Pack mit 100 Kapseln reicht bei empfohlener Tagesdosis (2 Kapseln) f\u00fcr 50 Tage. YANGO Beetroot eignet sich f\u00fcr Menschen, die ihre Ern\u00e4hrung mit einem reinen, konzentrierten Rote-Bete-Extrakt erg\u00e4nzen m\u00f6chten \u2013 ob als Teil eines aktiven Lebensstils oder zur t\u00e4glichen Nahrungserg\u00e4nzung.<\/p>\n<\/p><\/div>\n<div class=\"chcg-nutrition\">\n<h3>N\u00e4hrwertangaben<\/h3>\n<table class=\"chcg-nutrition-table\">\n<thead>\n<tr>\n<th>N\u00e4hrstoff<\/th>\n<th>Pro 1 Kapsel<\/th>\n<th>Pro 2 Kapseln (Tagesdosis)<\/th>\n<\/tr>\n<\/thead>\n<tbody>\n<tr>\n<td>Rote-Bete-Extrakt 10:1 (<em>Beta vulgaris<\/em>)<\/td>\n<td>300 mg<\/td>\n<td>600 mg<\/td>\n<\/tr>\n<\/tbody>\n<\/table>\n<p class=\"chcg-footnote\">* Kein festgelegter Tagesreferenzwert.<\/p>\n<\/p><\/div>\n<div class=\"chcg-ingredients\">\n<h3>Zutaten<\/h3>\n<p>Extrakt 10:1 aus gemeiner Roter Bete (<em>Beta vulgaris<\/em>); Kapsel: Pflanzenzellulose.<\/p>\n<p class=\"chcg-capsule-shell\">Kapselh\u00fclle: Pflanzenzellulose (vegetarische\/vegane Kapsel)<\/p>\n<\/p><\/div>\n<div class=\"chcg-dosage\">\n<h3>Verzehrempfehlung<\/h3>\n<p>1 Kapsel zweimal t\u00e4glich w\u00e4hrend oder nach einer Mahlzeit einnehmen. Mit ausreichend Wasser trinken. Empfohlene Tagesdosis: 2 Kapseln. 1 Pack reicht f\u00fcr 50 Tage.<\/p>\n<\/p><\/div>\n<div class=\"chcg-warnings\">\n<h3>Warnhinweise<\/h3>\n<p>Die empfohlene Tagesdosis nicht \u00fcberschreiten. Ein Nahrungserg\u00e4nzungsmittel ist kein Ersatz f\u00fcr eine abwechslungsreiche Ern\u00e4hrung und eine gesunde Lebensweise. Personen, die Medikamente einnehmen, sollten vor der Anwendung einen Arzt oder Apotheker konsultieren. Nicht empfohlen f\u00fcr Kleinkinder, Schwangere oder stillende Frauen.<\/p>\n<\/p><\/div>\n<div class=\"chcg-allergens\">\n<h3>Allergeninformationen<\/h3>\n<p>Enth\u00e4lt kein Gluten, keinen Zucker, keine Milchbestandteile, kein Tafelsalz, keinen Mais, keine Krebstiere, keinen Weizen, keine Soja, keine Eier, keinen Fisch, keine N\u00fcsse, keinen Sellerie, keinen Senf und kein Sesam. Hergestellt ohne k\u00fcnstliche Konservierungsstoffe, Aromen oder Farbstoffe. Frei von Schwermetallen (Arsen, Cadmium, Blei, Quecksilber).<\/p>\n<\/p><\/div>\n<div class=\"chcg-storage\">\n<h3>Lagerung<\/h3>\n<p>An einem dunklen, trockenen Ort bei Raumtemperatur und ausserhalb der Reichweite von Kleinkindern aufbewahren.<\/p>\n<\/p><\/div>\n<div class=\"chcg-dietary\">\n<h3>Ern\u00e4hrungshinweise<\/h3>\n<ul>\n<li>Vegan<\/li>\n<li>Vegetarisch<\/li>\n<li>Glutenfrei<\/li>\n<li>Laktosefrei<\/li>\n<\/ul><\/div>\n<\/div>\n","protected":false},"excerpt":{"rendered":"<p>YANGO Beetroot liefert 300 mg konzentrierten Rote-Bete-Extrakt (10:1) pro Kapsel. 100 vegane Pflanzenkapseln \u2013 ausreichend f\u00fcr 50 Tage bei empfohlener Tagesdosis. Ohne Gluten, Laktose und k\u00fcnstliche Zusatzstoffe.<\/p>\n","protected":false},"featured_media":6751,"comment_status":"closed","ping_status":"open","template":"","meta":[],"product_brand":[365],"product_cat":[25,44,171,21],"product_tag":[],"class_list":{"0":"post-6750","1":"product","2":"type-product","3":"status-publish","4":"has-post-thumbnail","6":"product_brand-yango","7":"product_cat-gesundheit-und-wohlbefinden","8":"product_cat-pflanzliche-nahrungsergaenzungsmittel","9":"product_cat-vitamine-und-mineralien","10":"product_cat-vitamine-und-mineralstoffe","12":"first","13":"outofstock","14":"taxable","15":"shipping-taxable","16":"purchasable","17":"product-type-simple"},"yoast_head":"<!-- This site is optimized with the Yoast SEO plugin v27.5 - https:\/\/yoast.com\/product\/yoast-seo-wordpress\/ -->\n<title>YANGO Beetroot 100 Kapseln \u2013 Rote-Bete-Extrakt | ecosupplements.ch<\/title>\n<meta name=\"description\" content=\"Konzentrierter Rote-Bete-Extrakt 10:1 in 100 veganen Kapseln \u2013 glutenfrei und ohne k\u00fcnstliche Zusatzstoffe. Jetzt bestellen.\" \/>\n<meta name=\"robots\" content=\"index, follow, max-snippet:-1, max-image-preview:large, max-video-preview:-1\" \/>\n<link rel=\"canonical\" href=\"https:\/\/ecosupplements.ch\/?product=yango-beetroot-100-caps\" \/>\n<meta property=\"og:locale\" content=\"de_DE\" \/>\n<meta property=\"og:type\" content=\"article\" \/>\n<meta property=\"og:title\" content=\"YANGO Beetroot 100 Kapseln \u2013 Rote-Bete-Extrakt | ecosupplements.ch\" \/>\n<meta property=\"og:description\" content=\"Konzentrierter Rote-Bete-Extrakt 10:1 in 100 veganen Kapseln \u2013 glutenfrei und ohne k\u00fcnstliche Zusatzstoffe. Jetzt bestellen.\" \/>\n<meta property=\"og:url\" content=\"https:\/\/ecosupplements.ch\/?product=yango-beetroot-100-caps\" \/>\n<meta property=\"og:site_name\" content=\"Eco Supplements\" \/>\n<meta property=\"article:modified_time\" content=\"2026-05-13T07:28:50+00:00\" \/>\n<meta property=\"og:image\" content=\"https:\/\/ecosupplements.ch\/wp-content\/uploads\/2026\/05\/YANGO-Beetroot-100-caps.jpg\" \/>\n\t<meta property=\"og:image:width\" content=\"800\" \/>\n\t<meta property=\"og:image:height\" content=\"800\" \/>\n\t<meta property=\"og:image:type\" content=\"image\/jpeg\" \/>\n<meta name=\"twitter:card\" content=\"summary_large_image\" \/>\n<meta name=\"twitter:label1\" content=\"Price\" \/>\n\t<meta name=\"twitter:data1\" content=\"&#067;&#072;&#070;&nbsp;10.64\" \/>\n\t<meta name=\"twitter:label2\" content=\"Availability\" \/>\n\t<meta name=\"twitter:data2\" content=\"Out of stock\" \/>\n<script type=\"application\/ld+json\" class=\"yoast-schema-graph\">{\"@context\":\"https:\\\/\\\/schema.org\",\"@graph\":[{\"@type\":\"WebPage\",\"@id\":\"https:\\\/\\\/ecosupplements.ch\\\/?product=yango-beetroot-100-caps\",\"url\":\"https:\\\/\\\/ecosupplements.ch\\\/?product=yango-beetroot-100-caps\",\"name\":\"YANGO Beetroot 100 Kapseln \u2013 Rote-Bete-Extrakt | ecosupplements.ch\",\"isPartOf\":{\"@id\":\"https:\\\/\\\/ecosupplements.ch\\\/#website\"},\"primaryImageOfPage\":{\"@id\":\"https:\\\/\\\/ecosupplements.ch\\\/?product=yango-beetroot-100-caps#primaryimage\"},\"image\":{\"@id\":\"https:\\\/\\\/ecosupplements.ch\\\/?product=yango-beetroot-100-caps#primaryimage\"},\"thumbnailUrl\":\"https:\\\/\\\/ecosupplements.ch\\\/wp-content\\\/uploads\\\/2026\\\/05\\\/YANGO-Beetroot-100-caps.jpg\",\"datePublished\":\"2026-05-11T15:17:14+00:00\",\"dateModified\":\"2026-05-13T07:28:50+00:00\",\"description\":\"Konzentrierter Rote-Bete-Extrakt 10:1 in 100 veganen Kapseln \u2013 glutenfrei und ohne k\u00fcnstliche Zusatzstoffe. Jetzt bestellen.\",\"breadcrumb\":{\"@id\":\"https:\\\/\\\/ecosupplements.ch\\\/?product=yango-beetroot-100-caps#breadcrumb\"},\"inLanguage\":\"de-CH\",\"potentialAction\":[{\"@type\":\"ReadAction\",\"target\":[\"https:\\\/\\\/ecosupplements.ch\\\/?product=yango-beetroot-100-caps\"]}]},{\"@type\":\"ImageObject\",\"inLanguage\":\"de-CH\",\"@id\":\"https:\\\/\\\/ecosupplements.ch\\\/?product=yango-beetroot-100-caps#primaryimage\",\"url\":\"https:\\\/\\\/ecosupplements.ch\\\/wp-content\\\/uploads\\\/2026\\\/05\\\/YANGO-Beetroot-100-caps.jpg\",\"contentUrl\":\"https:\\\/\\\/ecosupplements.ch\\\/wp-content\\\/uploads\\\/2026\\\/05\\\/YANGO-Beetroot-100-caps.jpg\",\"width\":800,\"height\":800,\"caption\":\"YANGO Beetroot (100 caps)\"},{\"@type\":\"BreadcrumbList\",\"@id\":\"https:\\\/\\\/ecosupplements.ch\\\/?product=yango-beetroot-100-caps#breadcrumb\",\"itemListElement\":[{\"@type\":\"ListItem\",\"position\":1,\"name\":\"Home\",\"item\":\"https:\\\/\\\/ecosupplements.ch\\\/\"},{\"@type\":\"ListItem\",\"position\":2,\"name\":\"Shop\",\"item\":\"https:\\\/\\\/ecosupplements.ch\\\/?page_id=14\"},{\"@type\":\"ListItem\",\"position\":3,\"name\":\"YANGO Beetroot (100 caps)\"}]},{\"@type\":\"WebSite\",\"@id\":\"https:\\\/\\\/ecosupplements.ch\\\/#website\",\"url\":\"https:\\\/\\\/ecosupplements.ch\\\/\",\"name\":\"Eco Supplements\",\"description\":\"\",\"potentialAction\":[{\"@type\":\"SearchAction\",\"target\":{\"@type\":\"EntryPoint\",\"urlTemplate\":\"https:\\\/\\\/ecosupplements.ch\\\/?s={search_term_string}\"},\"query-input\":{\"@type\":\"PropertyValueSpecification\",\"valueRequired\":true,\"valueName\":\"search_term_string\"}}],\"inLanguage\":\"de-CH\"}]}<\/script>\n<meta property=\"product:price:amount\" content=\"10.64\" \/>\n<meta property=\"product:price:currency\" content=\"CHF\" \/>\n<meta property=\"og:availability\" content=\"out of stock\" \/>\n<meta property=\"product:availability\" content=\"out of stock\" \/>\n<meta property=\"product:retailer_item_id\" content=\"5905279845879\" \/>\n<meta property=\"product:condition\" content=\"new\" \/>\n<!-- \/ Yoast SEO plugin. -->","yoast_head_json":{"title":"YANGO Beetroot 100 Kapseln \u2013 Rote-Bete-Extrakt | ecosupplements.ch","description":"Konzentrierter Rote-Bete-Extrakt 10:1 in 100 veganen Kapseln \u2013 glutenfrei und ohne k\u00fcnstliche Zusatzstoffe. Jetzt bestellen.","robots":{"index":"index","follow":"follow","max-snippet":"max-snippet:-1","max-image-preview":"max-image-preview:large","max-video-preview":"max-video-preview:-1"},"canonical":"https:\/\/ecosupplements.ch\/?product=yango-beetroot-100-caps","og_locale":"de_DE","og_type":"article","og_title":"YANGO Beetroot 100 Kapseln \u2013 Rote-Bete-Extrakt | ecosupplements.ch","og_description":"Konzentrierter Rote-Bete-Extrakt 10:1 in 100 veganen Kapseln \u2013 glutenfrei und ohne k\u00fcnstliche Zusatzstoffe. Jetzt bestellen.","og_url":"https:\/\/ecosupplements.ch\/?product=yango-beetroot-100-caps","og_site_name":"Eco Supplements","article_modified_time":"2026-05-13T07:28:50+00:00","og_image":[{"width":800,"height":800,"url":"https:\/\/ecosupplements.ch\/wp-content\/uploads\/2026\/05\/YANGO-Beetroot-100-caps.jpg","type":"image\/jpeg"}],"twitter_card":"summary_large_image","twitter_misc":{"Price":"&#67;&#72;&#70;&nbsp;10.64","Availability":"Out of stock"},"schema":{"@context":"https:\/\/schema.org","@graph":[{"@type":"WebPage","@id":"https:\/\/ecosupplements.ch\/?product=yango-beetroot-100-caps","url":"https:\/\/ecosupplements.ch\/?product=yango-beetroot-100-caps","name":"YANGO Beetroot 100 Kapseln \u2013 Rote-Bete-Extrakt | ecosupplements.ch","isPartOf":{"@id":"https:\/\/ecosupplements.ch\/#website"},"primaryImageOfPage":{"@id":"https:\/\/ecosupplements.ch\/?product=yango-beetroot-100-caps#primaryimage"},"image":{"@id":"https:\/\/ecosupplements.ch\/?product=yango-beetroot-100-caps#primaryimage"},"thumbnailUrl":"https:\/\/ecosupplements.ch\/wp-content\/uploads\/2026\/05\/YANGO-Beetroot-100-caps.jpg","datePublished":"2026-05-11T15:17:14+00:00","dateModified":"2026-05-13T07:28:50+00:00","description":"Konzentrierter Rote-Bete-Extrakt 10:1 in 100 veganen Kapseln \u2013 glutenfrei und ohne k\u00fcnstliche Zusatzstoffe. Jetzt bestellen.","breadcrumb":{"@id":"https:\/\/ecosupplements.ch\/?product=yango-beetroot-100-caps#breadcrumb"},"inLanguage":"de-CH","potentialAction":[{"@type":"ReadAction","target":["https:\/\/ecosupplements.ch\/?product=yango-beetroot-100-caps"]}]},{"@type":"ImageObject","inLanguage":"de-CH","@id":"https:\/\/ecosupplements.ch\/?product=yango-beetroot-100-caps#primaryimage","url":"https:\/\/ecosupplements.ch\/wp-content\/uploads\/2026\/05\/YANGO-Beetroot-100-caps.jpg","contentUrl":"https:\/\/ecosupplements.ch\/wp-content\/uploads\/2026\/05\/YANGO-Beetroot-100-caps.jpg","width":800,"height":800,"caption":"YANGO Beetroot (100 caps)"},{"@type":"BreadcrumbList","@id":"https:\/\/ecosupplements.ch\/?product=yango-beetroot-100-caps#breadcrumb","itemListElement":[{"@type":"ListItem","position":1,"name":"Home","item":"https:\/\/ecosupplements.ch\/"},{"@type":"ListItem","position":2,"name":"Shop","item":"https:\/\/ecosupplements.ch\/?page_id=14"},{"@type":"ListItem","position":3,"name":"YANGO Beetroot (100 caps)"}]},{"@type":"WebSite","@id":"https:\/\/ecosupplements.ch\/#website","url":"https:\/\/ecosupplements.ch\/","name":"Eco Supplements","description":"","potentialAction":[{"@type":"SearchAction","target":{"@type":"EntryPoint","urlTemplate":"https:\/\/ecosupplements.ch\/?s={search_term_string}"},"query-input":{"@type":"PropertyValueSpecification","valueRequired":true,"valueName":"search_term_string"}}],"inLanguage":"de-CH"}]},"product_price_amount":"10.64","product_price_currency":"CHF","og_availability":"out of stock","product_availability":"out of stock","product_retailer_item_id":"5905279845879","product_condition":"new"},"_links":{"self":[{"href":"https:\/\/ecosupplements.ch\/index.php?rest_route=\/wp\/v2\/product\/6750","targetHints":{"allow":["GET"]}}],"collection":[{"href":"https:\/\/ecosupplements.ch\/index.php?rest_route=\/wp\/v2\/product"}],"about":[{"href":"https:\/\/ecosupplements.ch\/index.php?rest_route=\/wp\/v2\/types\/product"}],"replies":[{"embeddable":true,"href":"https:\/\/ecosupplements.ch\/index.php?rest_route=%2Fwp%2Fv2%2Fcomments&post=6750"}],"wp:featuredmedia":[{"embeddable":true,"href":"https:\/\/ecosupplements.ch\/index.php?rest_route=\/wp\/v2\/media\/6751"}],"wp:attachment":[{"href":"https:\/\/ecosupplements.ch\/index.php?rest_route=%2Fwp%2Fv2%2Fmedia&parent=6750"}],"wp:term":[{"taxonomy":"product_brand","embeddable":true,"href":"https:\/\/ecosupplements.ch\/index.php?rest_route=%2Fwp%2Fv2%2Fproduct_brand&post=6750"},{"taxonomy":"product_cat","embeddable":true,"href":"https:\/\/ecosupplements.ch\/index.php?rest_route=%2Fwp%2Fv2%2Fproduct_cat&post=6750"},{"taxonomy":"product_tag","embeddable":true,"href":"https:\/\/ecosupplements.ch\/index.php?rest_route=%2Fwp%2Fv2%2Fproduct_tag&post=6750"}],"curies":[{"name":"wp","href":"https:\/\/api.w.org\/{rel}","templated":true}]}}