{"id":6792,"date":"2026-05-11T15:17:34","date_gmt":"2026-05-11T15:17:34","guid":{"rendered":"https:\/\/ecosupplements.ch\/?product=yango-hericium-40-beta-glucan-90-caps"},"modified":"2026-05-13T07:28:53","modified_gmt":"2026-05-13T07:28:53","slug":"yango-hericium-40-beta-glucan-90-caps","status":"publish","type":"product","link":"https:\/\/ecosupplements.ch\/?product=yango-hericium-40-beta-glucan-90-caps","title":{"rendered":"YANGO Hericium &#8211; 40% Beta-glucan (90 caps)"},"content":{"rendered":"<div class=\"chcg-product-description\">\n<h2 class=\"chcg-heading\">\u00dcber Yango \u2013 YANGO Hericium \u2013 40% Beta-glucan (90 Kapseln)<\/h2>\n<div class=\"chcg-intro\">\n<p>YANGO Hericium liefert einen hochwertigen Extrakt aus dem Igelstachelbart-Pilz (<em>Hericium erinaceus<\/em>), standardisiert auf einen Gehalt von 40% Beta-1,3\/1,6-D-Glucan. Mit 530 mg Extrakt pro Kapsel \u2013 und 1060 mg bei der empfohlenen Tagesdosis \u2013 bietet dieses Pr\u00e4parat eine der konzentriertesten Formulierungen auf dem Markt, ideal f\u00fcr alle, die Wert auf eine pr\u00e4zise und zuverl\u00e4ssige Zufuhr legen.<\/p>\n<p>Beta-Glucane sind nat\u00fcrlich vorkommende Polysaccharide, die in Pilzen in besonders hoher Konzentration vorkommen. Yango setzt auf einen sorgf\u00e4ltig standardisierten Extrakt, um eine gleichbleibende Qualit\u00e4t und Wirkstoffmenge in jeder Kapsel zu gew\u00e4hrleisten. Die Kapselh\u00fclle besteht aus pflanzlicher Zellulose und ist damit f\u00fcr Veganer und Vegetarier geeignet.<\/p>\n<p>Mit 90 Kapseln pro Packung bietet YANGO Hericium einen Vorrat von 45 Tagen bei der empfohlenen Tagesdosis von 2 Kapseln. Das Pr\u00e4parat ist einfach in den Alltag zu integrieren und wurde nach h\u00f6chsten Qualit\u00e4tsstandards hergestellt.<\/p>\n<\/p><\/div>\n<div class=\"chcg-nutrition\">\n<h3>N\u00e4hrwertangaben<\/h3>\n<table class=\"chcg-nutrition-table\">\n<thead>\n<tr>\n<th>N\u00e4hrstoff<\/th>\n<th>Pro 1 Kapsel<\/th>\n<th>Pro 2 Kapseln<\/th>\n<\/tr>\n<\/thead>\n<tbody>\n<tr>\n<td>Hericium-Extrakt (<em>Hericium erinaceus<\/em>)<\/td>\n<td>530 mg<\/td>\n<td>1060 mg<\/td>\n<\/tr>\n<tr>\n<td>\u2013 davon Beta-1,3\/1,6-D-Glucan (40%)<\/td>\n<td>212 mg<\/td>\n<td>424 mg<\/td>\n<\/tr>\n<\/tbody>\n<\/table>\n<p class=\"chcg-footnote\">* Kein festgelegter Tagesbedarf.<\/p>\n<\/p><\/div>\n<div class=\"chcg-ingredients\">\n<h3>Zutaten<\/h3>\n<p>Igelstachelbart-Pilzextrakt (<em>Hericium erinaceus<\/em>), standardisiert auf 40% Beta-1,3\/1,6-D-Glucan.<\/p>\n<p class=\"chcg-capsule-shell\">Kapselh\u00fclle: Pflanzliche Zellulose (vegetarisch).<\/p>\n<\/p><\/div>\n<div class=\"chcg-dosage\">\n<h3>Verzehrempfehlung<\/h3>\n<p>1 Kapsel zweimal t\u00e4glich. Die Kapsel mit einer grossen Menge Wasser nach einer Mahlzeit schlucken.<\/p>\n<\/p><\/div>\n<div class=\"chcg-warnings\">\n<h3>Warnhinweise<\/h3>\n<p>Die empfohlene Tagesdosis nicht \u00fcberschreiten. Nahrungserg\u00e4nzungsmittel sind kein Ersatz f\u00fcr eine abwechslungsreiche Ern\u00e4hrung und einen gesunden Lebensstil. Personen, die Medikamente einnehmen, sollten vor der Verwendung einen Arzt oder Apotheker konsultieren. Nicht empfohlen f\u00fcr Kinder, Schwangere oder stillende Frauen.<\/p>\n<\/p><\/div>\n<div class=\"chcg-allergens\">\n<h3>Allergeninformationen<\/h3>\n<p>Keine Allergene auf dem Etikett deklariert.<\/p>\n<\/p><\/div>\n<div class=\"chcg-storage\">\n<h3>Lagerung<\/h3>\n<p>An einem dunklen und trockenen Ort bei Raumtemperatur lagern, ausserhalb der Reichweite von Kleinkindern aufbewahren.<\/p>\n<\/p><\/div>\n<div class=\"chcg-dietary\">\n<h3>Ern\u00e4hrungshinweise<\/h3>\n<ul>\n<li>Vegan<\/li>\n<li>Vegetarisch<\/li>\n<\/ul><\/div>\n<\/div>\n","protected":false},"excerpt":{"rendered":"<p>YANGO Hericium liefert 1060 mg Igelstachelbart-Extrakt pro Tag, standardisiert auf 40% Beta-1,3\/1,6-D-Glucan. 90 vegane Kapseln pro Packung \u2013 ausreichend f\u00fcr 45 Tage.<\/p>\n","protected":false},"featured_media":6793,"comment_status":"closed","ping_status":"open","template":"","meta":[],"product_brand":[365],"product_cat":[34,116,25,21],"product_tag":[],"class_list":{"0":"post-6792","1":"product","2":"type-product","3":"status-publish","4":"has-post-thumbnail","6":"product_brand-yango","7":"product_cat-antioxidantien","8":"product_cat-ashwagandha","9":"product_cat-gesundheit-und-wohlbefinden","10":"product_cat-vitamine-und-mineralstoffe","12":"first","13":"outofstock","14":"taxable","15":"shipping-taxable","16":"purchasable","17":"product-type-simple"},"yoast_head":"<!-- This site is optimized with the Yoast SEO plugin v27.5 - https:\/\/yoast.com\/product\/yoast-seo-wordpress\/ -->\n<title>YANGO Hericium 40% Beta-glucan 90 Kapseln | ecosupplements.ch<\/title>\n<meta name=\"description\" content=\"Hericium-Extrakt mit 40% Beta-Glucan \u2013 1060 mg pro Tagesdosis in veganen Kapseln. 90 Kapseln f\u00fcr 45 Tage. Jetzt bestellen.\" \/>\n<meta name=\"robots\" content=\"index, follow, max-snippet:-1, max-image-preview:large, max-video-preview:-1\" \/>\n<link rel=\"canonical\" href=\"https:\/\/ecosupplements.ch\/?product=yango-hericium-40-beta-glucan-90-caps\" \/>\n<meta property=\"og:locale\" content=\"de_DE\" \/>\n<meta property=\"og:type\" content=\"article\" \/>\n<meta property=\"og:title\" content=\"YANGO Hericium 40% Beta-glucan 90 Kapseln | ecosupplements.ch\" \/>\n<meta property=\"og:description\" content=\"Hericium-Extrakt mit 40% Beta-Glucan \u2013 1060 mg pro Tagesdosis in veganen Kapseln. 90 Kapseln f\u00fcr 45 Tage. Jetzt bestellen.\" \/>\n<meta property=\"og:url\" content=\"https:\/\/ecosupplements.ch\/?product=yango-hericium-40-beta-glucan-90-caps\" \/>\n<meta property=\"og:site_name\" content=\"Eco Supplements\" \/>\n<meta property=\"article:modified_time\" content=\"2026-05-13T07:28:53+00:00\" \/>\n<meta property=\"og:image\" content=\"https:\/\/ecosupplements.ch\/wp-content\/uploads\/2026\/05\/YANGO-Hericium-40-Beta-glucan-90-caps.jpg\" \/>\n\t<meta property=\"og:image:width\" content=\"800\" \/>\n\t<meta property=\"og:image:height\" content=\"800\" \/>\n\t<meta property=\"og:image:type\" content=\"image\/jpeg\" \/>\n<meta name=\"twitter:card\" content=\"summary_large_image\" \/>\n<meta name=\"twitter:label1\" content=\"Price\" \/>\n\t<meta name=\"twitter:data1\" content=\"&#067;&#072;&#070;&nbsp;27.43\" \/>\n\t<meta name=\"twitter:label2\" content=\"Availability\" \/>\n\t<meta name=\"twitter:data2\" content=\"Out of stock\" \/>\n<script type=\"application\/ld+json\" class=\"yoast-schema-graph\">{\"@context\":\"https:\\\/\\\/schema.org\",\"@graph\":[{\"@type\":\"WebPage\",\"@id\":\"https:\\\/\\\/ecosupplements.ch\\\/?product=yango-hericium-40-beta-glucan-90-caps\",\"url\":\"https:\\\/\\\/ecosupplements.ch\\\/?product=yango-hericium-40-beta-glucan-90-caps\",\"name\":\"YANGO Hericium 40% Beta-glucan 90 Kapseln | ecosupplements.ch\",\"isPartOf\":{\"@id\":\"https:\\\/\\\/ecosupplements.ch\\\/#website\"},\"primaryImageOfPage\":{\"@id\":\"https:\\\/\\\/ecosupplements.ch\\\/?product=yango-hericium-40-beta-glucan-90-caps#primaryimage\"},\"image\":{\"@id\":\"https:\\\/\\\/ecosupplements.ch\\\/?product=yango-hericium-40-beta-glucan-90-caps#primaryimage\"},\"thumbnailUrl\":\"https:\\\/\\\/ecosupplements.ch\\\/wp-content\\\/uploads\\\/2026\\\/05\\\/YANGO-Hericium-40-Beta-glucan-90-caps.jpg\",\"datePublished\":\"2026-05-11T15:17:34+00:00\",\"dateModified\":\"2026-05-13T07:28:53+00:00\",\"description\":\"Hericium-Extrakt mit 40% Beta-Glucan \u2013 1060 mg pro Tagesdosis in veganen Kapseln. 90 Kapseln f\u00fcr 45 Tage. Jetzt bestellen.\",\"breadcrumb\":{\"@id\":\"https:\\\/\\\/ecosupplements.ch\\\/?product=yango-hericium-40-beta-glucan-90-caps#breadcrumb\"},\"inLanguage\":\"de-CH\",\"potentialAction\":[{\"@type\":\"ReadAction\",\"target\":[\"https:\\\/\\\/ecosupplements.ch\\\/?product=yango-hericium-40-beta-glucan-90-caps\"]}]},{\"@type\":\"ImageObject\",\"inLanguage\":\"de-CH\",\"@id\":\"https:\\\/\\\/ecosupplements.ch\\\/?product=yango-hericium-40-beta-glucan-90-caps#primaryimage\",\"url\":\"https:\\\/\\\/ecosupplements.ch\\\/wp-content\\\/uploads\\\/2026\\\/05\\\/YANGO-Hericium-40-Beta-glucan-90-caps.jpg\",\"contentUrl\":\"https:\\\/\\\/ecosupplements.ch\\\/wp-content\\\/uploads\\\/2026\\\/05\\\/YANGO-Hericium-40-Beta-glucan-90-caps.jpg\",\"width\":800,\"height\":800,\"caption\":\"YANGO Hericium - 40% Beta-glucan (90 caps)\"},{\"@type\":\"BreadcrumbList\",\"@id\":\"https:\\\/\\\/ecosupplements.ch\\\/?product=yango-hericium-40-beta-glucan-90-caps#breadcrumb\",\"itemListElement\":[{\"@type\":\"ListItem\",\"position\":1,\"name\":\"Home\",\"item\":\"https:\\\/\\\/ecosupplements.ch\\\/\"},{\"@type\":\"ListItem\",\"position\":2,\"name\":\"Shop\",\"item\":\"https:\\\/\\\/ecosupplements.ch\\\/?page_id=14\"},{\"@type\":\"ListItem\",\"position\":3,\"name\":\"YANGO Hericium &#8211; 40% Beta-glucan (90 caps)\"}]},{\"@type\":\"WebSite\",\"@id\":\"https:\\\/\\\/ecosupplements.ch\\\/#website\",\"url\":\"https:\\\/\\\/ecosupplements.ch\\\/\",\"name\":\"Eco Supplements\",\"description\":\"\",\"potentialAction\":[{\"@type\":\"SearchAction\",\"target\":{\"@type\":\"EntryPoint\",\"urlTemplate\":\"https:\\\/\\\/ecosupplements.ch\\\/?s={search_term_string}\"},\"query-input\":{\"@type\":\"PropertyValueSpecification\",\"valueRequired\":true,\"valueName\":\"search_term_string\"}}],\"inLanguage\":\"de-CH\"}]}<\/script>\n<meta property=\"product:price:amount\" content=\"27.43\" \/>\n<meta property=\"product:price:currency\" content=\"CHF\" \/>\n<meta property=\"og:availability\" content=\"out of stock\" \/>\n<meta property=\"product:availability\" content=\"out of stock\" \/>\n<meta property=\"product:retailer_item_id\" content=\"5904194060435\" \/>\n<meta property=\"product:condition\" content=\"new\" \/>\n<!-- \/ Yoast SEO plugin. -->","yoast_head_json":{"title":"YANGO Hericium 40% Beta-glucan 90 Kapseln | ecosupplements.ch","description":"Hericium-Extrakt mit 40% Beta-Glucan \u2013 1060 mg pro Tagesdosis in veganen Kapseln. 90 Kapseln f\u00fcr 45 Tage. Jetzt bestellen.","robots":{"index":"index","follow":"follow","max-snippet":"max-snippet:-1","max-image-preview":"max-image-preview:large","max-video-preview":"max-video-preview:-1"},"canonical":"https:\/\/ecosupplements.ch\/?product=yango-hericium-40-beta-glucan-90-caps","og_locale":"de_DE","og_type":"article","og_title":"YANGO Hericium 40% Beta-glucan 90 Kapseln | ecosupplements.ch","og_description":"Hericium-Extrakt mit 40% Beta-Glucan \u2013 1060 mg pro Tagesdosis in veganen Kapseln. 90 Kapseln f\u00fcr 45 Tage. Jetzt bestellen.","og_url":"https:\/\/ecosupplements.ch\/?product=yango-hericium-40-beta-glucan-90-caps","og_site_name":"Eco Supplements","article_modified_time":"2026-05-13T07:28:53+00:00","og_image":[{"width":800,"height":800,"url":"https:\/\/ecosupplements.ch\/wp-content\/uploads\/2026\/05\/YANGO-Hericium-40-Beta-glucan-90-caps.jpg","type":"image\/jpeg"}],"twitter_card":"summary_large_image","twitter_misc":{"Price":"&#67;&#72;&#70;&nbsp;27.43","Availability":"Out of stock"},"schema":{"@context":"https:\/\/schema.org","@graph":[{"@type":"WebPage","@id":"https:\/\/ecosupplements.ch\/?product=yango-hericium-40-beta-glucan-90-caps","url":"https:\/\/ecosupplements.ch\/?product=yango-hericium-40-beta-glucan-90-caps","name":"YANGO Hericium 40% Beta-glucan 90 Kapseln | ecosupplements.ch","isPartOf":{"@id":"https:\/\/ecosupplements.ch\/#website"},"primaryImageOfPage":{"@id":"https:\/\/ecosupplements.ch\/?product=yango-hericium-40-beta-glucan-90-caps#primaryimage"},"image":{"@id":"https:\/\/ecosupplements.ch\/?product=yango-hericium-40-beta-glucan-90-caps#primaryimage"},"thumbnailUrl":"https:\/\/ecosupplements.ch\/wp-content\/uploads\/2026\/05\/YANGO-Hericium-40-Beta-glucan-90-caps.jpg","datePublished":"2026-05-11T15:17:34+00:00","dateModified":"2026-05-13T07:28:53+00:00","description":"Hericium-Extrakt mit 40% Beta-Glucan \u2013 1060 mg pro Tagesdosis in veganen Kapseln. 90 Kapseln f\u00fcr 45 Tage. Jetzt bestellen.","breadcrumb":{"@id":"https:\/\/ecosupplements.ch\/?product=yango-hericium-40-beta-glucan-90-caps#breadcrumb"},"inLanguage":"de-CH","potentialAction":[{"@type":"ReadAction","target":["https:\/\/ecosupplements.ch\/?product=yango-hericium-40-beta-glucan-90-caps"]}]},{"@type":"ImageObject","inLanguage":"de-CH","@id":"https:\/\/ecosupplements.ch\/?product=yango-hericium-40-beta-glucan-90-caps#primaryimage","url":"https:\/\/ecosupplements.ch\/wp-content\/uploads\/2026\/05\/YANGO-Hericium-40-Beta-glucan-90-caps.jpg","contentUrl":"https:\/\/ecosupplements.ch\/wp-content\/uploads\/2026\/05\/YANGO-Hericium-40-Beta-glucan-90-caps.jpg","width":800,"height":800,"caption":"YANGO Hericium - 40% Beta-glucan (90 caps)"},{"@type":"BreadcrumbList","@id":"https:\/\/ecosupplements.ch\/?product=yango-hericium-40-beta-glucan-90-caps#breadcrumb","itemListElement":[{"@type":"ListItem","position":1,"name":"Home","item":"https:\/\/ecosupplements.ch\/"},{"@type":"ListItem","position":2,"name":"Shop","item":"https:\/\/ecosupplements.ch\/?page_id=14"},{"@type":"ListItem","position":3,"name":"YANGO Hericium &#8211; 40% Beta-glucan (90 caps)"}]},{"@type":"WebSite","@id":"https:\/\/ecosupplements.ch\/#website","url":"https:\/\/ecosupplements.ch\/","name":"Eco Supplements","description":"","potentialAction":[{"@type":"SearchAction","target":{"@type":"EntryPoint","urlTemplate":"https:\/\/ecosupplements.ch\/?s={search_term_string}"},"query-input":{"@type":"PropertyValueSpecification","valueRequired":true,"valueName":"search_term_string"}}],"inLanguage":"de-CH"}]},"product_price_amount":"27.43","product_price_currency":"CHF","og_availability":"out of stock","product_availability":"out of stock","product_retailer_item_id":"5904194060435","product_condition":"new"},"_links":{"self":[{"href":"https:\/\/ecosupplements.ch\/index.php?rest_route=\/wp\/v2\/product\/6792","targetHints":{"allow":["GET"]}}],"collection":[{"href":"https:\/\/ecosupplements.ch\/index.php?rest_route=\/wp\/v2\/product"}],"about":[{"href":"https:\/\/ecosupplements.ch\/index.php?rest_route=\/wp\/v2\/types\/product"}],"replies":[{"embeddable":true,"href":"https:\/\/ecosupplements.ch\/index.php?rest_route=%2Fwp%2Fv2%2Fcomments&post=6792"}],"wp:featuredmedia":[{"embeddable":true,"href":"https:\/\/ecosupplements.ch\/index.php?rest_route=\/wp\/v2\/media\/6793"}],"wp:attachment":[{"href":"https:\/\/ecosupplements.ch\/index.php?rest_route=%2Fwp%2Fv2%2Fmedia&parent=6792"}],"wp:term":[{"taxonomy":"product_brand","embeddable":true,"href":"https:\/\/ecosupplements.ch\/index.php?rest_route=%2Fwp%2Fv2%2Fproduct_brand&post=6792"},{"taxonomy":"product_cat","embeddable":true,"href":"https:\/\/ecosupplements.ch\/index.php?rest_route=%2Fwp%2Fv2%2Fproduct_cat&post=6792"},{"taxonomy":"product_tag","embeddable":true,"href":"https:\/\/ecosupplements.ch\/index.php?rest_route=%2Fwp%2Fv2%2Fproduct_tag&post=6792"}],"curies":[{"name":"wp","href":"https:\/\/api.w.org\/{rel}","templated":true}]}}