{"id":6804,"date":"2026-05-11T15:17:39","date_gmt":"2026-05-11T15:17:39","guid":{"rendered":"https:\/\/ecosupplements.ch\/?product=yango-creatine-100-caps"},"modified":"2026-05-13T07:28:54","modified_gmt":"2026-05-13T07:28:54","slug":"yango-creatine-100-caps","status":"publish","type":"product","link":"https:\/\/ecosupplements.ch\/?product=yango-creatine-100-caps","title":{"rendered":"YANGO Creatine (100 caps.)"},"content":{"rendered":"<div class=\"chcg-product-description\">\n<h2 class=\"chcg-heading\">\u00dcber YANGO \u2013 Creatine (100 Kapseln)<\/h2>\n<div class=\"chcg-intro\">\n<p>Creatin-Monohydrat geh\u00f6rt zu den am besten erforschten Wirkstoffen im Bereich der Sportern\u00e4hrung. YANGO Creatine liefert pro Tagesportion (4 Kapseln) 2200 mg Creatin-Monohydrat, was einem Reinheitsgehalt von 87,7 % Creatin entspricht \u2013 insgesamt 1929 mg reines Creatin pro Tag. Die praktische Kapselform erm\u00f6glicht eine unkomplizierte und pr\u00e4zise Dosierung, ganz ohne Abwiegen oder Anr\u00fchren.<\/p>\n<p>Das Produkt ist in pflanzliche Zellulose-Kapseln abgef\u00fcllt und damit sowohl f\u00fcr Veganer als auch f\u00fcr Vegetarier geeignet. Es enth\u00e4lt keine unn\u00f6tigen Zusatzstoffe \u2013 einziger Wirkstoff ist das bew\u00e4hrte Creatin-Monohydrat. YANGO Creatine eignet sich f\u00fcr alle, die ihren aktiven Lebensstil gezielt unterst\u00fctzen m\u00f6chten.<\/p>\n<p>Mit 100 Kapseln pro Packung deckt dieses Pr\u00e4parat bei empfohlener Tagesdosierung einen Vorrat von 25 Tagen ab. Die kompakte Verpackung l\u00e4sst sich problemlos zu Hause oder unterwegs aufbewahren.<\/p>\n<\/p><\/div>\n<div class=\"chcg-nutrition\">\n<h3>N\u00e4hrwertangaben<\/h3>\n<table class=\"chcg-nutrition-table\">\n<thead>\n<tr>\n<th>N\u00e4hrstoff<\/th>\n<th>Pro 1 Kapsel<\/th>\n<th>Pro 4 Kapseln<\/th>\n<\/tr>\n<\/thead>\n<tbody>\n<tr>\n<td>Creatin-Monohydrat<\/td>\n<td>550 mg<\/td>\n<td>2200 mg<\/td>\n<\/tr>\n<tr>\n<td>\u2013 davon Creatin (87,7 %)<\/td>\n<td>482 mg<\/td>\n<td>1929 mg<\/td>\n<\/tr>\n<\/tbody>\n<\/table>\n<p class=\"chcg-footnote\">* Kein festgelegter Tagesreferenzwert.<\/p>\n<\/p><\/div>\n<div class=\"chcg-ingredients\">\n<h3>Zutaten<\/h3>\n<p>Wirkstoff: Creatin-Monohydrat (Creatin).<\/p>\n<p class=\"chcg-capsule-shell\">Kapselh\u00fclle: pflanzliche Zellulose.<\/p>\n<\/p><\/div>\n<div class=\"chcg-dosage\">\n<h3>Verzehrempfehlung<\/h3>\n<p>2 Kapseln zweimal t\u00e4glich. Die Kapseln mit einer grossen Menge Wasser, zu oder nach einer Mahlzeit, schlucken.<\/p>\n<\/p><\/div>\n<div class=\"chcg-warnings\">\n<h3>Warnhinweise<\/h3>\n<p>Die empfohlene Tagesdosierung nicht \u00fcberschreiten. Dieses Nahrungserg\u00e4nzungsmittel kann nicht als Ersatz f\u00fcr eine abwechslungsreiche Ern\u00e4hrung und einen gesunden Lebensstil verwendet werden. Personen, die Medikamente einnehmen, sollten vor der Verwendung einen Arzt oder Apotheker konsultieren. Nicht empfohlen f\u00fcr Kinder, Schwangere oder stillende Frauen.<\/p>\n<\/p><\/div>\n<div class=\"chcg-allergens\">\n<h3>Allergeninformationen<\/h3>\n<p>Auf dem Etikett sind keine Allergene deklariert.<\/p>\n<\/p><\/div>\n<div class=\"chcg-storage\">\n<h3>Lagerung<\/h3>\n<p>An einem trockenen und dunklen Ort bei Raumtemperatur lagern. Ausserhalb der Reichweite von kleinen Kindern aufbewahren.<\/p>\n<\/p><\/div>\n<div class=\"chcg-dietary\">\n<h3>Ern\u00e4hrungshinweise<\/h3>\n<ul>\n<li>Vegan<\/li>\n<li>Vegetarisch<\/li>\n<\/ul><\/div>\n<\/div>\n","protected":false},"excerpt":{"rendered":"<p>YANGO Creatine liefert 2200 mg Creatin-Monohydrat pro Tagesdosierung in praktischen pflanzlichen Kapseln. Packungsinhalt: 100 Kapseln. Geeignet f\u00fcr Veganer und Vegetarier.<\/p>\n","protected":false},"featured_media":6805,"comment_status":"closed","ping_status":"open","template":"","meta":[],"product_brand":[365],"product_cat":[90,70],"product_tag":[],"class_list":{"0":"post-6804","1":"product","2":"type-product","3":"status-publish","4":"has-post-thumbnail","6":"product_brand-yango","7":"product_cat-fitness-training","8":"product_cat-kreatinpraeparate","10":"first","11":"outofstock","12":"taxable","13":"shipping-taxable","14":"purchasable","15":"product-type-simple"},"yoast_head":"<!-- This site is optimized with the Yoast SEO plugin v27.5 - https:\/\/yoast.com\/product\/yoast-seo-wordpress\/ -->\n<title>YANGO Creatine 100 Kapseln | ecosupplements.ch<\/title>\n<meta name=\"description\" content=\"YANGO Creatine liefert 2200 mg Creatin-Monohydrat pro Tag in veganen Kapseln \u2013 einfach dosiert, ohne Zusatzstoffe. Jetzt bestellen.\" \/>\n<meta name=\"robots\" content=\"index, follow, max-snippet:-1, max-image-preview:large, max-video-preview:-1\" \/>\n<link rel=\"canonical\" href=\"https:\/\/ecosupplements.ch\/?product=yango-creatine-100-caps\" \/>\n<meta property=\"og:locale\" content=\"de_DE\" \/>\n<meta property=\"og:type\" content=\"article\" \/>\n<meta property=\"og:title\" content=\"YANGO Creatine 100 Kapseln | ecosupplements.ch\" \/>\n<meta property=\"og:description\" content=\"YANGO Creatine liefert 2200 mg Creatin-Monohydrat pro Tag in veganen Kapseln \u2013 einfach dosiert, ohne Zusatzstoffe. Jetzt bestellen.\" \/>\n<meta property=\"og:url\" content=\"https:\/\/ecosupplements.ch\/?product=yango-creatine-100-caps\" \/>\n<meta property=\"og:site_name\" content=\"Eco Supplements\" \/>\n<meta property=\"article:modified_time\" content=\"2026-05-13T07:28:54+00:00\" \/>\n<meta property=\"og:image\" content=\"https:\/\/ecosupplements.ch\/wp-content\/uploads\/2026\/05\/YANGO-Creatine-100-caps.jpg\" \/>\n\t<meta property=\"og:image:width\" content=\"586\" \/>\n\t<meta property=\"og:image:height\" content=\"707\" \/>\n\t<meta property=\"og:image:type\" content=\"image\/jpeg\" \/>\n<meta name=\"twitter:card\" content=\"summary_large_image\" \/>\n<meta name=\"twitter:label1\" content=\"Price\" \/>\n\t<meta name=\"twitter:data1\" content=\"&#067;&#072;&#070;&nbsp;9.10\" \/>\n\t<meta name=\"twitter:label2\" content=\"Availability\" \/>\n\t<meta name=\"twitter:data2\" content=\"Out of stock\" \/>\n<script type=\"application\/ld+json\" class=\"yoast-schema-graph\">{\"@context\":\"https:\\\/\\\/schema.org\",\"@graph\":[{\"@type\":\"WebPage\",\"@id\":\"https:\\\/\\\/ecosupplements.ch\\\/?product=yango-creatine-100-caps\",\"url\":\"https:\\\/\\\/ecosupplements.ch\\\/?product=yango-creatine-100-caps\",\"name\":\"YANGO Creatine 100 Kapseln | ecosupplements.ch\",\"isPartOf\":{\"@id\":\"https:\\\/\\\/ecosupplements.ch\\\/#website\"},\"primaryImageOfPage\":{\"@id\":\"https:\\\/\\\/ecosupplements.ch\\\/?product=yango-creatine-100-caps#primaryimage\"},\"image\":{\"@id\":\"https:\\\/\\\/ecosupplements.ch\\\/?product=yango-creatine-100-caps#primaryimage\"},\"thumbnailUrl\":\"https:\\\/\\\/ecosupplements.ch\\\/wp-content\\\/uploads\\\/2026\\\/05\\\/YANGO-Creatine-100-caps.jpg\",\"datePublished\":\"2026-05-11T15:17:39+00:00\",\"dateModified\":\"2026-05-13T07:28:54+00:00\",\"description\":\"YANGO Creatine liefert 2200 mg Creatin-Monohydrat pro Tag in veganen Kapseln \u2013 einfach dosiert, ohne Zusatzstoffe. Jetzt bestellen.\",\"breadcrumb\":{\"@id\":\"https:\\\/\\\/ecosupplements.ch\\\/?product=yango-creatine-100-caps#breadcrumb\"},\"inLanguage\":\"de-CH\",\"potentialAction\":[{\"@type\":\"ReadAction\",\"target\":[\"https:\\\/\\\/ecosupplements.ch\\\/?product=yango-creatine-100-caps\"]}]},{\"@type\":\"ImageObject\",\"inLanguage\":\"de-CH\",\"@id\":\"https:\\\/\\\/ecosupplements.ch\\\/?product=yango-creatine-100-caps#primaryimage\",\"url\":\"https:\\\/\\\/ecosupplements.ch\\\/wp-content\\\/uploads\\\/2026\\\/05\\\/YANGO-Creatine-100-caps.jpg\",\"contentUrl\":\"https:\\\/\\\/ecosupplements.ch\\\/wp-content\\\/uploads\\\/2026\\\/05\\\/YANGO-Creatine-100-caps.jpg\",\"width\":586,\"height\":707,\"caption\":\"YANGO Creatine (100 caps.)\"},{\"@type\":\"BreadcrumbList\",\"@id\":\"https:\\\/\\\/ecosupplements.ch\\\/?product=yango-creatine-100-caps#breadcrumb\",\"itemListElement\":[{\"@type\":\"ListItem\",\"position\":1,\"name\":\"Home\",\"item\":\"https:\\\/\\\/ecosupplements.ch\\\/\"},{\"@type\":\"ListItem\",\"position\":2,\"name\":\"Shop\",\"item\":\"https:\\\/\\\/ecosupplements.ch\\\/?page_id=14\"},{\"@type\":\"ListItem\",\"position\":3,\"name\":\"YANGO Creatine (100 caps.)\"}]},{\"@type\":\"WebSite\",\"@id\":\"https:\\\/\\\/ecosupplements.ch\\\/#website\",\"url\":\"https:\\\/\\\/ecosupplements.ch\\\/\",\"name\":\"Eco Supplements\",\"description\":\"\",\"potentialAction\":[{\"@type\":\"SearchAction\",\"target\":{\"@type\":\"EntryPoint\",\"urlTemplate\":\"https:\\\/\\\/ecosupplements.ch\\\/?s={search_term_string}\"},\"query-input\":{\"@type\":\"PropertyValueSpecification\",\"valueRequired\":true,\"valueName\":\"search_term_string\"}}],\"inLanguage\":\"de-CH\"}]}<\/script>\n<meta property=\"product:price:amount\" content=\"9.10\" \/>\n<meta property=\"product:price:currency\" content=\"CHF\" \/>\n<meta property=\"og:availability\" content=\"out of stock\" \/>\n<meta property=\"product:availability\" content=\"out of stock\" \/>\n<meta property=\"product:retailer_item_id\" content=\"5904194063870\" \/>\n<meta property=\"product:condition\" content=\"new\" \/>\n<!-- \/ Yoast SEO plugin. -->","yoast_head_json":{"title":"YANGO Creatine 100 Kapseln | ecosupplements.ch","description":"YANGO Creatine liefert 2200 mg Creatin-Monohydrat pro Tag in veganen Kapseln \u2013 einfach dosiert, ohne Zusatzstoffe. Jetzt bestellen.","robots":{"index":"index","follow":"follow","max-snippet":"max-snippet:-1","max-image-preview":"max-image-preview:large","max-video-preview":"max-video-preview:-1"},"canonical":"https:\/\/ecosupplements.ch\/?product=yango-creatine-100-caps","og_locale":"de_DE","og_type":"article","og_title":"YANGO Creatine 100 Kapseln | ecosupplements.ch","og_description":"YANGO Creatine liefert 2200 mg Creatin-Monohydrat pro Tag in veganen Kapseln \u2013 einfach dosiert, ohne Zusatzstoffe. Jetzt bestellen.","og_url":"https:\/\/ecosupplements.ch\/?product=yango-creatine-100-caps","og_site_name":"Eco Supplements","article_modified_time":"2026-05-13T07:28:54+00:00","og_image":[{"width":586,"height":707,"url":"https:\/\/ecosupplements.ch\/wp-content\/uploads\/2026\/05\/YANGO-Creatine-100-caps.jpg","type":"image\/jpeg"}],"twitter_card":"summary_large_image","twitter_misc":{"Price":"&#67;&#72;&#70;&nbsp;9.10","Availability":"Out of stock"},"schema":{"@context":"https:\/\/schema.org","@graph":[{"@type":"WebPage","@id":"https:\/\/ecosupplements.ch\/?product=yango-creatine-100-caps","url":"https:\/\/ecosupplements.ch\/?product=yango-creatine-100-caps","name":"YANGO Creatine 100 Kapseln | ecosupplements.ch","isPartOf":{"@id":"https:\/\/ecosupplements.ch\/#website"},"primaryImageOfPage":{"@id":"https:\/\/ecosupplements.ch\/?product=yango-creatine-100-caps#primaryimage"},"image":{"@id":"https:\/\/ecosupplements.ch\/?product=yango-creatine-100-caps#primaryimage"},"thumbnailUrl":"https:\/\/ecosupplements.ch\/wp-content\/uploads\/2026\/05\/YANGO-Creatine-100-caps.jpg","datePublished":"2026-05-11T15:17:39+00:00","dateModified":"2026-05-13T07:28:54+00:00","description":"YANGO Creatine liefert 2200 mg Creatin-Monohydrat pro Tag in veganen Kapseln \u2013 einfach dosiert, ohne Zusatzstoffe. Jetzt bestellen.","breadcrumb":{"@id":"https:\/\/ecosupplements.ch\/?product=yango-creatine-100-caps#breadcrumb"},"inLanguage":"de-CH","potentialAction":[{"@type":"ReadAction","target":["https:\/\/ecosupplements.ch\/?product=yango-creatine-100-caps"]}]},{"@type":"ImageObject","inLanguage":"de-CH","@id":"https:\/\/ecosupplements.ch\/?product=yango-creatine-100-caps#primaryimage","url":"https:\/\/ecosupplements.ch\/wp-content\/uploads\/2026\/05\/YANGO-Creatine-100-caps.jpg","contentUrl":"https:\/\/ecosupplements.ch\/wp-content\/uploads\/2026\/05\/YANGO-Creatine-100-caps.jpg","width":586,"height":707,"caption":"YANGO Creatine (100 caps.)"},{"@type":"BreadcrumbList","@id":"https:\/\/ecosupplements.ch\/?product=yango-creatine-100-caps#breadcrumb","itemListElement":[{"@type":"ListItem","position":1,"name":"Home","item":"https:\/\/ecosupplements.ch\/"},{"@type":"ListItem","position":2,"name":"Shop","item":"https:\/\/ecosupplements.ch\/?page_id=14"},{"@type":"ListItem","position":3,"name":"YANGO Creatine (100 caps.)"}]},{"@type":"WebSite","@id":"https:\/\/ecosupplements.ch\/#website","url":"https:\/\/ecosupplements.ch\/","name":"Eco Supplements","description":"","potentialAction":[{"@type":"SearchAction","target":{"@type":"EntryPoint","urlTemplate":"https:\/\/ecosupplements.ch\/?s={search_term_string}"},"query-input":{"@type":"PropertyValueSpecification","valueRequired":true,"valueName":"search_term_string"}}],"inLanguage":"de-CH"}]},"product_price_amount":"9.10","product_price_currency":"CHF","og_availability":"out of stock","product_availability":"out of stock","product_retailer_item_id":"5904194063870","product_condition":"new"},"_links":{"self":[{"href":"https:\/\/ecosupplements.ch\/index.php?rest_route=\/wp\/v2\/product\/6804","targetHints":{"allow":["GET"]}}],"collection":[{"href":"https:\/\/ecosupplements.ch\/index.php?rest_route=\/wp\/v2\/product"}],"about":[{"href":"https:\/\/ecosupplements.ch\/index.php?rest_route=\/wp\/v2\/types\/product"}],"replies":[{"embeddable":true,"href":"https:\/\/ecosupplements.ch\/index.php?rest_route=%2Fwp%2Fv2%2Fcomments&post=6804"}],"wp:featuredmedia":[{"embeddable":true,"href":"https:\/\/ecosupplements.ch\/index.php?rest_route=\/wp\/v2\/media\/6805"}],"wp:attachment":[{"href":"https:\/\/ecosupplements.ch\/index.php?rest_route=%2Fwp%2Fv2%2Fmedia&parent=6804"}],"wp:term":[{"taxonomy":"product_brand","embeddable":true,"href":"https:\/\/ecosupplements.ch\/index.php?rest_route=%2Fwp%2Fv2%2Fproduct_brand&post=6804"},{"taxonomy":"product_cat","embeddable":true,"href":"https:\/\/ecosupplements.ch\/index.php?rest_route=%2Fwp%2Fv2%2Fproduct_cat&post=6804"},{"taxonomy":"product_tag","embeddable":true,"href":"https:\/\/ecosupplements.ch\/index.php?rest_route=%2Fwp%2Fv2%2Fproduct_tag&post=6804"}],"curies":[{"name":"wp","href":"https:\/\/api.w.org\/{rel}","templated":true}]}}