{"id":6814,"date":"2026-05-11T15:17:43","date_gmt":"2026-05-11T15:17:43","guid":{"rendered":"https:\/\/ecosupplements.ch\/?product=yango-liposomal-vitamin-c-60-caps"},"modified":"2026-05-13T07:28:55","modified_gmt":"2026-05-13T07:28:55","slug":"yango-liposomal-vitamin-c-60-caps","status":"publish","type":"product","link":"https:\/\/ecosupplements.ch\/?product=yango-liposomal-vitamin-c-60-caps","title":{"rendered":"YANGO Liposomal vitamin C (60 caps)"},"content":{"rendered":"<div class=\"chcg-product-description\">\n<h2 class=\"chcg-heading\">\u00dcber Yango \u2013 YANGO Liposomal Vitamin C (60 Kapseln)<\/h2>\n<div class=\"chcg-intro\">\n<p>Vitamin C ist ein essenzielles Antioxidans, das zur normalen Funktion des Immunsystems, zur Verringerung von M\u00fcdigkeit und Ersch\u00f6pfung sowie zum Schutz der Zellen vor oxidativem Stress beitr\u00e4gt. Die liposomale Formulierung von Yango nutzt eine fortschrittliche Verkapselungstechnologie, bei der die Wirkstoffmolek\u00fcle in Phospholipid-Liposomen eingeschlossen werden \u2013 eine Methode, die im Bereich der N\u00e4hrstoffversorgung zunehmend Beachtung findet.<\/p>\n<p>Jede Kapsel liefert 400 mg liposomales Vitamin C, was 500 % des N\u00e4hrstoffreferenzwerts entspricht. Die Phospholipide stammen aus Sonnenblumenlecithin, und die Kapselh\u00fclle besteht aus pflanzlicher Zellulose \u2013 das Produkt ist somit f\u00fcr vegane und vegetarische Ern\u00e4hrungsweisen geeignet.<\/p>\n<p>YANGO Liposomal Vitamin C ist in praktischen Packungen mit 60 Kapseln erh\u00e4ltlich und eignet sich ideal f\u00fcr alle, die ihre t\u00e4gliche Vitamin-C-Zufuhr auf bequeme und hochdosierte Weise erg\u00e4nzen m\u00f6chten.<\/p>\n<\/p><\/div>\n<div class=\"chcg-nutrition\">\n<h3>N\u00e4hrwertangaben<\/h3>\n<table class=\"chcg-nutrition-table\">\n<thead>\n<tr>\n<th>N\u00e4hrstoff<\/th>\n<th>Pro 1 Kapsel<\/th>\n<th>Pro 2 Kapseln<\/th>\n<\/tr>\n<\/thead>\n<tbody>\n<tr>\n<td>Liposomales Vitamin C<\/td>\n<td>400 mg (500 % NRW*)<\/td>\n<td>800 mg (1000 % NRW*)<\/td>\n<\/tr>\n<\/tbody>\n<\/table>\n<p class=\"chcg-footnote\">* NRW \u2013 N\u00e4hrstoffreferenzwert<\/p>\n<\/p><\/div>\n<div class=\"chcg-ingredients\">\n<h3>Zutaten<\/h3>\n<p>L-Ascorbins\u00e4ure (Vitamin C), Tr\u00e4gerstoffe: Maltodextrin, Glycerol; Emulgator: Phospholipide aus Sonnenblumenlecithin.<\/p>\n<p class=\"chcg-capsule-shell\">Kapselh\u00fclle: Pflanzliche Zellulose (vegan\/vegetarisch).<\/p>\n<\/p><\/div>\n<div class=\"chcg-dosage\">\n<h3>Verzehrempfehlung<\/h3>\n<p>Empfohlene Einnahme: 1 Kapsel 2-mal t\u00e4glich. Die Kapsel mit ausreichend Wasser nach einer Mahlzeit schlucken.<\/p>\n<\/p><\/div>\n<div class=\"chcg-warnings\">\n<h3>Warnhinweise<\/h3>\n<p>Die empfohlene Tagesdosis nicht \u00fcberschreiten. Ein Nahrungserg\u00e4nzungsmittel kann eine abwechslungsreiche Ern\u00e4hrung und einen gesunden Lebensstil nicht ersetzen. Personen, die Medikamente einnehmen, sollten vor der Verwendung einen Arzt oder Apotheker konsultieren. Nicht empfohlen f\u00fcr Kinder, Schwangere oder stillende Frauen. Nicht empfohlen f\u00fcr Personen mit Nierensteinen oder einer Veranlagung zu deren Entstehung.<\/p>\n<\/p><\/div>\n<div class=\"chcg-allergens\">\n<h3>Allergeninformationen<\/h3>\n<p>Frei von folgenden Allergenen: Milch, Eier, Fisch, N\u00fcsse, Soja, Schalentiere, Sellerie, Senf, Sesam. Enth\u00e4lt Phospholipide aus Sonnenblumenlecithin (aus Sonnenblume gewonnen). Bei \u00dcberempfindlichkeit gegen\u00fcber einem der Inhaltsstoffe nicht verwenden.<\/p>\n<\/p><\/div>\n<div class=\"chcg-storage\">\n<h3>Lagerung<\/h3>\n<p>An einem trockenen und dunklen Ort bei Raumtemperatur und ausserhalb der Reichweite von kleinen Kindern aufbewahren.<\/p>\n<\/p><\/div>\n<div class=\"chcg-dietary\">\n<h3>Ern\u00e4hrungshinweise<\/h3>\n<ul>\n<li>Vegan<\/li>\n<li>Vegetarisch<\/li>\n<li>Laktosefrei<\/li>\n<\/ul><\/div>\n<\/div>\n","protected":false},"excerpt":{"rendered":"<p>YANGO Liposomal Vitamin C liefert 400 mg hochdosiertes Vitamin C pro Kapsel in liposomaler Form und unterst\u00fctzt das Immunsystem sowie den Schutz der Zellen vor oxidativem Stress. Vegane Kapseln, 60 St\u00fcck pro Packung. Jetzt bestellen.<\/p>\n","protected":false},"featured_media":6815,"comment_status":"closed","ping_status":"open","template":"","meta":[],"product_brand":[365],"product_cat":[27,29,31,171,21],"product_tag":[],"class_list":{"0":"post-6814","1":"product","2":"type-product","3":"status-publish","4":"has-post-thumbnail","6":"product_brand-yango","7":"product_cat-einige-vitamine","8":"product_cat-vitamin-c","9":"product_cat-vitamin-k","10":"product_cat-vitamine-und-mineralien","11":"product_cat-vitamine-und-mineralstoffe","13":"first","14":"outofstock","15":"taxable","16":"shipping-taxable","17":"purchasable","18":"product-type-simple"},"yoast_head":"<!-- This site is optimized with the Yoast SEO plugin v27.5 - https:\/\/yoast.com\/product\/yoast-seo-wordpress\/ -->\n<title>YANGO Liposomal Vitamin C 60 Kapseln \u2013 Yango | ecosupplements.ch<\/title>\n<meta name=\"description\" content=\"Hochdosiertes liposomales Vitamin C (400 mg pro Kapsel, 60 vegane Kapseln) zur Unterst\u00fctzung des Immunsystems. Jetzt bestellen.\" \/>\n<meta name=\"robots\" content=\"index, follow, max-snippet:-1, max-image-preview:large, max-video-preview:-1\" \/>\n<link rel=\"canonical\" href=\"https:\/\/ecosupplements.ch\/?product=yango-liposomal-vitamin-c-60-caps\" \/>\n<meta property=\"og:locale\" content=\"de_DE\" \/>\n<meta property=\"og:type\" content=\"article\" \/>\n<meta property=\"og:title\" content=\"YANGO Liposomal Vitamin C 60 Kapseln \u2013 Yango | ecosupplements.ch\" \/>\n<meta property=\"og:description\" content=\"Hochdosiertes liposomales Vitamin C (400 mg pro Kapsel, 60 vegane Kapseln) zur Unterst\u00fctzung des Immunsystems. Jetzt bestellen.\" \/>\n<meta property=\"og:url\" content=\"https:\/\/ecosupplements.ch\/?product=yango-liposomal-vitamin-c-60-caps\" \/>\n<meta property=\"og:site_name\" content=\"Eco Supplements\" \/>\n<meta property=\"article:modified_time\" content=\"2026-05-13T07:28:55+00:00\" \/>\n<meta property=\"og:image\" content=\"https:\/\/ecosupplements.ch\/wp-content\/uploads\/2026\/05\/YANGO-Liposomal-vitamin-C-60-caps.jpg\" \/>\n\t<meta property=\"og:image:width\" content=\"800\" \/>\n\t<meta property=\"og:image:height\" content=\"800\" \/>\n\t<meta property=\"og:image:type\" content=\"image\/jpeg\" \/>\n<meta name=\"twitter:card\" content=\"summary_large_image\" \/>\n<meta name=\"twitter:label1\" content=\"Price\" \/>\n\t<meta name=\"twitter:data1\" content=\"&#067;&#072;&#070;&nbsp;15.69\" \/>\n\t<meta name=\"twitter:label2\" content=\"Availability\" \/>\n\t<meta name=\"twitter:data2\" content=\"Out of stock\" \/>\n<script type=\"application\/ld+json\" class=\"yoast-schema-graph\">{\"@context\":\"https:\\\/\\\/schema.org\",\"@graph\":[{\"@type\":\"WebPage\",\"@id\":\"https:\\\/\\\/ecosupplements.ch\\\/?product=yango-liposomal-vitamin-c-60-caps\",\"url\":\"https:\\\/\\\/ecosupplements.ch\\\/?product=yango-liposomal-vitamin-c-60-caps\",\"name\":\"YANGO Liposomal Vitamin C 60 Kapseln \u2013 Yango | ecosupplements.ch\",\"isPartOf\":{\"@id\":\"https:\\\/\\\/ecosupplements.ch\\\/#website\"},\"primaryImageOfPage\":{\"@id\":\"https:\\\/\\\/ecosupplements.ch\\\/?product=yango-liposomal-vitamin-c-60-caps#primaryimage\"},\"image\":{\"@id\":\"https:\\\/\\\/ecosupplements.ch\\\/?product=yango-liposomal-vitamin-c-60-caps#primaryimage\"},\"thumbnailUrl\":\"https:\\\/\\\/ecosupplements.ch\\\/wp-content\\\/uploads\\\/2026\\\/05\\\/YANGO-Liposomal-vitamin-C-60-caps.jpg\",\"datePublished\":\"2026-05-11T15:17:43+00:00\",\"dateModified\":\"2026-05-13T07:28:55+00:00\",\"description\":\"Hochdosiertes liposomales Vitamin C (400 mg pro Kapsel, 60 vegane Kapseln) zur Unterst\u00fctzung des Immunsystems. Jetzt bestellen.\",\"breadcrumb\":{\"@id\":\"https:\\\/\\\/ecosupplements.ch\\\/?product=yango-liposomal-vitamin-c-60-caps#breadcrumb\"},\"inLanguage\":\"de-CH\",\"potentialAction\":[{\"@type\":\"ReadAction\",\"target\":[\"https:\\\/\\\/ecosupplements.ch\\\/?product=yango-liposomal-vitamin-c-60-caps\"]}]},{\"@type\":\"ImageObject\",\"inLanguage\":\"de-CH\",\"@id\":\"https:\\\/\\\/ecosupplements.ch\\\/?product=yango-liposomal-vitamin-c-60-caps#primaryimage\",\"url\":\"https:\\\/\\\/ecosupplements.ch\\\/wp-content\\\/uploads\\\/2026\\\/05\\\/YANGO-Liposomal-vitamin-C-60-caps.jpg\",\"contentUrl\":\"https:\\\/\\\/ecosupplements.ch\\\/wp-content\\\/uploads\\\/2026\\\/05\\\/YANGO-Liposomal-vitamin-C-60-caps.jpg\",\"width\":800,\"height\":800,\"caption\":\"YANGO Liposomal vitamin C (60 caps)\"},{\"@type\":\"BreadcrumbList\",\"@id\":\"https:\\\/\\\/ecosupplements.ch\\\/?product=yango-liposomal-vitamin-c-60-caps#breadcrumb\",\"itemListElement\":[{\"@type\":\"ListItem\",\"position\":1,\"name\":\"Home\",\"item\":\"https:\\\/\\\/ecosupplements.ch\\\/\"},{\"@type\":\"ListItem\",\"position\":2,\"name\":\"Shop\",\"item\":\"https:\\\/\\\/ecosupplements.ch\\\/?page_id=14\"},{\"@type\":\"ListItem\",\"position\":3,\"name\":\"YANGO Liposomal vitamin C (60 caps)\"}]},{\"@type\":\"WebSite\",\"@id\":\"https:\\\/\\\/ecosupplements.ch\\\/#website\",\"url\":\"https:\\\/\\\/ecosupplements.ch\\\/\",\"name\":\"Eco Supplements\",\"description\":\"\",\"potentialAction\":[{\"@type\":\"SearchAction\",\"target\":{\"@type\":\"EntryPoint\",\"urlTemplate\":\"https:\\\/\\\/ecosupplements.ch\\\/?s={search_term_string}\"},\"query-input\":{\"@type\":\"PropertyValueSpecification\",\"valueRequired\":true,\"valueName\":\"search_term_string\"}}],\"inLanguage\":\"de-CH\"}]}<\/script>\n<meta property=\"product:price:amount\" content=\"15.69\" \/>\n<meta property=\"product:price:currency\" content=\"CHF\" \/>\n<meta property=\"og:availability\" content=\"out of stock\" \/>\n<meta property=\"product:availability\" content=\"out of stock\" \/>\n<meta property=\"product:retailer_item_id\" content=\"5904194062170\" \/>\n<meta property=\"product:condition\" content=\"new\" \/>\n<!-- \/ Yoast SEO plugin. -->","yoast_head_json":{"title":"YANGO Liposomal Vitamin C 60 Kapseln \u2013 Yango | ecosupplements.ch","description":"Hochdosiertes liposomales Vitamin C (400 mg pro Kapsel, 60 vegane Kapseln) zur Unterst\u00fctzung des Immunsystems. Jetzt bestellen.","robots":{"index":"index","follow":"follow","max-snippet":"max-snippet:-1","max-image-preview":"max-image-preview:large","max-video-preview":"max-video-preview:-1"},"canonical":"https:\/\/ecosupplements.ch\/?product=yango-liposomal-vitamin-c-60-caps","og_locale":"de_DE","og_type":"article","og_title":"YANGO Liposomal Vitamin C 60 Kapseln \u2013 Yango | ecosupplements.ch","og_description":"Hochdosiertes liposomales Vitamin C (400 mg pro Kapsel, 60 vegane Kapseln) zur Unterst\u00fctzung des Immunsystems. Jetzt bestellen.","og_url":"https:\/\/ecosupplements.ch\/?product=yango-liposomal-vitamin-c-60-caps","og_site_name":"Eco Supplements","article_modified_time":"2026-05-13T07:28:55+00:00","og_image":[{"width":800,"height":800,"url":"https:\/\/ecosupplements.ch\/wp-content\/uploads\/2026\/05\/YANGO-Liposomal-vitamin-C-60-caps.jpg","type":"image\/jpeg"}],"twitter_card":"summary_large_image","twitter_misc":{"Price":"&#67;&#72;&#70;&nbsp;15.69","Availability":"Out of stock"},"schema":{"@context":"https:\/\/schema.org","@graph":[{"@type":"WebPage","@id":"https:\/\/ecosupplements.ch\/?product=yango-liposomal-vitamin-c-60-caps","url":"https:\/\/ecosupplements.ch\/?product=yango-liposomal-vitamin-c-60-caps","name":"YANGO Liposomal Vitamin C 60 Kapseln \u2013 Yango | ecosupplements.ch","isPartOf":{"@id":"https:\/\/ecosupplements.ch\/#website"},"primaryImageOfPage":{"@id":"https:\/\/ecosupplements.ch\/?product=yango-liposomal-vitamin-c-60-caps#primaryimage"},"image":{"@id":"https:\/\/ecosupplements.ch\/?product=yango-liposomal-vitamin-c-60-caps#primaryimage"},"thumbnailUrl":"https:\/\/ecosupplements.ch\/wp-content\/uploads\/2026\/05\/YANGO-Liposomal-vitamin-C-60-caps.jpg","datePublished":"2026-05-11T15:17:43+00:00","dateModified":"2026-05-13T07:28:55+00:00","description":"Hochdosiertes liposomales Vitamin C (400 mg pro Kapsel, 60 vegane Kapseln) zur Unterst\u00fctzung des Immunsystems. Jetzt bestellen.","breadcrumb":{"@id":"https:\/\/ecosupplements.ch\/?product=yango-liposomal-vitamin-c-60-caps#breadcrumb"},"inLanguage":"de-CH","potentialAction":[{"@type":"ReadAction","target":["https:\/\/ecosupplements.ch\/?product=yango-liposomal-vitamin-c-60-caps"]}]},{"@type":"ImageObject","inLanguage":"de-CH","@id":"https:\/\/ecosupplements.ch\/?product=yango-liposomal-vitamin-c-60-caps#primaryimage","url":"https:\/\/ecosupplements.ch\/wp-content\/uploads\/2026\/05\/YANGO-Liposomal-vitamin-C-60-caps.jpg","contentUrl":"https:\/\/ecosupplements.ch\/wp-content\/uploads\/2026\/05\/YANGO-Liposomal-vitamin-C-60-caps.jpg","width":800,"height":800,"caption":"YANGO Liposomal vitamin C (60 caps)"},{"@type":"BreadcrumbList","@id":"https:\/\/ecosupplements.ch\/?product=yango-liposomal-vitamin-c-60-caps#breadcrumb","itemListElement":[{"@type":"ListItem","position":1,"name":"Home","item":"https:\/\/ecosupplements.ch\/"},{"@type":"ListItem","position":2,"name":"Shop","item":"https:\/\/ecosupplements.ch\/?page_id=14"},{"@type":"ListItem","position":3,"name":"YANGO Liposomal vitamin C (60 caps)"}]},{"@type":"WebSite","@id":"https:\/\/ecosupplements.ch\/#website","url":"https:\/\/ecosupplements.ch\/","name":"Eco Supplements","description":"","potentialAction":[{"@type":"SearchAction","target":{"@type":"EntryPoint","urlTemplate":"https:\/\/ecosupplements.ch\/?s={search_term_string}"},"query-input":{"@type":"PropertyValueSpecification","valueRequired":true,"valueName":"search_term_string"}}],"inLanguage":"de-CH"}]},"product_price_amount":"15.69","product_price_currency":"CHF","og_availability":"out of stock","product_availability":"out of stock","product_retailer_item_id":"5904194062170","product_condition":"new"},"_links":{"self":[{"href":"https:\/\/ecosupplements.ch\/index.php?rest_route=\/wp\/v2\/product\/6814","targetHints":{"allow":["GET"]}}],"collection":[{"href":"https:\/\/ecosupplements.ch\/index.php?rest_route=\/wp\/v2\/product"}],"about":[{"href":"https:\/\/ecosupplements.ch\/index.php?rest_route=\/wp\/v2\/types\/product"}],"replies":[{"embeddable":true,"href":"https:\/\/ecosupplements.ch\/index.php?rest_route=%2Fwp%2Fv2%2Fcomments&post=6814"}],"wp:featuredmedia":[{"embeddable":true,"href":"https:\/\/ecosupplements.ch\/index.php?rest_route=\/wp\/v2\/media\/6815"}],"wp:attachment":[{"href":"https:\/\/ecosupplements.ch\/index.php?rest_route=%2Fwp%2Fv2%2Fmedia&parent=6814"}],"wp:term":[{"taxonomy":"product_brand","embeddable":true,"href":"https:\/\/ecosupplements.ch\/index.php?rest_route=%2Fwp%2Fv2%2Fproduct_brand&post=6814"},{"taxonomy":"product_cat","embeddable":true,"href":"https:\/\/ecosupplements.ch\/index.php?rest_route=%2Fwp%2Fv2%2Fproduct_cat&post=6814"},{"taxonomy":"product_tag","embeddable":true,"href":"https:\/\/ecosupplements.ch\/index.php?rest_route=%2Fwp%2Fv2%2Fproduct_tag&post=6814"}],"curies":[{"name":"wp","href":"https:\/\/api.w.org\/{rel}","templated":true}]}}