{"id":6816,"date":"2026-05-11T15:17:44","date_gmt":"2026-05-11T15:17:44","guid":{"rendered":"https:\/\/ecosupplements.ch\/?product=yango-european-olive-leaf-40-oleuropein-60-caps"},"modified":"2026-05-13T07:28:55","modified_gmt":"2026-05-13T07:28:55","slug":"yango-european-olive-leaf-40-oleuropein-60-caps","status":"publish","type":"product","link":"https:\/\/ecosupplements.ch\/?product=yango-european-olive-leaf-40-oleuropein-60-caps","title":{"rendered":"YANGO European Olive Leaf &#8211; 40% oleuropein (60 caps)"},"content":{"rendered":"<div class=\"chcg-product-description\">\n<h2 class=\"chcg-heading\">\u00dcber Yango \u2013 YANGO European Olive Leaf \u2013 40% oleuropein (60 Kapseln)<\/h2>\n<div class=\"chcg-intro\">\n<p>Der YANGO European Olive Leaf Extrakt liefert pro Kapsel 340 mg standardisierten Olivenblattextrakt aus <em>Olea europaea<\/em> \u2013 mit einem garantierten Mindestgehalt von 40 % Oleuropein. Oleuropein ist der charakteristische Wirkstoff des Olivenblattes und macht dieses Pr\u00e4parat zu einer hochwertigen Wahl f\u00fcr alle, die von der traditionellen Verwendung der Olive profitieren m\u00f6chten.<\/p>\n<p>Die Hochdosierung von 136 mg Oleuropein pro Tagesdosis macht den Unterschied: W\u00e4hrend viele Olivenblatt-Produkte deutlich niedrigere Standardisierungen aufweisen, setzt Yango auf einen klar definierten und reproduzierbaren Wirkstoffgehalt. So erhalten Sie t\u00e4glich eine pr\u00e4zise und verl\u00e4ssliche Menge dieses pflanzlichen Inhaltsstoffs.<\/p>\n<p>Die vegetarischen Kapseln aus pflanzlicher Zellulose machen das Produkt sowohl f\u00fcr Veganer als auch f\u00fcr Vegetarier geeignet. Das Pr\u00e4parat ist frei von k\u00fcnstlichen Konservierungsstoffen, Duftstoffen und Farbstoffen sowie nachweislich frei von Schwermetallen wie Arsen, Cadmium, Blei und Quecksilber.<\/p>\n<\/p><\/div>\n<div class=\"chcg-nutrition\">\n<h3>N\u00e4hrwertangaben<\/h3>\n<table class=\"chcg-nutrition-table\">\n<thead>\n<tr>\n<th>N\u00e4hrstoff<\/th>\n<th>Pro Portion (1 Kapsel)<\/th>\n<\/tr>\n<\/thead>\n<tbody>\n<tr>\n<td>Europ\u00e4ischer Olivenblattextrakt (<em>Olea europaea<\/em>)<\/td>\n<td>340 mg<\/td>\n<\/tr>\n<tr>\n<td>\u2013 davon Oleuropein (40 %)<\/td>\n<td>136 mg<\/td>\n<\/tr>\n<\/tbody>\n<\/table>\n<p class=\"chcg-footnote\">* Kein festgelegter Tagesreferenzwert.<\/p>\n<\/p><\/div>\n<div class=\"chcg-ingredients\">\n<h3>Zutaten<\/h3>\n<p>Europ\u00e4ischer Olivenblattextrakt (<em>Olea europaea<\/em>), standardisiert auf einen Mindestgehalt von 40 % Oleuropein.<\/p>\n<p class=\"chcg-capsule-shell\">Kapselh\u00fclle: Pflanzliche Zellulose (vegetarisch).<\/p>\n<\/p><\/div>\n<div class=\"chcg-dosage\">\n<h3>Verzehrempfehlung<\/h3>\n<p>1 Kapsel einmal t\u00e4glich, nach einer Mahlzeit.<\/p>\n<\/p><\/div>\n<div class=\"chcg-warnings\">\n<h3>Warnhinweise<\/h3>\n<p>Nahrungserg\u00e4nzungsmittel sind kein Ersatz f\u00fcr eine abwechslungsreiche Ern\u00e4hrung und eine gesunde Lebensweise. Personen, die Medikamente einnehmen, sollten vor der Anwendung einen Arzt oder Apotheker konsultieren. Nicht empfohlen f\u00fcr Kleinkinder, Schwangere und stillende Frauen. Die empfohlene Tagesdosis darf nicht \u00fcberschritten werden. Ausserhalb der Reichweite von Kindern aufbewahren.<\/p>\n<\/p><\/div>\n<div class=\"chcg-allergens\">\n<h3>Allergeninformationen<\/h3>\n<p>Frei von Krebstieren, Eiern, Fisch, N\u00fcssen, Soja, Milchzutaten, Sellerie, Senf und Sesam. Hergestellt ohne den Einsatz von k\u00fcnstlichen Konservierungsstoffen, Duftstoffen oder Farbstoffen. Frei von Schwermetallen wie Arsen, Cadmium, Blei und Quecksilber.<\/p>\n<\/p><\/div>\n<div class=\"chcg-storage\">\n<h3>Lagerung<\/h3>\n<p>An einem dunklen und trockenen Ort bei Raumtemperatur lagern, ausserhalb der Reichweite von Kleinkindern.<\/p>\n<\/p><\/div>\n<div class=\"chcg-dietary\">\n<h3>Ern\u00e4hrungshinweise<\/h3>\n<ul>\n<li>Vegan<\/li>\n<li>Vegetarisch<\/li>\n<\/ul><\/div>\n<\/div>\n","protected":false},"excerpt":{"rendered":"<p>YANGO European Olive Leaf liefert 136 mg Oleuropein pro Kapsel \u2013 hochdosiert mit 40 % Standardisierung. 60 vegetarische Kapseln, vegan geeignet, frei von k\u00fcnstlichen Zusatzstoffen.<\/p>\n","protected":false},"featured_media":6817,"comment_status":"closed","ping_status":"open","template":"","meta":[],"product_brand":[365],"product_cat":[34,23,25,44,21,24],"product_tag":[],"class_list":{"0":"post-6816","1":"product","2":"type-product","3":"status-publish","4":"has-post-thumbnail","6":"product_brand-yango","7":"product_cat-antioxidantien","8":"product_cat-einige-mineralien","9":"product_cat-gesundheit-und-wohlbefinden","10":"product_cat-pflanzliche-nahrungsergaenzungsmittel","11":"product_cat-vitamine-und-mineralstoffe","12":"product_cat-zink","14":"first","15":"outofstock","16":"taxable","17":"shipping-taxable","18":"purchasable","19":"product-type-simple"},"yoast_head":"<!-- This site is optimized with the Yoast SEO plugin v27.5 - https:\/\/yoast.com\/product\/yoast-seo-wordpress\/ -->\n<title>YANGO Olive Leaf 40% Oleuropein 60 Kapseln \u2013 Yango | ecosupplements.ch<\/title>\n<meta name=\"description\" content=\"Hochdosierter Olivenblattextrakt mit 40 % Oleuropein \u2013 136 mg pro Kapsel, 60 vegane Kapseln. Jetzt bestellen.\" \/>\n<meta name=\"robots\" content=\"index, follow, max-snippet:-1, max-image-preview:large, max-video-preview:-1\" \/>\n<link rel=\"canonical\" href=\"https:\/\/ecosupplements.ch\/?product=yango-european-olive-leaf-40-oleuropein-60-caps\" \/>\n<meta property=\"og:locale\" content=\"de_DE\" \/>\n<meta property=\"og:type\" content=\"article\" \/>\n<meta property=\"og:title\" content=\"YANGO Olive Leaf 40% Oleuropein 60 Kapseln \u2013 Yango | ecosupplements.ch\" \/>\n<meta property=\"og:description\" content=\"Hochdosierter Olivenblattextrakt mit 40 % Oleuropein \u2013 136 mg pro Kapsel, 60 vegane Kapseln. Jetzt bestellen.\" \/>\n<meta property=\"og:url\" content=\"https:\/\/ecosupplements.ch\/?product=yango-european-olive-leaf-40-oleuropein-60-caps\" \/>\n<meta property=\"og:site_name\" content=\"Eco Supplements\" \/>\n<meta property=\"article:modified_time\" content=\"2026-05-13T07:28:55+00:00\" \/>\n<meta property=\"og:image\" content=\"https:\/\/ecosupplements.ch\/wp-content\/uploads\/2026\/05\/YANGO-European-Olive-Leaf-40-oleuropein-60-caps.jpg\" \/>\n\t<meta property=\"og:image:width\" content=\"800\" \/>\n\t<meta property=\"og:image:height\" content=\"800\" \/>\n\t<meta property=\"og:image:type\" content=\"image\/jpeg\" \/>\n<meta name=\"twitter:card\" content=\"summary_large_image\" \/>\n<meta name=\"twitter:label1\" content=\"Price\" \/>\n\t<meta name=\"twitter:data1\" content=\"&#067;&#072;&#070;&nbsp;13.33\" \/>\n\t<meta name=\"twitter:label2\" content=\"Availability\" \/>\n\t<meta name=\"twitter:data2\" content=\"Out of stock\" \/>\n<script type=\"application\/ld+json\" class=\"yoast-schema-graph\">{\"@context\":\"https:\\\/\\\/schema.org\",\"@graph\":[{\"@type\":\"WebPage\",\"@id\":\"https:\\\/\\\/ecosupplements.ch\\\/?product=yango-european-olive-leaf-40-oleuropein-60-caps\",\"url\":\"https:\\\/\\\/ecosupplements.ch\\\/?product=yango-european-olive-leaf-40-oleuropein-60-caps\",\"name\":\"YANGO Olive Leaf 40% Oleuropein 60 Kapseln \u2013 Yango | ecosupplements.ch\",\"isPartOf\":{\"@id\":\"https:\\\/\\\/ecosupplements.ch\\\/#website\"},\"primaryImageOfPage\":{\"@id\":\"https:\\\/\\\/ecosupplements.ch\\\/?product=yango-european-olive-leaf-40-oleuropein-60-caps#primaryimage\"},\"image\":{\"@id\":\"https:\\\/\\\/ecosupplements.ch\\\/?product=yango-european-olive-leaf-40-oleuropein-60-caps#primaryimage\"},\"thumbnailUrl\":\"https:\\\/\\\/ecosupplements.ch\\\/wp-content\\\/uploads\\\/2026\\\/05\\\/YANGO-European-Olive-Leaf-40-oleuropein-60-caps.jpg\",\"datePublished\":\"2026-05-11T15:17:44+00:00\",\"dateModified\":\"2026-05-13T07:28:55+00:00\",\"description\":\"Hochdosierter Olivenblattextrakt mit 40 % Oleuropein \u2013 136 mg pro Kapsel, 60 vegane Kapseln. Jetzt bestellen.\",\"breadcrumb\":{\"@id\":\"https:\\\/\\\/ecosupplements.ch\\\/?product=yango-european-olive-leaf-40-oleuropein-60-caps#breadcrumb\"},\"inLanguage\":\"de-CH\",\"potentialAction\":[{\"@type\":\"ReadAction\",\"target\":[\"https:\\\/\\\/ecosupplements.ch\\\/?product=yango-european-olive-leaf-40-oleuropein-60-caps\"]}]},{\"@type\":\"ImageObject\",\"inLanguage\":\"de-CH\",\"@id\":\"https:\\\/\\\/ecosupplements.ch\\\/?product=yango-european-olive-leaf-40-oleuropein-60-caps#primaryimage\",\"url\":\"https:\\\/\\\/ecosupplements.ch\\\/wp-content\\\/uploads\\\/2026\\\/05\\\/YANGO-European-Olive-Leaf-40-oleuropein-60-caps.jpg\",\"contentUrl\":\"https:\\\/\\\/ecosupplements.ch\\\/wp-content\\\/uploads\\\/2026\\\/05\\\/YANGO-European-Olive-Leaf-40-oleuropein-60-caps.jpg\",\"width\":800,\"height\":800,\"caption\":\"YANGO European Olive Leaf - 40% oleuropein (60 caps)\"},{\"@type\":\"BreadcrumbList\",\"@id\":\"https:\\\/\\\/ecosupplements.ch\\\/?product=yango-european-olive-leaf-40-oleuropein-60-caps#breadcrumb\",\"itemListElement\":[{\"@type\":\"ListItem\",\"position\":1,\"name\":\"Home\",\"item\":\"https:\\\/\\\/ecosupplements.ch\\\/\"},{\"@type\":\"ListItem\",\"position\":2,\"name\":\"Shop\",\"item\":\"https:\\\/\\\/ecosupplements.ch\\\/?page_id=14\"},{\"@type\":\"ListItem\",\"position\":3,\"name\":\"YANGO European Olive Leaf &#8211; 40% oleuropein (60 caps)\"}]},{\"@type\":\"WebSite\",\"@id\":\"https:\\\/\\\/ecosupplements.ch\\\/#website\",\"url\":\"https:\\\/\\\/ecosupplements.ch\\\/\",\"name\":\"Eco Supplements\",\"description\":\"\",\"potentialAction\":[{\"@type\":\"SearchAction\",\"target\":{\"@type\":\"EntryPoint\",\"urlTemplate\":\"https:\\\/\\\/ecosupplements.ch\\\/?s={search_term_string}\"},\"query-input\":{\"@type\":\"PropertyValueSpecification\",\"valueRequired\":true,\"valueName\":\"search_term_string\"}}],\"inLanguage\":\"de-CH\"}]}<\/script>\n<meta property=\"product:price:amount\" content=\"13.33\" \/>\n<meta property=\"product:price:currency\" content=\"CHF\" \/>\n<meta property=\"og:availability\" content=\"out of stock\" \/>\n<meta property=\"product:availability\" content=\"out of stock\" \/>\n<meta property=\"product:retailer_item_id\" content=\"5907483417989\" \/>\n<meta property=\"product:condition\" content=\"new\" \/>\n<!-- \/ Yoast SEO plugin. -->","yoast_head_json":{"title":"YANGO Olive Leaf 40% Oleuropein 60 Kapseln \u2013 Yango | ecosupplements.ch","description":"Hochdosierter Olivenblattextrakt mit 40 % Oleuropein \u2013 136 mg pro Kapsel, 60 vegane Kapseln. Jetzt bestellen.","robots":{"index":"index","follow":"follow","max-snippet":"max-snippet:-1","max-image-preview":"max-image-preview:large","max-video-preview":"max-video-preview:-1"},"canonical":"https:\/\/ecosupplements.ch\/?product=yango-european-olive-leaf-40-oleuropein-60-caps","og_locale":"de_DE","og_type":"article","og_title":"YANGO Olive Leaf 40% Oleuropein 60 Kapseln \u2013 Yango | ecosupplements.ch","og_description":"Hochdosierter Olivenblattextrakt mit 40 % Oleuropein \u2013 136 mg pro Kapsel, 60 vegane Kapseln. Jetzt bestellen.","og_url":"https:\/\/ecosupplements.ch\/?product=yango-european-olive-leaf-40-oleuropein-60-caps","og_site_name":"Eco Supplements","article_modified_time":"2026-05-13T07:28:55+00:00","og_image":[{"width":800,"height":800,"url":"https:\/\/ecosupplements.ch\/wp-content\/uploads\/2026\/05\/YANGO-European-Olive-Leaf-40-oleuropein-60-caps.jpg","type":"image\/jpeg"}],"twitter_card":"summary_large_image","twitter_misc":{"Price":"&#67;&#72;&#70;&nbsp;13.33","Availability":"Out of stock"},"schema":{"@context":"https:\/\/schema.org","@graph":[{"@type":"WebPage","@id":"https:\/\/ecosupplements.ch\/?product=yango-european-olive-leaf-40-oleuropein-60-caps","url":"https:\/\/ecosupplements.ch\/?product=yango-european-olive-leaf-40-oleuropein-60-caps","name":"YANGO Olive Leaf 40% Oleuropein 60 Kapseln \u2013 Yango | ecosupplements.ch","isPartOf":{"@id":"https:\/\/ecosupplements.ch\/#website"},"primaryImageOfPage":{"@id":"https:\/\/ecosupplements.ch\/?product=yango-european-olive-leaf-40-oleuropein-60-caps#primaryimage"},"image":{"@id":"https:\/\/ecosupplements.ch\/?product=yango-european-olive-leaf-40-oleuropein-60-caps#primaryimage"},"thumbnailUrl":"https:\/\/ecosupplements.ch\/wp-content\/uploads\/2026\/05\/YANGO-European-Olive-Leaf-40-oleuropein-60-caps.jpg","datePublished":"2026-05-11T15:17:44+00:00","dateModified":"2026-05-13T07:28:55+00:00","description":"Hochdosierter Olivenblattextrakt mit 40 % Oleuropein \u2013 136 mg pro Kapsel, 60 vegane Kapseln. Jetzt bestellen.","breadcrumb":{"@id":"https:\/\/ecosupplements.ch\/?product=yango-european-olive-leaf-40-oleuropein-60-caps#breadcrumb"},"inLanguage":"de-CH","potentialAction":[{"@type":"ReadAction","target":["https:\/\/ecosupplements.ch\/?product=yango-european-olive-leaf-40-oleuropein-60-caps"]}]},{"@type":"ImageObject","inLanguage":"de-CH","@id":"https:\/\/ecosupplements.ch\/?product=yango-european-olive-leaf-40-oleuropein-60-caps#primaryimage","url":"https:\/\/ecosupplements.ch\/wp-content\/uploads\/2026\/05\/YANGO-European-Olive-Leaf-40-oleuropein-60-caps.jpg","contentUrl":"https:\/\/ecosupplements.ch\/wp-content\/uploads\/2026\/05\/YANGO-European-Olive-Leaf-40-oleuropein-60-caps.jpg","width":800,"height":800,"caption":"YANGO European Olive Leaf - 40% oleuropein (60 caps)"},{"@type":"BreadcrumbList","@id":"https:\/\/ecosupplements.ch\/?product=yango-european-olive-leaf-40-oleuropein-60-caps#breadcrumb","itemListElement":[{"@type":"ListItem","position":1,"name":"Home","item":"https:\/\/ecosupplements.ch\/"},{"@type":"ListItem","position":2,"name":"Shop","item":"https:\/\/ecosupplements.ch\/?page_id=14"},{"@type":"ListItem","position":3,"name":"YANGO European Olive Leaf &#8211; 40% oleuropein (60 caps)"}]},{"@type":"WebSite","@id":"https:\/\/ecosupplements.ch\/#website","url":"https:\/\/ecosupplements.ch\/","name":"Eco Supplements","description":"","potentialAction":[{"@type":"SearchAction","target":{"@type":"EntryPoint","urlTemplate":"https:\/\/ecosupplements.ch\/?s={search_term_string}"},"query-input":{"@type":"PropertyValueSpecification","valueRequired":true,"valueName":"search_term_string"}}],"inLanguage":"de-CH"}]},"product_price_amount":"13.33","product_price_currency":"CHF","og_availability":"out of stock","product_availability":"out of stock","product_retailer_item_id":"5907483417989","product_condition":"new"},"_links":{"self":[{"href":"https:\/\/ecosupplements.ch\/index.php?rest_route=\/wp\/v2\/product\/6816","targetHints":{"allow":["GET"]}}],"collection":[{"href":"https:\/\/ecosupplements.ch\/index.php?rest_route=\/wp\/v2\/product"}],"about":[{"href":"https:\/\/ecosupplements.ch\/index.php?rest_route=\/wp\/v2\/types\/product"}],"replies":[{"embeddable":true,"href":"https:\/\/ecosupplements.ch\/index.php?rest_route=%2Fwp%2Fv2%2Fcomments&post=6816"}],"wp:featuredmedia":[{"embeddable":true,"href":"https:\/\/ecosupplements.ch\/index.php?rest_route=\/wp\/v2\/media\/6817"}],"wp:attachment":[{"href":"https:\/\/ecosupplements.ch\/index.php?rest_route=%2Fwp%2Fv2%2Fmedia&parent=6816"}],"wp:term":[{"taxonomy":"product_brand","embeddable":true,"href":"https:\/\/ecosupplements.ch\/index.php?rest_route=%2Fwp%2Fv2%2Fproduct_brand&post=6816"},{"taxonomy":"product_cat","embeddable":true,"href":"https:\/\/ecosupplements.ch\/index.php?rest_route=%2Fwp%2Fv2%2Fproduct_cat&post=6816"},{"taxonomy":"product_tag","embeddable":true,"href":"https:\/\/ecosupplements.ch\/index.php?rest_route=%2Fwp%2Fv2%2Fproduct_tag&post=6816"}],"curies":[{"name":"wp","href":"https:\/\/api.w.org\/{rel}","templated":true}]}}