{"id":6834,"date":"2026-05-11T15:17:53","date_gmt":"2026-05-11T15:17:53","guid":{"rendered":"https:\/\/ecosupplements.ch\/?product=yango-magnesium-lactate-90-caps"},"modified":"2026-05-13T07:28:56","modified_gmt":"2026-05-13T07:28:56","slug":"yango-magnesium-lactate-90-caps","status":"publish","type":"product","link":"https:\/\/ecosupplements.ch\/?product=yango-magnesium-lactate-90-caps","title":{"rendered":"YANGO Magnesium lactate (90 caps)"},"content":{"rendered":"<div class=\"chcg-product-description\">\n<h2 class=\"chcg-heading\">\u00dcber YANGO \u2013 Magnesium lactate (90 Kapseln)<\/h2>\n<div class=\"chcg-intro\">\n<p>Magnesium ist ein essenzieller Mineralstoff, der zu einer normalen Muskelfunktion, einer normalen Nervenfunktion sowie zur Verringerung von M\u00fcdigkeit und Ersch\u00f6pfung beitr\u00e4gt. YANGO Magnesium lactate liefert Magnesium in Form von Magnesiumlactat \u2013 einer organischen Verbindung, die sich durch ihre gute Vertr\u00e4glichkeit auszeichnet.<\/p>\n<p>Jede Tagesdosis von 3 Kapseln liefert 112,5 mg Magnesiumionen, was 30 % des Tagesreferenzwertes entspricht. Die Kapseln sind aus pflanzlicher Zellulose gefertigt und damit f\u00fcr Veganer und Vegetarier geeignet.<\/p>\n<p>Das Produkt enth\u00e4lt keine unn\u00f6tigen Zusatzstoffe und ist laktosefrei. Es eignet sich als praktische Erg\u00e4nzung einer ausgewogenen und abwechslungsreichen Ern\u00e4hrung sowie eines gesunden Lebensstils.<\/p>\n<\/p><\/div>\n<div class=\"chcg-nutrition\">\n<h3>N\u00e4hrwertangaben<\/h3>\n<table class=\"chcg-nutrition-table\">\n<thead>\n<tr>\n<th>N\u00e4hrstoff<\/th>\n<th>Pro 1 Kapsel<\/th>\n<th>Pro 3 Kapseln (Tagesportion)<\/th>\n<\/tr>\n<\/thead>\n<tbody>\n<tr>\n<td>Magnesiumlactat<\/td>\n<td>366 mg<\/td>\n<td>1098 mg<\/td>\n<\/tr>\n<tr>\n<td>\u2013 davon Magnesiumionen (10,25 %)<\/td>\n<td>37,5 mg (10 % NRV*)<\/td>\n<td>112,5 mg (30 % NRV*)<\/td>\n<\/tr>\n<\/tbody>\n<\/table>\n<p class=\"chcg-footnote\">* NRV = N\u00e4hrstoffbezugswert (Nutrient Reference Value) gem\u00e4ss europ\u00e4ischer Verordnung.<\/p>\n<\/p><\/div>\n<div class=\"chcg-ingredients\">\n<h3>Zutaten<\/h3>\n<p>Magnesiumlactat (Magnesium).<\/p>\n<p class=\"chcg-capsule-shell\">Kapselh\u00fclle: Pflanzliche Zellulose (vegetarisch).<\/p>\n<\/p><\/div>\n<div class=\"chcg-dosage\">\n<h3>Verzehrempfehlung<\/h3>\n<p>3 Kapseln einmal t\u00e4glich. Die Kapsel mit ausreichend Wasser schlucken, nach einer Mahlzeit einnehmen.<\/p>\n<\/p><\/div>\n<div class=\"chcg-warnings\">\n<h3>Warnhinweise<\/h3>\n<p>Die empfohlene Tagesdosis nicht \u00fcberschreiten. Ein Nahrungserg\u00e4nzungsmittel ist kein Ersatz f\u00fcr eine abwechslungsreiche Ern\u00e4hrung und einen gesunden Lebensstil. Personen, die Medikamente einnehmen, sollten vor der Verwendung einen Arzt oder Apotheker konsultieren. Nicht empfohlen f\u00fcr Kinder, Schwangere oder stillende Frauen.<\/p>\n<\/p><\/div>\n<div class=\"chcg-allergens\">\n<h3>Allergeninformationen<\/h3>\n<p>Auf der Produktverpackung sind keine Allergene deklariert.<\/p>\n<\/p><\/div>\n<div class=\"chcg-storage\">\n<h3>Lagerung<\/h3>\n<p>An einem trockenen und dunklen Ort bei Raumtemperatur lagern. Ausserhalb der Reichweite von Kleinkindern aufbewahren.<\/p>\n<\/p><\/div>\n<div class=\"chcg-dietary\">\n<h3>Ern\u00e4hrungshinweise<\/h3>\n<ul>\n<li>Vegan<\/li>\n<li>Vegetarisch<\/li>\n<li>Laktosefrei<\/li>\n<\/ul><\/div>\n<\/div>\n","protected":false},"excerpt":{"rendered":"<p>YANGO Magnesium lactate liefert pro Tagesdosis 112,5 mg Magnesiumionen (30 % NRV) in gut vertr\u00e4glicher organischer Form. Erh\u00e4ltlich als vegane Kapseln aus pflanzlicher Zellulose \u2013 90 Kapseln pro Packung.<\/p>\n","protected":false},"featured_media":6835,"comment_status":"closed","ping_status":"open","template":"","meta":[],"product_brand":[365],"product_cat":[23,27,94,31,21],"product_tag":[],"class_list":{"0":"post-6834","1":"product","2":"type-product","3":"status-publish","4":"has-post-thumbnail","6":"product_brand-yango","7":"product_cat-einige-mineralien","8":"product_cat-einige-vitamine","9":"product_cat-magnesium","10":"product_cat-vitamin-k","11":"product_cat-vitamine-und-mineralstoffe","13":"first","14":"outofstock","15":"taxable","16":"shipping-taxable","17":"purchasable","18":"product-type-simple"},"yoast_head":"<!-- This site is optimized with the Yoast SEO plugin v27.5 - https:\/\/yoast.com\/product\/yoast-seo-wordpress\/ -->\n<title>YANGO Magnesium lactate 90 Kapseln | ecosupplements.ch<\/title>\n<meta name=\"description\" content=\"Magnesiumlactat in veganen Kapseln \u2013 30 % NRV pro Tagesdosis, gut vertr\u00e4glich. 90 Kapseln von YANGO. Jetzt bestellen.\" \/>\n<meta name=\"robots\" content=\"index, follow, max-snippet:-1, max-image-preview:large, max-video-preview:-1\" \/>\n<link rel=\"canonical\" href=\"https:\/\/ecosupplements.ch\/?product=yango-magnesium-lactate-90-caps\" \/>\n<meta property=\"og:locale\" content=\"de_DE\" \/>\n<meta property=\"og:type\" content=\"article\" \/>\n<meta property=\"og:title\" content=\"YANGO Magnesium lactate 90 Kapseln | ecosupplements.ch\" \/>\n<meta property=\"og:description\" content=\"Magnesiumlactat in veganen Kapseln \u2013 30 % NRV pro Tagesdosis, gut vertr\u00e4glich. 90 Kapseln von YANGO. Jetzt bestellen.\" \/>\n<meta property=\"og:url\" content=\"https:\/\/ecosupplements.ch\/?product=yango-magnesium-lactate-90-caps\" \/>\n<meta property=\"og:site_name\" content=\"Eco Supplements\" \/>\n<meta property=\"article:modified_time\" content=\"2026-05-13T07:28:56+00:00\" \/>\n<meta property=\"og:image\" content=\"https:\/\/ecosupplements.ch\/wp-content\/uploads\/2026\/05\/YANGO-Magnesium-lactate-90-caps.jpg\" \/>\n\t<meta property=\"og:image:width\" content=\"800\" \/>\n\t<meta property=\"og:image:height\" content=\"800\" \/>\n\t<meta property=\"og:image:type\" content=\"image\/jpeg\" \/>\n<meta name=\"twitter:card\" content=\"summary_large_image\" \/>\n<meta name=\"twitter:label1\" content=\"Price\" \/>\n\t<meta name=\"twitter:data1\" content=\"&#067;&#072;&#070;&nbsp;7.28\" \/>\n\t<meta name=\"twitter:label2\" content=\"Availability\" \/>\n\t<meta name=\"twitter:data2\" content=\"Out of stock\" \/>\n<script type=\"application\/ld+json\" class=\"yoast-schema-graph\">{\"@context\":\"https:\\\/\\\/schema.org\",\"@graph\":[{\"@type\":\"WebPage\",\"@id\":\"https:\\\/\\\/ecosupplements.ch\\\/?product=yango-magnesium-lactate-90-caps\",\"url\":\"https:\\\/\\\/ecosupplements.ch\\\/?product=yango-magnesium-lactate-90-caps\",\"name\":\"YANGO Magnesium lactate 90 Kapseln | ecosupplements.ch\",\"isPartOf\":{\"@id\":\"https:\\\/\\\/ecosupplements.ch\\\/#website\"},\"primaryImageOfPage\":{\"@id\":\"https:\\\/\\\/ecosupplements.ch\\\/?product=yango-magnesium-lactate-90-caps#primaryimage\"},\"image\":{\"@id\":\"https:\\\/\\\/ecosupplements.ch\\\/?product=yango-magnesium-lactate-90-caps#primaryimage\"},\"thumbnailUrl\":\"https:\\\/\\\/ecosupplements.ch\\\/wp-content\\\/uploads\\\/2026\\\/05\\\/YANGO-Magnesium-lactate-90-caps.jpg\",\"datePublished\":\"2026-05-11T15:17:53+00:00\",\"dateModified\":\"2026-05-13T07:28:56+00:00\",\"description\":\"Magnesiumlactat in veganen Kapseln \u2013 30 % NRV pro Tagesdosis, gut vertr\u00e4glich. 90 Kapseln von YANGO. Jetzt bestellen.\",\"breadcrumb\":{\"@id\":\"https:\\\/\\\/ecosupplements.ch\\\/?product=yango-magnesium-lactate-90-caps#breadcrumb\"},\"inLanguage\":\"de-CH\",\"potentialAction\":[{\"@type\":\"ReadAction\",\"target\":[\"https:\\\/\\\/ecosupplements.ch\\\/?product=yango-magnesium-lactate-90-caps\"]}]},{\"@type\":\"ImageObject\",\"inLanguage\":\"de-CH\",\"@id\":\"https:\\\/\\\/ecosupplements.ch\\\/?product=yango-magnesium-lactate-90-caps#primaryimage\",\"url\":\"https:\\\/\\\/ecosupplements.ch\\\/wp-content\\\/uploads\\\/2026\\\/05\\\/YANGO-Magnesium-lactate-90-caps.jpg\",\"contentUrl\":\"https:\\\/\\\/ecosupplements.ch\\\/wp-content\\\/uploads\\\/2026\\\/05\\\/YANGO-Magnesium-lactate-90-caps.jpg\",\"width\":800,\"height\":800,\"caption\":\"YANGO Magnesium lactate (90 caps)\"},{\"@type\":\"BreadcrumbList\",\"@id\":\"https:\\\/\\\/ecosupplements.ch\\\/?product=yango-magnesium-lactate-90-caps#breadcrumb\",\"itemListElement\":[{\"@type\":\"ListItem\",\"position\":1,\"name\":\"Home\",\"item\":\"https:\\\/\\\/ecosupplements.ch\\\/\"},{\"@type\":\"ListItem\",\"position\":2,\"name\":\"Shop\",\"item\":\"https:\\\/\\\/ecosupplements.ch\\\/?page_id=14\"},{\"@type\":\"ListItem\",\"position\":3,\"name\":\"YANGO Magnesium lactate (90 caps)\"}]},{\"@type\":\"WebSite\",\"@id\":\"https:\\\/\\\/ecosupplements.ch\\\/#website\",\"url\":\"https:\\\/\\\/ecosupplements.ch\\\/\",\"name\":\"Eco Supplements\",\"description\":\"\",\"potentialAction\":[{\"@type\":\"SearchAction\",\"target\":{\"@type\":\"EntryPoint\",\"urlTemplate\":\"https:\\\/\\\/ecosupplements.ch\\\/?s={search_term_string}\"},\"query-input\":{\"@type\":\"PropertyValueSpecification\",\"valueRequired\":true,\"valueName\":\"search_term_string\"}}],\"inLanguage\":\"de-CH\"}]}<\/script>\n<meta property=\"product:price:amount\" content=\"7.28\" \/>\n<meta property=\"product:price:currency\" content=\"CHF\" \/>\n<meta property=\"og:availability\" content=\"out of stock\" \/>\n<meta property=\"product:availability\" content=\"out of stock\" \/>\n<meta property=\"product:retailer_item_id\" content=\"5904194061180\" \/>\n<meta property=\"product:condition\" content=\"new\" \/>\n<!-- \/ Yoast SEO plugin. -->","yoast_head_json":{"title":"YANGO Magnesium lactate 90 Kapseln | ecosupplements.ch","description":"Magnesiumlactat in veganen Kapseln \u2013 30 % NRV pro Tagesdosis, gut vertr\u00e4glich. 90 Kapseln von YANGO. Jetzt bestellen.","robots":{"index":"index","follow":"follow","max-snippet":"max-snippet:-1","max-image-preview":"max-image-preview:large","max-video-preview":"max-video-preview:-1"},"canonical":"https:\/\/ecosupplements.ch\/?product=yango-magnesium-lactate-90-caps","og_locale":"de_DE","og_type":"article","og_title":"YANGO Magnesium lactate 90 Kapseln | ecosupplements.ch","og_description":"Magnesiumlactat in veganen Kapseln \u2013 30 % NRV pro Tagesdosis, gut vertr\u00e4glich. 90 Kapseln von YANGO. Jetzt bestellen.","og_url":"https:\/\/ecosupplements.ch\/?product=yango-magnesium-lactate-90-caps","og_site_name":"Eco Supplements","article_modified_time":"2026-05-13T07:28:56+00:00","og_image":[{"width":800,"height":800,"url":"https:\/\/ecosupplements.ch\/wp-content\/uploads\/2026\/05\/YANGO-Magnesium-lactate-90-caps.jpg","type":"image\/jpeg"}],"twitter_card":"summary_large_image","twitter_misc":{"Price":"&#67;&#72;&#70;&nbsp;7.28","Availability":"Out of stock"},"schema":{"@context":"https:\/\/schema.org","@graph":[{"@type":"WebPage","@id":"https:\/\/ecosupplements.ch\/?product=yango-magnesium-lactate-90-caps","url":"https:\/\/ecosupplements.ch\/?product=yango-magnesium-lactate-90-caps","name":"YANGO Magnesium lactate 90 Kapseln | ecosupplements.ch","isPartOf":{"@id":"https:\/\/ecosupplements.ch\/#website"},"primaryImageOfPage":{"@id":"https:\/\/ecosupplements.ch\/?product=yango-magnesium-lactate-90-caps#primaryimage"},"image":{"@id":"https:\/\/ecosupplements.ch\/?product=yango-magnesium-lactate-90-caps#primaryimage"},"thumbnailUrl":"https:\/\/ecosupplements.ch\/wp-content\/uploads\/2026\/05\/YANGO-Magnesium-lactate-90-caps.jpg","datePublished":"2026-05-11T15:17:53+00:00","dateModified":"2026-05-13T07:28:56+00:00","description":"Magnesiumlactat in veganen Kapseln \u2013 30 % NRV pro Tagesdosis, gut vertr\u00e4glich. 90 Kapseln von YANGO. Jetzt bestellen.","breadcrumb":{"@id":"https:\/\/ecosupplements.ch\/?product=yango-magnesium-lactate-90-caps#breadcrumb"},"inLanguage":"de-CH","potentialAction":[{"@type":"ReadAction","target":["https:\/\/ecosupplements.ch\/?product=yango-magnesium-lactate-90-caps"]}]},{"@type":"ImageObject","inLanguage":"de-CH","@id":"https:\/\/ecosupplements.ch\/?product=yango-magnesium-lactate-90-caps#primaryimage","url":"https:\/\/ecosupplements.ch\/wp-content\/uploads\/2026\/05\/YANGO-Magnesium-lactate-90-caps.jpg","contentUrl":"https:\/\/ecosupplements.ch\/wp-content\/uploads\/2026\/05\/YANGO-Magnesium-lactate-90-caps.jpg","width":800,"height":800,"caption":"YANGO Magnesium lactate (90 caps)"},{"@type":"BreadcrumbList","@id":"https:\/\/ecosupplements.ch\/?product=yango-magnesium-lactate-90-caps#breadcrumb","itemListElement":[{"@type":"ListItem","position":1,"name":"Home","item":"https:\/\/ecosupplements.ch\/"},{"@type":"ListItem","position":2,"name":"Shop","item":"https:\/\/ecosupplements.ch\/?page_id=14"},{"@type":"ListItem","position":3,"name":"YANGO Magnesium lactate (90 caps)"}]},{"@type":"WebSite","@id":"https:\/\/ecosupplements.ch\/#website","url":"https:\/\/ecosupplements.ch\/","name":"Eco Supplements","description":"","potentialAction":[{"@type":"SearchAction","target":{"@type":"EntryPoint","urlTemplate":"https:\/\/ecosupplements.ch\/?s={search_term_string}"},"query-input":{"@type":"PropertyValueSpecification","valueRequired":true,"valueName":"search_term_string"}}],"inLanguage":"de-CH"}]},"product_price_amount":"7.28","product_price_currency":"CHF","og_availability":"out of stock","product_availability":"out of stock","product_retailer_item_id":"5904194061180","product_condition":"new"},"_links":{"self":[{"href":"https:\/\/ecosupplements.ch\/index.php?rest_route=\/wp\/v2\/product\/6834","targetHints":{"allow":["GET"]}}],"collection":[{"href":"https:\/\/ecosupplements.ch\/index.php?rest_route=\/wp\/v2\/product"}],"about":[{"href":"https:\/\/ecosupplements.ch\/index.php?rest_route=\/wp\/v2\/types\/product"}],"replies":[{"embeddable":true,"href":"https:\/\/ecosupplements.ch\/index.php?rest_route=%2Fwp%2Fv2%2Fcomments&post=6834"}],"wp:featuredmedia":[{"embeddable":true,"href":"https:\/\/ecosupplements.ch\/index.php?rest_route=\/wp\/v2\/media\/6835"}],"wp:attachment":[{"href":"https:\/\/ecosupplements.ch\/index.php?rest_route=%2Fwp%2Fv2%2Fmedia&parent=6834"}],"wp:term":[{"taxonomy":"product_brand","embeddable":true,"href":"https:\/\/ecosupplements.ch\/index.php?rest_route=%2Fwp%2Fv2%2Fproduct_brand&post=6834"},{"taxonomy":"product_cat","embeddable":true,"href":"https:\/\/ecosupplements.ch\/index.php?rest_route=%2Fwp%2Fv2%2Fproduct_cat&post=6834"},{"taxonomy":"product_tag","embeddable":true,"href":"https:\/\/ecosupplements.ch\/index.php?rest_route=%2Fwp%2Fv2%2Fproduct_tag&post=6834"}],"curies":[{"name":"wp","href":"https:\/\/api.w.org\/{rel}","templated":true}]}}