{"id":6838,"date":"2026-05-11T15:17:55","date_gmt":"2026-05-11T15:17:55","guid":{"rendered":"https:\/\/ecosupplements.ch\/?product=yango-moringa-120-caps"},"modified":"2026-05-13T07:28:56","modified_gmt":"2026-05-13T07:28:56","slug":"yango-moringa-120-caps","status":"publish","type":"product","link":"https:\/\/ecosupplements.ch\/?product=yango-moringa-120-caps","title":{"rendered":"YANGO Moringa  (120 caps)"},"content":{"rendered":"<div class=\"chcg-product-description\">\n<h2 class=\"chcg-heading\">\u00dcber YANGO \u2013 Moringa (120 Kapseln)<\/h2>\n<div class=\"chcg-intro\">\n<p>Moringa oleifera, oft als \u00abWunderbaum\u00bb bezeichnet, geh\u00f6rt zu den n\u00e4hrstoffreichsten Pflanzen der Welt. Die Bl\u00e4tter der Moringa-Pflanze enthalten eine Vielzahl von N\u00e4hrstoffen und bioaktiven Verbindungen und werden seit Jahrhunderten in der traditionellen Ern\u00e4hrung verschiedener Kulturen gesch\u00e4tzt. YANGO Moringa liefert pro Kapsel 300 mg reines Moringa-oleifera-Blattpulver in praktischer, veganer Kapselh\u00fclle aus pflanzlicher Zellulose.<\/p>\n<p>Das Produkt ist frei von Zusatzstoffen wie k\u00fcnstlichen Konservierungsmitteln, Duftstoffen und Farbstoffen. Zudem wurde es auf Schwermetalle wie Arsen, Cadmium, Blei und Quecksilber gepr\u00fcft und f\u00fcr unbedenklich befunden \u2013 ein wichtiges Qualit\u00e4tsmerkmal, das f\u00fcr eine zuverl\u00e4ssige und sichere Erg\u00e4nzung der t\u00e4glichen Ern\u00e4hrung spricht.<\/p>\n<p>Mit 120 Kapseln pro Packung deckt YANGO Moringa einen Bedarf von 30 bis 60 Tagen ab und eignet sich als praktische Erg\u00e4nzung f\u00fcr Personen, die ihre Ern\u00e4hrung mit nat\u00fcrlichen Pflanzenstoffen bereichern m\u00f6chten.<\/p>\n<\/p><\/div>\n<div class=\"chcg-nutrition\">\n<h3>N\u00e4hrwertangaben<\/h3>\n<table class=\"chcg-nutrition-table\">\n<thead>\n<tr>\n<th>N\u00e4hrstoff<\/th>\n<th>Pro 1 Kapsel<\/th>\n<th>Pro 4 Kapseln<\/th>\n<\/tr>\n<\/thead>\n<tbody>\n<tr>\n<td>Blattpulver von Moringa oleifera<\/td>\n<td>300 mg<\/td>\n<td>1200 mg<\/td>\n<\/tr>\n<\/tbody>\n<\/table>\n<p class=\"chcg-footnote\">* Kein festgelegter Referenzwert f\u00fcr die Tageszufuhr.<\/p>\n<\/p><\/div>\n<div class=\"chcg-ingredients\">\n<h3>Zutaten<\/h3>\n<p>Blattpulver von Moringa oleifera (Moringa oleifera); Kapsel: pflanzliche Zellulose.<\/p>\n<p class=\"chcg-capsule-shell\">Kapselh\u00fclle: Pflanzliche Zellulose (vegetarisch\/vegan).<\/p>\n<\/p><\/div>\n<div class=\"chcg-dosage\">\n<h3>Verzehrempfehlung<\/h3>\n<p>1\u20132 Kapseln zweimal t\u00e4glich. Die Kapsel schlucken und mit reichlich Wasser nach einer Mahlzeit einnehmen. Empfohlene Tagesdosis: 2\u20134 Kapseln. Eine Packung reicht f\u00fcr 30\u201360 Tage.<\/p>\n<\/p><\/div>\n<div class=\"chcg-warnings\">\n<h3>Warnhinweise<\/h3>\n<p>Nahrungserg\u00e4nzungsmittel; kann eine abwechslungsreiche Ern\u00e4hrung und einen gesunden Lebensstil nicht ersetzen. Die empfohlene Tagesdosis nicht \u00fcberschreiten. Nicht empfohlen f\u00fcr Kleinkinder, Schwangere oder stillende Frauen. Personen, die Medikamente einnehmen, sollten vor der Anwendung einen Arzt oder Apotheker konsultieren. Ausserhalb der Reichweite von kleinen Kindern aufbewahren.<\/p>\n<\/p><\/div>\n<div class=\"chcg-allergens\">\n<h3>Allergeninformationen<\/h3>\n<p>Enth\u00e4lt keine Krebstiere, Eier, Fisch, N\u00fcsse, Soja, Milchbestandteile, Sellerie, Senf oder Sesam. Hergestellt ohne den Einsatz von k\u00fcnstlichen Konservierungsmitteln, Duftstoffen oder Farbstoffen. Das Produkt ist frei von Schwermetallen wie Arsen, Cadmium, Blei und Quecksilber.<\/p>\n<\/p><\/div>\n<div class=\"chcg-storage\">\n<h3>Lagerung<\/h3>\n<p>An einem dunklen und trockenen Ort bei Raumtemperatur lagern, ausserhalb der Reichweite von kleinen Kindern.<\/p>\n<\/p><\/div>\n<div class=\"chcg-dietary\">\n<h3>Ern\u00e4hrungshinweise<\/h3>\n<ul>\n<li>Vegan<\/li>\n<li>Vegetarisch<\/li>\n<li>Glutenfrei<\/li>\n<li>Laktosefrei<\/li>\n<\/ul><\/div>\n<\/div>\n","protected":false},"excerpt":{"rendered":"<p>YANGO Moringa liefert 300 mg reines Moringa-oleifera-Blattpulver pro Kapsel \u2013 nat\u00fcrlich, vegan und frei von k\u00fcnstlichen Zus\u00e4tzen. 120 Kapseln f\u00fcr 30\u201360 Tage Anwendung.<\/p>\n","protected":false},"featured_media":6839,"comment_status":"closed","ping_status":"open","template":"","meta":[],"product_brand":[365],"product_cat":[25,44,21],"product_tag":[],"class_list":{"0":"post-6838","1":"product","2":"type-product","3":"status-publish","4":"has-post-thumbnail","6":"product_brand-yango","7":"product_cat-gesundheit-und-wohlbefinden","8":"product_cat-pflanzliche-nahrungsergaenzungsmittel","9":"product_cat-vitamine-und-mineralstoffe","11":"first","12":"outofstock","13":"taxable","14":"shipping-taxable","15":"purchasable","16":"product-type-simple"},"yoast_head":"<!-- This site is optimized with the Yoast SEO plugin v27.5 - https:\/\/yoast.com\/product\/yoast-seo-wordpress\/ -->\n<title>YANGO Moringa 120 Kapseln | ecosupplements.ch<\/title>\n<meta name=\"description\" content=\"YANGO Moringa mit 300 mg Moringa-oleifera-Blattpulver pro Kapsel \u2013 vegan, glutenfrei, ohne Zusatzstoffe. 120 Kapseln pro Packung. Jetzt bestellen.\" \/>\n<meta name=\"robots\" content=\"index, follow, max-snippet:-1, max-image-preview:large, max-video-preview:-1\" \/>\n<link rel=\"canonical\" href=\"https:\/\/ecosupplements.ch\/?product=yango-moringa-120-caps\" \/>\n<meta property=\"og:locale\" content=\"de_DE\" \/>\n<meta property=\"og:type\" content=\"article\" \/>\n<meta property=\"og:title\" content=\"YANGO Moringa 120 Kapseln | ecosupplements.ch\" \/>\n<meta property=\"og:description\" content=\"YANGO Moringa mit 300 mg Moringa-oleifera-Blattpulver pro Kapsel \u2013 vegan, glutenfrei, ohne Zusatzstoffe. 120 Kapseln pro Packung. Jetzt bestellen.\" \/>\n<meta property=\"og:url\" content=\"https:\/\/ecosupplements.ch\/?product=yango-moringa-120-caps\" \/>\n<meta property=\"og:site_name\" content=\"Eco Supplements\" \/>\n<meta property=\"article:modified_time\" content=\"2026-05-13T07:28:56+00:00\" \/>\n<meta property=\"og:image\" content=\"https:\/\/ecosupplements.ch\/wp-content\/uploads\/2026\/05\/YANGO-Moringa-120-caps.jpg\" \/>\n\t<meta property=\"og:image:width\" content=\"460\" \/>\n\t<meta property=\"og:image:height\" content=\"460\" \/>\n\t<meta property=\"og:image:type\" content=\"image\/jpeg\" \/>\n<meta name=\"twitter:card\" content=\"summary_large_image\" \/>\n<meta name=\"twitter:label1\" content=\"Price\" \/>\n\t<meta name=\"twitter:data1\" content=\"&#067;&#072;&#070;&nbsp;10.65\" \/>\n\t<meta name=\"twitter:label2\" content=\"Availability\" \/>\n\t<meta name=\"twitter:data2\" content=\"Out of stock\" \/>\n<script type=\"application\/ld+json\" class=\"yoast-schema-graph\">{\"@context\":\"https:\\\/\\\/schema.org\",\"@graph\":[{\"@type\":\"WebPage\",\"@id\":\"https:\\\/\\\/ecosupplements.ch\\\/?product=yango-moringa-120-caps\",\"url\":\"https:\\\/\\\/ecosupplements.ch\\\/?product=yango-moringa-120-caps\",\"name\":\"YANGO Moringa 120 Kapseln | ecosupplements.ch\",\"isPartOf\":{\"@id\":\"https:\\\/\\\/ecosupplements.ch\\\/#website\"},\"primaryImageOfPage\":{\"@id\":\"https:\\\/\\\/ecosupplements.ch\\\/?product=yango-moringa-120-caps#primaryimage\"},\"image\":{\"@id\":\"https:\\\/\\\/ecosupplements.ch\\\/?product=yango-moringa-120-caps#primaryimage\"},\"thumbnailUrl\":\"https:\\\/\\\/ecosupplements.ch\\\/wp-content\\\/uploads\\\/2026\\\/05\\\/YANGO-Moringa-120-caps.jpg\",\"datePublished\":\"2026-05-11T15:17:55+00:00\",\"dateModified\":\"2026-05-13T07:28:56+00:00\",\"description\":\"YANGO Moringa mit 300 mg Moringa-oleifera-Blattpulver pro Kapsel \u2013 vegan, glutenfrei, ohne Zusatzstoffe. 120 Kapseln pro Packung. Jetzt bestellen.\",\"breadcrumb\":{\"@id\":\"https:\\\/\\\/ecosupplements.ch\\\/?product=yango-moringa-120-caps#breadcrumb\"},\"inLanguage\":\"de-CH\",\"potentialAction\":[{\"@type\":\"ReadAction\",\"target\":[\"https:\\\/\\\/ecosupplements.ch\\\/?product=yango-moringa-120-caps\"]}]},{\"@type\":\"ImageObject\",\"inLanguage\":\"de-CH\",\"@id\":\"https:\\\/\\\/ecosupplements.ch\\\/?product=yango-moringa-120-caps#primaryimage\",\"url\":\"https:\\\/\\\/ecosupplements.ch\\\/wp-content\\\/uploads\\\/2026\\\/05\\\/YANGO-Moringa-120-caps.jpg\",\"contentUrl\":\"https:\\\/\\\/ecosupplements.ch\\\/wp-content\\\/uploads\\\/2026\\\/05\\\/YANGO-Moringa-120-caps.jpg\",\"width\":460,\"height\":460,\"caption\":\"YANGO Moringa (120 caps)\"},{\"@type\":\"BreadcrumbList\",\"@id\":\"https:\\\/\\\/ecosupplements.ch\\\/?product=yango-moringa-120-caps#breadcrumb\",\"itemListElement\":[{\"@type\":\"ListItem\",\"position\":1,\"name\":\"Home\",\"item\":\"https:\\\/\\\/ecosupplements.ch\\\/\"},{\"@type\":\"ListItem\",\"position\":2,\"name\":\"Shop\",\"item\":\"https:\\\/\\\/ecosupplements.ch\\\/?page_id=14\"},{\"@type\":\"ListItem\",\"position\":3,\"name\":\"YANGO Moringa (120 caps)\"}]},{\"@type\":\"WebSite\",\"@id\":\"https:\\\/\\\/ecosupplements.ch\\\/#website\",\"url\":\"https:\\\/\\\/ecosupplements.ch\\\/\",\"name\":\"Eco Supplements\",\"description\":\"\",\"potentialAction\":[{\"@type\":\"SearchAction\",\"target\":{\"@type\":\"EntryPoint\",\"urlTemplate\":\"https:\\\/\\\/ecosupplements.ch\\\/?s={search_term_string}\"},\"query-input\":{\"@type\":\"PropertyValueSpecification\",\"valueRequired\":true,\"valueName\":\"search_term_string\"}}],\"inLanguage\":\"de-CH\"}]}<\/script>\n<meta property=\"product:price:amount\" content=\"10.65\" \/>\n<meta property=\"product:price:currency\" content=\"CHF\" \/>\n<meta property=\"og:availability\" content=\"out of stock\" \/>\n<meta property=\"product:availability\" content=\"out of stock\" \/>\n<meta property=\"product:retailer_item_id\" content=\"5904194063016\" \/>\n<meta property=\"product:condition\" content=\"new\" \/>\n<!-- \/ Yoast SEO plugin. -->","yoast_head_json":{"title":"YANGO Moringa 120 Kapseln | ecosupplements.ch","description":"YANGO Moringa mit 300 mg Moringa-oleifera-Blattpulver pro Kapsel \u2013 vegan, glutenfrei, ohne Zusatzstoffe. 120 Kapseln pro Packung. Jetzt bestellen.","robots":{"index":"index","follow":"follow","max-snippet":"max-snippet:-1","max-image-preview":"max-image-preview:large","max-video-preview":"max-video-preview:-1"},"canonical":"https:\/\/ecosupplements.ch\/?product=yango-moringa-120-caps","og_locale":"de_DE","og_type":"article","og_title":"YANGO Moringa 120 Kapseln | ecosupplements.ch","og_description":"YANGO Moringa mit 300 mg Moringa-oleifera-Blattpulver pro Kapsel \u2013 vegan, glutenfrei, ohne Zusatzstoffe. 120 Kapseln pro Packung. Jetzt bestellen.","og_url":"https:\/\/ecosupplements.ch\/?product=yango-moringa-120-caps","og_site_name":"Eco Supplements","article_modified_time":"2026-05-13T07:28:56+00:00","og_image":[{"width":460,"height":460,"url":"https:\/\/ecosupplements.ch\/wp-content\/uploads\/2026\/05\/YANGO-Moringa-120-caps.jpg","type":"image\/jpeg"}],"twitter_card":"summary_large_image","twitter_misc":{"Price":"&#67;&#72;&#70;&nbsp;10.65","Availability":"Out of stock"},"schema":{"@context":"https:\/\/schema.org","@graph":[{"@type":"WebPage","@id":"https:\/\/ecosupplements.ch\/?product=yango-moringa-120-caps","url":"https:\/\/ecosupplements.ch\/?product=yango-moringa-120-caps","name":"YANGO Moringa 120 Kapseln | ecosupplements.ch","isPartOf":{"@id":"https:\/\/ecosupplements.ch\/#website"},"primaryImageOfPage":{"@id":"https:\/\/ecosupplements.ch\/?product=yango-moringa-120-caps#primaryimage"},"image":{"@id":"https:\/\/ecosupplements.ch\/?product=yango-moringa-120-caps#primaryimage"},"thumbnailUrl":"https:\/\/ecosupplements.ch\/wp-content\/uploads\/2026\/05\/YANGO-Moringa-120-caps.jpg","datePublished":"2026-05-11T15:17:55+00:00","dateModified":"2026-05-13T07:28:56+00:00","description":"YANGO Moringa mit 300 mg Moringa-oleifera-Blattpulver pro Kapsel \u2013 vegan, glutenfrei, ohne Zusatzstoffe. 120 Kapseln pro Packung. Jetzt bestellen.","breadcrumb":{"@id":"https:\/\/ecosupplements.ch\/?product=yango-moringa-120-caps#breadcrumb"},"inLanguage":"de-CH","potentialAction":[{"@type":"ReadAction","target":["https:\/\/ecosupplements.ch\/?product=yango-moringa-120-caps"]}]},{"@type":"ImageObject","inLanguage":"de-CH","@id":"https:\/\/ecosupplements.ch\/?product=yango-moringa-120-caps#primaryimage","url":"https:\/\/ecosupplements.ch\/wp-content\/uploads\/2026\/05\/YANGO-Moringa-120-caps.jpg","contentUrl":"https:\/\/ecosupplements.ch\/wp-content\/uploads\/2026\/05\/YANGO-Moringa-120-caps.jpg","width":460,"height":460,"caption":"YANGO Moringa (120 caps)"},{"@type":"BreadcrumbList","@id":"https:\/\/ecosupplements.ch\/?product=yango-moringa-120-caps#breadcrumb","itemListElement":[{"@type":"ListItem","position":1,"name":"Home","item":"https:\/\/ecosupplements.ch\/"},{"@type":"ListItem","position":2,"name":"Shop","item":"https:\/\/ecosupplements.ch\/?page_id=14"},{"@type":"ListItem","position":3,"name":"YANGO Moringa (120 caps)"}]},{"@type":"WebSite","@id":"https:\/\/ecosupplements.ch\/#website","url":"https:\/\/ecosupplements.ch\/","name":"Eco Supplements","description":"","potentialAction":[{"@type":"SearchAction","target":{"@type":"EntryPoint","urlTemplate":"https:\/\/ecosupplements.ch\/?s={search_term_string}"},"query-input":{"@type":"PropertyValueSpecification","valueRequired":true,"valueName":"search_term_string"}}],"inLanguage":"de-CH"}]},"product_price_amount":"10.65","product_price_currency":"CHF","og_availability":"out of stock","product_availability":"out of stock","product_retailer_item_id":"5904194063016","product_condition":"new"},"_links":{"self":[{"href":"https:\/\/ecosupplements.ch\/index.php?rest_route=\/wp\/v2\/product\/6838","targetHints":{"allow":["GET"]}}],"collection":[{"href":"https:\/\/ecosupplements.ch\/index.php?rest_route=\/wp\/v2\/product"}],"about":[{"href":"https:\/\/ecosupplements.ch\/index.php?rest_route=\/wp\/v2\/types\/product"}],"replies":[{"embeddable":true,"href":"https:\/\/ecosupplements.ch\/index.php?rest_route=%2Fwp%2Fv2%2Fcomments&post=6838"}],"wp:featuredmedia":[{"embeddable":true,"href":"https:\/\/ecosupplements.ch\/index.php?rest_route=\/wp\/v2\/media\/6839"}],"wp:attachment":[{"href":"https:\/\/ecosupplements.ch\/index.php?rest_route=%2Fwp%2Fv2%2Fmedia&parent=6838"}],"wp:term":[{"taxonomy":"product_brand","embeddable":true,"href":"https:\/\/ecosupplements.ch\/index.php?rest_route=%2Fwp%2Fv2%2Fproduct_brand&post=6838"},{"taxonomy":"product_cat","embeddable":true,"href":"https:\/\/ecosupplements.ch\/index.php?rest_route=%2Fwp%2Fv2%2Fproduct_cat&post=6838"},{"taxonomy":"product_tag","embeddable":true,"href":"https:\/\/ecosupplements.ch\/index.php?rest_route=%2Fwp%2Fv2%2Fproduct_tag&post=6838"}],"curies":[{"name":"wp","href":"https:\/\/api.w.org\/{rel}","templated":true}]}}