{"id":6840,"date":"2026-05-11T15:17:56","date_gmt":"2026-05-11T15:17:56","guid":{"rendered":"https:\/\/ecosupplements.ch\/?product=yango-white-mulberry-extract-60-caps"},"modified":"2026-05-13T07:28:56","modified_gmt":"2026-05-13T07:28:56","slug":"yango-white-mulberry-extract-60-caps","status":"publish","type":"product","link":"https:\/\/ecosupplements.ch\/?product=yango-white-mulberry-extract-60-caps","title":{"rendered":"YANGO White mulberry &#8211; extract (60 caps)"},"content":{"rendered":"<div class=\"chcg-product-description\">\n<h2 class=\"chcg-heading\">\u00dcber Yango \u2013 YANGO White Mulberry \u2013 Extrakt (60 Kapseln)<\/h2>\n<div class=\"chcg-intro\">\n<p>Der White Mulberry Extrakt von Yango basiert auf einem hochwertigen 10:1-Konzentrat aus den Bl\u00e4ttern des Weissen Maulbeerbaums (<em>Morus alba<\/em>). Dank des konzentrierten Extraktverh\u00e4ltnisses liefert jede Kapsel die Wirkstoffmenge von 3 000 mg getrocknetem Ausgangsmaterial \u2013 in einer praktischen, veganen Kapselform.<\/p>\n<p>Der Weisse Maulbeerbaum wird in der traditionellen Pflanzenheilkunde seit Jahrhunderten gesch\u00e4tzt und ist Gegenstand zahlreicher wissenschaftlicher Untersuchungen. Das Produkt eignet sich als Erg\u00e4nzung zu einer ausgewogenen und abwechslungsreichen Ern\u00e4hrung sowie einem gesunden Lebensstil.<\/p>\n<p>Die Kapseln von Yango werden ohne k\u00fcnstliche Konservierungs-, Farb- oder Aromastoffe hergestellt und sind frei von Schwermetallen wie Arsen, Cadmium, Blei oder Quecksilber. Die H\u00fclle besteht aus pflanzlicher Zellulose und ist damit sowohl f\u00fcr Veganerinnen und Veganer als auch f\u00fcr Vegetarierinnen und Vegetarier geeignet.<\/p>\n<\/p><\/div>\n<div class=\"chcg-nutrition\">\n<h3>N\u00e4hrwertangaben<\/h3>\n<table class=\"chcg-nutrition-table\">\n<thead>\n<tr>\n<th>N\u00e4hrstoff<\/th>\n<th>Pro 1 Kapsel<\/th>\n<th>Pro 2 Kapseln<\/th>\n<\/tr>\n<\/thead>\n<tbody>\n<tr>\n<td>White Mulberry \u2013 Extrakt 10:1 (<em>Morus alba<\/em>-Blattextrakt)<\/td>\n<td>300 mg<\/td>\n<td>600 mg<\/td>\n<\/tr>\n<\/tbody>\n<\/table>\n<p class=\"chcg-footnote\">* Kein festgelegter Tagesbedarf.<\/p>\n<\/p><\/div>\n<div class=\"chcg-ingredients\">\n<h3>Zutaten<\/h3>\n<p>Wirkstoff: White Mulberry \u2013 Extrakt 10:1 (<em>Morus alba<\/em>-Blattextrakt) 300 mg pro Kapsel \/ 600 mg pro 2 Kapseln.<\/p>\n<p class=\"chcg-capsule-shell\">Kapselh\u00fclle: Pflanzliche Zellulose (vegetarisch).<\/p>\n<\/p><\/div>\n<div class=\"chcg-dosage\">\n<h3>Verzehrempfehlung<\/h3>\n<p>1 Kapsel zweimal t\u00e4glich, nach einer Mahlzeit einnehmen. Die empfohlene Tagesdosis nicht \u00fcberschreiten.<\/p>\n<\/p><\/div>\n<div class=\"chcg-warnings\">\n<h3>Warnhinweise<\/h3>\n<p>Dieses Nahrungserg\u00e4nzungsmittel ist kein Ersatz f\u00fcr eine abwechslungsreiche Ern\u00e4hrung und einen gesunden Lebensstil. Personen, die Medikamente einnehmen, sollten vor der Verwendung eine \u00c4rztin, einen Arzt oder eine Apothekerin bzw. einen Apotheker konsultieren. Nicht empfohlen f\u00fcr Kleinkinder, Schwangere oder stillende Frauen. Die empfohlene Tagesdosis nicht \u00fcberschreiten. Ausserhalb der Reichweite von Kleinkindern aufbewahren.<\/p>\n<\/p><\/div>\n<div class=\"chcg-allergens\">\n<h3>Allergeninformationen<\/h3>\n<p>Enth\u00e4lt keine Krebstiere, Eier, Fisch, N\u00fcsse, Soja, Milchbestandteile, Sellerie, Senf oder Sesam. Hergestellt ohne k\u00fcnstliche Konservierungs-, Farb- oder Aromastoffe. Frei von Schwermetallen wie Arsen, Cadmium, Blei oder Quecksilber.<\/p>\n<\/p><\/div>\n<div class=\"chcg-storage\">\n<h3>Lagerung<\/h3>\n<p>An einem dunklen und trockenen Ort bei Raumtemperatur aufbewahren, ausserhalb der Reichweite von Kleinkindern.<\/p>\n<\/p><\/div>\n<div class=\"chcg-dietary\">\n<h3>Ern\u00e4hrungshinweise<\/h3>\n<ul>\n<li>Vegan<\/li>\n<li>Vegetarisch<\/li>\n<li>Laktosefrei<\/li>\n<\/ul><\/div>\n<\/div>\n","protected":false},"excerpt":{"rendered":"<p>YANGO White Mulberry Extrakt (10:1) aus Morus-alba-Bl\u00e4ttern \u2013 60 vegane Kapseln f\u00fcr eine praktische t\u00e4gliche Einnahme. Ohne k\u00fcnstliche Zusatzstoffe, laktosefrei und frei von Schwermetallen.<\/p>\n","protected":false},"featured_media":6841,"comment_status":"closed","ping_status":"open","template":"","meta":[],"product_brand":[365],"product_cat":[25,44,21],"product_tag":[],"class_list":{"0":"post-6840","1":"product","2":"type-product","3":"status-publish","4":"has-post-thumbnail","6":"product_brand-yango","7":"product_cat-gesundheit-und-wohlbefinden","8":"product_cat-pflanzliche-nahrungsergaenzungsmittel","9":"product_cat-vitamine-und-mineralstoffe","11":"first","12":"outofstock","13":"taxable","14":"shipping-taxable","15":"purchasable","16":"product-type-simple"},"yoast_head":"<!-- This site is optimized with the Yoast SEO plugin v27.5 - https:\/\/yoast.com\/product\/yoast-seo-wordpress\/ -->\n<title>YANGO White Mulberry Extrakt 60 Kapseln | ecosupplements.ch<\/title>\n<meta name=\"description\" content=\"Hochwertiger White Mulberry 10:1-Extrakt (Morus alba) in 60 veganen Kapseln \u2013 ohne k\u00fcnstliche Zusatzstoffe und frei von Schwermetallen. Jetzt bestellen.\" \/>\n<meta name=\"robots\" content=\"index, follow, max-snippet:-1, max-image-preview:large, max-video-preview:-1\" \/>\n<link rel=\"canonical\" href=\"https:\/\/ecosupplements.ch\/?product=yango-white-mulberry-extract-60-caps\" \/>\n<meta property=\"og:locale\" content=\"de_DE\" \/>\n<meta property=\"og:type\" content=\"article\" \/>\n<meta property=\"og:title\" content=\"YANGO White Mulberry Extrakt 60 Kapseln | ecosupplements.ch\" \/>\n<meta property=\"og:description\" content=\"Hochwertiger White Mulberry 10:1-Extrakt (Morus alba) in 60 veganen Kapseln \u2013 ohne k\u00fcnstliche Zusatzstoffe und frei von Schwermetallen. Jetzt bestellen.\" \/>\n<meta property=\"og:url\" content=\"https:\/\/ecosupplements.ch\/?product=yango-white-mulberry-extract-60-caps\" \/>\n<meta property=\"og:site_name\" content=\"Eco Supplements\" \/>\n<meta property=\"article:modified_time\" content=\"2026-05-13T07:28:56+00:00\" \/>\n<meta property=\"og:image\" content=\"https:\/\/ecosupplements.ch\/wp-content\/uploads\/2026\/05\/YANGO-White-mulberry-extract-60-caps.jpg\" \/>\n\t<meta property=\"og:image:width\" content=\"800\" \/>\n\t<meta property=\"og:image:height\" content=\"800\" \/>\n\t<meta property=\"og:image:type\" content=\"image\/jpeg\" \/>\n<meta name=\"twitter:card\" content=\"summary_large_image\" \/>\n<meta name=\"twitter:label1\" content=\"Price\" \/>\n\t<meta name=\"twitter:data1\" content=\"&#067;&#072;&#070;&nbsp;9.33\" \/>\n\t<meta name=\"twitter:label2\" content=\"Availability\" \/>\n\t<meta name=\"twitter:data2\" content=\"Out of stock\" \/>\n<script type=\"application\/ld+json\" class=\"yoast-schema-graph\">{\"@context\":\"https:\\\/\\\/schema.org\",\"@graph\":[{\"@type\":\"WebPage\",\"@id\":\"https:\\\/\\\/ecosupplements.ch\\\/?product=yango-white-mulberry-extract-60-caps\",\"url\":\"https:\\\/\\\/ecosupplements.ch\\\/?product=yango-white-mulberry-extract-60-caps\",\"name\":\"YANGO White Mulberry Extrakt 60 Kapseln | ecosupplements.ch\",\"isPartOf\":{\"@id\":\"https:\\\/\\\/ecosupplements.ch\\\/#website\"},\"primaryImageOfPage\":{\"@id\":\"https:\\\/\\\/ecosupplements.ch\\\/?product=yango-white-mulberry-extract-60-caps#primaryimage\"},\"image\":{\"@id\":\"https:\\\/\\\/ecosupplements.ch\\\/?product=yango-white-mulberry-extract-60-caps#primaryimage\"},\"thumbnailUrl\":\"https:\\\/\\\/ecosupplements.ch\\\/wp-content\\\/uploads\\\/2026\\\/05\\\/YANGO-White-mulberry-extract-60-caps.jpg\",\"datePublished\":\"2026-05-11T15:17:56+00:00\",\"dateModified\":\"2026-05-13T07:28:56+00:00\",\"description\":\"Hochwertiger White Mulberry 10:1-Extrakt (Morus alba) in 60 veganen Kapseln \u2013 ohne k\u00fcnstliche Zusatzstoffe und frei von Schwermetallen. Jetzt bestellen.\",\"breadcrumb\":{\"@id\":\"https:\\\/\\\/ecosupplements.ch\\\/?product=yango-white-mulberry-extract-60-caps#breadcrumb\"},\"inLanguage\":\"de-CH\",\"potentialAction\":[{\"@type\":\"ReadAction\",\"target\":[\"https:\\\/\\\/ecosupplements.ch\\\/?product=yango-white-mulberry-extract-60-caps\"]}]},{\"@type\":\"ImageObject\",\"inLanguage\":\"de-CH\",\"@id\":\"https:\\\/\\\/ecosupplements.ch\\\/?product=yango-white-mulberry-extract-60-caps#primaryimage\",\"url\":\"https:\\\/\\\/ecosupplements.ch\\\/wp-content\\\/uploads\\\/2026\\\/05\\\/YANGO-White-mulberry-extract-60-caps.jpg\",\"contentUrl\":\"https:\\\/\\\/ecosupplements.ch\\\/wp-content\\\/uploads\\\/2026\\\/05\\\/YANGO-White-mulberry-extract-60-caps.jpg\",\"width\":800,\"height\":800,\"caption\":\"YANGO White mulberry - extract (60 caps)\"},{\"@type\":\"BreadcrumbList\",\"@id\":\"https:\\\/\\\/ecosupplements.ch\\\/?product=yango-white-mulberry-extract-60-caps#breadcrumb\",\"itemListElement\":[{\"@type\":\"ListItem\",\"position\":1,\"name\":\"Home\",\"item\":\"https:\\\/\\\/ecosupplements.ch\\\/\"},{\"@type\":\"ListItem\",\"position\":2,\"name\":\"Shop\",\"item\":\"https:\\\/\\\/ecosupplements.ch\\\/?page_id=14\"},{\"@type\":\"ListItem\",\"position\":3,\"name\":\"YANGO White mulberry &#8211; extract (60 caps)\"}]},{\"@type\":\"WebSite\",\"@id\":\"https:\\\/\\\/ecosupplements.ch\\\/#website\",\"url\":\"https:\\\/\\\/ecosupplements.ch\\\/\",\"name\":\"Eco Supplements\",\"description\":\"\",\"potentialAction\":[{\"@type\":\"SearchAction\",\"target\":{\"@type\":\"EntryPoint\",\"urlTemplate\":\"https:\\\/\\\/ecosupplements.ch\\\/?s={search_term_string}\"},\"query-input\":{\"@type\":\"PropertyValueSpecification\",\"valueRequired\":true,\"valueName\":\"search_term_string\"}}],\"inLanguage\":\"de-CH\"}]}<\/script>\n<meta property=\"product:price:amount\" content=\"9.33\" \/>\n<meta property=\"product:price:currency\" content=\"CHF\" \/>\n<meta property=\"og:availability\" content=\"out of stock\" \/>\n<meta property=\"product:availability\" content=\"out of stock\" \/>\n<meta property=\"product:retailer_item_id\" content=\"5907483417668\" \/>\n<meta property=\"product:condition\" content=\"new\" \/>\n<!-- \/ Yoast SEO plugin. -->","yoast_head_json":{"title":"YANGO White Mulberry Extrakt 60 Kapseln | ecosupplements.ch","description":"Hochwertiger White Mulberry 10:1-Extrakt (Morus alba) in 60 veganen Kapseln \u2013 ohne k\u00fcnstliche Zusatzstoffe und frei von Schwermetallen. Jetzt bestellen.","robots":{"index":"index","follow":"follow","max-snippet":"max-snippet:-1","max-image-preview":"max-image-preview:large","max-video-preview":"max-video-preview:-1"},"canonical":"https:\/\/ecosupplements.ch\/?product=yango-white-mulberry-extract-60-caps","og_locale":"de_DE","og_type":"article","og_title":"YANGO White Mulberry Extrakt 60 Kapseln | ecosupplements.ch","og_description":"Hochwertiger White Mulberry 10:1-Extrakt (Morus alba) in 60 veganen Kapseln \u2013 ohne k\u00fcnstliche Zusatzstoffe und frei von Schwermetallen. Jetzt bestellen.","og_url":"https:\/\/ecosupplements.ch\/?product=yango-white-mulberry-extract-60-caps","og_site_name":"Eco Supplements","article_modified_time":"2026-05-13T07:28:56+00:00","og_image":[{"width":800,"height":800,"url":"https:\/\/ecosupplements.ch\/wp-content\/uploads\/2026\/05\/YANGO-White-mulberry-extract-60-caps.jpg","type":"image\/jpeg"}],"twitter_card":"summary_large_image","twitter_misc":{"Price":"&#67;&#72;&#70;&nbsp;9.33","Availability":"Out of stock"},"schema":{"@context":"https:\/\/schema.org","@graph":[{"@type":"WebPage","@id":"https:\/\/ecosupplements.ch\/?product=yango-white-mulberry-extract-60-caps","url":"https:\/\/ecosupplements.ch\/?product=yango-white-mulberry-extract-60-caps","name":"YANGO White Mulberry Extrakt 60 Kapseln | ecosupplements.ch","isPartOf":{"@id":"https:\/\/ecosupplements.ch\/#website"},"primaryImageOfPage":{"@id":"https:\/\/ecosupplements.ch\/?product=yango-white-mulberry-extract-60-caps#primaryimage"},"image":{"@id":"https:\/\/ecosupplements.ch\/?product=yango-white-mulberry-extract-60-caps#primaryimage"},"thumbnailUrl":"https:\/\/ecosupplements.ch\/wp-content\/uploads\/2026\/05\/YANGO-White-mulberry-extract-60-caps.jpg","datePublished":"2026-05-11T15:17:56+00:00","dateModified":"2026-05-13T07:28:56+00:00","description":"Hochwertiger White Mulberry 10:1-Extrakt (Morus alba) in 60 veganen Kapseln \u2013 ohne k\u00fcnstliche Zusatzstoffe und frei von Schwermetallen. Jetzt bestellen.","breadcrumb":{"@id":"https:\/\/ecosupplements.ch\/?product=yango-white-mulberry-extract-60-caps#breadcrumb"},"inLanguage":"de-CH","potentialAction":[{"@type":"ReadAction","target":["https:\/\/ecosupplements.ch\/?product=yango-white-mulberry-extract-60-caps"]}]},{"@type":"ImageObject","inLanguage":"de-CH","@id":"https:\/\/ecosupplements.ch\/?product=yango-white-mulberry-extract-60-caps#primaryimage","url":"https:\/\/ecosupplements.ch\/wp-content\/uploads\/2026\/05\/YANGO-White-mulberry-extract-60-caps.jpg","contentUrl":"https:\/\/ecosupplements.ch\/wp-content\/uploads\/2026\/05\/YANGO-White-mulberry-extract-60-caps.jpg","width":800,"height":800,"caption":"YANGO White mulberry - extract (60 caps)"},{"@type":"BreadcrumbList","@id":"https:\/\/ecosupplements.ch\/?product=yango-white-mulberry-extract-60-caps#breadcrumb","itemListElement":[{"@type":"ListItem","position":1,"name":"Home","item":"https:\/\/ecosupplements.ch\/"},{"@type":"ListItem","position":2,"name":"Shop","item":"https:\/\/ecosupplements.ch\/?page_id=14"},{"@type":"ListItem","position":3,"name":"YANGO White mulberry &#8211; extract (60 caps)"}]},{"@type":"WebSite","@id":"https:\/\/ecosupplements.ch\/#website","url":"https:\/\/ecosupplements.ch\/","name":"Eco Supplements","description":"","potentialAction":[{"@type":"SearchAction","target":{"@type":"EntryPoint","urlTemplate":"https:\/\/ecosupplements.ch\/?s={search_term_string}"},"query-input":{"@type":"PropertyValueSpecification","valueRequired":true,"valueName":"search_term_string"}}],"inLanguage":"de-CH"}]},"product_price_amount":"9.33","product_price_currency":"CHF","og_availability":"out of stock","product_availability":"out of stock","product_retailer_item_id":"5907483417668","product_condition":"new"},"_links":{"self":[{"href":"https:\/\/ecosupplements.ch\/index.php?rest_route=\/wp\/v2\/product\/6840","targetHints":{"allow":["GET"]}}],"collection":[{"href":"https:\/\/ecosupplements.ch\/index.php?rest_route=\/wp\/v2\/product"}],"about":[{"href":"https:\/\/ecosupplements.ch\/index.php?rest_route=\/wp\/v2\/types\/product"}],"replies":[{"embeddable":true,"href":"https:\/\/ecosupplements.ch\/index.php?rest_route=%2Fwp%2Fv2%2Fcomments&post=6840"}],"wp:featuredmedia":[{"embeddable":true,"href":"https:\/\/ecosupplements.ch\/index.php?rest_route=\/wp\/v2\/media\/6841"}],"wp:attachment":[{"href":"https:\/\/ecosupplements.ch\/index.php?rest_route=%2Fwp%2Fv2%2Fmedia&parent=6840"}],"wp:term":[{"taxonomy":"product_brand","embeddable":true,"href":"https:\/\/ecosupplements.ch\/index.php?rest_route=%2Fwp%2Fv2%2Fproduct_brand&post=6840"},{"taxonomy":"product_cat","embeddable":true,"href":"https:\/\/ecosupplements.ch\/index.php?rest_route=%2Fwp%2Fv2%2Fproduct_cat&post=6840"},{"taxonomy":"product_tag","embeddable":true,"href":"https:\/\/ecosupplements.ch\/index.php?rest_route=%2Fwp%2Fv2%2Fproduct_tag&post=6840"}],"curies":[{"name":"wp","href":"https:\/\/api.w.org\/{rel}","templated":true}]}}