{"id":6876,"date":"2026-05-11T15:18:11","date_gmt":"2026-05-11T15:18:11","guid":{"rendered":"https:\/\/ecosupplements.ch\/?product=yango-saffron-with-melatonin-60-caps"},"modified":"2026-05-13T07:28:59","modified_gmt":"2026-05-13T07:28:59","slug":"yango-saffron-with-melatonin-60-caps","status":"publish","type":"product","link":"https:\/\/ecosupplements.ch\/?product=yango-saffron-with-melatonin-60-caps","title":{"rendered":"YANGO Saffron with melatonin (60 caps)"},"content":{"rendered":"<div class=\"chcg-product-description\">\n<h2 class=\"chcg-heading\">\u00dcber Yango \u2013 YANGO Saffron mit Melatonin (60 Kapseln)<\/h2>\n<div class=\"chcg-intro\">\n<p>Yango Saffron mit Melatonin kombiniert einen hochwertigen Safranextrakt aus den Narben des Crocus sativus mit Melatonin in einer praktischen Kapselform. Der Safranextrakt ist standardisiert auf einen Mindestgehalt von 2 % Crocin und 1 % Safranal \u2013 zwei der wichtigsten Inhaltsstoffe dieser traditionsreichen Gew\u00fcrzpflanze. Jede Kapsel liefert zudem 1 mg Melatonin, das nachweislich zur Verk\u00fcrzung der Einschlafzeit beitr\u00e4gt.*<\/p>\n<p>Melatonin ist ein k\u00f6rpereigenes Hormon, das den nat\u00fcrlichen Schlaf-Wach-Rhythmus reguliert. Die zugelassene Aussage lautet: Melatonin tr\u00e4gt zur Verk\u00fcrzung der Einschlafzeit bei. Der positive Effekt stellt sich bei einer Einnahme von 1 mg Melatonin kurz vor dem Schlafengehen ein. Die Formel wird durch Safranextrakt erg\u00e4nzt, der seit Jahrhunderten in der traditionellen Ern\u00e4hrungskultur bekannt ist.<\/p>\n<p>Mit 60 Kapseln pro Packung deckt dieses Produkt einen Bedarf von bis zu 60 Tagen ab. Die Kapseln bestehen aus pflanzlicher Zellulose und sind sowohl f\u00fcr Veganer als auch f\u00fcr Vegetarier geeignet.<\/p>\n<p class=\"chcg-footnote\">* Melatonin tr\u00e4gt zur Verk\u00fcrzung der Einschlafzeit bei. Die positive Wirkung stellt sich bei einer Einnahme von 1 mg Melatonin kurz vor dem Schlafengehen ein (EFSA-zugelassene Aussage).<\/p>\n<\/p><\/div>\n<div class=\"chcg-nutrition\">\n<h3>N\u00e4hrwertangaben<\/h3>\n<table class=\"chcg-nutrition-table\">\n<thead>\n<tr>\n<th>N\u00e4hrstoff<\/th>\n<th>Pro Portion (1 Kapsel)<\/th>\n<\/tr>\n<\/thead>\n<tbody>\n<tr>\n<td>Safrannarbenextrakt (<em>Crocus sativus<\/em>)<\/td>\n<td>30 000 \u00b5g<\/td>\n<\/tr>\n<tr>\n<td>\u2013 davon Crocin (2 %)<\/td>\n<td>600 \u00b5g<\/td>\n<\/tr>\n<tr>\n<td>\u2013 davon Safranal (1 %)<\/td>\n<td>300 \u00b5g<\/td>\n<\/tr>\n<tr>\n<td>Melatonin<\/td>\n<td>1 mg<\/td>\n<\/tr>\n<\/tbody>\n<\/table>\n<p class=\"chcg-footnote\">* Kein festgelegter Tagesreferenzwert.<\/p>\n<\/p><\/div>\n<div class=\"chcg-ingredients\">\n<h3>Zutaten<\/h3>\n<p>F\u00fcllstoff: mikrokristalline Zellulose, Safrannarbenextrakt (<em>Crocus sativus<\/em>), standardisiert auf mindestens 2 % Crocin und 1 % Safranal, Melatonin.<\/p>\n<p class=\"chcg-capsule-shell\">Kapselh\u00fclle: pflanzliche Zellulose (vegetarisch).<\/p>\n<\/p><\/div>\n<div class=\"chcg-dosage\">\n<h3>Verzehrempfehlung<\/h3>\n<p>1 Kapsel t\u00e4glich. Mit einer grossen Menge Wasser schlucken, 30 Minuten vor dem Einschlafen.<\/p>\n<\/p><\/div>\n<div class=\"chcg-warnings\">\n<h3>Warnhinweise<\/h3>\n<p>Personen, die Medikamente einnehmen, sollten vor der Verwendung einen Arzt oder Apotheker konsultieren. Nicht empfohlen f\u00fcr Kinder, Schwangere oder stillende Frauen. Die empfohlene Tagesdosis nicht \u00fcberschreiten. Ein Nahrungserg\u00e4nzungsmittel kann eine abwechslungsreiche Ern\u00e4hrung und einen gesunden Lebensstil nicht ersetzen.<\/p>\n<\/p><\/div>\n<div class=\"chcg-allergens\">\n<h3>Allergeninformationen<\/h3>\n<p>Enth\u00e4lt keine Krebstiere, Eier, Fisch, N\u00fcsse, Soja, Milchbestandteile, Sellerie, Senf oder Sesam. Hergestellt ohne den Einsatz von k\u00fcnstlichen Konservierungsstoffen, Aromen oder Farbstoffen.<\/p>\n<\/p><\/div>\n<div class=\"chcg-storage\">\n<h3>Lagerung<\/h3>\n<p>An einem trockenen und dunklen Ort bei Raumtemperatur aufbewahren. Ausserhalb der Reichweite von Kleinkindern aufbewahren.<\/p>\n<\/p><\/div>\n<div class=\"chcg-dietary\">\n<h3>Ern\u00e4hrungshinweise<\/h3>\n<ul>\n<li>Vegan<\/li>\n<li>Vegetarisch<\/li>\n<li>Laktosefrei<\/li>\n<\/ul><\/div>\n<\/div>\n","protected":false},"excerpt":{"rendered":"<p>YANGO Saffron mit Melatonin kombiniert Safranextrakt (Crocus sativus) und 1 mg Melatonin, das zur Verk\u00fcrzung der Einschlafzeit beitr\u00e4gt. 60 vegane Kapseln \u2013 praktisch f\u00fcr bis zu 60 Tage.<\/p>\n","protected":false},"featured_media":6877,"comment_status":"closed","ping_status":"open","template":"","meta":[],"product_brand":[365],"product_cat":[83,21],"product_tag":[],"class_list":{"0":"post-6876","1":"product","2":"type-product","3":"status-publish","4":"has-post-thumbnail","6":"product_brand-yango","7":"product_cat-schlafunterstuetzung","8":"product_cat-vitamine-und-mineralstoffe","10":"first","11":"outofstock","12":"taxable","13":"shipping-taxable","14":"purchasable","15":"product-type-simple"},"yoast_head":"<!-- This site is optimized with the Yoast SEO plugin v27.5 - https:\/\/yoast.com\/product\/yoast-seo-wordpress\/ -->\n<title>YANGO Saffron mit Melatonin 60 Kapseln \u2013 Yango | ecosupplements.ch<\/title>\n<meta name=\"description\" content=\"Safranextrakt &amp; 1 mg Melatonin f\u00fcr k\u00fcrzere Einschlafzeit \u2013 60 vegane Kapseln von Yango. Jetzt bestellen.\" \/>\n<meta name=\"robots\" content=\"index, follow, max-snippet:-1, max-image-preview:large, max-video-preview:-1\" \/>\n<link rel=\"canonical\" href=\"https:\/\/ecosupplements.ch\/?product=yango-saffron-with-melatonin-60-caps\" \/>\n<meta property=\"og:locale\" content=\"de_DE\" \/>\n<meta property=\"og:type\" content=\"article\" \/>\n<meta property=\"og:title\" content=\"YANGO Saffron mit Melatonin 60 Kapseln \u2013 Yango | ecosupplements.ch\" \/>\n<meta property=\"og:description\" content=\"Safranextrakt &amp; 1 mg Melatonin f\u00fcr k\u00fcrzere Einschlafzeit \u2013 60 vegane Kapseln von Yango. Jetzt bestellen.\" \/>\n<meta property=\"og:url\" content=\"https:\/\/ecosupplements.ch\/?product=yango-saffron-with-melatonin-60-caps\" \/>\n<meta property=\"og:site_name\" content=\"Eco Supplements\" \/>\n<meta property=\"article:modified_time\" content=\"2026-05-13T07:28:59+00:00\" \/>\n<meta property=\"og:image\" content=\"https:\/\/ecosupplements.ch\/wp-content\/uploads\/2026\/05\/YANGO-Saffron-with-melatonin-60-caps.jpg\" \/>\n\t<meta property=\"og:image:width\" content=\"800\" \/>\n\t<meta property=\"og:image:height\" content=\"800\" \/>\n\t<meta property=\"og:image:type\" content=\"image\/jpeg\" \/>\n<meta name=\"twitter:card\" content=\"summary_large_image\" \/>\n<meta name=\"twitter:label1\" content=\"Price\" \/>\n\t<meta name=\"twitter:data1\" content=\"&#067;&#072;&#070;&nbsp;15.37\" \/>\n\t<meta name=\"twitter:label2\" content=\"Availability\" \/>\n\t<meta name=\"twitter:data2\" content=\"Out of stock\" \/>\n<script type=\"application\/ld+json\" class=\"yoast-schema-graph\">{\"@context\":\"https:\\\/\\\/schema.org\",\"@graph\":[{\"@type\":\"WebPage\",\"@id\":\"https:\\\/\\\/ecosupplements.ch\\\/?product=yango-saffron-with-melatonin-60-caps\",\"url\":\"https:\\\/\\\/ecosupplements.ch\\\/?product=yango-saffron-with-melatonin-60-caps\",\"name\":\"YANGO Saffron mit Melatonin 60 Kapseln \u2013 Yango | ecosupplements.ch\",\"isPartOf\":{\"@id\":\"https:\\\/\\\/ecosupplements.ch\\\/#website\"},\"primaryImageOfPage\":{\"@id\":\"https:\\\/\\\/ecosupplements.ch\\\/?product=yango-saffron-with-melatonin-60-caps#primaryimage\"},\"image\":{\"@id\":\"https:\\\/\\\/ecosupplements.ch\\\/?product=yango-saffron-with-melatonin-60-caps#primaryimage\"},\"thumbnailUrl\":\"https:\\\/\\\/ecosupplements.ch\\\/wp-content\\\/uploads\\\/2026\\\/05\\\/YANGO-Saffron-with-melatonin-60-caps.jpg\",\"datePublished\":\"2026-05-11T15:18:11+00:00\",\"dateModified\":\"2026-05-13T07:28:59+00:00\",\"description\":\"Safranextrakt & 1 mg Melatonin f\u00fcr k\u00fcrzere Einschlafzeit \u2013 60 vegane Kapseln von Yango. Jetzt bestellen.\",\"breadcrumb\":{\"@id\":\"https:\\\/\\\/ecosupplements.ch\\\/?product=yango-saffron-with-melatonin-60-caps#breadcrumb\"},\"inLanguage\":\"de-CH\",\"potentialAction\":[{\"@type\":\"ReadAction\",\"target\":[\"https:\\\/\\\/ecosupplements.ch\\\/?product=yango-saffron-with-melatonin-60-caps\"]}]},{\"@type\":\"ImageObject\",\"inLanguage\":\"de-CH\",\"@id\":\"https:\\\/\\\/ecosupplements.ch\\\/?product=yango-saffron-with-melatonin-60-caps#primaryimage\",\"url\":\"https:\\\/\\\/ecosupplements.ch\\\/wp-content\\\/uploads\\\/2026\\\/05\\\/YANGO-Saffron-with-melatonin-60-caps.jpg\",\"contentUrl\":\"https:\\\/\\\/ecosupplements.ch\\\/wp-content\\\/uploads\\\/2026\\\/05\\\/YANGO-Saffron-with-melatonin-60-caps.jpg\",\"width\":800,\"height\":800,\"caption\":\"YANGO Saffron with melatonin (60 caps)\"},{\"@type\":\"BreadcrumbList\",\"@id\":\"https:\\\/\\\/ecosupplements.ch\\\/?product=yango-saffron-with-melatonin-60-caps#breadcrumb\",\"itemListElement\":[{\"@type\":\"ListItem\",\"position\":1,\"name\":\"Home\",\"item\":\"https:\\\/\\\/ecosupplements.ch\\\/\"},{\"@type\":\"ListItem\",\"position\":2,\"name\":\"Shop\",\"item\":\"https:\\\/\\\/ecosupplements.ch\\\/?page_id=14\"},{\"@type\":\"ListItem\",\"position\":3,\"name\":\"YANGO Saffron with melatonin (60 caps)\"}]},{\"@type\":\"WebSite\",\"@id\":\"https:\\\/\\\/ecosupplements.ch\\\/#website\",\"url\":\"https:\\\/\\\/ecosupplements.ch\\\/\",\"name\":\"Eco Supplements\",\"description\":\"\",\"potentialAction\":[{\"@type\":\"SearchAction\",\"target\":{\"@type\":\"EntryPoint\",\"urlTemplate\":\"https:\\\/\\\/ecosupplements.ch\\\/?s={search_term_string}\"},\"query-input\":{\"@type\":\"PropertyValueSpecification\",\"valueRequired\":true,\"valueName\":\"search_term_string\"}}],\"inLanguage\":\"de-CH\"}]}<\/script>\n<meta property=\"product:price:amount\" content=\"15.37\" \/>\n<meta property=\"product:price:currency\" content=\"CHF\" \/>\n<meta property=\"og:availability\" content=\"out of stock\" \/>\n<meta property=\"product:availability\" content=\"out of stock\" \/>\n<meta property=\"product:retailer_item_id\" content=\"5904194061944\" \/>\n<meta property=\"product:condition\" content=\"new\" \/>\n<!-- \/ Yoast SEO plugin. -->","yoast_head_json":{"title":"YANGO Saffron mit Melatonin 60 Kapseln \u2013 Yango | ecosupplements.ch","description":"Safranextrakt & 1 mg Melatonin f\u00fcr k\u00fcrzere Einschlafzeit \u2013 60 vegane Kapseln von Yango. Jetzt bestellen.","robots":{"index":"index","follow":"follow","max-snippet":"max-snippet:-1","max-image-preview":"max-image-preview:large","max-video-preview":"max-video-preview:-1"},"canonical":"https:\/\/ecosupplements.ch\/?product=yango-saffron-with-melatonin-60-caps","og_locale":"de_DE","og_type":"article","og_title":"YANGO Saffron mit Melatonin 60 Kapseln \u2013 Yango | ecosupplements.ch","og_description":"Safranextrakt & 1 mg Melatonin f\u00fcr k\u00fcrzere Einschlafzeit \u2013 60 vegane Kapseln von Yango. Jetzt bestellen.","og_url":"https:\/\/ecosupplements.ch\/?product=yango-saffron-with-melatonin-60-caps","og_site_name":"Eco Supplements","article_modified_time":"2026-05-13T07:28:59+00:00","og_image":[{"width":800,"height":800,"url":"https:\/\/ecosupplements.ch\/wp-content\/uploads\/2026\/05\/YANGO-Saffron-with-melatonin-60-caps.jpg","type":"image\/jpeg"}],"twitter_card":"summary_large_image","twitter_misc":{"Price":"&#67;&#72;&#70;&nbsp;15.37","Availability":"Out of stock"},"schema":{"@context":"https:\/\/schema.org","@graph":[{"@type":"WebPage","@id":"https:\/\/ecosupplements.ch\/?product=yango-saffron-with-melatonin-60-caps","url":"https:\/\/ecosupplements.ch\/?product=yango-saffron-with-melatonin-60-caps","name":"YANGO Saffron mit Melatonin 60 Kapseln \u2013 Yango | ecosupplements.ch","isPartOf":{"@id":"https:\/\/ecosupplements.ch\/#website"},"primaryImageOfPage":{"@id":"https:\/\/ecosupplements.ch\/?product=yango-saffron-with-melatonin-60-caps#primaryimage"},"image":{"@id":"https:\/\/ecosupplements.ch\/?product=yango-saffron-with-melatonin-60-caps#primaryimage"},"thumbnailUrl":"https:\/\/ecosupplements.ch\/wp-content\/uploads\/2026\/05\/YANGO-Saffron-with-melatonin-60-caps.jpg","datePublished":"2026-05-11T15:18:11+00:00","dateModified":"2026-05-13T07:28:59+00:00","description":"Safranextrakt & 1 mg Melatonin f\u00fcr k\u00fcrzere Einschlafzeit \u2013 60 vegane Kapseln von Yango. Jetzt bestellen.","breadcrumb":{"@id":"https:\/\/ecosupplements.ch\/?product=yango-saffron-with-melatonin-60-caps#breadcrumb"},"inLanguage":"de-CH","potentialAction":[{"@type":"ReadAction","target":["https:\/\/ecosupplements.ch\/?product=yango-saffron-with-melatonin-60-caps"]}]},{"@type":"ImageObject","inLanguage":"de-CH","@id":"https:\/\/ecosupplements.ch\/?product=yango-saffron-with-melatonin-60-caps#primaryimage","url":"https:\/\/ecosupplements.ch\/wp-content\/uploads\/2026\/05\/YANGO-Saffron-with-melatonin-60-caps.jpg","contentUrl":"https:\/\/ecosupplements.ch\/wp-content\/uploads\/2026\/05\/YANGO-Saffron-with-melatonin-60-caps.jpg","width":800,"height":800,"caption":"YANGO Saffron with melatonin (60 caps)"},{"@type":"BreadcrumbList","@id":"https:\/\/ecosupplements.ch\/?product=yango-saffron-with-melatonin-60-caps#breadcrumb","itemListElement":[{"@type":"ListItem","position":1,"name":"Home","item":"https:\/\/ecosupplements.ch\/"},{"@type":"ListItem","position":2,"name":"Shop","item":"https:\/\/ecosupplements.ch\/?page_id=14"},{"@type":"ListItem","position":3,"name":"YANGO Saffron with melatonin (60 caps)"}]},{"@type":"WebSite","@id":"https:\/\/ecosupplements.ch\/#website","url":"https:\/\/ecosupplements.ch\/","name":"Eco Supplements","description":"","potentialAction":[{"@type":"SearchAction","target":{"@type":"EntryPoint","urlTemplate":"https:\/\/ecosupplements.ch\/?s={search_term_string}"},"query-input":{"@type":"PropertyValueSpecification","valueRequired":true,"valueName":"search_term_string"}}],"inLanguage":"de-CH"}]},"product_price_amount":"15.37","product_price_currency":"CHF","og_availability":"out of stock","product_availability":"out of stock","product_retailer_item_id":"5904194061944","product_condition":"new"},"_links":{"self":[{"href":"https:\/\/ecosupplements.ch\/index.php?rest_route=\/wp\/v2\/product\/6876","targetHints":{"allow":["GET"]}}],"collection":[{"href":"https:\/\/ecosupplements.ch\/index.php?rest_route=\/wp\/v2\/product"}],"about":[{"href":"https:\/\/ecosupplements.ch\/index.php?rest_route=\/wp\/v2\/types\/product"}],"replies":[{"embeddable":true,"href":"https:\/\/ecosupplements.ch\/index.php?rest_route=%2Fwp%2Fv2%2Fcomments&post=6876"}],"wp:featuredmedia":[{"embeddable":true,"href":"https:\/\/ecosupplements.ch\/index.php?rest_route=\/wp\/v2\/media\/6877"}],"wp:attachment":[{"href":"https:\/\/ecosupplements.ch\/index.php?rest_route=%2Fwp%2Fv2%2Fmedia&parent=6876"}],"wp:term":[{"taxonomy":"product_brand","embeddable":true,"href":"https:\/\/ecosupplements.ch\/index.php?rest_route=%2Fwp%2Fv2%2Fproduct_brand&post=6876"},{"taxonomy":"product_cat","embeddable":true,"href":"https:\/\/ecosupplements.ch\/index.php?rest_route=%2Fwp%2Fv2%2Fproduct_cat&post=6876"},{"taxonomy":"product_tag","embeddable":true,"href":"https:\/\/ecosupplements.ch\/index.php?rest_route=%2Fwp%2Fv2%2Fproduct_tag&post=6876"}],"curies":[{"name":"wp","href":"https:\/\/api.w.org\/{rel}","templated":true}]}}