{"id":6894,"date":"2026-05-11T15:18:19","date_gmt":"2026-05-11T15:18:19","guid":{"rendered":"https:\/\/ecosupplements.ch\/?product=yango-ferrous-ferrous-bisglycinate-ii-90-caps"},"modified":"2026-05-13T07:29:01","modified_gmt":"2026-05-13T07:29:01","slug":"yango-ferrous-ferrous-bisglycinate-ii-90-caps","status":"publish","type":"product","link":"https:\/\/ecosupplements.ch\/?product=yango-ferrous-ferrous-bisglycinate-ii-90-caps","title":{"rendered":"YANGO Ferrous &#8211; ferrous bisglycinate (II) (90 caps)"},"content":{"rendered":"<div class=\"chcg-product-description\">\n<h2 class=\"chcg-heading\">\u00dcber YANGO \u2013 Ferrous \u2013 Eisenbisglycin (II) (90 Kapseln)<\/h2>\n<div class=\"chcg-intro\">\n<p>YANGO Ferrous liefert Eisen in Form von Eisenbisglycin (II) \u2013 einer organischen Verbindung, bei der Eisen an die Aminos\u00e4ure Glycin gebunden ist. Diese Bindungsform wird vom K\u00f6rper besonders gut aufgenommen und ist f\u00fcr den Magen-Darm-Trakt in der Regel gut vertr\u00e4glich.<\/p>\n<p>Eisen tr\u00e4gt zur normalen Bildung roter Blutk\u00f6rperchen und H\u00e4moglobin bei, unterst\u00fctzt den normalen Sauerstofftransport im K\u00f6rper und tr\u00e4gt zu einem normalen Energiestoffwechsel sowie zur Verringerung von M\u00fcdigkeit und Ersch\u00f6pfung bei. Jede Kapsel enth\u00e4lt 20 mg elementares Eisen, was 143 % des N\u00e4hrstoffreferenzwerts entspricht.<\/p>\n<p>Die vegane Kapsel besteht aus pflanzlicher Zellulose und enth\u00e4lt ausschliesslich gut vertr\u00e4gliche Hilfsstoffe. Das Produkt wurde auf Schwermetalle wie Arsen, Cadmium, Blei und Quecksilber gepr\u00fcft und ist frei davon. Eine Packung enth\u00e4lt 90 Kapseln \u2013 das entspricht einem Vorrat f\u00fcr 90 Tage bei t\u00e4glicher Einnahme.<\/p>\n<\/p><\/div>\n<div class=\"chcg-nutrition\">\n<h3>N\u00e4hrwertangaben<\/h3>\n<table class=\"chcg-nutrition-table\">\n<thead>\n<tr>\n<th>N\u00e4hrstoff<\/th>\n<th>Pro Portion (1 Kapsel)<\/th>\n<\/tr>\n<\/thead>\n<tbody>\n<tr>\n<td>Eisenbisglycin (II)<\/td>\n<td>100 mg<\/td>\n<\/tr>\n<tr>\n<td>\u2013 davon Eisen (20 %)<\/td>\n<td>20 mg (143 % NRW*)<\/td>\n<\/tr>\n<\/tbody>\n<\/table>\n<p class=\"chcg-footnote\">* NRW \u2013 N\u00e4hrstoffreferenzwert<\/p>\n<\/p><\/div>\n<div class=\"chcg-ingredients\">\n<h3>Zutaten<\/h3>\n<p>F\u00fcllstoff: mikrokristalline Zellulose, Eisenbisglycin (II) (Eisen).<\/p>\n<p class=\"chcg-capsule-shell\">Kapselh\u00fclle: pflanzliche Zellulose. (vegetarisch).<\/p>\n<\/p><\/div>\n<div class=\"chcg-dosage\">\n<h3>Verzehrempfehlung<\/h3>\n<p>1 Kapsel t\u00e4glich. Die Kapsel mit reichlich Wasser nach einer Mahlzeit schlucken.<\/p>\n<\/p><\/div>\n<div class=\"chcg-warnings\">\n<h3>Warnhinweise<\/h3>\n<p>Personen, die Medikamente einnehmen, sollten vor der Verwendung einen Arzt oder Apotheker konsultieren. Nicht f\u00fcr Kinder empfohlen. Schwangere und stillende Frauen sollten vor der Einnahme einen Arzt konsultieren. Die empfohlene Tagesdosis nicht \u00fcberschreiten. Dieses Nahrungserg\u00e4nzungsmittel kann keine abwechslungsreiche Ern\u00e4hrung und einen gesunden Lebensstil ersetzen.<\/p>\n<\/p><\/div>\n<div class=\"chcg-allergens\">\n<h3>Allergeninformationen<\/h3>\n<p>Keine Allergene deklariert. Das Produkt ist frei von Schwermetallen wie Arsen, Cadmium, Blei und Quecksilber.<\/p>\n<\/p><\/div>\n<div class=\"chcg-storage\">\n<h3>Lagerung<\/h3>\n<p>An einem dunklen, trockenen Ort bei Raumtemperatur und ausserhalb der Reichweite von Kleinkindern aufbewahren.<\/p>\n<\/p><\/div>\n<div class=\"chcg-dietary\">\n<h3>Ern\u00e4hrungshinweise<\/h3>\n<ul>\n<li>Vegan<\/li>\n<li>Vegetarisch<\/li>\n<\/ul><\/div>\n<\/div>\n","protected":false},"excerpt":{"rendered":"<p>YANGO Ferrous liefert 20 mg elementares Eisen pro Kapsel in gut vertr\u00e4glicher Bisglycin-Form \u2013 ideal zur Unterst\u00fctzung eines normalen Energiestoffwechsels. Vegane Kapseln, 90 St\u00fcck pro Packung.<\/p>\n","protected":false},"featured_media":6895,"comment_status":"closed","ping_status":"open","template":"","meta":[],"product_brand":[365],"product_cat":[23,27,110,31,171,21,24],"product_tag":[],"class_list":{"0":"post-6894","1":"product","2":"type-product","3":"status-publish","4":"has-post-thumbnail","6":"product_brand-yango","7":"product_cat-einige-mineralien","8":"product_cat-einige-vitamine","9":"product_cat-eisen","10":"product_cat-vitamin-k","11":"product_cat-vitamine-und-mineralien","12":"product_cat-vitamine-und-mineralstoffe","13":"product_cat-zink","15":"first","16":"outofstock","17":"taxable","18":"shipping-taxable","19":"purchasable","20":"product-type-simple"},"yoast_head":"<!-- This site is optimized with the Yoast SEO plugin v27.5 - https:\/\/yoast.com\/product\/yoast-seo-wordpress\/ -->\n<title>YANGO Ferrous Eisenbisglycin 90 Kapseln | ecosupplements.ch<\/title>\n<meta name=\"description\" content=\"20 mg Eisen pro Kapsel in gut vertr\u00e4glicher Bisglycin-Form \u2013 vegan, 90 Tage Vorrat. Jetzt bestellen.\" \/>\n<meta name=\"robots\" content=\"index, follow, max-snippet:-1, max-image-preview:large, max-video-preview:-1\" \/>\n<link rel=\"canonical\" href=\"https:\/\/ecosupplements.ch\/?product=yango-ferrous-ferrous-bisglycinate-ii-90-caps\" \/>\n<meta property=\"og:locale\" content=\"de_DE\" \/>\n<meta property=\"og:type\" content=\"article\" \/>\n<meta property=\"og:title\" content=\"YANGO Ferrous Eisenbisglycin 90 Kapseln | ecosupplements.ch\" \/>\n<meta property=\"og:description\" content=\"20 mg Eisen pro Kapsel in gut vertr\u00e4glicher Bisglycin-Form \u2013 vegan, 90 Tage Vorrat. Jetzt bestellen.\" \/>\n<meta property=\"og:url\" content=\"https:\/\/ecosupplements.ch\/?product=yango-ferrous-ferrous-bisglycinate-ii-90-caps\" \/>\n<meta property=\"og:site_name\" content=\"Eco Supplements\" \/>\n<meta property=\"article:modified_time\" content=\"2026-05-13T07:29:01+00:00\" \/>\n<meta property=\"og:image\" content=\"https:\/\/ecosupplements.ch\/wp-content\/uploads\/2026\/05\/YANGO-Ferrous-ferrous-bisglycinate-II-90-caps.jpg\" \/>\n\t<meta property=\"og:image:width\" content=\"800\" \/>\n\t<meta property=\"og:image:height\" content=\"800\" \/>\n\t<meta property=\"og:image:type\" content=\"image\/jpeg\" \/>\n<meta name=\"twitter:card\" content=\"summary_large_image\" \/>\n<meta name=\"twitter:label1\" content=\"Price\" \/>\n\t<meta name=\"twitter:data1\" content=\"&#067;&#072;&#070;&nbsp;12.23\" \/>\n\t<meta name=\"twitter:label2\" content=\"Availability\" \/>\n\t<meta name=\"twitter:data2\" content=\"Out of stock\" \/>\n<script type=\"application\/ld+json\" class=\"yoast-schema-graph\">{\"@context\":\"https:\\\/\\\/schema.org\",\"@graph\":[{\"@type\":\"WebPage\",\"@id\":\"https:\\\/\\\/ecosupplements.ch\\\/?product=yango-ferrous-ferrous-bisglycinate-ii-90-caps\",\"url\":\"https:\\\/\\\/ecosupplements.ch\\\/?product=yango-ferrous-ferrous-bisglycinate-ii-90-caps\",\"name\":\"YANGO Ferrous Eisenbisglycin 90 Kapseln | ecosupplements.ch\",\"isPartOf\":{\"@id\":\"https:\\\/\\\/ecosupplements.ch\\\/#website\"},\"primaryImageOfPage\":{\"@id\":\"https:\\\/\\\/ecosupplements.ch\\\/?product=yango-ferrous-ferrous-bisglycinate-ii-90-caps#primaryimage\"},\"image\":{\"@id\":\"https:\\\/\\\/ecosupplements.ch\\\/?product=yango-ferrous-ferrous-bisglycinate-ii-90-caps#primaryimage\"},\"thumbnailUrl\":\"https:\\\/\\\/ecosupplements.ch\\\/wp-content\\\/uploads\\\/2026\\\/05\\\/YANGO-Ferrous-ferrous-bisglycinate-II-90-caps.jpg\",\"datePublished\":\"2026-05-11T15:18:19+00:00\",\"dateModified\":\"2026-05-13T07:29:01+00:00\",\"description\":\"20 mg Eisen pro Kapsel in gut vertr\u00e4glicher Bisglycin-Form \u2013 vegan, 90 Tage Vorrat. Jetzt bestellen.\",\"breadcrumb\":{\"@id\":\"https:\\\/\\\/ecosupplements.ch\\\/?product=yango-ferrous-ferrous-bisglycinate-ii-90-caps#breadcrumb\"},\"inLanguage\":\"de-CH\",\"potentialAction\":[{\"@type\":\"ReadAction\",\"target\":[\"https:\\\/\\\/ecosupplements.ch\\\/?product=yango-ferrous-ferrous-bisglycinate-ii-90-caps\"]}]},{\"@type\":\"ImageObject\",\"inLanguage\":\"de-CH\",\"@id\":\"https:\\\/\\\/ecosupplements.ch\\\/?product=yango-ferrous-ferrous-bisglycinate-ii-90-caps#primaryimage\",\"url\":\"https:\\\/\\\/ecosupplements.ch\\\/wp-content\\\/uploads\\\/2026\\\/05\\\/YANGO-Ferrous-ferrous-bisglycinate-II-90-caps.jpg\",\"contentUrl\":\"https:\\\/\\\/ecosupplements.ch\\\/wp-content\\\/uploads\\\/2026\\\/05\\\/YANGO-Ferrous-ferrous-bisglycinate-II-90-caps.jpg\",\"width\":800,\"height\":800,\"caption\":\"YANGO Ferrous - ferrous bisglycinate (II) (90 caps)\"},{\"@type\":\"BreadcrumbList\",\"@id\":\"https:\\\/\\\/ecosupplements.ch\\\/?product=yango-ferrous-ferrous-bisglycinate-ii-90-caps#breadcrumb\",\"itemListElement\":[{\"@type\":\"ListItem\",\"position\":1,\"name\":\"Home\",\"item\":\"https:\\\/\\\/ecosupplements.ch\\\/\"},{\"@type\":\"ListItem\",\"position\":2,\"name\":\"Shop\",\"item\":\"https:\\\/\\\/ecosupplements.ch\\\/?page_id=14\"},{\"@type\":\"ListItem\",\"position\":3,\"name\":\"YANGO Ferrous &#8211; ferrous bisglycinate (II) (90 caps)\"}]},{\"@type\":\"WebSite\",\"@id\":\"https:\\\/\\\/ecosupplements.ch\\\/#website\",\"url\":\"https:\\\/\\\/ecosupplements.ch\\\/\",\"name\":\"Eco Supplements\",\"description\":\"\",\"potentialAction\":[{\"@type\":\"SearchAction\",\"target\":{\"@type\":\"EntryPoint\",\"urlTemplate\":\"https:\\\/\\\/ecosupplements.ch\\\/?s={search_term_string}\"},\"query-input\":{\"@type\":\"PropertyValueSpecification\",\"valueRequired\":true,\"valueName\":\"search_term_string\"}}],\"inLanguage\":\"de-CH\"}]}<\/script>\n<meta property=\"product:price:amount\" content=\"12.23\" \/>\n<meta property=\"product:price:currency\" content=\"CHF\" \/>\n<meta property=\"og:availability\" content=\"out of stock\" \/>\n<meta property=\"product:availability\" content=\"out of stock\" \/>\n<meta property=\"product:retailer_item_id\" content=\"5905279845923\" \/>\n<meta property=\"product:condition\" content=\"new\" \/>\n<!-- \/ Yoast SEO plugin. -->","yoast_head_json":{"title":"YANGO Ferrous Eisenbisglycin 90 Kapseln | ecosupplements.ch","description":"20 mg Eisen pro Kapsel in gut vertr\u00e4glicher Bisglycin-Form \u2013 vegan, 90 Tage Vorrat. Jetzt bestellen.","robots":{"index":"index","follow":"follow","max-snippet":"max-snippet:-1","max-image-preview":"max-image-preview:large","max-video-preview":"max-video-preview:-1"},"canonical":"https:\/\/ecosupplements.ch\/?product=yango-ferrous-ferrous-bisglycinate-ii-90-caps","og_locale":"de_DE","og_type":"article","og_title":"YANGO Ferrous Eisenbisglycin 90 Kapseln | ecosupplements.ch","og_description":"20 mg Eisen pro Kapsel in gut vertr\u00e4glicher Bisglycin-Form \u2013 vegan, 90 Tage Vorrat. Jetzt bestellen.","og_url":"https:\/\/ecosupplements.ch\/?product=yango-ferrous-ferrous-bisglycinate-ii-90-caps","og_site_name":"Eco Supplements","article_modified_time":"2026-05-13T07:29:01+00:00","og_image":[{"width":800,"height":800,"url":"https:\/\/ecosupplements.ch\/wp-content\/uploads\/2026\/05\/YANGO-Ferrous-ferrous-bisglycinate-II-90-caps.jpg","type":"image\/jpeg"}],"twitter_card":"summary_large_image","twitter_misc":{"Price":"&#67;&#72;&#70;&nbsp;12.23","Availability":"Out of stock"},"schema":{"@context":"https:\/\/schema.org","@graph":[{"@type":"WebPage","@id":"https:\/\/ecosupplements.ch\/?product=yango-ferrous-ferrous-bisglycinate-ii-90-caps","url":"https:\/\/ecosupplements.ch\/?product=yango-ferrous-ferrous-bisglycinate-ii-90-caps","name":"YANGO Ferrous Eisenbisglycin 90 Kapseln | ecosupplements.ch","isPartOf":{"@id":"https:\/\/ecosupplements.ch\/#website"},"primaryImageOfPage":{"@id":"https:\/\/ecosupplements.ch\/?product=yango-ferrous-ferrous-bisglycinate-ii-90-caps#primaryimage"},"image":{"@id":"https:\/\/ecosupplements.ch\/?product=yango-ferrous-ferrous-bisglycinate-ii-90-caps#primaryimage"},"thumbnailUrl":"https:\/\/ecosupplements.ch\/wp-content\/uploads\/2026\/05\/YANGO-Ferrous-ferrous-bisglycinate-II-90-caps.jpg","datePublished":"2026-05-11T15:18:19+00:00","dateModified":"2026-05-13T07:29:01+00:00","description":"20 mg Eisen pro Kapsel in gut vertr\u00e4glicher Bisglycin-Form \u2013 vegan, 90 Tage Vorrat. Jetzt bestellen.","breadcrumb":{"@id":"https:\/\/ecosupplements.ch\/?product=yango-ferrous-ferrous-bisglycinate-ii-90-caps#breadcrumb"},"inLanguage":"de-CH","potentialAction":[{"@type":"ReadAction","target":["https:\/\/ecosupplements.ch\/?product=yango-ferrous-ferrous-bisglycinate-ii-90-caps"]}]},{"@type":"ImageObject","inLanguage":"de-CH","@id":"https:\/\/ecosupplements.ch\/?product=yango-ferrous-ferrous-bisglycinate-ii-90-caps#primaryimage","url":"https:\/\/ecosupplements.ch\/wp-content\/uploads\/2026\/05\/YANGO-Ferrous-ferrous-bisglycinate-II-90-caps.jpg","contentUrl":"https:\/\/ecosupplements.ch\/wp-content\/uploads\/2026\/05\/YANGO-Ferrous-ferrous-bisglycinate-II-90-caps.jpg","width":800,"height":800,"caption":"YANGO Ferrous - ferrous bisglycinate (II) (90 caps)"},{"@type":"BreadcrumbList","@id":"https:\/\/ecosupplements.ch\/?product=yango-ferrous-ferrous-bisglycinate-ii-90-caps#breadcrumb","itemListElement":[{"@type":"ListItem","position":1,"name":"Home","item":"https:\/\/ecosupplements.ch\/"},{"@type":"ListItem","position":2,"name":"Shop","item":"https:\/\/ecosupplements.ch\/?page_id=14"},{"@type":"ListItem","position":3,"name":"YANGO Ferrous &#8211; ferrous bisglycinate (II) (90 caps)"}]},{"@type":"WebSite","@id":"https:\/\/ecosupplements.ch\/#website","url":"https:\/\/ecosupplements.ch\/","name":"Eco Supplements","description":"","potentialAction":[{"@type":"SearchAction","target":{"@type":"EntryPoint","urlTemplate":"https:\/\/ecosupplements.ch\/?s={search_term_string}"},"query-input":{"@type":"PropertyValueSpecification","valueRequired":true,"valueName":"search_term_string"}}],"inLanguage":"de-CH"}]},"product_price_amount":"12.23","product_price_currency":"CHF","og_availability":"out of stock","product_availability":"out of stock","product_retailer_item_id":"5905279845923","product_condition":"new"},"_links":{"self":[{"href":"https:\/\/ecosupplements.ch\/index.php?rest_route=\/wp\/v2\/product\/6894","targetHints":{"allow":["GET"]}}],"collection":[{"href":"https:\/\/ecosupplements.ch\/index.php?rest_route=\/wp\/v2\/product"}],"about":[{"href":"https:\/\/ecosupplements.ch\/index.php?rest_route=\/wp\/v2\/types\/product"}],"replies":[{"embeddable":true,"href":"https:\/\/ecosupplements.ch\/index.php?rest_route=%2Fwp%2Fv2%2Fcomments&post=6894"}],"wp:featuredmedia":[{"embeddable":true,"href":"https:\/\/ecosupplements.ch\/index.php?rest_route=\/wp\/v2\/media\/6895"}],"wp:attachment":[{"href":"https:\/\/ecosupplements.ch\/index.php?rest_route=%2Fwp%2Fv2%2Fmedia&parent=6894"}],"wp:term":[{"taxonomy":"product_brand","embeddable":true,"href":"https:\/\/ecosupplements.ch\/index.php?rest_route=%2Fwp%2Fv2%2Fproduct_brand&post=6894"},{"taxonomy":"product_cat","embeddable":true,"href":"https:\/\/ecosupplements.ch\/index.php?rest_route=%2Fwp%2Fv2%2Fproduct_cat&post=6894"},{"taxonomy":"product_tag","embeddable":true,"href":"https:\/\/ecosupplements.ch\/index.php?rest_route=%2Fwp%2Fv2%2Fproduct_tag&post=6894"}],"curies":[{"name":"wp","href":"https:\/\/api.w.org\/{rel}","templated":true}]}}