{"id":6900,"date":"2026-05-11T15:18:22","date_gmt":"2026-05-11T15:18:22","guid":{"rendered":"https:\/\/ecosupplements.ch\/?product=zeolithmed-micronized-medical-zeolite-400-g"},"modified":"2026-05-13T07:29:01","modified_gmt":"2026-05-13T07:29:01","slug":"zeolithmed-micronized-medical-zeolite-400-g","status":"publish","type":"product","link":"https:\/\/ecosupplements.ch\/?product=zeolithmed-micronized-medical-zeolite-400-g","title":{"rendered":"ZEOLITHMED Micronized Medical Zeolite (400 g)"},"content":{"rendered":"<div class=\"chcg-product-description\">\n<h2 class=\"chcg-heading\">\u00dcber ZeolithMED \u2013 ZEOLITHMED Micronized Medical Zeolite (400 g)<\/h2>\n<div class=\"chcg-intro\">\n<p>ZEOLITHMED ist ein CE-zertifiziertes Medizinprodukt auf Basis von 100 % nat\u00fcrlichem, mechanisch aktiviertem Klinoptilolith-Zeolith. Das fein mikronisierte Pulver mit einer durchschnittlichen Korngr\u00f6sse von ca. 35 \u00b5m wird ausschliesslich mechanisch aufbereitet \u2013 ohne jegliche Zusatzstoffe oder Beimischungen. Das Produkt ist nanofrei und enth\u00e4lt keinerlei Fremdsubstanzen.<\/p>\n<p>Klinoptilolith-Zeolith ist ein nat\u00fcrliches Silikatmineral mit einer charakteristischen Ger\u00fcststruktur und hoher Porosit\u00e4t. Er ist im K\u00f6rper weder l\u00f6slich noch wird er resorbiert und passiert den Magen-Darm-Trakt unver\u00e4ndert. Dank seiner mikronisierten Form entfaltet er seine physikalischen Eigenschaften im gesamten Verdauungstrakt.<\/p>\n<p>ZEOLITHMED wird in einer praktischen 400-g-Dose geliefert \u2013 wahlweise in einer weichmacherfreien Metalldose oder im Miron-Violettglasbeh\u00e4lter zum optimalen Licht- und Qualit\u00e4tsschutz. Die Dose reicht bei einer Einnahme von 3-mal t\u00e4glich 1 geh\u00e4uften Teel\u00f6ffel (2 g) f\u00fcr ca. 66 Tage.<\/p>\n<\/p><\/div>\n<div class=\"chcg-ingredients\">\n<h3>Zutaten<\/h3>\n<p>100 % nat\u00fcrlicher, mechanisch aktivierter Klinoptilolith-Zeolith (klinoptilolithreicher zeolithischer Tuff). Ohne Zusatzstoffe oder Beimischungen. Durchschnittliche Korngr\u00f6sse ca. 35 \u00b5m. Nanofrei.<\/p>\n<\/p><\/div>\n<div class=\"chcg-dosage\">\n<h3>Verzehrempfehlung<\/h3>\n<p>Medizinprodukt zur oralen Anwendung: 1 geh\u00e4uften Teel\u00f6ffel (= 2 g) in ein Glas Wasser (250 ml) einr\u00fchren und zu einer Mahlzeit trinken, 2\u20133-mal t\u00e4glich. Maximale Einnahmedauer: 12 Wochen. Bei einer Wiedereinnahme ist eine Pause von mindestens einer Woche einzuhalten. Eine 400-g-Dose reicht bei 3-mal t\u00e4glicher Anwendung von je 1 geh\u00e4uften Teel\u00f6ffel (2 g) f\u00fcr ca. 66 Tage. Nach der Einnahme von Medikamenten ist ein zeitlicher Abstand von mindestens 2 Stunden einzuhalten.<\/p>\n<\/p><\/div>\n<div class=\"chcg-warnings\">\n<h3>Warnhinweise<\/h3>\n<p>Als m\u00f6gliche Nebenwirkung kann Verstopfung auftreten, die durch eine erh\u00f6hte Fl\u00fcssigkeitszufuhr und Anpassung der Dosierung reguliert werden kann. W\u00e4hrend der Einnahme ist auf ausreichende Fl\u00fcssigkeitszufuhr zu achten. Nach der Einnahme von Medikamenten ist ein Mindestabstand von 2 Stunden einzuhalten. Die Hinweise auf dem Etikett sind zu beachten. Ausserhalb der Reichweite von Kindern aufbewahren.<\/p>\n<\/p><\/div>\n<div class=\"chcg-allergens\">\n<h3>Allergeninformationen<\/h3>\n<p>Keine Allergene deklariert. Das Produkt enth\u00e4lt keine Zusatzstoffe oder Beimischungen.<\/p>\n<\/p><\/div>\n<div class=\"chcg-storage\">\n<h3>Lagerung<\/h3>\n<p>An einem trockenen Ort lagern. Erh\u00e4ltlich in weichmacherfreien Metalldosen oder Miron-Violettglasbeh\u00e4ltern f\u00fcr eine sachgerechte Aufbewahrung und optimalen Lichtschutz.<\/p>\n<\/p><\/div>\n<div class=\"chcg-dietary\">\n<h3>Ern\u00e4hrungshinweise<\/h3>\n<ul>\n<li>Vegan<\/li>\n<li>Vegetarisch<\/li>\n<li>Glutenfrei<\/li>\n<li>Laktosefrei<\/li>\n<\/ul><\/div>\n<\/div>\n","protected":false},"excerpt":{"rendered":"<p>ZEOLITHMED ist ein CE-zertifiziertes Medizinprodukt auf Basis von 100 % nat\u00fcrlichem, mikronisiertem Klinoptilolith-Zeolith \u2013 nanofrei und ohne Zusatzstoffe. Das feine Pulver (400 g) wird in Wasser einger\u00fchrt und oral eingenommen.<\/p>\n","protected":false},"featured_media":6901,"comment_status":"closed","ping_status":"open","template":"","meta":[],"product_brand":[506],"product_cat":[20],"product_tag":[],"class_list":{"0":"post-6900","1":"product","2":"type-product","3":"status-publish","4":"has-post-thumbnail","6":"product_brand-zeolithmed","7":"product_cat-neue-produkte","9":"first","10":"outofstock","11":"taxable","12":"shipping-taxable","13":"purchasable","14":"product-type-simple"},"yoast_head":"<!-- This site is optimized with the Yoast SEO plugin v27.5 - https:\/\/yoast.com\/product\/yoast-seo-wordpress\/ -->\n<title>ZEOLITHMED Micronized Medical Zeolite 400g \u2013 ZeolithMED<\/title>\n<meta name=\"description\" content=\"CE-zertifiziertes Klinoptilolith-Zeolith-Pulver, mikronisiert, nanofrei und ohne Zusatzstoffe \u2013 400 g f\u00fcr ca. 66 Tage. Jetzt bestellen.\" \/>\n<meta name=\"robots\" content=\"index, follow, max-snippet:-1, max-image-preview:large, max-video-preview:-1\" \/>\n<link rel=\"canonical\" href=\"https:\/\/ecosupplements.ch\/?product=zeolithmed-micronized-medical-zeolite-400-g\" \/>\n<meta property=\"og:locale\" content=\"de_DE\" \/>\n<meta property=\"og:type\" content=\"article\" \/>\n<meta property=\"og:title\" content=\"ZEOLITHMED Micronized Medical Zeolite 400g \u2013 ZeolithMED\" \/>\n<meta property=\"og:description\" content=\"CE-zertifiziertes Klinoptilolith-Zeolith-Pulver, mikronisiert, nanofrei und ohne Zusatzstoffe \u2013 400 g f\u00fcr ca. 66 Tage. Jetzt bestellen.\" \/>\n<meta property=\"og:url\" content=\"https:\/\/ecosupplements.ch\/?product=zeolithmed-micronized-medical-zeolite-400-g\" \/>\n<meta property=\"og:site_name\" content=\"Eco Supplements\" \/>\n<meta property=\"article:modified_time\" content=\"2026-05-13T07:29:01+00:00\" \/>\n<meta property=\"og:image\" content=\"https:\/\/ecosupplements.ch\/wp-content\/uploads\/2026\/05\/ZEOLITHMED-Micronized-Medical-Zeolite-400-g.jpg\" \/>\n\t<meta property=\"og:image:width\" content=\"950\" \/>\n\t<meta property=\"og:image:height\" content=\"570\" \/>\n\t<meta property=\"og:image:type\" content=\"image\/jpeg\" \/>\n<meta name=\"twitter:card\" content=\"summary_large_image\" \/>\n<meta name=\"twitter:label1\" content=\"Price\" \/>\n\t<meta name=\"twitter:data1\" content=\"&#067;&#072;&#070;&nbsp;41.50\" \/>\n\t<meta name=\"twitter:label2\" content=\"Availability\" \/>\n\t<meta name=\"twitter:data2\" content=\"Out of stock\" \/>\n<script type=\"application\/ld+json\" class=\"yoast-schema-graph\">{\"@context\":\"https:\\\/\\\/schema.org\",\"@graph\":[{\"@type\":\"WebPage\",\"@id\":\"https:\\\/\\\/ecosupplements.ch\\\/?product=zeolithmed-micronized-medical-zeolite-400-g\",\"url\":\"https:\\\/\\\/ecosupplements.ch\\\/?product=zeolithmed-micronized-medical-zeolite-400-g\",\"name\":\"ZEOLITHMED Micronized Medical Zeolite 400g \u2013 ZeolithMED\",\"isPartOf\":{\"@id\":\"https:\\\/\\\/ecosupplements.ch\\\/#website\"},\"primaryImageOfPage\":{\"@id\":\"https:\\\/\\\/ecosupplements.ch\\\/?product=zeolithmed-micronized-medical-zeolite-400-g#primaryimage\"},\"image\":{\"@id\":\"https:\\\/\\\/ecosupplements.ch\\\/?product=zeolithmed-micronized-medical-zeolite-400-g#primaryimage\"},\"thumbnailUrl\":\"https:\\\/\\\/ecosupplements.ch\\\/wp-content\\\/uploads\\\/2026\\\/05\\\/ZEOLITHMED-Micronized-Medical-Zeolite-400-g.jpg\",\"datePublished\":\"2026-05-11T15:18:22+00:00\",\"dateModified\":\"2026-05-13T07:29:01+00:00\",\"description\":\"CE-zertifiziertes Klinoptilolith-Zeolith-Pulver, mikronisiert, nanofrei und ohne Zusatzstoffe \u2013 400 g f\u00fcr ca. 66 Tage. Jetzt bestellen.\",\"breadcrumb\":{\"@id\":\"https:\\\/\\\/ecosupplements.ch\\\/?product=zeolithmed-micronized-medical-zeolite-400-g#breadcrumb\"},\"inLanguage\":\"de-CH\",\"potentialAction\":[{\"@type\":\"ReadAction\",\"target\":[\"https:\\\/\\\/ecosupplements.ch\\\/?product=zeolithmed-micronized-medical-zeolite-400-g\"]}]},{\"@type\":\"ImageObject\",\"inLanguage\":\"de-CH\",\"@id\":\"https:\\\/\\\/ecosupplements.ch\\\/?product=zeolithmed-micronized-medical-zeolite-400-g#primaryimage\",\"url\":\"https:\\\/\\\/ecosupplements.ch\\\/wp-content\\\/uploads\\\/2026\\\/05\\\/ZEOLITHMED-Micronized-Medical-Zeolite-400-g.jpg\",\"contentUrl\":\"https:\\\/\\\/ecosupplements.ch\\\/wp-content\\\/uploads\\\/2026\\\/05\\\/ZEOLITHMED-Micronized-Medical-Zeolite-400-g.jpg\",\"width\":950,\"height\":570,\"caption\":\"ZEOLITHMED Micronized Medical Zeolite (400 g)\"},{\"@type\":\"BreadcrumbList\",\"@id\":\"https:\\\/\\\/ecosupplements.ch\\\/?product=zeolithmed-micronized-medical-zeolite-400-g#breadcrumb\",\"itemListElement\":[{\"@type\":\"ListItem\",\"position\":1,\"name\":\"Home\",\"item\":\"https:\\\/\\\/ecosupplements.ch\\\/\"},{\"@type\":\"ListItem\",\"position\":2,\"name\":\"Shop\",\"item\":\"https:\\\/\\\/ecosupplements.ch\\\/?page_id=14\"},{\"@type\":\"ListItem\",\"position\":3,\"name\":\"ZEOLITHMED Micronized Medical Zeolite (400 g)\"}]},{\"@type\":\"WebSite\",\"@id\":\"https:\\\/\\\/ecosupplements.ch\\\/#website\",\"url\":\"https:\\\/\\\/ecosupplements.ch\\\/\",\"name\":\"Eco Supplements\",\"description\":\"\",\"potentialAction\":[{\"@type\":\"SearchAction\",\"target\":{\"@type\":\"EntryPoint\",\"urlTemplate\":\"https:\\\/\\\/ecosupplements.ch\\\/?s={search_term_string}\"},\"query-input\":{\"@type\":\"PropertyValueSpecification\",\"valueRequired\":true,\"valueName\":\"search_term_string\"}}],\"inLanguage\":\"de-CH\"}]}<\/script>\n<meta property=\"product:price:amount\" content=\"41.50\" \/>\n<meta property=\"product:price:currency\" content=\"CHF\" \/>\n<meta property=\"og:availability\" content=\"out of stock\" \/>\n<meta property=\"product:availability\" content=\"out of stock\" \/>\n<meta property=\"product:retailer_item_id\" content=\"9120127210333\" \/>\n<meta property=\"product:condition\" content=\"new\" \/>\n<!-- \/ Yoast SEO plugin. -->","yoast_head_json":{"title":"ZEOLITHMED Micronized Medical Zeolite 400g \u2013 ZeolithMED","description":"CE-zertifiziertes Klinoptilolith-Zeolith-Pulver, mikronisiert, nanofrei und ohne Zusatzstoffe \u2013 400 g f\u00fcr ca. 66 Tage. Jetzt bestellen.","robots":{"index":"index","follow":"follow","max-snippet":"max-snippet:-1","max-image-preview":"max-image-preview:large","max-video-preview":"max-video-preview:-1"},"canonical":"https:\/\/ecosupplements.ch\/?product=zeolithmed-micronized-medical-zeolite-400-g","og_locale":"de_DE","og_type":"article","og_title":"ZEOLITHMED Micronized Medical Zeolite 400g \u2013 ZeolithMED","og_description":"CE-zertifiziertes Klinoptilolith-Zeolith-Pulver, mikronisiert, nanofrei und ohne Zusatzstoffe \u2013 400 g f\u00fcr ca. 66 Tage. Jetzt bestellen.","og_url":"https:\/\/ecosupplements.ch\/?product=zeolithmed-micronized-medical-zeolite-400-g","og_site_name":"Eco Supplements","article_modified_time":"2026-05-13T07:29:01+00:00","og_image":[{"width":950,"height":570,"url":"https:\/\/ecosupplements.ch\/wp-content\/uploads\/2026\/05\/ZEOLITHMED-Micronized-Medical-Zeolite-400-g.jpg","type":"image\/jpeg"}],"twitter_card":"summary_large_image","twitter_misc":{"Price":"&#67;&#72;&#70;&nbsp;41.50","Availability":"Out of stock"},"schema":{"@context":"https:\/\/schema.org","@graph":[{"@type":"WebPage","@id":"https:\/\/ecosupplements.ch\/?product=zeolithmed-micronized-medical-zeolite-400-g","url":"https:\/\/ecosupplements.ch\/?product=zeolithmed-micronized-medical-zeolite-400-g","name":"ZEOLITHMED Micronized Medical Zeolite 400g \u2013 ZeolithMED","isPartOf":{"@id":"https:\/\/ecosupplements.ch\/#website"},"primaryImageOfPage":{"@id":"https:\/\/ecosupplements.ch\/?product=zeolithmed-micronized-medical-zeolite-400-g#primaryimage"},"image":{"@id":"https:\/\/ecosupplements.ch\/?product=zeolithmed-micronized-medical-zeolite-400-g#primaryimage"},"thumbnailUrl":"https:\/\/ecosupplements.ch\/wp-content\/uploads\/2026\/05\/ZEOLITHMED-Micronized-Medical-Zeolite-400-g.jpg","datePublished":"2026-05-11T15:18:22+00:00","dateModified":"2026-05-13T07:29:01+00:00","description":"CE-zertifiziertes Klinoptilolith-Zeolith-Pulver, mikronisiert, nanofrei und ohne Zusatzstoffe \u2013 400 g f\u00fcr ca. 66 Tage. Jetzt bestellen.","breadcrumb":{"@id":"https:\/\/ecosupplements.ch\/?product=zeolithmed-micronized-medical-zeolite-400-g#breadcrumb"},"inLanguage":"de-CH","potentialAction":[{"@type":"ReadAction","target":["https:\/\/ecosupplements.ch\/?product=zeolithmed-micronized-medical-zeolite-400-g"]}]},{"@type":"ImageObject","inLanguage":"de-CH","@id":"https:\/\/ecosupplements.ch\/?product=zeolithmed-micronized-medical-zeolite-400-g#primaryimage","url":"https:\/\/ecosupplements.ch\/wp-content\/uploads\/2026\/05\/ZEOLITHMED-Micronized-Medical-Zeolite-400-g.jpg","contentUrl":"https:\/\/ecosupplements.ch\/wp-content\/uploads\/2026\/05\/ZEOLITHMED-Micronized-Medical-Zeolite-400-g.jpg","width":950,"height":570,"caption":"ZEOLITHMED Micronized Medical Zeolite (400 g)"},{"@type":"BreadcrumbList","@id":"https:\/\/ecosupplements.ch\/?product=zeolithmed-micronized-medical-zeolite-400-g#breadcrumb","itemListElement":[{"@type":"ListItem","position":1,"name":"Home","item":"https:\/\/ecosupplements.ch\/"},{"@type":"ListItem","position":2,"name":"Shop","item":"https:\/\/ecosupplements.ch\/?page_id=14"},{"@type":"ListItem","position":3,"name":"ZEOLITHMED Micronized Medical Zeolite (400 g)"}]},{"@type":"WebSite","@id":"https:\/\/ecosupplements.ch\/#website","url":"https:\/\/ecosupplements.ch\/","name":"Eco Supplements","description":"","potentialAction":[{"@type":"SearchAction","target":{"@type":"EntryPoint","urlTemplate":"https:\/\/ecosupplements.ch\/?s={search_term_string}"},"query-input":{"@type":"PropertyValueSpecification","valueRequired":true,"valueName":"search_term_string"}}],"inLanguage":"de-CH"}]},"product_price_amount":"41.50","product_price_currency":"CHF","og_availability":"out of stock","product_availability":"out of stock","product_retailer_item_id":"9120127210333","product_condition":"new"},"_links":{"self":[{"href":"https:\/\/ecosupplements.ch\/index.php?rest_route=\/wp\/v2\/product\/6900","targetHints":{"allow":["GET"]}}],"collection":[{"href":"https:\/\/ecosupplements.ch\/index.php?rest_route=\/wp\/v2\/product"}],"about":[{"href":"https:\/\/ecosupplements.ch\/index.php?rest_route=\/wp\/v2\/types\/product"}],"replies":[{"embeddable":true,"href":"https:\/\/ecosupplements.ch\/index.php?rest_route=%2Fwp%2Fv2%2Fcomments&post=6900"}],"wp:featuredmedia":[{"embeddable":true,"href":"https:\/\/ecosupplements.ch\/index.php?rest_route=\/wp\/v2\/media\/6901"}],"wp:attachment":[{"href":"https:\/\/ecosupplements.ch\/index.php?rest_route=%2Fwp%2Fv2%2Fmedia&parent=6900"}],"wp:term":[{"taxonomy":"product_brand","embeddable":true,"href":"https:\/\/ecosupplements.ch\/index.php?rest_route=%2Fwp%2Fv2%2Fproduct_brand&post=6900"},{"taxonomy":"product_cat","embeddable":true,"href":"https:\/\/ecosupplements.ch\/index.php?rest_route=%2Fwp%2Fv2%2Fproduct_cat&post=6900"},{"taxonomy":"product_tag","embeddable":true,"href":"https:\/\/ecosupplements.ch\/index.php?rest_route=%2Fwp%2Fv2%2Fproduct_tag&post=6900"}],"curies":[{"name":"wp","href":"https:\/\/api.w.org\/{rel}","templated":true}]}}