{"id":6918,"date":"2026-05-11T15:18:30","date_gmt":"2026-05-11T15:18:30","guid":{"rendered":"https:\/\/ecosupplements.ch\/?product=yango-magnesium-5-form-90-caps"},"modified":"2026-05-13T07:29:03","modified_gmt":"2026-05-13T07:29:03","slug":"yango-magnesium-5-form-90-caps","status":"publish","type":"product","link":"https:\/\/ecosupplements.ch\/?product=yango-magnesium-5-form-90-caps","title":{"rendered":"YANGO Magnesium 5 Form (90 caps.)"},"content":{"rendered":"<div class=\"chcg-product-description\">\n<h2 class=\"chcg-heading\">\u00dcber Yango \u2013 YANGO Magnesium 5 Form (90 Kapseln)<\/h2>\n<div class=\"chcg-intro\">\n<p>Magnesium geh\u00f6rt zu den wichtigsten Mineralstoffen des menschlichen K\u00f6rpers und ist an Hunderten von Stoffwechselprozessen beteiligt. YANGO Magnesium 5 Form kombiniert f\u00fcnf verschiedene Magnesiumverbindungen in einer einzigen Kapsel: Magnesiumbisglycinat, Magnesiumcitrat, Magnesiumcarbonat, Magnesiummalat und Magnesiumlactat. Diese Kombination erm\u00f6glicht eine breite und ausgewogene Zufuhr des essenziellen Mineralstoffs.<\/p>\n<p>Magnesium tr\u00e4gt zur Verringerung von M\u00fcdigkeit und Ersch\u00f6pfung bei, unterst\u00fctzt die normale Muskelfunktion sowie die normale Funktion des Nervensystems und leistet einen Beitrag zur normalen psychischen Funktion. Die t\u00e4gliche Portion von drei Kapseln liefert 376,5 mg Magnesiumionen, was 100 % des N\u00e4hrstoffreferenzwertes (NRV) entspricht.<\/p>\n<p>Mit seiner rein pflanzlichen Kapselh\u00fclle aus Pflanzenzellulose ist das Produkt f\u00fcr Veganer und Vegetarier geeignet und frei von Gluten sowie Laktose. YANGO Magnesium 5 Form ist eine praktische und hochwertige Wahl f\u00fcr alle, die ihre t\u00e4gliche Magnesiumversorgung gezielt unterst\u00fctzen m\u00f6chten.<\/p>\n<\/p><\/div>\n<div class=\"chcg-nutrition\">\n<h3>N\u00e4hrwertangaben<\/h3>\n<table class=\"chcg-nutrition-table\">\n<thead>\n<tr>\n<th>N\u00e4hrstoff<\/th>\n<th>Pro Kapsel<\/th>\n<th>Pro 3 Kapseln (Tagesportion)<\/th>\n<th>% NRV (3 Kapseln)<\/th>\n<\/tr>\n<\/thead>\n<tbody>\n<tr>\n<td>Magnesiumbisglycinat<\/td>\n<td>200 mg<\/td>\n<td>600 mg<\/td>\n<td>\u2013<\/td>\n<\/tr>\n<tr>\n<td>Magnesiumcitrat<\/td>\n<td>150 mg<\/td>\n<td>450 mg<\/td>\n<td>\u2013<\/td>\n<\/tr>\n<tr>\n<td>Magnesiumcarbonat<\/td>\n<td>150 mg<\/td>\n<td>450 mg<\/td>\n<td>\u2013<\/td>\n<\/tr>\n<tr>\n<td>Magnesiummalat<\/td>\n<td>55 mg<\/td>\n<td>165 mg<\/td>\n<td>\u2013<\/td>\n<\/tr>\n<tr>\n<td>Magnesiumlactat<\/td>\n<td>55 mg<\/td>\n<td>154 mg<\/td>\n<td>\u2013<\/td>\n<\/tr>\n<tr>\n<td>\u2013 davon Magnesiumionen<\/td>\n<td>125,5 mg<\/td>\n<td>376,5 mg<\/td>\n<td>100 %<\/td>\n<\/tr>\n<\/tbody>\n<\/table>\n<p class=\"chcg-footnote\">NRV \u2013 N\u00e4hrstoffreferenzwert<\/p>\n<\/p><\/div>\n<div class=\"chcg-ingredients\">\n<h3>Zutaten<\/h3>\n<p>Magnesiumbisglycinat, Magnesiumcitrat, Magnesiumcarbonat, Magnesiummalat, Magnesiumlactat.<\/p>\n<p class=\"chcg-capsule-shell\">Kapselh\u00fclle: Pflanzenzellulose.<\/p>\n<\/p><\/div>\n<div class=\"chcg-dosage\">\n<h3>Verzehrempfehlung<\/h3>\n<p>3 Kapseln t\u00e4glich als einmalige Dosis. Mit reichlich Wasser nach einer Mahlzeit einnehmen.<\/p>\n<\/p><\/div>\n<div class=\"chcg-warnings\">\n<h3>Warnhinweise<\/h3>\n<p>Die empfohlene Tagesdosis nicht \u00fcberschreiten. Nahrungserg\u00e4nzungsmittel sind kein Ersatz f\u00fcr eine abwechslungsreiche Ern\u00e4hrung und einen gesunden Lebensstil. Personen, die Medikamente einnehmen, sollten vor der Verwendung einen Arzt oder Apotheker konsultieren. Nicht empfohlen f\u00fcr Kinder, Schwangere oder stillende Frauen.<\/p>\n<\/p><\/div>\n<div class=\"chcg-allergens\">\n<h3>Allergeninformationen<\/h3>\n<p>Keine Allergene auf der Verpackung deklariert.<\/p>\n<\/p><\/div>\n<div class=\"chcg-storage\">\n<h3>Lagerung<\/h3>\n<p>An einem trockenen und dunklen Ort bei Raumtemperatur aufbewahren. Ausserhalb der Reichweite von kleinen Kindern aufbewahren.<\/p>\n<\/p><\/div>\n<div class=\"chcg-dietary\">\n<h3>Ern\u00e4hrungshinweise<\/h3>\n<ul>\n<li>Vegan<\/li>\n<li>Vegetarisch<\/li>\n<li>Glutenfrei<\/li>\n<li>Laktosefrei<\/li>\n<\/ul><\/div>\n<\/div>\n","protected":false},"excerpt":{"rendered":"<p>YANGO Magnesium 5 Form liefert f\u00fcnf Magnesiumverbindungen in einer Kapsel und deckt mit 3 Kapseln t\u00e4glich 100 % des N\u00e4hrstoffreferenzwertes ab. Vegane Kapseln, 90 St\u00fcck pro Packung.<\/p>\n","protected":false},"featured_media":6919,"comment_status":"closed","ping_status":"open","template":"","meta":[],"product_brand":[365],"product_cat":[23,94,21,24],"product_tag":[],"class_list":{"0":"post-6918","1":"product","2":"type-product","3":"status-publish","4":"has-post-thumbnail","6":"product_brand-yango","7":"product_cat-einige-mineralien","8":"product_cat-magnesium","9":"product_cat-vitamine-und-mineralstoffe","10":"product_cat-zink","12":"first","13":"outofstock","14":"taxable","15":"shipping-taxable","16":"purchasable","17":"product-type-simple"},"yoast_head":"<!-- This site is optimized with the Yoast SEO plugin v27.5 - https:\/\/yoast.com\/product\/yoast-seo-wordpress\/ -->\n<title>YANGO Magnesium 5 Form 90 Kapseln \u2013 Yango | ecosupplements.ch<\/title>\n<meta name=\"description\" content=\"5 Magnesiumverbindungen in einer veganen Kapsel \u2013 90 Kapseln f\u00fcr 30 Tage, 100 % NRV pro Tagesdosis. Jetzt bestellen.\" \/>\n<meta name=\"robots\" content=\"index, follow, max-snippet:-1, max-image-preview:large, max-video-preview:-1\" \/>\n<link rel=\"canonical\" href=\"https:\/\/ecosupplements.ch\/?product=yango-magnesium-5-form-90-caps\" \/>\n<meta property=\"og:locale\" content=\"de_DE\" \/>\n<meta property=\"og:type\" content=\"article\" \/>\n<meta property=\"og:title\" content=\"YANGO Magnesium 5 Form 90 Kapseln \u2013 Yango | ecosupplements.ch\" \/>\n<meta property=\"og:description\" content=\"5 Magnesiumverbindungen in einer veganen Kapsel \u2013 90 Kapseln f\u00fcr 30 Tage, 100 % NRV pro Tagesdosis. Jetzt bestellen.\" \/>\n<meta property=\"og:url\" content=\"https:\/\/ecosupplements.ch\/?product=yango-magnesium-5-form-90-caps\" \/>\n<meta property=\"og:site_name\" content=\"Eco Supplements\" \/>\n<meta property=\"article:modified_time\" content=\"2026-05-13T07:29:03+00:00\" \/>\n<meta property=\"og:image\" content=\"https:\/\/ecosupplements.ch\/wp-content\/uploads\/2026\/05\/YANGO-Magnesium-5-Form-90-caps.jpg\" \/>\n\t<meta property=\"og:image:width\" content=\"415\" \/>\n\t<meta property=\"og:image:height\" content=\"487\" \/>\n\t<meta property=\"og:image:type\" content=\"image\/jpeg\" \/>\n<meta name=\"twitter:card\" content=\"summary_large_image\" \/>\n<meta name=\"twitter:label1\" content=\"Price\" \/>\n\t<meta name=\"twitter:data1\" content=\"&#067;&#072;&#070;&nbsp;7.22\" \/>\n\t<meta name=\"twitter:label2\" content=\"Availability\" \/>\n\t<meta name=\"twitter:data2\" content=\"Out of stock\" \/>\n<script type=\"application\/ld+json\" class=\"yoast-schema-graph\">{\"@context\":\"https:\\\/\\\/schema.org\",\"@graph\":[{\"@type\":\"WebPage\",\"@id\":\"https:\\\/\\\/ecosupplements.ch\\\/?product=yango-magnesium-5-form-90-caps\",\"url\":\"https:\\\/\\\/ecosupplements.ch\\\/?product=yango-magnesium-5-form-90-caps\",\"name\":\"YANGO Magnesium 5 Form 90 Kapseln \u2013 Yango | ecosupplements.ch\",\"isPartOf\":{\"@id\":\"https:\\\/\\\/ecosupplements.ch\\\/#website\"},\"primaryImageOfPage\":{\"@id\":\"https:\\\/\\\/ecosupplements.ch\\\/?product=yango-magnesium-5-form-90-caps#primaryimage\"},\"image\":{\"@id\":\"https:\\\/\\\/ecosupplements.ch\\\/?product=yango-magnesium-5-form-90-caps#primaryimage\"},\"thumbnailUrl\":\"https:\\\/\\\/ecosupplements.ch\\\/wp-content\\\/uploads\\\/2026\\\/05\\\/YANGO-Magnesium-5-Form-90-caps.jpg\",\"datePublished\":\"2026-05-11T15:18:30+00:00\",\"dateModified\":\"2026-05-13T07:29:03+00:00\",\"description\":\"5 Magnesiumverbindungen in einer veganen Kapsel \u2013 90 Kapseln f\u00fcr 30 Tage, 100 % NRV pro Tagesdosis. Jetzt bestellen.\",\"breadcrumb\":{\"@id\":\"https:\\\/\\\/ecosupplements.ch\\\/?product=yango-magnesium-5-form-90-caps#breadcrumb\"},\"inLanguage\":\"de-CH\",\"potentialAction\":[{\"@type\":\"ReadAction\",\"target\":[\"https:\\\/\\\/ecosupplements.ch\\\/?product=yango-magnesium-5-form-90-caps\"]}]},{\"@type\":\"ImageObject\",\"inLanguage\":\"de-CH\",\"@id\":\"https:\\\/\\\/ecosupplements.ch\\\/?product=yango-magnesium-5-form-90-caps#primaryimage\",\"url\":\"https:\\\/\\\/ecosupplements.ch\\\/wp-content\\\/uploads\\\/2026\\\/05\\\/YANGO-Magnesium-5-Form-90-caps.jpg\",\"contentUrl\":\"https:\\\/\\\/ecosupplements.ch\\\/wp-content\\\/uploads\\\/2026\\\/05\\\/YANGO-Magnesium-5-Form-90-caps.jpg\",\"width\":415,\"height\":487,\"caption\":\"YANGO Magnesium 5 Form (90 caps.)\"},{\"@type\":\"BreadcrumbList\",\"@id\":\"https:\\\/\\\/ecosupplements.ch\\\/?product=yango-magnesium-5-form-90-caps#breadcrumb\",\"itemListElement\":[{\"@type\":\"ListItem\",\"position\":1,\"name\":\"Home\",\"item\":\"https:\\\/\\\/ecosupplements.ch\\\/\"},{\"@type\":\"ListItem\",\"position\":2,\"name\":\"Shop\",\"item\":\"https:\\\/\\\/ecosupplements.ch\\\/?page_id=14\"},{\"@type\":\"ListItem\",\"position\":3,\"name\":\"YANGO Magnesium 5 Form (90 caps.)\"}]},{\"@type\":\"WebSite\",\"@id\":\"https:\\\/\\\/ecosupplements.ch\\\/#website\",\"url\":\"https:\\\/\\\/ecosupplements.ch\\\/\",\"name\":\"Eco Supplements\",\"description\":\"\",\"potentialAction\":[{\"@type\":\"SearchAction\",\"target\":{\"@type\":\"EntryPoint\",\"urlTemplate\":\"https:\\\/\\\/ecosupplements.ch\\\/?s={search_term_string}\"},\"query-input\":{\"@type\":\"PropertyValueSpecification\",\"valueRequired\":true,\"valueName\":\"search_term_string\"}}],\"inLanguage\":\"de-CH\"}]}<\/script>\n<meta property=\"product:price:amount\" content=\"7.22\" \/>\n<meta property=\"product:price:currency\" content=\"CHF\" \/>\n<meta property=\"og:availability\" content=\"out of stock\" \/>\n<meta property=\"product:availability\" content=\"out of stock\" \/>\n<meta property=\"product:retailer_item_id\" content=\"5904194064952\" \/>\n<meta property=\"product:condition\" content=\"new\" \/>\n<!-- \/ Yoast SEO plugin. -->","yoast_head_json":{"title":"YANGO Magnesium 5 Form 90 Kapseln \u2013 Yango | ecosupplements.ch","description":"5 Magnesiumverbindungen in einer veganen Kapsel \u2013 90 Kapseln f\u00fcr 30 Tage, 100 % NRV pro Tagesdosis. Jetzt bestellen.","robots":{"index":"index","follow":"follow","max-snippet":"max-snippet:-1","max-image-preview":"max-image-preview:large","max-video-preview":"max-video-preview:-1"},"canonical":"https:\/\/ecosupplements.ch\/?product=yango-magnesium-5-form-90-caps","og_locale":"de_DE","og_type":"article","og_title":"YANGO Magnesium 5 Form 90 Kapseln \u2013 Yango | ecosupplements.ch","og_description":"5 Magnesiumverbindungen in einer veganen Kapsel \u2013 90 Kapseln f\u00fcr 30 Tage, 100 % NRV pro Tagesdosis. Jetzt bestellen.","og_url":"https:\/\/ecosupplements.ch\/?product=yango-magnesium-5-form-90-caps","og_site_name":"Eco Supplements","article_modified_time":"2026-05-13T07:29:03+00:00","og_image":[{"width":415,"height":487,"url":"https:\/\/ecosupplements.ch\/wp-content\/uploads\/2026\/05\/YANGO-Magnesium-5-Form-90-caps.jpg","type":"image\/jpeg"}],"twitter_card":"summary_large_image","twitter_misc":{"Price":"&#67;&#72;&#70;&nbsp;7.22","Availability":"Out of stock"},"schema":{"@context":"https:\/\/schema.org","@graph":[{"@type":"WebPage","@id":"https:\/\/ecosupplements.ch\/?product=yango-magnesium-5-form-90-caps","url":"https:\/\/ecosupplements.ch\/?product=yango-magnesium-5-form-90-caps","name":"YANGO Magnesium 5 Form 90 Kapseln \u2013 Yango | ecosupplements.ch","isPartOf":{"@id":"https:\/\/ecosupplements.ch\/#website"},"primaryImageOfPage":{"@id":"https:\/\/ecosupplements.ch\/?product=yango-magnesium-5-form-90-caps#primaryimage"},"image":{"@id":"https:\/\/ecosupplements.ch\/?product=yango-magnesium-5-form-90-caps#primaryimage"},"thumbnailUrl":"https:\/\/ecosupplements.ch\/wp-content\/uploads\/2026\/05\/YANGO-Magnesium-5-Form-90-caps.jpg","datePublished":"2026-05-11T15:18:30+00:00","dateModified":"2026-05-13T07:29:03+00:00","description":"5 Magnesiumverbindungen in einer veganen Kapsel \u2013 90 Kapseln f\u00fcr 30 Tage, 100 % NRV pro Tagesdosis. Jetzt bestellen.","breadcrumb":{"@id":"https:\/\/ecosupplements.ch\/?product=yango-magnesium-5-form-90-caps#breadcrumb"},"inLanguage":"de-CH","potentialAction":[{"@type":"ReadAction","target":["https:\/\/ecosupplements.ch\/?product=yango-magnesium-5-form-90-caps"]}]},{"@type":"ImageObject","inLanguage":"de-CH","@id":"https:\/\/ecosupplements.ch\/?product=yango-magnesium-5-form-90-caps#primaryimage","url":"https:\/\/ecosupplements.ch\/wp-content\/uploads\/2026\/05\/YANGO-Magnesium-5-Form-90-caps.jpg","contentUrl":"https:\/\/ecosupplements.ch\/wp-content\/uploads\/2026\/05\/YANGO-Magnesium-5-Form-90-caps.jpg","width":415,"height":487,"caption":"YANGO Magnesium 5 Form (90 caps.)"},{"@type":"BreadcrumbList","@id":"https:\/\/ecosupplements.ch\/?product=yango-magnesium-5-form-90-caps#breadcrumb","itemListElement":[{"@type":"ListItem","position":1,"name":"Home","item":"https:\/\/ecosupplements.ch\/"},{"@type":"ListItem","position":2,"name":"Shop","item":"https:\/\/ecosupplements.ch\/?page_id=14"},{"@type":"ListItem","position":3,"name":"YANGO Magnesium 5 Form (90 caps.)"}]},{"@type":"WebSite","@id":"https:\/\/ecosupplements.ch\/#website","url":"https:\/\/ecosupplements.ch\/","name":"Eco Supplements","description":"","potentialAction":[{"@type":"SearchAction","target":{"@type":"EntryPoint","urlTemplate":"https:\/\/ecosupplements.ch\/?s={search_term_string}"},"query-input":{"@type":"PropertyValueSpecification","valueRequired":true,"valueName":"search_term_string"}}],"inLanguage":"de-CH"}]},"product_price_amount":"7.22","product_price_currency":"CHF","og_availability":"out of stock","product_availability":"out of stock","product_retailer_item_id":"5904194064952","product_condition":"new"},"_links":{"self":[{"href":"https:\/\/ecosupplements.ch\/index.php?rest_route=\/wp\/v2\/product\/6918","targetHints":{"allow":["GET"]}}],"collection":[{"href":"https:\/\/ecosupplements.ch\/index.php?rest_route=\/wp\/v2\/product"}],"about":[{"href":"https:\/\/ecosupplements.ch\/index.php?rest_route=\/wp\/v2\/types\/product"}],"replies":[{"embeddable":true,"href":"https:\/\/ecosupplements.ch\/index.php?rest_route=%2Fwp%2Fv2%2Fcomments&post=6918"}],"wp:featuredmedia":[{"embeddable":true,"href":"https:\/\/ecosupplements.ch\/index.php?rest_route=\/wp\/v2\/media\/6919"}],"wp:attachment":[{"href":"https:\/\/ecosupplements.ch\/index.php?rest_route=%2Fwp%2Fv2%2Fmedia&parent=6918"}],"wp:term":[{"taxonomy":"product_brand","embeddable":true,"href":"https:\/\/ecosupplements.ch\/index.php?rest_route=%2Fwp%2Fv2%2Fproduct_brand&post=6918"},{"taxonomy":"product_cat","embeddable":true,"href":"https:\/\/ecosupplements.ch\/index.php?rest_route=%2Fwp%2Fv2%2Fproduct_cat&post=6918"},{"taxonomy":"product_tag","embeddable":true,"href":"https:\/\/ecosupplements.ch\/index.php?rest_route=%2Fwp%2Fv2%2Fproduct_tag&post=6918"}],"curies":[{"name":"wp","href":"https:\/\/api.w.org\/{rel}","templated":true}]}}