{"id":6924,"date":"2026-05-11T15:18:32","date_gmt":"2026-05-11T15:18:32","guid":{"rendered":"https:\/\/ecosupplements.ch\/?product=yango-isoflavones-from-red-clover-120-caps"},"modified":"2026-05-13T07:29:03","modified_gmt":"2026-05-13T07:29:03","slug":"yango-isoflavones-from-red-clover-120-caps","status":"publish","type":"product","link":"https:\/\/ecosupplements.ch\/?product=yango-isoflavones-from-red-clover-120-caps","title":{"rendered":"YANGO Isoflavones from red clover (120 caps)"},"content":{"rendered":"<div class=\"chcg-product-description\">\n<h2 class=\"chcg-heading\">\u00dcber YANGO \u2013 Isoflavones from red clover (90 Kapseln)<\/h2>\n<div class=\"chcg-intro\">\n<p>YANGO Isoflavones from red clover liefert einen standardisierten Extrakt aus den oberirdischen Teilen des Rotklee (Trifolium pratense) mit einem garantierten Gehalt von mindestens 8 % Isoflavonen. Jede Tagesportion von 2 Kapseln enth\u00e4lt 620 mg Rotklee-Extrakt mit 50 mg nat\u00fcrlichen Isoflavonen \u2013 in praktischer Kapselform f\u00fcr eine einfache, pr\u00e4zise Dosierung.<\/p>\n<p>Rotklee-Isoflavone sind sekund\u00e4re Pflanzenstoffe aus der Gruppe der Phyto\u00f6strogene und z\u00e4hlen zu den am besten untersuchten pflanzlichen Verbindungen in der Nahrungserg\u00e4nzung. Das Produkt eignet sich f\u00fcr Personen, die ihren Alltag gezielt durch einen pflanzlichen Wirkstoff erg\u00e4nzen m\u00f6chten.<\/p>\n<p>Die Kapseln sind mit einer H\u00fclle aus pflanzlicher Zellulose gefertigt und damit sowohl f\u00fcr Veganer als auch f\u00fcr Vegetarier geeignet. Das Produkt ist frei von Gluten, Laktose, Soja und weiteren g\u00e4ngigen Allergenen.<\/p>\n<\/p><\/div>\n<div class=\"chcg-nutrition\">\n<h3>N\u00e4hrwertangaben<\/h3>\n<table class=\"chcg-nutrition-table\">\n<thead>\n<tr>\n<th>N\u00e4hrstoff<\/th>\n<th>Pro 1 Kapsel<\/th>\n<th>Pro 2 Kapseln (Tagesportion)<\/th>\n<\/tr>\n<\/thead>\n<tbody>\n<tr>\n<td>Rotklee-Extrakt (Trifolium pratense, 8 % Isoflavone)<\/td>\n<td>310 mg<\/td>\n<td>620 mg<\/td>\n<\/tr>\n<tr>\n<td>\u2013 davon Isoflavone (8 %)<\/td>\n<td>25 mg<\/td>\n<td>50 mg<\/td>\n<\/tr>\n<\/tbody>\n<\/table>\n<p class=\"chcg-footnote\">* Kein festgelegter Tagesreferenzwert vorhanden.<\/p>\n<\/p><\/div>\n<div class=\"chcg-ingredients\">\n<h3>Zutaten<\/h3>\n<p>Extrakt aus den oberirdischen Teilen des Rotklee (Trifolium pratense), standardisiert auf mindestens 8 % Isoflavone.<\/p>\n<p class=\"chcg-capsule-shell\">Kapselh\u00fclle: pflanzliche Zellulose.<\/p>\n<\/p><\/div>\n<div class=\"chcg-dosage\">\n<h3>Verzehrempfehlung<\/h3>\n<p>Empfohlene Tagesmenge: 2 Kapseln einmal t\u00e4glich. Die Kapseln mit reichlich Wasser nach einer Mahlzeit schlucken.<\/p>\n<\/p><\/div>\n<div class=\"chcg-warnings\">\n<h3>Warnhinweise<\/h3>\n<p>Die empfohlene Tagesmenge nicht \u00fcberschreiten. Ein Nahrungserg\u00e4nzungsmittel kann eine abwechslungsreiche Ern\u00e4hrung und einen gesunden Lebensstil nicht ersetzen. Personen, die Medikamente einnehmen, sollten vor der Verwendung einen Arzt oder Apotheker konsultieren. Nicht empfohlen f\u00fcr Kinder, Schwangere oder stillende Frauen.<\/p>\n<\/p><\/div>\n<div class=\"chcg-allergens\">\n<h3>Allergeninformationen<\/h3>\n<p>Enth\u00e4lt keine: Krebstiere, Eier, Fisch, N\u00fcsse, Soja, Milchzutaten, Sellerie, Senf, Sesam. Enth\u00e4lt kein Gluten.<\/p>\n<\/p><\/div>\n<div class=\"chcg-storage\">\n<h3>Lagerung<\/h3>\n<p>An einem trockenen und dunklen Ort bei Raumtemperatur lagern. Ausserhalb der Reichweite von kleinen Kindern aufbewahren.<\/p>\n<\/p><\/div>\n<div class=\"chcg-dietary\">\n<h3>Ern\u00e4hrungshinweise<\/h3>\n<ul>\n<li>Vegan<\/li>\n<li>Vegetarisch<\/li>\n<li>Glutenfrei<\/li>\n<li>Laktosefrei<\/li>\n<\/ul><\/div>\n<\/div>\n","protected":false},"excerpt":{"rendered":"<p>YANGO Isoflavones from red clover liefert 50 mg pflanzliche Isoflavone pro Tagesportion aus standardisiertem Rotklee-Extrakt. Vegane Kapseln, 90 St\u00fcck pro Packung, glutenfrei und laktosefrei.<\/p>\n","protected":false},"featured_media":6925,"comment_status":"closed","ping_status":"open","template":"","meta":[],"product_brand":[507],"product_cat":[27,25,44,31,21],"product_tag":[],"class_list":{"0":"post-6924","1":"product","2":"type-product","3":"status-publish","4":"has-post-thumbnail","6":"product_brand-natrolyango","7":"product_cat-einige-vitamine","8":"product_cat-gesundheit-und-wohlbefinden","9":"product_cat-pflanzliche-nahrungsergaenzungsmittel","10":"product_cat-vitamin-k","11":"product_cat-vitamine-und-mineralstoffe","13":"first","14":"outofstock","15":"taxable","16":"shipping-taxable","17":"purchasable","18":"product-type-simple"},"yoast_head":"<!-- This site is optimized with the Yoast SEO plugin v27.5 - https:\/\/yoast.com\/product\/yoast-seo-wordpress\/ -->\n<title>YANGO Isoflavones from red clover \u2013 YANGO | ecosupplements.ch<\/title>\n<meta name=\"description\" content=\"50 mg Rotklee-Isoflavone pro Tagesportion \u2013 vegan, glutenfrei, 90 Kapseln. Jetzt bestellen.\" \/>\n<meta name=\"robots\" content=\"index, follow, max-snippet:-1, max-image-preview:large, max-video-preview:-1\" \/>\n<link rel=\"canonical\" href=\"https:\/\/ecosupplements.ch\/?product=yango-isoflavones-from-red-clover-120-caps\" \/>\n<meta property=\"og:locale\" content=\"de_DE\" \/>\n<meta property=\"og:type\" content=\"article\" \/>\n<meta property=\"og:title\" content=\"YANGO Isoflavones from red clover \u2013 YANGO | ecosupplements.ch\" \/>\n<meta property=\"og:description\" content=\"50 mg Rotklee-Isoflavone pro Tagesportion \u2013 vegan, glutenfrei, 90 Kapseln. Jetzt bestellen.\" \/>\n<meta property=\"og:url\" content=\"https:\/\/ecosupplements.ch\/?product=yango-isoflavones-from-red-clover-120-caps\" \/>\n<meta property=\"og:site_name\" content=\"Eco Supplements\" \/>\n<meta property=\"article:modified_time\" content=\"2026-05-13T07:29:03+00:00\" \/>\n<meta property=\"og:image\" content=\"https:\/\/ecosupplements.ch\/wp-content\/uploads\/2026\/05\/YANGO-Isoflavones-from-red-clover-120-caps.jpg\" \/>\n\t<meta property=\"og:image:width\" content=\"486\" \/>\n\t<meta property=\"og:image:height\" content=\"495\" \/>\n\t<meta property=\"og:image:type\" content=\"image\/jpeg\" \/>\n<meta name=\"twitter:card\" content=\"summary_large_image\" \/>\n<meta name=\"twitter:label1\" content=\"Price\" \/>\n\t<meta name=\"twitter:data1\" content=\"&#067;&#072;&#070;&nbsp;9.87\" \/>\n\t<meta name=\"twitter:label2\" content=\"Availability\" \/>\n\t<meta name=\"twitter:data2\" content=\"Out of stock\" \/>\n<script type=\"application\/ld+json\" class=\"yoast-schema-graph\">{\"@context\":\"https:\\\/\\\/schema.org\",\"@graph\":[{\"@type\":\"WebPage\",\"@id\":\"https:\\\/\\\/ecosupplements.ch\\\/?product=yango-isoflavones-from-red-clover-120-caps\",\"url\":\"https:\\\/\\\/ecosupplements.ch\\\/?product=yango-isoflavones-from-red-clover-120-caps\",\"name\":\"YANGO Isoflavones from red clover \u2013 YANGO | ecosupplements.ch\",\"isPartOf\":{\"@id\":\"https:\\\/\\\/ecosupplements.ch\\\/#website\"},\"primaryImageOfPage\":{\"@id\":\"https:\\\/\\\/ecosupplements.ch\\\/?product=yango-isoflavones-from-red-clover-120-caps#primaryimage\"},\"image\":{\"@id\":\"https:\\\/\\\/ecosupplements.ch\\\/?product=yango-isoflavones-from-red-clover-120-caps#primaryimage\"},\"thumbnailUrl\":\"https:\\\/\\\/ecosupplements.ch\\\/wp-content\\\/uploads\\\/2026\\\/05\\\/YANGO-Isoflavones-from-red-clover-120-caps.jpg\",\"datePublished\":\"2026-05-11T15:18:32+00:00\",\"dateModified\":\"2026-05-13T07:29:03+00:00\",\"description\":\"50 mg Rotklee-Isoflavone pro Tagesportion \u2013 vegan, glutenfrei, 90 Kapseln. Jetzt bestellen.\",\"breadcrumb\":{\"@id\":\"https:\\\/\\\/ecosupplements.ch\\\/?product=yango-isoflavones-from-red-clover-120-caps#breadcrumb\"},\"inLanguage\":\"de-CH\",\"potentialAction\":[{\"@type\":\"ReadAction\",\"target\":[\"https:\\\/\\\/ecosupplements.ch\\\/?product=yango-isoflavones-from-red-clover-120-caps\"]}]},{\"@type\":\"ImageObject\",\"inLanguage\":\"de-CH\",\"@id\":\"https:\\\/\\\/ecosupplements.ch\\\/?product=yango-isoflavones-from-red-clover-120-caps#primaryimage\",\"url\":\"https:\\\/\\\/ecosupplements.ch\\\/wp-content\\\/uploads\\\/2026\\\/05\\\/YANGO-Isoflavones-from-red-clover-120-caps.jpg\",\"contentUrl\":\"https:\\\/\\\/ecosupplements.ch\\\/wp-content\\\/uploads\\\/2026\\\/05\\\/YANGO-Isoflavones-from-red-clover-120-caps.jpg\",\"width\":486,\"height\":495,\"caption\":\"YANGO Isoflavones from red clover (120 caps)\"},{\"@type\":\"BreadcrumbList\",\"@id\":\"https:\\\/\\\/ecosupplements.ch\\\/?product=yango-isoflavones-from-red-clover-120-caps#breadcrumb\",\"itemListElement\":[{\"@type\":\"ListItem\",\"position\":1,\"name\":\"Home\",\"item\":\"https:\\\/\\\/ecosupplements.ch\\\/\"},{\"@type\":\"ListItem\",\"position\":2,\"name\":\"Shop\",\"item\":\"https:\\\/\\\/ecosupplements.ch\\\/?page_id=14\"},{\"@type\":\"ListItem\",\"position\":3,\"name\":\"YANGO Isoflavones from red clover (120 caps)\"}]},{\"@type\":\"WebSite\",\"@id\":\"https:\\\/\\\/ecosupplements.ch\\\/#website\",\"url\":\"https:\\\/\\\/ecosupplements.ch\\\/\",\"name\":\"Eco Supplements\",\"description\":\"\",\"potentialAction\":[{\"@type\":\"SearchAction\",\"target\":{\"@type\":\"EntryPoint\",\"urlTemplate\":\"https:\\\/\\\/ecosupplements.ch\\\/?s={search_term_string}\"},\"query-input\":{\"@type\":\"PropertyValueSpecification\",\"valueRequired\":true,\"valueName\":\"search_term_string\"}}],\"inLanguage\":\"de-CH\"}]}<\/script>\n<meta property=\"product:price:amount\" content=\"9.87\" \/>\n<meta property=\"product:price:currency\" content=\"CHF\" \/>\n<meta property=\"og:availability\" content=\"out of stock\" \/>\n<meta property=\"product:availability\" content=\"out of stock\" \/>\n<meta property=\"product:retailer_item_id\" content=\"5904194064891\" \/>\n<meta property=\"product:condition\" content=\"new\" \/>\n<!-- \/ Yoast SEO plugin. -->","yoast_head_json":{"title":"YANGO Isoflavones from red clover \u2013 YANGO | ecosupplements.ch","description":"50 mg Rotklee-Isoflavone pro Tagesportion \u2013 vegan, glutenfrei, 90 Kapseln. Jetzt bestellen.","robots":{"index":"index","follow":"follow","max-snippet":"max-snippet:-1","max-image-preview":"max-image-preview:large","max-video-preview":"max-video-preview:-1"},"canonical":"https:\/\/ecosupplements.ch\/?product=yango-isoflavones-from-red-clover-120-caps","og_locale":"de_DE","og_type":"article","og_title":"YANGO Isoflavones from red clover \u2013 YANGO | ecosupplements.ch","og_description":"50 mg Rotklee-Isoflavone pro Tagesportion \u2013 vegan, glutenfrei, 90 Kapseln. Jetzt bestellen.","og_url":"https:\/\/ecosupplements.ch\/?product=yango-isoflavones-from-red-clover-120-caps","og_site_name":"Eco Supplements","article_modified_time":"2026-05-13T07:29:03+00:00","og_image":[{"width":486,"height":495,"url":"https:\/\/ecosupplements.ch\/wp-content\/uploads\/2026\/05\/YANGO-Isoflavones-from-red-clover-120-caps.jpg","type":"image\/jpeg"}],"twitter_card":"summary_large_image","twitter_misc":{"Price":"&#67;&#72;&#70;&nbsp;9.87","Availability":"Out of stock"},"schema":{"@context":"https:\/\/schema.org","@graph":[{"@type":"WebPage","@id":"https:\/\/ecosupplements.ch\/?product=yango-isoflavones-from-red-clover-120-caps","url":"https:\/\/ecosupplements.ch\/?product=yango-isoflavones-from-red-clover-120-caps","name":"YANGO Isoflavones from red clover \u2013 YANGO | ecosupplements.ch","isPartOf":{"@id":"https:\/\/ecosupplements.ch\/#website"},"primaryImageOfPage":{"@id":"https:\/\/ecosupplements.ch\/?product=yango-isoflavones-from-red-clover-120-caps#primaryimage"},"image":{"@id":"https:\/\/ecosupplements.ch\/?product=yango-isoflavones-from-red-clover-120-caps#primaryimage"},"thumbnailUrl":"https:\/\/ecosupplements.ch\/wp-content\/uploads\/2026\/05\/YANGO-Isoflavones-from-red-clover-120-caps.jpg","datePublished":"2026-05-11T15:18:32+00:00","dateModified":"2026-05-13T07:29:03+00:00","description":"50 mg Rotklee-Isoflavone pro Tagesportion \u2013 vegan, glutenfrei, 90 Kapseln. Jetzt bestellen.","breadcrumb":{"@id":"https:\/\/ecosupplements.ch\/?product=yango-isoflavones-from-red-clover-120-caps#breadcrumb"},"inLanguage":"de-CH","potentialAction":[{"@type":"ReadAction","target":["https:\/\/ecosupplements.ch\/?product=yango-isoflavones-from-red-clover-120-caps"]}]},{"@type":"ImageObject","inLanguage":"de-CH","@id":"https:\/\/ecosupplements.ch\/?product=yango-isoflavones-from-red-clover-120-caps#primaryimage","url":"https:\/\/ecosupplements.ch\/wp-content\/uploads\/2026\/05\/YANGO-Isoflavones-from-red-clover-120-caps.jpg","contentUrl":"https:\/\/ecosupplements.ch\/wp-content\/uploads\/2026\/05\/YANGO-Isoflavones-from-red-clover-120-caps.jpg","width":486,"height":495,"caption":"YANGO Isoflavones from red clover (120 caps)"},{"@type":"BreadcrumbList","@id":"https:\/\/ecosupplements.ch\/?product=yango-isoflavones-from-red-clover-120-caps#breadcrumb","itemListElement":[{"@type":"ListItem","position":1,"name":"Home","item":"https:\/\/ecosupplements.ch\/"},{"@type":"ListItem","position":2,"name":"Shop","item":"https:\/\/ecosupplements.ch\/?page_id=14"},{"@type":"ListItem","position":3,"name":"YANGO Isoflavones from red clover (120 caps)"}]},{"@type":"WebSite","@id":"https:\/\/ecosupplements.ch\/#website","url":"https:\/\/ecosupplements.ch\/","name":"Eco Supplements","description":"","potentialAction":[{"@type":"SearchAction","target":{"@type":"EntryPoint","urlTemplate":"https:\/\/ecosupplements.ch\/?s={search_term_string}"},"query-input":{"@type":"PropertyValueSpecification","valueRequired":true,"valueName":"search_term_string"}}],"inLanguage":"de-CH"}]},"product_price_amount":"9.87","product_price_currency":"CHF","og_availability":"out of stock","product_availability":"out of stock","product_retailer_item_id":"5904194064891","product_condition":"new"},"_links":{"self":[{"href":"https:\/\/ecosupplements.ch\/index.php?rest_route=\/wp\/v2\/product\/6924","targetHints":{"allow":["GET"]}}],"collection":[{"href":"https:\/\/ecosupplements.ch\/index.php?rest_route=\/wp\/v2\/product"}],"about":[{"href":"https:\/\/ecosupplements.ch\/index.php?rest_route=\/wp\/v2\/types\/product"}],"replies":[{"embeddable":true,"href":"https:\/\/ecosupplements.ch\/index.php?rest_route=%2Fwp%2Fv2%2Fcomments&post=6924"}],"wp:featuredmedia":[{"embeddable":true,"href":"https:\/\/ecosupplements.ch\/index.php?rest_route=\/wp\/v2\/media\/6925"}],"wp:attachment":[{"href":"https:\/\/ecosupplements.ch\/index.php?rest_route=%2Fwp%2Fv2%2Fmedia&parent=6924"}],"wp:term":[{"taxonomy":"product_brand","embeddable":true,"href":"https:\/\/ecosupplements.ch\/index.php?rest_route=%2Fwp%2Fv2%2Fproduct_brand&post=6924"},{"taxonomy":"product_cat","embeddable":true,"href":"https:\/\/ecosupplements.ch\/index.php?rest_route=%2Fwp%2Fv2%2Fproduct_cat&post=6924"},{"taxonomy":"product_tag","embeddable":true,"href":"https:\/\/ecosupplements.ch\/index.php?rest_route=%2Fwp%2Fv2%2Fproduct_tag&post=6924"}],"curies":[{"name":"wp","href":"https:\/\/api.w.org\/{rel}","templated":true}]}}