{"id":6926,"date":"2026-05-11T15:18:33","date_gmt":"2026-05-11T15:18:33","guid":{"rendered":"https:\/\/ecosupplements.ch\/?product=yango-kudzu-101-30-ml"},"modified":"2026-05-13T07:29:04","modified_gmt":"2026-05-13T07:29:04","slug":"yango-kudzu-101-30-ml","status":"publish","type":"product","link":"https:\/\/ecosupplements.ch\/?product=yango-kudzu-101-30-ml","title":{"rendered":"YANGO Kudzu &#8211; 10:1 (30 ml)"},"content":{"rendered":"<div class=\"chcg-product-description\">\n<h2 class=\"chcg-heading\">\u00dcber YANGO \u2013 Kudzu 10:1 (30 ml)<\/h2>\n<div class=\"chcg-intro\">\n<p>YANGO Kudzu 10:1 ist ein fl\u00fcssiges Nahrungserg\u00e4nzungsmittel auf Basis von Kudzu-Wurzelextrakt (Pueraria lobata) in einem konzentrierten 10:1-Verh\u00e4ltnis. Jede Portion von 15 Tropfen liefert 200 mg des standardisierten Extrakts, was dieses Produkt zu einer praktischen und pr\u00e4zise dosierbaren Option macht. Die fl\u00fcssige Form erm\u00f6glicht eine schnelle und einfache Einnahme und kann unkompliziert in den Alltag integriert werden.<\/p>\n<p>Kudzu (Pueraria lobata) ist eine traditionell in der ostasiatischen Pflanzenheilkunde verwendete Kletterpflanze, die seit Jahrhunderten gesch\u00e4tzt wird. Der hochkonzentrierte 10:1-Extrakt bedeutet, dass zehn Teile der Rohpflanze auf einen Teil Extrakt reduziert wurden, was eine hohe Wirkstoffdichte in jeder Portion gew\u00e4hrleistet.<\/p>\n<p>Das Produkt ist mit einem nat\u00fcrlichen Erdbeeraroma versehen und in Wasser verd\u00fcnnt angenehm einzunehmen. Mit 30 ml Inhalt und einer Tagesdosis von 15 Tropfen bietet die Flasche insgesamt 40 Portionen.<\/p>\n<\/p><\/div>\n<div class=\"chcg-nutrition\">\n<h3>N\u00e4hrwertangaben<\/h3>\n<table class=\"chcg-nutrition-table\">\n<thead>\n<tr>\n<th>N\u00e4hrstoff<\/th>\n<th>Pro Portion (15 Tropfen)<\/th>\n<\/tr>\n<\/thead>\n<tbody>\n<tr>\n<td>Kudzu-Wurzelextrakt (Pueraria lobata) 10:1<\/td>\n<td>200 mg*<\/td>\n<\/tr>\n<\/tbody>\n<\/table>\n<p class=\"chcg-footnote\">* Kein festgelegter Tagesreferenzwert vorhanden.<\/p>\n<\/p><\/div>\n<div class=\"chcg-ingredients\">\n<h3>Zutaten<\/h3>\n<p>Gereinigtes Wasser, Tr\u00e4gerstoff: Glycerin; Kudzu-Wurzelextrakt (Pueraria lobata) 10:1, nat\u00fcrliches Erdbeeraroma; S\u00e4ureregulator: Zitronens\u00e4ure, Konservierungsmittel: Kaliumsorbat.<\/p>\n<\/p><\/div>\n<div class=\"chcg-dosage\">\n<h3>Verzehrempfehlung<\/h3>\n<p>Empfohlene Tagesdosis: einmal t\u00e4glich 15 Tropfen. Einnahme: Die Portion mit dem Tropfer abmessen, in einer kleinen Menge Wasser verd\u00fcnnen und trinken. Wirkstoff pro Portion (15 Tropfen): Kudzu-Extrakt 10:1 \u2013 200 mg. Vor der Verwendung sch\u00fctteln.<\/p>\n<\/p><\/div>\n<div class=\"chcg-warnings\">\n<h3>Warnhinweise<\/h3>\n<p>Die empfohlene Tagesdosis nicht \u00fcberschreiten. Ein gesunder Lebensstil und eine ausgewogene Ern\u00e4hrung sind wichtig; ein Nahrungserg\u00e4nzungsmittel kann diese nicht ersetzen. Vor der Verwendung sch\u00fctteln. Aufgrund der verwendeten Zutaten kann sich ein Bodensatz bilden \u2013 dies beeintr\u00e4chtigt die Produktqualit\u00e4t nicht. Das Produkt ist nicht f\u00fcr den direkten (unverd\u00fcnnten) Verzehr geeignet. Hinweis: Personen, die Medikamente einnehmen, sollten vor der Anwendung einen Arzt oder Apotheker konsultieren. Nicht empfohlen f\u00fcr Kinder, Schwangere oder stillende Frauen. Feuchtigkeit und direkte Sonneneinstrahlung vermeiden, um die Qualit\u00e4t und Wirksamkeit der Wirkstoffe zu erhalten.<\/p>\n<\/p><\/div>\n<div class=\"chcg-allergens\">\n<h3>Allergeninformationen<\/h3>\n<p>Auf dem Etikett dieses Fl\u00fcssigprodukts sind keine Allergeninformationen explizit angegeben.<\/p>\n<\/p><\/div>\n<div class=\"chcg-storage\">\n<h3>Lagerung<\/h3>\n<p>An einem trockenen und dunklen Ort bei Raumtemperatur aufbewahren. Ausserhalb der Reichweite von kleinen Kindern lagern. Nach dem \u00d6ffnen im K\u00fchlschrank aufbewahren und innerhalb von 10 Wochen verbrauchen.<\/p>\n<\/p><\/div>\n<\/div>\n","protected":false},"excerpt":{"rendered":"<p>YANGO Kudzu 10:1 ist ein fl\u00fcssiges Nahrungserg\u00e4nzungsmittel mit hochkonzentriertem Kudzu-Wurzelextrakt (Pueraria lobata) \u2013 200 mg pro Portion (15 Tropfen). Inhalt: 30 ml, praktisch dosierbar mit dem Tropfer.<\/p>\n","protected":false},"featured_media":6927,"comment_status":"closed","ping_status":"open","template":"","meta":[],"product_brand":[365],"product_cat":[25,44,21],"product_tag":[],"class_list":{"0":"post-6926","1":"product","2":"type-product","3":"status-publish","4":"has-post-thumbnail","6":"product_brand-yango","7":"product_cat-gesundheit-und-wohlbefinden","8":"product_cat-pflanzliche-nahrungsergaenzungsmittel","9":"product_cat-vitamine-und-mineralstoffe","11":"first","12":"outofstock","13":"taxable","14":"shipping-taxable","15":"purchasable","16":"product-type-simple"},"yoast_head":"<!-- This site is optimized with the Yoast SEO plugin v27.5 - https:\/\/yoast.com\/product\/yoast-seo-wordpress\/ -->\n<title>YANGO Kudzu 10:1 (30 ml) \u2013 Fl\u00fcssigextrakt | ecosupplements.ch<\/title>\n<meta name=\"description\" content=\"Hochkonzentrierter Kudzu-Wurzelextrakt 10:1 in fl\u00fcssiger Form \u2013 200 mg pro Portion, 30 ml Inhalt. Jetzt bestellen.\" \/>\n<meta name=\"robots\" content=\"index, follow, max-snippet:-1, max-image-preview:large, max-video-preview:-1\" \/>\n<link rel=\"canonical\" href=\"https:\/\/ecosupplements.ch\/?product=yango-kudzu-101-30-ml\" \/>\n<meta property=\"og:locale\" content=\"de_DE\" \/>\n<meta property=\"og:type\" content=\"article\" \/>\n<meta property=\"og:title\" content=\"YANGO Kudzu 10:1 (30 ml) \u2013 Fl\u00fcssigextrakt | ecosupplements.ch\" \/>\n<meta property=\"og:description\" content=\"Hochkonzentrierter Kudzu-Wurzelextrakt 10:1 in fl\u00fcssiger Form \u2013 200 mg pro Portion, 30 ml Inhalt. Jetzt bestellen.\" \/>\n<meta property=\"og:url\" content=\"https:\/\/ecosupplements.ch\/?product=yango-kudzu-101-30-ml\" \/>\n<meta property=\"og:site_name\" content=\"Eco Supplements\" \/>\n<meta property=\"article:modified_time\" content=\"2026-05-13T07:29:04+00:00\" \/>\n<meta property=\"og:image\" content=\"https:\/\/ecosupplements.ch\/wp-content\/uploads\/2026\/05\/YANGO-Kudzu-101-30-ml.jpg\" \/>\n\t<meta property=\"og:image:width\" content=\"481\" \/>\n\t<meta property=\"og:image:height\" content=\"542\" \/>\n\t<meta property=\"og:image:type\" content=\"image\/jpeg\" \/>\n<meta name=\"twitter:card\" content=\"summary_large_image\" \/>\n<meta name=\"twitter:label1\" content=\"Price\" \/>\n\t<meta name=\"twitter:data1\" content=\"&#067;&#072;&#070;&nbsp;6.74\" \/>\n\t<meta name=\"twitter:label2\" content=\"Availability\" \/>\n\t<meta name=\"twitter:data2\" content=\"Out of stock\" \/>\n<script type=\"application\/ld+json\" class=\"yoast-schema-graph\">{\"@context\":\"https:\\\/\\\/schema.org\",\"@graph\":[{\"@type\":\"WebPage\",\"@id\":\"https:\\\/\\\/ecosupplements.ch\\\/?product=yango-kudzu-101-30-ml\",\"url\":\"https:\\\/\\\/ecosupplements.ch\\\/?product=yango-kudzu-101-30-ml\",\"name\":\"YANGO Kudzu 10:1 (30 ml) \u2013 Fl\u00fcssigextrakt | ecosupplements.ch\",\"isPartOf\":{\"@id\":\"https:\\\/\\\/ecosupplements.ch\\\/#website\"},\"primaryImageOfPage\":{\"@id\":\"https:\\\/\\\/ecosupplements.ch\\\/?product=yango-kudzu-101-30-ml#primaryimage\"},\"image\":{\"@id\":\"https:\\\/\\\/ecosupplements.ch\\\/?product=yango-kudzu-101-30-ml#primaryimage\"},\"thumbnailUrl\":\"https:\\\/\\\/ecosupplements.ch\\\/wp-content\\\/uploads\\\/2026\\\/05\\\/YANGO-Kudzu-101-30-ml.jpg\",\"datePublished\":\"2026-05-11T15:18:33+00:00\",\"dateModified\":\"2026-05-13T07:29:04+00:00\",\"description\":\"Hochkonzentrierter Kudzu-Wurzelextrakt 10:1 in fl\u00fcssiger Form \u2013 200 mg pro Portion, 30 ml Inhalt. Jetzt bestellen.\",\"breadcrumb\":{\"@id\":\"https:\\\/\\\/ecosupplements.ch\\\/?product=yango-kudzu-101-30-ml#breadcrumb\"},\"inLanguage\":\"de-CH\",\"potentialAction\":[{\"@type\":\"ReadAction\",\"target\":[\"https:\\\/\\\/ecosupplements.ch\\\/?product=yango-kudzu-101-30-ml\"]}]},{\"@type\":\"ImageObject\",\"inLanguage\":\"de-CH\",\"@id\":\"https:\\\/\\\/ecosupplements.ch\\\/?product=yango-kudzu-101-30-ml#primaryimage\",\"url\":\"https:\\\/\\\/ecosupplements.ch\\\/wp-content\\\/uploads\\\/2026\\\/05\\\/YANGO-Kudzu-101-30-ml.jpg\",\"contentUrl\":\"https:\\\/\\\/ecosupplements.ch\\\/wp-content\\\/uploads\\\/2026\\\/05\\\/YANGO-Kudzu-101-30-ml.jpg\",\"width\":481,\"height\":542,\"caption\":\"YANGO Kudzu - 10:1 (30 ml)\"},{\"@type\":\"BreadcrumbList\",\"@id\":\"https:\\\/\\\/ecosupplements.ch\\\/?product=yango-kudzu-101-30-ml#breadcrumb\",\"itemListElement\":[{\"@type\":\"ListItem\",\"position\":1,\"name\":\"Home\",\"item\":\"https:\\\/\\\/ecosupplements.ch\\\/\"},{\"@type\":\"ListItem\",\"position\":2,\"name\":\"Shop\",\"item\":\"https:\\\/\\\/ecosupplements.ch\\\/?page_id=14\"},{\"@type\":\"ListItem\",\"position\":3,\"name\":\"YANGO Kudzu &#8211; 10:1 (30 ml)\"}]},{\"@type\":\"WebSite\",\"@id\":\"https:\\\/\\\/ecosupplements.ch\\\/#website\",\"url\":\"https:\\\/\\\/ecosupplements.ch\\\/\",\"name\":\"Eco Supplements\",\"description\":\"\",\"potentialAction\":[{\"@type\":\"SearchAction\",\"target\":{\"@type\":\"EntryPoint\",\"urlTemplate\":\"https:\\\/\\\/ecosupplements.ch\\\/?s={search_term_string}\"},\"query-input\":{\"@type\":\"PropertyValueSpecification\",\"valueRequired\":true,\"valueName\":\"search_term_string\"}}],\"inLanguage\":\"de-CH\"}]}<\/script>\n<meta property=\"product:price:amount\" content=\"6.74\" \/>\n<meta property=\"product:price:currency\" content=\"CHF\" \/>\n<meta property=\"og:availability\" content=\"out of stock\" \/>\n<meta property=\"product:availability\" content=\"out of stock\" \/>\n<meta property=\"product:retailer_item_id\" content=\"5904194064624\" \/>\n<meta property=\"product:condition\" content=\"new\" \/>\n<!-- \/ Yoast SEO plugin. -->","yoast_head_json":{"title":"YANGO Kudzu 10:1 (30 ml) \u2013 Fl\u00fcssigextrakt | ecosupplements.ch","description":"Hochkonzentrierter Kudzu-Wurzelextrakt 10:1 in fl\u00fcssiger Form \u2013 200 mg pro Portion, 30 ml Inhalt. Jetzt bestellen.","robots":{"index":"index","follow":"follow","max-snippet":"max-snippet:-1","max-image-preview":"max-image-preview:large","max-video-preview":"max-video-preview:-1"},"canonical":"https:\/\/ecosupplements.ch\/?product=yango-kudzu-101-30-ml","og_locale":"de_DE","og_type":"article","og_title":"YANGO Kudzu 10:1 (30 ml) \u2013 Fl\u00fcssigextrakt | ecosupplements.ch","og_description":"Hochkonzentrierter Kudzu-Wurzelextrakt 10:1 in fl\u00fcssiger Form \u2013 200 mg pro Portion, 30 ml Inhalt. Jetzt bestellen.","og_url":"https:\/\/ecosupplements.ch\/?product=yango-kudzu-101-30-ml","og_site_name":"Eco Supplements","article_modified_time":"2026-05-13T07:29:04+00:00","og_image":[{"width":481,"height":542,"url":"https:\/\/ecosupplements.ch\/wp-content\/uploads\/2026\/05\/YANGO-Kudzu-101-30-ml.jpg","type":"image\/jpeg"}],"twitter_card":"summary_large_image","twitter_misc":{"Price":"&#67;&#72;&#70;&nbsp;6.74","Availability":"Out of stock"},"schema":{"@context":"https:\/\/schema.org","@graph":[{"@type":"WebPage","@id":"https:\/\/ecosupplements.ch\/?product=yango-kudzu-101-30-ml","url":"https:\/\/ecosupplements.ch\/?product=yango-kudzu-101-30-ml","name":"YANGO Kudzu 10:1 (30 ml) \u2013 Fl\u00fcssigextrakt | ecosupplements.ch","isPartOf":{"@id":"https:\/\/ecosupplements.ch\/#website"},"primaryImageOfPage":{"@id":"https:\/\/ecosupplements.ch\/?product=yango-kudzu-101-30-ml#primaryimage"},"image":{"@id":"https:\/\/ecosupplements.ch\/?product=yango-kudzu-101-30-ml#primaryimage"},"thumbnailUrl":"https:\/\/ecosupplements.ch\/wp-content\/uploads\/2026\/05\/YANGO-Kudzu-101-30-ml.jpg","datePublished":"2026-05-11T15:18:33+00:00","dateModified":"2026-05-13T07:29:04+00:00","description":"Hochkonzentrierter Kudzu-Wurzelextrakt 10:1 in fl\u00fcssiger Form \u2013 200 mg pro Portion, 30 ml Inhalt. Jetzt bestellen.","breadcrumb":{"@id":"https:\/\/ecosupplements.ch\/?product=yango-kudzu-101-30-ml#breadcrumb"},"inLanguage":"de-CH","potentialAction":[{"@type":"ReadAction","target":["https:\/\/ecosupplements.ch\/?product=yango-kudzu-101-30-ml"]}]},{"@type":"ImageObject","inLanguage":"de-CH","@id":"https:\/\/ecosupplements.ch\/?product=yango-kudzu-101-30-ml#primaryimage","url":"https:\/\/ecosupplements.ch\/wp-content\/uploads\/2026\/05\/YANGO-Kudzu-101-30-ml.jpg","contentUrl":"https:\/\/ecosupplements.ch\/wp-content\/uploads\/2026\/05\/YANGO-Kudzu-101-30-ml.jpg","width":481,"height":542,"caption":"YANGO Kudzu - 10:1 (30 ml)"},{"@type":"BreadcrumbList","@id":"https:\/\/ecosupplements.ch\/?product=yango-kudzu-101-30-ml#breadcrumb","itemListElement":[{"@type":"ListItem","position":1,"name":"Home","item":"https:\/\/ecosupplements.ch\/"},{"@type":"ListItem","position":2,"name":"Shop","item":"https:\/\/ecosupplements.ch\/?page_id=14"},{"@type":"ListItem","position":3,"name":"YANGO Kudzu &#8211; 10:1 (30 ml)"}]},{"@type":"WebSite","@id":"https:\/\/ecosupplements.ch\/#website","url":"https:\/\/ecosupplements.ch\/","name":"Eco Supplements","description":"","potentialAction":[{"@type":"SearchAction","target":{"@type":"EntryPoint","urlTemplate":"https:\/\/ecosupplements.ch\/?s={search_term_string}"},"query-input":{"@type":"PropertyValueSpecification","valueRequired":true,"valueName":"search_term_string"}}],"inLanguage":"de-CH"}]},"product_price_amount":"6.74","product_price_currency":"CHF","og_availability":"out of stock","product_availability":"out of stock","product_retailer_item_id":"5904194064624","product_condition":"new"},"_links":{"self":[{"href":"https:\/\/ecosupplements.ch\/index.php?rest_route=\/wp\/v2\/product\/6926","targetHints":{"allow":["GET"]}}],"collection":[{"href":"https:\/\/ecosupplements.ch\/index.php?rest_route=\/wp\/v2\/product"}],"about":[{"href":"https:\/\/ecosupplements.ch\/index.php?rest_route=\/wp\/v2\/types\/product"}],"replies":[{"embeddable":true,"href":"https:\/\/ecosupplements.ch\/index.php?rest_route=%2Fwp%2Fv2%2Fcomments&post=6926"}],"wp:featuredmedia":[{"embeddable":true,"href":"https:\/\/ecosupplements.ch\/index.php?rest_route=\/wp\/v2\/media\/6927"}],"wp:attachment":[{"href":"https:\/\/ecosupplements.ch\/index.php?rest_route=%2Fwp%2Fv2%2Fmedia&parent=6926"}],"wp:term":[{"taxonomy":"product_brand","embeddable":true,"href":"https:\/\/ecosupplements.ch\/index.php?rest_route=%2Fwp%2Fv2%2Fproduct_brand&post=6926"},{"taxonomy":"product_cat","embeddable":true,"href":"https:\/\/ecosupplements.ch\/index.php?rest_route=%2Fwp%2Fv2%2Fproduct_cat&post=6926"},{"taxonomy":"product_tag","embeddable":true,"href":"https:\/\/ecosupplements.ch\/index.php?rest_route=%2Fwp%2Fv2%2Fproduct_tag&post=6926"}],"curies":[{"name":"wp","href":"https:\/\/api.w.org\/{rel}","templated":true}]}}