{"id":6952,"date":"2026-05-11T15:18:44","date_gmt":"2026-05-11T15:18:44","guid":{"rendered":"https:\/\/ecosupplements.ch\/?product=ostrovit-folic-acid-90-tabs"},"modified":"2026-05-13T07:29:06","modified_gmt":"2026-05-13T07:29:06","slug":"ostrovit-folic-acid-90-tabs","status":"publish","type":"product","link":"https:\/\/ecosupplements.ch\/?product=ostrovit-folic-acid-90-tabs","title":{"rendered":"OSTROVIT Folic Acid (90 tabs)"},"content":{"rendered":"<div class=\"chcg-product-description\">\n<h2 class=\"chcg-heading\">\u00dcber OSTROVIT \u2013 Folic Acid (90 Tabletten)<\/h2>\n<div class=\"chcg-intro\">\n<p>Fols\u00e4ure (Vitamin B9) ist ein essenzielles Vitamin, das massgeblich zur normalen Zellteilung sowie zur Synthese von Aminos\u00e4uren beitr\u00e4gt. Fols\u00e4ure tr\u00e4gt zur normalen Blutbildung und zur normalen Funktion des Immunsystems bei. Zudem unterst\u00fctzt sie die Verringerung von M\u00fcdigkeit und Ersch\u00f6pfung im Alltag.<\/p>\n<p>Jede Tablette von OSTROVIT Folic Acid liefert 800 \u00b5g Fols\u00e4ure \u2013 das entspricht 400 % des Tagesbedarfs (NRW). Die praktische Tablettenform erm\u00f6glicht eine einfache und pr\u00e4zise Dosierung im t\u00e4glichen Gebrauch.<\/p>\n<p>Mit 90 Tabletten pro Packung bietet dieses Produkt eine langfristige Versorgung. Die sorgf\u00e4ltig ausgew\u00e4hlten Hilfsstoffe sorgen f\u00fcr eine stabile und gut vertr\u00e4gliche Formulierung.<\/p>\n<\/p><\/div>\n<div class=\"chcg-nutrition\">\n<h3>N\u00e4hrwertangaben<\/h3>\n<table class=\"chcg-nutrition-table\">\n<thead>\n<tr>\n<th>N\u00e4hrstoff<\/th>\n<th>Pro Portion (1 Tablette)<\/th>\n<\/tr>\n<\/thead>\n<tbody>\n<tr>\n<td>Fols\u00e4ure<\/td>\n<td>800 \u00b5g (400 % NRW)<\/td>\n<\/tr>\n<\/tbody>\n<\/table><\/div>\n<div class=\"chcg-ingredients\">\n<h3>Zutaten<\/h3>\n<p>F\u00fcllstoffe: mikrokristalline Cellulose, Calciumphosphat, St\u00e4rke; Trennmittel: Magnesiumsalze von Fetts\u00e4uren; Pteroylmonoglutamins\u00e4ure (Fols\u00e4ure).<\/p>\n<\/p><\/div>\n<div class=\"chcg-dosage\">\n<h3>Verzehrempfehlung<\/h3>\n<p>1 Portion (1 Tablette) t\u00e4glich vor den Mahlzeiten einnehmen. Bei Schwangeren sollte die Dosierung von Fols\u00e4ure durch einen Arzt festgelegt werden; das Produkt sollte daher nur nach R\u00fccksprache mit einem Arzt verwendet werden.<\/p>\n<\/p><\/div>\n<div class=\"chcg-warnings\">\n<h3>Warnhinweise<\/h3>\n<p>Die empfohlene Tagesdosis nicht \u00fcberschreiten. Nahrungserg\u00e4nzungsmittel sind kein Ersatz f\u00fcr eine abwechslungsreiche Ern\u00e4hrung. Eine ausgewogene Ern\u00e4hrung und eine gesunde Lebensweise werden empfohlen. Nicht konsumieren, wenn Sie gegen einen der Inhaltsstoffe des Produkts allergisch sind. Das Produkt kann von Schwangeren und stillenden M\u00fcttern verwendet werden (nach R\u00fccksprache mit einem Arzt). Ausserhalb der Reichweite von kleinen Kindern aufbewahren.<\/p>\n<\/p><\/div>\n<div class=\"chcg-allergens\">\n<h3>Allergeninformationen<\/h3>\n<p>Hergestellt in einem Betrieb, der Zutaten aus Milch (einschliesslich Laktose), Sojabohnen, Erdn\u00fcssen, anderen N\u00fcssen, Sesamsamen, glutenhaltigen Getreiden, Eiern, Krebstieren und Fisch verarbeitet.<\/p>\n<\/p><\/div>\n<div class=\"chcg-storage\">\n<h3>Lagerung<\/h3>\n<p>Nach dem \u00d6ffnen an einem k\u00fchlen, trockenen Ort aufbewahren.<\/p>\n<\/p><\/div>\n<div class=\"chcg-dietary\">\n<h3>Ern\u00e4hrungshinweise<\/h3>\n<ul>\n<li>Vegan<\/li>\n<li>Vegetarisch<\/li>\n<\/ul><\/div>\n<\/div>\n","protected":false},"excerpt":{"rendered":"<p>OSTROVIT Folic Acid liefert 800 \u00b5g Fols\u00e4ure pro Tablette und unterst\u00fctzt normale Blutbildung sowie Zellteilung. Die Packung enth\u00e4lt 90 Tabletten f\u00fcr eine langfristige t\u00e4gliche Versorgung. Vegan und vegetarisch geeignet.<\/p>\n","protected":false},"featured_media":6953,"comment_status":"closed","ping_status":"open","template":"","meta":[],"product_brand":[298],"product_cat":[27,114,26,31,21],"product_tag":[],"class_list":{"0":"post-6952","1":"product","2":"type-product","3":"status-publish","4":"has-post-thumbnail","6":"product_brand-ostrovit","7":"product_cat-einige-vitamine","8":"product_cat-folsaeure","9":"product_cat-multivitamine","10":"product_cat-vitamin-k","11":"product_cat-vitamine-und-mineralstoffe","13":"first","14":"outofstock","15":"taxable","16":"shipping-taxable","17":"purchasable","18":"product-type-simple"},"yoast_head":"<!-- This site is optimized with the Yoast SEO plugin v27.5 - https:\/\/yoast.com\/product\/yoast-seo-wordpress\/ -->\n<title>OSTROVIT Folic Acid 90 Tabletten \u2013 Ostrovit | ecosupplements.ch<\/title>\n<meta name=\"description\" content=\"OSTROVIT Folic Acid mit 800 \u00b5g Fols\u00e4ure pro Tablette \u2013 unterst\u00fctzt Blutbildung und Zellteilung. 90 Tabletten pro Packung. Jetzt bestellen.\" \/>\n<meta name=\"robots\" content=\"index, follow, max-snippet:-1, max-image-preview:large, max-video-preview:-1\" \/>\n<link rel=\"canonical\" href=\"https:\/\/ecosupplements.ch\/?product=ostrovit-folic-acid-90-tabs\" \/>\n<meta property=\"og:locale\" content=\"de_DE\" \/>\n<meta property=\"og:type\" content=\"article\" \/>\n<meta property=\"og:title\" content=\"OSTROVIT Folic Acid 90 Tabletten \u2013 Ostrovit | ecosupplements.ch\" \/>\n<meta property=\"og:description\" content=\"OSTROVIT Folic Acid mit 800 \u00b5g Fols\u00e4ure pro Tablette \u2013 unterst\u00fctzt Blutbildung und Zellteilung. 90 Tabletten pro Packung. Jetzt bestellen.\" \/>\n<meta property=\"og:url\" content=\"https:\/\/ecosupplements.ch\/?product=ostrovit-folic-acid-90-tabs\" \/>\n<meta property=\"og:site_name\" content=\"Eco Supplements\" \/>\n<meta property=\"article:modified_time\" content=\"2026-05-13T07:29:06+00:00\" \/>\n<meta property=\"og:image\" content=\"https:\/\/ecosupplements.ch\/wp-content\/uploads\/2026\/05\/OSTROVIT-Folic-Acid-90-tabs.png\" \/>\n\t<meta property=\"og:image:width\" content=\"1000\" \/>\n\t<meta property=\"og:image:height\" content=\"1000\" \/>\n\t<meta property=\"og:image:type\" content=\"image\/jpeg\" \/>\n<meta name=\"twitter:card\" content=\"summary_large_image\" \/>\n<meta name=\"twitter:label1\" content=\"Price\" \/>\n\t<meta name=\"twitter:data1\" content=\"&#067;&#072;&#070;&nbsp;5.24\" \/>\n\t<meta name=\"twitter:label2\" content=\"Availability\" \/>\n\t<meta name=\"twitter:data2\" content=\"Out of stock\" \/>\n<script type=\"application\/ld+json\" class=\"yoast-schema-graph\">{\"@context\":\"https:\\\/\\\/schema.org\",\"@graph\":[{\"@type\":\"WebPage\",\"@id\":\"https:\\\/\\\/ecosupplements.ch\\\/?product=ostrovit-folic-acid-90-tabs\",\"url\":\"https:\\\/\\\/ecosupplements.ch\\\/?product=ostrovit-folic-acid-90-tabs\",\"name\":\"OSTROVIT Folic Acid 90 Tabletten \u2013 Ostrovit | ecosupplements.ch\",\"isPartOf\":{\"@id\":\"https:\\\/\\\/ecosupplements.ch\\\/#website\"},\"primaryImageOfPage\":{\"@id\":\"https:\\\/\\\/ecosupplements.ch\\\/?product=ostrovit-folic-acid-90-tabs#primaryimage\"},\"image\":{\"@id\":\"https:\\\/\\\/ecosupplements.ch\\\/?product=ostrovit-folic-acid-90-tabs#primaryimage\"},\"thumbnailUrl\":\"https:\\\/\\\/ecosupplements.ch\\\/wp-content\\\/uploads\\\/2026\\\/05\\\/OSTROVIT-Folic-Acid-90-tabs.png\",\"datePublished\":\"2026-05-11T15:18:44+00:00\",\"dateModified\":\"2026-05-13T07:29:06+00:00\",\"description\":\"OSTROVIT Folic Acid mit 800 \u00b5g Fols\u00e4ure pro Tablette \u2013 unterst\u00fctzt Blutbildung und Zellteilung. 90 Tabletten pro Packung. Jetzt bestellen.\",\"breadcrumb\":{\"@id\":\"https:\\\/\\\/ecosupplements.ch\\\/?product=ostrovit-folic-acid-90-tabs#breadcrumb\"},\"inLanguage\":\"de-CH\",\"potentialAction\":[{\"@type\":\"ReadAction\",\"target\":[\"https:\\\/\\\/ecosupplements.ch\\\/?product=ostrovit-folic-acid-90-tabs\"]}]},{\"@type\":\"ImageObject\",\"inLanguage\":\"de-CH\",\"@id\":\"https:\\\/\\\/ecosupplements.ch\\\/?product=ostrovit-folic-acid-90-tabs#primaryimage\",\"url\":\"https:\\\/\\\/ecosupplements.ch\\\/wp-content\\\/uploads\\\/2026\\\/05\\\/OSTROVIT-Folic-Acid-90-tabs.png\",\"contentUrl\":\"https:\\\/\\\/ecosupplements.ch\\\/wp-content\\\/uploads\\\/2026\\\/05\\\/OSTROVIT-Folic-Acid-90-tabs.png\",\"width\":1000,\"height\":1000,\"caption\":\"OSTROVIT Folic Acid (90 tabs)\"},{\"@type\":\"BreadcrumbList\",\"@id\":\"https:\\\/\\\/ecosupplements.ch\\\/?product=ostrovit-folic-acid-90-tabs#breadcrumb\",\"itemListElement\":[{\"@type\":\"ListItem\",\"position\":1,\"name\":\"Home\",\"item\":\"https:\\\/\\\/ecosupplements.ch\\\/\"},{\"@type\":\"ListItem\",\"position\":2,\"name\":\"Shop\",\"item\":\"https:\\\/\\\/ecosupplements.ch\\\/?page_id=14\"},{\"@type\":\"ListItem\",\"position\":3,\"name\":\"OSTROVIT Folic Acid (90 tabs)\"}]},{\"@type\":\"WebSite\",\"@id\":\"https:\\\/\\\/ecosupplements.ch\\\/#website\",\"url\":\"https:\\\/\\\/ecosupplements.ch\\\/\",\"name\":\"Eco Supplements\",\"description\":\"\",\"potentialAction\":[{\"@type\":\"SearchAction\",\"target\":{\"@type\":\"EntryPoint\",\"urlTemplate\":\"https:\\\/\\\/ecosupplements.ch\\\/?s={search_term_string}\"},\"query-input\":{\"@type\":\"PropertyValueSpecification\",\"valueRequired\":true,\"valueName\":\"search_term_string\"}}],\"inLanguage\":\"de-CH\"}]}<\/script>\n<meta property=\"product:price:amount\" content=\"5.24\" \/>\n<meta property=\"product:price:currency\" content=\"CHF\" \/>\n<meta property=\"og:availability\" content=\"out of stock\" \/>\n<meta property=\"product:availability\" content=\"out of stock\" \/>\n<meta property=\"product:retailer_item_id\" content=\"5902232619256\" \/>\n<meta property=\"product:condition\" content=\"new\" \/>\n<!-- \/ Yoast SEO plugin. -->","yoast_head_json":{"title":"OSTROVIT Folic Acid 90 Tabletten \u2013 Ostrovit | ecosupplements.ch","description":"OSTROVIT Folic Acid mit 800 \u00b5g Fols\u00e4ure pro Tablette \u2013 unterst\u00fctzt Blutbildung und Zellteilung. 90 Tabletten pro Packung. Jetzt bestellen.","robots":{"index":"index","follow":"follow","max-snippet":"max-snippet:-1","max-image-preview":"max-image-preview:large","max-video-preview":"max-video-preview:-1"},"canonical":"https:\/\/ecosupplements.ch\/?product=ostrovit-folic-acid-90-tabs","og_locale":"de_DE","og_type":"article","og_title":"OSTROVIT Folic Acid 90 Tabletten \u2013 Ostrovit | ecosupplements.ch","og_description":"OSTROVIT Folic Acid mit 800 \u00b5g Fols\u00e4ure pro Tablette \u2013 unterst\u00fctzt Blutbildung und Zellteilung. 90 Tabletten pro Packung. Jetzt bestellen.","og_url":"https:\/\/ecosupplements.ch\/?product=ostrovit-folic-acid-90-tabs","og_site_name":"Eco Supplements","article_modified_time":"2026-05-13T07:29:06+00:00","og_image":[{"width":1000,"height":1000,"url":"https:\/\/ecosupplements.ch\/wp-content\/uploads\/2026\/05\/OSTROVIT-Folic-Acid-90-tabs.png","type":"image\/jpeg"}],"twitter_card":"summary_large_image","twitter_misc":{"Price":"&#67;&#72;&#70;&nbsp;5.24","Availability":"Out of stock"},"schema":{"@context":"https:\/\/schema.org","@graph":[{"@type":"WebPage","@id":"https:\/\/ecosupplements.ch\/?product=ostrovit-folic-acid-90-tabs","url":"https:\/\/ecosupplements.ch\/?product=ostrovit-folic-acid-90-tabs","name":"OSTROVIT Folic Acid 90 Tabletten \u2013 Ostrovit | ecosupplements.ch","isPartOf":{"@id":"https:\/\/ecosupplements.ch\/#website"},"primaryImageOfPage":{"@id":"https:\/\/ecosupplements.ch\/?product=ostrovit-folic-acid-90-tabs#primaryimage"},"image":{"@id":"https:\/\/ecosupplements.ch\/?product=ostrovit-folic-acid-90-tabs#primaryimage"},"thumbnailUrl":"https:\/\/ecosupplements.ch\/wp-content\/uploads\/2026\/05\/OSTROVIT-Folic-Acid-90-tabs.png","datePublished":"2026-05-11T15:18:44+00:00","dateModified":"2026-05-13T07:29:06+00:00","description":"OSTROVIT Folic Acid mit 800 \u00b5g Fols\u00e4ure pro Tablette \u2013 unterst\u00fctzt Blutbildung und Zellteilung. 90 Tabletten pro Packung. Jetzt bestellen.","breadcrumb":{"@id":"https:\/\/ecosupplements.ch\/?product=ostrovit-folic-acid-90-tabs#breadcrumb"},"inLanguage":"de-CH","potentialAction":[{"@type":"ReadAction","target":["https:\/\/ecosupplements.ch\/?product=ostrovit-folic-acid-90-tabs"]}]},{"@type":"ImageObject","inLanguage":"de-CH","@id":"https:\/\/ecosupplements.ch\/?product=ostrovit-folic-acid-90-tabs#primaryimage","url":"https:\/\/ecosupplements.ch\/wp-content\/uploads\/2026\/05\/OSTROVIT-Folic-Acid-90-tabs.png","contentUrl":"https:\/\/ecosupplements.ch\/wp-content\/uploads\/2026\/05\/OSTROVIT-Folic-Acid-90-tabs.png","width":1000,"height":1000,"caption":"OSTROVIT Folic Acid (90 tabs)"},{"@type":"BreadcrumbList","@id":"https:\/\/ecosupplements.ch\/?product=ostrovit-folic-acid-90-tabs#breadcrumb","itemListElement":[{"@type":"ListItem","position":1,"name":"Home","item":"https:\/\/ecosupplements.ch\/"},{"@type":"ListItem","position":2,"name":"Shop","item":"https:\/\/ecosupplements.ch\/?page_id=14"},{"@type":"ListItem","position":3,"name":"OSTROVIT Folic Acid (90 tabs)"}]},{"@type":"WebSite","@id":"https:\/\/ecosupplements.ch\/#website","url":"https:\/\/ecosupplements.ch\/","name":"Eco Supplements","description":"","potentialAction":[{"@type":"SearchAction","target":{"@type":"EntryPoint","urlTemplate":"https:\/\/ecosupplements.ch\/?s={search_term_string}"},"query-input":{"@type":"PropertyValueSpecification","valueRequired":true,"valueName":"search_term_string"}}],"inLanguage":"de-CH"}]},"product_price_amount":"5.24","product_price_currency":"CHF","og_availability":"out of stock","product_availability":"out of stock","product_retailer_item_id":"5902232619256","product_condition":"new"},"_links":{"self":[{"href":"https:\/\/ecosupplements.ch\/index.php?rest_route=\/wp\/v2\/product\/6952","targetHints":{"allow":["GET"]}}],"collection":[{"href":"https:\/\/ecosupplements.ch\/index.php?rest_route=\/wp\/v2\/product"}],"about":[{"href":"https:\/\/ecosupplements.ch\/index.php?rest_route=\/wp\/v2\/types\/product"}],"replies":[{"embeddable":true,"href":"https:\/\/ecosupplements.ch\/index.php?rest_route=%2Fwp%2Fv2%2Fcomments&post=6952"}],"wp:featuredmedia":[{"embeddable":true,"href":"https:\/\/ecosupplements.ch\/index.php?rest_route=\/wp\/v2\/media\/6953"}],"wp:attachment":[{"href":"https:\/\/ecosupplements.ch\/index.php?rest_route=%2Fwp%2Fv2%2Fmedia&parent=6952"}],"wp:term":[{"taxonomy":"product_brand","embeddable":true,"href":"https:\/\/ecosupplements.ch\/index.php?rest_route=%2Fwp%2Fv2%2Fproduct_brand&post=6952"},{"taxonomy":"product_cat","embeddable":true,"href":"https:\/\/ecosupplements.ch\/index.php?rest_route=%2Fwp%2Fv2%2Fproduct_cat&post=6952"},{"taxonomy":"product_tag","embeddable":true,"href":"https:\/\/ecosupplements.ch\/index.php?rest_route=%2Fwp%2Fv2%2Fproduct_tag&post=6952"}],"curies":[{"name":"wp","href":"https:\/\/api.w.org\/{rel}","templated":true}]}}