{"id":6987,"date":"2026-05-11T15:19:00","date_gmt":"2026-05-11T15:19:00","guid":{"rendered":"https:\/\/ecosupplements.ch\/?product=natural-factors-coenzyme-q10-100-natural-60-softgels-2"},"modified":"2026-05-13T07:27:27","modified_gmt":"2026-05-13T07:27:27","slug":"natural-factors-coenzyme-q10-100-natural-60-softgels-2","status":"publish","type":"product","link":"https:\/\/ecosupplements.ch\/?product=natural-factors-coenzyme-q10-100-natural-60-softgels-2","title":{"rendered":"Natural Factors Coenzyme Q10 100 % Natural  (60 Softgels)"},"content":{"rendered":"<div class=\"chcg-product-description\">\n<h2 class=\"chcg-heading\">\u00dcber Natural Factors \u2013 Natural Factors Coenzyme Q10 100% Natural (60 Softgels)<\/h2>\n<div class=\"chcg-intro\">\n<p>Coenzyme Q10 (CoQ10) ist ein k\u00f6rpereigenes Molek\u00fcl, das in jeder Zelle des menschlichen K\u00f6rpers vorkommt und eine zentrale Rolle im Energiestoffwechsel spielt. Als wichtiger Bestandteil der mitochondrialen Energiegewinnung tr\u00e4gt CoQ10 dazu bei, dass die Zellen optimal mit Energie versorgt werden. Mit zunehmendem Alter sowie durch bestimmte \u00e4ussere Einfl\u00fcsse kann der nat\u00fcrliche CoQ10-Spiegel im K\u00f6rper abnehmen, weshalb eine gezielte Nahrungserg\u00e4nzung sinnvoll sein kann.<\/p>\n<p>Natural Factors Coenzyme Q10 100% Natural liefert 200 mg Ubiquinon pro Softgel und wird aus nat\u00fcrlichen Quellen gewonnen. Das CoQ10 ist in Reiskleie\u00f6l eingebettet, was eine optimale Aufnahme im Verdauungstrakt unterst\u00fctzt. Die Formel enth\u00e4lt ausserdem Vitamin E als nat\u00fcrlichen Schutzstoff.<\/p>\n<p>Jede Packung enth\u00e4lt 60 Softgels und erm\u00f6glicht damit eine praktische, zweimonatige Versorgung bei t\u00e4glicher Einnahme. Das Produkt ist glutenfrei und laktosefrei \u2013 ohne k\u00fcnstliche Farb-, Zusatz- oder S\u00fcssungsmittel und ohne gentechnisch ver\u00e4nderte Zutaten.<\/p>\n<\/p><\/div>\n<div class=\"chcg-nutrition\">\n<h3>N\u00e4hrwertangaben<\/h3>\n<table class=\"chcg-nutrition-table\">\n<thead>\n<tr>\n<th>N\u00e4hrstoff<\/th>\n<th>Pro Portion (1 Softgel)<\/th>\n<\/tr>\n<\/thead>\n<tbody>\n<tr>\n<td>Coenzyme Q10 (Ubiquinon, Mikroorganismus)<\/td>\n<td>200 mg<\/td>\n<\/tr>\n<\/tbody>\n<\/table>\n<p class=\"chcg-footnote\">* Kein festgelegter Tagesbedarf.<\/p>\n<\/p><\/div>\n<div class=\"chcg-ingredients\">\n<h3>Zutaten<\/h3>\n<p>Coenzyme Q10 Ubiquinon (Mikroorganismus) 200 mg. Weitere Zutaten: Reiskleie\u00f6l, Vitamin E.<\/p>\n<p class=\"chcg-capsule-shell\">Kapselh\u00fclle (Softgel): Gelatine, Glycerin, gereinigtes Wasser, Johannisbrot.<\/p>\n<\/p><\/div>\n<div class=\"chcg-dosage\">\n<h3>Verzehrempfehlung<\/h3>\n<p>Empfohlene Tagesdosis f\u00fcr Erwachsene: 1 Softgel t\u00e4glich, vorzugsweise zu einer Mahlzeit, oder gem\u00e4ss Anweisung einer medizinischen Fachperson.<\/p>\n<\/p><\/div>\n<div class=\"chcg-warnings\">\n<h3>Warnhinweise<\/h3>\n<p>Konsultieren Sie vor der Einnahme eine medizinische Fachperson, wenn Sie schwanger sind oder stillen, oder wenn Sie blutdrucksenkende Medikamente oder Blutverd\u00fcnner einnehmen. Ausserhalb der Reichweite von Kindern aufbewahren.<\/p>\n<\/p><\/div>\n<div class=\"chcg-allergens\">\n<h3>Allergeninformationen<\/h3>\n<p>Enth\u00e4lt keine k\u00fcnstlichen Farbstoffe, Konservierungsmittel oder S\u00fcssungsmittel; kein Milchprodukt, keine St\u00e4rke, keinen Zucker, keinen Weizen, kein Gluten, keine Hefe, keinen Mais, kein Ei, keinen Fisch, keine Schalentiere, kein Salz, keine Baumn\u00fcsse und keine GVO.<\/p>\n<\/p><\/div>\n<div class=\"chcg-storage\">\n<h3>Lagerung<\/h3>\n<p>An einem k\u00fchlen, trockenen Ort lagern.<\/p>\n<\/p><\/div>\n<div class=\"chcg-dietary\">\n<h3>Ern\u00e4hrungshinweise<\/h3>\n<ul>\n<li>Glutenfrei<\/li>\n<li>Laktosefrei<\/li>\n<\/ul><\/div>\n<\/div>\n","protected":false},"excerpt":{"rendered":"<p>Natural Factors Coenzyme Q10 100% Natural liefert 200 mg Ubiquinon pro Softgel zur Unterst\u00fctzung des zellul\u00e4ren Energiestoffwechsels. 60 Softgels pro Packung \u2013 glutenfrei, laktosefrei und ohne GVO.<\/p>\n","protected":false},"featured_media":4118,"comment_status":"closed","ping_status":"open","template":"","meta":[],"product_brand":[296],"product_cat":[25,21],"product_tag":[],"class_list":{"0":"post-6987","1":"product","2":"type-product","3":"status-publish","4":"has-post-thumbnail","6":"product_brand-natural-factors","7":"product_cat-gesundheit-und-wohlbefinden","8":"product_cat-vitamine-und-mineralstoffe","10":"first","11":"outofstock","12":"taxable","13":"shipping-taxable","14":"purchasable","15":"product-type-simple"},"yoast_head":"<!-- This site is optimized with the Yoast SEO plugin v27.5 - https:\/\/yoast.com\/product\/yoast-seo-wordpress\/ -->\n<title>Coenzyme Q10 200mg Natural Factors \u2013 60 Softgels | ecosupplements.ch<\/title>\n<meta name=\"description\" content=\"Natural Factors Coenzyme Q10 liefert 200 mg Ubiquinon pro Softgel f\u00fcr den Energiestoffwechsel \u2013 60 Softgels, glutenfrei, ohne GVO. Jetzt bestellen.\" \/>\n<meta name=\"robots\" content=\"index, follow, max-snippet:-1, max-image-preview:large, max-video-preview:-1\" \/>\n<link rel=\"canonical\" href=\"https:\/\/ecosupplements.ch\/?product=natural-factors-coenzyme-q10-100-natural-60-softgels-2\" \/>\n<meta property=\"og:locale\" content=\"de_DE\" \/>\n<meta property=\"og:type\" content=\"article\" \/>\n<meta property=\"og:title\" content=\"Coenzyme Q10 200mg Natural Factors \u2013 60 Softgels | ecosupplements.ch\" \/>\n<meta property=\"og:description\" content=\"Natural Factors Coenzyme Q10 liefert 200 mg Ubiquinon pro Softgel f\u00fcr den Energiestoffwechsel \u2013 60 Softgels, glutenfrei, ohne GVO. Jetzt bestellen.\" \/>\n<meta property=\"og:url\" content=\"https:\/\/ecosupplements.ch\/?product=natural-factors-coenzyme-q10-100-natural-60-softgels-2\" \/>\n<meta property=\"og:site_name\" content=\"Eco Supplements\" \/>\n<meta property=\"article:modified_time\" content=\"2026-05-13T07:27:27+00:00\" \/>\n<meta property=\"og:image\" content=\"https:\/\/ecosupplements.ch\/wp-content\/uploads\/2026\/05\/Natural-Factors-Coenzyme-Q10-100-Natural-60-Softgels.webp\" \/>\n\t<meta property=\"og:image:width\" content=\"1000\" \/>\n\t<meta property=\"og:image:height\" content=\"1000\" \/>\n\t<meta property=\"og:image:type\" content=\"image\/jpeg\" \/>\n<meta name=\"twitter:card\" content=\"summary_large_image\" \/>\n<meta name=\"twitter:label1\" content=\"Price\" \/>\n\t<meta name=\"twitter:data1\" content=\"&#067;&#072;&#070;&nbsp;15.79\" \/>\n\t<meta name=\"twitter:label2\" content=\"Availability\" \/>\n\t<meta name=\"twitter:data2\" content=\"Out of stock\" \/>\n<script type=\"application\/ld+json\" class=\"yoast-schema-graph\">{\"@context\":\"https:\\\/\\\/schema.org\",\"@graph\":[{\"@type\":\"WebPage\",\"@id\":\"https:\\\/\\\/ecosupplements.ch\\\/?product=natural-factors-coenzyme-q10-100-natural-60-softgels-2\",\"url\":\"https:\\\/\\\/ecosupplements.ch\\\/?product=natural-factors-coenzyme-q10-100-natural-60-softgels-2\",\"name\":\"Coenzyme Q10 200mg Natural Factors \u2013 60 Softgels | ecosupplements.ch\",\"isPartOf\":{\"@id\":\"https:\\\/\\\/ecosupplements.ch\\\/#website\"},\"primaryImageOfPage\":{\"@id\":\"https:\\\/\\\/ecosupplements.ch\\\/?product=natural-factors-coenzyme-q10-100-natural-60-softgels-2#primaryimage\"},\"image\":{\"@id\":\"https:\\\/\\\/ecosupplements.ch\\\/?product=natural-factors-coenzyme-q10-100-natural-60-softgels-2#primaryimage\"},\"thumbnailUrl\":\"https:\\\/\\\/ecosupplements.ch\\\/wp-content\\\/uploads\\\/2026\\\/05\\\/Natural-Factors-Coenzyme-Q10-100-Natural-60-Softgels.webp\",\"datePublished\":\"2026-05-11T15:19:00+00:00\",\"dateModified\":\"2026-05-13T07:27:27+00:00\",\"description\":\"Natural Factors Coenzyme Q10 liefert 200 mg Ubiquinon pro Softgel f\u00fcr den Energiestoffwechsel \u2013 60 Softgels, glutenfrei, ohne GVO. Jetzt bestellen.\",\"breadcrumb\":{\"@id\":\"https:\\\/\\\/ecosupplements.ch\\\/?product=natural-factors-coenzyme-q10-100-natural-60-softgels-2#breadcrumb\"},\"inLanguage\":\"de-CH\",\"potentialAction\":[{\"@type\":\"ReadAction\",\"target\":[\"https:\\\/\\\/ecosupplements.ch\\\/?product=natural-factors-coenzyme-q10-100-natural-60-softgels-2\"]}]},{\"@type\":\"ImageObject\",\"inLanguage\":\"de-CH\",\"@id\":\"https:\\\/\\\/ecosupplements.ch\\\/?product=natural-factors-coenzyme-q10-100-natural-60-softgels-2#primaryimage\",\"url\":\"https:\\\/\\\/ecosupplements.ch\\\/wp-content\\\/uploads\\\/2026\\\/05\\\/Natural-Factors-Coenzyme-Q10-100-Natural-60-Softgels.webp\",\"contentUrl\":\"https:\\\/\\\/ecosupplements.ch\\\/wp-content\\\/uploads\\\/2026\\\/05\\\/Natural-Factors-Coenzyme-Q10-100-Natural-60-Softgels.webp\",\"width\":1000,\"height\":1000,\"caption\":\"Natural Factors Coenzyme Q10 100 % Natural (60 Softgels)\"},{\"@type\":\"BreadcrumbList\",\"@id\":\"https:\\\/\\\/ecosupplements.ch\\\/?product=natural-factors-coenzyme-q10-100-natural-60-softgels-2#breadcrumb\",\"itemListElement\":[{\"@type\":\"ListItem\",\"position\":1,\"name\":\"Home\",\"item\":\"https:\\\/\\\/ecosupplements.ch\\\/\"},{\"@type\":\"ListItem\",\"position\":2,\"name\":\"Shop\",\"item\":\"https:\\\/\\\/ecosupplements.ch\\\/?page_id=14\"},{\"@type\":\"ListItem\",\"position\":3,\"name\":\"Natural Factors Coenzyme Q10 100 % Natural (60 Softgels)\"}]},{\"@type\":\"WebSite\",\"@id\":\"https:\\\/\\\/ecosupplements.ch\\\/#website\",\"url\":\"https:\\\/\\\/ecosupplements.ch\\\/\",\"name\":\"Eco Supplements\",\"description\":\"\",\"potentialAction\":[{\"@type\":\"SearchAction\",\"target\":{\"@type\":\"EntryPoint\",\"urlTemplate\":\"https:\\\/\\\/ecosupplements.ch\\\/?s={search_term_string}\"},\"query-input\":{\"@type\":\"PropertyValueSpecification\",\"valueRequired\":true,\"valueName\":\"search_term_string\"}}],\"inLanguage\":\"de-CH\"}]}<\/script>\n<meta property=\"product:price:amount\" content=\"15.79\" \/>\n<meta property=\"product:price:currency\" content=\"CHF\" \/>\n<meta property=\"og:availability\" content=\"out of stock\" \/>\n<meta property=\"product:availability\" content=\"out of stock\" \/>\n<meta property=\"product:retailer_item_id\" content=\"627765207224\" \/>\n<meta property=\"product:condition\" content=\"new\" \/>\n<!-- \/ Yoast SEO plugin. -->","yoast_head_json":{"title":"Coenzyme Q10 200mg Natural Factors \u2013 60 Softgels | ecosupplements.ch","description":"Natural Factors Coenzyme Q10 liefert 200 mg Ubiquinon pro Softgel f\u00fcr den Energiestoffwechsel \u2013 60 Softgels, glutenfrei, ohne GVO. Jetzt bestellen.","robots":{"index":"index","follow":"follow","max-snippet":"max-snippet:-1","max-image-preview":"max-image-preview:large","max-video-preview":"max-video-preview:-1"},"canonical":"https:\/\/ecosupplements.ch\/?product=natural-factors-coenzyme-q10-100-natural-60-softgels-2","og_locale":"de_DE","og_type":"article","og_title":"Coenzyme Q10 200mg Natural Factors \u2013 60 Softgels | ecosupplements.ch","og_description":"Natural Factors Coenzyme Q10 liefert 200 mg Ubiquinon pro Softgel f\u00fcr den Energiestoffwechsel \u2013 60 Softgels, glutenfrei, ohne GVO. Jetzt bestellen.","og_url":"https:\/\/ecosupplements.ch\/?product=natural-factors-coenzyme-q10-100-natural-60-softgels-2","og_site_name":"Eco Supplements","article_modified_time":"2026-05-13T07:27:27+00:00","og_image":[{"width":1000,"height":1000,"url":"https:\/\/ecosupplements.ch\/wp-content\/uploads\/2026\/05\/Natural-Factors-Coenzyme-Q10-100-Natural-60-Softgels.webp","type":"image\/jpeg"}],"twitter_card":"summary_large_image","twitter_misc":{"Price":"&#67;&#72;&#70;&nbsp;15.79","Availability":"Out of stock"},"schema":{"@context":"https:\/\/schema.org","@graph":[{"@type":"WebPage","@id":"https:\/\/ecosupplements.ch\/?product=natural-factors-coenzyme-q10-100-natural-60-softgels-2","url":"https:\/\/ecosupplements.ch\/?product=natural-factors-coenzyme-q10-100-natural-60-softgels-2","name":"Coenzyme Q10 200mg Natural Factors \u2013 60 Softgels | ecosupplements.ch","isPartOf":{"@id":"https:\/\/ecosupplements.ch\/#website"},"primaryImageOfPage":{"@id":"https:\/\/ecosupplements.ch\/?product=natural-factors-coenzyme-q10-100-natural-60-softgels-2#primaryimage"},"image":{"@id":"https:\/\/ecosupplements.ch\/?product=natural-factors-coenzyme-q10-100-natural-60-softgels-2#primaryimage"},"thumbnailUrl":"https:\/\/ecosupplements.ch\/wp-content\/uploads\/2026\/05\/Natural-Factors-Coenzyme-Q10-100-Natural-60-Softgels.webp","datePublished":"2026-05-11T15:19:00+00:00","dateModified":"2026-05-13T07:27:27+00:00","description":"Natural Factors Coenzyme Q10 liefert 200 mg Ubiquinon pro Softgel f\u00fcr den Energiestoffwechsel \u2013 60 Softgels, glutenfrei, ohne GVO. Jetzt bestellen.","breadcrumb":{"@id":"https:\/\/ecosupplements.ch\/?product=natural-factors-coenzyme-q10-100-natural-60-softgels-2#breadcrumb"},"inLanguage":"de-CH","potentialAction":[{"@type":"ReadAction","target":["https:\/\/ecosupplements.ch\/?product=natural-factors-coenzyme-q10-100-natural-60-softgels-2"]}]},{"@type":"ImageObject","inLanguage":"de-CH","@id":"https:\/\/ecosupplements.ch\/?product=natural-factors-coenzyme-q10-100-natural-60-softgels-2#primaryimage","url":"https:\/\/ecosupplements.ch\/wp-content\/uploads\/2026\/05\/Natural-Factors-Coenzyme-Q10-100-Natural-60-Softgels.webp","contentUrl":"https:\/\/ecosupplements.ch\/wp-content\/uploads\/2026\/05\/Natural-Factors-Coenzyme-Q10-100-Natural-60-Softgels.webp","width":1000,"height":1000,"caption":"Natural Factors Coenzyme Q10 100 % Natural (60 Softgels)"},{"@type":"BreadcrumbList","@id":"https:\/\/ecosupplements.ch\/?product=natural-factors-coenzyme-q10-100-natural-60-softgels-2#breadcrumb","itemListElement":[{"@type":"ListItem","position":1,"name":"Home","item":"https:\/\/ecosupplements.ch\/"},{"@type":"ListItem","position":2,"name":"Shop","item":"https:\/\/ecosupplements.ch\/?page_id=14"},{"@type":"ListItem","position":3,"name":"Natural Factors Coenzyme Q10 100 % Natural (60 Softgels)"}]},{"@type":"WebSite","@id":"https:\/\/ecosupplements.ch\/#website","url":"https:\/\/ecosupplements.ch\/","name":"Eco Supplements","description":"","potentialAction":[{"@type":"SearchAction","target":{"@type":"EntryPoint","urlTemplate":"https:\/\/ecosupplements.ch\/?s={search_term_string}"},"query-input":{"@type":"PropertyValueSpecification","valueRequired":true,"valueName":"search_term_string"}}],"inLanguage":"de-CH"}]},"product_price_amount":"15.79","product_price_currency":"CHF","og_availability":"out of stock","product_availability":"out of stock","product_retailer_item_id":"627765207224","product_condition":"new"},"_links":{"self":[{"href":"https:\/\/ecosupplements.ch\/index.php?rest_route=\/wp\/v2\/product\/6987","targetHints":{"allow":["GET"]}}],"collection":[{"href":"https:\/\/ecosupplements.ch\/index.php?rest_route=\/wp\/v2\/product"}],"about":[{"href":"https:\/\/ecosupplements.ch\/index.php?rest_route=\/wp\/v2\/types\/product"}],"replies":[{"embeddable":true,"href":"https:\/\/ecosupplements.ch\/index.php?rest_route=%2Fwp%2Fv2%2Fcomments&post=6987"}],"wp:featuredmedia":[{"embeddable":true,"href":"https:\/\/ecosupplements.ch\/index.php?rest_route=\/wp\/v2\/media\/4118"}],"wp:attachment":[{"href":"https:\/\/ecosupplements.ch\/index.php?rest_route=%2Fwp%2Fv2%2Fmedia&parent=6987"}],"wp:term":[{"taxonomy":"product_brand","embeddable":true,"href":"https:\/\/ecosupplements.ch\/index.php?rest_route=%2Fwp%2Fv2%2Fproduct_brand&post=6987"},{"taxonomy":"product_cat","embeddable":true,"href":"https:\/\/ecosupplements.ch\/index.php?rest_route=%2Fwp%2Fv2%2Fproduct_cat&post=6987"},{"taxonomy":"product_tag","embeddable":true,"href":"https:\/\/ecosupplements.ch\/index.php?rest_route=%2Fwp%2Fv2%2Fproduct_tag&post=6987"}],"curies":[{"name":"wp","href":"https:\/\/api.w.org\/{rel}","templated":true}]}}