{"id":7015,"date":"2026-05-11T15:19:14","date_gmt":"2026-05-11T15:19:14","guid":{"rendered":"https:\/\/ecosupplements.ch\/?product=now-foods-l-theanine-200-mg-90-vcaps"},"modified":"2026-05-13T07:29:22","modified_gmt":"2026-05-13T07:29:22","slug":"now-foods-l-theanine-200-mg-90-vcaps","status":"publish","type":"product","link":"https:\/\/ecosupplements.ch\/?product=now-foods-l-theanine-200-mg-90-vcaps","title":{"rendered":"NOW FOODS L-Theanine, 200 mg (90 vcaps)"},"content":{"rendered":"<div class=\"chcg-product-description\">\n<h2 class=\"chcg-heading\">\u00dcber NOW Foods \u2013 L-Theanine, 200 mg (90 Vcaps)<\/h2>\n<div class=\"chcg-intro\">\n<p>L-Theanine ist eine nat\u00fcrlich vorkommende Aminos\u00e4ure, die haupts\u00e4chlich in Teebl\u00e4ttern (Camellia sinensis) vorkommt und f\u00fcr ihre entspannende Wirkung bekannt ist. NOW Foods L-Theanine liefert pro Kapsel 200 mg reines L-Theanine in hochwertiger vegetarischer Kapselform \u2013 ideal f\u00fcr alle, die eine gezielte Erg\u00e4nzung ihres Wohlbefindens im Alltag suchen.<\/p>\n<p>Zus\u00e4tzlich enth\u00e4lt dieses Produkt 100 mg Inositol \u2013 ein nat\u00fcrlich vorkommendes Kohlenhydrat, das in vielen Lebensmitteln zu finden ist und das Zusammenspiel verschiedener N\u00e4hrstoffe im K\u00f6rper unterst\u00fctzt. Die Kombination beider Wirkstoffe in einer einzigen Kapsel macht dieses Pr\u00e4parat besonders praktisch im t\u00e4glichen Einsatz.<\/p>\n<p>NOW Foods steht seit Jahrzehnten f\u00fcr kompromisslose Qualit\u00e4t und Transparenz. Dieses Produkt wird in einer GMP-zertifizierten Produktionsst\u00e4tte hergestellt und ist f\u00fcr vegane sowie vegetarische Ern\u00e4hrungsweisen geeignet \u2013 frei von Gluten und Laktose.<\/p>\n<\/p><\/div>\n<div class=\"chcg-nutrition\">\n<h3>N\u00e4hrwertangaben<\/h3>\n<table class=\"chcg-nutrition-table\">\n<thead>\n<tr>\n<th>N\u00e4hrstoff<\/th>\n<th>Pro Portion (1 Vcap)<\/th>\n<\/tr>\n<\/thead>\n<tbody>\n<tr>\n<td>L-Theanine<\/td>\n<td>200 mg*<\/td>\n<\/tr>\n<tr>\n<td>Inositol<\/td>\n<td>100 mg*<\/td>\n<\/tr>\n<\/tbody>\n<\/table>\n<p class=\"chcg-footnote\">* Kein festgelegter Tagesbedarf (Referenzwert) vorhanden.<\/p>\n<\/p><\/div>\n<div class=\"chcg-ingredients\">\n<h3>Zutaten<\/h3>\n<p>L-Theanine 200 mg, Inositol 100 mg. Weitere Zutaten: Pflanzliches Polysaccharid (Kapselh\u00fclle), Siliciumdioxid, Magnesiumstearat (pflanzlicher Herkunft).<\/p>\n<p class=\"chcg-capsule-shell\">Kapselh\u00fclle: Pflanzliches Polysaccharid<\/p>\n<\/p><\/div>\n<div class=\"chcg-dosage\">\n<h3>Verzehrempfehlung<\/h3>\n<p>1 Kapsel 1- bis 2-mal t\u00e4glich nach Bedarf einnehmen, vorzugsweise auf n\u00fcchternen Magen.<\/p>\n<\/p><\/div>\n<div class=\"chcg-warnings\">\n<h3>Warnhinweise<\/h3>\n<p>Nur f\u00fcr Erwachsene. Bei Schwangerschaft oder Stillzeit, bei Einnahme von Medikamenten oder bei bestehenden gesundheitlichen Beschwerden ist vor der Einnahme ein Arzt zu konsultieren. Ausserhalb der Reichweite von Kindern aufbewahren. Nat\u00fcrliche Farbschwankungen des Produkts sind m\u00f6glich.<\/p>\n<\/p><\/div>\n<div class=\"chcg-allergens\">\n<h3>Allergeninformationen<\/h3>\n<p>Nicht hergestellt mit Weizen, Gluten, Soja, Milch, Ei, Fisch, Schalentieren oder Baumn\u00fcssen als Zutaten. Produziert in einer GMP-Anlage, die andere Zutaten verarbeitet, welche diese Allergene enthalten k\u00f6nnen.<\/p>\n<\/p><\/div>\n<div class=\"chcg-storage\">\n<h3>Lagerung<\/h3>\n<p>Nach dem \u00d6ffnen an einem k\u00fchlen, trockenen Ort lagern.<\/p>\n<\/p><\/div>\n<div class=\"chcg-dietary\">\n<h3>Ern\u00e4hrungshinweise<\/h3>\n<ul>\n<li>Vegan<\/li>\n<li>Vegetarisch<\/li>\n<li>Glutenfrei<\/li>\n<li>Laktosefrei<\/li>\n<\/ul><\/div>\n<\/div>\n","protected":false},"excerpt":{"rendered":"<p>NOW Foods L-Theanine liefert 200 mg L-Theanine und 100 mg Inositol pro vegetarischer Kapsel \u2013 zur gezielten t\u00e4glichen Erg\u00e4nzung. 90 Vcaps pro Packung, vegan und glutenfrei.<\/p>\n","protected":false},"featured_media":7016,"comment_status":"closed","ping_status":"open","template":"","meta":[],"product_brand":[207],"product_cat":[514,90,25,42,26,21],"product_tag":[],"class_list":{"0":"post-7015","1":"product","2":"type-product","3":"status-publish","4":"has-post-thumbnail","6":"product_brand-now-foods","7":"product_cat-aminosaeuren-und-bcaas","8":"product_cat-fitness-training","9":"product_cat-gesundheit-und-wohlbefinden","10":"product_cat-mentale-konzentration-und-gedaechtnis","11":"product_cat-multivitamine","12":"product_cat-vitamine-und-mineralstoffe","14":"first","15":"outofstock","16":"taxable","17":"shipping-taxable","18":"purchasable","19":"product-type-simple"},"yoast_head":"<!-- This site is optimized with the Yoast SEO plugin v27.5 - https:\/\/yoast.com\/product\/yoast-seo-wordpress\/ -->\n<title>NOW Foods L-Theanine 200 mg \u2013 90 Vcaps | ecosupplements.ch<\/title>\n<meta name=\"description\" content=\"NOW Foods L-Theanine mit 200 mg L-Theanine und 100 mg Inositol pro Kapsel \u2013 vegan, glutenfrei, 90 Vcaps. Jetzt bestellen.\" \/>\n<meta name=\"robots\" content=\"index, follow, max-snippet:-1, max-image-preview:large, max-video-preview:-1\" \/>\n<link rel=\"canonical\" href=\"https:\/\/ecosupplements.ch\/?product=now-foods-l-theanine-200-mg-90-vcaps\" \/>\n<meta property=\"og:locale\" content=\"de_DE\" \/>\n<meta property=\"og:type\" content=\"article\" \/>\n<meta property=\"og:title\" content=\"NOW Foods L-Theanine 200 mg \u2013 90 Vcaps | ecosupplements.ch\" \/>\n<meta property=\"og:description\" content=\"NOW Foods L-Theanine mit 200 mg L-Theanine und 100 mg Inositol pro Kapsel \u2013 vegan, glutenfrei, 90 Vcaps. Jetzt bestellen.\" \/>\n<meta property=\"og:url\" content=\"https:\/\/ecosupplements.ch\/?product=now-foods-l-theanine-200-mg-90-vcaps\" \/>\n<meta property=\"og:site_name\" content=\"Eco Supplements\" \/>\n<meta property=\"article:modified_time\" content=\"2026-05-13T07:29:22+00:00\" \/>\n<meta property=\"og:image\" content=\"https:\/\/ecosupplements.ch\/wp-content\/uploads\/2026\/05\/NOW-FOODS-L-Theanine-200-mg-90-vcaps.png\" \/>\n\t<meta property=\"og:image:width\" content=\"364\" \/>\n\t<meta property=\"og:image:height\" content=\"685\" \/>\n\t<meta property=\"og:image:type\" content=\"image\/jpeg\" \/>\n<meta name=\"twitter:card\" content=\"summary_large_image\" \/>\n<meta name=\"twitter:label1\" content=\"Price\" \/>\n\t<meta name=\"twitter:data1\" content=\"&#067;&#072;&#070;&nbsp;26.36\" \/>\n\t<meta name=\"twitter:label2\" content=\"Availability\" \/>\n\t<meta name=\"twitter:data2\" content=\"Out of stock\" \/>\n<script type=\"application\/ld+json\" class=\"yoast-schema-graph\">{\"@context\":\"https:\\\/\\\/schema.org\",\"@graph\":[{\"@type\":\"WebPage\",\"@id\":\"https:\\\/\\\/ecosupplements.ch\\\/?product=now-foods-l-theanine-200-mg-90-vcaps\",\"url\":\"https:\\\/\\\/ecosupplements.ch\\\/?product=now-foods-l-theanine-200-mg-90-vcaps\",\"name\":\"NOW Foods L-Theanine 200 mg \u2013 90 Vcaps | ecosupplements.ch\",\"isPartOf\":{\"@id\":\"https:\\\/\\\/ecosupplements.ch\\\/#website\"},\"primaryImageOfPage\":{\"@id\":\"https:\\\/\\\/ecosupplements.ch\\\/?product=now-foods-l-theanine-200-mg-90-vcaps#primaryimage\"},\"image\":{\"@id\":\"https:\\\/\\\/ecosupplements.ch\\\/?product=now-foods-l-theanine-200-mg-90-vcaps#primaryimage\"},\"thumbnailUrl\":\"https:\\\/\\\/ecosupplements.ch\\\/wp-content\\\/uploads\\\/2026\\\/05\\\/NOW-FOODS-L-Theanine-200-mg-90-vcaps.png\",\"datePublished\":\"2026-05-11T15:19:14+00:00\",\"dateModified\":\"2026-05-13T07:29:22+00:00\",\"description\":\"NOW Foods L-Theanine mit 200 mg L-Theanine und 100 mg Inositol pro Kapsel \u2013 vegan, glutenfrei, 90 Vcaps. Jetzt bestellen.\",\"breadcrumb\":{\"@id\":\"https:\\\/\\\/ecosupplements.ch\\\/?product=now-foods-l-theanine-200-mg-90-vcaps#breadcrumb\"},\"inLanguage\":\"de-CH\",\"potentialAction\":[{\"@type\":\"ReadAction\",\"target\":[\"https:\\\/\\\/ecosupplements.ch\\\/?product=now-foods-l-theanine-200-mg-90-vcaps\"]}]},{\"@type\":\"ImageObject\",\"inLanguage\":\"de-CH\",\"@id\":\"https:\\\/\\\/ecosupplements.ch\\\/?product=now-foods-l-theanine-200-mg-90-vcaps#primaryimage\",\"url\":\"https:\\\/\\\/ecosupplements.ch\\\/wp-content\\\/uploads\\\/2026\\\/05\\\/NOW-FOODS-L-Theanine-200-mg-90-vcaps.png\",\"contentUrl\":\"https:\\\/\\\/ecosupplements.ch\\\/wp-content\\\/uploads\\\/2026\\\/05\\\/NOW-FOODS-L-Theanine-200-mg-90-vcaps.png\",\"width\":364,\"height\":685,\"caption\":\"NOW FOODS L-Theanine\"},{\"@type\":\"BreadcrumbList\",\"@id\":\"https:\\\/\\\/ecosupplements.ch\\\/?product=now-foods-l-theanine-200-mg-90-vcaps#breadcrumb\",\"itemListElement\":[{\"@type\":\"ListItem\",\"position\":1,\"name\":\"Home\",\"item\":\"https:\\\/\\\/ecosupplements.ch\\\/\"},{\"@type\":\"ListItem\",\"position\":2,\"name\":\"Shop\",\"item\":\"https:\\\/\\\/ecosupplements.ch\\\/?page_id=14\"},{\"@type\":\"ListItem\",\"position\":3,\"name\":\"NOW FOODS L-Theanine, 200 mg (90 vcaps)\"}]},{\"@type\":\"WebSite\",\"@id\":\"https:\\\/\\\/ecosupplements.ch\\\/#website\",\"url\":\"https:\\\/\\\/ecosupplements.ch\\\/\",\"name\":\"Eco Supplements\",\"description\":\"\",\"potentialAction\":[{\"@type\":\"SearchAction\",\"target\":{\"@type\":\"EntryPoint\",\"urlTemplate\":\"https:\\\/\\\/ecosupplements.ch\\\/?s={search_term_string}\"},\"query-input\":{\"@type\":\"PropertyValueSpecification\",\"valueRequired\":true,\"valueName\":\"search_term_string\"}}],\"inLanguage\":\"de-CH\"}]}<\/script>\n<meta property=\"product:price:amount\" content=\"26.36\" \/>\n<meta property=\"product:price:currency\" content=\"CHF\" \/>\n<meta property=\"og:availability\" content=\"out of stock\" \/>\n<meta property=\"product:availability\" content=\"out of stock\" \/>\n<meta property=\"product:retailer_item_id\" content=\"733739701473\" \/>\n<meta property=\"product:condition\" content=\"new\" \/>\n<!-- \/ Yoast SEO plugin. -->","yoast_head_json":{"title":"NOW Foods L-Theanine 200 mg \u2013 90 Vcaps | ecosupplements.ch","description":"NOW Foods L-Theanine mit 200 mg L-Theanine und 100 mg Inositol pro Kapsel \u2013 vegan, glutenfrei, 90 Vcaps. Jetzt bestellen.","robots":{"index":"index","follow":"follow","max-snippet":"max-snippet:-1","max-image-preview":"max-image-preview:large","max-video-preview":"max-video-preview:-1"},"canonical":"https:\/\/ecosupplements.ch\/?product=now-foods-l-theanine-200-mg-90-vcaps","og_locale":"de_DE","og_type":"article","og_title":"NOW Foods L-Theanine 200 mg \u2013 90 Vcaps | ecosupplements.ch","og_description":"NOW Foods L-Theanine mit 200 mg L-Theanine und 100 mg Inositol pro Kapsel \u2013 vegan, glutenfrei, 90 Vcaps. Jetzt bestellen.","og_url":"https:\/\/ecosupplements.ch\/?product=now-foods-l-theanine-200-mg-90-vcaps","og_site_name":"Eco Supplements","article_modified_time":"2026-05-13T07:29:22+00:00","og_image":[{"width":364,"height":685,"url":"https:\/\/ecosupplements.ch\/wp-content\/uploads\/2026\/05\/NOW-FOODS-L-Theanine-200-mg-90-vcaps.png","type":"image\/jpeg"}],"twitter_card":"summary_large_image","twitter_misc":{"Price":"&#67;&#72;&#70;&nbsp;26.36","Availability":"Out of stock"},"schema":{"@context":"https:\/\/schema.org","@graph":[{"@type":"WebPage","@id":"https:\/\/ecosupplements.ch\/?product=now-foods-l-theanine-200-mg-90-vcaps","url":"https:\/\/ecosupplements.ch\/?product=now-foods-l-theanine-200-mg-90-vcaps","name":"NOW Foods L-Theanine 200 mg \u2013 90 Vcaps | ecosupplements.ch","isPartOf":{"@id":"https:\/\/ecosupplements.ch\/#website"},"primaryImageOfPage":{"@id":"https:\/\/ecosupplements.ch\/?product=now-foods-l-theanine-200-mg-90-vcaps#primaryimage"},"image":{"@id":"https:\/\/ecosupplements.ch\/?product=now-foods-l-theanine-200-mg-90-vcaps#primaryimage"},"thumbnailUrl":"https:\/\/ecosupplements.ch\/wp-content\/uploads\/2026\/05\/NOW-FOODS-L-Theanine-200-mg-90-vcaps.png","datePublished":"2026-05-11T15:19:14+00:00","dateModified":"2026-05-13T07:29:22+00:00","description":"NOW Foods L-Theanine mit 200 mg L-Theanine und 100 mg Inositol pro Kapsel \u2013 vegan, glutenfrei, 90 Vcaps. Jetzt bestellen.","breadcrumb":{"@id":"https:\/\/ecosupplements.ch\/?product=now-foods-l-theanine-200-mg-90-vcaps#breadcrumb"},"inLanguage":"de-CH","potentialAction":[{"@type":"ReadAction","target":["https:\/\/ecosupplements.ch\/?product=now-foods-l-theanine-200-mg-90-vcaps"]}]},{"@type":"ImageObject","inLanguage":"de-CH","@id":"https:\/\/ecosupplements.ch\/?product=now-foods-l-theanine-200-mg-90-vcaps#primaryimage","url":"https:\/\/ecosupplements.ch\/wp-content\/uploads\/2026\/05\/NOW-FOODS-L-Theanine-200-mg-90-vcaps.png","contentUrl":"https:\/\/ecosupplements.ch\/wp-content\/uploads\/2026\/05\/NOW-FOODS-L-Theanine-200-mg-90-vcaps.png","width":364,"height":685,"caption":"NOW FOODS L-Theanine"},{"@type":"BreadcrumbList","@id":"https:\/\/ecosupplements.ch\/?product=now-foods-l-theanine-200-mg-90-vcaps#breadcrumb","itemListElement":[{"@type":"ListItem","position":1,"name":"Home","item":"https:\/\/ecosupplements.ch\/"},{"@type":"ListItem","position":2,"name":"Shop","item":"https:\/\/ecosupplements.ch\/?page_id=14"},{"@type":"ListItem","position":3,"name":"NOW FOODS L-Theanine, 200 mg (90 vcaps)"}]},{"@type":"WebSite","@id":"https:\/\/ecosupplements.ch\/#website","url":"https:\/\/ecosupplements.ch\/","name":"Eco Supplements","description":"","potentialAction":[{"@type":"SearchAction","target":{"@type":"EntryPoint","urlTemplate":"https:\/\/ecosupplements.ch\/?s={search_term_string}"},"query-input":{"@type":"PropertyValueSpecification","valueRequired":true,"valueName":"search_term_string"}}],"inLanguage":"de-CH"}]},"product_price_amount":"26.36","product_price_currency":"CHF","og_availability":"out of stock","product_availability":"out of stock","product_retailer_item_id":"733739701473","product_condition":"new"},"_links":{"self":[{"href":"https:\/\/ecosupplements.ch\/index.php?rest_route=\/wp\/v2\/product\/7015","targetHints":{"allow":["GET"]}}],"collection":[{"href":"https:\/\/ecosupplements.ch\/index.php?rest_route=\/wp\/v2\/product"}],"about":[{"href":"https:\/\/ecosupplements.ch\/index.php?rest_route=\/wp\/v2\/types\/product"}],"replies":[{"embeddable":true,"href":"https:\/\/ecosupplements.ch\/index.php?rest_route=%2Fwp%2Fv2%2Fcomments&post=7015"}],"wp:featuredmedia":[{"embeddable":true,"href":"https:\/\/ecosupplements.ch\/index.php?rest_route=\/wp\/v2\/media\/7016"}],"wp:attachment":[{"href":"https:\/\/ecosupplements.ch\/index.php?rest_route=%2Fwp%2Fv2%2Fmedia&parent=7015"}],"wp:term":[{"taxonomy":"product_brand","embeddable":true,"href":"https:\/\/ecosupplements.ch\/index.php?rest_route=%2Fwp%2Fv2%2Fproduct_brand&post=7015"},{"taxonomy":"product_cat","embeddable":true,"href":"https:\/\/ecosupplements.ch\/index.php?rest_route=%2Fwp%2Fv2%2Fproduct_cat&post=7015"},{"taxonomy":"product_tag","embeddable":true,"href":"https:\/\/ecosupplements.ch\/index.php?rest_route=%2Fwp%2Fv2%2Fproduct_tag&post=7015"}],"curies":[{"name":"wp","href":"https:\/\/api.w.org\/{rel}","templated":true}]}}