{"id":745,"date":"2026-05-11T14:24:47","date_gmt":"2026-05-11T14:24:47","guid":{"rendered":"https:\/\/ecosupplements.ch\/?product=calcium-citrate-200mg-60-caps"},"modified":"2026-05-13T07:23:45","modified_gmt":"2026-05-13T07:23:45","slug":"calcium-citrate-200mg-60-caps","status":"publish","type":"product","link":"https:\/\/ecosupplements.ch\/?product=calcium-citrate-200mg-60-caps","title":{"rendered":"Calcium Citrate, 200mg &#8211; 60 caps"},"content":{"rendered":"<div class=\"chcg-product-description\">\n<h2 class=\"chcg-heading\">\u00dcber Swanson \u2013 Calcium Citrate, 200mg \u2013 60 Kapseln<\/h2>\n<div class=\"chcg-intro\">\n<p>Calcium ist ein essenzieller Mineralstoff, der zur Erhaltung normaler Knochen und Z\u00e4hne beitr\u00e4gt. Es spielt zudem eine wichtige Rolle f\u00fcr die normale Muskelfunktion sowie die normale Signal\u00fcbertragung der Nervenzellen. Swanson Calcium Citrate liefert pro Tagesdosis 400 mg Calcium in der gut vertr\u00e4glichen Citratsform \u2013 eine Form, die sich durch ihre gute L\u00f6slichkeit auszeichnet.<\/p>\n<p>Calciumcitrat gilt als besonders magenfreundliche Calciumverbindung und kann im Gegensatz zu manchen anderen Calciumformen auch ohne Mahlzeit eingenommen werden, obwohl die Einnahme mit einer Mahlzeit empfohlen wird. Jede Kapsel enth\u00e4lt 200 mg Calcium, was 25 % des empfohlenen Tagesbedarfs entspricht.<\/p>\n<p>Swanson steht seit Jahrzehnten f\u00fcr zuverl\u00e4ssige Qualit\u00e4t im Bereich Nahrungserg\u00e4nzungsmittel. Dieses Produkt eignet sich f\u00fcr Personen, die ihren t\u00e4glichen Calciumbedarf gezielt erg\u00e4nzen m\u00f6chten.<\/p>\n<\/p><\/div>\n<div class=\"chcg-nutrition\">\n<h3>N\u00e4hrwertangaben<\/h3>\n<table class=\"chcg-nutrition-table\">\n<thead>\n<tr>\n<th>N\u00e4hrstoff<\/th>\n<th>Pro Portion (1 Kapsel)<\/th>\n<\/tr>\n<\/thead>\n<tbody>\n<tr>\n<td>Calcium (aus Calciumcitrat)<\/td>\n<td>200 mg (25% NRV)<\/td>\n<\/tr>\n<\/tbody>\n<\/table>\n<p class=\"chcg-footnote\">NRV = N\u00e4hrstoffbezugswert gem\u00e4ss Referenzwert f\u00fcr die t\u00e4gliche Zufuhr.<\/p>\n<\/p><\/div>\n<div class=\"chcg-ingredients\">\n<h3>Zutaten<\/h3>\n<p>Calciumcitrat 200 mg. Sonstige Zutaten: Gelatine, Magnesiumstearat.<\/p>\n<p class=\"chcg-capsule-shell\">Kapselh\u00fclle: Gelatine (gem\u00e4ss eingereichtem Produktlabel \/ EAN-verkn\u00fcpfter Listung). Hinweis: Die aktuelle Swanson-Website gibt eine vegane Kapsel (Hydroxypropylmethylcellulose) an \u2013 m\u00f6glicherweise wurde die Rezeptur aktualisiert. Die vorliegenden Produktangaben beziehen sich auf die Gelatine-Kapsel-Version, die mit EAN 087614111889 verkn\u00fcpft ist.<\/p>\n<\/p><\/div>\n<div class=\"chcg-dosage\">\n<h3>Verzehrempfehlung<\/h3>\n<p>Als Nahrungserg\u00e4nzungsmittel t\u00e4glich zwei Kapseln zu den Mahlzeiten einnehmen.<\/p>\n<\/p><\/div>\n<div class=\"chcg-warnings\">\n<h3>Warnhinweise<\/h3>\n<p>Nur f\u00fcr Erwachsene. Konsultieren Sie vor der Einnahme dieses oder eines anderen Produkts Ihren Arzt, wenn Sie schwanger sind oder stillen, Medikamente einnehmen oder an einer Erkrankung leiden. Ausserhalb der Reichweite von Kindern aufbewahren. Nicht verwenden, wenn die Schutzversiegelung besch\u00e4digt ist.<\/p>\n<\/p><\/div>\n<div class=\"chcg-allergens\">\n<h3>Allergeninformationen<\/h3>\n<p>Auf dem Produktlabel sind keine Allergene ausdr\u00fccklich deklariert. Das Produkt enth\u00e4lt Gelatine (tierischen Ursprungs) gem\u00e4ss eingereichtem bzw. urspr\u00fcnglichem Label.<\/p>\n<\/p><\/div>\n<div class=\"chcg-storage\">\n<h3>Lagerung<\/h3>\n<p>An einem k\u00fchlen, trockenen Ort aufbewahren.<\/p>\n<\/p><\/div>\n<div class=\"chcg-dietary\">\n<h3>Ern\u00e4hrungshinweise<\/h3>\n<ul>\n<li>Laktosefrei<\/li>\n<\/ul><\/div>\n<\/div>\n","protected":false},"excerpt":{"rendered":"<p>Swanson Calcium Citrate liefert 200 mg Calcium pro Kapsel in der magenfreundlichen Citratsform \u2013 f\u00fcr Knochen, Z\u00e4hne und Muskulatur. Packung mit 60 Kapseln, empfohlene Tagesdosis: 2 Kapseln zu den Mahlzeiten.<\/p>\n","protected":false},"featured_media":746,"comment_status":"closed","ping_status":"open","template":"","meta":[],"product_brand":[16],"product_cat":[96,23,48,25,171,21],"product_tag":[],"class_list":{"0":"post-745","1":"product","2":"type-product","3":"status-publish","4":"has-post-thumbnail","6":"product_brand-swanson","7":"product_cat-kalk","8":"product_cat-einige-mineralien","9":"product_cat-gesunde-ernaehrung","10":"product_cat-gesundheit-und-wohlbefinden","11":"product_cat-vitamine-und-mineralien","12":"product_cat-vitamine-und-mineralstoffe","14":"first","15":"outofstock","16":"taxable","17":"shipping-taxable","18":"purchasable","19":"product-type-simple"},"yoast_head":"<!-- This site is optimized with the Yoast SEO plugin v27.5 - https:\/\/yoast.com\/product\/yoast-seo-wordpress\/ -->\n<title>Calcium Citrate 200mg \u2013 Swanson | ecosupplements.ch<\/title>\n<meta name=\"description\" content=\"Calcium Citrate von Swanson \u2013 200 mg pro Kapsel f\u00fcr Knochen und Z\u00e4hne, 60 Kapseln pro Packung. Jetzt bestellen.\" \/>\n<meta name=\"robots\" content=\"index, follow, max-snippet:-1, max-image-preview:large, max-video-preview:-1\" \/>\n<link rel=\"canonical\" href=\"https:\/\/ecosupplements.ch\/?product=calcium-citrate-200mg-60-caps\" \/>\n<meta property=\"og:locale\" content=\"de_DE\" \/>\n<meta property=\"og:type\" content=\"article\" \/>\n<meta property=\"og:title\" content=\"Calcium Citrate 200mg \u2013 Swanson | ecosupplements.ch\" \/>\n<meta property=\"og:description\" content=\"Calcium Citrate von Swanson \u2013 200 mg pro Kapsel f\u00fcr Knochen und Z\u00e4hne, 60 Kapseln pro Packung. Jetzt bestellen.\" \/>\n<meta property=\"og:url\" content=\"https:\/\/ecosupplements.ch\/?product=calcium-citrate-200mg-60-caps\" \/>\n<meta property=\"og:site_name\" content=\"Eco Supplements\" \/>\n<meta property=\"article:modified_time\" content=\"2026-05-13T07:23:45+00:00\" \/>\n<meta property=\"og:image\" content=\"https:\/\/ecosupplements.ch\/wp-content\/uploads\/2026\/05\/Calcium-Citrate-200mg-60-caps-1.jpg\" \/>\n\t<meta property=\"og:image:width\" content=\"650\" \/>\n\t<meta property=\"og:image:height\" content=\"650\" \/>\n\t<meta property=\"og:image:type\" content=\"image\/jpeg\" \/>\n<meta name=\"twitter:card\" content=\"summary_large_image\" \/>\n<meta name=\"twitter:label1\" content=\"Price\" \/>\n\t<meta name=\"twitter:data1\" content=\"&#067;&#072;&#070;&nbsp;7.64\" \/>\n\t<meta name=\"twitter:label2\" content=\"Availability\" \/>\n\t<meta name=\"twitter:data2\" content=\"Out of stock\" \/>\n<script type=\"application\/ld+json\" class=\"yoast-schema-graph\">{\"@context\":\"https:\\\/\\\/schema.org\",\"@graph\":[{\"@type\":\"WebPage\",\"@id\":\"https:\\\/\\\/ecosupplements.ch\\\/?product=calcium-citrate-200mg-60-caps\",\"url\":\"https:\\\/\\\/ecosupplements.ch\\\/?product=calcium-citrate-200mg-60-caps\",\"name\":\"Calcium Citrate 200mg \u2013 Swanson | ecosupplements.ch\",\"isPartOf\":{\"@id\":\"https:\\\/\\\/ecosupplements.ch\\\/#website\"},\"primaryImageOfPage\":{\"@id\":\"https:\\\/\\\/ecosupplements.ch\\\/?product=calcium-citrate-200mg-60-caps#primaryimage\"},\"image\":{\"@id\":\"https:\\\/\\\/ecosupplements.ch\\\/?product=calcium-citrate-200mg-60-caps#primaryimage\"},\"thumbnailUrl\":\"https:\\\/\\\/ecosupplements.ch\\\/wp-content\\\/uploads\\\/2026\\\/05\\\/Calcium-Citrate-200mg-60-caps-1.jpg\",\"datePublished\":\"2026-05-11T14:24:47+00:00\",\"dateModified\":\"2026-05-13T07:23:45+00:00\",\"description\":\"Calcium Citrate von Swanson \u2013 200 mg pro Kapsel f\u00fcr Knochen und Z\u00e4hne, 60 Kapseln pro Packung. Jetzt bestellen.\",\"breadcrumb\":{\"@id\":\"https:\\\/\\\/ecosupplements.ch\\\/?product=calcium-citrate-200mg-60-caps#breadcrumb\"},\"inLanguage\":\"de-CH\",\"potentialAction\":[{\"@type\":\"ReadAction\",\"target\":[\"https:\\\/\\\/ecosupplements.ch\\\/?product=calcium-citrate-200mg-60-caps\"]}]},{\"@type\":\"ImageObject\",\"inLanguage\":\"de-CH\",\"@id\":\"https:\\\/\\\/ecosupplements.ch\\\/?product=calcium-citrate-200mg-60-caps#primaryimage\",\"url\":\"https:\\\/\\\/ecosupplements.ch\\\/wp-content\\\/uploads\\\/2026\\\/05\\\/Calcium-Citrate-200mg-60-caps-1.jpg\",\"contentUrl\":\"https:\\\/\\\/ecosupplements.ch\\\/wp-content\\\/uploads\\\/2026\\\/05\\\/Calcium-Citrate-200mg-60-caps-1.jpg\",\"width\":650,\"height\":650,\"caption\":\"Calcium Citrate\"},{\"@type\":\"BreadcrumbList\",\"@id\":\"https:\\\/\\\/ecosupplements.ch\\\/?product=calcium-citrate-200mg-60-caps#breadcrumb\",\"itemListElement\":[{\"@type\":\"ListItem\",\"position\":1,\"name\":\"Home\",\"item\":\"https:\\\/\\\/ecosupplements.ch\\\/\"},{\"@type\":\"ListItem\",\"position\":2,\"name\":\"Shop\",\"item\":\"https:\\\/\\\/ecosupplements.ch\\\/?page_id=14\"},{\"@type\":\"ListItem\",\"position\":3,\"name\":\"Calcium Citrate, 200mg &#8211; 60 caps\"}]},{\"@type\":\"WebSite\",\"@id\":\"https:\\\/\\\/ecosupplements.ch\\\/#website\",\"url\":\"https:\\\/\\\/ecosupplements.ch\\\/\",\"name\":\"Eco Supplements\",\"description\":\"\",\"potentialAction\":[{\"@type\":\"SearchAction\",\"target\":{\"@type\":\"EntryPoint\",\"urlTemplate\":\"https:\\\/\\\/ecosupplements.ch\\\/?s={search_term_string}\"},\"query-input\":{\"@type\":\"PropertyValueSpecification\",\"valueRequired\":true,\"valueName\":\"search_term_string\"}}],\"inLanguage\":\"de-CH\"}]}<\/script>\n<meta property=\"product:price:amount\" content=\"7.64\" \/>\n<meta property=\"product:price:currency\" content=\"CHF\" \/>\n<meta property=\"og:availability\" content=\"out of stock\" \/>\n<meta property=\"product:availability\" content=\"out of stock\" \/>\n<meta property=\"product:retailer_item_id\" content=\"087614111889\" \/>\n<meta property=\"product:condition\" content=\"new\" \/>\n<!-- \/ Yoast SEO plugin. -->","yoast_head_json":{"title":"Calcium Citrate 200mg \u2013 Swanson | ecosupplements.ch","description":"Calcium Citrate von Swanson \u2013 200 mg pro Kapsel f\u00fcr Knochen und Z\u00e4hne, 60 Kapseln pro Packung. Jetzt bestellen.","robots":{"index":"index","follow":"follow","max-snippet":"max-snippet:-1","max-image-preview":"max-image-preview:large","max-video-preview":"max-video-preview:-1"},"canonical":"https:\/\/ecosupplements.ch\/?product=calcium-citrate-200mg-60-caps","og_locale":"de_DE","og_type":"article","og_title":"Calcium Citrate 200mg \u2013 Swanson | ecosupplements.ch","og_description":"Calcium Citrate von Swanson \u2013 200 mg pro Kapsel f\u00fcr Knochen und Z\u00e4hne, 60 Kapseln pro Packung. Jetzt bestellen.","og_url":"https:\/\/ecosupplements.ch\/?product=calcium-citrate-200mg-60-caps","og_site_name":"Eco Supplements","article_modified_time":"2026-05-13T07:23:45+00:00","og_image":[{"width":650,"height":650,"url":"https:\/\/ecosupplements.ch\/wp-content\/uploads\/2026\/05\/Calcium-Citrate-200mg-60-caps-1.jpg","type":"image\/jpeg"}],"twitter_card":"summary_large_image","twitter_misc":{"Price":"&#67;&#72;&#70;&nbsp;7.64","Availability":"Out of stock"},"schema":{"@context":"https:\/\/schema.org","@graph":[{"@type":"WebPage","@id":"https:\/\/ecosupplements.ch\/?product=calcium-citrate-200mg-60-caps","url":"https:\/\/ecosupplements.ch\/?product=calcium-citrate-200mg-60-caps","name":"Calcium Citrate 200mg \u2013 Swanson | ecosupplements.ch","isPartOf":{"@id":"https:\/\/ecosupplements.ch\/#website"},"primaryImageOfPage":{"@id":"https:\/\/ecosupplements.ch\/?product=calcium-citrate-200mg-60-caps#primaryimage"},"image":{"@id":"https:\/\/ecosupplements.ch\/?product=calcium-citrate-200mg-60-caps#primaryimage"},"thumbnailUrl":"https:\/\/ecosupplements.ch\/wp-content\/uploads\/2026\/05\/Calcium-Citrate-200mg-60-caps-1.jpg","datePublished":"2026-05-11T14:24:47+00:00","dateModified":"2026-05-13T07:23:45+00:00","description":"Calcium Citrate von Swanson \u2013 200 mg pro Kapsel f\u00fcr Knochen und Z\u00e4hne, 60 Kapseln pro Packung. Jetzt bestellen.","breadcrumb":{"@id":"https:\/\/ecosupplements.ch\/?product=calcium-citrate-200mg-60-caps#breadcrumb"},"inLanguage":"de-CH","potentialAction":[{"@type":"ReadAction","target":["https:\/\/ecosupplements.ch\/?product=calcium-citrate-200mg-60-caps"]}]},{"@type":"ImageObject","inLanguage":"de-CH","@id":"https:\/\/ecosupplements.ch\/?product=calcium-citrate-200mg-60-caps#primaryimage","url":"https:\/\/ecosupplements.ch\/wp-content\/uploads\/2026\/05\/Calcium-Citrate-200mg-60-caps-1.jpg","contentUrl":"https:\/\/ecosupplements.ch\/wp-content\/uploads\/2026\/05\/Calcium-Citrate-200mg-60-caps-1.jpg","width":650,"height":650,"caption":"Calcium Citrate"},{"@type":"BreadcrumbList","@id":"https:\/\/ecosupplements.ch\/?product=calcium-citrate-200mg-60-caps#breadcrumb","itemListElement":[{"@type":"ListItem","position":1,"name":"Home","item":"https:\/\/ecosupplements.ch\/"},{"@type":"ListItem","position":2,"name":"Shop","item":"https:\/\/ecosupplements.ch\/?page_id=14"},{"@type":"ListItem","position":3,"name":"Calcium Citrate, 200mg &#8211; 60 caps"}]},{"@type":"WebSite","@id":"https:\/\/ecosupplements.ch\/#website","url":"https:\/\/ecosupplements.ch\/","name":"Eco Supplements","description":"","potentialAction":[{"@type":"SearchAction","target":{"@type":"EntryPoint","urlTemplate":"https:\/\/ecosupplements.ch\/?s={search_term_string}"},"query-input":{"@type":"PropertyValueSpecification","valueRequired":true,"valueName":"search_term_string"}}],"inLanguage":"de-CH"}]},"product_price_amount":"7.64","product_price_currency":"CHF","og_availability":"out of stock","product_availability":"out of stock","product_retailer_item_id":"087614111889","product_condition":"new"},"_links":{"self":[{"href":"https:\/\/ecosupplements.ch\/index.php?rest_route=\/wp\/v2\/product\/745","targetHints":{"allow":["GET"]}}],"collection":[{"href":"https:\/\/ecosupplements.ch\/index.php?rest_route=\/wp\/v2\/product"}],"about":[{"href":"https:\/\/ecosupplements.ch\/index.php?rest_route=\/wp\/v2\/types\/product"}],"replies":[{"embeddable":true,"href":"https:\/\/ecosupplements.ch\/index.php?rest_route=%2Fwp%2Fv2%2Fcomments&post=745"}],"wp:featuredmedia":[{"embeddable":true,"href":"https:\/\/ecosupplements.ch\/index.php?rest_route=\/wp\/v2\/media\/746"}],"wp:attachment":[{"href":"https:\/\/ecosupplements.ch\/index.php?rest_route=%2Fwp%2Fv2%2Fmedia&parent=745"}],"wp:term":[{"taxonomy":"product_brand","embeddable":true,"href":"https:\/\/ecosupplements.ch\/index.php?rest_route=%2Fwp%2Fv2%2Fproduct_brand&post=745"},{"taxonomy":"product_cat","embeddable":true,"href":"https:\/\/ecosupplements.ch\/index.php?rest_route=%2Fwp%2Fv2%2Fproduct_cat&post=745"},{"taxonomy":"product_tag","embeddable":true,"href":"https:\/\/ecosupplements.ch\/index.php?rest_route=%2Fwp%2Fv2%2Fproduct_tag&post=745"}],"curies":[{"name":"wp","href":"https:\/\/api.w.org\/{rel}","templated":true}]}}