{"id":747,"date":"2026-05-11T14:24:48","date_gmt":"2026-05-11T14:24:48","guid":{"rendered":"https:\/\/ecosupplements.ch\/?product=iron-citrate-25mg-60-vcaps"},"modified":"2026-05-13T07:23:58","modified_gmt":"2026-05-13T07:23:58","slug":"iron-citrate-25mg-60-vcaps","status":"publish","type":"product","link":"https:\/\/ecosupplements.ch\/?product=iron-citrate-25mg-60-vcaps","title":{"rendered":"Iron Citrate, 25mg &#8211; 60 vcaps"},"content":{"rendered":"<div class=\"chcg-product-description\">\n<h2 class=\"chcg-heading\">\u00dcber Swanson \u2013 Iron Citrate, 25mg \u2013 60 Vcaps<\/h2>\n<div class=\"chcg-intro\">\n<p>Eisen ist ein essenzielles Spurenelement, das der K\u00f6rper f\u00fcr die normale Bildung von roten Blutk\u00f6rperchen und H\u00e4moglobin ben\u00f6tigt. Es tr\u00e4gt zudem zur Verringerung von M\u00fcdigkeit und Ersch\u00f6pfung sowie zur normalen kognitiven Funktion bei. Swanson Iron Citrate liefert 25 mg Eisen pro Kapsel in Form von Eisencitrat \u2013 einer gut vertr\u00e4glichen organischen Verbindung.<\/p>\n<p>Im Vergleich zu anorganischen Eisenformen gilt Eisencitrat als magenfreundliche Alternative, die sich besonders f\u00fcr Personen eignet, die empfindlich auf andere Eisenpr\u00e4parate reagieren. Jede Tagesportion entspricht 179 % des empfohlenen N\u00e4hrstoffbezugswerts (NRV) f\u00fcr Eisen.<\/p>\n<p>Die veganen Kapseln von Swanson sind frei von tierischen Inhaltsstoffen und eignen sich f\u00fcr eine vegane sowie vegetarische Ern\u00e4hrungsweise. Das Produkt ist ausserdem glutenfrei und laktosefrei \u2013 f\u00fcr eine breite Vertr\u00e4glichkeit.<\/p>\n<\/p><\/div>\n<div class=\"chcg-nutrition\">\n<h3>N\u00e4hrwertangaben<\/h3>\n<table class=\"chcg-nutrition-table\">\n<thead>\n<tr>\n<th>N\u00e4hrstoff<\/th>\n<th>Pro Portion (1 Kapsel)<\/th>\n<\/tr>\n<\/thead>\n<tbody>\n<tr>\n<td>Eisen (aus Eisencitrat)<\/td>\n<td>25 mg (179 % NRW)<\/td>\n<\/tr>\n<\/tbody>\n<\/table><\/div>\n<div class=\"chcg-ingredients\">\n<h3>Zutaten<\/h3>\n<p>Eisen (aus Eisencitrat) 25 mg. Weitere Zutaten: Mikrokristalline Cellulose (Pflanzenfaser), Hypromellose (pflanzliche Kapsel), Magnesiumstearat, Siliziumdioxid.<\/p>\n<p class=\"chcg-capsule-shell\">Kapselh\u00fclle: Hypromellose (pflanzliche Kapsel)<\/p>\n<\/p><\/div>\n<div class=\"chcg-dosage\">\n<h3>Verzehrempfehlung<\/h3>\n<p>Als Nahrungserg\u00e4nzungsmittel t\u00e4glich eine Veggie-Kapsel zu einer Mahlzeit mit Wasser einnehmen.<\/p>\n<\/p><\/div>\n<div class=\"chcg-warnings\">\n<h3>Warnhinweise<\/h3>\n<p>Eine versehentliche \u00dcberdosierung eisenhaltiger Produkte ist eine der h\u00e4ufigsten Ursachen f\u00fcr t\u00f6dliche Vergiftungen bei Kindern unter 6 Jahren. Dieses Produkt ausserhalb der Reichweite von Kindern aufbewahren. Im Falle einer versehentlichen \u00dcberdosierung sofort einen Arzt oder ein Giftinformationszentrum kontaktieren. Nur f\u00fcr Erwachsene. Vor der Einnahme dieses oder anderer Produkte einen Arzt konsultieren, wenn Sie schwanger sind oder stillen, Medikamente einnehmen oder an einer Erkrankung leiden. Ausserhalb der Reichweite von Kindern aufbewahren. Nicht verwenden, wenn das Sicherheitssiegel besch\u00e4digt ist.<\/p>\n<\/p><\/div>\n<div class=\"chcg-allergens\">\n<h3>Allergeninformationen<\/h3>\n<p>Auf der Produktverpackung sind keine Allergene deklariert.<\/p>\n<\/p><\/div>\n<div class=\"chcg-storage\">\n<h3>Lagerung<\/h3>\n<p>An einem k\u00fchlen, trockenen Ort aufbewahren.<\/p>\n<\/p><\/div>\n<div class=\"chcg-dietary\">\n<h3>Ern\u00e4hrungshinweise<\/h3>\n<ul>\n<li>Vegan<\/li>\n<li>Vegetarisch<\/li>\n<li>Glutenfrei<\/li>\n<li>Laktosefrei<\/li>\n<\/ul><\/div>\n<\/div>\n","protected":false},"excerpt":{"rendered":"<p>Swanson Iron Citrate liefert 25 mg gut vertr\u00e4gliches Eisen pro veganer Kapsel \u2013 ideal zur Unterst\u00fctzung des normalen Energiestoffwechsels. Packungsgr\u00f6sse: 60 Vcaps f\u00fcr 60 Tage.<\/p>\n","protected":false},"featured_media":748,"comment_status":"closed","ping_status":"open","template":"","meta":[],"product_brand":[16],"product_cat":[23,48,25,171,21],"product_tag":[],"class_list":{"0":"post-747","1":"product","2":"type-product","3":"status-publish","4":"has-post-thumbnail","6":"product_brand-swanson","7":"product_cat-einige-mineralien","8":"product_cat-gesunde-ernaehrung","9":"product_cat-gesundheit-und-wohlbefinden","10":"product_cat-vitamine-und-mineralien","11":"product_cat-vitamine-und-mineralstoffe","13":"first","14":"outofstock","15":"taxable","16":"shipping-taxable","17":"purchasable","18":"product-type-simple"},"yoast_head":"<!-- This site is optimized with the Yoast SEO plugin v27.5 - https:\/\/yoast.com\/product\/yoast-seo-wordpress\/ -->\n<title>Iron Citrate 25mg \u2013 60 Vcaps \u2013 Swanson | ecosupplements.ch<\/title>\n<meta name=\"description\" content=\"Swanson Iron Citrate 25mg in 60 veganen Kapseln \u2013 magenfreundliches Eisen zur Unterst\u00fctzung des normalen Energiestoffwechsels. Jetzt bestellen.\" \/>\n<meta name=\"robots\" content=\"index, follow, max-snippet:-1, max-image-preview:large, max-video-preview:-1\" \/>\n<link rel=\"canonical\" href=\"https:\/\/ecosupplements.ch\/?product=iron-citrate-25mg-60-vcaps\" \/>\n<meta property=\"og:locale\" content=\"de_DE\" \/>\n<meta property=\"og:type\" content=\"article\" \/>\n<meta property=\"og:title\" content=\"Iron Citrate 25mg \u2013 60 Vcaps \u2013 Swanson | ecosupplements.ch\" \/>\n<meta property=\"og:description\" content=\"Swanson Iron Citrate 25mg in 60 veganen Kapseln \u2013 magenfreundliches Eisen zur Unterst\u00fctzung des normalen Energiestoffwechsels. Jetzt bestellen.\" \/>\n<meta property=\"og:url\" content=\"https:\/\/ecosupplements.ch\/?product=iron-citrate-25mg-60-vcaps\" \/>\n<meta property=\"og:site_name\" content=\"Eco Supplements\" \/>\n<meta property=\"article:modified_time\" content=\"2026-05-13T07:23:58+00:00\" \/>\n<meta property=\"og:image\" content=\"https:\/\/ecosupplements.ch\/wp-content\/uploads\/2026\/05\/Iron-Citrate-25mg-60-vcaps.jpg\" \/>\n\t<meta property=\"og:image:width\" content=\"650\" \/>\n\t<meta property=\"og:image:height\" content=\"650\" \/>\n\t<meta property=\"og:image:type\" content=\"image\/jpeg\" \/>\n<meta name=\"twitter:card\" content=\"summary_large_image\" \/>\n<meta name=\"twitter:label1\" content=\"Price\" \/>\n\t<meta name=\"twitter:data1\" content=\"&#067;&#072;&#070;&nbsp;6.25\" \/>\n\t<meta name=\"twitter:label2\" content=\"Availability\" \/>\n\t<meta name=\"twitter:data2\" content=\"Out of stock\" \/>\n<script type=\"application\/ld+json\" class=\"yoast-schema-graph\">{\"@context\":\"https:\\\/\\\/schema.org\",\"@graph\":[{\"@type\":\"WebPage\",\"@id\":\"https:\\\/\\\/ecosupplements.ch\\\/?product=iron-citrate-25mg-60-vcaps\",\"url\":\"https:\\\/\\\/ecosupplements.ch\\\/?product=iron-citrate-25mg-60-vcaps\",\"name\":\"Iron Citrate 25mg \u2013 60 Vcaps \u2013 Swanson | ecosupplements.ch\",\"isPartOf\":{\"@id\":\"https:\\\/\\\/ecosupplements.ch\\\/#website\"},\"primaryImageOfPage\":{\"@id\":\"https:\\\/\\\/ecosupplements.ch\\\/?product=iron-citrate-25mg-60-vcaps#primaryimage\"},\"image\":{\"@id\":\"https:\\\/\\\/ecosupplements.ch\\\/?product=iron-citrate-25mg-60-vcaps#primaryimage\"},\"thumbnailUrl\":\"https:\\\/\\\/ecosupplements.ch\\\/wp-content\\\/uploads\\\/2026\\\/05\\\/Iron-Citrate-25mg-60-vcaps.jpg\",\"datePublished\":\"2026-05-11T14:24:48+00:00\",\"dateModified\":\"2026-05-13T07:23:58+00:00\",\"description\":\"Swanson Iron Citrate 25mg in 60 veganen Kapseln \u2013 magenfreundliches Eisen zur Unterst\u00fctzung des normalen Energiestoffwechsels. Jetzt bestellen.\",\"breadcrumb\":{\"@id\":\"https:\\\/\\\/ecosupplements.ch\\\/?product=iron-citrate-25mg-60-vcaps#breadcrumb\"},\"inLanguage\":\"de-CH\",\"potentialAction\":[{\"@type\":\"ReadAction\",\"target\":[\"https:\\\/\\\/ecosupplements.ch\\\/?product=iron-citrate-25mg-60-vcaps\"]}]},{\"@type\":\"ImageObject\",\"inLanguage\":\"de-CH\",\"@id\":\"https:\\\/\\\/ecosupplements.ch\\\/?product=iron-citrate-25mg-60-vcaps#primaryimage\",\"url\":\"https:\\\/\\\/ecosupplements.ch\\\/wp-content\\\/uploads\\\/2026\\\/05\\\/Iron-Citrate-25mg-60-vcaps.jpg\",\"contentUrl\":\"https:\\\/\\\/ecosupplements.ch\\\/wp-content\\\/uploads\\\/2026\\\/05\\\/Iron-Citrate-25mg-60-vcaps.jpg\",\"width\":650,\"height\":650,\"caption\":\"Iron Citrate\"},{\"@type\":\"BreadcrumbList\",\"@id\":\"https:\\\/\\\/ecosupplements.ch\\\/?product=iron-citrate-25mg-60-vcaps#breadcrumb\",\"itemListElement\":[{\"@type\":\"ListItem\",\"position\":1,\"name\":\"Home\",\"item\":\"https:\\\/\\\/ecosupplements.ch\\\/\"},{\"@type\":\"ListItem\",\"position\":2,\"name\":\"Shop\",\"item\":\"https:\\\/\\\/ecosupplements.ch\\\/?page_id=14\"},{\"@type\":\"ListItem\",\"position\":3,\"name\":\"Iron Citrate, 25mg &#8211; 60 vcaps\"}]},{\"@type\":\"WebSite\",\"@id\":\"https:\\\/\\\/ecosupplements.ch\\\/#website\",\"url\":\"https:\\\/\\\/ecosupplements.ch\\\/\",\"name\":\"Eco Supplements\",\"description\":\"\",\"potentialAction\":[{\"@type\":\"SearchAction\",\"target\":{\"@type\":\"EntryPoint\",\"urlTemplate\":\"https:\\\/\\\/ecosupplements.ch\\\/?s={search_term_string}\"},\"query-input\":{\"@type\":\"PropertyValueSpecification\",\"valueRequired\":true,\"valueName\":\"search_term_string\"}}],\"inLanguage\":\"de-CH\"}]}<\/script>\n<meta property=\"product:price:amount\" content=\"6.25\" \/>\n<meta property=\"product:price:currency\" content=\"CHF\" \/>\n<meta property=\"og:availability\" content=\"out of stock\" \/>\n<meta property=\"product:availability\" content=\"out of stock\" \/>\n<meta property=\"product:retailer_item_id\" content=\"087614113777\" \/>\n<meta property=\"product:condition\" content=\"new\" \/>\n<!-- \/ Yoast SEO plugin. -->","yoast_head_json":{"title":"Iron Citrate 25mg \u2013 60 Vcaps \u2013 Swanson | ecosupplements.ch","description":"Swanson Iron Citrate 25mg in 60 veganen Kapseln \u2013 magenfreundliches Eisen zur Unterst\u00fctzung des normalen Energiestoffwechsels. Jetzt bestellen.","robots":{"index":"index","follow":"follow","max-snippet":"max-snippet:-1","max-image-preview":"max-image-preview:large","max-video-preview":"max-video-preview:-1"},"canonical":"https:\/\/ecosupplements.ch\/?product=iron-citrate-25mg-60-vcaps","og_locale":"de_DE","og_type":"article","og_title":"Iron Citrate 25mg \u2013 60 Vcaps \u2013 Swanson | ecosupplements.ch","og_description":"Swanson Iron Citrate 25mg in 60 veganen Kapseln \u2013 magenfreundliches Eisen zur Unterst\u00fctzung des normalen Energiestoffwechsels. Jetzt bestellen.","og_url":"https:\/\/ecosupplements.ch\/?product=iron-citrate-25mg-60-vcaps","og_site_name":"Eco Supplements","article_modified_time":"2026-05-13T07:23:58+00:00","og_image":[{"width":650,"height":650,"url":"https:\/\/ecosupplements.ch\/wp-content\/uploads\/2026\/05\/Iron-Citrate-25mg-60-vcaps.jpg","type":"image\/jpeg"}],"twitter_card":"summary_large_image","twitter_misc":{"Price":"&#67;&#72;&#70;&nbsp;6.25","Availability":"Out of stock"},"schema":{"@context":"https:\/\/schema.org","@graph":[{"@type":"WebPage","@id":"https:\/\/ecosupplements.ch\/?product=iron-citrate-25mg-60-vcaps","url":"https:\/\/ecosupplements.ch\/?product=iron-citrate-25mg-60-vcaps","name":"Iron Citrate 25mg \u2013 60 Vcaps \u2013 Swanson | ecosupplements.ch","isPartOf":{"@id":"https:\/\/ecosupplements.ch\/#website"},"primaryImageOfPage":{"@id":"https:\/\/ecosupplements.ch\/?product=iron-citrate-25mg-60-vcaps#primaryimage"},"image":{"@id":"https:\/\/ecosupplements.ch\/?product=iron-citrate-25mg-60-vcaps#primaryimage"},"thumbnailUrl":"https:\/\/ecosupplements.ch\/wp-content\/uploads\/2026\/05\/Iron-Citrate-25mg-60-vcaps.jpg","datePublished":"2026-05-11T14:24:48+00:00","dateModified":"2026-05-13T07:23:58+00:00","description":"Swanson Iron Citrate 25mg in 60 veganen Kapseln \u2013 magenfreundliches Eisen zur Unterst\u00fctzung des normalen Energiestoffwechsels. Jetzt bestellen.","breadcrumb":{"@id":"https:\/\/ecosupplements.ch\/?product=iron-citrate-25mg-60-vcaps#breadcrumb"},"inLanguage":"de-CH","potentialAction":[{"@type":"ReadAction","target":["https:\/\/ecosupplements.ch\/?product=iron-citrate-25mg-60-vcaps"]}]},{"@type":"ImageObject","inLanguage":"de-CH","@id":"https:\/\/ecosupplements.ch\/?product=iron-citrate-25mg-60-vcaps#primaryimage","url":"https:\/\/ecosupplements.ch\/wp-content\/uploads\/2026\/05\/Iron-Citrate-25mg-60-vcaps.jpg","contentUrl":"https:\/\/ecosupplements.ch\/wp-content\/uploads\/2026\/05\/Iron-Citrate-25mg-60-vcaps.jpg","width":650,"height":650,"caption":"Iron Citrate"},{"@type":"BreadcrumbList","@id":"https:\/\/ecosupplements.ch\/?product=iron-citrate-25mg-60-vcaps#breadcrumb","itemListElement":[{"@type":"ListItem","position":1,"name":"Home","item":"https:\/\/ecosupplements.ch\/"},{"@type":"ListItem","position":2,"name":"Shop","item":"https:\/\/ecosupplements.ch\/?page_id=14"},{"@type":"ListItem","position":3,"name":"Iron Citrate, 25mg &#8211; 60 vcaps"}]},{"@type":"WebSite","@id":"https:\/\/ecosupplements.ch\/#website","url":"https:\/\/ecosupplements.ch\/","name":"Eco Supplements","description":"","potentialAction":[{"@type":"SearchAction","target":{"@type":"EntryPoint","urlTemplate":"https:\/\/ecosupplements.ch\/?s={search_term_string}"},"query-input":{"@type":"PropertyValueSpecification","valueRequired":true,"valueName":"search_term_string"}}],"inLanguage":"de-CH"}]},"product_price_amount":"6.25","product_price_currency":"CHF","og_availability":"out of stock","product_availability":"out of stock","product_retailer_item_id":"087614113777","product_condition":"new"},"_links":{"self":[{"href":"https:\/\/ecosupplements.ch\/index.php?rest_route=\/wp\/v2\/product\/747","targetHints":{"allow":["GET"]}}],"collection":[{"href":"https:\/\/ecosupplements.ch\/index.php?rest_route=\/wp\/v2\/product"}],"about":[{"href":"https:\/\/ecosupplements.ch\/index.php?rest_route=\/wp\/v2\/types\/product"}],"replies":[{"embeddable":true,"href":"https:\/\/ecosupplements.ch\/index.php?rest_route=%2Fwp%2Fv2%2Fcomments&post=747"}],"wp:featuredmedia":[{"embeddable":true,"href":"https:\/\/ecosupplements.ch\/index.php?rest_route=\/wp\/v2\/media\/748"}],"wp:attachment":[{"href":"https:\/\/ecosupplements.ch\/index.php?rest_route=%2Fwp%2Fv2%2Fmedia&parent=747"}],"wp:term":[{"taxonomy":"product_brand","embeddable":true,"href":"https:\/\/ecosupplements.ch\/index.php?rest_route=%2Fwp%2Fv2%2Fproduct_brand&post=747"},{"taxonomy":"product_cat","embeddable":true,"href":"https:\/\/ecosupplements.ch\/index.php?rest_route=%2Fwp%2Fv2%2Fproduct_cat&post=747"},{"taxonomy":"product_tag","embeddable":true,"href":"https:\/\/ecosupplements.ch\/index.php?rest_route=%2Fwp%2Fv2%2Fproduct_tag&post=747"}],"curies":[{"name":"wp","href":"https:\/\/api.w.org\/{rel}","templated":true}]}}