{"id":761,"date":"2026-05-11T14:24:53","date_gmt":"2026-05-11T14:24:53","guid":{"rendered":"https:\/\/ecosupplements.ch\/?product=echinacea-400mg-100-caps"},"modified":"2026-05-13T07:23:48","modified_gmt":"2026-05-13T07:23:48","slug":"echinacea-400mg-100-caps","status":"publish","type":"product","link":"https:\/\/ecosupplements.ch\/?product=echinacea-400mg-100-caps","title":{"rendered":"Echinacea, 400mg &#8211; 100 caps"},"content":{"rendered":"<div class=\"chcg-product-description\">\n<h2 class=\"chcg-heading\">\u00dcber Swanson \u2013 Echinacea, 400mg \u2013 100 Kapseln<\/h2>\n<div class=\"chcg-intro\">\n<p>Echinacea purpurea geh\u00f6rt zu den bekanntesten und am besten erforschten Heilpflanzen weltweit. Swanson liefert mit dieser Formulierung 400 mg Echinacea purpurea Kraut (oberirdische Pflanzenteile) pro Kapsel \u2013 in einer praktischen Packung mit 100 Kapseln f\u00fcr eine langfristige Anwendung.<\/p>\n<p>Jede Kapsel enth\u00e4lt den Extrakt aus den oberirdischen Teilen der Echinacea purpurea Pflanze. Swanson steht seit Jahrzehnten f\u00fcr sorgf\u00e4ltig ausgew\u00e4hlte Rohstoffe und zuverl\u00e4ssige Qualit\u00e4tsstandards \u2013 damit Sie ein Produkt erhalten, auf das Sie sich verlassen k\u00f6nnen.<\/p>\n<p>Mit 100 Kapseln pro Packung und der empfohlenen Einnahme von drei Kapseln t\u00e4glich bietet dieses Produkt eine ausreichende Versorgung f\u00fcr mehrere Anwendungszyklen. Es eignet sich f\u00fcr Erwachsene, die Echinacea purpurea gezielt und periodisch einsetzen m\u00f6chten.<\/p>\n<\/p><\/div>\n<div class=\"chcg-nutrition\">\n<h3>N\u00e4hrwertangaben<\/h3>\n<table class=\"chcg-nutrition-table\">\n<thead>\n<tr>\n<th>N\u00e4hrstoff<\/th>\n<th>Pro Portion (1 Kapsel)<\/th>\n<\/tr>\n<\/thead>\n<tbody>\n<tr>\n<td>Echinacea purpurea Kraut (oberirdische Teile)<\/td>\n<td>400 mg<\/td>\n<\/tr>\n<\/tbody>\n<\/table>\n<p class=\"chcg-footnote\">* Kein festgelegter Tagesreferenzwert vorhanden.<\/p>\n<\/p><\/div>\n<div class=\"chcg-ingredients\">\n<h3>Zutaten<\/h3>\n<p>Echinacea purpurea Kraut (oberirdische Teile) 400 mg. Weitere Zutaten: Gelatine, Reismehl, Magnesiumstearat, Siliziumdioxid. Kann ausserdem enthalten: mikrokristalline Zellulose (Pflanzenfaser).<\/p>\n<p class=\"chcg-capsule-shell\">Kapselh\u00fclle: Gelatine<\/p>\n<\/p><\/div>\n<div class=\"chcg-dosage\">\n<h3>Verzehrempfehlung<\/h3>\n<p>Als Nahrungserg\u00e4nzungsmittel eine Kapsel dreimal t\u00e4glich zu einer Mahlzeit und mit ausreichend Wasser einnehmen. Die Anwendung auf acht aufeinanderfolgende Wochen beschr\u00e4nken. Periodisch f\u00fcr jeweils einige Wochen anwenden (zur Erhaltung).<\/p>\n<\/p><\/div>\n<div class=\"chcg-warnings\">\n<h3>Warnhinweise<\/h3>\n<p>Nur f\u00fcr Erwachsene. Dieses Produkt nicht einnehmen, wenn Sie schwanger sind oder stillen. Vor der Einnahme dieses oder eines anderen Produkts einen Arzt oder eine \u00c4rztin konsultieren, wenn Sie Medikamente einnehmen oder an einer Erkrankung leiden, insbesondere an einer Autoimmunerkrankung. Ausserhalb der Reichweite von Kindern aufbewahren. Nicht verwenden, wenn die Schutzversiegelung besch\u00e4digt ist. An einem k\u00fchlen, trockenen Ort aufbewahren.<\/p>\n<\/p><\/div>\n<div class=\"chcg-allergens\">\n<h3>Allergeninformationen<\/h3>\n<p>Keine Allergene auf dem Etikett deklariert.<\/p>\n<\/p><\/div>\n<div class=\"chcg-storage\">\n<h3>Lagerung<\/h3>\n<p>An einem k\u00fchlen, trockenen Ort aufbewahren.<\/p>\n<\/p><\/div>\n<div class=\"chcg-dietary\">\n<h3>Ern\u00e4hrungshinweise<\/h3>\n<ul>\n<li>Glutenfrei<\/li>\n<li>Laktosefrei<\/li>\n<\/ul><\/div>\n<\/div>\n","protected":false},"excerpt":{"rendered":"<p>Swanson Echinacea purpurea mit 400 mg pro Kapsel \u2013 f\u00fcr Erwachsene, die Echinacea gezielt und periodisch einsetzen m\u00f6chten. Praktische Packung mit 100 Kapseln. Glutenfrei und laktosefrei.<\/p>\n","protected":false},"featured_media":762,"comment_status":"closed","ping_status":"open","template":"","meta":[],"product_brand":[16],"product_cat":[48,25,45,44,21],"product_tag":[],"class_list":{"0":"post-761","1":"product","2":"type-product","3":"status-publish","4":"has-post-thumbnail","6":"product_brand-swanson","7":"product_cat-gesunde-ernaehrung","8":"product_cat-gesundheit-und-wohlbefinden","9":"product_cat-immunsystem","10":"product_cat-pflanzliche-nahrungsergaenzungsmittel","11":"product_cat-vitamine-und-mineralstoffe","13":"first","14":"outofstock","15":"taxable","16":"shipping-taxable","17":"purchasable","18":"product-type-simple"},"yoast_head":"<!-- This site is optimized with the Yoast SEO plugin v27.5 - https:\/\/yoast.com\/product\/yoast-seo-wordpress\/ -->\n<title>Echinacea 400mg \u2013 100 Kapseln \u2013 Swanson | ecosupplements.ch<\/title>\n<meta name=\"description\" content=\"Swanson Echinacea purpurea, 400 mg pro Kapsel, 100 Kapseln \u2013 glutenfrei und laktosefrei. Jetzt bestellen.\" \/>\n<meta name=\"robots\" content=\"index, follow, max-snippet:-1, max-image-preview:large, max-video-preview:-1\" \/>\n<link rel=\"canonical\" href=\"https:\/\/ecosupplements.ch\/?product=echinacea-400mg-100-caps\" \/>\n<meta property=\"og:locale\" content=\"de_DE\" \/>\n<meta property=\"og:type\" content=\"article\" \/>\n<meta property=\"og:title\" content=\"Echinacea 400mg \u2013 100 Kapseln \u2013 Swanson | ecosupplements.ch\" \/>\n<meta property=\"og:description\" content=\"Swanson Echinacea purpurea, 400 mg pro Kapsel, 100 Kapseln \u2013 glutenfrei und laktosefrei. Jetzt bestellen.\" \/>\n<meta property=\"og:url\" content=\"https:\/\/ecosupplements.ch\/?product=echinacea-400mg-100-caps\" \/>\n<meta property=\"og:site_name\" content=\"Eco Supplements\" \/>\n<meta property=\"article:modified_time\" content=\"2026-05-13T07:23:48+00:00\" \/>\n<meta property=\"og:image\" content=\"https:\/\/ecosupplements.ch\/wp-content\/uploads\/2026\/05\/Echinacea-400mg-100-caps-1.jpg\" \/>\n\t<meta property=\"og:image:width\" content=\"650\" \/>\n\t<meta property=\"og:image:height\" content=\"650\" \/>\n\t<meta property=\"og:image:type\" content=\"image\/jpeg\" \/>\n<meta name=\"twitter:card\" content=\"summary_large_image\" \/>\n<meta name=\"twitter:label1\" content=\"Price\" \/>\n\t<meta name=\"twitter:data1\" content=\"&#067;&#072;&#070;&nbsp;7.09\" \/>\n\t<meta name=\"twitter:label2\" content=\"Availability\" \/>\n\t<meta name=\"twitter:data2\" content=\"Out of stock\" \/>\n<script type=\"application\/ld+json\" class=\"yoast-schema-graph\">{\"@context\":\"https:\\\/\\\/schema.org\",\"@graph\":[{\"@type\":\"WebPage\",\"@id\":\"https:\\\/\\\/ecosupplements.ch\\\/?product=echinacea-400mg-100-caps\",\"url\":\"https:\\\/\\\/ecosupplements.ch\\\/?product=echinacea-400mg-100-caps\",\"name\":\"Echinacea 400mg \u2013 100 Kapseln \u2013 Swanson | ecosupplements.ch\",\"isPartOf\":{\"@id\":\"https:\\\/\\\/ecosupplements.ch\\\/#website\"},\"primaryImageOfPage\":{\"@id\":\"https:\\\/\\\/ecosupplements.ch\\\/?product=echinacea-400mg-100-caps#primaryimage\"},\"image\":{\"@id\":\"https:\\\/\\\/ecosupplements.ch\\\/?product=echinacea-400mg-100-caps#primaryimage\"},\"thumbnailUrl\":\"https:\\\/\\\/ecosupplements.ch\\\/wp-content\\\/uploads\\\/2026\\\/05\\\/Echinacea-400mg-100-caps-1.jpg\",\"datePublished\":\"2026-05-11T14:24:53+00:00\",\"dateModified\":\"2026-05-13T07:23:48+00:00\",\"description\":\"Swanson Echinacea purpurea, 400 mg pro Kapsel, 100 Kapseln \u2013 glutenfrei und laktosefrei. Jetzt bestellen.\",\"breadcrumb\":{\"@id\":\"https:\\\/\\\/ecosupplements.ch\\\/?product=echinacea-400mg-100-caps#breadcrumb\"},\"inLanguage\":\"de-CH\",\"potentialAction\":[{\"@type\":\"ReadAction\",\"target\":[\"https:\\\/\\\/ecosupplements.ch\\\/?product=echinacea-400mg-100-caps\"]}]},{\"@type\":\"ImageObject\",\"inLanguage\":\"de-CH\",\"@id\":\"https:\\\/\\\/ecosupplements.ch\\\/?product=echinacea-400mg-100-caps#primaryimage\",\"url\":\"https:\\\/\\\/ecosupplements.ch\\\/wp-content\\\/uploads\\\/2026\\\/05\\\/Echinacea-400mg-100-caps-1.jpg\",\"contentUrl\":\"https:\\\/\\\/ecosupplements.ch\\\/wp-content\\\/uploads\\\/2026\\\/05\\\/Echinacea-400mg-100-caps-1.jpg\",\"width\":650,\"height\":650,\"caption\":\"Echinacea\"},{\"@type\":\"BreadcrumbList\",\"@id\":\"https:\\\/\\\/ecosupplements.ch\\\/?product=echinacea-400mg-100-caps#breadcrumb\",\"itemListElement\":[{\"@type\":\"ListItem\",\"position\":1,\"name\":\"Home\",\"item\":\"https:\\\/\\\/ecosupplements.ch\\\/\"},{\"@type\":\"ListItem\",\"position\":2,\"name\":\"Shop\",\"item\":\"https:\\\/\\\/ecosupplements.ch\\\/?page_id=14\"},{\"@type\":\"ListItem\",\"position\":3,\"name\":\"Echinacea, 400mg &#8211; 100 caps\"}]},{\"@type\":\"WebSite\",\"@id\":\"https:\\\/\\\/ecosupplements.ch\\\/#website\",\"url\":\"https:\\\/\\\/ecosupplements.ch\\\/\",\"name\":\"Eco Supplements\",\"description\":\"\",\"potentialAction\":[{\"@type\":\"SearchAction\",\"target\":{\"@type\":\"EntryPoint\",\"urlTemplate\":\"https:\\\/\\\/ecosupplements.ch\\\/?s={search_term_string}\"},\"query-input\":{\"@type\":\"PropertyValueSpecification\",\"valueRequired\":true,\"valueName\":\"search_term_string\"}}],\"inLanguage\":\"de-CH\"}]}<\/script>\n<meta property=\"product:price:amount\" content=\"7.09\" \/>\n<meta property=\"product:price:currency\" content=\"CHF\" \/>\n<meta property=\"og:availability\" content=\"out of stock\" \/>\n<meta property=\"product:availability\" content=\"out of stock\" \/>\n<meta property=\"product:retailer_item_id\" content=\"087614014234\" \/>\n<meta property=\"product:condition\" content=\"new\" \/>\n<!-- \/ Yoast SEO plugin. -->","yoast_head_json":{"title":"Echinacea 400mg \u2013 100 Kapseln \u2013 Swanson | ecosupplements.ch","description":"Swanson Echinacea purpurea, 400 mg pro Kapsel, 100 Kapseln \u2013 glutenfrei und laktosefrei. Jetzt bestellen.","robots":{"index":"index","follow":"follow","max-snippet":"max-snippet:-1","max-image-preview":"max-image-preview:large","max-video-preview":"max-video-preview:-1"},"canonical":"https:\/\/ecosupplements.ch\/?product=echinacea-400mg-100-caps","og_locale":"de_DE","og_type":"article","og_title":"Echinacea 400mg \u2013 100 Kapseln \u2013 Swanson | ecosupplements.ch","og_description":"Swanson Echinacea purpurea, 400 mg pro Kapsel, 100 Kapseln \u2013 glutenfrei und laktosefrei. Jetzt bestellen.","og_url":"https:\/\/ecosupplements.ch\/?product=echinacea-400mg-100-caps","og_site_name":"Eco Supplements","article_modified_time":"2026-05-13T07:23:48+00:00","og_image":[{"width":650,"height":650,"url":"https:\/\/ecosupplements.ch\/wp-content\/uploads\/2026\/05\/Echinacea-400mg-100-caps-1.jpg","type":"image\/jpeg"}],"twitter_card":"summary_large_image","twitter_misc":{"Price":"&#67;&#72;&#70;&nbsp;7.09","Availability":"Out of stock"},"schema":{"@context":"https:\/\/schema.org","@graph":[{"@type":"WebPage","@id":"https:\/\/ecosupplements.ch\/?product=echinacea-400mg-100-caps","url":"https:\/\/ecosupplements.ch\/?product=echinacea-400mg-100-caps","name":"Echinacea 400mg \u2013 100 Kapseln \u2013 Swanson | ecosupplements.ch","isPartOf":{"@id":"https:\/\/ecosupplements.ch\/#website"},"primaryImageOfPage":{"@id":"https:\/\/ecosupplements.ch\/?product=echinacea-400mg-100-caps#primaryimage"},"image":{"@id":"https:\/\/ecosupplements.ch\/?product=echinacea-400mg-100-caps#primaryimage"},"thumbnailUrl":"https:\/\/ecosupplements.ch\/wp-content\/uploads\/2026\/05\/Echinacea-400mg-100-caps-1.jpg","datePublished":"2026-05-11T14:24:53+00:00","dateModified":"2026-05-13T07:23:48+00:00","description":"Swanson Echinacea purpurea, 400 mg pro Kapsel, 100 Kapseln \u2013 glutenfrei und laktosefrei. Jetzt bestellen.","breadcrumb":{"@id":"https:\/\/ecosupplements.ch\/?product=echinacea-400mg-100-caps#breadcrumb"},"inLanguage":"de-CH","potentialAction":[{"@type":"ReadAction","target":["https:\/\/ecosupplements.ch\/?product=echinacea-400mg-100-caps"]}]},{"@type":"ImageObject","inLanguage":"de-CH","@id":"https:\/\/ecosupplements.ch\/?product=echinacea-400mg-100-caps#primaryimage","url":"https:\/\/ecosupplements.ch\/wp-content\/uploads\/2026\/05\/Echinacea-400mg-100-caps-1.jpg","contentUrl":"https:\/\/ecosupplements.ch\/wp-content\/uploads\/2026\/05\/Echinacea-400mg-100-caps-1.jpg","width":650,"height":650,"caption":"Echinacea"},{"@type":"BreadcrumbList","@id":"https:\/\/ecosupplements.ch\/?product=echinacea-400mg-100-caps#breadcrumb","itemListElement":[{"@type":"ListItem","position":1,"name":"Home","item":"https:\/\/ecosupplements.ch\/"},{"@type":"ListItem","position":2,"name":"Shop","item":"https:\/\/ecosupplements.ch\/?page_id=14"},{"@type":"ListItem","position":3,"name":"Echinacea, 400mg &#8211; 100 caps"}]},{"@type":"WebSite","@id":"https:\/\/ecosupplements.ch\/#website","url":"https:\/\/ecosupplements.ch\/","name":"Eco Supplements","description":"","potentialAction":[{"@type":"SearchAction","target":{"@type":"EntryPoint","urlTemplate":"https:\/\/ecosupplements.ch\/?s={search_term_string}"},"query-input":{"@type":"PropertyValueSpecification","valueRequired":true,"valueName":"search_term_string"}}],"inLanguage":"de-CH"}]},"product_price_amount":"7.09","product_price_currency":"CHF","og_availability":"out of stock","product_availability":"out of stock","product_retailer_item_id":"087614014234","product_condition":"new"},"_links":{"self":[{"href":"https:\/\/ecosupplements.ch\/index.php?rest_route=\/wp\/v2\/product\/761","targetHints":{"allow":["GET"]}}],"collection":[{"href":"https:\/\/ecosupplements.ch\/index.php?rest_route=\/wp\/v2\/product"}],"about":[{"href":"https:\/\/ecosupplements.ch\/index.php?rest_route=\/wp\/v2\/types\/product"}],"replies":[{"embeddable":true,"href":"https:\/\/ecosupplements.ch\/index.php?rest_route=%2Fwp%2Fv2%2Fcomments&post=761"}],"wp:featuredmedia":[{"embeddable":true,"href":"https:\/\/ecosupplements.ch\/index.php?rest_route=\/wp\/v2\/media\/762"}],"wp:attachment":[{"href":"https:\/\/ecosupplements.ch\/index.php?rest_route=%2Fwp%2Fv2%2Fmedia&parent=761"}],"wp:term":[{"taxonomy":"product_brand","embeddable":true,"href":"https:\/\/ecosupplements.ch\/index.php?rest_route=%2Fwp%2Fv2%2Fproduct_brand&post=761"},{"taxonomy":"product_cat","embeddable":true,"href":"https:\/\/ecosupplements.ch\/index.php?rest_route=%2Fwp%2Fv2%2Fproduct_cat&post=761"},{"taxonomy":"product_tag","embeddable":true,"href":"https:\/\/ecosupplements.ch\/index.php?rest_route=%2Fwp%2Fv2%2Fproduct_tag&post=761"}],"curies":[{"name":"wp","href":"https:\/\/api.w.org\/{rel}","templated":true}]}}