{"id":765,"date":"2026-05-11T14:24:55","date_gmt":"2026-05-11T14:24:55","guid":{"rendered":"https:\/\/ecosupplements.ch\/?product=eggshell-calcium-with-vitamin-d-3-60-caps"},"modified":"2026-05-13T07:22:41","modified_gmt":"2026-05-13T07:22:41","slug":"eggshell-calcium-with-vitamin-d-3-60-caps","status":"publish","type":"product","link":"https:\/\/ecosupplements.ch\/?product=eggshell-calcium-with-vitamin-d-3-60-caps","title":{"rendered":"Eggshell Calcium with Vitamin D-3 &#8211; 60 caps"},"content":{"rendered":"<div class=\"chcg-product-description\">\n<h2 class=\"chcg-heading\">\u00dcber Swanson \u2013 Eggshell Calcium mit Vitamin D-3 \u2013 60 Kapseln<\/h2>\n<div class=\"chcg-intro\">\n<p>Swanson Eggshell Calcium mit Vitamin D-3 liefert nat\u00fcrliches Kalzium aus H\u00fchnereischalen \u2013 einer besonders naturnahen Kalziumquelle. Pro Tagesdosis (2 Kapseln) werden 1&#8217;000 mg Kalzium bereitgestellt, was 125 % des Tagesbedarfs entspricht. Kalzium tr\u00e4gt zur normalen Erhaltung der Knochen und Z\u00e4hne bei und unterst\u00fctzt die normale Muskelfunktion sowie die Signal\u00fcbertragung in den Nervenzellen.<\/p>\n<p>Erg\u00e4nzt wird diese Formel durch Vitamin D-3 in Form von Cholecalciferol \u2013 die k\u00f6rpereigene Form des Sonnenvitamins. Vitamin D-3 tr\u00e4gt zur normalen Aufnahme und Verwertung von Kalzium und Phosphor bei und unterst\u00fctzt die Erhaltung normaler Knochen sowie eine normale Muskelfunktion. Die Kombination beider N\u00e4hrstoffe ist sorgf\u00e4ltig aufeinander abgestimmt, um eine optimale Wirkungsunterst\u00fctzung zu gew\u00e4hrleisten.<\/p>\n<p>Die praktischen Kapseln lassen sich einfach in den Alltag integrieren. Das Produkt ist laktosefrei und eignet sich f\u00fcr Personen, die Wert auf eine naturnahe Kalziumquelle legen. Jede Packung enth\u00e4lt 60 Kapseln \u2013 ausreichend f\u00fcr 30 Tage bei der empfohlenen Tagesdosis von 2 Kapseln.<\/p>\n<\/p><\/div>\n<div class=\"chcg-nutrition\">\n<h3>N\u00e4hrwertangaben<\/h3>\n<table class=\"chcg-nutrition-table\">\n<thead>\n<tr>\n<th>N\u00e4hrstoff<\/th>\n<th>Pro 1 Kapsel<\/th>\n<\/tr>\n<\/thead>\n<tbody>\n<tr>\n<td>Vitamin D-3 (als Cholecalciferol)<\/td>\n<td>7,5 mcg (150 % NRV)<\/td>\n<\/tr>\n<tr>\n<td>Kalzium (aus Kalziumkarbonat aus Eischale)<\/td>\n<td>500 mg (62,5 % NRV)<\/td>\n<\/tr>\n<tr>\n<td>Nat\u00fcrliches Eggshell Calcium<\/td>\n<td>1&#8217;488 mg (*)<\/td>\n<\/tr>\n<\/tbody>\n<\/table>\n<table class=\"chcg-nutrition-table\">\n<thead>\n<tr>\n<th>N\u00e4hrstoff<\/th>\n<th>Pro 2 Kapseln<\/th>\n<\/tr>\n<\/thead>\n<tbody>\n<tr>\n<td>Vitamin D-3 (als Cholecalciferol)<\/td>\n<td>15 mcg (300 % NRV)<\/td>\n<\/tr>\n<tr>\n<td>Kalzium (aus Kalziumkarbonat aus Eischale)<\/td>\n<td>1&#8217;000 mg (125 % NRV)<\/td>\n<\/tr>\n<tr>\n<td>Nat\u00fcrliches Eggshell Calcium<\/td>\n<td>2&#8217;976 mg (*)<\/td>\n<\/tr>\n<\/tbody>\n<\/table>\n<p class=\"chcg-footnote\">* Kein festgelegter Tagesbedarf (NRV) vorhanden.<\/p>\n<\/p><\/div>\n<div class=\"chcg-ingredients\">\n<h3>Zutaten<\/h3>\n<p>Wirkstoffe pro 1 Kapsel: Vitamin D-3 (als Cholecalciferol) 7,5 mcg, Kalzium (aus Kalziumkarbonat aus H\u00fchnereischale) 500 mg, nat\u00fcrliches Eggshell Calcium 1&#8217;488 mg. Weitere Zutaten: Gelatine, mikrokristalline Zellulose (Pflanzenfaser), Kalziumlaurat, Vitamin D-3 Beadlets [modifizierte Lebensmittelst\u00e4rke, Saccharose, Natriumascorbat kristallin, mittelkettige Triglyceride (Palme), Siliziumdioxid, dl-alpha-Tocopherol].<\/p>\n<p class=\"chcg-capsule-shell\">Kapselh\u00fclle: Gelatine<\/p>\n<\/p><\/div>\n<div class=\"chcg-dosage\">\n<h3>Verzehrempfehlung<\/h3>\n<p>Als Nahrungserg\u00e4nzungsmittel t\u00e4glich zweimal eine Kapsel mit Wasser einnehmen.<\/p>\n<\/p><\/div>\n<div class=\"chcg-warnings\">\n<h3>Warnhinweise<\/h3>\n<p>Dieses Produkt nicht verwenden, wenn Sie allergisch gegen Eier sind. Die empfohlene Tagesdosis nicht \u00fcberschreiten. Nahrungserg\u00e4nzungsmittel sollten nicht als Ersatz f\u00fcr eine ausgewogene und abwechslungsreiche Ern\u00e4hrung sowie eine gesunde Lebensweise verwendet werden. Ausserhalb der Reichweite von Kindern aufbewahren. Konsultieren Sie vor der Einnahme dieses oder eines anderen Produkts Ihre \u00c4rztin oder Ihren Arzt, wenn Sie schwanger sind oder stillen, Medikamente einnehmen oder an einer Erkrankung leiden.<\/p>\n<\/p><\/div>\n<div class=\"chcg-allergens\">\n<h3>Allergeninformationen<\/h3>\n<p>Enth\u00e4lt Ei. Dieses Produkt nicht verwenden, wenn Sie allergisch gegen Eier sind.<\/p>\n<\/p><\/div>\n<div class=\"chcg-storage\">\n<h3>Lagerung<\/h3>\n<p>An einem k\u00fchlen, trockenen Ort lagern.<\/p>\n<\/p><\/div>\n<div class=\"chcg-dietary\">\n<h3>Ern\u00e4hrungshinweise<\/h3>\n<ul>\n<li>Laktosefrei<\/li>\n<\/ul><\/div>\n<\/div>\n","protected":false},"excerpt":{"rendered":"<p>Swanson Eggshell Calcium mit Vitamin D-3 liefert 500 mg nat\u00fcrliches Kalzium aus H\u00fchnereischalen sowie 7,5 mcg Vitamin D-3 pro Kapsel zur Unterst\u00fctzung von Knochen und Z\u00e4hnen. Packungsinhalt: 60 Kapseln.<\/p>\n","protected":false},"featured_media":766,"comment_status":"closed","ping_status":"open","template":"","meta":[],"product_brand":[16],"product_cat":[96,23,48,107,25,26,171,21],"product_tag":[],"class_list":{"0":"post-765","1":"product","2":"type-product","3":"status-publish","4":"has-post-thumbnail","6":"product_brand-swanson","7":"product_cat-kalk","8":"product_cat-einige-mineralien","9":"product_cat-gesunde-ernaehrung","10":"product_cat-gesunde-knochen","11":"product_cat-gesundheit-und-wohlbefinden","12":"product_cat-multivitamine","13":"product_cat-vitamine-und-mineralien","14":"product_cat-vitamine-und-mineralstoffe","16":"first","17":"outofstock","18":"taxable","19":"shipping-taxable","20":"purchasable","21":"product-type-simple"},"yoast_head":"<!-- This site is optimized with the Yoast SEO plugin v27.5 - https:\/\/yoast.com\/product\/yoast-seo-wordpress\/ -->\n<title>Eggshell Calcium mit Vitamin D-3 \u2013 Swanson | ecosupplements.ch<\/title>\n<meta name=\"description\" content=\"Nat\u00fcrliches Kalzium aus Eischalen plus Vitamin D-3 f\u00fcr Knochen und Z\u00e4hne \u2013 60 Kapseln von Swanson. Jetzt bestellen.\" \/>\n<meta name=\"robots\" content=\"index, follow, max-snippet:-1, max-image-preview:large, max-video-preview:-1\" \/>\n<link rel=\"canonical\" href=\"https:\/\/ecosupplements.ch\/?product=eggshell-calcium-with-vitamin-d-3-60-caps\" \/>\n<meta property=\"og:locale\" content=\"de_DE\" \/>\n<meta property=\"og:type\" content=\"article\" \/>\n<meta property=\"og:title\" content=\"Eggshell Calcium mit Vitamin D-3 \u2013 Swanson | ecosupplements.ch\" \/>\n<meta property=\"og:description\" content=\"Nat\u00fcrliches Kalzium aus Eischalen plus Vitamin D-3 f\u00fcr Knochen und Z\u00e4hne \u2013 60 Kapseln von Swanson. Jetzt bestellen.\" \/>\n<meta property=\"og:url\" content=\"https:\/\/ecosupplements.ch\/?product=eggshell-calcium-with-vitamin-d-3-60-caps\" \/>\n<meta property=\"og:site_name\" content=\"Eco Supplements\" \/>\n<meta property=\"article:modified_time\" content=\"2026-05-13T07:22:41+00:00\" \/>\n<meta property=\"og:image\" content=\"https:\/\/ecosupplements.ch\/wp-content\/uploads\/2026\/05\/Eggshell-Calcium-with-Vitamin-D-3-60-caps.jpg\" \/>\n\t<meta property=\"og:image:width\" content=\"650\" \/>\n\t<meta property=\"og:image:height\" content=\"650\" \/>\n\t<meta property=\"og:image:type\" content=\"image\/jpeg\" \/>\n<meta name=\"twitter:card\" content=\"summary_large_image\" \/>\n<meta name=\"twitter:label1\" content=\"Price\" \/>\n\t<meta name=\"twitter:data1\" content=\"&#067;&#072;&#070;&nbsp;10.31\" \/>\n\t<meta name=\"twitter:label2\" content=\"Availability\" \/>\n\t<meta name=\"twitter:data2\" content=\"Out of stock\" \/>\n<script type=\"application\/ld+json\" class=\"yoast-schema-graph\">{\"@context\":\"https:\\\/\\\/schema.org\",\"@graph\":[{\"@type\":\"WebPage\",\"@id\":\"https:\\\/\\\/ecosupplements.ch\\\/?product=eggshell-calcium-with-vitamin-d-3-60-caps\",\"url\":\"https:\\\/\\\/ecosupplements.ch\\\/?product=eggshell-calcium-with-vitamin-d-3-60-caps\",\"name\":\"Eggshell Calcium mit Vitamin D-3 \u2013 Swanson | ecosupplements.ch\",\"isPartOf\":{\"@id\":\"https:\\\/\\\/ecosupplements.ch\\\/#website\"},\"primaryImageOfPage\":{\"@id\":\"https:\\\/\\\/ecosupplements.ch\\\/?product=eggshell-calcium-with-vitamin-d-3-60-caps#primaryimage\"},\"image\":{\"@id\":\"https:\\\/\\\/ecosupplements.ch\\\/?product=eggshell-calcium-with-vitamin-d-3-60-caps#primaryimage\"},\"thumbnailUrl\":\"https:\\\/\\\/ecosupplements.ch\\\/wp-content\\\/uploads\\\/2026\\\/05\\\/Eggshell-Calcium-with-Vitamin-D-3-60-caps.jpg\",\"datePublished\":\"2026-05-11T14:24:55+00:00\",\"dateModified\":\"2026-05-13T07:22:41+00:00\",\"description\":\"Nat\u00fcrliches Kalzium aus Eischalen plus Vitamin D-3 f\u00fcr Knochen und Z\u00e4hne \u2013 60 Kapseln von Swanson. Jetzt bestellen.\",\"breadcrumb\":{\"@id\":\"https:\\\/\\\/ecosupplements.ch\\\/?product=eggshell-calcium-with-vitamin-d-3-60-caps#breadcrumb\"},\"inLanguage\":\"de-CH\",\"potentialAction\":[{\"@type\":\"ReadAction\",\"target\":[\"https:\\\/\\\/ecosupplements.ch\\\/?product=eggshell-calcium-with-vitamin-d-3-60-caps\"]}]},{\"@type\":\"ImageObject\",\"inLanguage\":\"de-CH\",\"@id\":\"https:\\\/\\\/ecosupplements.ch\\\/?product=eggshell-calcium-with-vitamin-d-3-60-caps#primaryimage\",\"url\":\"https:\\\/\\\/ecosupplements.ch\\\/wp-content\\\/uploads\\\/2026\\\/05\\\/Eggshell-Calcium-with-Vitamin-D-3-60-caps.jpg\",\"contentUrl\":\"https:\\\/\\\/ecosupplements.ch\\\/wp-content\\\/uploads\\\/2026\\\/05\\\/Eggshell-Calcium-with-Vitamin-D-3-60-caps.jpg\",\"width\":650,\"height\":650,\"caption\":\"Eggshell Calcium with Vitamin D-3 - 60 caps\"},{\"@type\":\"BreadcrumbList\",\"@id\":\"https:\\\/\\\/ecosupplements.ch\\\/?product=eggshell-calcium-with-vitamin-d-3-60-caps#breadcrumb\",\"itemListElement\":[{\"@type\":\"ListItem\",\"position\":1,\"name\":\"Home\",\"item\":\"https:\\\/\\\/ecosupplements.ch\\\/\"},{\"@type\":\"ListItem\",\"position\":2,\"name\":\"Shop\",\"item\":\"https:\\\/\\\/ecosupplements.ch\\\/?page_id=14\"},{\"@type\":\"ListItem\",\"position\":3,\"name\":\"Eggshell Calcium with Vitamin D-3 &#8211; 60 caps\"}]},{\"@type\":\"WebSite\",\"@id\":\"https:\\\/\\\/ecosupplements.ch\\\/#website\",\"url\":\"https:\\\/\\\/ecosupplements.ch\\\/\",\"name\":\"Eco Supplements\",\"description\":\"\",\"potentialAction\":[{\"@type\":\"SearchAction\",\"target\":{\"@type\":\"EntryPoint\",\"urlTemplate\":\"https:\\\/\\\/ecosupplements.ch\\\/?s={search_term_string}\"},\"query-input\":{\"@type\":\"PropertyValueSpecification\",\"valueRequired\":true,\"valueName\":\"search_term_string\"}}],\"inLanguage\":\"de-CH\"}]}<\/script>\n<meta property=\"product:price:amount\" content=\"10.31\" \/>\n<meta property=\"product:price:currency\" content=\"CHF\" \/>\n<meta property=\"og:availability\" content=\"out of stock\" \/>\n<meta property=\"product:availability\" content=\"out of stock\" \/>\n<meta property=\"product:retailer_item_id\" content=\"087614024653\" \/>\n<meta property=\"product:condition\" content=\"new\" \/>\n<!-- \/ Yoast SEO plugin. -->","yoast_head_json":{"title":"Eggshell Calcium mit Vitamin D-3 \u2013 Swanson | ecosupplements.ch","description":"Nat\u00fcrliches Kalzium aus Eischalen plus Vitamin D-3 f\u00fcr Knochen und Z\u00e4hne \u2013 60 Kapseln von Swanson. Jetzt bestellen.","robots":{"index":"index","follow":"follow","max-snippet":"max-snippet:-1","max-image-preview":"max-image-preview:large","max-video-preview":"max-video-preview:-1"},"canonical":"https:\/\/ecosupplements.ch\/?product=eggshell-calcium-with-vitamin-d-3-60-caps","og_locale":"de_DE","og_type":"article","og_title":"Eggshell Calcium mit Vitamin D-3 \u2013 Swanson | ecosupplements.ch","og_description":"Nat\u00fcrliches Kalzium aus Eischalen plus Vitamin D-3 f\u00fcr Knochen und Z\u00e4hne \u2013 60 Kapseln von Swanson. Jetzt bestellen.","og_url":"https:\/\/ecosupplements.ch\/?product=eggshell-calcium-with-vitamin-d-3-60-caps","og_site_name":"Eco Supplements","article_modified_time":"2026-05-13T07:22:41+00:00","og_image":[{"width":650,"height":650,"url":"https:\/\/ecosupplements.ch\/wp-content\/uploads\/2026\/05\/Eggshell-Calcium-with-Vitamin-D-3-60-caps.jpg","type":"image\/jpeg"}],"twitter_card":"summary_large_image","twitter_misc":{"Price":"&#67;&#72;&#70;&nbsp;10.31","Availability":"Out of stock"},"schema":{"@context":"https:\/\/schema.org","@graph":[{"@type":"WebPage","@id":"https:\/\/ecosupplements.ch\/?product=eggshell-calcium-with-vitamin-d-3-60-caps","url":"https:\/\/ecosupplements.ch\/?product=eggshell-calcium-with-vitamin-d-3-60-caps","name":"Eggshell Calcium mit Vitamin D-3 \u2013 Swanson | ecosupplements.ch","isPartOf":{"@id":"https:\/\/ecosupplements.ch\/#website"},"primaryImageOfPage":{"@id":"https:\/\/ecosupplements.ch\/?product=eggshell-calcium-with-vitamin-d-3-60-caps#primaryimage"},"image":{"@id":"https:\/\/ecosupplements.ch\/?product=eggshell-calcium-with-vitamin-d-3-60-caps#primaryimage"},"thumbnailUrl":"https:\/\/ecosupplements.ch\/wp-content\/uploads\/2026\/05\/Eggshell-Calcium-with-Vitamin-D-3-60-caps.jpg","datePublished":"2026-05-11T14:24:55+00:00","dateModified":"2026-05-13T07:22:41+00:00","description":"Nat\u00fcrliches Kalzium aus Eischalen plus Vitamin D-3 f\u00fcr Knochen und Z\u00e4hne \u2013 60 Kapseln von Swanson. Jetzt bestellen.","breadcrumb":{"@id":"https:\/\/ecosupplements.ch\/?product=eggshell-calcium-with-vitamin-d-3-60-caps#breadcrumb"},"inLanguage":"de-CH","potentialAction":[{"@type":"ReadAction","target":["https:\/\/ecosupplements.ch\/?product=eggshell-calcium-with-vitamin-d-3-60-caps"]}]},{"@type":"ImageObject","inLanguage":"de-CH","@id":"https:\/\/ecosupplements.ch\/?product=eggshell-calcium-with-vitamin-d-3-60-caps#primaryimage","url":"https:\/\/ecosupplements.ch\/wp-content\/uploads\/2026\/05\/Eggshell-Calcium-with-Vitamin-D-3-60-caps.jpg","contentUrl":"https:\/\/ecosupplements.ch\/wp-content\/uploads\/2026\/05\/Eggshell-Calcium-with-Vitamin-D-3-60-caps.jpg","width":650,"height":650,"caption":"Eggshell Calcium with Vitamin D-3 - 60 caps"},{"@type":"BreadcrumbList","@id":"https:\/\/ecosupplements.ch\/?product=eggshell-calcium-with-vitamin-d-3-60-caps#breadcrumb","itemListElement":[{"@type":"ListItem","position":1,"name":"Home","item":"https:\/\/ecosupplements.ch\/"},{"@type":"ListItem","position":2,"name":"Shop","item":"https:\/\/ecosupplements.ch\/?page_id=14"},{"@type":"ListItem","position":3,"name":"Eggshell Calcium with Vitamin D-3 &#8211; 60 caps"}]},{"@type":"WebSite","@id":"https:\/\/ecosupplements.ch\/#website","url":"https:\/\/ecosupplements.ch\/","name":"Eco Supplements","description":"","potentialAction":[{"@type":"SearchAction","target":{"@type":"EntryPoint","urlTemplate":"https:\/\/ecosupplements.ch\/?s={search_term_string}"},"query-input":{"@type":"PropertyValueSpecification","valueRequired":true,"valueName":"search_term_string"}}],"inLanguage":"de-CH"}]},"product_price_amount":"10.31","product_price_currency":"CHF","og_availability":"out of stock","product_availability":"out of stock","product_retailer_item_id":"087614024653","product_condition":"new"},"_links":{"self":[{"href":"https:\/\/ecosupplements.ch\/index.php?rest_route=\/wp\/v2\/product\/765","targetHints":{"allow":["GET"]}}],"collection":[{"href":"https:\/\/ecosupplements.ch\/index.php?rest_route=\/wp\/v2\/product"}],"about":[{"href":"https:\/\/ecosupplements.ch\/index.php?rest_route=\/wp\/v2\/types\/product"}],"replies":[{"embeddable":true,"href":"https:\/\/ecosupplements.ch\/index.php?rest_route=%2Fwp%2Fv2%2Fcomments&post=765"}],"wp:featuredmedia":[{"embeddable":true,"href":"https:\/\/ecosupplements.ch\/index.php?rest_route=\/wp\/v2\/media\/766"}],"wp:attachment":[{"href":"https:\/\/ecosupplements.ch\/index.php?rest_route=%2Fwp%2Fv2%2Fmedia&parent=765"}],"wp:term":[{"taxonomy":"product_brand","embeddable":true,"href":"https:\/\/ecosupplements.ch\/index.php?rest_route=%2Fwp%2Fv2%2Fproduct_brand&post=765"},{"taxonomy":"product_cat","embeddable":true,"href":"https:\/\/ecosupplements.ch\/index.php?rest_route=%2Fwp%2Fv2%2Fproduct_cat&post=765"},{"taxonomy":"product_tag","embeddable":true,"href":"https:\/\/ecosupplements.ch\/index.php?rest_route=%2Fwp%2Fv2%2Fproduct_tag&post=765"}],"curies":[{"name":"wp","href":"https:\/\/api.w.org\/{rel}","templated":true}]}}