{"id":773,"date":"2026-05-11T14:24:57","date_gmt":"2026-05-11T14:24:57","guid":{"rendered":"https:\/\/ecosupplements.ch\/?product=folate-5-methyltetrahydrofolic-acid-400mcg-30-vcaps"},"modified":"2026-05-13T07:23:50","modified_gmt":"2026-05-13T07:23:50","slug":"folate-5-methyltetrahydrofolic-acid-400mcg-30-vcaps","status":"publish","type":"product","link":"https:\/\/ecosupplements.ch\/?product=folate-5-methyltetrahydrofolic-acid-400mcg-30-vcaps","title":{"rendered":"Folate (5-Methyltetrahydrofolic Acid), 400mcg &#8211; 30 vcaps"},"content":{"rendered":"<div class=\"chcg-product-description\">\n<h2 class=\"chcg-heading\">\u00dcber Swanson \u2013 Folate (5-Methyltetrahydrofolic Acid), 400mcg \u2013 30 Vegane Kapseln<\/h2>\n<div class=\"chcg-intro\">\n<p>Folat ist ein essenzielles B-Vitamin, das eine zentrale Rolle im Zellstoffwechsel und bei der Zellteilung spielt. Swanson verwendet in dieser Formel die bioaktive Form <strong>Quatrefolic\u00ae<\/strong> \u2013 ein glucosaminsalzhaltiges (6S)-5-Methyltetrahydrofolat, das vom K\u00f6rper direkt verwertet werden kann und keine Umwandlung in der Leber erfordert. Folat tr\u00e4gt zur normalen Synthese von Aminos\u00e4uren sowie zur normalen Blutbildung bei.<\/p>\n<p>Jede Kapsel liefert 400 mcg (6S)-5-Methyltetrahydrofolat, was 680 mcg Di\u00e4t\u00e4re Folat-\u00c4quivalente (DFE) entspricht \u2013 das entspricht 170 % des Tagesbedarfs. Folat tr\u00e4gt ausserdem zur Verringerung von M\u00fcdigkeit und Ersch\u00f6pfung sowie zu einem normalen Homocystein-Stoffwechsel bei.<\/p>\n<p>Die pflanzliche Kapsel aus Hypromellose ist vollst\u00e4ndig vegan und vegetarisch. Das kompakte Format mit 30 Kapseln eignet sich ideal als Einstieg oder als erg\u00e4nzende Einheit f\u00fcr eine gezielte Folat-Versorgung im Alltag.<\/p>\n<\/p><\/div>\n<div class=\"chcg-nutrition\">\n<h3>N\u00e4hrwertangaben<\/h3>\n<table class=\"chcg-nutrition-table\">\n<thead>\n<tr>\n<th>N\u00e4hrstoff<\/th>\n<th>Pro Portion (1 Kapsel)<\/th>\n<\/tr>\n<\/thead>\n<tbody>\n<tr>\n<td>Folat (als [6S]-5-Methyltetrahydrofolat 400 mcg aus 800 mcg Quatrefolic\u00ae (Glucosaminsalz von (6S)-5-Methyltetrahydrofolat))<\/td>\n<td>680 mcg DFE (170 % des Tagesbedarfs)<\/td>\n<\/tr>\n<\/tbody>\n<\/table><\/div>\n<div class=\"chcg-ingredients\">\n<h3>Zutaten<\/h3>\n<p>Folat (als [6S]-5-Methyltetrahydrofolat 400 mcg aus 800 mcg Quatrefolic\u00ae (Glucosaminsalz von (6S)-5-Methyltetrahydrofolat)). Weitere Zutaten: Reismehl (braun), Hypromellose (pflanzliche Kapsel), Magnesiumstearat. Kann eines oder beide der folgenden enthalten: Magnesiumstearat, Siliziumdioxid.<\/p>\n<p class=\"chcg-capsule-shell\">Kapselh\u00fclle: Hypromellose (pflanzliche Kapsel)<\/p>\n<\/p><\/div>\n<div class=\"chcg-dosage\">\n<h3>Verzehrempfehlung<\/h3>\n<p>Als Nahrungserg\u00e4nzungsmittel eine Kapsel pro Tag mit Wasser einnehmen.<\/p>\n<\/p><\/div>\n<div class=\"chcg-warnings\">\n<h3>Warnhinweise<\/h3>\n<p>Nur f\u00fcr Erwachsene. Konsultieren Sie vor der Einnahme dieses oder eines anderen Produkts Ihren Arzt, wenn Sie schwanger sind oder stillen, Medikamente einnehmen oder an einer Erkrankung leiden. Ausserhalb der Reichweite von Kindern aufbewahren. Nicht verwenden, wenn die Schutzfolie besch\u00e4digt ist.<\/p>\n<\/p><\/div>\n<div class=\"chcg-allergens\">\n<h3>Allergeninformationen<\/h3>\n<p>Auf der Verpackung sind keine Allergene deklariert.<\/p>\n<\/p><\/div>\n<div class=\"chcg-storage\">\n<h3>Lagerung<\/h3>\n<p>An einem k\u00fchlen, trockenen Ort lagern.<\/p>\n<\/p><\/div>\n<div class=\"chcg-dietary\">\n<h3>Ern\u00e4hrungshinweise<\/h3>\n<ul>\n<li>Vegan<\/li>\n<li>Vegetarisch<\/li>\n<li>Glutenfrei<\/li>\n<li>Laktosefrei<\/li>\n<\/ul><\/div>\n<\/div>\n","protected":false},"excerpt":{"rendered":"<p>Swanson Folat in der bioaktiven Quatrefolic\u00ae-Form \u2013 400 mcg pro veganer Kapsel f\u00fcr eine direkt verwertbare Folat-Versorgung. 30 Kapseln pro Packung. Vegan, glutenfrei und laktosefrei.<\/p>\n","protected":false},"featured_media":774,"comment_status":"closed","ping_status":"open","template":"","meta":[],"product_brand":[16],"product_cat":[27,114,48,25,21],"product_tag":[],"class_list":{"0":"post-773","1":"product","2":"type-product","3":"status-publish","4":"has-post-thumbnail","6":"product_brand-swanson","7":"product_cat-einige-vitamine","8":"product_cat-folsaeure","9":"product_cat-gesunde-ernaehrung","10":"product_cat-gesundheit-und-wohlbefinden","11":"product_cat-vitamine-und-mineralstoffe","13":"first","14":"outofstock","15":"taxable","16":"shipping-taxable","17":"purchasable","18":"product-type-simple"},"yoast_head":"<!-- This site is optimized with the Yoast SEO plugin v27.5 - https:\/\/yoast.com\/product\/yoast-seo-wordpress\/ -->\n<title>Folate 400mcg Quatrefolic\u00ae \u2013 Swanson | ecosupplements.ch<\/title>\n<meta name=\"description\" content=\"Bioaktives Folat als Quatrefolic\u00ae \u2013 400 mcg pro veganer Kapsel, 30 St\u00fcck. Vegan und glutenfrei. Jetzt bestellen.\" \/>\n<meta name=\"robots\" content=\"index, follow, max-snippet:-1, max-image-preview:large, max-video-preview:-1\" \/>\n<link rel=\"canonical\" href=\"https:\/\/ecosupplements.ch\/?product=folate-5-methyltetrahydrofolic-acid-400mcg-30-vcaps\" \/>\n<meta property=\"og:locale\" content=\"de_DE\" \/>\n<meta property=\"og:type\" content=\"article\" \/>\n<meta property=\"og:title\" content=\"Folate 400mcg Quatrefolic\u00ae \u2013 Swanson | ecosupplements.ch\" \/>\n<meta property=\"og:description\" content=\"Bioaktives Folat als Quatrefolic\u00ae \u2013 400 mcg pro veganer Kapsel, 30 St\u00fcck. Vegan und glutenfrei. Jetzt bestellen.\" \/>\n<meta property=\"og:url\" content=\"https:\/\/ecosupplements.ch\/?product=folate-5-methyltetrahydrofolic-acid-400mcg-30-vcaps\" \/>\n<meta property=\"og:site_name\" content=\"Eco Supplements\" \/>\n<meta property=\"article:modified_time\" content=\"2026-05-13T07:23:50+00:00\" \/>\n<meta property=\"og:image\" content=\"https:\/\/ecosupplements.ch\/wp-content\/uploads\/2026\/05\/Folate-5-Methyltetrahydrofolic-Acid-400mcg-30-vcaps-1.jpg\" \/>\n\t<meta property=\"og:image:width\" content=\"650\" \/>\n\t<meta property=\"og:image:height\" content=\"650\" \/>\n\t<meta property=\"og:image:type\" content=\"image\/jpeg\" \/>\n<meta name=\"twitter:card\" content=\"summary_large_image\" \/>\n<meta name=\"twitter:label1\" content=\"Price\" \/>\n\t<meta name=\"twitter:data1\" content=\"&#067;&#072;&#070;&nbsp;4.90\" \/>\n\t<meta name=\"twitter:label2\" content=\"Availability\" \/>\n\t<meta name=\"twitter:data2\" content=\"Out of stock\" \/>\n<script type=\"application\/ld+json\" class=\"yoast-schema-graph\">{\"@context\":\"https:\\\/\\\/schema.org\",\"@graph\":[{\"@type\":\"WebPage\",\"@id\":\"https:\\\/\\\/ecosupplements.ch\\\/?product=folate-5-methyltetrahydrofolic-acid-400mcg-30-vcaps\",\"url\":\"https:\\\/\\\/ecosupplements.ch\\\/?product=folate-5-methyltetrahydrofolic-acid-400mcg-30-vcaps\",\"name\":\"Folate 400mcg Quatrefolic\u00ae \u2013 Swanson | ecosupplements.ch\",\"isPartOf\":{\"@id\":\"https:\\\/\\\/ecosupplements.ch\\\/#website\"},\"primaryImageOfPage\":{\"@id\":\"https:\\\/\\\/ecosupplements.ch\\\/?product=folate-5-methyltetrahydrofolic-acid-400mcg-30-vcaps#primaryimage\"},\"image\":{\"@id\":\"https:\\\/\\\/ecosupplements.ch\\\/?product=folate-5-methyltetrahydrofolic-acid-400mcg-30-vcaps#primaryimage\"},\"thumbnailUrl\":\"https:\\\/\\\/ecosupplements.ch\\\/wp-content\\\/uploads\\\/2026\\\/05\\\/Folate-5-Methyltetrahydrofolic-Acid-400mcg-30-vcaps-1.jpg\",\"datePublished\":\"2026-05-11T14:24:57+00:00\",\"dateModified\":\"2026-05-13T07:23:50+00:00\",\"description\":\"Bioaktives Folat als Quatrefolic\u00ae \u2013 400 mcg pro veganer Kapsel, 30 St\u00fcck. Vegan und glutenfrei. Jetzt bestellen.\",\"breadcrumb\":{\"@id\":\"https:\\\/\\\/ecosupplements.ch\\\/?product=folate-5-methyltetrahydrofolic-acid-400mcg-30-vcaps#breadcrumb\"},\"inLanguage\":\"de-CH\",\"potentialAction\":[{\"@type\":\"ReadAction\",\"target\":[\"https:\\\/\\\/ecosupplements.ch\\\/?product=folate-5-methyltetrahydrofolic-acid-400mcg-30-vcaps\"]}]},{\"@type\":\"ImageObject\",\"inLanguage\":\"de-CH\",\"@id\":\"https:\\\/\\\/ecosupplements.ch\\\/?product=folate-5-methyltetrahydrofolic-acid-400mcg-30-vcaps#primaryimage\",\"url\":\"https:\\\/\\\/ecosupplements.ch\\\/wp-content\\\/uploads\\\/2026\\\/05\\\/Folate-5-Methyltetrahydrofolic-Acid-400mcg-30-vcaps-1.jpg\",\"contentUrl\":\"https:\\\/\\\/ecosupplements.ch\\\/wp-content\\\/uploads\\\/2026\\\/05\\\/Folate-5-Methyltetrahydrofolic-Acid-400mcg-30-vcaps-1.jpg\",\"width\":650,\"height\":650,\"caption\":\"Folate (5-Methyltetrahydrofolic Acid)\"},{\"@type\":\"BreadcrumbList\",\"@id\":\"https:\\\/\\\/ecosupplements.ch\\\/?product=folate-5-methyltetrahydrofolic-acid-400mcg-30-vcaps#breadcrumb\",\"itemListElement\":[{\"@type\":\"ListItem\",\"position\":1,\"name\":\"Home\",\"item\":\"https:\\\/\\\/ecosupplements.ch\\\/\"},{\"@type\":\"ListItem\",\"position\":2,\"name\":\"Shop\",\"item\":\"https:\\\/\\\/ecosupplements.ch\\\/?page_id=14\"},{\"@type\":\"ListItem\",\"position\":3,\"name\":\"Folate (5-Methyltetrahydrofolic Acid), 400mcg &#8211; 30 vcaps\"}]},{\"@type\":\"WebSite\",\"@id\":\"https:\\\/\\\/ecosupplements.ch\\\/#website\",\"url\":\"https:\\\/\\\/ecosupplements.ch\\\/\",\"name\":\"Eco Supplements\",\"description\":\"\",\"potentialAction\":[{\"@type\":\"SearchAction\",\"target\":{\"@type\":\"EntryPoint\",\"urlTemplate\":\"https:\\\/\\\/ecosupplements.ch\\\/?s={search_term_string}\"},\"query-input\":{\"@type\":\"PropertyValueSpecification\",\"valueRequired\":true,\"valueName\":\"search_term_string\"}}],\"inLanguage\":\"de-CH\"}]}<\/script>\n<meta property=\"product:price:amount\" content=\"4.90\" \/>\n<meta property=\"product:price:currency\" content=\"CHF\" \/>\n<meta property=\"og:availability\" content=\"out of stock\" \/>\n<meta property=\"product:availability\" content=\"out of stock\" \/>\n<meta property=\"product:retailer_item_id\" content=\"087614027586\" \/>\n<meta property=\"product:condition\" content=\"new\" \/>\n<!-- \/ Yoast SEO plugin. -->","yoast_head_json":{"title":"Folate 400mcg Quatrefolic\u00ae \u2013 Swanson | ecosupplements.ch","description":"Bioaktives Folat als Quatrefolic\u00ae \u2013 400 mcg pro veganer Kapsel, 30 St\u00fcck. Vegan und glutenfrei. Jetzt bestellen.","robots":{"index":"index","follow":"follow","max-snippet":"max-snippet:-1","max-image-preview":"max-image-preview:large","max-video-preview":"max-video-preview:-1"},"canonical":"https:\/\/ecosupplements.ch\/?product=folate-5-methyltetrahydrofolic-acid-400mcg-30-vcaps","og_locale":"de_DE","og_type":"article","og_title":"Folate 400mcg Quatrefolic\u00ae \u2013 Swanson | ecosupplements.ch","og_description":"Bioaktives Folat als Quatrefolic\u00ae \u2013 400 mcg pro veganer Kapsel, 30 St\u00fcck. Vegan und glutenfrei. Jetzt bestellen.","og_url":"https:\/\/ecosupplements.ch\/?product=folate-5-methyltetrahydrofolic-acid-400mcg-30-vcaps","og_site_name":"Eco Supplements","article_modified_time":"2026-05-13T07:23:50+00:00","og_image":[{"width":650,"height":650,"url":"https:\/\/ecosupplements.ch\/wp-content\/uploads\/2026\/05\/Folate-5-Methyltetrahydrofolic-Acid-400mcg-30-vcaps-1.jpg","type":"image\/jpeg"}],"twitter_card":"summary_large_image","twitter_misc":{"Price":"&#67;&#72;&#70;&nbsp;4.90","Availability":"Out of stock"},"schema":{"@context":"https:\/\/schema.org","@graph":[{"@type":"WebPage","@id":"https:\/\/ecosupplements.ch\/?product=folate-5-methyltetrahydrofolic-acid-400mcg-30-vcaps","url":"https:\/\/ecosupplements.ch\/?product=folate-5-methyltetrahydrofolic-acid-400mcg-30-vcaps","name":"Folate 400mcg Quatrefolic\u00ae \u2013 Swanson | ecosupplements.ch","isPartOf":{"@id":"https:\/\/ecosupplements.ch\/#website"},"primaryImageOfPage":{"@id":"https:\/\/ecosupplements.ch\/?product=folate-5-methyltetrahydrofolic-acid-400mcg-30-vcaps#primaryimage"},"image":{"@id":"https:\/\/ecosupplements.ch\/?product=folate-5-methyltetrahydrofolic-acid-400mcg-30-vcaps#primaryimage"},"thumbnailUrl":"https:\/\/ecosupplements.ch\/wp-content\/uploads\/2026\/05\/Folate-5-Methyltetrahydrofolic-Acid-400mcg-30-vcaps-1.jpg","datePublished":"2026-05-11T14:24:57+00:00","dateModified":"2026-05-13T07:23:50+00:00","description":"Bioaktives Folat als Quatrefolic\u00ae \u2013 400 mcg pro veganer Kapsel, 30 St\u00fcck. Vegan und glutenfrei. Jetzt bestellen.","breadcrumb":{"@id":"https:\/\/ecosupplements.ch\/?product=folate-5-methyltetrahydrofolic-acid-400mcg-30-vcaps#breadcrumb"},"inLanguage":"de-CH","potentialAction":[{"@type":"ReadAction","target":["https:\/\/ecosupplements.ch\/?product=folate-5-methyltetrahydrofolic-acid-400mcg-30-vcaps"]}]},{"@type":"ImageObject","inLanguage":"de-CH","@id":"https:\/\/ecosupplements.ch\/?product=folate-5-methyltetrahydrofolic-acid-400mcg-30-vcaps#primaryimage","url":"https:\/\/ecosupplements.ch\/wp-content\/uploads\/2026\/05\/Folate-5-Methyltetrahydrofolic-Acid-400mcg-30-vcaps-1.jpg","contentUrl":"https:\/\/ecosupplements.ch\/wp-content\/uploads\/2026\/05\/Folate-5-Methyltetrahydrofolic-Acid-400mcg-30-vcaps-1.jpg","width":650,"height":650,"caption":"Folate (5-Methyltetrahydrofolic Acid)"},{"@type":"BreadcrumbList","@id":"https:\/\/ecosupplements.ch\/?product=folate-5-methyltetrahydrofolic-acid-400mcg-30-vcaps#breadcrumb","itemListElement":[{"@type":"ListItem","position":1,"name":"Home","item":"https:\/\/ecosupplements.ch\/"},{"@type":"ListItem","position":2,"name":"Shop","item":"https:\/\/ecosupplements.ch\/?page_id=14"},{"@type":"ListItem","position":3,"name":"Folate (5-Methyltetrahydrofolic Acid), 400mcg &#8211; 30 vcaps"}]},{"@type":"WebSite","@id":"https:\/\/ecosupplements.ch\/#website","url":"https:\/\/ecosupplements.ch\/","name":"Eco Supplements","description":"","potentialAction":[{"@type":"SearchAction","target":{"@type":"EntryPoint","urlTemplate":"https:\/\/ecosupplements.ch\/?s={search_term_string}"},"query-input":{"@type":"PropertyValueSpecification","valueRequired":true,"valueName":"search_term_string"}}],"inLanguage":"de-CH"}]},"product_price_amount":"4.90","product_price_currency":"CHF","og_availability":"out of stock","product_availability":"out of stock","product_retailer_item_id":"087614027586","product_condition":"new"},"_links":{"self":[{"href":"https:\/\/ecosupplements.ch\/index.php?rest_route=\/wp\/v2\/product\/773","targetHints":{"allow":["GET"]}}],"collection":[{"href":"https:\/\/ecosupplements.ch\/index.php?rest_route=\/wp\/v2\/product"}],"about":[{"href":"https:\/\/ecosupplements.ch\/index.php?rest_route=\/wp\/v2\/types\/product"}],"replies":[{"embeddable":true,"href":"https:\/\/ecosupplements.ch\/index.php?rest_route=%2Fwp%2Fv2%2Fcomments&post=773"}],"wp:featuredmedia":[{"embeddable":true,"href":"https:\/\/ecosupplements.ch\/index.php?rest_route=\/wp\/v2\/media\/774"}],"wp:attachment":[{"href":"https:\/\/ecosupplements.ch\/index.php?rest_route=%2Fwp%2Fv2%2Fmedia&parent=773"}],"wp:term":[{"taxonomy":"product_brand","embeddable":true,"href":"https:\/\/ecosupplements.ch\/index.php?rest_route=%2Fwp%2Fv2%2Fproduct_brand&post=773"},{"taxonomy":"product_cat","embeddable":true,"href":"https:\/\/ecosupplements.ch\/index.php?rest_route=%2Fwp%2Fv2%2Fproduct_cat&post=773"},{"taxonomy":"product_tag","embeddable":true,"href":"https:\/\/ecosupplements.ch\/index.php?rest_route=%2Fwp%2Fv2%2Fproduct_tag&post=773"}],"curies":[{"name":"wp","href":"https:\/\/api.w.org\/{rel}","templated":true}]}}