{"id":775,"date":"2026-05-11T14:24:58","date_gmt":"2026-05-11T14:24:58","guid":{"rendered":"https:\/\/ecosupplements.ch\/?product=folate-5-methyltetrahydrofolic-acid-800mcg-30-vcaps"},"modified":"2026-05-13T07:23:50","modified_gmt":"2026-05-13T07:23:50","slug":"folate-5-methyltetrahydrofolic-acid-800mcg-30-vcaps","status":"publish","type":"product","link":"https:\/\/ecosupplements.ch\/?product=folate-5-methyltetrahydrofolic-acid-800mcg-30-vcaps","title":{"rendered":"Folate (5-Methyltetrahydrofolic Acid), 800mcg &#8211; 30 vcaps"},"content":{"rendered":"<div class=\"chcg-product-description\">\n<h2 class=\"chcg-heading\">\u00dcber Swanson \u2013 Folate (5-Methyltetrahydrofolic Acid), 800mcg \u2013 30 Vcaps<\/h2>\n<div class=\"chcg-intro\">\n<p>Swanson Folate liefert 800 mcg DFE (Dietary Folate Equivalents) in der bioaktiven Form (6S)-5-Methyltetrahydrofols\u00e4ure \u2013 als patentiertes Quatrefolic\u00ae-Glucosaminsalz. Im Gegensatz zu synthetischer Fols\u00e4ure muss diese Form vom K\u00f6rper nicht erst umgewandelt werden und steht daher direkt zur Verf\u00fcgung. Folat tr\u00e4gt zu einem normalen Aminos\u00e4urestoffwechsel sowie zur normalen Funktion des Immunsystems bei.<\/p>\n<p>Folat ist ein essenzielles B-Vitamin, das zur normalen Blutbildung, zur Verringerung von M\u00fcdigkeit und Ersch\u00f6pfung sowie zur normalen Zellteilung beitr\u00e4gt. Zudem unterst\u00fctzt es die normalen psychischen Funktionen und tr\u00e4gt zur normalen Homocystein-Verstoffwechselung bei. Jede vegetarische Kapsel enth\u00e4lt 200 % des Tagesbedarfs \u2013 ideal f\u00fcr Personen, die auf eine gut verwertbare Folatquelle achten m\u00f6chten.<\/p>\n<p>Die Kapseln sind vegetarisch (Hypromellose), frei von Gluten und Laktose und f\u00fcr eine vegane Ern\u00e4hrung geeignet. Das handliche Format mit 30 Vcaps erm\u00f6glicht eine unkomplizierte, einmonatige Einnahme.<\/p>\n<\/p><\/div>\n<div class=\"chcg-nutrition\">\n<h3>N\u00e4hrwertangaben<\/h3>\n<table class=\"chcg-nutrition-table\">\n<thead>\n<tr>\n<th>N\u00e4hrstoff<\/th>\n<th>Pro Portion (1 Vcap)<\/th>\n<\/tr>\n<\/thead>\n<tbody>\n<tr>\n<td>Folat (als Quatrefolic\u00ae (6S)-5-Methyltetrahydrofols\u00e4ure, Glucosaminsalz)<\/td>\n<td>800 mcg DFE (200 % des Tagesbedarfs)<\/td>\n<\/tr>\n<\/tbody>\n<\/table><\/div>\n<div class=\"chcg-ingredients\">\n<h3>Zutaten<\/h3>\n<p>Folat (als Quatrefolic\u00ae (6S)-5-Methyltetrahydrofols\u00e4ure, Glucosaminsalz) 800 mcg DFE. Weitere Zutaten: Reismehl (braun), Hypromellose (vegetarische Kapsel), Magnesiumstearat.<\/p>\n<p class=\"chcg-capsule-shell\">Kapselh\u00fclle: Hypromellose (vegetarische Kapsel)<\/p>\n<\/p><\/div>\n<div class=\"chcg-dosage\">\n<h3>Verzehrempfehlung<\/h3>\n<p>Als Nahrungserg\u00e4nzungsmittel t\u00e4glich eine vegetarische Kapsel mit Wasser einnehmen.<\/p>\n<\/p><\/div>\n<div class=\"chcg-warnings\">\n<h3>Warnhinweise<\/h3>\n<p>Nur f\u00fcr Erwachsene. Konsultieren Sie Ihren Arzt, bevor Sie dieses oder ein anderes Produkt verwenden, wenn Sie schwanger sind oder stillen, Medikamente einnehmen oder an einer Erkrankung leiden. Die empfohlene Tagesdosis nicht \u00fcberschreiten. Ausserhalb der Reichweite von Kindern aufbewahren.<\/p>\n<\/p><\/div>\n<div class=\"chcg-allergens\">\n<h3>Allergeninformationen<\/h3>\n<p>Auf der Verpackung sind keine Allergene deklariert.<\/p>\n<\/p><\/div>\n<div class=\"chcg-storage\">\n<h3>Lagerung<\/h3>\n<p>Bei Raumtemperatur lagern.<\/p>\n<\/p><\/div>\n<div class=\"chcg-dietary\">\n<h3>Ern\u00e4hrungshinweise<\/h3>\n<ul>\n<li>Vegan<\/li>\n<li>Vegetarisch<\/li>\n<li>Glutenfrei<\/li>\n<li>Laktosefrei<\/li>\n<\/ul><\/div>\n<\/div>\n","protected":false},"excerpt":{"rendered":"<p>Swanson Folate liefert 800 mcg DFE bioaktives Quatrefolic\u00ae (6S)-5-Methyltetrahydrofolat pro vegetarischer Kapsel \u2013 200 % des Tagesbedarfs. 30 Vcaps, vegan, glutenfrei.<\/p>\n","protected":false},"featured_media":776,"comment_status":"closed","ping_status":"open","template":"","meta":[],"product_brand":[16],"product_cat":[27,114,48,25,26,21],"product_tag":[],"class_list":{"0":"post-775","1":"product","2":"type-product","3":"status-publish","4":"has-post-thumbnail","6":"product_brand-swanson","7":"product_cat-einige-vitamine","8":"product_cat-folsaeure","9":"product_cat-gesunde-ernaehrung","10":"product_cat-gesundheit-und-wohlbefinden","11":"product_cat-multivitamine","12":"product_cat-vitamine-und-mineralstoffe","14":"first","15":"outofstock","16":"taxable","17":"shipping-taxable","18":"purchasable","19":"product-type-simple"},"yoast_head":"<!-- This site is optimized with the Yoast SEO plugin v27.5 - https:\/\/yoast.com\/product\/yoast-seo-wordpress\/ -->\n<title>Folate 800mcg Quatrefolic\u00ae \u2013 Swanson | ecosupplements.ch<\/title>\n<meta name=\"description\" content=\"Bioaktives Folat als Quatrefolic\u00ae \u2013 800 mcg DFE pro Vcap, 200 % Tagesbedarf, vegan und glutenfrei. 30 vegetarische Kapseln. Jetzt bestellen.\" \/>\n<meta name=\"robots\" content=\"index, follow, max-snippet:-1, max-image-preview:large, max-video-preview:-1\" \/>\n<link rel=\"canonical\" href=\"https:\/\/ecosupplements.ch\/?product=folate-5-methyltetrahydrofolic-acid-800mcg-30-vcaps\" \/>\n<meta property=\"og:locale\" content=\"de_DE\" \/>\n<meta property=\"og:type\" content=\"article\" \/>\n<meta property=\"og:title\" content=\"Folate 800mcg Quatrefolic\u00ae \u2013 Swanson | ecosupplements.ch\" \/>\n<meta property=\"og:description\" content=\"Bioaktives Folat als Quatrefolic\u00ae \u2013 800 mcg DFE pro Vcap, 200 % Tagesbedarf, vegan und glutenfrei. 30 vegetarische Kapseln. Jetzt bestellen.\" \/>\n<meta property=\"og:url\" content=\"https:\/\/ecosupplements.ch\/?product=folate-5-methyltetrahydrofolic-acid-800mcg-30-vcaps\" \/>\n<meta property=\"og:site_name\" content=\"Eco Supplements\" \/>\n<meta property=\"article:modified_time\" content=\"2026-05-13T07:23:50+00:00\" \/>\n<meta property=\"og:image\" content=\"https:\/\/ecosupplements.ch\/wp-content\/uploads\/2026\/05\/Folate-5-Methyltetrahydrofolic-Acid-800mcg-30-vcaps-1.jpg\" \/>\n\t<meta property=\"og:image:width\" content=\"1080\" \/>\n\t<meta property=\"og:image:height\" content=\"1080\" \/>\n\t<meta property=\"og:image:type\" content=\"image\/jpeg\" \/>\n<meta name=\"twitter:card\" content=\"summary_large_image\" \/>\n<meta name=\"twitter:label1\" content=\"Price\" \/>\n\t<meta name=\"twitter:data1\" content=\"&#067;&#072;&#070;&nbsp;6.11\" \/>\n\t<meta name=\"twitter:label2\" content=\"Availability\" \/>\n\t<meta name=\"twitter:data2\" content=\"Out of stock\" \/>\n<script type=\"application\/ld+json\" class=\"yoast-schema-graph\">{\"@context\":\"https:\\\/\\\/schema.org\",\"@graph\":[{\"@type\":\"WebPage\",\"@id\":\"https:\\\/\\\/ecosupplements.ch\\\/?product=folate-5-methyltetrahydrofolic-acid-800mcg-30-vcaps\",\"url\":\"https:\\\/\\\/ecosupplements.ch\\\/?product=folate-5-methyltetrahydrofolic-acid-800mcg-30-vcaps\",\"name\":\"Folate 800mcg Quatrefolic\u00ae \u2013 Swanson | ecosupplements.ch\",\"isPartOf\":{\"@id\":\"https:\\\/\\\/ecosupplements.ch\\\/#website\"},\"primaryImageOfPage\":{\"@id\":\"https:\\\/\\\/ecosupplements.ch\\\/?product=folate-5-methyltetrahydrofolic-acid-800mcg-30-vcaps#primaryimage\"},\"image\":{\"@id\":\"https:\\\/\\\/ecosupplements.ch\\\/?product=folate-5-methyltetrahydrofolic-acid-800mcg-30-vcaps#primaryimage\"},\"thumbnailUrl\":\"https:\\\/\\\/ecosupplements.ch\\\/wp-content\\\/uploads\\\/2026\\\/05\\\/Folate-5-Methyltetrahydrofolic-Acid-800mcg-30-vcaps-1.jpg\",\"datePublished\":\"2026-05-11T14:24:58+00:00\",\"dateModified\":\"2026-05-13T07:23:50+00:00\",\"description\":\"Bioaktives Folat als Quatrefolic\u00ae \u2013 800 mcg DFE pro Vcap, 200 % Tagesbedarf, vegan und glutenfrei. 30 vegetarische Kapseln. Jetzt bestellen.\",\"breadcrumb\":{\"@id\":\"https:\\\/\\\/ecosupplements.ch\\\/?product=folate-5-methyltetrahydrofolic-acid-800mcg-30-vcaps#breadcrumb\"},\"inLanguage\":\"de-CH\",\"potentialAction\":[{\"@type\":\"ReadAction\",\"target\":[\"https:\\\/\\\/ecosupplements.ch\\\/?product=folate-5-methyltetrahydrofolic-acid-800mcg-30-vcaps\"]}]},{\"@type\":\"ImageObject\",\"inLanguage\":\"de-CH\",\"@id\":\"https:\\\/\\\/ecosupplements.ch\\\/?product=folate-5-methyltetrahydrofolic-acid-800mcg-30-vcaps#primaryimage\",\"url\":\"https:\\\/\\\/ecosupplements.ch\\\/wp-content\\\/uploads\\\/2026\\\/05\\\/Folate-5-Methyltetrahydrofolic-Acid-800mcg-30-vcaps-1.jpg\",\"contentUrl\":\"https:\\\/\\\/ecosupplements.ch\\\/wp-content\\\/uploads\\\/2026\\\/05\\\/Folate-5-Methyltetrahydrofolic-Acid-800mcg-30-vcaps-1.jpg\",\"width\":1080,\"height\":1080,\"caption\":\"Folate (5-Methyltetrahydrofolic Acid)\"},{\"@type\":\"BreadcrumbList\",\"@id\":\"https:\\\/\\\/ecosupplements.ch\\\/?product=folate-5-methyltetrahydrofolic-acid-800mcg-30-vcaps#breadcrumb\",\"itemListElement\":[{\"@type\":\"ListItem\",\"position\":1,\"name\":\"Home\",\"item\":\"https:\\\/\\\/ecosupplements.ch\\\/\"},{\"@type\":\"ListItem\",\"position\":2,\"name\":\"Shop\",\"item\":\"https:\\\/\\\/ecosupplements.ch\\\/?page_id=14\"},{\"@type\":\"ListItem\",\"position\":3,\"name\":\"Folate (5-Methyltetrahydrofolic Acid), 800mcg &#8211; 30 vcaps\"}]},{\"@type\":\"WebSite\",\"@id\":\"https:\\\/\\\/ecosupplements.ch\\\/#website\",\"url\":\"https:\\\/\\\/ecosupplements.ch\\\/\",\"name\":\"Eco Supplements\",\"description\":\"\",\"potentialAction\":[{\"@type\":\"SearchAction\",\"target\":{\"@type\":\"EntryPoint\",\"urlTemplate\":\"https:\\\/\\\/ecosupplements.ch\\\/?s={search_term_string}\"},\"query-input\":{\"@type\":\"PropertyValueSpecification\",\"valueRequired\":true,\"valueName\":\"search_term_string\"}}],\"inLanguage\":\"de-CH\"}]}<\/script>\n<meta property=\"product:price:amount\" content=\"6.11\" \/>\n<meta property=\"product:price:currency\" content=\"CHF\" \/>\n<meta property=\"og:availability\" content=\"out of stock\" \/>\n<meta property=\"product:availability\" content=\"out of stock\" \/>\n<meta property=\"product:retailer_item_id\" content=\"087614027142\" \/>\n<meta property=\"product:condition\" content=\"new\" \/>\n<!-- \/ Yoast SEO plugin. -->","yoast_head_json":{"title":"Folate 800mcg Quatrefolic\u00ae \u2013 Swanson | ecosupplements.ch","description":"Bioaktives Folat als Quatrefolic\u00ae \u2013 800 mcg DFE pro Vcap, 200 % Tagesbedarf, vegan und glutenfrei. 30 vegetarische Kapseln. Jetzt bestellen.","robots":{"index":"index","follow":"follow","max-snippet":"max-snippet:-1","max-image-preview":"max-image-preview:large","max-video-preview":"max-video-preview:-1"},"canonical":"https:\/\/ecosupplements.ch\/?product=folate-5-methyltetrahydrofolic-acid-800mcg-30-vcaps","og_locale":"de_DE","og_type":"article","og_title":"Folate 800mcg Quatrefolic\u00ae \u2013 Swanson | ecosupplements.ch","og_description":"Bioaktives Folat als Quatrefolic\u00ae \u2013 800 mcg DFE pro Vcap, 200 % Tagesbedarf, vegan und glutenfrei. 30 vegetarische Kapseln. Jetzt bestellen.","og_url":"https:\/\/ecosupplements.ch\/?product=folate-5-methyltetrahydrofolic-acid-800mcg-30-vcaps","og_site_name":"Eco Supplements","article_modified_time":"2026-05-13T07:23:50+00:00","og_image":[{"width":1080,"height":1080,"url":"https:\/\/ecosupplements.ch\/wp-content\/uploads\/2026\/05\/Folate-5-Methyltetrahydrofolic-Acid-800mcg-30-vcaps-1.jpg","type":"image\/jpeg"}],"twitter_card":"summary_large_image","twitter_misc":{"Price":"&#67;&#72;&#70;&nbsp;6.11","Availability":"Out of stock"},"schema":{"@context":"https:\/\/schema.org","@graph":[{"@type":"WebPage","@id":"https:\/\/ecosupplements.ch\/?product=folate-5-methyltetrahydrofolic-acid-800mcg-30-vcaps","url":"https:\/\/ecosupplements.ch\/?product=folate-5-methyltetrahydrofolic-acid-800mcg-30-vcaps","name":"Folate 800mcg Quatrefolic\u00ae \u2013 Swanson | ecosupplements.ch","isPartOf":{"@id":"https:\/\/ecosupplements.ch\/#website"},"primaryImageOfPage":{"@id":"https:\/\/ecosupplements.ch\/?product=folate-5-methyltetrahydrofolic-acid-800mcg-30-vcaps#primaryimage"},"image":{"@id":"https:\/\/ecosupplements.ch\/?product=folate-5-methyltetrahydrofolic-acid-800mcg-30-vcaps#primaryimage"},"thumbnailUrl":"https:\/\/ecosupplements.ch\/wp-content\/uploads\/2026\/05\/Folate-5-Methyltetrahydrofolic-Acid-800mcg-30-vcaps-1.jpg","datePublished":"2026-05-11T14:24:58+00:00","dateModified":"2026-05-13T07:23:50+00:00","description":"Bioaktives Folat als Quatrefolic\u00ae \u2013 800 mcg DFE pro Vcap, 200 % Tagesbedarf, vegan und glutenfrei. 30 vegetarische Kapseln. Jetzt bestellen.","breadcrumb":{"@id":"https:\/\/ecosupplements.ch\/?product=folate-5-methyltetrahydrofolic-acid-800mcg-30-vcaps#breadcrumb"},"inLanguage":"de-CH","potentialAction":[{"@type":"ReadAction","target":["https:\/\/ecosupplements.ch\/?product=folate-5-methyltetrahydrofolic-acid-800mcg-30-vcaps"]}]},{"@type":"ImageObject","inLanguage":"de-CH","@id":"https:\/\/ecosupplements.ch\/?product=folate-5-methyltetrahydrofolic-acid-800mcg-30-vcaps#primaryimage","url":"https:\/\/ecosupplements.ch\/wp-content\/uploads\/2026\/05\/Folate-5-Methyltetrahydrofolic-Acid-800mcg-30-vcaps-1.jpg","contentUrl":"https:\/\/ecosupplements.ch\/wp-content\/uploads\/2026\/05\/Folate-5-Methyltetrahydrofolic-Acid-800mcg-30-vcaps-1.jpg","width":1080,"height":1080,"caption":"Folate (5-Methyltetrahydrofolic Acid)"},{"@type":"BreadcrumbList","@id":"https:\/\/ecosupplements.ch\/?product=folate-5-methyltetrahydrofolic-acid-800mcg-30-vcaps#breadcrumb","itemListElement":[{"@type":"ListItem","position":1,"name":"Home","item":"https:\/\/ecosupplements.ch\/"},{"@type":"ListItem","position":2,"name":"Shop","item":"https:\/\/ecosupplements.ch\/?page_id=14"},{"@type":"ListItem","position":3,"name":"Folate (5-Methyltetrahydrofolic Acid), 800mcg &#8211; 30 vcaps"}]},{"@type":"WebSite","@id":"https:\/\/ecosupplements.ch\/#website","url":"https:\/\/ecosupplements.ch\/","name":"Eco Supplements","description":"","potentialAction":[{"@type":"SearchAction","target":{"@type":"EntryPoint","urlTemplate":"https:\/\/ecosupplements.ch\/?s={search_term_string}"},"query-input":{"@type":"PropertyValueSpecification","valueRequired":true,"valueName":"search_term_string"}}],"inLanguage":"de-CH"}]},"product_price_amount":"6.11","product_price_currency":"CHF","og_availability":"out of stock","product_availability":"out of stock","product_retailer_item_id":"087614027142","product_condition":"new"},"_links":{"self":[{"href":"https:\/\/ecosupplements.ch\/index.php?rest_route=\/wp\/v2\/product\/775","targetHints":{"allow":["GET"]}}],"collection":[{"href":"https:\/\/ecosupplements.ch\/index.php?rest_route=\/wp\/v2\/product"}],"about":[{"href":"https:\/\/ecosupplements.ch\/index.php?rest_route=\/wp\/v2\/types\/product"}],"replies":[{"embeddable":true,"href":"https:\/\/ecosupplements.ch\/index.php?rest_route=%2Fwp%2Fv2%2Fcomments&post=775"}],"wp:featuredmedia":[{"embeddable":true,"href":"https:\/\/ecosupplements.ch\/index.php?rest_route=\/wp\/v2\/media\/776"}],"wp:attachment":[{"href":"https:\/\/ecosupplements.ch\/index.php?rest_route=%2Fwp%2Fv2%2Fmedia&parent=775"}],"wp:term":[{"taxonomy":"product_brand","embeddable":true,"href":"https:\/\/ecosupplements.ch\/index.php?rest_route=%2Fwp%2Fv2%2Fproduct_brand&post=775"},{"taxonomy":"product_cat","embeddable":true,"href":"https:\/\/ecosupplements.ch\/index.php?rest_route=%2Fwp%2Fv2%2Fproduct_cat&post=775"},{"taxonomy":"product_tag","embeddable":true,"href":"https:\/\/ecosupplements.ch\/index.php?rest_route=%2Fwp%2Fv2%2Fproduct_tag&post=775"}],"curies":[{"name":"wp","href":"https:\/\/api.w.org\/{rel}","templated":true}]}}