{"id":793,"date":"2026-05-11T14:25:05","date_gmt":"2026-05-11T14:25:05","guid":{"rendered":"https:\/\/ecosupplements.ch\/?product=chinese-skullcap-400mg-90-caps"},"modified":"2026-05-13T07:23:51","modified_gmt":"2026-05-13T07:23:51","slug":"chinese-skullcap-400mg-90-caps","status":"publish","type":"product","link":"https:\/\/ecosupplements.ch\/?product=chinese-skullcap-400mg-90-caps","title":{"rendered":"Chinese Skullcap, 400mg &#8211; 90 caps"},"content":{"rendered":"<div class=\"chcg-product-description\">\n<h2 class=\"chcg-heading\">\u00dcber Swanson \u2013 Chinese Skullcap, 400mg \u2013 90 Kapseln<\/h2>\n<div class=\"chcg-intro\">\n<p>Chinese Skullcap (Scutellaria baicalensis) ist eine traditionelle Heilpflanze aus der chinesischen Medizin, deren Wurzel seit Jahrhunderten gesch\u00e4tzt wird. Swanson setzt auf einen hochwertigen 4:1-Konzentratextrakt, der pro Kapsel einer Menge von 400 mg entspricht \u2013 f\u00fcr eine gezielte und praktische t\u00e4gliche Einnahme.<\/p>\n<p>Das Produkt von Swanson \u00fcberzeugt durch seine sorgf\u00e4ltige Verarbeitung und die standardisierte Extraktst\u00e4rke. Die Kapseln sind einfach einzunehmen und eignen sich f\u00fcr Erwachsene, die Chinese Skullcap bequem in ihren Alltag integrieren m\u00f6chten.<\/p>\n<p>Mit 90 Kapseln pro Packung bietet dieses Produkt einen langfristigen Vorrat f\u00fcr eine regelm\u00e4ssige Anwendung gem\u00e4ss den Verzehrempfehlungen.<\/p>\n<\/p><\/div>\n<div class=\"chcg-nutrition\">\n<h3>N\u00e4hrwertangaben<\/h3>\n<table class=\"chcg-nutrition-table\">\n<thead>\n<tr>\n<th>N\u00e4hrstoff<\/th>\n<th>Pro Portion (1 Kapsel)<\/th>\n<\/tr>\n<\/thead>\n<tbody>\n<tr>\n<td>Chinese Skullcap (<em>Scutellaria baicalensis<\/em>) (Wurzel) (4:1 Konzentrat)<\/td>\n<td>400 mg*<\/td>\n<\/tr>\n<\/tbody>\n<\/table>\n<p class=\"chcg-footnote\">* Kein festgelegter Tagesreferenzwert vorhanden.<\/p>\n<\/p><\/div>\n<div class=\"chcg-ingredients\">\n<h3>Zutaten<\/h3>\n<p>Chinese Skullcap (<em>Scutellaria baicalensis<\/em>) (Wurzel) (4:1 Konzentrat) 400 mg. Weitere Zutaten: Reiskleie, Maltodextrin, Siliziumdioxid, Calciumpalmitat.<\/p>\n<p class=\"chcg-capsule-shell\">Kapselh\u00fclle: Gelatine<\/p>\n<\/p><\/div>\n<div class=\"chcg-dosage\">\n<h3>Verzehrempfehlung<\/h3>\n<p>Als Nahrungserg\u00e4nzungsmittel eine Kapsel zwei- bis dreimal t\u00e4glich mit Wasser einnehmen.<\/p>\n<\/p><\/div>\n<div class=\"chcg-warnings\">\n<h3>Warnhinweise<\/h3>\n<p>Nur f\u00fcr Erwachsene. Dieses Produkt nicht einnehmen, wenn Sie schwanger sind oder stillen. Konsultieren Sie vor der Einnahme dieses oder eines anderen Produkts Ihren Arzt oder Ihre \u00c4rztin, wenn Sie Medikamente einnehmen oder an einer Erkrankung leiden. Ausserhalb der Reichweite von Kindern aufbewahren. Nicht verwenden, wenn die Versiegelung besch\u00e4digt ist.<\/p>\n<\/p><\/div>\n<div class=\"chcg-allergens\">\n<h3>Allergeninformationen<\/h3>\n<p>Es sind keine Allergene explizit deklariert. Bitte pr\u00fcfen Sie die Zutatenliste auf Stoffe, gegen die Sie m\u00f6glicherweise eine Allergie oder Unvertr\u00e4glichkeit haben.<\/p>\n<\/p><\/div>\n<div class=\"chcg-storage\">\n<h3>Lagerung<\/h3>\n<p>An einem k\u00fchlen, trockenen Ort lagern.<\/p>\n<\/p><\/div>\n<\/div>\n","protected":false},"excerpt":{"rendered":"<p>Swanson Chinese Skullcap liefert 400 mg Scutellaria-baicalensis-Wurzelextrakt (4:1-Konzentrat) pro Kapsel. Die Packung enth\u00e4lt 90 Kapseln f\u00fcr eine langfristige Anwendung.<\/p>\n","protected":false},"featured_media":794,"comment_status":"closed","ping_status":"open","template":"","meta":[],"product_brand":[16],"product_cat":[48,25,44,21],"product_tag":[],"class_list":{"0":"post-793","1":"product","2":"type-product","3":"status-publish","4":"has-post-thumbnail","6":"product_brand-swanson","7":"product_cat-gesunde-ernaehrung","8":"product_cat-gesundheit-und-wohlbefinden","9":"product_cat-pflanzliche-nahrungsergaenzungsmittel","10":"product_cat-vitamine-und-mineralstoffe","12":"first","13":"outofstock","14":"taxable","15":"shipping-taxable","16":"purchasable","17":"product-type-simple"},"yoast_head":"<!-- This site is optimized with the Yoast SEO plugin v27.5 - https:\/\/yoast.com\/product\/yoast-seo-wordpress\/ -->\n<title>Chinese Skullcap 400mg \u2013 90 Kapseln \u2013 Swanson | ecosupplements.ch<\/title>\n<meta name=\"description\" content=\"Swanson Chinese Skullcap mit 400 mg Scutellaria-baicalensis-Extrakt (4:1) \u2013 90 Kapseln f\u00fcr eine bequeme t\u00e4gliche Einnahme. Jetzt bestellen.\" \/>\n<meta name=\"robots\" content=\"index, follow, max-snippet:-1, max-image-preview:large, max-video-preview:-1\" \/>\n<link rel=\"canonical\" href=\"https:\/\/ecosupplements.ch\/?product=chinese-skullcap-400mg-90-caps\" \/>\n<meta property=\"og:locale\" content=\"de_DE\" \/>\n<meta property=\"og:type\" content=\"article\" \/>\n<meta property=\"og:title\" content=\"Chinese Skullcap 400mg \u2013 90 Kapseln \u2013 Swanson | ecosupplements.ch\" \/>\n<meta property=\"og:description\" content=\"Swanson Chinese Skullcap mit 400 mg Scutellaria-baicalensis-Extrakt (4:1) \u2013 90 Kapseln f\u00fcr eine bequeme t\u00e4gliche Einnahme. Jetzt bestellen.\" \/>\n<meta property=\"og:url\" content=\"https:\/\/ecosupplements.ch\/?product=chinese-skullcap-400mg-90-caps\" \/>\n<meta property=\"og:site_name\" content=\"Eco Supplements\" \/>\n<meta property=\"article:modified_time\" content=\"2026-05-13T07:23:51+00:00\" \/>\n<meta property=\"og:image\" content=\"https:\/\/ecosupplements.ch\/wp-content\/uploads\/2026\/05\/Chinese-Skullcap-400mg-90-caps-1.jpg\" \/>\n\t<meta property=\"og:image:width\" content=\"650\" \/>\n\t<meta property=\"og:image:height\" content=\"650\" \/>\n\t<meta property=\"og:image:type\" content=\"image\/jpeg\" \/>\n<meta name=\"twitter:card\" content=\"summary_large_image\" \/>\n<meta name=\"twitter:label1\" content=\"Price\" \/>\n\t<meta name=\"twitter:data1\" content=\"&#067;&#072;&#070;&nbsp;10.74\" \/>\n\t<meta name=\"twitter:label2\" content=\"Availability\" \/>\n\t<meta name=\"twitter:data2\" content=\"Out of stock\" \/>\n<script type=\"application\/ld+json\" class=\"yoast-schema-graph\">{\"@context\":\"https:\\\/\\\/schema.org\",\"@graph\":[{\"@type\":\"WebPage\",\"@id\":\"https:\\\/\\\/ecosupplements.ch\\\/?product=chinese-skullcap-400mg-90-caps\",\"url\":\"https:\\\/\\\/ecosupplements.ch\\\/?product=chinese-skullcap-400mg-90-caps\",\"name\":\"Chinese Skullcap 400mg \u2013 90 Kapseln \u2013 Swanson | ecosupplements.ch\",\"isPartOf\":{\"@id\":\"https:\\\/\\\/ecosupplements.ch\\\/#website\"},\"primaryImageOfPage\":{\"@id\":\"https:\\\/\\\/ecosupplements.ch\\\/?product=chinese-skullcap-400mg-90-caps#primaryimage\"},\"image\":{\"@id\":\"https:\\\/\\\/ecosupplements.ch\\\/?product=chinese-skullcap-400mg-90-caps#primaryimage\"},\"thumbnailUrl\":\"https:\\\/\\\/ecosupplements.ch\\\/wp-content\\\/uploads\\\/2026\\\/05\\\/Chinese-Skullcap-400mg-90-caps-1.jpg\",\"datePublished\":\"2026-05-11T14:25:05+00:00\",\"dateModified\":\"2026-05-13T07:23:51+00:00\",\"description\":\"Swanson Chinese Skullcap mit 400 mg Scutellaria-baicalensis-Extrakt (4:1) \u2013 90 Kapseln f\u00fcr eine bequeme t\u00e4gliche Einnahme. Jetzt bestellen.\",\"breadcrumb\":{\"@id\":\"https:\\\/\\\/ecosupplements.ch\\\/?product=chinese-skullcap-400mg-90-caps#breadcrumb\"},\"inLanguage\":\"de-CH\",\"potentialAction\":[{\"@type\":\"ReadAction\",\"target\":[\"https:\\\/\\\/ecosupplements.ch\\\/?product=chinese-skullcap-400mg-90-caps\"]}]},{\"@type\":\"ImageObject\",\"inLanguage\":\"de-CH\",\"@id\":\"https:\\\/\\\/ecosupplements.ch\\\/?product=chinese-skullcap-400mg-90-caps#primaryimage\",\"url\":\"https:\\\/\\\/ecosupplements.ch\\\/wp-content\\\/uploads\\\/2026\\\/05\\\/Chinese-Skullcap-400mg-90-caps-1.jpg\",\"contentUrl\":\"https:\\\/\\\/ecosupplements.ch\\\/wp-content\\\/uploads\\\/2026\\\/05\\\/Chinese-Skullcap-400mg-90-caps-1.jpg\",\"width\":650,\"height\":650,\"caption\":\"Chinese Skullcap\"},{\"@type\":\"BreadcrumbList\",\"@id\":\"https:\\\/\\\/ecosupplements.ch\\\/?product=chinese-skullcap-400mg-90-caps#breadcrumb\",\"itemListElement\":[{\"@type\":\"ListItem\",\"position\":1,\"name\":\"Home\",\"item\":\"https:\\\/\\\/ecosupplements.ch\\\/\"},{\"@type\":\"ListItem\",\"position\":2,\"name\":\"Shop\",\"item\":\"https:\\\/\\\/ecosupplements.ch\\\/?page_id=14\"},{\"@type\":\"ListItem\",\"position\":3,\"name\":\"Chinese Skullcap, 400mg &#8211; 90 caps\"}]},{\"@type\":\"WebSite\",\"@id\":\"https:\\\/\\\/ecosupplements.ch\\\/#website\",\"url\":\"https:\\\/\\\/ecosupplements.ch\\\/\",\"name\":\"Eco Supplements\",\"description\":\"\",\"potentialAction\":[{\"@type\":\"SearchAction\",\"target\":{\"@type\":\"EntryPoint\",\"urlTemplate\":\"https:\\\/\\\/ecosupplements.ch\\\/?s={search_term_string}\"},\"query-input\":{\"@type\":\"PropertyValueSpecification\",\"valueRequired\":true,\"valueName\":\"search_term_string\"}}],\"inLanguage\":\"de-CH\"}]}<\/script>\n<meta property=\"product:price:amount\" content=\"10.74\" \/>\n<meta property=\"product:price:currency\" content=\"CHF\" \/>\n<meta property=\"og:availability\" content=\"out of stock\" \/>\n<meta property=\"product:availability\" content=\"out of stock\" \/>\n<meta property=\"product:retailer_item_id\" content=\"087614111285\" \/>\n<meta property=\"product:condition\" content=\"new\" \/>\n<!-- \/ Yoast SEO plugin. -->","yoast_head_json":{"title":"Chinese Skullcap 400mg \u2013 90 Kapseln \u2013 Swanson | ecosupplements.ch","description":"Swanson Chinese Skullcap mit 400 mg Scutellaria-baicalensis-Extrakt (4:1) \u2013 90 Kapseln f\u00fcr eine bequeme t\u00e4gliche Einnahme. Jetzt bestellen.","robots":{"index":"index","follow":"follow","max-snippet":"max-snippet:-1","max-image-preview":"max-image-preview:large","max-video-preview":"max-video-preview:-1"},"canonical":"https:\/\/ecosupplements.ch\/?product=chinese-skullcap-400mg-90-caps","og_locale":"de_DE","og_type":"article","og_title":"Chinese Skullcap 400mg \u2013 90 Kapseln \u2013 Swanson | ecosupplements.ch","og_description":"Swanson Chinese Skullcap mit 400 mg Scutellaria-baicalensis-Extrakt (4:1) \u2013 90 Kapseln f\u00fcr eine bequeme t\u00e4gliche Einnahme. Jetzt bestellen.","og_url":"https:\/\/ecosupplements.ch\/?product=chinese-skullcap-400mg-90-caps","og_site_name":"Eco Supplements","article_modified_time":"2026-05-13T07:23:51+00:00","og_image":[{"width":650,"height":650,"url":"https:\/\/ecosupplements.ch\/wp-content\/uploads\/2026\/05\/Chinese-Skullcap-400mg-90-caps-1.jpg","type":"image\/jpeg"}],"twitter_card":"summary_large_image","twitter_misc":{"Price":"&#67;&#72;&#70;&nbsp;10.74","Availability":"Out of stock"},"schema":{"@context":"https:\/\/schema.org","@graph":[{"@type":"WebPage","@id":"https:\/\/ecosupplements.ch\/?product=chinese-skullcap-400mg-90-caps","url":"https:\/\/ecosupplements.ch\/?product=chinese-skullcap-400mg-90-caps","name":"Chinese Skullcap 400mg \u2013 90 Kapseln \u2013 Swanson | ecosupplements.ch","isPartOf":{"@id":"https:\/\/ecosupplements.ch\/#website"},"primaryImageOfPage":{"@id":"https:\/\/ecosupplements.ch\/?product=chinese-skullcap-400mg-90-caps#primaryimage"},"image":{"@id":"https:\/\/ecosupplements.ch\/?product=chinese-skullcap-400mg-90-caps#primaryimage"},"thumbnailUrl":"https:\/\/ecosupplements.ch\/wp-content\/uploads\/2026\/05\/Chinese-Skullcap-400mg-90-caps-1.jpg","datePublished":"2026-05-11T14:25:05+00:00","dateModified":"2026-05-13T07:23:51+00:00","description":"Swanson Chinese Skullcap mit 400 mg Scutellaria-baicalensis-Extrakt (4:1) \u2013 90 Kapseln f\u00fcr eine bequeme t\u00e4gliche Einnahme. Jetzt bestellen.","breadcrumb":{"@id":"https:\/\/ecosupplements.ch\/?product=chinese-skullcap-400mg-90-caps#breadcrumb"},"inLanguage":"de-CH","potentialAction":[{"@type":"ReadAction","target":["https:\/\/ecosupplements.ch\/?product=chinese-skullcap-400mg-90-caps"]}]},{"@type":"ImageObject","inLanguage":"de-CH","@id":"https:\/\/ecosupplements.ch\/?product=chinese-skullcap-400mg-90-caps#primaryimage","url":"https:\/\/ecosupplements.ch\/wp-content\/uploads\/2026\/05\/Chinese-Skullcap-400mg-90-caps-1.jpg","contentUrl":"https:\/\/ecosupplements.ch\/wp-content\/uploads\/2026\/05\/Chinese-Skullcap-400mg-90-caps-1.jpg","width":650,"height":650,"caption":"Chinese Skullcap"},{"@type":"BreadcrumbList","@id":"https:\/\/ecosupplements.ch\/?product=chinese-skullcap-400mg-90-caps#breadcrumb","itemListElement":[{"@type":"ListItem","position":1,"name":"Home","item":"https:\/\/ecosupplements.ch\/"},{"@type":"ListItem","position":2,"name":"Shop","item":"https:\/\/ecosupplements.ch\/?page_id=14"},{"@type":"ListItem","position":3,"name":"Chinese Skullcap, 400mg &#8211; 90 caps"}]},{"@type":"WebSite","@id":"https:\/\/ecosupplements.ch\/#website","url":"https:\/\/ecosupplements.ch\/","name":"Eco Supplements","description":"","potentialAction":[{"@type":"SearchAction","target":{"@type":"EntryPoint","urlTemplate":"https:\/\/ecosupplements.ch\/?s={search_term_string}"},"query-input":{"@type":"PropertyValueSpecification","valueRequired":true,"valueName":"search_term_string"}}],"inLanguage":"de-CH"}]},"product_price_amount":"10.74","product_price_currency":"CHF","og_availability":"out of stock","product_availability":"out of stock","product_retailer_item_id":"087614111285","product_condition":"new"},"_links":{"self":[{"href":"https:\/\/ecosupplements.ch\/index.php?rest_route=\/wp\/v2\/product\/793","targetHints":{"allow":["GET"]}}],"collection":[{"href":"https:\/\/ecosupplements.ch\/index.php?rest_route=\/wp\/v2\/product"}],"about":[{"href":"https:\/\/ecosupplements.ch\/index.php?rest_route=\/wp\/v2\/types\/product"}],"replies":[{"embeddable":true,"href":"https:\/\/ecosupplements.ch\/index.php?rest_route=%2Fwp%2Fv2%2Fcomments&post=793"}],"wp:featuredmedia":[{"embeddable":true,"href":"https:\/\/ecosupplements.ch\/index.php?rest_route=\/wp\/v2\/media\/794"}],"wp:attachment":[{"href":"https:\/\/ecosupplements.ch\/index.php?rest_route=%2Fwp%2Fv2%2Fmedia&parent=793"}],"wp:term":[{"taxonomy":"product_brand","embeddable":true,"href":"https:\/\/ecosupplements.ch\/index.php?rest_route=%2Fwp%2Fv2%2Fproduct_brand&post=793"},{"taxonomy":"product_cat","embeddable":true,"href":"https:\/\/ecosupplements.ch\/index.php?rest_route=%2Fwp%2Fv2%2Fproduct_cat&post=793"},{"taxonomy":"product_tag","embeddable":true,"href":"https:\/\/ecosupplements.ch\/index.php?rest_route=%2Fwp%2Fv2%2Fproduct_tag&post=793"}],"curies":[{"name":"wp","href":"https:\/\/api.w.org\/{rel}","templated":true}]}}