{"id":829,"date":"2026-05-11T14:25:20","date_gmt":"2026-05-11T14:25:20","guid":{"rendered":"https:\/\/ecosupplements.ch\/?product=triple-mushroom-complex-60-caps"},"modified":"2026-05-13T07:24:12","modified_gmt":"2026-05-13T07:24:12","slug":"triple-mushroom-complex-60-caps","status":"publish","type":"product","link":"https:\/\/ecosupplements.ch\/?product=triple-mushroom-complex-60-caps","title":{"rendered":"Triple Mushroom Complex &#8211; 60 caps"},"content":{"rendered":"<div class=\"chcg-product-description\">\n<h2 class=\"chcg-heading\">\u00dcber Swanson \u2013 Triple Mushroom Complex \u2013 60 Kapseln<\/h2>\n<div class=\"chcg-intro\">\n<p>Der Swanson Triple Mushroom Complex vereint drei bew\u00e4hrte Heilpilze \u2013 Maitake, Reishi und Shiitake \u2013 in einer einzigen praktischen Kapsel. Jede Portion liefert je 200 mg der Fruchtk\u00f6rper von <em>Grifola frondosa<\/em>, <em>Ganoderma lucidum<\/em> und <em>Lentinus edodes<\/em> und bietet damit eine umfassende Kombination wertvoller Pilzextrakte in konzentrierter Form.<\/p>\n<p>Maitake, Reishi und Shiitake werden seit Jahrhunderten in der traditionellen asiatischen Ern\u00e4hrungskultur gesch\u00e4tzt und sind heute Gegenstand zahlreicher wissenschaftlicher Untersuchungen. Mit dem Triple Mushroom Complex von Swanson profitieren Sie von der Synergie dieser drei Pilzarten in einem einzigen, einfach zu dosierenden Pr\u00e4parat.<\/p>\n<p>Das Produkt ist glutenfrei und laktosefrei und eignet sich f\u00fcr Erwachsene, die ihre t\u00e4gliche Ern\u00e4hrung gezielt mit nat\u00fcrlichen Pilzinhaltsstoffen erg\u00e4nzen m\u00f6chten. Der Triple Mushroom Complex ist als Nahrungserg\u00e4nzungsmittel konzipiert und ersetzt keine ausgewogene und abwechslungsreiche Ern\u00e4hrung.<\/p>\n<\/p><\/div>\n<div class=\"chcg-nutrition\">\n<h3>N\u00e4hrwertangaben<\/h3>\n<table class=\"chcg-nutrition-table\">\n<thead>\n<tr>\n<th>N\u00e4hrstoff<\/th>\n<th>Pro Portion (1 Kapsel)<\/th>\n<\/tr>\n<\/thead>\n<tbody>\n<tr>\n<td>Maitake-Pilz (<em>Grifola frondosa<\/em>) (Fruchtk\u00f6rper)<\/td>\n<td>200 mg<\/td>\n<\/tr>\n<tr>\n<td>Reishi-Pilz (<em>Ganoderma lucidum<\/em>) (Fruchtk\u00f6rper)<\/td>\n<td>200 mg<\/td>\n<\/tr>\n<tr>\n<td>Shiitake-Pilz (<em>Lentinus edodes<\/em>) (Fruchtk\u00f6rper)<\/td>\n<td>200 mg<\/td>\n<\/tr>\n<\/tbody>\n<\/table>\n<p class=\"chcg-footnote\">* Kein festgelegter Tagesreferenzwert vorhanden.<\/p>\n<\/p><\/div>\n<div class=\"chcg-ingredients\">\n<h3>Zutaten<\/h3>\n<p>Maitake-Pilz (<em>Grifola frondosa<\/em>) (Fruchtk\u00f6rper) 200 mg, Reishi-Pilz (<em>Ganoderma lucidum<\/em>) (Fruchtk\u00f6rper) 200 mg, Shiitake-Pilz (<em>Lentinus edodes<\/em>) (Fruchtk\u00f6rper) 200 mg. Weitere Zutaten: Gelatine, mikrokristalline Zellulose (Pflanzenfaser), Magnesiumstearat, Siliziumdioxid.<\/p>\n<p class=\"chcg-capsule-shell\">Kapselh\u00fclle: Gelatine<\/p>\n<\/p><\/div>\n<div class=\"chcg-dosage\">\n<h3>Verzehrempfehlung<\/h3>\n<p>Als Nahrungserg\u00e4nzungsmittel t\u00e4glich eine Kapsel mit Wasser einnehmen.<\/p>\n<\/p><\/div>\n<div class=\"chcg-warnings\">\n<h3>Warnhinweise<\/h3>\n<p>Nur f\u00fcr Erwachsene geeignet. Dieses Produkt nicht einnehmen, wenn Sie schwanger sind oder stillen. Konsultieren Sie Ihren Arzt oder Ihre \u00c4rztin, bevor Sie dieses oder ein anderes Produkt verwenden, wenn Sie verschreibungspflichtige Medikamente einnehmen oder an einer Erkrankung leiden. Bei ungew\u00f6hnlichen Symptomen den Gebrauch abbrechen. Ausserhalb der Reichweite von Kindern aufbewahren. Nicht verwenden, wenn die Versiegelung besch\u00e4digt ist. An einem k\u00fchlen, trockenen Ort lagern.<\/p>\n<\/p><\/div>\n<div class=\"chcg-allergens\">\n<h3>Allergeninformationen<\/h3>\n<p>Auf dem Etikett sind keine Allergene ausdr\u00fccklich deklariert. Das Produkt enth\u00e4lt Gelatine (tierischen Ursprungs).<\/p>\n<\/p><\/div>\n<div class=\"chcg-storage\">\n<h3>Lagerung<\/h3>\n<p>An einem k\u00fchlen, trockenen Ort aufbewahren.<\/p>\n<\/p><\/div>\n<div class=\"chcg-dietary\">\n<h3>Ern\u00e4hrungshinweise<\/h3>\n<ul>\n<li>Glutenfrei<\/li>\n<li>Laktosefrei<\/li>\n<\/ul><\/div>\n<\/div>\n","protected":false},"excerpt":{"rendered":"<p>Swanson Triple Mushroom Complex liefert je 200 mg Maitake, Reishi und Shiitake pro Kapsel. 60 Kapseln f\u00fcr eine praktische t\u00e4gliche Erg\u00e4nzung mit drei bew\u00e4hrten Pilzarten. Glutenfrei und laktosefrei.<\/p>\n","protected":false},"featured_media":830,"comment_status":"closed","ping_status":"open","template":"","meta":[],"product_brand":[16],"product_cat":[48,25,45,21],"product_tag":[],"class_list":{"0":"post-829","1":"product","2":"type-product","3":"status-publish","4":"has-post-thumbnail","6":"product_brand-swanson","7":"product_cat-gesunde-ernaehrung","8":"product_cat-gesundheit-und-wohlbefinden","9":"product_cat-immunsystem","10":"product_cat-vitamine-und-mineralstoffe","12":"first","13":"outofstock","14":"taxable","15":"shipping-taxable","16":"purchasable","17":"product-type-simple"},"yoast_head":"<!-- This site is optimized with the Yoast SEO plugin v27.5 - https:\/\/yoast.com\/product\/yoast-seo-wordpress\/ -->\n<title>Triple Mushroom Complex \u2013 Swanson | ecosupplements.ch<\/title>\n<meta name=\"description\" content=\"Swanson Triple Mushroom Complex mit Maitake, Reishi und Shiitake \u2013 200 mg je Pilz pro Kapsel, 60 Kapseln, glutenfrei. Jetzt bestellen.\" \/>\n<meta name=\"robots\" content=\"index, follow, max-snippet:-1, max-image-preview:large, max-video-preview:-1\" \/>\n<link rel=\"canonical\" href=\"https:\/\/ecosupplements.ch\/?product=triple-mushroom-complex-60-caps\" \/>\n<meta property=\"og:locale\" content=\"de_DE\" \/>\n<meta property=\"og:type\" content=\"article\" \/>\n<meta property=\"og:title\" content=\"Triple Mushroom Complex \u2013 Swanson | ecosupplements.ch\" \/>\n<meta property=\"og:description\" content=\"Swanson Triple Mushroom Complex mit Maitake, Reishi und Shiitake \u2013 200 mg je Pilz pro Kapsel, 60 Kapseln, glutenfrei. Jetzt bestellen.\" \/>\n<meta property=\"og:url\" content=\"https:\/\/ecosupplements.ch\/?product=triple-mushroom-complex-60-caps\" \/>\n<meta property=\"og:site_name\" content=\"Eco Supplements\" \/>\n<meta property=\"article:modified_time\" content=\"2026-05-13T07:24:12+00:00\" \/>\n<meta property=\"og:image\" content=\"https:\/\/ecosupplements.ch\/wp-content\/uploads\/2026\/05\/Triple-Mushroom-Complex-60-caps.jpg\" \/>\n\t<meta property=\"og:image:width\" content=\"650\" \/>\n\t<meta property=\"og:image:height\" content=\"650\" \/>\n\t<meta property=\"og:image:type\" content=\"image\/jpeg\" \/>\n<meta name=\"twitter:card\" content=\"summary_large_image\" \/>\n<meta name=\"twitter:label1\" content=\"Price\" \/>\n\t<meta name=\"twitter:data1\" content=\"&#067;&#072;&#070;&nbsp;10.29\" \/>\n\t<meta name=\"twitter:label2\" content=\"Availability\" \/>\n\t<meta name=\"twitter:data2\" content=\"Out of stock\" \/>\n<script type=\"application\/ld+json\" class=\"yoast-schema-graph\">{\"@context\":\"https:\\\/\\\/schema.org\",\"@graph\":[{\"@type\":\"WebPage\",\"@id\":\"https:\\\/\\\/ecosupplements.ch\\\/?product=triple-mushroom-complex-60-caps\",\"url\":\"https:\\\/\\\/ecosupplements.ch\\\/?product=triple-mushroom-complex-60-caps\",\"name\":\"Triple Mushroom Complex \u2013 Swanson | ecosupplements.ch\",\"isPartOf\":{\"@id\":\"https:\\\/\\\/ecosupplements.ch\\\/#website\"},\"primaryImageOfPage\":{\"@id\":\"https:\\\/\\\/ecosupplements.ch\\\/?product=triple-mushroom-complex-60-caps#primaryimage\"},\"image\":{\"@id\":\"https:\\\/\\\/ecosupplements.ch\\\/?product=triple-mushroom-complex-60-caps#primaryimage\"},\"thumbnailUrl\":\"https:\\\/\\\/ecosupplements.ch\\\/wp-content\\\/uploads\\\/2026\\\/05\\\/Triple-Mushroom-Complex-60-caps.jpg\",\"datePublished\":\"2026-05-11T14:25:20+00:00\",\"dateModified\":\"2026-05-13T07:24:12+00:00\",\"description\":\"Swanson Triple Mushroom Complex mit Maitake, Reishi und Shiitake \u2013 200 mg je Pilz pro Kapsel, 60 Kapseln, glutenfrei. Jetzt bestellen.\",\"breadcrumb\":{\"@id\":\"https:\\\/\\\/ecosupplements.ch\\\/?product=triple-mushroom-complex-60-caps#breadcrumb\"},\"inLanguage\":\"de-CH\",\"potentialAction\":[{\"@type\":\"ReadAction\",\"target\":[\"https:\\\/\\\/ecosupplements.ch\\\/?product=triple-mushroom-complex-60-caps\"]}]},{\"@type\":\"ImageObject\",\"inLanguage\":\"de-CH\",\"@id\":\"https:\\\/\\\/ecosupplements.ch\\\/?product=triple-mushroom-complex-60-caps#primaryimage\",\"url\":\"https:\\\/\\\/ecosupplements.ch\\\/wp-content\\\/uploads\\\/2026\\\/05\\\/Triple-Mushroom-Complex-60-caps.jpg\",\"contentUrl\":\"https:\\\/\\\/ecosupplements.ch\\\/wp-content\\\/uploads\\\/2026\\\/05\\\/Triple-Mushroom-Complex-60-caps.jpg\",\"width\":650,\"height\":650,\"caption\":\"Triple Mushroom Complex - 60 caps\"},{\"@type\":\"BreadcrumbList\",\"@id\":\"https:\\\/\\\/ecosupplements.ch\\\/?product=triple-mushroom-complex-60-caps#breadcrumb\",\"itemListElement\":[{\"@type\":\"ListItem\",\"position\":1,\"name\":\"Home\",\"item\":\"https:\\\/\\\/ecosupplements.ch\\\/\"},{\"@type\":\"ListItem\",\"position\":2,\"name\":\"Shop\",\"item\":\"https:\\\/\\\/ecosupplements.ch\\\/?page_id=14\"},{\"@type\":\"ListItem\",\"position\":3,\"name\":\"Triple Mushroom Complex &#8211; 60 caps\"}]},{\"@type\":\"WebSite\",\"@id\":\"https:\\\/\\\/ecosupplements.ch\\\/#website\",\"url\":\"https:\\\/\\\/ecosupplements.ch\\\/\",\"name\":\"Eco Supplements\",\"description\":\"\",\"potentialAction\":[{\"@type\":\"SearchAction\",\"target\":{\"@type\":\"EntryPoint\",\"urlTemplate\":\"https:\\\/\\\/ecosupplements.ch\\\/?s={search_term_string}\"},\"query-input\":{\"@type\":\"PropertyValueSpecification\",\"valueRequired\":true,\"valueName\":\"search_term_string\"}}],\"inLanguage\":\"de-CH\"}]}<\/script>\n<meta property=\"product:price:amount\" content=\"10.29\" \/>\n<meta property=\"product:price:currency\" content=\"CHF\" \/>\n<meta property=\"og:availability\" content=\"out of stock\" \/>\n<meta property=\"product:availability\" content=\"out of stock\" \/>\n<meta property=\"product:retailer_item_id\" content=\"087614113869\" \/>\n<meta property=\"product:condition\" content=\"new\" \/>\n<!-- \/ Yoast SEO plugin. -->","yoast_head_json":{"title":"Triple Mushroom Complex \u2013 Swanson | ecosupplements.ch","description":"Swanson Triple Mushroom Complex mit Maitake, Reishi und Shiitake \u2013 200 mg je Pilz pro Kapsel, 60 Kapseln, glutenfrei. Jetzt bestellen.","robots":{"index":"index","follow":"follow","max-snippet":"max-snippet:-1","max-image-preview":"max-image-preview:large","max-video-preview":"max-video-preview:-1"},"canonical":"https:\/\/ecosupplements.ch\/?product=triple-mushroom-complex-60-caps","og_locale":"de_DE","og_type":"article","og_title":"Triple Mushroom Complex \u2013 Swanson | ecosupplements.ch","og_description":"Swanson Triple Mushroom Complex mit Maitake, Reishi und Shiitake \u2013 200 mg je Pilz pro Kapsel, 60 Kapseln, glutenfrei. Jetzt bestellen.","og_url":"https:\/\/ecosupplements.ch\/?product=triple-mushroom-complex-60-caps","og_site_name":"Eco Supplements","article_modified_time":"2026-05-13T07:24:12+00:00","og_image":[{"width":650,"height":650,"url":"https:\/\/ecosupplements.ch\/wp-content\/uploads\/2026\/05\/Triple-Mushroom-Complex-60-caps.jpg","type":"image\/jpeg"}],"twitter_card":"summary_large_image","twitter_misc":{"Price":"&#67;&#72;&#70;&nbsp;10.29","Availability":"Out of stock"},"schema":{"@context":"https:\/\/schema.org","@graph":[{"@type":"WebPage","@id":"https:\/\/ecosupplements.ch\/?product=triple-mushroom-complex-60-caps","url":"https:\/\/ecosupplements.ch\/?product=triple-mushroom-complex-60-caps","name":"Triple Mushroom Complex \u2013 Swanson | ecosupplements.ch","isPartOf":{"@id":"https:\/\/ecosupplements.ch\/#website"},"primaryImageOfPage":{"@id":"https:\/\/ecosupplements.ch\/?product=triple-mushroom-complex-60-caps#primaryimage"},"image":{"@id":"https:\/\/ecosupplements.ch\/?product=triple-mushroom-complex-60-caps#primaryimage"},"thumbnailUrl":"https:\/\/ecosupplements.ch\/wp-content\/uploads\/2026\/05\/Triple-Mushroom-Complex-60-caps.jpg","datePublished":"2026-05-11T14:25:20+00:00","dateModified":"2026-05-13T07:24:12+00:00","description":"Swanson Triple Mushroom Complex mit Maitake, Reishi und Shiitake \u2013 200 mg je Pilz pro Kapsel, 60 Kapseln, glutenfrei. Jetzt bestellen.","breadcrumb":{"@id":"https:\/\/ecosupplements.ch\/?product=triple-mushroom-complex-60-caps#breadcrumb"},"inLanguage":"de-CH","potentialAction":[{"@type":"ReadAction","target":["https:\/\/ecosupplements.ch\/?product=triple-mushroom-complex-60-caps"]}]},{"@type":"ImageObject","inLanguage":"de-CH","@id":"https:\/\/ecosupplements.ch\/?product=triple-mushroom-complex-60-caps#primaryimage","url":"https:\/\/ecosupplements.ch\/wp-content\/uploads\/2026\/05\/Triple-Mushroom-Complex-60-caps.jpg","contentUrl":"https:\/\/ecosupplements.ch\/wp-content\/uploads\/2026\/05\/Triple-Mushroom-Complex-60-caps.jpg","width":650,"height":650,"caption":"Triple Mushroom Complex - 60 caps"},{"@type":"BreadcrumbList","@id":"https:\/\/ecosupplements.ch\/?product=triple-mushroom-complex-60-caps#breadcrumb","itemListElement":[{"@type":"ListItem","position":1,"name":"Home","item":"https:\/\/ecosupplements.ch\/"},{"@type":"ListItem","position":2,"name":"Shop","item":"https:\/\/ecosupplements.ch\/?page_id=14"},{"@type":"ListItem","position":3,"name":"Triple Mushroom Complex &#8211; 60 caps"}]},{"@type":"WebSite","@id":"https:\/\/ecosupplements.ch\/#website","url":"https:\/\/ecosupplements.ch\/","name":"Eco Supplements","description":"","potentialAction":[{"@type":"SearchAction","target":{"@type":"EntryPoint","urlTemplate":"https:\/\/ecosupplements.ch\/?s={search_term_string}"},"query-input":{"@type":"PropertyValueSpecification","valueRequired":true,"valueName":"search_term_string"}}],"inLanguage":"de-CH"}]},"product_price_amount":"10.29","product_price_currency":"CHF","og_availability":"out of stock","product_availability":"out of stock","product_retailer_item_id":"087614113869","product_condition":"new"},"_links":{"self":[{"href":"https:\/\/ecosupplements.ch\/index.php?rest_route=\/wp\/v2\/product\/829","targetHints":{"allow":["GET"]}}],"collection":[{"href":"https:\/\/ecosupplements.ch\/index.php?rest_route=\/wp\/v2\/product"}],"about":[{"href":"https:\/\/ecosupplements.ch\/index.php?rest_route=\/wp\/v2\/types\/product"}],"replies":[{"embeddable":true,"href":"https:\/\/ecosupplements.ch\/index.php?rest_route=%2Fwp%2Fv2%2Fcomments&post=829"}],"wp:featuredmedia":[{"embeddable":true,"href":"https:\/\/ecosupplements.ch\/index.php?rest_route=\/wp\/v2\/media\/830"}],"wp:attachment":[{"href":"https:\/\/ecosupplements.ch\/index.php?rest_route=%2Fwp%2Fv2%2Fmedia&parent=829"}],"wp:term":[{"taxonomy":"product_brand","embeddable":true,"href":"https:\/\/ecosupplements.ch\/index.php?rest_route=%2Fwp%2Fv2%2Fproduct_brand&post=829"},{"taxonomy":"product_cat","embeddable":true,"href":"https:\/\/ecosupplements.ch\/index.php?rest_route=%2Fwp%2Fv2%2Fproduct_cat&post=829"},{"taxonomy":"product_tag","embeddable":true,"href":"https:\/\/ecosupplements.ch\/index.php?rest_route=%2Fwp%2Fv2%2Fproduct_tag&post=829"}],"curies":[{"name":"wp","href":"https:\/\/api.w.org\/{rel}","templated":true}]}}