{"id":833,"date":"2026-05-11T14:25:21","date_gmt":"2026-05-11T14:25:21","guid":{"rendered":"https:\/\/ecosupplements.ch\/?product=turmeric-ashwagandha-ginseng-complex-60-caps"},"modified":"2026-05-13T07:24:13","modified_gmt":"2026-05-13T07:24:13","slug":"turmeric-ashwagandha-ginseng-complex-60-caps","status":"publish","type":"product","link":"https:\/\/ecosupplements.ch\/?product=turmeric-ashwagandha-ginseng-complex-60-caps","title":{"rendered":"Turmeric, Ashwagandha &amp; Ginseng Complex &#8211; 60 caps"},"content":{"rendered":"<div class=\"chcg-product-description\">\n<h2 class=\"chcg-heading\">\u00dcber Swanson \u2013 Turmeric, Ashwagandha &amp; Ginseng Complex \u2013 60 Kapseln<\/h2>\n<div class=\"chcg-intro\">\n<p>Der Swanson Turmeric, Ashwagandha &amp; Ginseng Complex vereint drei bew\u00e4hrte Pflanzenwirkstoffe in einer praktischen Kapsel. Kurkuma (Curcuma longa), Ashwagandha (Withania somnifera) und Amerikanischer Ginseng (Panax quinquefolius) werden seit Jahrhunderten in traditionellen Heilsystemen gesch\u00e4tzt und sind heute Gegenstand zahlreicher wissenschaftlicher Untersuchungen.<\/p>\n<p>Jede Kapsel liefert 200 mg jedes der drei Extrakte \u2013 zusammen 600 mg Pflanzenkomplex pro Portion. Die Kombination dieser drei Botanicals macht dieses Pr\u00e4parat zu einer unkomplizierten Erg\u00e4nzung f\u00fcr Menschen, die mehrere Pflanzenwirkstoffe in einem einzigen Produkt zusammenf\u00fchren m\u00f6chten.<\/p>\n<p>Das Produkt von Swanson steht f\u00fcr gewohnte Qualit\u00e4t zu einem fairen Preis. Mit 60 Kapseln pro Packung reicht eine Packung bei einmaliger t\u00e4glicher Einnahme f\u00fcr zwei Monate.<\/p>\n<\/p><\/div>\n<div class=\"chcg-nutrition\">\n<h3>N\u00e4hrwertangaben<\/h3>\n<table class=\"chcg-nutrition-table\">\n<thead>\n<tr>\n<th>N\u00e4hrstoff<\/th>\n<th>Pro Portion (1 Kapsel)<\/th>\n<\/tr>\n<\/thead>\n<tbody>\n<tr>\n<td>Ashwagandha (Withania somnifera) (Wurzel)<\/td>\n<td>200 mg *<\/td>\n<\/tr>\n<tr>\n<td>Amerikanischer Ginseng (Panax quinquefolius) (Wurzel)<\/td>\n<td>200 mg *<\/td>\n<\/tr>\n<tr>\n<td>Kurkuma (Curcuma longa) (Rhizom)<\/td>\n<td>200 mg *<\/td>\n<\/tr>\n<\/tbody>\n<\/table>\n<p class=\"chcg-footnote\">* Kein festgelegter Tagesreferenzwert.<\/p>\n<\/p><\/div>\n<div class=\"chcg-ingredients\">\n<h3>Zutaten<\/h3>\n<p>Ashwagandha (Withania somnifera) (Wurzel) 200 mg, Amerikanischer Ginseng (Panax quinquefolius) (Wurzel) 200 mg, Kurkuma (Curcuma longa) (Rhizom) 200 mg. Weitere Zutaten: Gelatine, Maltodextrin, Reismehl, Siliziumdioxid.<\/p>\n<p class=\"chcg-capsule-shell\">Kapselh\u00fclle: Gelatine<\/p>\n<\/p><\/div>\n<div class=\"chcg-dosage\">\n<h3>Verzehrempfehlung<\/h3>\n<p>Als Nahrungserg\u00e4nzungsmittel eine Kapsel ein- bis zweimal t\u00e4glich zusammen mit einer Mahlzeit und Wasser einnehmen.<\/p>\n<\/p><\/div>\n<div class=\"chcg-warnings\">\n<h3>Warnhinweise<\/h3>\n<p>Nur f\u00fcr Erwachsene. Dieses Produkt nicht einnehmen, wenn Sie schwanger sind oder stillen. Konsultieren Sie Ihre \u00c4rztin oder Ihren Arzt, bevor Sie dieses oder ein anderes Produkt einnehmen, wenn Sie Medikamente nehmen oder an einer Erkrankung leiden. Ausserhalb der Reichweite von Kindern aufbewahren. Nicht verwenden, wenn die Schutzversiegelung besch\u00e4digt ist.<\/p>\n<\/p><\/div>\n<div class=\"chcg-allergens\">\n<h3>Allergeninformationen<\/h3>\n<p>Keine Allergene auf dem Etikett deklariert.<\/p>\n<\/p><\/div>\n<div class=\"chcg-storage\">\n<h3>Lagerung<\/h3>\n<p>An einem k\u00fchlen, trockenen Ort lagern.<\/p>\n<\/p><\/div>\n<div class=\"chcg-dietary\">\n<h3>Ern\u00e4hrungshinweise<\/h3>\n<ul>\n<li>Nicht vegan (Kapselh\u00fclle aus Gelatine)<\/li>\n<li>Nicht vegetarisch (Kapselh\u00fclle aus Gelatine)<\/li>\n<\/ul><\/div>\n<\/div>\n","protected":false},"excerpt":{"rendered":"<p>Swanson Turmeric, Ashwagandha &amp; Ginseng Complex liefert drei bew\u00e4hrte Pflanzenwirkstoffe \u00e0 200 mg in einer Kapsel. 60 Kapseln pro Packung \u2013 praktisch f\u00fcr den Alltag.<\/p>\n","protected":false},"featured_media":834,"comment_status":"closed","ping_status":"open","template":"","meta":[],"product_brand":[16],"product_cat":[48,25,165,21],"product_tag":[],"class_list":{"0":"post-833","1":"product","2":"type-product","3":"status-publish","4":"has-post-thumbnail","6":"product_brand-swanson","7":"product_cat-gesunde-ernaehrung","8":"product_cat-gesundheit-und-wohlbefinden","9":"product_cat-humorforbedring","10":"product_cat-vitamine-und-mineralstoffe","12":"first","13":"outofstock","14":"taxable","15":"shipping-taxable","16":"purchasable","17":"product-type-simple"},"yoast_head":"<!-- This site is optimized with the Yoast SEO plugin v27.5 - https:\/\/yoast.com\/product\/yoast-seo-wordpress\/ -->\n<title>Turmeric, Ashwagandha &amp; Ginseng Complex \u2013 Swanson | ecosupplements.ch<\/title>\n<meta name=\"description\" content=\"Drei Pflanzenwirkstoffe in einer Kapsel: Kurkuma, Ashwagandha &amp; Ginseng \u00e0 200 mg, 60 Kapseln von Swanson. Jetzt bestellen.\" \/>\n<meta name=\"robots\" content=\"index, follow, max-snippet:-1, max-image-preview:large, max-video-preview:-1\" \/>\n<link rel=\"canonical\" href=\"https:\/\/ecosupplements.ch\/?product=turmeric-ashwagandha-ginseng-complex-60-caps\" \/>\n<meta property=\"og:locale\" content=\"de_DE\" \/>\n<meta property=\"og:type\" content=\"article\" \/>\n<meta property=\"og:title\" content=\"Turmeric, Ashwagandha &amp; Ginseng Complex \u2013 Swanson | ecosupplements.ch\" \/>\n<meta property=\"og:description\" content=\"Drei Pflanzenwirkstoffe in einer Kapsel: Kurkuma, Ashwagandha &amp; Ginseng \u00e0 200 mg, 60 Kapseln von Swanson. Jetzt bestellen.\" \/>\n<meta property=\"og:url\" content=\"https:\/\/ecosupplements.ch\/?product=turmeric-ashwagandha-ginseng-complex-60-caps\" \/>\n<meta property=\"og:site_name\" content=\"Eco Supplements\" \/>\n<meta property=\"article:modified_time\" content=\"2026-05-13T07:24:13+00:00\" \/>\n<meta property=\"og:image\" content=\"https:\/\/ecosupplements.ch\/wp-content\/uploads\/2026\/05\/Turmeric-Ashwagandha-Ginseng-Complex-60-caps.jpg\" \/>\n\t<meta property=\"og:image:width\" content=\"650\" \/>\n\t<meta property=\"og:image:height\" content=\"650\" \/>\n\t<meta property=\"og:image:type\" content=\"image\/jpeg\" \/>\n<meta name=\"twitter:card\" content=\"summary_large_image\" \/>\n<meta name=\"twitter:label1\" content=\"Price\" \/>\n\t<meta name=\"twitter:data1\" content=\"&#067;&#072;&#070;&nbsp;14.37\" \/>\n\t<meta name=\"twitter:label2\" content=\"Availability\" \/>\n\t<meta name=\"twitter:data2\" content=\"Out of stock\" \/>\n<script type=\"application\/ld+json\" class=\"yoast-schema-graph\">{\"@context\":\"https:\\\/\\\/schema.org\",\"@graph\":[{\"@type\":\"WebPage\",\"@id\":\"https:\\\/\\\/ecosupplements.ch\\\/?product=turmeric-ashwagandha-ginseng-complex-60-caps\",\"url\":\"https:\\\/\\\/ecosupplements.ch\\\/?product=turmeric-ashwagandha-ginseng-complex-60-caps\",\"name\":\"Turmeric, Ashwagandha & Ginseng Complex \u2013 Swanson | ecosupplements.ch\",\"isPartOf\":{\"@id\":\"https:\\\/\\\/ecosupplements.ch\\\/#website\"},\"primaryImageOfPage\":{\"@id\":\"https:\\\/\\\/ecosupplements.ch\\\/?product=turmeric-ashwagandha-ginseng-complex-60-caps#primaryimage\"},\"image\":{\"@id\":\"https:\\\/\\\/ecosupplements.ch\\\/?product=turmeric-ashwagandha-ginseng-complex-60-caps#primaryimage\"},\"thumbnailUrl\":\"https:\\\/\\\/ecosupplements.ch\\\/wp-content\\\/uploads\\\/2026\\\/05\\\/Turmeric-Ashwagandha-Ginseng-Complex-60-caps.jpg\",\"datePublished\":\"2026-05-11T14:25:21+00:00\",\"dateModified\":\"2026-05-13T07:24:13+00:00\",\"description\":\"Drei Pflanzenwirkstoffe in einer Kapsel: Kurkuma, Ashwagandha & Ginseng \u00e0 200 mg, 60 Kapseln von Swanson. Jetzt bestellen.\",\"breadcrumb\":{\"@id\":\"https:\\\/\\\/ecosupplements.ch\\\/?product=turmeric-ashwagandha-ginseng-complex-60-caps#breadcrumb\"},\"inLanguage\":\"de-CH\",\"potentialAction\":[{\"@type\":\"ReadAction\",\"target\":[\"https:\\\/\\\/ecosupplements.ch\\\/?product=turmeric-ashwagandha-ginseng-complex-60-caps\"]}]},{\"@type\":\"ImageObject\",\"inLanguage\":\"de-CH\",\"@id\":\"https:\\\/\\\/ecosupplements.ch\\\/?product=turmeric-ashwagandha-ginseng-complex-60-caps#primaryimage\",\"url\":\"https:\\\/\\\/ecosupplements.ch\\\/wp-content\\\/uploads\\\/2026\\\/05\\\/Turmeric-Ashwagandha-Ginseng-Complex-60-caps.jpg\",\"contentUrl\":\"https:\\\/\\\/ecosupplements.ch\\\/wp-content\\\/uploads\\\/2026\\\/05\\\/Turmeric-Ashwagandha-Ginseng-Complex-60-caps.jpg\",\"width\":650,\"height\":650,\"caption\":\"Turmeric\"},{\"@type\":\"BreadcrumbList\",\"@id\":\"https:\\\/\\\/ecosupplements.ch\\\/?product=turmeric-ashwagandha-ginseng-complex-60-caps#breadcrumb\",\"itemListElement\":[{\"@type\":\"ListItem\",\"position\":1,\"name\":\"Home\",\"item\":\"https:\\\/\\\/ecosupplements.ch\\\/\"},{\"@type\":\"ListItem\",\"position\":2,\"name\":\"Shop\",\"item\":\"https:\\\/\\\/ecosupplements.ch\\\/?page_id=14\"},{\"@type\":\"ListItem\",\"position\":3,\"name\":\"Turmeric, Ashwagandha &amp; Ginseng Complex &#8211; 60 caps\"}]},{\"@type\":\"WebSite\",\"@id\":\"https:\\\/\\\/ecosupplements.ch\\\/#website\",\"url\":\"https:\\\/\\\/ecosupplements.ch\\\/\",\"name\":\"Eco Supplements\",\"description\":\"\",\"potentialAction\":[{\"@type\":\"SearchAction\",\"target\":{\"@type\":\"EntryPoint\",\"urlTemplate\":\"https:\\\/\\\/ecosupplements.ch\\\/?s={search_term_string}\"},\"query-input\":{\"@type\":\"PropertyValueSpecification\",\"valueRequired\":true,\"valueName\":\"search_term_string\"}}],\"inLanguage\":\"de-CH\"}]}<\/script>\n<meta property=\"product:price:amount\" content=\"14.37\" \/>\n<meta property=\"product:price:currency\" content=\"CHF\" \/>\n<meta property=\"og:availability\" content=\"out of stock\" \/>\n<meta property=\"product:availability\" content=\"out of stock\" \/>\n<meta property=\"product:retailer_item_id\" content=\"087614115719\" \/>\n<meta property=\"product:condition\" content=\"new\" \/>\n<!-- \/ Yoast SEO plugin. -->","yoast_head_json":{"title":"Turmeric, Ashwagandha & Ginseng Complex \u2013 Swanson | ecosupplements.ch","description":"Drei Pflanzenwirkstoffe in einer Kapsel: Kurkuma, Ashwagandha & Ginseng \u00e0 200 mg, 60 Kapseln von Swanson. Jetzt bestellen.","robots":{"index":"index","follow":"follow","max-snippet":"max-snippet:-1","max-image-preview":"max-image-preview:large","max-video-preview":"max-video-preview:-1"},"canonical":"https:\/\/ecosupplements.ch\/?product=turmeric-ashwagandha-ginseng-complex-60-caps","og_locale":"de_DE","og_type":"article","og_title":"Turmeric, Ashwagandha & Ginseng Complex \u2013 Swanson | ecosupplements.ch","og_description":"Drei Pflanzenwirkstoffe in einer Kapsel: Kurkuma, Ashwagandha & Ginseng \u00e0 200 mg, 60 Kapseln von Swanson. Jetzt bestellen.","og_url":"https:\/\/ecosupplements.ch\/?product=turmeric-ashwagandha-ginseng-complex-60-caps","og_site_name":"Eco Supplements","article_modified_time":"2026-05-13T07:24:13+00:00","og_image":[{"width":650,"height":650,"url":"https:\/\/ecosupplements.ch\/wp-content\/uploads\/2026\/05\/Turmeric-Ashwagandha-Ginseng-Complex-60-caps.jpg","type":"image\/jpeg"}],"twitter_card":"summary_large_image","twitter_misc":{"Price":"&#67;&#72;&#70;&nbsp;14.37","Availability":"Out of stock"},"schema":{"@context":"https:\/\/schema.org","@graph":[{"@type":"WebPage","@id":"https:\/\/ecosupplements.ch\/?product=turmeric-ashwagandha-ginseng-complex-60-caps","url":"https:\/\/ecosupplements.ch\/?product=turmeric-ashwagandha-ginseng-complex-60-caps","name":"Turmeric, Ashwagandha & Ginseng Complex \u2013 Swanson | ecosupplements.ch","isPartOf":{"@id":"https:\/\/ecosupplements.ch\/#website"},"primaryImageOfPage":{"@id":"https:\/\/ecosupplements.ch\/?product=turmeric-ashwagandha-ginseng-complex-60-caps#primaryimage"},"image":{"@id":"https:\/\/ecosupplements.ch\/?product=turmeric-ashwagandha-ginseng-complex-60-caps#primaryimage"},"thumbnailUrl":"https:\/\/ecosupplements.ch\/wp-content\/uploads\/2026\/05\/Turmeric-Ashwagandha-Ginseng-Complex-60-caps.jpg","datePublished":"2026-05-11T14:25:21+00:00","dateModified":"2026-05-13T07:24:13+00:00","description":"Drei Pflanzenwirkstoffe in einer Kapsel: Kurkuma, Ashwagandha & Ginseng \u00e0 200 mg, 60 Kapseln von Swanson. Jetzt bestellen.","breadcrumb":{"@id":"https:\/\/ecosupplements.ch\/?product=turmeric-ashwagandha-ginseng-complex-60-caps#breadcrumb"},"inLanguage":"de-CH","potentialAction":[{"@type":"ReadAction","target":["https:\/\/ecosupplements.ch\/?product=turmeric-ashwagandha-ginseng-complex-60-caps"]}]},{"@type":"ImageObject","inLanguage":"de-CH","@id":"https:\/\/ecosupplements.ch\/?product=turmeric-ashwagandha-ginseng-complex-60-caps#primaryimage","url":"https:\/\/ecosupplements.ch\/wp-content\/uploads\/2026\/05\/Turmeric-Ashwagandha-Ginseng-Complex-60-caps.jpg","contentUrl":"https:\/\/ecosupplements.ch\/wp-content\/uploads\/2026\/05\/Turmeric-Ashwagandha-Ginseng-Complex-60-caps.jpg","width":650,"height":650,"caption":"Turmeric"},{"@type":"BreadcrumbList","@id":"https:\/\/ecosupplements.ch\/?product=turmeric-ashwagandha-ginseng-complex-60-caps#breadcrumb","itemListElement":[{"@type":"ListItem","position":1,"name":"Home","item":"https:\/\/ecosupplements.ch\/"},{"@type":"ListItem","position":2,"name":"Shop","item":"https:\/\/ecosupplements.ch\/?page_id=14"},{"@type":"ListItem","position":3,"name":"Turmeric, Ashwagandha &amp; Ginseng Complex &#8211; 60 caps"}]},{"@type":"WebSite","@id":"https:\/\/ecosupplements.ch\/#website","url":"https:\/\/ecosupplements.ch\/","name":"Eco Supplements","description":"","potentialAction":[{"@type":"SearchAction","target":{"@type":"EntryPoint","urlTemplate":"https:\/\/ecosupplements.ch\/?s={search_term_string}"},"query-input":{"@type":"PropertyValueSpecification","valueRequired":true,"valueName":"search_term_string"}}],"inLanguage":"de-CH"}]},"product_price_amount":"14.37","product_price_currency":"CHF","og_availability":"out of stock","product_availability":"out of stock","product_retailer_item_id":"087614115719","product_condition":"new"},"_links":{"self":[{"href":"https:\/\/ecosupplements.ch\/index.php?rest_route=\/wp\/v2\/product\/833","targetHints":{"allow":["GET"]}}],"collection":[{"href":"https:\/\/ecosupplements.ch\/index.php?rest_route=\/wp\/v2\/product"}],"about":[{"href":"https:\/\/ecosupplements.ch\/index.php?rest_route=\/wp\/v2\/types\/product"}],"replies":[{"embeddable":true,"href":"https:\/\/ecosupplements.ch\/index.php?rest_route=%2Fwp%2Fv2%2Fcomments&post=833"}],"wp:featuredmedia":[{"embeddable":true,"href":"https:\/\/ecosupplements.ch\/index.php?rest_route=\/wp\/v2\/media\/834"}],"wp:attachment":[{"href":"https:\/\/ecosupplements.ch\/index.php?rest_route=%2Fwp%2Fv2%2Fmedia&parent=833"}],"wp:term":[{"taxonomy":"product_brand","embeddable":true,"href":"https:\/\/ecosupplements.ch\/index.php?rest_route=%2Fwp%2Fv2%2Fproduct_brand&post=833"},{"taxonomy":"product_cat","embeddable":true,"href":"https:\/\/ecosupplements.ch\/index.php?rest_route=%2Fwp%2Fv2%2Fproduct_cat&post=833"},{"taxonomy":"product_tag","embeddable":true,"href":"https:\/\/ecosupplements.ch\/index.php?rest_route=%2Fwp%2Fv2%2Fproduct_tag&post=833"}],"curies":[{"name":"wp","href":"https:\/\/api.w.org\/{rel}","templated":true}]}}