{"id":863,"date":"2026-05-11T14:25:33","date_gmt":"2026-05-11T14:25:33","guid":{"rendered":"https:\/\/ecosupplements.ch\/?product=green-tea-extract-500mg-60-caps"},"modified":"2026-05-13T07:23:57","modified_gmt":"2026-05-13T07:23:57","slug":"green-tea-extract-500mg-60-caps","status":"publish","type":"product","link":"https:\/\/ecosupplements.ch\/?product=green-tea-extract-500mg-60-caps","title":{"rendered":"Green Tea Extract, 500mg &#8211; 60 caps"},"content":{"rendered":"<div class=\"chcg-product-description\">\n<h2 class=\"chcg-heading\">\u00dcber Swanson \u2013 Green Tea Extract, 500mg \u2013 60 Kapseln<\/h2>\n<div class=\"chcg-intro\">\n<p>Der Swanson Green Tea Extract liefert pro Kapsel 500 mg standardisierten Gr\u00fcntee-Extrakt mit einem Gehalt von 60 % Polyphenolen \u2013 wertvolle Pflanzenstoffe, die in der Gr\u00fcntee-Pflanze nat\u00fcrlicherweise vorkommen und zu einer hochwertigen t\u00e4glichen Erg\u00e4nzung beitragen. Erg\u00e4nzt wird die Formel durch zus\u00e4tzliche 50 mg Gr\u00fcntee-Bl\u00e4tter f\u00fcr ein m\u00f6glichst vollst\u00e4ndiges Profil der nativen Inhaltsstoffe.<\/p>\n<p>Gr\u00fcntee-Extrakt ist reich an Polyphenolen, darunter Catechine, die seit Jahrhunderten in der asiatischen Tradition gesch\u00e4tzt werden. Die standardisierte Formulierung von Swanson gew\u00e4hrleistet eine gleichbleibende Qualit\u00e4t und Wirkstoffkonzentration in jeder Kapsel.<\/p>\n<p>Mit 60 Kapseln pro Packung bietet dieses Produkt eine praktische und einfach dosierbare Form zur Erg\u00e4nzung einer ausgewogenen und abwechslungsreichen Ern\u00e4hrung sowie einer gesunden Lebensweise.<\/p>\n<\/p><\/div>\n<div class=\"chcg-nutrition\">\n<h3>N\u00e4hrwertangaben<\/h3>\n<table class=\"chcg-nutrition-table\">\n<thead>\n<tr>\n<th>N\u00e4hrstoff<\/th>\n<th>Pro Portion (1 Kapsel)<\/th>\n<\/tr>\n<\/thead>\n<tbody>\n<tr>\n<td>Green Tea Standardized Extract (60% Polyphenole) (Bl\u00e4tter)<\/td>\n<td>500 mg*<\/td>\n<\/tr>\n<tr>\n<td>Green Tea (Bl\u00e4tter)<\/td>\n<td>50 mg*<\/td>\n<\/tr>\n<\/tbody>\n<\/table>\n<p class=\"chcg-footnote\">* Kein festgelegter Tagesbedarf (NRV) vorhanden.<\/p>\n<\/p><\/div>\n<div class=\"chcg-ingredients\">\n<h3>Zutaten<\/h3>\n<p>Green Tea Standardized Extract (60% Polyphenole) (Bl\u00e4tter) 500 mg, Green Tea (Bl\u00e4tter) 50 mg. Weitere Zutaten: Gelatine, kann eines oder mehrere der folgenden Stoffe enthalten: mikrokristalline Cellulose (Pflanzenfaser), Magnesiumstearat, Siliziumdioxid.<\/p>\n<p class=\"chcg-capsule-shell\">Kapselh\u00fclle: Gelatine<\/p>\n<\/p><\/div>\n<div class=\"chcg-dosage\">\n<h3>Verzehrempfehlung<\/h3>\n<p>Als Nahrungserg\u00e4nzungsmittel eine Kapsel ein- bis zweimal t\u00e4glich mit Wasser einnehmen.<\/p>\n<\/p><\/div>\n<div class=\"chcg-warnings\">\n<h3>Warnhinweise<\/h3>\n<p>Nur f\u00fcr Erwachsene. Dieses Produkt nicht einnehmen, wenn Sie schwanger sind oder stillen. Konsultieren Sie Ihren Arzt, bevor Sie dieses oder ein anderes Produkt verwenden, wenn Sie Medikamente einnehmen oder an einer Erkrankung leiden. Ausserhalb der Reichweite von Kindern aufbewahren. Nicht verwenden, wenn die Schutzversiegelung besch\u00e4digt ist.<\/p>\n<\/p><\/div>\n<div class=\"chcg-allergens\">\n<h3>Allergeninformationen<\/h3>\n<p>Auf der Produktverpackung sind keine Allergene ausdr\u00fccklich deklariert.<\/p>\n<\/p><\/div>\n<div class=\"chcg-storage\">\n<h3>Lagerung<\/h3>\n<p>An einem k\u00fchlen, trockenen Ort aufbewahren.<\/p>\n<\/p><\/div>\n<div class=\"chcg-dietary\">\n<h3>Ern\u00e4hrungshinweise<\/h3>\n<ul>\n<li>Nicht vegan (enth\u00e4lt Gelatine)<\/li>\n<li>Nicht vegetarisch (enth\u00e4lt Gelatine)<\/li>\n<\/ul><\/div>\n<\/div>\n","protected":false},"excerpt":{"rendered":"<p>Swanson Green Tea Extract liefert 500 mg standardisierten Gr\u00fcntee-Extrakt (60 % Polyphenole) pro Kapsel. Die Packung enth\u00e4lt 60 Kapseln f\u00fcr eine bequeme t\u00e4gliche Einnahme.<\/p>\n","protected":false},"featured_media":864,"comment_status":"closed","ping_status":"open","template":"","meta":[],"product_brand":[16],"product_cat":[90,48,25,38,105,44,21],"product_tag":[],"class_list":{"0":"post-863","1":"product","2":"type-product","3":"status-publish","4":"has-post-thumbnail","6":"product_brand-swanson","7":"product_cat-fitness-training","8":"product_cat-gesunde-ernaehrung","9":"product_cat-gesundheit-und-wohlbefinden","10":"product_cat-gewichtskontrolle","11":"product_cat-gruener-tee","12":"product_cat-pflanzliche-nahrungsergaenzungsmittel","13":"product_cat-vitamine-und-mineralstoffe","15":"first","16":"outofstock","17":"taxable","18":"shipping-taxable","19":"purchasable","20":"product-type-simple"},"yoast_head":"<!-- This site is optimized with the Yoast SEO plugin v27.5 - https:\/\/yoast.com\/product\/yoast-seo-wordpress\/ -->\n<title>Green Tea Extract 500mg \u2013 Swanson | ecosupplements.ch<\/title>\n<meta name=\"description\" content=\"Swanson Green Tea Extract mit 500 mg Extrakt (60 % Polyphenole) pro Kapsel \u2013 60 Kapseln f\u00fcr die t\u00e4gliche Erg\u00e4nzung. Jetzt bestellen.\" \/>\n<meta name=\"robots\" content=\"index, follow, max-snippet:-1, max-image-preview:large, max-video-preview:-1\" \/>\n<link rel=\"canonical\" href=\"https:\/\/ecosupplements.ch\/?product=green-tea-extract-500mg-60-caps\" \/>\n<meta property=\"og:locale\" content=\"de_DE\" \/>\n<meta property=\"og:type\" content=\"article\" \/>\n<meta property=\"og:title\" content=\"Green Tea Extract 500mg \u2013 Swanson | ecosupplements.ch\" \/>\n<meta property=\"og:description\" content=\"Swanson Green Tea Extract mit 500 mg Extrakt (60 % Polyphenole) pro Kapsel \u2013 60 Kapseln f\u00fcr die t\u00e4gliche Erg\u00e4nzung. Jetzt bestellen.\" \/>\n<meta property=\"og:url\" content=\"https:\/\/ecosupplements.ch\/?product=green-tea-extract-500mg-60-caps\" \/>\n<meta property=\"og:site_name\" content=\"Eco Supplements\" \/>\n<meta property=\"article:modified_time\" content=\"2026-05-13T07:23:57+00:00\" \/>\n<meta property=\"og:image\" content=\"https:\/\/ecosupplements.ch\/wp-content\/uploads\/2026\/05\/Green-Tea-Extract-500mg-60-caps.jpg\" \/>\n\t<meta property=\"og:image:width\" content=\"650\" \/>\n\t<meta property=\"og:image:height\" content=\"650\" \/>\n\t<meta property=\"og:image:type\" content=\"image\/jpeg\" \/>\n<meta name=\"twitter:card\" content=\"summary_large_image\" \/>\n<meta name=\"twitter:label1\" content=\"Price\" \/>\n\t<meta name=\"twitter:data1\" content=\"&#067;&#072;&#070;&nbsp;7.54\" \/>\n\t<meta name=\"twitter:label2\" content=\"Availability\" \/>\n\t<meta name=\"twitter:data2\" content=\"Out of stock\" \/>\n<script type=\"application\/ld+json\" class=\"yoast-schema-graph\">{\"@context\":\"https:\\\/\\\/schema.org\",\"@graph\":[{\"@type\":\"WebPage\",\"@id\":\"https:\\\/\\\/ecosupplements.ch\\\/?product=green-tea-extract-500mg-60-caps\",\"url\":\"https:\\\/\\\/ecosupplements.ch\\\/?product=green-tea-extract-500mg-60-caps\",\"name\":\"Green Tea Extract 500mg \u2013 Swanson | ecosupplements.ch\",\"isPartOf\":{\"@id\":\"https:\\\/\\\/ecosupplements.ch\\\/#website\"},\"primaryImageOfPage\":{\"@id\":\"https:\\\/\\\/ecosupplements.ch\\\/?product=green-tea-extract-500mg-60-caps#primaryimage\"},\"image\":{\"@id\":\"https:\\\/\\\/ecosupplements.ch\\\/?product=green-tea-extract-500mg-60-caps#primaryimage\"},\"thumbnailUrl\":\"https:\\\/\\\/ecosupplements.ch\\\/wp-content\\\/uploads\\\/2026\\\/05\\\/Green-Tea-Extract-500mg-60-caps.jpg\",\"datePublished\":\"2026-05-11T14:25:33+00:00\",\"dateModified\":\"2026-05-13T07:23:57+00:00\",\"description\":\"Swanson Green Tea Extract mit 500 mg Extrakt (60 % Polyphenole) pro Kapsel \u2013 60 Kapseln f\u00fcr die t\u00e4gliche Erg\u00e4nzung. Jetzt bestellen.\",\"breadcrumb\":{\"@id\":\"https:\\\/\\\/ecosupplements.ch\\\/?product=green-tea-extract-500mg-60-caps#breadcrumb\"},\"inLanguage\":\"de-CH\",\"potentialAction\":[{\"@type\":\"ReadAction\",\"target\":[\"https:\\\/\\\/ecosupplements.ch\\\/?product=green-tea-extract-500mg-60-caps\"]}]},{\"@type\":\"ImageObject\",\"inLanguage\":\"de-CH\",\"@id\":\"https:\\\/\\\/ecosupplements.ch\\\/?product=green-tea-extract-500mg-60-caps#primaryimage\",\"url\":\"https:\\\/\\\/ecosupplements.ch\\\/wp-content\\\/uploads\\\/2026\\\/05\\\/Green-Tea-Extract-500mg-60-caps.jpg\",\"contentUrl\":\"https:\\\/\\\/ecosupplements.ch\\\/wp-content\\\/uploads\\\/2026\\\/05\\\/Green-Tea-Extract-500mg-60-caps.jpg\",\"width\":650,\"height\":650,\"caption\":\"Green Tea Extract\"},{\"@type\":\"BreadcrumbList\",\"@id\":\"https:\\\/\\\/ecosupplements.ch\\\/?product=green-tea-extract-500mg-60-caps#breadcrumb\",\"itemListElement\":[{\"@type\":\"ListItem\",\"position\":1,\"name\":\"Home\",\"item\":\"https:\\\/\\\/ecosupplements.ch\\\/\"},{\"@type\":\"ListItem\",\"position\":2,\"name\":\"Shop\",\"item\":\"https:\\\/\\\/ecosupplements.ch\\\/?page_id=14\"},{\"@type\":\"ListItem\",\"position\":3,\"name\":\"Green Tea Extract, 500mg &#8211; 60 caps\"}]},{\"@type\":\"WebSite\",\"@id\":\"https:\\\/\\\/ecosupplements.ch\\\/#website\",\"url\":\"https:\\\/\\\/ecosupplements.ch\\\/\",\"name\":\"Eco Supplements\",\"description\":\"\",\"potentialAction\":[{\"@type\":\"SearchAction\",\"target\":{\"@type\":\"EntryPoint\",\"urlTemplate\":\"https:\\\/\\\/ecosupplements.ch\\\/?s={search_term_string}\"},\"query-input\":{\"@type\":\"PropertyValueSpecification\",\"valueRequired\":true,\"valueName\":\"search_term_string\"}}],\"inLanguage\":\"de-CH\"}]}<\/script>\n<meta property=\"product:price:amount\" content=\"7.54\" \/>\n<meta property=\"product:price:currency\" content=\"CHF\" \/>\n<meta property=\"og:availability\" content=\"out of stock\" \/>\n<meta property=\"product:availability\" content=\"out of stock\" \/>\n<meta property=\"product:retailer_item_id\" content=\"087614140995\" \/>\n<meta property=\"product:condition\" content=\"new\" \/>\n<!-- \/ Yoast SEO plugin. -->","yoast_head_json":{"title":"Green Tea Extract 500mg \u2013 Swanson | ecosupplements.ch","description":"Swanson Green Tea Extract mit 500 mg Extrakt (60 % Polyphenole) pro Kapsel \u2013 60 Kapseln f\u00fcr die t\u00e4gliche Erg\u00e4nzung. Jetzt bestellen.","robots":{"index":"index","follow":"follow","max-snippet":"max-snippet:-1","max-image-preview":"max-image-preview:large","max-video-preview":"max-video-preview:-1"},"canonical":"https:\/\/ecosupplements.ch\/?product=green-tea-extract-500mg-60-caps","og_locale":"de_DE","og_type":"article","og_title":"Green Tea Extract 500mg \u2013 Swanson | ecosupplements.ch","og_description":"Swanson Green Tea Extract mit 500 mg Extrakt (60 % Polyphenole) pro Kapsel \u2013 60 Kapseln f\u00fcr die t\u00e4gliche Erg\u00e4nzung. Jetzt bestellen.","og_url":"https:\/\/ecosupplements.ch\/?product=green-tea-extract-500mg-60-caps","og_site_name":"Eco Supplements","article_modified_time":"2026-05-13T07:23:57+00:00","og_image":[{"width":650,"height":650,"url":"https:\/\/ecosupplements.ch\/wp-content\/uploads\/2026\/05\/Green-Tea-Extract-500mg-60-caps.jpg","type":"image\/jpeg"}],"twitter_card":"summary_large_image","twitter_misc":{"Price":"&#67;&#72;&#70;&nbsp;7.54","Availability":"Out of stock"},"schema":{"@context":"https:\/\/schema.org","@graph":[{"@type":"WebPage","@id":"https:\/\/ecosupplements.ch\/?product=green-tea-extract-500mg-60-caps","url":"https:\/\/ecosupplements.ch\/?product=green-tea-extract-500mg-60-caps","name":"Green Tea Extract 500mg \u2013 Swanson | ecosupplements.ch","isPartOf":{"@id":"https:\/\/ecosupplements.ch\/#website"},"primaryImageOfPage":{"@id":"https:\/\/ecosupplements.ch\/?product=green-tea-extract-500mg-60-caps#primaryimage"},"image":{"@id":"https:\/\/ecosupplements.ch\/?product=green-tea-extract-500mg-60-caps#primaryimage"},"thumbnailUrl":"https:\/\/ecosupplements.ch\/wp-content\/uploads\/2026\/05\/Green-Tea-Extract-500mg-60-caps.jpg","datePublished":"2026-05-11T14:25:33+00:00","dateModified":"2026-05-13T07:23:57+00:00","description":"Swanson Green Tea Extract mit 500 mg Extrakt (60 % Polyphenole) pro Kapsel \u2013 60 Kapseln f\u00fcr die t\u00e4gliche Erg\u00e4nzung. Jetzt bestellen.","breadcrumb":{"@id":"https:\/\/ecosupplements.ch\/?product=green-tea-extract-500mg-60-caps#breadcrumb"},"inLanguage":"de-CH","potentialAction":[{"@type":"ReadAction","target":["https:\/\/ecosupplements.ch\/?product=green-tea-extract-500mg-60-caps"]}]},{"@type":"ImageObject","inLanguage":"de-CH","@id":"https:\/\/ecosupplements.ch\/?product=green-tea-extract-500mg-60-caps#primaryimage","url":"https:\/\/ecosupplements.ch\/wp-content\/uploads\/2026\/05\/Green-Tea-Extract-500mg-60-caps.jpg","contentUrl":"https:\/\/ecosupplements.ch\/wp-content\/uploads\/2026\/05\/Green-Tea-Extract-500mg-60-caps.jpg","width":650,"height":650,"caption":"Green Tea Extract"},{"@type":"BreadcrumbList","@id":"https:\/\/ecosupplements.ch\/?product=green-tea-extract-500mg-60-caps#breadcrumb","itemListElement":[{"@type":"ListItem","position":1,"name":"Home","item":"https:\/\/ecosupplements.ch\/"},{"@type":"ListItem","position":2,"name":"Shop","item":"https:\/\/ecosupplements.ch\/?page_id=14"},{"@type":"ListItem","position":3,"name":"Green Tea Extract, 500mg &#8211; 60 caps"}]},{"@type":"WebSite","@id":"https:\/\/ecosupplements.ch\/#website","url":"https:\/\/ecosupplements.ch\/","name":"Eco Supplements","description":"","potentialAction":[{"@type":"SearchAction","target":{"@type":"EntryPoint","urlTemplate":"https:\/\/ecosupplements.ch\/?s={search_term_string}"},"query-input":{"@type":"PropertyValueSpecification","valueRequired":true,"valueName":"search_term_string"}}],"inLanguage":"de-CH"}]},"product_price_amount":"7.54","product_price_currency":"CHF","og_availability":"out of stock","product_availability":"out of stock","product_retailer_item_id":"087614140995","product_condition":"new"},"_links":{"self":[{"href":"https:\/\/ecosupplements.ch\/index.php?rest_route=\/wp\/v2\/product\/863","targetHints":{"allow":["GET"]}}],"collection":[{"href":"https:\/\/ecosupplements.ch\/index.php?rest_route=\/wp\/v2\/product"}],"about":[{"href":"https:\/\/ecosupplements.ch\/index.php?rest_route=\/wp\/v2\/types\/product"}],"replies":[{"embeddable":true,"href":"https:\/\/ecosupplements.ch\/index.php?rest_route=%2Fwp%2Fv2%2Fcomments&post=863"}],"wp:featuredmedia":[{"embeddable":true,"href":"https:\/\/ecosupplements.ch\/index.php?rest_route=\/wp\/v2\/media\/864"}],"wp:attachment":[{"href":"https:\/\/ecosupplements.ch\/index.php?rest_route=%2Fwp%2Fv2%2Fmedia&parent=863"}],"wp:term":[{"taxonomy":"product_brand","embeddable":true,"href":"https:\/\/ecosupplements.ch\/index.php?rest_route=%2Fwp%2Fv2%2Fproduct_brand&post=863"},{"taxonomy":"product_cat","embeddable":true,"href":"https:\/\/ecosupplements.ch\/index.php?rest_route=%2Fwp%2Fv2%2Fproduct_cat&post=863"},{"taxonomy":"product_tag","embeddable":true,"href":"https:\/\/ecosupplements.ch\/index.php?rest_route=%2Fwp%2Fv2%2Fproduct_tag&post=863"}],"curies":[{"name":"wp","href":"https:\/\/api.w.org\/{rel}","templated":true}]}}