{"id":881,"date":"2026-05-11T14:25:40","date_gmt":"2026-05-11T14:25:40","guid":{"rendered":"https:\/\/ecosupplements.ch\/?product=kelp-iodine-source-250-tablets"},"modified":"2026-05-13T07:23:58","modified_gmt":"2026-05-13T07:23:58","slug":"kelp-iodine-source-250-tablets","status":"publish","type":"product","link":"https:\/\/ecosupplements.ch\/?product=kelp-iodine-source-250-tablets","title":{"rendered":"Kelp Iodine Source &#8211; 250 tablets"},"content":{"rendered":"<div class=\"chcg-product-description\">\n<h2 class=\"chcg-heading\">\u00dcber Swanson \u2013 Kelp Iodine Source \u2013 250 Tabletten<\/h2>\n<div class=\"chcg-intro\">\n<p>Jod ist ein essenzieller Mikron\u00e4hrstoff, der eine wichtige Rolle f\u00fcr die normale Funktion der Schilddr\u00fcse sowie f\u00fcr einen normalen Energiestoffwechsel spielt. Swanson Kelp Iodine Source liefert 225 \u00b5g Jod pro Tablette \u2013 das entspricht 150 % des N\u00e4hrstoffreferenzwertes \u2013 gewonnen aus atlantischem Kelp (<em>Ascophyllum nodosum<\/em>), einer nat\u00fcrlichen Meeresalge.<\/p>\n<p>Der verwendete Kelp-Extrakt ist auf einen Jodgehalt von 0,4 % standardisiert, was eine gleichbleibend hohe Qualit\u00e4t und eine pr\u00e4zise dosierbare Zufuhr sicherstellt. Jod tr\u00e4gt zur normalen Schilddr\u00fcsenfunktion und zur normalen Produktion von Schilddr\u00fcsenhormonen bei. Ausserdem unterst\u00fctzt es die normale kognitive Funktion sowie den normalen Energiestoffwechsel.<\/p>\n<p>Mit 250 Tabletten pro Packung bietet Swanson Kelp Iodine Source eine ergiebige Versorgung f\u00fcr \u00fcber acht Monate bei t\u00e4glicher Einnahme. Die kompakten Tabletten lassen sich einfach in den Alltag integrieren.<\/p>\n<\/p><\/div>\n<div class=\"chcg-nutrition\">\n<h3>N\u00e4hrwertangaben<\/h3>\n<table class=\"chcg-nutrition-table\">\n<thead>\n<tr>\n<th>N\u00e4hrstoff<\/th>\n<th>Pro Portion (1 Tablette)<\/th>\n<\/tr>\n<\/thead>\n<tbody>\n<tr>\n<td>Jod (aus Kelp)<\/td>\n<td>225 \u00b5g (150 % NRV)<\/td>\n<\/tr>\n<tr>\n<td>Atlantischer Kelp (<em>Ascophyllum nodosum<\/em>) (standardisiert auf 0,4 % Jod)<\/td>\n<td>56 mg (*)<\/td>\n<\/tr>\n<\/tbody>\n<\/table>\n<p class=\"chcg-footnote\">* Kein festgelegter N\u00e4hrstoffreferenzwert (NRV).<\/p>\n<\/p><\/div>\n<div class=\"chcg-ingredients\">\n<h3>Zutaten<\/h3>\n<p>Jod (aus Kelp) 225 \u00b5g, Atlantischer Kelp (<em>Ascophyllum nodosum<\/em>) (standardisiert auf 0,4 % Jod) 56 mg. Weitere Zutaten: Dicalciumphosphat, Calciumcarbonat, mikrokristalline Cellulose (Pflanzenfaser), Stearins\u00e4ure, Siliziumdioxid, Magnesiumstearat, Akazie, Maltodextrin.<\/p>\n<p><strong>Hinweis:<\/strong> Kann Krustentiere und Schalentiere enthalten (Hummer, Garnelen und Krabben).<\/p>\n<\/p><\/div>\n<div class=\"chcg-dosage\">\n<h3>Verzehrempfehlung<\/h3>\n<p>Als Nahrungserg\u00e4nzungsmittel eine Tablette pro Tag mit Wasser einnehmen. Die empfohlene Tagesdosis nicht \u00fcberschreiten.<\/p>\n<\/p><\/div>\n<div class=\"chcg-warnings\">\n<h3>Warnhinweise<\/h3>\n<p>Nur f\u00fcr Erwachsene. Konsultieren Sie Ihren Arzt, bevor Sie dieses oder ein anderes Produkt verwenden, wenn Sie schwanger sind oder stillen, Medikamente einnehmen oder an einer Erkrankung leiden. Ausserhalb der Reichweite von Kindern aufbewahren.<\/p>\n<\/p><\/div>\n<div class=\"chcg-allergens\">\n<h3>Allergeninformationen<\/h3>\n<p>Kann Krustentiere und Schalentiere enthalten (Hummer, Garnelen und Krabben).<\/p>\n<\/p><\/div>\n<\/div>\n","protected":false},"excerpt":{"rendered":"<p>Swanson Kelp Iodine Source liefert 225 \u00b5g Jod pro Tablette aus nat\u00fcrlichem atlantischem Kelp und unterst\u00fctzt damit die normale Schilddr\u00fcsenfunktion. Praktische Packung mit 250 Tabletten f\u00fcr eine langfristige t\u00e4gliche Versorgung.<\/p>\n","protected":false},"featured_media":882,"comment_status":"closed","ping_status":"open","template":"","meta":[],"product_brand":[16],"product_cat":[23,48,25,109,21],"product_tag":[],"class_list":{"0":"post-881","1":"product","2":"type-product","3":"status-publish","4":"has-post-thumbnail","6":"product_brand-swanson","7":"product_cat-einige-mineralien","8":"product_cat-gesunde-ernaehrung","9":"product_cat-gesundheit-und-wohlbefinden","10":"product_cat-jod","11":"product_cat-vitamine-und-mineralstoffe","13":"first","14":"outofstock","15":"taxable","16":"shipping-taxable","17":"purchasable","18":"product-type-simple"},"yoast_head":"<!-- This site is optimized with the Yoast SEO plugin v27.5 - https:\/\/yoast.com\/product\/yoast-seo-wordpress\/ -->\n<title>Kelp Iodine Source 250 Tabletten \u2013 Swanson | ecosupplements.ch<\/title>\n<meta name=\"description\" content=\"Swanson Kelp Iodine Source liefert 225 \u00b5g Jod aus Kelp pro Tablette \u2013 f\u00fcr die normale Schilddr\u00fcsenfunktion. 250 Tabletten pro Packung. Jetzt bestellen.\" \/>\n<meta name=\"robots\" content=\"index, follow, max-snippet:-1, max-image-preview:large, max-video-preview:-1\" \/>\n<link rel=\"canonical\" href=\"https:\/\/ecosupplements.ch\/?product=kelp-iodine-source-250-tablets\" \/>\n<meta property=\"og:locale\" content=\"de_DE\" \/>\n<meta property=\"og:type\" content=\"article\" \/>\n<meta property=\"og:title\" content=\"Kelp Iodine Source 250 Tabletten \u2013 Swanson | ecosupplements.ch\" \/>\n<meta property=\"og:description\" content=\"Swanson Kelp Iodine Source liefert 225 \u00b5g Jod aus Kelp pro Tablette \u2013 f\u00fcr die normale Schilddr\u00fcsenfunktion. 250 Tabletten pro Packung. Jetzt bestellen.\" \/>\n<meta property=\"og:url\" content=\"https:\/\/ecosupplements.ch\/?product=kelp-iodine-source-250-tablets\" \/>\n<meta property=\"og:site_name\" content=\"Eco Supplements\" \/>\n<meta property=\"article:modified_time\" content=\"2026-05-13T07:23:58+00:00\" \/>\n<meta property=\"og:image\" content=\"https:\/\/ecosupplements.ch\/wp-content\/uploads\/2026\/05\/Kelp-Iodine-Source-250-tablets.jpg\" \/>\n\t<meta property=\"og:image:width\" content=\"650\" \/>\n\t<meta property=\"og:image:height\" content=\"650\" \/>\n\t<meta property=\"og:image:type\" content=\"image\/jpeg\" \/>\n<meta name=\"twitter:card\" content=\"summary_large_image\" \/>\n<meta name=\"twitter:label1\" content=\"Price\" \/>\n\t<meta name=\"twitter:data1\" content=\"&#067;&#072;&#070;&nbsp;10.87\" \/>\n\t<meta name=\"twitter:label2\" content=\"Availability\" \/>\n\t<meta name=\"twitter:data2\" content=\"Out of stock\" \/>\n<script type=\"application\/ld+json\" class=\"yoast-schema-graph\">{\"@context\":\"https:\\\/\\\/schema.org\",\"@graph\":[{\"@type\":\"WebPage\",\"@id\":\"https:\\\/\\\/ecosupplements.ch\\\/?product=kelp-iodine-source-250-tablets\",\"url\":\"https:\\\/\\\/ecosupplements.ch\\\/?product=kelp-iodine-source-250-tablets\",\"name\":\"Kelp Iodine Source 250 Tabletten \u2013 Swanson | ecosupplements.ch\",\"isPartOf\":{\"@id\":\"https:\\\/\\\/ecosupplements.ch\\\/#website\"},\"primaryImageOfPage\":{\"@id\":\"https:\\\/\\\/ecosupplements.ch\\\/?product=kelp-iodine-source-250-tablets#primaryimage\"},\"image\":{\"@id\":\"https:\\\/\\\/ecosupplements.ch\\\/?product=kelp-iodine-source-250-tablets#primaryimage\"},\"thumbnailUrl\":\"https:\\\/\\\/ecosupplements.ch\\\/wp-content\\\/uploads\\\/2026\\\/05\\\/Kelp-Iodine-Source-250-tablets.jpg\",\"datePublished\":\"2026-05-11T14:25:40+00:00\",\"dateModified\":\"2026-05-13T07:23:58+00:00\",\"description\":\"Swanson Kelp Iodine Source liefert 225 \u00b5g Jod aus Kelp pro Tablette \u2013 f\u00fcr die normale Schilddr\u00fcsenfunktion. 250 Tabletten pro Packung. Jetzt bestellen.\",\"breadcrumb\":{\"@id\":\"https:\\\/\\\/ecosupplements.ch\\\/?product=kelp-iodine-source-250-tablets#breadcrumb\"},\"inLanguage\":\"de-CH\",\"potentialAction\":[{\"@type\":\"ReadAction\",\"target\":[\"https:\\\/\\\/ecosupplements.ch\\\/?product=kelp-iodine-source-250-tablets\"]}]},{\"@type\":\"ImageObject\",\"inLanguage\":\"de-CH\",\"@id\":\"https:\\\/\\\/ecosupplements.ch\\\/?product=kelp-iodine-source-250-tablets#primaryimage\",\"url\":\"https:\\\/\\\/ecosupplements.ch\\\/wp-content\\\/uploads\\\/2026\\\/05\\\/Kelp-Iodine-Source-250-tablets.jpg\",\"contentUrl\":\"https:\\\/\\\/ecosupplements.ch\\\/wp-content\\\/uploads\\\/2026\\\/05\\\/Kelp-Iodine-Source-250-tablets.jpg\",\"width\":650,\"height\":650,\"caption\":\"Kelp Iodine Source - 250 tablets\"},{\"@type\":\"BreadcrumbList\",\"@id\":\"https:\\\/\\\/ecosupplements.ch\\\/?product=kelp-iodine-source-250-tablets#breadcrumb\",\"itemListElement\":[{\"@type\":\"ListItem\",\"position\":1,\"name\":\"Home\",\"item\":\"https:\\\/\\\/ecosupplements.ch\\\/\"},{\"@type\":\"ListItem\",\"position\":2,\"name\":\"Shop\",\"item\":\"https:\\\/\\\/ecosupplements.ch\\\/?page_id=14\"},{\"@type\":\"ListItem\",\"position\":3,\"name\":\"Kelp Iodine Source &#8211; 250 tablets\"}]},{\"@type\":\"WebSite\",\"@id\":\"https:\\\/\\\/ecosupplements.ch\\\/#website\",\"url\":\"https:\\\/\\\/ecosupplements.ch\\\/\",\"name\":\"Eco Supplements\",\"description\":\"\",\"potentialAction\":[{\"@type\":\"SearchAction\",\"target\":{\"@type\":\"EntryPoint\",\"urlTemplate\":\"https:\\\/\\\/ecosupplements.ch\\\/?s={search_term_string}\"},\"query-input\":{\"@type\":\"PropertyValueSpecification\",\"valueRequired\":true,\"valueName\":\"search_term_string\"}}],\"inLanguage\":\"de-CH\"}]}<\/script>\n<meta property=\"product:price:amount\" content=\"10.87\" \/>\n<meta property=\"product:price:currency\" content=\"CHF\" \/>\n<meta property=\"og:availability\" content=\"out of stock\" \/>\n<meta property=\"product:availability\" content=\"out of stock\" \/>\n<meta property=\"product:retailer_item_id\" content=\"087614117454\" \/>\n<meta property=\"product:condition\" content=\"new\" \/>\n<!-- \/ Yoast SEO plugin. -->","yoast_head_json":{"title":"Kelp Iodine Source 250 Tabletten \u2013 Swanson | ecosupplements.ch","description":"Swanson Kelp Iodine Source liefert 225 \u00b5g Jod aus Kelp pro Tablette \u2013 f\u00fcr die normale Schilddr\u00fcsenfunktion. 250 Tabletten pro Packung. Jetzt bestellen.","robots":{"index":"index","follow":"follow","max-snippet":"max-snippet:-1","max-image-preview":"max-image-preview:large","max-video-preview":"max-video-preview:-1"},"canonical":"https:\/\/ecosupplements.ch\/?product=kelp-iodine-source-250-tablets","og_locale":"de_DE","og_type":"article","og_title":"Kelp Iodine Source 250 Tabletten \u2013 Swanson | ecosupplements.ch","og_description":"Swanson Kelp Iodine Source liefert 225 \u00b5g Jod aus Kelp pro Tablette \u2013 f\u00fcr die normale Schilddr\u00fcsenfunktion. 250 Tabletten pro Packung. Jetzt bestellen.","og_url":"https:\/\/ecosupplements.ch\/?product=kelp-iodine-source-250-tablets","og_site_name":"Eco Supplements","article_modified_time":"2026-05-13T07:23:58+00:00","og_image":[{"width":650,"height":650,"url":"https:\/\/ecosupplements.ch\/wp-content\/uploads\/2026\/05\/Kelp-Iodine-Source-250-tablets.jpg","type":"image\/jpeg"}],"twitter_card":"summary_large_image","twitter_misc":{"Price":"&#67;&#72;&#70;&nbsp;10.87","Availability":"Out of stock"},"schema":{"@context":"https:\/\/schema.org","@graph":[{"@type":"WebPage","@id":"https:\/\/ecosupplements.ch\/?product=kelp-iodine-source-250-tablets","url":"https:\/\/ecosupplements.ch\/?product=kelp-iodine-source-250-tablets","name":"Kelp Iodine Source 250 Tabletten \u2013 Swanson | ecosupplements.ch","isPartOf":{"@id":"https:\/\/ecosupplements.ch\/#website"},"primaryImageOfPage":{"@id":"https:\/\/ecosupplements.ch\/?product=kelp-iodine-source-250-tablets#primaryimage"},"image":{"@id":"https:\/\/ecosupplements.ch\/?product=kelp-iodine-source-250-tablets#primaryimage"},"thumbnailUrl":"https:\/\/ecosupplements.ch\/wp-content\/uploads\/2026\/05\/Kelp-Iodine-Source-250-tablets.jpg","datePublished":"2026-05-11T14:25:40+00:00","dateModified":"2026-05-13T07:23:58+00:00","description":"Swanson Kelp Iodine Source liefert 225 \u00b5g Jod aus Kelp pro Tablette \u2013 f\u00fcr die normale Schilddr\u00fcsenfunktion. 250 Tabletten pro Packung. Jetzt bestellen.","breadcrumb":{"@id":"https:\/\/ecosupplements.ch\/?product=kelp-iodine-source-250-tablets#breadcrumb"},"inLanguage":"de-CH","potentialAction":[{"@type":"ReadAction","target":["https:\/\/ecosupplements.ch\/?product=kelp-iodine-source-250-tablets"]}]},{"@type":"ImageObject","inLanguage":"de-CH","@id":"https:\/\/ecosupplements.ch\/?product=kelp-iodine-source-250-tablets#primaryimage","url":"https:\/\/ecosupplements.ch\/wp-content\/uploads\/2026\/05\/Kelp-Iodine-Source-250-tablets.jpg","contentUrl":"https:\/\/ecosupplements.ch\/wp-content\/uploads\/2026\/05\/Kelp-Iodine-Source-250-tablets.jpg","width":650,"height":650,"caption":"Kelp Iodine Source - 250 tablets"},{"@type":"BreadcrumbList","@id":"https:\/\/ecosupplements.ch\/?product=kelp-iodine-source-250-tablets#breadcrumb","itemListElement":[{"@type":"ListItem","position":1,"name":"Home","item":"https:\/\/ecosupplements.ch\/"},{"@type":"ListItem","position":2,"name":"Shop","item":"https:\/\/ecosupplements.ch\/?page_id=14"},{"@type":"ListItem","position":3,"name":"Kelp Iodine Source &#8211; 250 tablets"}]},{"@type":"WebSite","@id":"https:\/\/ecosupplements.ch\/#website","url":"https:\/\/ecosupplements.ch\/","name":"Eco Supplements","description":"","potentialAction":[{"@type":"SearchAction","target":{"@type":"EntryPoint","urlTemplate":"https:\/\/ecosupplements.ch\/?s={search_term_string}"},"query-input":{"@type":"PropertyValueSpecification","valueRequired":true,"valueName":"search_term_string"}}],"inLanguage":"de-CH"}]},"product_price_amount":"10.87","product_price_currency":"CHF","og_availability":"out of stock","product_availability":"out of stock","product_retailer_item_id":"087614117454","product_condition":"new"},"_links":{"self":[{"href":"https:\/\/ecosupplements.ch\/index.php?rest_route=\/wp\/v2\/product\/881","targetHints":{"allow":["GET"]}}],"collection":[{"href":"https:\/\/ecosupplements.ch\/index.php?rest_route=\/wp\/v2\/product"}],"about":[{"href":"https:\/\/ecosupplements.ch\/index.php?rest_route=\/wp\/v2\/types\/product"}],"replies":[{"embeddable":true,"href":"https:\/\/ecosupplements.ch\/index.php?rest_route=%2Fwp%2Fv2%2Fcomments&post=881"}],"wp:featuredmedia":[{"embeddable":true,"href":"https:\/\/ecosupplements.ch\/index.php?rest_route=\/wp\/v2\/media\/882"}],"wp:attachment":[{"href":"https:\/\/ecosupplements.ch\/index.php?rest_route=%2Fwp%2Fv2%2Fmedia&parent=881"}],"wp:term":[{"taxonomy":"product_brand","embeddable":true,"href":"https:\/\/ecosupplements.ch\/index.php?rest_route=%2Fwp%2Fv2%2Fproduct_brand&post=881"},{"taxonomy":"product_cat","embeddable":true,"href":"https:\/\/ecosupplements.ch\/index.php?rest_route=%2Fwp%2Fv2%2Fproduct_cat&post=881"},{"taxonomy":"product_tag","embeddable":true,"href":"https:\/\/ecosupplements.ch\/index.php?rest_route=%2Fwp%2Fv2%2Fproduct_tag&post=881"}],"curies":[{"name":"wp","href":"https:\/\/api.w.org\/{rel}","templated":true}]}}