{"id":905,"date":"2026-05-11T14:25:49","date_gmt":"2026-05-11T14:25:49","guid":{"rendered":"https:\/\/ecosupplements.ch\/?product=lactobacillus-rhamnosus-with-fos-5-billion-cfu-60-vcaps"},"modified":"2026-05-13T07:23:59","modified_gmt":"2026-05-13T07:23:59","slug":"lactobacillus-rhamnosus-with-fos-5-billion-cfu-60-vcaps","status":"publish","type":"product","link":"https:\/\/ecosupplements.ch\/?product=lactobacillus-rhamnosus-with-fos-5-billion-cfu-60-vcaps","title":{"rendered":"Lactobacillus Rhamnosus with FOS, 5 Billion CFU &#8211; 60 vcaps"},"content":{"rendered":"<div class=\"chcg-product-description\">\n<h2 class=\"chcg-heading\">\u00dcber Swanson \u2013 Lactobacillus Rhamnosus mit FOS, 5 Billion CFU \u2013 60 Vegane Kapseln<\/h2>\n<div class=\"chcg-intro\">\n<p>Swanson Lactobacillus Rhamnosus mit FOS vereint einen der meistuntersuchten Milchs\u00e4urebakterienst\u00e4mme mit NutraFlora scFOS (kurzkettige Fructooligosaccharide) \u2013 einem bew\u00e4hrten Pr\u00e4biotikum, das als N\u00e4hrstoffquelle f\u00fcr n\u00fctzliche Darmbakterien dient. Jede Kapsel liefert 5 Milliarden koloniebildende Einheiten (CFU) Lactobacillus rhamnosus, garantiert bis mindestens zum aufgedruckten Mindesthaltbarkeitsdatum.<\/p>\n<p>Die Kombination aus Probiotikum und Pr\u00e4biotikum in einer einzigen Kapsel unterst\u00fctzt eine ausgewogene Darmflora und kann zur normalen Funktion des Verdauungssystems beitragen. NutraFlora scFOS ist eine qualit\u00e4tsgepr\u00fcfte Zutat, die gezielt als Wachstumsgrundlage f\u00fcr n\u00fctzliche Mikroorganismen im Darm eingesetzt wird.<\/p>\n<p>Die vegetarischen Kapseln sind auf Basis von Hypromellose hergestellt und somit f\u00fcr vegane und vegetarische Ern\u00e4hrungsweisen geeignet. Dank der kompakten Einmalkapsel l\u00e4sst sich die Einnahme bequem in den Alltag integrieren.<\/p>\n<\/p><\/div>\n<div class=\"chcg-nutrition\">\n<h3>N\u00e4hrwertangaben<\/h3>\n<table class=\"chcg-nutrition-table\">\n<thead>\n<tr>\n<th>N\u00e4hrstoff<\/th>\n<th>Pro Portion (1 Kapsel)<\/th>\n<\/tr>\n<\/thead>\n<tbody>\n<tr>\n<td>NutraFlora scFOS (kurzkettige Fructooligosaccharide)<\/td>\n<td>100 mg*<\/td>\n<\/tr>\n<tr>\n<td>Lactobacillus rhamnosus (5 Billion CFU\u2020)<\/td>\n<td>25 mg*<\/td>\n<\/tr>\n<\/tbody>\n<\/table>\n<p class=\"chcg-footnote\">* Kein etablierter t\u00e4glicher Referenzwert vorhanden.<\/p>\n<p class=\"chcg-footnote\">\u2020 Enth\u00e4lt 5 Milliarden CFU (koloniebildende Einheiten) zum Zeitpunkt der Herstellung und liefert bis mindestens zum Mindesthaltbarkeitsdatum eine wirksame Menge an Bakterien.<\/p>\n<\/p><\/div>\n<div class=\"chcg-ingredients\">\n<h3>Zutaten<\/h3>\n<p>NutraFlora scFOS (kurzkettige Fructooligosaccharide) 100 mg, Lactobacillus rhamnosus (5 Billion CFU) 25 mg. Weitere Zutaten: Mikrokristalline Cellulose (Pflanzenfaser), vegetarische Kapsel (Hypromellose, Gellan Gum), Siliziumdioxid, Magnesiumstearat.<\/p>\n<p class=\"chcg-capsule-shell\">Kapselh\u00fclle: Vegetarische Kapsel (Hypromellose, Gellan Gum)<\/p>\n<\/p><\/div>\n<div class=\"chcg-dosage\">\n<h3>Verzehrempfehlung<\/h3>\n<p>Als Nahrungserg\u00e4nzungsmittel eine vegetarische Kapsel zweimal t\u00e4glich zu einer Mahlzeit und mit Wasser einnehmen. K\u00fchllagerung empfohlen.<\/p>\n<\/p><\/div>\n<div class=\"chcg-warnings\">\n<h3>Warnhinweise<\/h3>\n<p>Nur f\u00fcr Erwachsene. Konsultieren Sie vor der Einnahme dieses oder eines anderen Produkts Ihre \u00c4rztin oder Ihren Arzt, wenn Sie schwanger sind oder stillen, Medikamente einnehmen oder an einer Erkrankung leiden. Ausserhalb der Reichweite von Kindern aufbewahren. Nicht verwenden, wenn die Versiegelung besch\u00e4digt ist. An einem k\u00fchlen, trockenen Ort lagern.<\/p>\n<\/p><\/div>\n<div class=\"chcg-allergens\">\n<h3>Allergeninformationen<\/h3>\n<p>Auf dem Etikett sind keine Allergene ausgewiesen.<\/p>\n<\/p><\/div>\n<div class=\"chcg-storage\">\n<h3>Lagerung<\/h3>\n<p>An einem k\u00fchlen, trockenen Ort lagern. K\u00fchllagerung empfohlen.<\/p>\n<\/p><\/div>\n<div class=\"chcg-dietary\">\n<h3>Ern\u00e4hrungshinweise<\/h3>\n<ul>\n<li>Vegan<\/li>\n<li>Vegetarisch<\/li>\n<\/ul><\/div>\n<\/div>\n","protected":false},"excerpt":{"rendered":"<p>Swanson Lactobacillus Rhamnosus mit FOS unterst\u00fctzt eine ausgewogene Darmflora \u2013 mit 5 Milliarden CFU pro veganer Kapsel und NutraFlora scFOS als Pr\u00e4biotikum. 60 Kapseln pro Packung.<\/p>\n","protected":false},"featured_media":906,"comment_status":"closed","ping_status":"open","template":"","meta":[],"product_brand":[16],"product_cat":[48,25,104,102,21],"product_tag":[],"class_list":{"0":"post-905","1":"product","2":"type-product","3":"status-publish","4":"has-post-thumbnail","6":"product_brand-swanson","7":"product_cat-gesunde-ernaehrung","8":"product_cat-gesundheit-und-wohlbefinden","9":"product_cat-probiotika","10":"product_cat-verdauungsgesundheit","11":"product_cat-vitamine-und-mineralstoffe","13":"first","14":"outofstock","15":"taxable","16":"shipping-taxable","17":"purchasable","18":"product-type-simple"},"yoast_head":"<!-- This site is optimized with the Yoast SEO plugin v27.5 - https:\/\/yoast.com\/product\/yoast-seo-wordpress\/ -->\n<title>Lactobacillus Rhamnosus mit FOS 5B CFU \u2013 Swanson | ecosupplements.ch<\/title>\n<meta name=\"description\" content=\"Swanson Lactobacillus Rhamnosus mit FOS liefert 5 Milliarden CFU pro veganer Kapsel zur Unterst\u00fctzung der Darmflora \u2013 60 Kapseln. Jetzt bestellen.\" \/>\n<meta name=\"robots\" content=\"index, follow, max-snippet:-1, max-image-preview:large, max-video-preview:-1\" \/>\n<link rel=\"canonical\" href=\"https:\/\/ecosupplements.ch\/?product=lactobacillus-rhamnosus-with-fos-5-billion-cfu-60-vcaps\" \/>\n<meta property=\"og:locale\" content=\"de_DE\" \/>\n<meta property=\"og:type\" content=\"article\" \/>\n<meta property=\"og:title\" content=\"Lactobacillus Rhamnosus mit FOS 5B CFU \u2013 Swanson | ecosupplements.ch\" \/>\n<meta property=\"og:description\" content=\"Swanson Lactobacillus Rhamnosus mit FOS liefert 5 Milliarden CFU pro veganer Kapsel zur Unterst\u00fctzung der Darmflora \u2013 60 Kapseln. Jetzt bestellen.\" \/>\n<meta property=\"og:url\" content=\"https:\/\/ecosupplements.ch\/?product=lactobacillus-rhamnosus-with-fos-5-billion-cfu-60-vcaps\" \/>\n<meta property=\"og:site_name\" content=\"Eco Supplements\" \/>\n<meta property=\"article:modified_time\" content=\"2026-05-13T07:23:59+00:00\" \/>\n<meta property=\"og:image\" content=\"https:\/\/ecosupplements.ch\/wp-content\/uploads\/2026\/05\/Lactobacillus-Rhamnosus-with-FOS-5-Billion-CFU-60-vcaps.jpg\" \/>\n\t<meta property=\"og:image:width\" content=\"650\" \/>\n\t<meta property=\"og:image:height\" content=\"650\" \/>\n\t<meta property=\"og:image:type\" content=\"image\/jpeg\" \/>\n<meta name=\"twitter:card\" content=\"summary_large_image\" \/>\n<meta name=\"twitter:label1\" content=\"Price\" \/>\n\t<meta name=\"twitter:data1\" content=\"&#067;&#072;&#070;&nbsp;13.44\" \/>\n\t<meta name=\"twitter:label2\" content=\"Availability\" \/>\n\t<meta name=\"twitter:data2\" content=\"Out of stock\" \/>\n<script type=\"application\/ld+json\" class=\"yoast-schema-graph\">{\"@context\":\"https:\\\/\\\/schema.org\",\"@graph\":[{\"@type\":\"WebPage\",\"@id\":\"https:\\\/\\\/ecosupplements.ch\\\/?product=lactobacillus-rhamnosus-with-fos-5-billion-cfu-60-vcaps\",\"url\":\"https:\\\/\\\/ecosupplements.ch\\\/?product=lactobacillus-rhamnosus-with-fos-5-billion-cfu-60-vcaps\",\"name\":\"Lactobacillus Rhamnosus mit FOS 5B CFU \u2013 Swanson | ecosupplements.ch\",\"isPartOf\":{\"@id\":\"https:\\\/\\\/ecosupplements.ch\\\/#website\"},\"primaryImageOfPage\":{\"@id\":\"https:\\\/\\\/ecosupplements.ch\\\/?product=lactobacillus-rhamnosus-with-fos-5-billion-cfu-60-vcaps#primaryimage\"},\"image\":{\"@id\":\"https:\\\/\\\/ecosupplements.ch\\\/?product=lactobacillus-rhamnosus-with-fos-5-billion-cfu-60-vcaps#primaryimage\"},\"thumbnailUrl\":\"https:\\\/\\\/ecosupplements.ch\\\/wp-content\\\/uploads\\\/2026\\\/05\\\/Lactobacillus-Rhamnosus-with-FOS-5-Billion-CFU-60-vcaps.jpg\",\"datePublished\":\"2026-05-11T14:25:49+00:00\",\"dateModified\":\"2026-05-13T07:23:59+00:00\",\"description\":\"Swanson Lactobacillus Rhamnosus mit FOS liefert 5 Milliarden CFU pro veganer Kapsel zur Unterst\u00fctzung der Darmflora \u2013 60 Kapseln. Jetzt bestellen.\",\"breadcrumb\":{\"@id\":\"https:\\\/\\\/ecosupplements.ch\\\/?product=lactobacillus-rhamnosus-with-fos-5-billion-cfu-60-vcaps#breadcrumb\"},\"inLanguage\":\"de-CH\",\"potentialAction\":[{\"@type\":\"ReadAction\",\"target\":[\"https:\\\/\\\/ecosupplements.ch\\\/?product=lactobacillus-rhamnosus-with-fos-5-billion-cfu-60-vcaps\"]}]},{\"@type\":\"ImageObject\",\"inLanguage\":\"de-CH\",\"@id\":\"https:\\\/\\\/ecosupplements.ch\\\/?product=lactobacillus-rhamnosus-with-fos-5-billion-cfu-60-vcaps#primaryimage\",\"url\":\"https:\\\/\\\/ecosupplements.ch\\\/wp-content\\\/uploads\\\/2026\\\/05\\\/Lactobacillus-Rhamnosus-with-FOS-5-Billion-CFU-60-vcaps.jpg\",\"contentUrl\":\"https:\\\/\\\/ecosupplements.ch\\\/wp-content\\\/uploads\\\/2026\\\/05\\\/Lactobacillus-Rhamnosus-with-FOS-5-Billion-CFU-60-vcaps.jpg\",\"width\":650,\"height\":650,\"caption\":\"Lactobacillus Rhamnosus with FOS\"},{\"@type\":\"BreadcrumbList\",\"@id\":\"https:\\\/\\\/ecosupplements.ch\\\/?product=lactobacillus-rhamnosus-with-fos-5-billion-cfu-60-vcaps#breadcrumb\",\"itemListElement\":[{\"@type\":\"ListItem\",\"position\":1,\"name\":\"Home\",\"item\":\"https:\\\/\\\/ecosupplements.ch\\\/\"},{\"@type\":\"ListItem\",\"position\":2,\"name\":\"Shop\",\"item\":\"https:\\\/\\\/ecosupplements.ch\\\/?page_id=14\"},{\"@type\":\"ListItem\",\"position\":3,\"name\":\"Lactobacillus Rhamnosus with FOS, 5 Billion CFU &#8211; 60 vcaps\"}]},{\"@type\":\"WebSite\",\"@id\":\"https:\\\/\\\/ecosupplements.ch\\\/#website\",\"url\":\"https:\\\/\\\/ecosupplements.ch\\\/\",\"name\":\"Eco Supplements\",\"description\":\"\",\"potentialAction\":[{\"@type\":\"SearchAction\",\"target\":{\"@type\":\"EntryPoint\",\"urlTemplate\":\"https:\\\/\\\/ecosupplements.ch\\\/?s={search_term_string}\"},\"query-input\":{\"@type\":\"PropertyValueSpecification\",\"valueRequired\":true,\"valueName\":\"search_term_string\"}}],\"inLanguage\":\"de-CH\"}]}<\/script>\n<meta property=\"product:price:amount\" content=\"13.44\" \/>\n<meta property=\"product:price:currency\" content=\"CHF\" \/>\n<meta property=\"og:availability\" content=\"out of stock\" \/>\n<meta property=\"product:availability\" content=\"out of stock\" \/>\n<meta property=\"product:retailer_item_id\" content=\"087614190242\" \/>\n<meta property=\"product:condition\" content=\"new\" \/>\n<!-- \/ Yoast SEO plugin. -->","yoast_head_json":{"title":"Lactobacillus Rhamnosus mit FOS 5B CFU \u2013 Swanson | ecosupplements.ch","description":"Swanson Lactobacillus Rhamnosus mit FOS liefert 5 Milliarden CFU pro veganer Kapsel zur Unterst\u00fctzung der Darmflora \u2013 60 Kapseln. Jetzt bestellen.","robots":{"index":"index","follow":"follow","max-snippet":"max-snippet:-1","max-image-preview":"max-image-preview:large","max-video-preview":"max-video-preview:-1"},"canonical":"https:\/\/ecosupplements.ch\/?product=lactobacillus-rhamnosus-with-fos-5-billion-cfu-60-vcaps","og_locale":"de_DE","og_type":"article","og_title":"Lactobacillus Rhamnosus mit FOS 5B CFU \u2013 Swanson | ecosupplements.ch","og_description":"Swanson Lactobacillus Rhamnosus mit FOS liefert 5 Milliarden CFU pro veganer Kapsel zur Unterst\u00fctzung der Darmflora \u2013 60 Kapseln. Jetzt bestellen.","og_url":"https:\/\/ecosupplements.ch\/?product=lactobacillus-rhamnosus-with-fos-5-billion-cfu-60-vcaps","og_site_name":"Eco Supplements","article_modified_time":"2026-05-13T07:23:59+00:00","og_image":[{"width":650,"height":650,"url":"https:\/\/ecosupplements.ch\/wp-content\/uploads\/2026\/05\/Lactobacillus-Rhamnosus-with-FOS-5-Billion-CFU-60-vcaps.jpg","type":"image\/jpeg"}],"twitter_card":"summary_large_image","twitter_misc":{"Price":"&#67;&#72;&#70;&nbsp;13.44","Availability":"Out of stock"},"schema":{"@context":"https:\/\/schema.org","@graph":[{"@type":"WebPage","@id":"https:\/\/ecosupplements.ch\/?product=lactobacillus-rhamnosus-with-fos-5-billion-cfu-60-vcaps","url":"https:\/\/ecosupplements.ch\/?product=lactobacillus-rhamnosus-with-fos-5-billion-cfu-60-vcaps","name":"Lactobacillus Rhamnosus mit FOS 5B CFU \u2013 Swanson | ecosupplements.ch","isPartOf":{"@id":"https:\/\/ecosupplements.ch\/#website"},"primaryImageOfPage":{"@id":"https:\/\/ecosupplements.ch\/?product=lactobacillus-rhamnosus-with-fos-5-billion-cfu-60-vcaps#primaryimage"},"image":{"@id":"https:\/\/ecosupplements.ch\/?product=lactobacillus-rhamnosus-with-fos-5-billion-cfu-60-vcaps#primaryimage"},"thumbnailUrl":"https:\/\/ecosupplements.ch\/wp-content\/uploads\/2026\/05\/Lactobacillus-Rhamnosus-with-FOS-5-Billion-CFU-60-vcaps.jpg","datePublished":"2026-05-11T14:25:49+00:00","dateModified":"2026-05-13T07:23:59+00:00","description":"Swanson Lactobacillus Rhamnosus mit FOS liefert 5 Milliarden CFU pro veganer Kapsel zur Unterst\u00fctzung der Darmflora \u2013 60 Kapseln. Jetzt bestellen.","breadcrumb":{"@id":"https:\/\/ecosupplements.ch\/?product=lactobacillus-rhamnosus-with-fos-5-billion-cfu-60-vcaps#breadcrumb"},"inLanguage":"de-CH","potentialAction":[{"@type":"ReadAction","target":["https:\/\/ecosupplements.ch\/?product=lactobacillus-rhamnosus-with-fos-5-billion-cfu-60-vcaps"]}]},{"@type":"ImageObject","inLanguage":"de-CH","@id":"https:\/\/ecosupplements.ch\/?product=lactobacillus-rhamnosus-with-fos-5-billion-cfu-60-vcaps#primaryimage","url":"https:\/\/ecosupplements.ch\/wp-content\/uploads\/2026\/05\/Lactobacillus-Rhamnosus-with-FOS-5-Billion-CFU-60-vcaps.jpg","contentUrl":"https:\/\/ecosupplements.ch\/wp-content\/uploads\/2026\/05\/Lactobacillus-Rhamnosus-with-FOS-5-Billion-CFU-60-vcaps.jpg","width":650,"height":650,"caption":"Lactobacillus Rhamnosus with FOS"},{"@type":"BreadcrumbList","@id":"https:\/\/ecosupplements.ch\/?product=lactobacillus-rhamnosus-with-fos-5-billion-cfu-60-vcaps#breadcrumb","itemListElement":[{"@type":"ListItem","position":1,"name":"Home","item":"https:\/\/ecosupplements.ch\/"},{"@type":"ListItem","position":2,"name":"Shop","item":"https:\/\/ecosupplements.ch\/?page_id=14"},{"@type":"ListItem","position":3,"name":"Lactobacillus Rhamnosus with FOS, 5 Billion CFU &#8211; 60 vcaps"}]},{"@type":"WebSite","@id":"https:\/\/ecosupplements.ch\/#website","url":"https:\/\/ecosupplements.ch\/","name":"Eco Supplements","description":"","potentialAction":[{"@type":"SearchAction","target":{"@type":"EntryPoint","urlTemplate":"https:\/\/ecosupplements.ch\/?s={search_term_string}"},"query-input":{"@type":"PropertyValueSpecification","valueRequired":true,"valueName":"search_term_string"}}],"inLanguage":"de-CH"}]},"product_price_amount":"13.44","product_price_currency":"CHF","og_availability":"out of stock","product_availability":"out of stock","product_retailer_item_id":"087614190242","product_condition":"new"},"_links":{"self":[{"href":"https:\/\/ecosupplements.ch\/index.php?rest_route=\/wp\/v2\/product\/905","targetHints":{"allow":["GET"]}}],"collection":[{"href":"https:\/\/ecosupplements.ch\/index.php?rest_route=\/wp\/v2\/product"}],"about":[{"href":"https:\/\/ecosupplements.ch\/index.php?rest_route=\/wp\/v2\/types\/product"}],"replies":[{"embeddable":true,"href":"https:\/\/ecosupplements.ch\/index.php?rest_route=%2Fwp%2Fv2%2Fcomments&post=905"}],"wp:featuredmedia":[{"embeddable":true,"href":"https:\/\/ecosupplements.ch\/index.php?rest_route=\/wp\/v2\/media\/906"}],"wp:attachment":[{"href":"https:\/\/ecosupplements.ch\/index.php?rest_route=%2Fwp%2Fv2%2Fmedia&parent=905"}],"wp:term":[{"taxonomy":"product_brand","embeddable":true,"href":"https:\/\/ecosupplements.ch\/index.php?rest_route=%2Fwp%2Fv2%2Fproduct_brand&post=905"},{"taxonomy":"product_cat","embeddable":true,"href":"https:\/\/ecosupplements.ch\/index.php?rest_route=%2Fwp%2Fv2%2Fproduct_cat&post=905"},{"taxonomy":"product_tag","embeddable":true,"href":"https:\/\/ecosupplements.ch\/index.php?rest_route=%2Fwp%2Fv2%2Fproduct_tag&post=905"}],"curies":[{"name":"wp","href":"https:\/\/api.w.org\/{rel}","templated":true}]}}